{"id":5273,"date":"2023-01-09T10:08:20","date_gmt":"2023-01-09T15:08:20","guid":{"rendered":"https:\/\/smpengineeredsolutions.com\/?page_id=5273"},"modified":"2025-02-18T10:48:08","modified_gmt":"2025-02-18T15:48:08","slug":"vehiculos-ligeros","status":"publish","type":"page","link":"https:\/\/www.smpengineeredsolutions.com\/es\/mercados\/vehiculos-ligeros\/","title":{"rendered":"Veh\u00edculos ligeros"},"content":{"rendered":"<div class=\"feature-img-right\"><a class=\"lightbox\" href=\"\/wp-content\/uploads\/smpoe_automotive_shutterstock_1069485893.jpg\"><img decoding=\"async\" title=\"Veh\u00edculos ligeros\" src=\"\/wp-content\/uploads\/smpoe_automotive_shutterstock_1069485893.jpg\" alt=\"Veh\u00edculos ligeros\" width=\"400\" \/><\/a><\/div>\n<p>SMP Engineered Solutions cuenta con una larga trayectoria como socio valioso de los fabricantes mundiales de veh\u00edculos ligeros, sus organizaciones de servicios afines y la amplia base de suministros. Nuestros productos relacionados con el encendido se encuentran en numerosas plataformas de producci\u00f3n de gran volumen en Norteam\u00e9rica. Nuestros productos t\u00e9rmicos est\u00e1n ganando una cuota significativa en las plataformas de veh\u00edculos el\u00e9ctricos a bater\u00eda (BEV) de crecimiento exponencial en Asia. Combinado con nuestro legado de 100 a\u00f1os ofreciendo aplicaciones de servicio de modelos anteriores, SMP Engineered Solutions es el proveedor de referencia para los requisitos globales para el servicio de equipos originales (OES).<\/p>\n","protected":false},"excerpt":{"rendered":"<p>SMP Engineered Solutions cuenta con una larga trayectoria como socio valioso de los fabricantes mundiales de veh\u00edculos ligeros, sus organizaciones de servicios afines y la amplia base de suministros. Nuestros productos relacionados con el encendido se encuentran en numerosas plataformas de producci\u00f3n de gran volumen en Norteam\u00e9rica. Nuestros productos t\u00e9rmicos est\u00e1n ganando una cuota significativa&#8230; [&#8230;]<\/p>\n<p><a class=\"btn btn-secondary understrap-read-more-link\" href=\"https:\/\/www.smpengineeredsolutions.com\/es\/mercados\/vehiculos-ligeros\/\">Leer m\u00e1s&#8230;<\/a><\/p>\n","protected":false},"author":27,"featured_media":0,"parent":5265,"menu_order":0,"comment_status":"closed","ping_status":"closed","template":"page-templates\/destination-content.php","meta":{"_acf_changed":false,"inline_featured_image":false,"footnotes":""},"class_list":["post-5273","page","type-page","status-publish","hentry"],"featured_image_src":null,"acf":[],"yoast_head":"<!-- This site is optimized with the Yoast SEO Premium plugin v27.2 (Yoast SEO v27.2) - https:\/\/yoast.com\/product\/yoast-seo-premium-wordpress\/ -->\n<title>Mercado de veh\u00edculos ligeros | Standard Motor Products, Inc.<\/title>\n<meta name=\"description\" content=\"Conozca el mercado de automoci\u00f3n al que servimos con soluciones personalizables para productos de control y gesti\u00f3n t\u00e9rmica de veh\u00edculos. M\u00e1s informaci\u00f3n\" \/>\n<meta name=\"robots\" content=\"index, follow, max-snippet:-1, max-image-preview:large, max-video-preview:-1\" \/>\n<link rel=\"canonical\" href=\"https:\/\/www.smpengineeredsolutions.com\/es\/mercados\/vehiculos-ligeros\/\" \/>\n<meta property=\"og:locale\" content=\"es_ES\" \/>\n<meta property=\"og:type\" content=\"article\" \/>\n<meta property=\"og:title\" content=\"Veh\u00edculos ligeros\" \/>\n<meta property=\"og:description\" content=\"Conozca el mercado de automoci\u00f3n al que servimos con soluciones personalizables para productos de control y gesti\u00f3n t\u00e9rmica de veh\u00edculos. M\u00e1s informaci\u00f3n\" \/>\n<meta property=\"og:url\" content=\"https:\/\/www.smpengineeredsolutions.com\/es\/mercados\/vehiculos-ligeros\/\" \/>\n<meta property=\"og:site_name\" content=\"Standard Motor Products, Inc.\" \/>\n<meta property=\"article:modified_time\" content=\"2025-02-18T15:48:08+00:00\" \/>\n<meta name=\"twitter:label1\" content=\"Tiempo de lectura\" \/>\n\t<meta name=\"twitter:data1\" content=\"1 minuto\" \/>\n<script type=\"application\/ld+json\" class=\"yoast-schema-graph\">{\"@context\":\"https:\/\/schema.org\",\"@graph\":[{\"@type\":\"WebPage\",\"@id\":\"https:\/\/www.smpengineeredsolutions.com\/es\/mercados\/vehiculos-ligeros\/\",\"url\":\"https:\/\/www.smpengineeredsolutions.com\/es\/mercados\/vehiculos-ligeros\/\",\"name\":\"Mercado de veh\u00edculos ligeros | Standard Motor Products, Inc.\",\"isPartOf\":{\"@id\":\"https:\/\/www.smpengineeredsolutions.com\/es\/#website\"},\"datePublished\":\"2023-01-09T15:08:20+00:00\",\"dateModified\":\"2025-02-18T15:48:08+00:00\",\"description\":\"Conozca el mercado de automoci\u00f3n al que servimos con soluciones personalizables para productos de control y gesti\u00f3n t\u00e9rmica de veh\u00edculos. M\u00e1s informaci\u00f3n\",\"breadcrumb\":{\"@id\":\"https:\/\/www.smpengineeredsolutions.com\/es\/mercados\/vehiculos-ligeros\/#breadcrumb\"},\"inLanguage\":\"es\",\"potentialAction\":[{\"@type\":\"ReadAction\",\"target\":[\"https:\/\/www.smpengineeredsolutions.com\/es\/mercados\/vehiculos-ligeros\/\"]}]},{\"@type\":\"BreadcrumbList\",\"@id\":\"https:\/\/www.smpengineeredsolutions.com\/es\/mercados\/vehiculos-ligeros\/#breadcrumb\",\"itemListElement\":[{\"@type\":\"ListItem\",\"position\":1,\"name\":\"Home\",\"item\":\"https:\/\/www.smpengineeredsolutions.com\/es\/\"},{\"@type\":\"ListItem\",\"position\":2,\"name\":\"Mercados\",\"item\":\"https:\/\/www.sitemaps.smpengineeredsolutions.com\/es\/mercados\/\"},{\"@type\":\"ListItem\",\"position\":3,\"name\":\"Veh\u00edculos ligeros\"}]},{\"@type\":\"WebSite\",\"@id\":\"https:\/\/www.smpengineeredsolutions.com\/es\/#website\",\"url\":\"https:\/\/www.smpengineeredsolutions.com\/es\/\",\"name\":\"Standard Motor Products, Inc.\",\"description\":\"\",\"publisher\":{\"@id\":\"https:\/\/www.smpengineeredsolutions.com\/es\/#organization\"},\"potentialAction\":[{\"@type\":\"SearchAction\",\"target\":{\"@type\":\"EntryPoint\",\"urlTemplate\":\"https:\/\/www.smpengineeredsolutions.com\/es\/?s={search_term_string}\"},\"query-input\":{\"@type\":\"PropertyValueSpecification\",\"valueRequired\":true,\"valueName\":\"search_term_string\"}}],\"inLanguage\":\"es\"},{\"@type\":\"Organization\",\"@id\":\"https:\/\/www.smpengineeredsolutions.com\/es\/#organization\",\"name\":\"SMP\u00ae Engineered Solutions\",\"url\":\"https:\/\/www.smpengineeredsolutions.com\/es\/\",\"logo\":{\"@type\":\"ImageObject\",\"inLanguage\":\"es\",\"@id\":\"https:\/\/www.smpengineeredsolutions.com\/es\/#\/schema\/logo\/image\/\",\"url\":\"https:\/\/www.a.smpengineeredsolutions.com\/wp-content\/uploads\/smp-logo.png\",\"contentUrl\":\"https:\/\/www.a.smpengineeredsolutions.com\/wp-content\/uploads\/smp-logo.png\",\"width\":264,\"height\":117,\"caption\":\"SMP\u00ae Engineered Solutions\"},\"image\":{\"@id\":\"https:\/\/www.smpengineeredsolutions.com\/es\/#\/schema\/logo\/image\/\"},\"sameAs\":[\"https:\/\/www.youtube.com\/@StandardMotorProductsInc\",\"https:\/\/www.linkedin.com\/company\/standard-motor-products\"]}]}<\/script>\n<!-- \/ Yoast SEO Premium plugin. -->","yoast_head_json":{"title":"Mercado de veh\u00edculos ligeros | Standard Motor Products, Inc.","description":"Conozca el mercado de automoci\u00f3n al que servimos con soluciones personalizables para productos de control y gesti\u00f3n t\u00e9rmica de veh\u00edculos. M\u00e1s informaci\u00f3n","robots":{"index":"index","follow":"follow","max-snippet":"max-snippet:-1","max-image-preview":"max-image-preview:large","max-video-preview":"max-video-preview:-1"},"canonical":"https:\/\/www.smpengineeredsolutions.com\/es\/mercados\/vehiculos-ligeros\/","og_locale":"es_ES","og_type":"article","og_title":"Veh\u00edculos ligeros","og_description":"Conozca el mercado de automoci\u00f3n al que servimos con soluciones personalizables para productos de control y gesti\u00f3n t\u00e9rmica de veh\u00edculos. M\u00e1s informaci\u00f3n","og_url":"https:\/\/www.smpengineeredsolutions.com\/es\/mercados\/vehiculos-ligeros\/","og_site_name":"Standard Motor Products, Inc.","article_modified_time":"2025-02-18T15:48:08+00:00","twitter_misc":{"Tiempo de lectura":"1 minuto"},"schema":{"@context":"https:\/\/schema.org","@graph":[{"@type":"WebPage","@id":"https:\/\/www.smpengineeredsolutions.com\/es\/mercados\/vehiculos-ligeros\/","url":"https:\/\/www.smpengineeredsolutions.com\/es\/mercados\/vehiculos-ligeros\/","name":"Mercado de veh\u00edculos ligeros | Standard Motor Products, Inc.","isPartOf":{"@id":"https:\/\/www.smpengineeredsolutions.com\/es\/#website"},"datePublished":"2023-01-09T15:08:20+00:00","dateModified":"2025-02-18T15:48:08+00:00","description":"Conozca el mercado de automoci\u00f3n al que servimos con soluciones personalizables para productos de control y gesti\u00f3n t\u00e9rmica de veh\u00edculos. M\u00e1s informaci\u00f3n","breadcrumb":{"@id":"https:\/\/www.smpengineeredsolutions.com\/es\/mercados\/vehiculos-ligeros\/#breadcrumb"},"inLanguage":"es","potentialAction":[{"@type":"ReadAction","target":["https:\/\/www.smpengineeredsolutions.com\/es\/mercados\/vehiculos-ligeros\/"]}]},{"@type":"BreadcrumbList","@id":"https:\/\/www.smpengineeredsolutions.com\/es\/mercados\/vehiculos-ligeros\/#breadcrumb","itemListElement":[{"@type":"ListItem","position":1,"name":"Home","item":"https:\/\/www.smpengineeredsolutions.com\/es\/"},{"@type":"ListItem","position":2,"name":"Mercados","item":"https:\/\/www.sitemaps.smpengineeredsolutions.com\/es\/mercados\/"},{"@type":"ListItem","position":3,"name":"Veh\u00edculos ligeros"}]},{"@type":"WebSite","@id":"https:\/\/www.smpengineeredsolutions.com\/es\/#website","url":"https:\/\/www.smpengineeredsolutions.com\/es\/","name":"Standard Motor Products, Inc.","description":"","publisher":{"@id":"https:\/\/www.smpengineeredsolutions.com\/es\/#organization"},"potentialAction":[{"@type":"SearchAction","target":{"@type":"EntryPoint","urlTemplate":"https:\/\/www.smpengineeredsolutions.com\/es\/?s={search_term_string}"},"query-input":{"@type":"PropertyValueSpecification","valueRequired":true,"valueName":"search_term_string"}}],"inLanguage":"es"},{"@type":"Organization","@id":"https:\/\/www.smpengineeredsolutions.com\/es\/#organization","name":"SMP\u00ae Engineered Solutions","url":"https:\/\/www.smpengineeredsolutions.com\/es\/","logo":{"@type":"ImageObject","inLanguage":"es","@id":"https:\/\/www.smpengineeredsolutions.com\/es\/#\/schema\/logo\/image\/","url":"https:\/\/www.a.smpengineeredsolutions.com\/wp-content\/uploads\/smp-logo.png","contentUrl":"https:\/\/www.a.smpengineeredsolutions.com\/wp-content\/uploads\/smp-logo.png","width":264,"height":117,"caption":"SMP\u00ae Engineered Solutions"},"image":{"@id":"https:\/\/www.smpengineeredsolutions.com\/es\/#\/schema\/logo\/image\/"},"sameAs":["https:\/\/www.youtube.com\/@StandardMotorProductsInc","https:\/\/www.linkedin.com\/company\/standard-motor-products"]}]}},"_links":{"self":[{"href":"https:\/\/www.smpengineeredsolutions.com\/es\/wp-json\/wp\/v2\/pages\/5273","targetHints":{"allow":["GET"]}}],"collection":[{"href":"https:\/\/www.smpengineeredsolutions.com\/es\/wp-json\/wp\/v2\/pages"}],"about":[{"href":"https:\/\/www.smpengineeredsolutions.com\/es\/wp-json\/wp\/v2\/types\/page"}],"author":[{"embeddable":true,"href":"https:\/\/www.smpengineeredsolutions.com\/es\/wp-json\/wp\/v2\/users\/27"}],"replies":[{"embeddable":true,"href":"https:\/\/www.smpengineeredsolutions.com\/es\/wp-json\/wp\/v2\/comments?post=5273"}],"version-history":[{"count":1,"href":"https:\/\/www.smpengineeredsolutions.com\/es\/wp-json\/wp\/v2\/pages\/5273\/revisions"}],"predecessor-version":[{"id":7715,"href":"https:\/\/www.smpengineeredsolutions.com\/es\/wp-json\/wp\/v2\/pages\/5273\/revisions\/7715"}],"up":[{"embeddable":true,"href":"https:\/\/www.smpengineeredsolutions.com\/es\/wp-json\/wp\/v2\/pages\/5265"}],"wp:attachment":[{"href":"https:\/\/www.smpengineeredsolutions.com\/es\/wp-json\/wp\/v2\/media?parent=5273"}],"curies":[{"name":"wp","href":"https:\/\/api.w.org\/{rel}","templated":true}]}}