{"id":5272,"date":"2023-01-09T10:16:24","date_gmt":"2023-01-09T15:16:24","guid":{"rendered":"https:\/\/smpengineeredsolutions.com\/?page_id=5272"},"modified":"2024-08-26T09:54:30","modified_gmt":"2024-08-26T13:54:30","slug":"hidraulica-e-industrial","status":"publish","type":"page","link":"https:\/\/www.smpengineeredsolutions.com\/es\/mercados\/hidraulica-e-industrial\/","title":{"rendered":"Hidr\u00e1ulica e Industrial"},"content":{"rendered":"<p>Durante m\u00e1s de 30 a\u00f1os, la marca Trombetta de SMP Engineered Solutions ha proporcionado a los fabricantes de equipos originales de grupos hidr\u00e1ulicos los contactores de CC con mejor desempe\u00f1o del mercado. Nuestra serie PowerSeal es el m\u00fasculo que impulsa los grupos hidr\u00e1ulicos en elevadores de port\u00f3n trasero, tractores, gatos el\u00e9ctricos para tarimas, quitanieves y otras aplicaciones hidr\u00e1ulicas. Algunas aplicaciones hidr\u00e1ulicas tambi\u00e9n utilizan el hist\u00f3rico contactor de la serie de metal de Trombetta o el contactor de alta potencia de la serie Bear.<\/p>\n","protected":false},"excerpt":{"rendered":"<p>Durante m\u00e1s de 30 a\u00f1os, la marca Trombetta de SMP Engineered Solutions ha proporcionado a los fabricantes de equipos originales de grupos hidr\u00e1ulicos los contactores de CC con mejor desempe\u00f1o del mercado. Nuestra serie PowerSeal es el m\u00fasculo que impulsa los grupos hidr\u00e1ulicos en elevadores de port\u00f3n trasero, tractores, gatos el\u00e9ctricos para tarimas, quitanieves y&#8230; [&#8230;]<\/p>\n<p><a class=\"btn btn-secondary understrap-read-more-link\" href=\"https:\/\/www.smpengineeredsolutions.com\/es\/mercados\/hidraulica-e-industrial\/\">Leer m\u00e1s&#8230;<\/a><\/p>\n","protected":false},"author":27,"featured_media":0,"parent":5265,"menu_order":0,"comment_status":"closed","ping_status":"closed","template":"page-templates\/destination-content.php","meta":{"_acf_changed":false,"inline_featured_image":false,"footnotes":""},"class_list":["post-5272","page","type-page","status-publish","hentry"],"featured_image_src":null,"acf":[],"yoast_head":"<!-- This site is optimized with the Yoast SEO Premium plugin v27.4 (Yoast SEO v27.4) - https:\/\/yoast.com\/product\/yoast-seo-premium-wordpress\/ -->\n<title>Hidr\u00e1ulica e Industrial - Standard Motor Products, Inc.<\/title>\n<meta name=\"description\" content=\"Conozca el mercado hidr\u00e1ulico e industrial al que servimos con soluciones personalizables para productos de control de veh\u00edculos y gesti\u00f3n t\u00e9rmica.\" \/>\n<meta name=\"robots\" content=\"index, follow, max-snippet:-1, max-image-preview:large, max-video-preview:-1\" \/>\n<link rel=\"canonical\" href=\"https:\/\/www.smpengineeredsolutions.com\/es\/mercados\/hidraulica-e-industrial\/\" \/>\n<meta property=\"og:locale\" content=\"es_ES\" \/>\n<meta property=\"og:type\" content=\"article\" \/>\n<meta property=\"og:title\" content=\"Hidr\u00e1ulica e Industrial\" \/>\n<meta property=\"og:description\" content=\"Conozca el mercado hidr\u00e1ulico e industrial al que servimos con soluciones personalizables para productos de control de veh\u00edculos y gesti\u00f3n t\u00e9rmica.\" \/>\n<meta property=\"og:url\" content=\"https:\/\/www.smpengineeredsolutions.com\/es\/mercados\/hidraulica-e-industrial\/\" \/>\n<meta property=\"og:site_name\" content=\"Standard Motor Products, Inc.\" \/>\n<meta property=\"article:modified_time\" content=\"2024-08-26T13:54:30+00:00\" \/>\n<meta name=\"twitter:label1\" content=\"Tiempo de lectura\" \/>\n\t<meta name=\"twitter:data1\" content=\"1 minuto\" \/>\n<script type=\"application\/ld+json\" class=\"yoast-schema-graph\">{\"@context\":\"https:\\\/\\\/schema.org\",\"@graph\":[{\"@type\":\"WebPage\",\"@id\":\"https:\\\/\\\/www.smpengineeredsolutions.com\\\/es\\\/mercados\\\/hidraulica-e-industrial\\\/\",\"url\":\"https:\\\/\\\/www.smpengineeredsolutions.com\\\/es\\\/mercados\\\/hidraulica-e-industrial\\\/\",\"name\":\"Hidr\u00e1ulica e Industrial - Standard Motor Products, Inc.\",\"isPartOf\":{\"@id\":\"https:\\\/\\\/www._tcp.smpengineeredsolutions.com\\\/#website\"},\"datePublished\":\"2023-01-09T15:16:24+00:00\",\"dateModified\":\"2024-08-26T13:54:30+00:00\",\"description\":\"Conozca el mercado hidr\u00e1ulico e industrial al que servimos con soluciones personalizables para productos de control de veh\u00edculos y gesti\u00f3n t\u00e9rmica.\",\"breadcrumb\":{\"@id\":\"https:\\\/\\\/www.smpengineeredsolutions.com\\\/es\\\/mercados\\\/hidraulica-e-industrial\\\/#breadcrumb\"},\"inLanguage\":\"es\",\"potentialAction\":[{\"@type\":\"ReadAction\",\"target\":[\"https:\\\/\\\/www.smpengineeredsolutions.com\\\/es\\\/mercados\\\/hidraulica-e-industrial\\\/\"]}]},{\"@type\":\"BreadcrumbList\",\"@id\":\"https:\\\/\\\/www.smpengineeredsolutions.com\\\/es\\\/mercados\\\/hidraulica-e-industrial\\\/#breadcrumb\",\"itemListElement\":[{\"@type\":\"ListItem\",\"position\":1,\"name\":\"Home\",\"item\":\"https:\\\/\\\/www.smpengineeredsolutions.com\\\/es\\\/\"},{\"@type\":\"ListItem\",\"position\":2,\"name\":\"Mercados\",\"item\":\"https:\\\/\\\/www.smpengineeredsolutions.com\\\/es\\\/mercados\\\/\"},{\"@type\":\"ListItem\",\"position\":3,\"name\":\"Hidr\u00e1ulica e Industrial\"}]},{\"@type\":\"WebSite\",\"@id\":\"https:\\\/\\\/www._tcp.smpengineeredsolutions.com\\\/#website\",\"url\":\"https:\\\/\\\/www._tcp.smpengineeredsolutions.com\\\/\",\"name\":\"Standard Motor Products, Inc.\",\"description\":\"\",\"publisher\":{\"@id\":\"https:\\\/\\\/www._tcp.smpengineeredsolutions.com\\\/#organization\"},\"potentialAction\":[{\"@type\":\"SearchAction\",\"target\":{\"@type\":\"EntryPoint\",\"urlTemplate\":\"https:\\\/\\\/www._tcp.smpengineeredsolutions.com\\\/?s={search_term_string}\"},\"query-input\":{\"@type\":\"PropertyValueSpecification\",\"valueRequired\":true,\"valueName\":\"search_term_string\"}}],\"inLanguage\":\"es\"},{\"@type\":\"Organization\",\"@id\":\"https:\\\/\\\/www._tcp.smpengineeredsolutions.com\\\/#organization\",\"name\":\"SMP\u00ae Engineered Solutions\",\"url\":\"https:\\\/\\\/www._tcp.smpengineeredsolutions.com\\\/\",\"logo\":{\"@type\":\"ImageObject\",\"inLanguage\":\"es\",\"@id\":\"https:\\\/\\\/www._tcp.smpengineeredsolutions.com\\\/#\\\/schema\\\/logo\\\/image\\\/\",\"url\":\"https:\\\/\\\/www.a.smpengineeredsolutions.com\\\/wp-content\\\/uploads\\\/smp-logo.png\",\"contentUrl\":\"https:\\\/\\\/www.a.smpengineeredsolutions.com\\\/wp-content\\\/uploads\\\/smp-logo.png\",\"width\":264,\"height\":117,\"caption\":\"SMP\u00ae Engineered Solutions\"},\"image\":{\"@id\":\"https:\\\/\\\/www._tcp.smpengineeredsolutions.com\\\/#\\\/schema\\\/logo\\\/image\\\/\"},\"sameAs\":[\"https:\\\/\\\/www.youtube.com\\\/@StandardMotorProductsInc\",\"https:\\\/\\\/www.linkedin.com\\\/company\\\/standard-motor-products\"]}]}<\/script>\n<!-- \/ Yoast SEO Premium plugin. -->","yoast_head_json":{"title":"Hidr\u00e1ulica e Industrial - Standard Motor Products, Inc.","description":"Conozca el mercado hidr\u00e1ulico e industrial al que servimos con soluciones personalizables para productos de control de veh\u00edculos y gesti\u00f3n t\u00e9rmica.","robots":{"index":"index","follow":"follow","max-snippet":"max-snippet:-1","max-image-preview":"max-image-preview:large","max-video-preview":"max-video-preview:-1"},"canonical":"https:\/\/www.smpengineeredsolutions.com\/es\/mercados\/hidraulica-e-industrial\/","og_locale":"es_ES","og_type":"article","og_title":"Hidr\u00e1ulica e Industrial","og_description":"Conozca el mercado hidr\u00e1ulico e industrial al que servimos con soluciones personalizables para productos de control de veh\u00edculos y gesti\u00f3n t\u00e9rmica.","og_url":"https:\/\/www.smpengineeredsolutions.com\/es\/mercados\/hidraulica-e-industrial\/","og_site_name":"Standard Motor Products, Inc.","article_modified_time":"2024-08-26T13:54:30+00:00","twitter_misc":{"Tiempo de lectura":"1 minuto"},"schema":{"@context":"https:\/\/schema.org","@graph":[{"@type":"WebPage","@id":"https:\/\/www.smpengineeredsolutions.com\/es\/mercados\/hidraulica-e-industrial\/","url":"https:\/\/www.smpengineeredsolutions.com\/es\/mercados\/hidraulica-e-industrial\/","name":"Hidr\u00e1ulica e Industrial - Standard Motor Products, Inc.","isPartOf":{"@id":"https:\/\/www._tcp.smpengineeredsolutions.com\/#website"},"datePublished":"2023-01-09T15:16:24+00:00","dateModified":"2024-08-26T13:54:30+00:00","description":"Conozca el mercado hidr\u00e1ulico e industrial al que servimos con soluciones personalizables para productos de control de veh\u00edculos y gesti\u00f3n t\u00e9rmica.","breadcrumb":{"@id":"https:\/\/www.smpengineeredsolutions.com\/es\/mercados\/hidraulica-e-industrial\/#breadcrumb"},"inLanguage":"es","potentialAction":[{"@type":"ReadAction","target":["https:\/\/www.smpengineeredsolutions.com\/es\/mercados\/hidraulica-e-industrial\/"]}]},{"@type":"BreadcrumbList","@id":"https:\/\/www.smpengineeredsolutions.com\/es\/mercados\/hidraulica-e-industrial\/#breadcrumb","itemListElement":[{"@type":"ListItem","position":1,"name":"Home","item":"https:\/\/www.smpengineeredsolutions.com\/es\/"},{"@type":"ListItem","position":2,"name":"Mercados","item":"https:\/\/www.smpengineeredsolutions.com\/es\/mercados\/"},{"@type":"ListItem","position":3,"name":"Hidr\u00e1ulica e Industrial"}]},{"@type":"WebSite","@id":"https:\/\/www._tcp.smpengineeredsolutions.com\/#website","url":"https:\/\/www._tcp.smpengineeredsolutions.com\/","name":"Standard Motor Products, Inc.","description":"","publisher":{"@id":"https:\/\/www._tcp.smpengineeredsolutions.com\/#organization"},"potentialAction":[{"@type":"SearchAction","target":{"@type":"EntryPoint","urlTemplate":"https:\/\/www._tcp.smpengineeredsolutions.com\/?s={search_term_string}"},"query-input":{"@type":"PropertyValueSpecification","valueRequired":true,"valueName":"search_term_string"}}],"inLanguage":"es"},{"@type":"Organization","@id":"https:\/\/www._tcp.smpengineeredsolutions.com\/#organization","name":"SMP\u00ae Engineered Solutions","url":"https:\/\/www._tcp.smpengineeredsolutions.com\/","logo":{"@type":"ImageObject","inLanguage":"es","@id":"https:\/\/www._tcp.smpengineeredsolutions.com\/#\/schema\/logo\/image\/","url":"https:\/\/www.a.smpengineeredsolutions.com\/wp-content\/uploads\/smp-logo.png","contentUrl":"https:\/\/www.a.smpengineeredsolutions.com\/wp-content\/uploads\/smp-logo.png","width":264,"height":117,"caption":"SMP\u00ae Engineered Solutions"},"image":{"@id":"https:\/\/www._tcp.smpengineeredsolutions.com\/#\/schema\/logo\/image\/"},"sameAs":["https:\/\/www.youtube.com\/@StandardMotorProductsInc","https:\/\/www.linkedin.com\/company\/standard-motor-products"]}]}},"_links":{"self":[{"href":"https:\/\/www.smpengineeredsolutions.com\/es\/wp-json\/wp\/v2\/pages\/5272","targetHints":{"allow":["GET"]}}],"collection":[{"href":"https:\/\/www.smpengineeredsolutions.com\/es\/wp-json\/wp\/v2\/pages"}],"about":[{"href":"https:\/\/www.smpengineeredsolutions.com\/es\/wp-json\/wp\/v2\/types\/page"}],"author":[{"embeddable":true,"href":"https:\/\/www.smpengineeredsolutions.com\/es\/wp-json\/wp\/v2\/users\/27"}],"replies":[{"embeddable":true,"href":"https:\/\/www.smpengineeredsolutions.com\/es\/wp-json\/wp\/v2\/comments?post=5272"}],"version-history":[{"count":1,"href":"https:\/\/www.smpengineeredsolutions.com\/es\/wp-json\/wp\/v2\/pages\/5272\/revisions"}],"predecessor-version":[{"id":7161,"href":"https:\/\/www.smpengineeredsolutions.com\/es\/wp-json\/wp\/v2\/pages\/5272\/revisions\/7161"}],"up":[{"embeddable":true,"href":"https:\/\/www.smpengineeredsolutions.com\/es\/wp-json\/wp\/v2\/pages\/5265"}],"wp:attachment":[{"href":"https:\/\/www.smpengineeredsolutions.com\/es\/wp-json\/wp\/v2\/media?parent=5272"}],"curies":[{"name":"wp","href":"https:\/\/api.w.org\/{rel}","templated":true}]}}