{"id":5271,"date":"2023-01-09T10:04:41","date_gmt":"2023-01-09T15:04:41","guid":{"rendered":"https:\/\/smpengineeredsolutions.com\/?page_id=5271"},"modified":"2024-07-08T12:24:23","modified_gmt":"2024-07-08T16:24:23","slug":"vehiculos-comerciales","status":"publish","type":"page","link":"https:\/\/www.smpengineeredsolutions.com\/es\/mercados\/vehiculos-comerciales\/","title":{"rendered":"Veh\u00edculos comerciales"},"content":{"rendered":"<p>Los productos de SMP Engineered Solutions brindan soporte a una amplia gama de clientes de todo el mundo con una gama cada vez m\u00e1s amplia de aplicaciones diversas para los mercados de camiones de carretera, autobuses y veh\u00edculos especiales.<\/p>\n","protected":false},"excerpt":{"rendered":"<p>Los productos de SMP Engineered Solutions brindan soporte a una amplia gama de clientes de todo el mundo con una gama cada vez m\u00e1s amplia de aplicaciones diversas para los mercados de camiones de carretera, autobuses y veh\u00edculos especiales. [&#8230;]<\/p>\n<p><a class=\"btn btn-secondary understrap-read-more-link\" href=\"https:\/\/www.smpengineeredsolutions.com\/es\/mercados\/vehiculos-comerciales\/\">Leer m\u00e1s&#8230;<\/a><\/p>\n","protected":false},"author":27,"featured_media":0,"parent":5265,"menu_order":0,"comment_status":"closed","ping_status":"closed","template":"page-templates\/destination-content.php","meta":{"_acf_changed":false,"inline_featured_image":false,"footnotes":""},"class_list":["post-5271","page","type-page","status-publish","hentry"],"featured_image_src":null,"acf":[],"yoast_head":"<!-- This site is optimized with the Yoast SEO Premium plugin v27.4 (Yoast SEO v27.4) - https:\/\/yoast.com\/product\/yoast-seo-premium-wordpress\/ -->\n<title>Veh\u00edculos comerciales - Standard Motor Products, Inc.<\/title>\n<meta name=\"description\" content=\"Conozca el mercado de veh\u00edculos comerciales al que servimos con soluciones personalizables para productos de control y gesti\u00f3n t\u00e9rmica de veh\u00edculos.\" \/>\n<meta name=\"robots\" content=\"index, follow, max-snippet:-1, max-image-preview:large, max-video-preview:-1\" \/>\n<link rel=\"canonical\" href=\"https:\/\/www.smpengineeredsolutions.com\/es\/mercados\/vehiculos-comerciales\/\" \/>\n<meta property=\"og:locale\" content=\"es_ES\" \/>\n<meta property=\"og:type\" content=\"article\" \/>\n<meta property=\"og:title\" content=\"Veh\u00edculos comerciales\" \/>\n<meta property=\"og:description\" content=\"Conozca el mercado de veh\u00edculos comerciales al que servimos con soluciones personalizables para productos de control y gesti\u00f3n t\u00e9rmica de veh\u00edculos.\" \/>\n<meta property=\"og:url\" content=\"https:\/\/www.smpengineeredsolutions.com\/es\/mercados\/vehiculos-comerciales\/\" \/>\n<meta property=\"og:site_name\" content=\"Standard Motor Products, Inc.\" \/>\n<meta property=\"article:modified_time\" content=\"2024-07-08T16:24:23+00:00\" \/>\n<meta name=\"twitter:label1\" content=\"Tiempo de lectura\" \/>\n\t<meta name=\"twitter:data1\" content=\"1 minuto\" \/>\n<script type=\"application\/ld+json\" class=\"yoast-schema-graph\">{\"@context\":\"https:\\\/\\\/schema.org\",\"@graph\":[{\"@type\":\"WebPage\",\"@id\":\"https:\\\/\\\/www.smpengineeredsolutions.com\\\/es\\\/mercados\\\/vehiculos-comerciales\\\/\",\"url\":\"https:\\\/\\\/www.smpengineeredsolutions.com\\\/es\\\/mercados\\\/vehiculos-comerciales\\\/\",\"name\":\"Veh\u00edculos comerciales - Standard Motor Products, Inc.\",\"isPartOf\":{\"@id\":\"https:\\\/\\\/www.smpengineeredsolutions.com\\\/es\\\/#website\"},\"datePublished\":\"2023-01-09T15:04:41+00:00\",\"dateModified\":\"2024-07-08T16:24:23+00:00\",\"description\":\"Conozca el mercado de veh\u00edculos comerciales al que servimos con soluciones personalizables para productos de control y gesti\u00f3n t\u00e9rmica de veh\u00edculos.\",\"breadcrumb\":{\"@id\":\"https:\\\/\\\/www.smpengineeredsolutions.com\\\/es\\\/mercados\\\/vehiculos-comerciales\\\/#breadcrumb\"},\"inLanguage\":\"es\",\"potentialAction\":[{\"@type\":\"ReadAction\",\"target\":[\"https:\\\/\\\/www.smpengineeredsolutions.com\\\/es\\\/mercados\\\/vehiculos-comerciales\\\/\"]}]},{\"@type\":\"BreadcrumbList\",\"@id\":\"https:\\\/\\\/www.smpengineeredsolutions.com\\\/es\\\/mercados\\\/vehiculos-comerciales\\\/#breadcrumb\",\"itemListElement\":[{\"@type\":\"ListItem\",\"position\":1,\"name\":\"Home\",\"item\":\"https:\\\/\\\/www.a.smpengineeredsolutions.com\\\/es\\\/\"},{\"@type\":\"ListItem\",\"position\":2,\"name\":\"Mercados\",\"item\":\"https:\\\/\\\/www.gmail.smpengineeredsolutions.com\\\/es\\\/mercados\\\/\"},{\"@type\":\"ListItem\",\"position\":3,\"name\":\"Veh\u00edculos comerciales\"}]},{\"@type\":\"WebSite\",\"@id\":\"https:\\\/\\\/www.smpengineeredsolutions.com\\\/es\\\/#website\",\"url\":\"https:\\\/\\\/www.smpengineeredsolutions.com\\\/es\\\/\",\"name\":\"Standard Motor Products, Inc.\",\"description\":\"\",\"publisher\":{\"@id\":\"https:\\\/\\\/www.smpengineeredsolutions.com\\\/es\\\/#organization\"},\"potentialAction\":[{\"@type\":\"SearchAction\",\"target\":{\"@type\":\"EntryPoint\",\"urlTemplate\":\"https:\\\/\\\/www.smpengineeredsolutions.com\\\/es\\\/?s={search_term_string}\"},\"query-input\":{\"@type\":\"PropertyValueSpecification\",\"valueRequired\":true,\"valueName\":\"search_term_string\"}}],\"inLanguage\":\"es\"},{\"@type\":\"Organization\",\"@id\":\"https:\\\/\\\/www.smpengineeredsolutions.com\\\/es\\\/#organization\",\"name\":\"SMP\u00ae Engineered Solutions\",\"url\":\"https:\\\/\\\/www.smpengineeredsolutions.com\\\/es\\\/\",\"logo\":{\"@type\":\"ImageObject\",\"inLanguage\":\"es\",\"@id\":\"https:\\\/\\\/www.smpengineeredsolutions.com\\\/es\\\/#\\\/schema\\\/logo\\\/image\\\/\",\"url\":\"https:\\\/\\\/www.a.smpengineeredsolutions.com\\\/wp-content\\\/uploads\\\/smp-logo.png\",\"contentUrl\":\"https:\\\/\\\/www.a.smpengineeredsolutions.com\\\/wp-content\\\/uploads\\\/smp-logo.png\",\"width\":264,\"height\":117,\"caption\":\"SMP\u00ae Engineered Solutions\"},\"image\":{\"@id\":\"https:\\\/\\\/www.smpengineeredsolutions.com\\\/es\\\/#\\\/schema\\\/logo\\\/image\\\/\"},\"sameAs\":[\"https:\\\/\\\/www.youtube.com\\\/@StandardMotorProductsInc\",\"https:\\\/\\\/www.linkedin.com\\\/company\\\/standard-motor-products\"]}]}<\/script>\n<!-- \/ Yoast SEO Premium plugin. -->","yoast_head_json":{"title":"Veh\u00edculos comerciales - Standard Motor Products, Inc.","description":"Conozca el mercado de veh\u00edculos comerciales al que servimos con soluciones personalizables para productos de control y gesti\u00f3n t\u00e9rmica de veh\u00edculos.","robots":{"index":"index","follow":"follow","max-snippet":"max-snippet:-1","max-image-preview":"max-image-preview:large","max-video-preview":"max-video-preview:-1"},"canonical":"https:\/\/www.smpengineeredsolutions.com\/es\/mercados\/vehiculos-comerciales\/","og_locale":"es_ES","og_type":"article","og_title":"Veh\u00edculos comerciales","og_description":"Conozca el mercado de veh\u00edculos comerciales al que servimos con soluciones personalizables para productos de control y gesti\u00f3n t\u00e9rmica de veh\u00edculos.","og_url":"https:\/\/www.smpengineeredsolutions.com\/es\/mercados\/vehiculos-comerciales\/","og_site_name":"Standard Motor Products, Inc.","article_modified_time":"2024-07-08T16:24:23+00:00","twitter_misc":{"Tiempo de lectura":"1 minuto"},"schema":{"@context":"https:\/\/schema.org","@graph":[{"@type":"WebPage","@id":"https:\/\/www.smpengineeredsolutions.com\/es\/mercados\/vehiculos-comerciales\/","url":"https:\/\/www.smpengineeredsolutions.com\/es\/mercados\/vehiculos-comerciales\/","name":"Veh\u00edculos comerciales - Standard Motor Products, Inc.","isPartOf":{"@id":"https:\/\/www.smpengineeredsolutions.com\/es\/#website"},"datePublished":"2023-01-09T15:04:41+00:00","dateModified":"2024-07-08T16:24:23+00:00","description":"Conozca el mercado de veh\u00edculos comerciales al que servimos con soluciones personalizables para productos de control y gesti\u00f3n t\u00e9rmica de veh\u00edculos.","breadcrumb":{"@id":"https:\/\/www.smpengineeredsolutions.com\/es\/mercados\/vehiculos-comerciales\/#breadcrumb"},"inLanguage":"es","potentialAction":[{"@type":"ReadAction","target":["https:\/\/www.smpengineeredsolutions.com\/es\/mercados\/vehiculos-comerciales\/"]}]},{"@type":"BreadcrumbList","@id":"https:\/\/www.smpengineeredsolutions.com\/es\/mercados\/vehiculos-comerciales\/#breadcrumb","itemListElement":[{"@type":"ListItem","position":1,"name":"Home","item":"https:\/\/www.a.smpengineeredsolutions.com\/es\/"},{"@type":"ListItem","position":2,"name":"Mercados","item":"https:\/\/www.gmail.smpengineeredsolutions.com\/es\/mercados\/"},{"@type":"ListItem","position":3,"name":"Veh\u00edculos comerciales"}]},{"@type":"WebSite","@id":"https:\/\/www.smpengineeredsolutions.com\/es\/#website","url":"https:\/\/www.smpengineeredsolutions.com\/es\/","name":"Standard Motor Products, Inc.","description":"","publisher":{"@id":"https:\/\/www.smpengineeredsolutions.com\/es\/#organization"},"potentialAction":[{"@type":"SearchAction","target":{"@type":"EntryPoint","urlTemplate":"https:\/\/www.smpengineeredsolutions.com\/es\/?s={search_term_string}"},"query-input":{"@type":"PropertyValueSpecification","valueRequired":true,"valueName":"search_term_string"}}],"inLanguage":"es"},{"@type":"Organization","@id":"https:\/\/www.smpengineeredsolutions.com\/es\/#organization","name":"SMP\u00ae Engineered Solutions","url":"https:\/\/www.smpengineeredsolutions.com\/es\/","logo":{"@type":"ImageObject","inLanguage":"es","@id":"https:\/\/www.smpengineeredsolutions.com\/es\/#\/schema\/logo\/image\/","url":"https:\/\/www.a.smpengineeredsolutions.com\/wp-content\/uploads\/smp-logo.png","contentUrl":"https:\/\/www.a.smpengineeredsolutions.com\/wp-content\/uploads\/smp-logo.png","width":264,"height":117,"caption":"SMP\u00ae Engineered Solutions"},"image":{"@id":"https:\/\/www.smpengineeredsolutions.com\/es\/#\/schema\/logo\/image\/"},"sameAs":["https:\/\/www.youtube.com\/@StandardMotorProductsInc","https:\/\/www.linkedin.com\/company\/standard-motor-products"]}]}},"_links":{"self":[{"href":"https:\/\/www.smpengineeredsolutions.com\/es\/wp-json\/wp\/v2\/pages\/5271","targetHints":{"allow":["GET"]}}],"collection":[{"href":"https:\/\/www.smpengineeredsolutions.com\/es\/wp-json\/wp\/v2\/pages"}],"about":[{"href":"https:\/\/www.smpengineeredsolutions.com\/es\/wp-json\/wp\/v2\/types\/page"}],"author":[{"embeddable":true,"href":"https:\/\/www.smpengineeredsolutions.com\/es\/wp-json\/wp\/v2\/users\/27"}],"replies":[{"embeddable":true,"href":"https:\/\/www.smpengineeredsolutions.com\/es\/wp-json\/wp\/v2\/comments?post=5271"}],"version-history":[{"count":1,"href":"https:\/\/www.smpengineeredsolutions.com\/es\/wp-json\/wp\/v2\/pages\/5271\/revisions"}],"predecessor-version":[{"id":6944,"href":"https:\/\/www.smpengineeredsolutions.com\/es\/wp-json\/wp\/v2\/pages\/5271\/revisions\/6944"}],"up":[{"embeddable":true,"href":"https:\/\/www.smpengineeredsolutions.com\/es\/wp-json\/wp\/v2\/pages\/5265"}],"wp:attachment":[{"href":"https:\/\/www.smpengineeredsolutions.com\/es\/wp-json\/wp\/v2\/media?parent=5271"}],"curies":[{"name":"wp","href":"https:\/\/api.w.org\/{rel}","templated":true}]}}