{"id":5264,"date":"2023-01-09T07:13:26","date_gmt":"2023-01-09T12:13:26","guid":{"rendered":"https:\/\/smpengineeredsolutions.com\/?page_id=5264"},"modified":"2025-04-28T16:14:20","modified_gmt":"2025-04-28T20:14:20","slug":"productos","status":"publish","type":"page","link":"https:\/\/www.smpengineeredsolutions.com\/es\/productos\/","title":{"rendered":"Productos"},"content":{"rendered":"<h2>Nuestros Productos<\/h2>\n<p>Ofrecemos una amplia cartera de productos adaptables que cubren una gama cada vez m\u00e1s amplia de aplicaciones. SMP Engineered Solutions cuenta con el apoyo de una red global de recursos, estrat\u00e9gicamente posicionada para proporcionar soluciones \u00fanicas a una amplia base de clientes.<\/p>\n<h2>Aplicaciones de nuestros productos<\/h2>\n<p>Prestamos servicio al canal de carretera y todoterreno, que incluye:<\/p>\n<ul>\n<li>Comercial<\/li>\n<li>Nichos de mercado de veh\u00edculos ligeros<\/li>\n<li>Agricultura<\/li>\n<li>Construcci\u00f3n<\/li>\n<li>Deportes de motor<\/li>\n<li>Industrial<\/li>\n<li>Equipos el\u00e9ctricos para exteriores<\/li>\n<\/ul>\n<p>&nbsp;<\/p>\n","protected":false},"excerpt":{"rendered":"<p>Nuestros Productos Ofrecemos una amplia cartera de productos adaptables que cubren una gama cada vez m\u00e1s amplia de aplicaciones. SMP Engineered Solutions cuenta con el apoyo de una red global de recursos, estrat\u00e9gicamente posicionada para proporcionar soluciones \u00fanicas a una amplia base de clientes. Aplicaciones de nuestros productos Prestamos servicio al canal de carretera y&#8230; [&#8230;]<\/p>\n<p><a class=\"btn btn-secondary understrap-read-more-link\" href=\"https:\/\/www.smpengineeredsolutions.com\/es\/productos\/\">Leer m\u00e1s&#8230;<\/a><\/p>\n","protected":false},"author":27,"featured_media":0,"parent":0,"menu_order":0,"comment_status":"closed","ping_status":"closed","template":"page-templates\/destination-bucket.php","meta":{"_acf_changed":false,"inline_featured_image":false,"footnotes":""},"class_list":["post-5264","page","type-page","status-publish","hentry"],"featured_image_src":null,"acf":[],"yoast_head":"<!-- This site is optimized with the Yoast SEO Premium plugin v27.2 (Yoast SEO v27.2) - https:\/\/yoast.com\/product\/yoast-seo-premium-wordpress\/ -->\n<title>Nuestros productos | Productos para veh\u00edculos y termocontrol<\/title>\n<meta name=\"description\" content=\"Explore nuestros productos: sensores, distribuci\u00f3n de potencia, electrificaciones, abrazaderas, componentes de encendido, piezas de gesti\u00f3n t\u00e9rmica e interruptores.\" \/>\n<meta name=\"robots\" content=\"index, follow, max-snippet:-1, max-image-preview:large, max-video-preview:-1\" \/>\n<link rel=\"canonical\" href=\"https:\/\/www.smpengineeredsolutions.com\/es\/productos\/\" \/>\n<meta property=\"og:locale\" content=\"es_ES\" \/>\n<meta property=\"og:type\" content=\"article\" \/>\n<meta property=\"og:title\" content=\"Productos\" \/>\n<meta property=\"og:description\" content=\"Explore nuestros productos: sensores, distribuci\u00f3n de potencia, electrificaciones, abrazaderas, componentes de encendido, piezas de gesti\u00f3n t\u00e9rmica e interruptores.\" \/>\n<meta property=\"og:url\" content=\"https:\/\/www.smpengineeredsolutions.com\/es\/productos\/\" \/>\n<meta property=\"og:site_name\" content=\"Standard Motor Products, Inc.\" \/>\n<meta property=\"article:modified_time\" content=\"2025-04-28T20:14:20+00:00\" \/>\n<meta name=\"twitter:label1\" content=\"Tiempo de lectura\" \/>\n\t<meta name=\"twitter:data1\" content=\"1 minuto\" \/>\n<script type=\"application\/ld+json\" class=\"yoast-schema-graph\">{\"@context\":\"https:\/\/schema.org\",\"@graph\":[{\"@type\":\"WebPage\",\"@id\":\"https:\/\/www.smpengineeredsolutions.com\/es\/productos\/\",\"url\":\"https:\/\/www.smpengineeredsolutions.com\/es\/productos\/\",\"name\":\"Nuestros productos | Productos para veh\u00edculos y termocontrol\",\"isPartOf\":{\"@id\":\"https:\/\/www.smpengineeredsolutions.com\/es\/#website\"},\"datePublished\":\"2023-01-09T12:13:26+00:00\",\"dateModified\":\"2025-04-28T20:14:20+00:00\",\"description\":\"Explore nuestros productos: sensores, distribuci\u00f3n de potencia, electrificaciones, abrazaderas, componentes de encendido, piezas de gesti\u00f3n t\u00e9rmica e interruptores.\",\"breadcrumb\":{\"@id\":\"https:\/\/www.smpengineeredsolutions.com\/es\/productos\/#breadcrumb\"},\"inLanguage\":\"es\",\"potentialAction\":[{\"@type\":\"ReadAction\",\"target\":[\"https:\/\/www.smpengineeredsolutions.com\/es\/productos\/\"]}]},{\"@type\":\"BreadcrumbList\",\"@id\":\"https:\/\/www.smpengineeredsolutions.com\/es\/productos\/#breadcrumb\",\"itemListElement\":[{\"@type\":\"ListItem\",\"position\":1,\"name\":\"Home\",\"item\":\"https:\/\/www.a.smpengineeredsolutions.com\/es\/\"},{\"@type\":\"ListItem\",\"position\":2,\"name\":\"Productos\"}]},{\"@type\":\"WebSite\",\"@id\":\"https:\/\/www.smpengineeredsolutions.com\/es\/#website\",\"url\":\"https:\/\/www.smpengineeredsolutions.com\/es\/\",\"name\":\"Standard Motor Products, Inc.\",\"description\":\"\",\"publisher\":{\"@id\":\"https:\/\/www.smpengineeredsolutions.com\/es\/#organization\"},\"potentialAction\":[{\"@type\":\"SearchAction\",\"target\":{\"@type\":\"EntryPoint\",\"urlTemplate\":\"https:\/\/www.smpengineeredsolutions.com\/es\/?s={search_term_string}\"},\"query-input\":{\"@type\":\"PropertyValueSpecification\",\"valueRequired\":true,\"valueName\":\"search_term_string\"}}],\"inLanguage\":\"es\"},{\"@type\":\"Organization\",\"@id\":\"https:\/\/www.smpengineeredsolutions.com\/es\/#organization\",\"name\":\"SMP\u00ae Engineered Solutions\",\"url\":\"https:\/\/www.smpengineeredsolutions.com\/es\/\",\"logo\":{\"@type\":\"ImageObject\",\"inLanguage\":\"es\",\"@id\":\"https:\/\/www.smpengineeredsolutions.com\/es\/#\/schema\/logo\/image\/\",\"url\":\"https:\/\/www.a.smpengineeredsolutions.com\/wp-content\/uploads\/smp-logo.png\",\"contentUrl\":\"https:\/\/www.a.smpengineeredsolutions.com\/wp-content\/uploads\/smp-logo.png\",\"width\":264,\"height\":117,\"caption\":\"SMP\u00ae Engineered Solutions\"},\"image\":{\"@id\":\"https:\/\/www.smpengineeredsolutions.com\/es\/#\/schema\/logo\/image\/\"},\"sameAs\":[\"https:\/\/www.youtube.com\/@StandardMotorProductsInc\",\"https:\/\/www.linkedin.com\/company\/standard-motor-products\"]}]}<\/script>\n<!-- \/ Yoast SEO Premium plugin. -->","yoast_head_json":{"title":"Nuestros productos | Productos para veh\u00edculos y termocontrol","description":"Explore nuestros productos: sensores, distribuci\u00f3n de potencia, electrificaciones, abrazaderas, componentes de encendido, piezas de gesti\u00f3n t\u00e9rmica e interruptores.","robots":{"index":"index","follow":"follow","max-snippet":"max-snippet:-1","max-image-preview":"max-image-preview:large","max-video-preview":"max-video-preview:-1"},"canonical":"https:\/\/www.smpengineeredsolutions.com\/es\/productos\/","og_locale":"es_ES","og_type":"article","og_title":"Productos","og_description":"Explore nuestros productos: sensores, distribuci\u00f3n de potencia, electrificaciones, abrazaderas, componentes de encendido, piezas de gesti\u00f3n t\u00e9rmica e interruptores.","og_url":"https:\/\/www.smpengineeredsolutions.com\/es\/productos\/","og_site_name":"Standard Motor Products, Inc.","article_modified_time":"2025-04-28T20:14:20+00:00","twitter_misc":{"Tiempo de lectura":"1 minuto"},"schema":{"@context":"https:\/\/schema.org","@graph":[{"@type":"WebPage","@id":"https:\/\/www.smpengineeredsolutions.com\/es\/productos\/","url":"https:\/\/www.smpengineeredsolutions.com\/es\/productos\/","name":"Nuestros productos | Productos para veh\u00edculos y termocontrol","isPartOf":{"@id":"https:\/\/www.smpengineeredsolutions.com\/es\/#website"},"datePublished":"2023-01-09T12:13:26+00:00","dateModified":"2025-04-28T20:14:20+00:00","description":"Explore nuestros productos: sensores, distribuci\u00f3n de potencia, electrificaciones, abrazaderas, componentes de encendido, piezas de gesti\u00f3n t\u00e9rmica e interruptores.","breadcrumb":{"@id":"https:\/\/www.smpengineeredsolutions.com\/es\/productos\/#breadcrumb"},"inLanguage":"es","potentialAction":[{"@type":"ReadAction","target":["https:\/\/www.smpengineeredsolutions.com\/es\/productos\/"]}]},{"@type":"BreadcrumbList","@id":"https:\/\/www.smpengineeredsolutions.com\/es\/productos\/#breadcrumb","itemListElement":[{"@type":"ListItem","position":1,"name":"Home","item":"https:\/\/www.a.smpengineeredsolutions.com\/es\/"},{"@type":"ListItem","position":2,"name":"Productos"}]},{"@type":"WebSite","@id":"https:\/\/www.smpengineeredsolutions.com\/es\/#website","url":"https:\/\/www.smpengineeredsolutions.com\/es\/","name":"Standard Motor Products, Inc.","description":"","publisher":{"@id":"https:\/\/www.smpengineeredsolutions.com\/es\/#organization"},"potentialAction":[{"@type":"SearchAction","target":{"@type":"EntryPoint","urlTemplate":"https:\/\/www.smpengineeredsolutions.com\/es\/?s={search_term_string}"},"query-input":{"@type":"PropertyValueSpecification","valueRequired":true,"valueName":"search_term_string"}}],"inLanguage":"es"},{"@type":"Organization","@id":"https:\/\/www.smpengineeredsolutions.com\/es\/#organization","name":"SMP\u00ae Engineered Solutions","url":"https:\/\/www.smpengineeredsolutions.com\/es\/","logo":{"@type":"ImageObject","inLanguage":"es","@id":"https:\/\/www.smpengineeredsolutions.com\/es\/#\/schema\/logo\/image\/","url":"https:\/\/www.a.smpengineeredsolutions.com\/wp-content\/uploads\/smp-logo.png","contentUrl":"https:\/\/www.a.smpengineeredsolutions.com\/wp-content\/uploads\/smp-logo.png","width":264,"height":117,"caption":"SMP\u00ae Engineered Solutions"},"image":{"@id":"https:\/\/www.smpengineeredsolutions.com\/es\/#\/schema\/logo\/image\/"},"sameAs":["https:\/\/www.youtube.com\/@StandardMotorProductsInc","https:\/\/www.linkedin.com\/company\/standard-motor-products"]}]}},"_links":{"self":[{"href":"https:\/\/www.smpengineeredsolutions.com\/es\/wp-json\/wp\/v2\/pages\/5264","targetHints":{"allow":["GET"]}}],"collection":[{"href":"https:\/\/www.smpengineeredsolutions.com\/es\/wp-json\/wp\/v2\/pages"}],"about":[{"href":"https:\/\/www.smpengineeredsolutions.com\/es\/wp-json\/wp\/v2\/types\/page"}],"author":[{"embeddable":true,"href":"https:\/\/www.smpengineeredsolutions.com\/es\/wp-json\/wp\/v2\/users\/27"}],"replies":[{"embeddable":true,"href":"https:\/\/www.smpengineeredsolutions.com\/es\/wp-json\/wp\/v2\/comments?post=5264"}],"version-history":[{"count":2,"href":"https:\/\/www.smpengineeredsolutions.com\/es\/wp-json\/wp\/v2\/pages\/5264\/revisions"}],"predecessor-version":[{"id":7220,"href":"https:\/\/www.smpengineeredsolutions.com\/es\/wp-json\/wp\/v2\/pages\/5264\/revisions\/7220"}],"wp:attachment":[{"href":"https:\/\/www.smpengineeredsolutions.com\/es\/wp-json\/wp\/v2\/media?parent=5264"}],"curies":[{"name":"wp","href":"https:\/\/api.w.org\/{rel}","templated":true}]}}