{"id":5258,"date":"2023-01-09T07:16:13","date_gmt":"2023-01-09T12:16:13","guid":{"rendered":"https:\/\/smpengineeredsolutions.com\/?page_id=5258"},"modified":"2024-08-26T11:50:12","modified_gmt":"2024-08-26T15:50:12","slug":"acerca-de-nosotros","status":"publish","type":"page","link":"https:\/\/www.smpengineeredsolutions.com\/es\/acerca-de-nosotros\/","title":{"rendered":"Acerca de nosotros"},"content":{"rendered":"<p>SMP<sup>\u00ae<\/sup> Engineered Solutions es el principal proveedor de soluciones personalizables para productos de control del veh\u00edculo y de temperatura. Eso significa que ofrecemos una amplia cartera de productos adaptables para cubrir una gama cada vez m\u00e1s amplia de aplicaciones.<\/p>\n<p><a class=\"lightbox\" href=\"\/wp-content\/uploads\/About-Us-2-4-23-1536x898-SP.jpg\"><img loading=\"lazy\" decoding=\"async\" class=\"aligncenter wp-image-3053 size-full\" title=\"SMP Engineered Solutions Markets\" src=\"\/wp-content\/uploads\/About-Us-2-4-23-1536x898-SP.jpg\" alt=\"SMP Engineered Solutions Markets\" width=\"2365\" height=\"1383\" \/><\/a><\/p>\n<p>SMP<sup>\u00ae<\/sup> Engineered Solutions cuenta con el apoyo de una red global de recursos, estrat\u00e9gicamente posicionada para proporcionar soluciones \u00fanicas a una amplia base de clientes. Prestamos servicio al segmento de uso en carretera, concretamente a los mercados de veh\u00edculos comerciales y ligeros. Engineered Solutions tambi\u00e9n da soporte al canal de Veh\u00edculos para la construcci\u00f3n, agr\u00edcolas, todo terreno, deportes de motor, hidr\u00e1ulica e industrial y equipos de energ\u00eda para exteriores. Dentro de estos mercados, Engineered Solutions se concentra en los siguientes grupos de productos principales:<\/p>\n<ul>\n<li><a href=\"\/es\/productos\/control-termico\/\">Control de la temperatura<\/a><\/li>\n<li><a href=\"\/es\/productos\/sensores\/\">Sensores<\/a><\/li>\n<li><a href=\"\/es\/productos\/interruptores\/\">Interruptores<\/a><\/li>\n<li><a href=\"\/es\/productos\/distribucion-de-energia\">Distribuci\u00f3n de energ\u00eda<\/a><\/li>\n<li><a href=\"\/es\/productos\/electrificacion-y-electronica\/\">Electrificaci\u00f3n y electr\u00f3nica<\/a><\/li>\n<li><a href=\"\/es\/productos\/inyeccion-y-suministro-de-combustible\/\">Inyecci\u00f3n y suministro de combustible<\/a><\/li>\n<li><a href=\"\/es\/productos\/encendido-y-emisiones\/\">Encendido y emisiones<\/a><\/li>\n<li><a href=\"\/es\/productos\/abrazaderas\/\">Soluciones de sujeci\u00f3n<\/a><\/li>\n<\/ul>\n<p>Un segmento cr\u00edtico de los programas de mercado de Standard Motor Product, Engineered Solutions, incluye productos de calidad suministrados a trav\u00e9s de nuestras marcas SMP Trombetta<sup>\u00ae<\/sup> y SMP Stabil<sup>\u00ae<\/sup>. La ingenier\u00eda avanzada, los expertos, la fabricaci\u00f3n a medida y las pruebas son las se\u00f1as de identidad de SMP<sup>\u00ae<\/sup> Engineered Solutions. De hecho, nuestros ingenieros realizan rigurosas pruebas de laboratorio y en condiciones reales, que incluyen ex\u00e1menes de precisi\u00f3n, mediciones y validaci\u00f3n de productos, an\u00e1lisis ambientales, pruebas de final de l\u00ednea y pruebas en vivo en veh\u00edculos. Hacemos todo lo posible para garantizar que cada parte de Engineered Solutions funcione y dure.<\/p>\n<p>Con sedes en Norteam\u00e9rica y en todo el mundo, las avanzadas instalaciones de SMP<sup>\u00ae<\/sup> Engineered Solutions cuentan con las \u00faltimas certificaciones IATF 16949, ISO 9001 e ISO 14001, lo que garantiza a\u00fan m\u00e1s nuestro compromiso con la calidad y la sostenibilidad.<\/p>\n<p>Durante m\u00e1s de un siglo, SMP ha demostrado su capacidad para ofrecer productos y marcas de primera calidad, ingenier\u00eda avanzada con fabricaci\u00f3n experta -desde la materia prima hasta las pruebas de final de l\u00ednea y una capacidad probada para adaptarse a los cambios tecnol\u00f3gicos. Pero, sobre todo, SMP\u00ae Engineered Solutions significa compromiso con la integridad.<\/p>\n","protected":false},"excerpt":{"rendered":"<p>SMP\u00ae Engineered Solutions es el principal proveedor de soluciones personalizables para productos de control del veh\u00edculo y de temperatura. Eso significa que ofrecemos una amplia cartera de productos adaptables para cubrir una gama cada vez m\u00e1s amplia de aplicaciones. SMP\u00ae Engineered Solutions cuenta con el apoyo de una red global de recursos, estrat\u00e9gicamente posicionada para&#8230; [&#8230;]<\/p>\n<p><a class=\"btn btn-secondary understrap-read-more-link\" href=\"https:\/\/www.smpengineeredsolutions.com\/es\/acerca-de-nosotros\/\">Leer m\u00e1s&#8230;<\/a><\/p>\n","protected":false},"author":27,"featured_media":0,"parent":0,"menu_order":0,"comment_status":"closed","ping_status":"closed","template":"page-templates\/destination-content.php","meta":{"_acf_changed":false,"inline_featured_image":false,"footnotes":""},"class_list":["post-5258","page","type-page","status-publish","hentry"],"featured_image_src":null,"acf":[],"yoast_head":"<!-- This site is optimized with the Yoast SEO Premium plugin v27.4 (Yoast SEO v27.4) - https:\/\/yoast.com\/product\/yoast-seo-premium-wordpress\/ -->\n<title>M\u00e1s informaci\u00f3n | Standard Motor Products, Inc.<\/title>\n<meta name=\"description\" content=\"Conozca SMP Engineered Solutions - Somos el principal proveedor de soluciones personalizables para productos de control y gesti\u00f3n t\u00e9rmica de veh\u00edculos.\" \/>\n<meta name=\"robots\" content=\"index, follow, max-snippet:-1, max-image-preview:large, max-video-preview:-1\" \/>\n<link rel=\"canonical\" href=\"https:\/\/www.smpengineeredsolutions.com\/es\/acerca-de-nosotros\/\" \/>\n<meta property=\"og:locale\" content=\"es_ES\" \/>\n<meta property=\"og:type\" content=\"article\" \/>\n<meta property=\"og:title\" content=\"Acerca de nosotros\" \/>\n<meta property=\"og:description\" content=\"Conozca SMP Engineered Solutions - Somos el principal proveedor de soluciones personalizables para productos de control y gesti\u00f3n t\u00e9rmica de veh\u00edculos.\" \/>\n<meta property=\"og:url\" content=\"https:\/\/www.smpengineeredsolutions.com\/es\/acerca-de-nosotros\/\" \/>\n<meta property=\"og:site_name\" content=\"Standard Motor Products, Inc.\" \/>\n<meta property=\"article:modified_time\" content=\"2024-08-26T15:50:12+00:00\" \/>\n<meta name=\"twitter:label1\" content=\"Tiempo de lectura\" \/>\n\t<meta name=\"twitter:data1\" content=\"2 minutos\" \/>\n<script type=\"application\/ld+json\" class=\"yoast-schema-graph\">{\"@context\":\"https:\\\/\\\/schema.org\",\"@graph\":[{\"@type\":\"WebPage\",\"@id\":\"https:\\\/\\\/www.smpengineeredsolutions.com\\\/es\\\/acerca-de-nosotros\\\/\",\"url\":\"https:\\\/\\\/www.smpengineeredsolutions.com\\\/es\\\/acerca-de-nosotros\\\/\",\"name\":\"M\u00e1s informaci\u00f3n | Standard Motor Products, Inc.\",\"isPartOf\":{\"@id\":\"https:\\\/\\\/www._tcp.smpengineeredsolutions.com\\\/#website\"},\"datePublished\":\"2023-01-09T12:16:13+00:00\",\"dateModified\":\"2024-08-26T15:50:12+00:00\",\"description\":\"Conozca SMP Engineered Solutions - Somos el principal proveedor de soluciones personalizables para productos de control y gesti\u00f3n t\u00e9rmica de veh\u00edculos.\",\"breadcrumb\":{\"@id\":\"https:\\\/\\\/www.smpengineeredsolutions.com\\\/es\\\/acerca-de-nosotros\\\/#breadcrumb\"},\"inLanguage\":\"es\",\"potentialAction\":[{\"@type\":\"ReadAction\",\"target\":[\"https:\\\/\\\/www.smpengineeredsolutions.com\\\/es\\\/acerca-de-nosotros\\\/\"]}]},{\"@type\":\"BreadcrumbList\",\"@id\":\"https:\\\/\\\/www.smpengineeredsolutions.com\\\/es\\\/acerca-de-nosotros\\\/#breadcrumb\",\"itemListElement\":[{\"@type\":\"ListItem\",\"position\":1,\"name\":\"Home\",\"item\":\"https:\\\/\\\/www.smpengineeredsolutions.com\\\/es\\\/\"},{\"@type\":\"ListItem\",\"position\":2,\"name\":\"Acerca de nosotros\"}]},{\"@type\":\"WebSite\",\"@id\":\"https:\\\/\\\/www._tcp.smpengineeredsolutions.com\\\/#website\",\"url\":\"https:\\\/\\\/www._tcp.smpengineeredsolutions.com\\\/\",\"name\":\"Standard Motor Products, Inc.\",\"description\":\"\",\"publisher\":{\"@id\":\"https:\\\/\\\/www._tcp.smpengineeredsolutions.com\\\/#organization\"},\"potentialAction\":[{\"@type\":\"SearchAction\",\"target\":{\"@type\":\"EntryPoint\",\"urlTemplate\":\"https:\\\/\\\/www._tcp.smpengineeredsolutions.com\\\/?s={search_term_string}\"},\"query-input\":{\"@type\":\"PropertyValueSpecification\",\"valueRequired\":true,\"valueName\":\"search_term_string\"}}],\"inLanguage\":\"es\"},{\"@type\":\"Organization\",\"@id\":\"https:\\\/\\\/www._tcp.smpengineeredsolutions.com\\\/#organization\",\"name\":\"SMP\u00ae Engineered Solutions\",\"url\":\"https:\\\/\\\/www._tcp.smpengineeredsolutions.com\\\/\",\"logo\":{\"@type\":\"ImageObject\",\"inLanguage\":\"es\",\"@id\":\"https:\\\/\\\/www._tcp.smpengineeredsolutions.com\\\/#\\\/schema\\\/logo\\\/image\\\/\",\"url\":\"https:\\\/\\\/www.a.smpengineeredsolutions.com\\\/wp-content\\\/uploads\\\/smp-logo.png\",\"contentUrl\":\"https:\\\/\\\/www.a.smpengineeredsolutions.com\\\/wp-content\\\/uploads\\\/smp-logo.png\",\"width\":264,\"height\":117,\"caption\":\"SMP\u00ae Engineered Solutions\"},\"image\":{\"@id\":\"https:\\\/\\\/www._tcp.smpengineeredsolutions.com\\\/#\\\/schema\\\/logo\\\/image\\\/\"},\"sameAs\":[\"https:\\\/\\\/www.youtube.com\\\/@StandardMotorProductsInc\",\"https:\\\/\\\/www.linkedin.com\\\/company\\\/standard-motor-products\"]}]}<\/script>\n<!-- \/ Yoast SEO Premium plugin. -->","yoast_head_json":{"title":"M\u00e1s informaci\u00f3n | Standard Motor Products, Inc.","description":"Conozca SMP Engineered Solutions - Somos el principal proveedor de soluciones personalizables para productos de control y gesti\u00f3n t\u00e9rmica de veh\u00edculos.","robots":{"index":"index","follow":"follow","max-snippet":"max-snippet:-1","max-image-preview":"max-image-preview:large","max-video-preview":"max-video-preview:-1"},"canonical":"https:\/\/www.smpengineeredsolutions.com\/es\/acerca-de-nosotros\/","og_locale":"es_ES","og_type":"article","og_title":"Acerca de nosotros","og_description":"Conozca SMP Engineered Solutions - Somos el principal proveedor de soluciones personalizables para productos de control y gesti\u00f3n t\u00e9rmica de veh\u00edculos.","og_url":"https:\/\/www.smpengineeredsolutions.com\/es\/acerca-de-nosotros\/","og_site_name":"Standard Motor Products, Inc.","article_modified_time":"2024-08-26T15:50:12+00:00","twitter_misc":{"Tiempo de lectura":"2 minutos"},"schema":{"@context":"https:\/\/schema.org","@graph":[{"@type":"WebPage","@id":"https:\/\/www.smpengineeredsolutions.com\/es\/acerca-de-nosotros\/","url":"https:\/\/www.smpengineeredsolutions.com\/es\/acerca-de-nosotros\/","name":"M\u00e1s informaci\u00f3n | Standard Motor Products, Inc.","isPartOf":{"@id":"https:\/\/www._tcp.smpengineeredsolutions.com\/#website"},"datePublished":"2023-01-09T12:16:13+00:00","dateModified":"2024-08-26T15:50:12+00:00","description":"Conozca SMP Engineered Solutions - Somos el principal proveedor de soluciones personalizables para productos de control y gesti\u00f3n t\u00e9rmica de veh\u00edculos.","breadcrumb":{"@id":"https:\/\/www.smpengineeredsolutions.com\/es\/acerca-de-nosotros\/#breadcrumb"},"inLanguage":"es","potentialAction":[{"@type":"ReadAction","target":["https:\/\/www.smpengineeredsolutions.com\/es\/acerca-de-nosotros\/"]}]},{"@type":"BreadcrumbList","@id":"https:\/\/www.smpengineeredsolutions.com\/es\/acerca-de-nosotros\/#breadcrumb","itemListElement":[{"@type":"ListItem","position":1,"name":"Home","item":"https:\/\/www.smpengineeredsolutions.com\/es\/"},{"@type":"ListItem","position":2,"name":"Acerca de nosotros"}]},{"@type":"WebSite","@id":"https:\/\/www._tcp.smpengineeredsolutions.com\/#website","url":"https:\/\/www._tcp.smpengineeredsolutions.com\/","name":"Standard Motor Products, Inc.","description":"","publisher":{"@id":"https:\/\/www._tcp.smpengineeredsolutions.com\/#organization"},"potentialAction":[{"@type":"SearchAction","target":{"@type":"EntryPoint","urlTemplate":"https:\/\/www._tcp.smpengineeredsolutions.com\/?s={search_term_string}"},"query-input":{"@type":"PropertyValueSpecification","valueRequired":true,"valueName":"search_term_string"}}],"inLanguage":"es"},{"@type":"Organization","@id":"https:\/\/www._tcp.smpengineeredsolutions.com\/#organization","name":"SMP\u00ae Engineered Solutions","url":"https:\/\/www._tcp.smpengineeredsolutions.com\/","logo":{"@type":"ImageObject","inLanguage":"es","@id":"https:\/\/www._tcp.smpengineeredsolutions.com\/#\/schema\/logo\/image\/","url":"https:\/\/www.a.smpengineeredsolutions.com\/wp-content\/uploads\/smp-logo.png","contentUrl":"https:\/\/www.a.smpengineeredsolutions.com\/wp-content\/uploads\/smp-logo.png","width":264,"height":117,"caption":"SMP\u00ae Engineered Solutions"},"image":{"@id":"https:\/\/www._tcp.smpengineeredsolutions.com\/#\/schema\/logo\/image\/"},"sameAs":["https:\/\/www.youtube.com\/@StandardMotorProductsInc","https:\/\/www.linkedin.com\/company\/standard-motor-products"]}]}},"_links":{"self":[{"href":"https:\/\/www.smpengineeredsolutions.com\/es\/wp-json\/wp\/v2\/pages\/5258","targetHints":{"allow":["GET"]}}],"collection":[{"href":"https:\/\/www.smpengineeredsolutions.com\/es\/wp-json\/wp\/v2\/pages"}],"about":[{"href":"https:\/\/www.smpengineeredsolutions.com\/es\/wp-json\/wp\/v2\/types\/page"}],"author":[{"embeddable":true,"href":"https:\/\/www.smpengineeredsolutions.com\/es\/wp-json\/wp\/v2\/users\/27"}],"replies":[{"embeddable":true,"href":"https:\/\/www.smpengineeredsolutions.com\/es\/wp-json\/wp\/v2\/comments?post=5258"}],"version-history":[{"count":1,"href":"https:\/\/www.smpengineeredsolutions.com\/es\/wp-json\/wp\/v2\/pages\/5258\/revisions"}],"predecessor-version":[{"id":7178,"href":"https:\/\/www.smpengineeredsolutions.com\/es\/wp-json\/wp\/v2\/pages\/5258\/revisions\/7178"}],"wp:attachment":[{"href":"https:\/\/www.smpengineeredsolutions.com\/es\/wp-json\/wp\/v2\/media?parent=5258"}],"curies":[{"name":"wp","href":"https:\/\/api.w.org\/{rel}","templated":true}]}}