{"id":7590,"date":"2023-07-05T07:26:06","date_gmt":"2023-07-05T11:26:06","guid":{"rendered":"https:\/\/www.smpengineeredsolutions.com\/?page_id=7590"},"modified":"2024-12-05T10:52:27","modified_gmt":"2024-12-05T15:52:27","slug":"feinstaub-sensoren","status":"publish","type":"page","link":"https:\/\/www.smpengineeredsolutions.com\/de\/feinstaub-sensoren\/","title":{"rendered":"Feinstaub-Sensoren"},"content":{"rendered":"<p>Feinstaub (PM) ist einer der gef\u00e4hrlichsten Schadstoffe f\u00fcr den menschlichen K\u00f6rper. Diese winzigen Partikel, die in der Regel kleiner als 10 Mikrometer sind, k\u00f6nnen in die Lunge eingeatmet werden und schwere Atemprobleme verursachen. Daher ist die Erkennung und Kontrolle dieser Partikel in Emissionssystemen sehr wichtig.<\/p>\n<p>Ein hochwertiger Feinstaubsensor kann dabei helfen, die Ru\u00dfkonzentration in Abgassystemen zu \u00fcberwachen, und so \u00fcber den Handlungsbedarf informieren und die Einhaltung von Vorschriften sicherstellen. Bei SMP Engineered Solutions entwickeln wir leistungsstarke Feinstaubsensoren f\u00fcr eine Vielzahl von Anwendungen.<\/p>\n<h2>Feinstaub-Sensoren erkl\u00e4rt<\/h2>\n<p>Wenn Kohlenwasserstoffe nicht vollst\u00e4ndig verbrennen, setzen sie Ru\u00df und unreine Kohlenstoffpartikel frei, die eine Gefahr f\u00fcr die Gesundheit darstellen k\u00f6nnen. Die Partikel k\u00f6nnen leicht eingeatmet werden und gelangen tiefer in die Lunge, was zu Atemproblemen f\u00fchrt. Feinstaubsensoren sind Ger\u00e4te, mit denen die Menge dieser Partikel erkannt und gemessen werden kann.<\/p>\n<p>Dieselmotoren verwenden Dieselpartikelfilter (DPF), um die unreinen Kohlenstoffpartikel aufzufangen und ihre Freisetzung in die Umwelt zu verhindern. Partikelsensoren helfen bei der Absch\u00e4tzung der Ru\u00dfmenge, die sich auf einem DPF angesammelt hat, um geeignete Filterregenerationsstrategien zu entwickeln, z. B. die H\u00e4ufigkeit und den Zeitpunkt der Regeneration. Eine \u00dcbersch\u00e4tzung der Ru\u00dfmasse kann zu einer zu starken Regeneration f\u00fchren, die Kraftstoffverschwendung verursacht und die Abnutzung des Systems beschleunigt, w\u00e4hrend eine Untersch\u00e4tzung der Ru\u00dfablagerung zu \u00fcberm\u00e4\u00dfiger Hitze, vorzeitiger Alterung, DPF-Verschlechterung oder Totalausfall f\u00fchren kann.<\/p>\n<p>Partikelsensoren erkennen auch DPF-Ausf\u00e4lle, die aus \u00fcberm\u00e4\u00dfigen PM-Emissionen resultieren k\u00f6nnen und ein OBD-Fehlersignal ausl\u00f6sen. Die OBD-Vorschriften erfordern weitere Diagnosema\u00dfnahmen f\u00fcr das Emissionssystem, z. B. die \u00dcberpr\u00fcfung der Partikelemissionen der Heckklappe und der DPF-Filtereffizienz.<\/p>\n<h3>Arten von Ru\u00dfsensoren<\/h3>\n<p>Da die Besorgnis \u00fcber die Luftqualit\u00e4t zunimmt, werden Ru\u00dfsensoren zu einem noch wichtigeren Instrument zur Verringerung der Luftverschmutzung. Ru\u00dfsensoren lassen sich in vier Kategorien einteilen, je nachdem, welche Sensortechnologie sie verwenden. Dazu geh\u00f6ren:<\/p>\n<ul>\n<li><strong>Differenzdruck (delta P)<\/strong>: Diese Sensoren sch\u00e4tzen die Ru\u00dfbelastung des Partikelfilters auf der Grundlage des Druckverlustanstiegs im Filter.<\/li>\n<li><strong>Hochfrequenz (RF)<\/strong>: Diese Sensoren berechnen die DPF-Belastung auf der Grundlage der Absorption eines Mikrowellensignals durch den angesammelten Ru\u00df.<\/li>\n<li><strong>Akkumulierende Elektrode:<\/strong> Diese Arten von Sensoren messen die Ver\u00e4nderung des elektrischen Widerstands einer Elektrode auf der Grundlage der zeitabh\u00e4ngigen Ru\u00dfablagerung.<\/li>\n<li><strong>Elektrische Ladung:<\/strong> Elektrische Ladungssensoren verwenden Partikelaufladungstechniken, um die Partikelkonzentration im Abgas in Echtzeit zu bestimmen.<\/li>\n<\/ul>\n<h3>Vorteile von Feinstaubsensoren<\/h3>\n<p>Feinstaubsensoren bieten viele Vorteile, unter anderem:<\/p>\n<ul>\n<li><strong>Tragbarkeit<\/strong>: Aufgrund ihrer kompakten Gr\u00f6\u00dfe und Tragbarkeit k\u00f6nnen Feinstaubsensoren in vielen Umgebungen eingesetzt werden.<\/li>\n<li><strong>Exaktheit<\/strong>: Die Benutzer k\u00f6nnen sich auf die konsistenten, genauen Daten der Feinstaubsensoren verlassen, die ihnen helfen, fundierte Entscheidungen in Bezug auf die Umwelt und die \u00f6ffentliche Gesundheit zu treffen.<\/li>\n<li><strong>\u00dcberwachung in Echtzeit<\/strong>: Die Echtzeit-\u00dcberwachung der Luftqualit\u00e4t durch die Sensoren bietet Forschern, politischen Entscheidungstr\u00e4gern und B\u00fcrgern wichtige, zeitnahe Informationen. Es k\u00f6nnen mehrere Sensoren gleichzeitig installiert und betrieben werden, so dass die Nutzer entscheiden k\u00f6nnen, wann, wo und wie sie die Luftverschmutzung \u00fcberwachen.<\/li>\n<li><strong>Kosteng\u00fcnstig<\/strong>: Feinstaubsensoren sind relativ kosteng\u00fcnstige Investitionen, wodurch sie f\u00fcr mehr Einzelpersonen und Organisationen zug\u00e4nglich sind.<\/li>\n<li><strong>Benutzerfreundlich<\/strong>: F\u00fcr die Bedienung von Feinstaubsensoren sind keine speziellen Kenntnisse oder umfangreiche Schulungen erforderlich.<\/li>\n<li><strong>Intervention<\/strong>: Die Beh\u00f6rden k\u00f6nnen mit Hilfe von Ru\u00dfsensoren die Verschmutzungsquellen ermitteln und umgehend Abhilfema\u00dfnahmen zur Verbesserung der Luftqualit\u00e4t ergreifen.<\/li>\n<li><strong>Gesundheitliche Vorteile<\/strong>: Die Menschen k\u00f6nnen die Daten der Ru\u00dfsensoren nutzen, um zu wissen, wann sie bestimmte Au\u00dfenbereiche meiden oder Vorsichtsma\u00dfnahmen wie das Tragen einer Maske treffen sollten.<\/li>\n<\/ul>\n<h3>Anwendungen von Feinstaubsensoren<\/h3>\n<p>SMP Engineered Solutions hat sich auf kundenspezifische L\u00f6sungen f\u00fcr On- und Off-Highway-Fahrzeuge spezialisiert. Zu unseren wichtigsten Sektoren f\u00fcr On-Highway-Fahrzeuge geh\u00f6ren Personen- und Nutzfahrzeuge, zu den wichtigsten Sektoren f\u00fcr Off-Highway-Fahrzeuge geh\u00f6ren Powersports, Outdoor-Elektroger\u00e4te, Landwirtschaft und Bauwesen sowie Hydraulik und Industrie.<\/p>\n<p>F\u00fcr diese Branchen bietet SMP Engineered Solutions Feinstaubsensoren f\u00fcr eine Vielzahl von Anwendungen an:<\/p>\n<ul>\n<li><strong>\u00dcberwachung und Kontrolle von Emissionen<\/strong>: Ru\u00dfsensoren k\u00f6nnen Daten \u00fcber die Emissionen von Off-Highway-Automobilen wie Land- und Baumaschinen liefern. Diese Daten k\u00f6nnen helfen, Emissionen zu verfolgen und zu kontrollieren, um die Einhaltung von Umweltvorschriften zu gew\u00e4hrleisten.<\/li>\n<li><strong>Verbessern Sie die Motorleistung<\/strong>: Ru\u00dfsensoren k\u00f6nnen die Menge an verunreinigtem Kohlenstoff in den Abgasen von On- und Off-Highway-Fahrzeugen bestimmen. Diese Informationen k\u00f6nnen dazu beitragen, den Kraftstoffverbrauch zu senken und die Motorleistung zu optimieren.<\/li>\n<li><strong>Wartung und Diagnose<\/strong>: Feinstaubsensoren k\u00f6nnen dazu beitragen, eine Fehlfunktion des Motors oder einen verstopften Luftfilter zu erkennen, so dass Wartungs- und Diagnosetechniker rechtzeitig Reparaturen durchf\u00fchren und Komplettausf\u00e4lle verhindern k\u00f6nnen.<\/li>\n<li><strong>Sicherheit<\/strong>: Ru\u00dfsensoren k\u00f6nnen helfen, das Vorhandensein von unreinen Kohlenstoffpartikeln zu erkennen und den Bediener zu benachrichtigen, damit er die notwendigen Ma\u00dfnahmen ergreifen kann, was die Sicherheit von On- und Off-Highway-Fahrzeugen verbessert.<\/li>\n<\/ul>\n<h3>W\u00e4hlen Sie SMP Engineered Solutions f\u00fcr Ihren Bedarf an Feinstaubsensoren<\/h3>\n<p>Feinstaubsensoren sind f\u00fcr die Verbesserung der Luftqualit\u00e4t von entscheidender Bedeutung, und angesichts der zunehmenden Besorgnis \u00fcber die Luftqualit\u00e4t wird ihr Einsatz noch zunehmen. Die \u00dcberwachung des Ru\u00dfgehalts in Abgassystemen erm\u00f6glicht es, die Regeneration von Filtern strategisch zu planen und gleichzeitig die Einhaltung von Emissionsstandards zu gew\u00e4hrleisten.<\/p>\n<p>SMP Engineered Solutions ist ein f\u00fchrender Hersteller von hochwertigen und langlebigen Feinstaubsensoren. <a href=\"https:\/\/www.smpengineeredsolutions.com\/de\/kontakt\/\">Kontaktieren<\/a> Sie uns noch heute, um Ihren Bedarf an Feinstaubsensoren zu besprechen.<\/p>\n","protected":false},"excerpt":{"rendered":"<p>Feinstaub (PM) ist einer der gef\u00e4hrlichsten Schadstoffe f\u00fcr den menschlichen K\u00f6rper. Diese winzigen Partikel, die in der Regel kleiner als 10 Mikrometer sind, k\u00f6nnen in die Lunge eingeatmet werden und schwere Atemprobleme verursachen. Daher ist die Erkennung und Kontrolle dieser Partikel in Emissionssystemen sehr wichtig. Ein hochwertiger Feinstaubsensor kann dabei helfen, die Ru\u00dfkonzentration in Abgassystemen&#8230; [&#8230;]<\/p>\n<p><a class=\"btn btn-secondary understrap-read-more-link\" href=\"https:\/\/www.smpengineeredsolutions.com\/de\/feinstaub-sensoren\/\">Weiterlesen&#8230;<\/a><\/p>\n","protected":false},"author":32,"featured_media":0,"parent":0,"menu_order":0,"comment_status":"closed","ping_status":"closed","template":"","meta":{"_acf_changed":false,"inline_featured_image":false,"footnotes":""},"class_list":["post-7590","page","type-page","status-publish","hentry"],"featured_image_src":null,"acf":[],"yoast_head":"<!-- This site is optimized with the Yoast SEO Premium plugin v27.2 (Yoast SEO v27.2) - https:\/\/yoast.com\/product\/yoast-seo-premium-wordpress\/ -->\n<title>Feinstaubsensoren | Standard Motor Products, Inc.<\/title>\n<meta name=\"description\" content=\"Entdecken Sie die Bedeutung von Partikelsensoren, einschlie\u00dflich ihrer Vorteile und Anwendungen f\u00fcr eine Vielzahl von On- und Off-Highway-Fahrzeugbereichen.\" \/>\n<meta name=\"robots\" content=\"index, follow, max-snippet:-1, max-image-preview:large, max-video-preview:-1\" \/>\n<link rel=\"canonical\" href=\"https:\/\/www.smpengineeredsolutions.com\/de\/feinstaub-sensoren\/\" \/>\n<meta property=\"og:locale\" content=\"de_DE\" \/>\n<meta property=\"og:type\" content=\"article\" \/>\n<meta property=\"og:title\" content=\"Feinstaub-Sensoren\" \/>\n<meta property=\"og:description\" content=\"Entdecken Sie die Bedeutung von Partikelsensoren, einschlie\u00dflich ihrer Vorteile und Anwendungen f\u00fcr eine Vielzahl von On- und Off-Highway-Fahrzeugbereichen.\" \/>\n<meta property=\"og:url\" content=\"https:\/\/www.smpengineeredsolutions.com\/de\/feinstaub-sensoren\/\" \/>\n<meta property=\"og:site_name\" content=\"Standard Motor Products, Inc.\" \/>\n<meta property=\"article:modified_time\" content=\"2024-12-05T15:52:27+00:00\" \/>\n<meta name=\"twitter:label1\" content=\"Gesch\u00e4tzte Lesezeit\" \/>\n\t<meta name=\"twitter:data1\" content=\"4\u00a0Minuten\" \/>\n<script type=\"application\/ld+json\" class=\"yoast-schema-graph\">{\"@context\":\"https:\/\/schema.org\",\"@graph\":[{\"@type\":\"WebPage\",\"@id\":\"https:\/\/www.smpengineeredsolutions.com\/de\/feinstaub-sensoren\/\",\"url\":\"https:\/\/www.smpengineeredsolutions.com\/de\/feinstaub-sensoren\/\",\"name\":\"Feinstaubsensoren | Standard Motor Products, Inc.\",\"isPartOf\":{\"@id\":\"https:\/\/www.a.smpengineeredsolutions.com\/es\/#website\"},\"datePublished\":\"2023-07-05T11:26:06+00:00\",\"dateModified\":\"2024-12-05T15:52:27+00:00\",\"description\":\"Entdecken Sie die Bedeutung von Partikelsensoren, einschlie\u00dflich ihrer Vorteile und Anwendungen f\u00fcr eine Vielzahl von On- und Off-Highway-Fahrzeugbereichen.\",\"breadcrumb\":{\"@id\":\"https:\/\/www.smpengineeredsolutions.com\/de\/feinstaub-sensoren\/#breadcrumb\"},\"inLanguage\":\"de\",\"potentialAction\":[{\"@type\":\"ReadAction\",\"target\":[\"https:\/\/www.smpengineeredsolutions.com\/de\/feinstaub-sensoren\/\"]}]},{\"@type\":\"BreadcrumbList\",\"@id\":\"https:\/\/www.smpengineeredsolutions.com\/de\/feinstaub-sensoren\/#breadcrumb\",\"itemListElement\":[{\"@type\":\"ListItem\",\"position\":1,\"name\":\"Home\",\"item\":\"https:\/\/www.tcp.smpengineeredsolutions.com\/de\/\"},{\"@type\":\"ListItem\",\"position\":2,\"name\":\"Feinstaub-Sensoren\"}]},{\"@type\":\"WebSite\",\"@id\":\"https:\/\/www.a.smpengineeredsolutions.com\/es\/#website\",\"url\":\"https:\/\/www.a.smpengineeredsolutions.com\/es\/\",\"name\":\"Standard Motor Products, Inc.\",\"description\":\"\",\"publisher\":{\"@id\":\"https:\/\/www.a.smpengineeredsolutions.com\/es\/#organization\"},\"potentialAction\":[{\"@type\":\"SearchAction\",\"target\":{\"@type\":\"EntryPoint\",\"urlTemplate\":\"https:\/\/www.a.smpengineeredsolutions.com\/es\/?s={search_term_string}\"},\"query-input\":{\"@type\":\"PropertyValueSpecification\",\"valueRequired\":true,\"valueName\":\"search_term_string\"}}],\"inLanguage\":\"de\"},{\"@type\":\"Organization\",\"@id\":\"https:\/\/www.a.smpengineeredsolutions.com\/es\/#organization\",\"name\":\"SMP\u00ae Engineered Solutions\",\"url\":\"https:\/\/www.a.smpengineeredsolutions.com\/es\/\",\"logo\":{\"@type\":\"ImageObject\",\"inLanguage\":\"de\",\"@id\":\"https:\/\/www.a.smpengineeredsolutions.com\/es\/#\/schema\/logo\/image\/\",\"url\":\"https:\/\/www.a.smpengineeredsolutions.com\/wp-content\/uploads\/smp-logo.png\",\"contentUrl\":\"https:\/\/www.a.smpengineeredsolutions.com\/wp-content\/uploads\/smp-logo.png\",\"width\":264,\"height\":117,\"caption\":\"SMP\u00ae Engineered Solutions\"},\"image\":{\"@id\":\"https:\/\/www.a.smpengineeredsolutions.com\/es\/#\/schema\/logo\/image\/\"},\"sameAs\":[\"https:\/\/www.youtube.com\/@StandardMotorProductsInc\",\"https:\/\/www.linkedin.com\/company\/standard-motor-products\"]}]}<\/script>\n<!-- \/ Yoast SEO Premium plugin. -->","yoast_head_json":{"title":"Feinstaubsensoren | Standard Motor Products, Inc.","description":"Entdecken Sie die Bedeutung von Partikelsensoren, einschlie\u00dflich ihrer Vorteile und Anwendungen f\u00fcr eine Vielzahl von On- und Off-Highway-Fahrzeugbereichen.","robots":{"index":"index","follow":"follow","max-snippet":"max-snippet:-1","max-image-preview":"max-image-preview:large","max-video-preview":"max-video-preview:-1"},"canonical":"https:\/\/www.smpengineeredsolutions.com\/de\/feinstaub-sensoren\/","og_locale":"de_DE","og_type":"article","og_title":"Feinstaub-Sensoren","og_description":"Entdecken Sie die Bedeutung von Partikelsensoren, einschlie\u00dflich ihrer Vorteile und Anwendungen f\u00fcr eine Vielzahl von On- und Off-Highway-Fahrzeugbereichen.","og_url":"https:\/\/www.smpengineeredsolutions.com\/de\/feinstaub-sensoren\/","og_site_name":"Standard Motor Products, Inc.","article_modified_time":"2024-12-05T15:52:27+00:00","twitter_misc":{"Gesch\u00e4tzte Lesezeit":"4\u00a0Minuten"},"schema":{"@context":"https:\/\/schema.org","@graph":[{"@type":"WebPage","@id":"https:\/\/www.smpengineeredsolutions.com\/de\/feinstaub-sensoren\/","url":"https:\/\/www.smpengineeredsolutions.com\/de\/feinstaub-sensoren\/","name":"Feinstaubsensoren | Standard Motor Products, Inc.","isPartOf":{"@id":"https:\/\/www.a.smpengineeredsolutions.com\/es\/#website"},"datePublished":"2023-07-05T11:26:06+00:00","dateModified":"2024-12-05T15:52:27+00:00","description":"Entdecken Sie die Bedeutung von Partikelsensoren, einschlie\u00dflich ihrer Vorteile und Anwendungen f\u00fcr eine Vielzahl von On- und Off-Highway-Fahrzeugbereichen.","breadcrumb":{"@id":"https:\/\/www.smpengineeredsolutions.com\/de\/feinstaub-sensoren\/#breadcrumb"},"inLanguage":"de","potentialAction":[{"@type":"ReadAction","target":["https:\/\/www.smpengineeredsolutions.com\/de\/feinstaub-sensoren\/"]}]},{"@type":"BreadcrumbList","@id":"https:\/\/www.smpengineeredsolutions.com\/de\/feinstaub-sensoren\/#breadcrumb","itemListElement":[{"@type":"ListItem","position":1,"name":"Home","item":"https:\/\/www.tcp.smpengineeredsolutions.com\/de\/"},{"@type":"ListItem","position":2,"name":"Feinstaub-Sensoren"}]},{"@type":"WebSite","@id":"https:\/\/www.a.smpengineeredsolutions.com\/es\/#website","url":"https:\/\/www.a.smpengineeredsolutions.com\/es\/","name":"Standard Motor Products, Inc.","description":"","publisher":{"@id":"https:\/\/www.a.smpengineeredsolutions.com\/es\/#organization"},"potentialAction":[{"@type":"SearchAction","target":{"@type":"EntryPoint","urlTemplate":"https:\/\/www.a.smpengineeredsolutions.com\/es\/?s={search_term_string}"},"query-input":{"@type":"PropertyValueSpecification","valueRequired":true,"valueName":"search_term_string"}}],"inLanguage":"de"},{"@type":"Organization","@id":"https:\/\/www.a.smpengineeredsolutions.com\/es\/#organization","name":"SMP\u00ae Engineered Solutions","url":"https:\/\/www.a.smpengineeredsolutions.com\/es\/","logo":{"@type":"ImageObject","inLanguage":"de","@id":"https:\/\/www.a.smpengineeredsolutions.com\/es\/#\/schema\/logo\/image\/","url":"https:\/\/www.a.smpengineeredsolutions.com\/wp-content\/uploads\/smp-logo.png","contentUrl":"https:\/\/www.a.smpengineeredsolutions.com\/wp-content\/uploads\/smp-logo.png","width":264,"height":117,"caption":"SMP\u00ae Engineered Solutions"},"image":{"@id":"https:\/\/www.a.smpengineeredsolutions.com\/es\/#\/schema\/logo\/image\/"},"sameAs":["https:\/\/www.youtube.com\/@StandardMotorProductsInc","https:\/\/www.linkedin.com\/company\/standard-motor-products"]}]}},"_links":{"self":[{"href":"https:\/\/www.smpengineeredsolutions.com\/de\/wp-json\/wp\/v2\/pages\/7590","targetHints":{"allow":["GET"]}}],"collection":[{"href":"https:\/\/www.smpengineeredsolutions.com\/de\/wp-json\/wp\/v2\/pages"}],"about":[{"href":"https:\/\/www.smpengineeredsolutions.com\/de\/wp-json\/wp\/v2\/types\/page"}],"author":[{"embeddable":true,"href":"https:\/\/www.smpengineeredsolutions.com\/de\/wp-json\/wp\/v2\/users\/32"}],"replies":[{"embeddable":true,"href":"https:\/\/www.smpengineeredsolutions.com\/de\/wp-json\/wp\/v2\/comments?post=7590"}],"version-history":[{"count":3,"href":"https:\/\/www.smpengineeredsolutions.com\/de\/wp-json\/wp\/v2\/pages\/7590\/revisions"}],"predecessor-version":[{"id":7593,"href":"https:\/\/www.smpengineeredsolutions.com\/de\/wp-json\/wp\/v2\/pages\/7590\/revisions\/7593"}],"wp:attachment":[{"href":"https:\/\/www.smpengineeredsolutions.com\/de\/wp-json\/wp\/v2\/media?parent=7590"}],"curies":[{"name":"wp","href":"https:\/\/api.w.org\/{rel}","templated":true}]}}