{"id":7571,"date":"2024-03-13T16:07:03","date_gmt":"2024-03-13T20:07:03","guid":{"rendered":"https:\/\/www.smpengineeredsolutions.com\/?page_id=7571"},"modified":"2024-12-04T11:06:38","modified_gmt":"2024-12-04T16:06:38","slug":"2-eingaenge-4-ausgaenge-modul","status":"publish","type":"page","link":"https:\/\/www.smpengineeredsolutions.com\/de\/produkte\/elektrifizierung-und-elektronik\/can-geraete\/2-eingaenge-4-ausgaenge-modul\/","title":{"rendered":"2 Eing\u00e4nge 4 Ausg\u00e4nge Modul"},"content":{"rendered":"<p><img loading=\"lazy\" decoding=\"async\" class=\"wp-image-6571 alignright\" src=\"https:\/\/www.smpengineeredsolutions.com\/wp-content\/uploads\/2-input-4-output-module-500x619.png\" alt=\"Configurable 2 input 4 output module for sourcing digital output or a PWM Output and uses a J1939 Proprietary Peer-to-Peer Messaging.\" width=\"319\" height=\"395\" srcset=\"https:\/\/www.smpengineeredsolutions.com\/wp-content\/uploads\/2-input-4-output-module-500x619.png 500w, https:\/\/www.smpengineeredsolutions.com\/wp-content\/uploads\/2-input-4-output-module-827x1024.png 827w, https:\/\/www.smpengineeredsolutions.com\/wp-content\/uploads\/2-input-4-output-module-768x950.png 768w, https:\/\/www.smpengineeredsolutions.com\/wp-content\/uploads\/2-input-4-output-module.png 1010w\" sizes=\"auto, (max-width: 319px) 100vw, 319px\" \/><\/p>\n<p><img loading=\"lazy\" decoding=\"async\" class=\"alignnone wp-image-4563\" src=\"https:\/\/www.smpengineeredsolutions.com\/wp-content\/uploads\/SMP-Trombetta-4C-500x75.png\" alt=\"\" width=\"374\" height=\"56\" srcset=\"https:\/\/www.smpengineeredsolutions.com\/wp-content\/uploads\/SMP-Trombetta-4C-500x75.png 500w, https:\/\/www.smpengineeredsolutions.com\/wp-content\/uploads\/SMP-Trombetta-4C-1024x154.png 1024w, https:\/\/www.smpengineeredsolutions.com\/wp-content\/uploads\/SMP-Trombetta-4C-768x116.png 768w, https:\/\/www.smpengineeredsolutions.com\/wp-content\/uploads\/SMP-Trombetta-4C-1536x231.png 1536w, https:\/\/www.smpengineeredsolutions.com\/wp-content\/uploads\/SMP-Trombetta-4C-2048x309.png 2048w\" sizes=\"auto, (max-width: 374px) 100vw, 374px\" \/><\/p>\n<p>Das Modul mit 2 Ausg\u00e4ngen und 4 Eing\u00e4ngen ist ein digitales Sourcing-System, das konfiguriert und angepasst werden kann, um eine reibungslose Kommunikation zwischen der Netzwerkleitung und der Daten\u00fcbertragung zu gew\u00e4hrleisten, w\u00e4hrend die Leistungslasten und die Gesamtsteuerung eines Systems aufrechterhalten werden. Das CAN-Kommunikationsmodul verwendet einen 12-poligen versiegelten Deutsch-Stecker (entspricht DT04-12PA). Alle Ausg\u00e4nge dieses Moduls k\u00f6nnen als digitaler Ausgang oder als PWM-Ausgang konfiguriert werden. Alle Eing\u00e4nge dieses Moduls k\u00f6nnen als Sourcing-Digitaleingang, als 32-V-Analogeingang, als 4-20-mA-Analogeingang oder als metrischer 0-5-V-Verh\u00e4ltnis-Eingang konfiguriert werden. Dieses Modul verwendet J1939 Propriet\u00e4res Peer-to-Peer Messaging.<\/p>\n<h2>2 Eing\u00e4nge 4 Ausg\u00e4nge Moduleigenschaften<\/h2>\n<ul>\n<li>SAE J1939-Kommunikationsprotokoll<\/li>\n<li>Bis zu 3A pro Ausgang<\/li>\n<li>PWM oder digital<\/li>\n<li>LED-Statusanzeigen<\/li>\n<li>Erkennung und Schutz von Kurzschluss, \u00dcberlast und offener Last am Ausgang<\/li>\n<li>Eing\u00e4nge, Ausg\u00e4nge mit digitaler Quelle, analog, frequenz- oder verh\u00e4ltnismetrisch<\/li>\n<\/ul>\n<h2>Gemeinsame Bewerbung<\/h2>\n<ul>\n<li>Landwirtschaft<\/li>\n<li>Bauwesen<\/li>\n<li>Schweres Ger\u00e4t<\/li>\n<\/ul>\n<h4>H\u00e4ufig gestellte Fragen<\/h4>\n<p><strong>Wof\u00fcr wird das CAN-Bus-Modul verwendet?<\/strong><\/p>\n<p>Das Industriemodul wird f\u00fcr die Kommunikation eines Netzwerks und die \u00dcbertragung von Daten verwendet, wobei die Stromlasten und die Gesamtsteuerung eines Systems beibehalten werden. Es kann in Anwendungen wie der Landwirtschaft, dem Baugewerbe und der Schwerlasttechnik eingesetzt werden.<\/p>\n<p><strong>Welchen Umgebungs- und Betriebsbedingungen kann das Industrial Input Output Module standhalten?<\/strong><\/p>\n<p>Die minimale Betriebstemperatur liegt bei -40\u00b0C und die maximale Temperatur bei 105\u00b0C.<\/p>\n<p><strong>Kann das 6-Ausgangsmodul f\u00fcr bestimmte Anwendungen angepasst werden?<\/strong><\/p>\n<p>Ja, je nach Anwendungsbedarf kann das CAN-Bus-Eingangs-Ausgangsmodul angepasst werden.<\/p>\n","protected":false},"excerpt":{"rendered":"<p>Das Modul mit 2 Ausg\u00e4ngen und 4 Eing\u00e4ngen ist ein digitales Sourcing-System, das konfiguriert und angepasst werden kann, um eine reibungslose Kommunikation zwischen der Netzwerkleitung und der Daten\u00fcbertragung zu gew\u00e4hrleisten, w\u00e4hrend die Leistungslasten und die Gesamtsteuerung eines Systems aufrechterhalten werden. Das CAN-Kommunikationsmodul verwendet einen 12-poligen versiegelten Deutsch-Stecker (entspricht DT04-12PA). Alle Ausg\u00e4nge dieses Moduls k\u00f6nnen als&#8230; [&#8230;]<\/p>\n<p><a class=\"btn btn-secondary understrap-read-more-link\" href=\"https:\/\/www.smpengineeredsolutions.com\/de\/produkte\/elektrifizierung-und-elektronik\/can-geraete\/2-eingaenge-4-ausgaenge-modul\/\">Weiterlesen&#8230;<\/a><\/p>\n","protected":false},"author":32,"featured_media":0,"parent":4717,"menu_order":0,"comment_status":"closed","ping_status":"closed","template":"page-templates\/destination-content.php","meta":{"_acf_changed":false,"inline_featured_image":false,"footnotes":""},"class_list":["post-7571","page","type-page","status-publish","hentry"],"featured_image_src":null,"acf":[],"yoast_head":"<!-- This site is optimized with the Yoast SEO Premium plugin v27.5 (Yoast SEO v27.5) - https:\/\/yoast.com\/product\/yoast-seo-premium-wordpress\/ -->\n<title>2 Eingang 4 Ausgang Modul f\u00fcr CAN Bus Systeme | Standard Motor Products<\/title>\n<meta name=\"description\" content=\"Erweitern Sie CAN-Bus-Systeme mit dem 2 Input 4 Output Module von Standard Motor Products, das sich ideal f\u00fcr die Steuerung von Landwirtschafts-, Bau- und Schwerlastmaschinen eignet.\" \/>\n<meta name=\"robots\" content=\"index, follow, max-snippet:-1, max-image-preview:large, max-video-preview:-1\" \/>\n<link rel=\"canonical\" href=\"https:\/\/www.smpengineeredsolutions.com\/de\/produkte\/elektrifizierung-und-elektronik\/can-geraete\/2-eingaenge-4-ausgaenge-modul\/\" \/>\n<meta property=\"og:locale\" content=\"de_DE\" \/>\n<meta property=\"og:type\" content=\"article\" \/>\n<meta property=\"og:title\" content=\"2 Eing\u00e4nge 4 Ausg\u00e4nge Modul\" \/>\n<meta property=\"og:description\" content=\"Erweitern Sie CAN-Bus-Systeme mit dem 2 Input 4 Output Module von Standard Motor Products, das sich ideal f\u00fcr die Steuerung von Landwirtschafts-, Bau- und Schwerlastmaschinen eignet.\" \/>\n<meta property=\"og:url\" content=\"https:\/\/www.smpengineeredsolutions.com\/de\/produkte\/elektrifizierung-und-elektronik\/can-geraete\/2-eingaenge-4-ausgaenge-modul\/\" \/>\n<meta property=\"og:site_name\" content=\"Standard Motor Products, Inc.\" \/>\n<meta property=\"article:modified_time\" content=\"2024-12-04T16:06:38+00:00\" \/>\n<meta property=\"og:image\" content=\"https:\/\/www.smpengineeredsolutions.com\/wp-content\/uploads\/2-input-4-output-module-500x619.png\" \/>\n<meta name=\"twitter:label1\" content=\"Gesch\u00e4tzte Lesezeit\" \/>\n\t<meta name=\"twitter:data1\" content=\"2\u00a0Minuten\" \/>\n<script type=\"application\/ld+json\" class=\"yoast-schema-graph\">{\"@context\":\"https:\\\/\\\/schema.org\",\"@graph\":[{\"@type\":\"WebPage\",\"@id\":\"https:\\\/\\\/www.smpengineeredsolutions.com\\\/de\\\/produkte\\\/elektrifizierung-und-elektronik\\\/can-geraete\\\/2-eingaenge-4-ausgaenge-modul\\\/\",\"url\":\"https:\\\/\\\/www.smpengineeredsolutions.com\\\/de\\\/produkte\\\/elektrifizierung-und-elektronik\\\/can-geraete\\\/2-eingaenge-4-ausgaenge-modul\\\/\",\"name\":\"2 Eingang 4 Ausgang Modul f\u00fcr CAN Bus Systeme | Standard Motor Products\",\"isPartOf\":{\"@id\":\"https:\\\/\\\/www.smpengineeredsolutions.com\\\/de\\\/#website\"},\"primaryImageOfPage\":{\"@id\":\"https:\\\/\\\/www.smpengineeredsolutions.com\\\/de\\\/produkte\\\/elektrifizierung-und-elektronik\\\/can-geraete\\\/2-eingaenge-4-ausgaenge-modul\\\/#primaryimage\"},\"image\":{\"@id\":\"https:\\\/\\\/www.smpengineeredsolutions.com\\\/de\\\/produkte\\\/elektrifizierung-und-elektronik\\\/can-geraete\\\/2-eingaenge-4-ausgaenge-modul\\\/#primaryimage\"},\"thumbnailUrl\":\"https:\\\/\\\/www.smpengineeredsolutions.com\\\/wp-content\\\/uploads\\\/2-input-4-output-module-500x619.png\",\"datePublished\":\"2024-03-13T20:07:03+00:00\",\"dateModified\":\"2024-12-04T16:06:38+00:00\",\"description\":\"Erweitern Sie CAN-Bus-Systeme mit dem 2 Input 4 Output Module von Standard Motor Products, das sich ideal f\u00fcr die Steuerung von Landwirtschafts-, Bau- und Schwerlastmaschinen eignet.\",\"breadcrumb\":{\"@id\":\"https:\\\/\\\/www.smpengineeredsolutions.com\\\/de\\\/produkte\\\/elektrifizierung-und-elektronik\\\/can-geraete\\\/2-eingaenge-4-ausgaenge-modul\\\/#breadcrumb\"},\"inLanguage\":\"de\",\"potentialAction\":[{\"@type\":\"ReadAction\",\"target\":[\"https:\\\/\\\/www.smpengineeredsolutions.com\\\/de\\\/produkte\\\/elektrifizierung-und-elektronik\\\/can-geraete\\\/2-eingaenge-4-ausgaenge-modul\\\/\"]}]},{\"@type\":\"ImageObject\",\"inLanguage\":\"de\",\"@id\":\"https:\\\/\\\/www.smpengineeredsolutions.com\\\/de\\\/produkte\\\/elektrifizierung-und-elektronik\\\/can-geraete\\\/2-eingaenge-4-ausgaenge-modul\\\/#primaryimage\",\"url\":\"https:\\\/\\\/www.smpengineeredsolutions.com\\\/wp-content\\\/uploads\\\/2-input-4-output-module-500x619.png\",\"contentUrl\":\"https:\\\/\\\/www.smpengineeredsolutions.com\\\/wp-content\\\/uploads\\\/2-input-4-output-module-500x619.png\"},{\"@type\":\"BreadcrumbList\",\"@id\":\"https:\\\/\\\/www.smpengineeredsolutions.com\\\/de\\\/produkte\\\/elektrifizierung-und-elektronik\\\/can-geraete\\\/2-eingaenge-4-ausgaenge-modul\\\/#breadcrumb\",\"itemListElement\":[{\"@type\":\"ListItem\",\"position\":1,\"name\":\"Home\",\"item\":\"https:\\\/\\\/www.smpengineeredsolutions.com\\\/de\\\/\"},{\"@type\":\"ListItem\",\"position\":2,\"name\":\"Produkte\",\"item\":\"https:\\\/\\\/www.af63878a-61a4-44d4-a3f9-8118d911569f.smpengineeredsolutions.com\\\/de\\\/produkte\\\/\"},{\"@type\":\"ListItem\",\"position\":3,\"name\":\"Elektrifizierung und Elektronik\",\"item\":\"https:\\\/\\\/www._tcp.smpengineeredsolutions.com\\\/de\\\/produkte\\\/elektrifizierung-und-elektronik\\\/\"},{\"@type\":\"ListItem\",\"position\":4,\"name\":\"CAN-Ger\u00e4te\",\"item\":\"https:\\\/\\\/www.5590a350-1f28-4659-9ca8-a4f6c857cf0b.smpengineeredsolutions.com\\\/de\\\/produkte\\\/elektrifizierung-und-elektronik\\\/can-geraete\\\/\"},{\"@type\":\"ListItem\",\"position\":5,\"name\":\"2 Eing\u00e4nge 4 Ausg\u00e4nge Modul\"}]},{\"@type\":\"WebSite\",\"@id\":\"https:\\\/\\\/www.smpengineeredsolutions.com\\\/de\\\/#website\",\"url\":\"https:\\\/\\\/www.smpengineeredsolutions.com\\\/de\\\/\",\"name\":\"Standard Motor Products, Inc.\",\"description\":\"\",\"publisher\":{\"@id\":\"https:\\\/\\\/www.smpengineeredsolutions.com\\\/de\\\/#organization\"},\"potentialAction\":[{\"@type\":\"SearchAction\",\"target\":{\"@type\":\"EntryPoint\",\"urlTemplate\":\"https:\\\/\\\/www.smpengineeredsolutions.com\\\/de\\\/?s={search_term_string}\"},\"query-input\":{\"@type\":\"PropertyValueSpecification\",\"valueRequired\":true,\"valueName\":\"search_term_string\"}}],\"inLanguage\":\"de\"},{\"@type\":\"Organization\",\"@id\":\"https:\\\/\\\/www.smpengineeredsolutions.com\\\/de\\\/#organization\",\"name\":\"SMP\u00ae Engineered Solutions\",\"url\":\"https:\\\/\\\/www.smpengineeredsolutions.com\\\/de\\\/\",\"logo\":{\"@type\":\"ImageObject\",\"inLanguage\":\"de\",\"@id\":\"https:\\\/\\\/www.smpengineeredsolutions.com\\\/de\\\/#\\\/schema\\\/logo\\\/image\\\/\",\"url\":\"https:\\\/\\\/www.a.smpengineeredsolutions.com\\\/wp-content\\\/uploads\\\/smp-logo.png\",\"contentUrl\":\"https:\\\/\\\/www.a.smpengineeredsolutions.com\\\/wp-content\\\/uploads\\\/smp-logo.png\",\"width\":264,\"height\":117,\"caption\":\"SMP\u00ae Engineered Solutions\"},\"image\":{\"@id\":\"https:\\\/\\\/www.smpengineeredsolutions.com\\\/de\\\/#\\\/schema\\\/logo\\\/image\\\/\"},\"sameAs\":[\"https:\\\/\\\/www.youtube.com\\\/@StandardMotorProductsInc\",\"https:\\\/\\\/www.linkedin.com\\\/company\\\/standard-motor-products\"]}]}<\/script>\n<!-- \/ Yoast SEO Premium plugin. -->","yoast_head_json":{"title":"2 Eingang 4 Ausgang Modul f\u00fcr CAN Bus Systeme | Standard Motor Products","description":"Erweitern Sie CAN-Bus-Systeme mit dem 2 Input 4 Output Module von Standard Motor Products, das sich ideal f\u00fcr die Steuerung von Landwirtschafts-, Bau- und Schwerlastmaschinen eignet.","robots":{"index":"index","follow":"follow","max-snippet":"max-snippet:-1","max-image-preview":"max-image-preview:large","max-video-preview":"max-video-preview:-1"},"canonical":"https:\/\/www.smpengineeredsolutions.com\/de\/produkte\/elektrifizierung-und-elektronik\/can-geraete\/2-eingaenge-4-ausgaenge-modul\/","og_locale":"de_DE","og_type":"article","og_title":"2 Eing\u00e4nge 4 Ausg\u00e4nge Modul","og_description":"Erweitern Sie CAN-Bus-Systeme mit dem 2 Input 4 Output Module von Standard Motor Products, das sich ideal f\u00fcr die Steuerung von Landwirtschafts-, Bau- und Schwerlastmaschinen eignet.","og_url":"https:\/\/www.smpengineeredsolutions.com\/de\/produkte\/elektrifizierung-und-elektronik\/can-geraete\/2-eingaenge-4-ausgaenge-modul\/","og_site_name":"Standard Motor Products, Inc.","article_modified_time":"2024-12-04T16:06:38+00:00","og_image":[{"url":"https:\/\/www.smpengineeredsolutions.com\/wp-content\/uploads\/2-input-4-output-module-500x619.png","type":"","width":"","height":""}],"twitter_misc":{"Gesch\u00e4tzte Lesezeit":"2\u00a0Minuten"},"schema":{"@context":"https:\/\/schema.org","@graph":[{"@type":"WebPage","@id":"https:\/\/www.smpengineeredsolutions.com\/de\/produkte\/elektrifizierung-und-elektronik\/can-geraete\/2-eingaenge-4-ausgaenge-modul\/","url":"https:\/\/www.smpengineeredsolutions.com\/de\/produkte\/elektrifizierung-und-elektronik\/can-geraete\/2-eingaenge-4-ausgaenge-modul\/","name":"2 Eingang 4 Ausgang Modul f\u00fcr CAN Bus Systeme | Standard Motor Products","isPartOf":{"@id":"https:\/\/www.smpengineeredsolutions.com\/de\/#website"},"primaryImageOfPage":{"@id":"https:\/\/www.smpengineeredsolutions.com\/de\/produkte\/elektrifizierung-und-elektronik\/can-geraete\/2-eingaenge-4-ausgaenge-modul\/#primaryimage"},"image":{"@id":"https:\/\/www.smpengineeredsolutions.com\/de\/produkte\/elektrifizierung-und-elektronik\/can-geraete\/2-eingaenge-4-ausgaenge-modul\/#primaryimage"},"thumbnailUrl":"https:\/\/www.smpengineeredsolutions.com\/wp-content\/uploads\/2-input-4-output-module-500x619.png","datePublished":"2024-03-13T20:07:03+00:00","dateModified":"2024-12-04T16:06:38+00:00","description":"Erweitern Sie CAN-Bus-Systeme mit dem 2 Input 4 Output Module von Standard Motor Products, das sich ideal f\u00fcr die Steuerung von Landwirtschafts-, Bau- und Schwerlastmaschinen eignet.","breadcrumb":{"@id":"https:\/\/www.smpengineeredsolutions.com\/de\/produkte\/elektrifizierung-und-elektronik\/can-geraete\/2-eingaenge-4-ausgaenge-modul\/#breadcrumb"},"inLanguage":"de","potentialAction":[{"@type":"ReadAction","target":["https:\/\/www.smpengineeredsolutions.com\/de\/produkte\/elektrifizierung-und-elektronik\/can-geraete\/2-eingaenge-4-ausgaenge-modul\/"]}]},{"@type":"ImageObject","inLanguage":"de","@id":"https:\/\/www.smpengineeredsolutions.com\/de\/produkte\/elektrifizierung-und-elektronik\/can-geraete\/2-eingaenge-4-ausgaenge-modul\/#primaryimage","url":"https:\/\/www.smpengineeredsolutions.com\/wp-content\/uploads\/2-input-4-output-module-500x619.png","contentUrl":"https:\/\/www.smpengineeredsolutions.com\/wp-content\/uploads\/2-input-4-output-module-500x619.png"},{"@type":"BreadcrumbList","@id":"https:\/\/www.smpengineeredsolutions.com\/de\/produkte\/elektrifizierung-und-elektronik\/can-geraete\/2-eingaenge-4-ausgaenge-modul\/#breadcrumb","itemListElement":[{"@type":"ListItem","position":1,"name":"Home","item":"https:\/\/www.smpengineeredsolutions.com\/de\/"},{"@type":"ListItem","position":2,"name":"Produkte","item":"https:\/\/www.af63878a-61a4-44d4-a3f9-8118d911569f.smpengineeredsolutions.com\/de\/produkte\/"},{"@type":"ListItem","position":3,"name":"Elektrifizierung und Elektronik","item":"https:\/\/www._tcp.smpengineeredsolutions.com\/de\/produkte\/elektrifizierung-und-elektronik\/"},{"@type":"ListItem","position":4,"name":"CAN-Ger\u00e4te","item":"https:\/\/www.5590a350-1f28-4659-9ca8-a4f6c857cf0b.smpengineeredsolutions.com\/de\/produkte\/elektrifizierung-und-elektronik\/can-geraete\/"},{"@type":"ListItem","position":5,"name":"2 Eing\u00e4nge 4 Ausg\u00e4nge Modul"}]},{"@type":"WebSite","@id":"https:\/\/www.smpengineeredsolutions.com\/de\/#website","url":"https:\/\/www.smpengineeredsolutions.com\/de\/","name":"Standard Motor Products, Inc.","description":"","publisher":{"@id":"https:\/\/www.smpengineeredsolutions.com\/de\/#organization"},"potentialAction":[{"@type":"SearchAction","target":{"@type":"EntryPoint","urlTemplate":"https:\/\/www.smpengineeredsolutions.com\/de\/?s={search_term_string}"},"query-input":{"@type":"PropertyValueSpecification","valueRequired":true,"valueName":"search_term_string"}}],"inLanguage":"de"},{"@type":"Organization","@id":"https:\/\/www.smpengineeredsolutions.com\/de\/#organization","name":"SMP\u00ae Engineered Solutions","url":"https:\/\/www.smpengineeredsolutions.com\/de\/","logo":{"@type":"ImageObject","inLanguage":"de","@id":"https:\/\/www.smpengineeredsolutions.com\/de\/#\/schema\/logo\/image\/","url":"https:\/\/www.a.smpengineeredsolutions.com\/wp-content\/uploads\/smp-logo.png","contentUrl":"https:\/\/www.a.smpengineeredsolutions.com\/wp-content\/uploads\/smp-logo.png","width":264,"height":117,"caption":"SMP\u00ae Engineered Solutions"},"image":{"@id":"https:\/\/www.smpengineeredsolutions.com\/de\/#\/schema\/logo\/image\/"},"sameAs":["https:\/\/www.youtube.com\/@StandardMotorProductsInc","https:\/\/www.linkedin.com\/company\/standard-motor-products"]}]}},"_links":{"self":[{"href":"https:\/\/www.smpengineeredsolutions.com\/de\/wp-json\/wp\/v2\/pages\/7571","targetHints":{"allow":["GET"]}}],"collection":[{"href":"https:\/\/www.smpengineeredsolutions.com\/de\/wp-json\/wp\/v2\/pages"}],"about":[{"href":"https:\/\/www.smpengineeredsolutions.com\/de\/wp-json\/wp\/v2\/types\/page"}],"author":[{"embeddable":true,"href":"https:\/\/www.smpengineeredsolutions.com\/de\/wp-json\/wp\/v2\/users\/32"}],"replies":[{"embeddable":true,"href":"https:\/\/www.smpengineeredsolutions.com\/de\/wp-json\/wp\/v2\/comments?post=7571"}],"version-history":[{"count":6,"href":"https:\/\/www.smpengineeredsolutions.com\/de\/wp-json\/wp\/v2\/pages\/7571\/revisions"}],"predecessor-version":[{"id":7579,"href":"https:\/\/www.smpengineeredsolutions.com\/de\/wp-json\/wp\/v2\/pages\/7571\/revisions\/7579"}],"up":[{"embeddable":true,"href":"https:\/\/www.smpengineeredsolutions.com\/de\/wp-json\/wp\/v2\/pages\/4717"}],"wp:attachment":[{"href":"https:\/\/www.smpengineeredsolutions.com\/de\/wp-json\/wp\/v2\/media?parent=7571"}],"curies":[{"name":"wp","href":"https:\/\/api.w.org\/{rel}","templated":true}]}}