{"id":4968,"date":"2023-01-27T11:44:48","date_gmt":"2023-01-27T16:44:48","guid":{"rendered":"https:\/\/smpengineeredsolutions.com\/?page_id=4968"},"modified":"2023-10-19T07:22:15","modified_gmt":"2023-10-19T07:22:15","slug":"spezial-zuendschalter-hi-power","status":"publish","type":"page","link":"https:\/\/www.smpengineeredsolutions.com\/de\/produkte\/schalter\/zuendschalter\/spezial-zuendschalter-hi-power\/","title":{"rendered":"Spezial-Z\u00fcndschalter (Hi-Power)"},"content":{"rendered":"<div class=\"text-center\"><a class=\"lightbox\" href=\"\/wp-content\/uploads\/hi-power-ignition-switch.jpg\"><img decoding=\"async\" title=\"Spezial-Z\u00fcndschalter (Hi-Power)\" src=\"\/wp-content\/uploads\/hi-power-ignition-switch.jpg\" alt=\"Spezial-Z\u00fcndschalter (Hi-Power)\" \/><\/a><\/div>\n<ul>\n<li>Versilberte Kontakte<\/li>\n<li>Versilberte, w\u00e4rmeableitende Schleiferkontakte<\/li>\n<li>Zus\u00e4tzliche Funktionen im Standardgeh\u00e4use erh\u00e4ltlich<\/li>\n<\/ul>\n<h2>G\u00e4ngige verf\u00fcgbare Schaltereigenschaften<\/h2>\n<div class=\"text-center\"><a class=\"lightbox\" href=\"\/wp-content\/uploads\/heavy-duty-die-cast-starter-switches-characteristics-4-DE.jpg\"><img decoding=\"async\" title=\"Common Available Switch Characteristics\" src=\"\/wp-content\/uploads\/heavy-duty-die-cast-starter-switches-characteristics-4-DE.jpg\" alt=\"Common Available Switch Characteristics\" \/><\/a><\/div>\n\n<table id=\"tablepress-19\" class=\"tablepress tablepress-id-19 tbody-has-connected-cells\">\n<thead>\n<tr class=\"row-1\">\n\t<th colspan=\"3\" class=\"column-1\"><div class=\"text-center\">TYPISCHE WERTE BEI 14 VOLT GLEICHSPANNUNG (50.000 SCHALTZYKLEN)<\/div><\/th>\n<\/tr>\n<\/thead>\n<tbody class=\"row-striping row-hover\">\n<tr class=\"row-2\">\n\t<td class=\"column-1\"><strong>Z\u00fcndklemme<\/strong><\/td><td class=\"column-2\"><strong>Zubeh\u00f6rklemme<\/strong><\/td><td class=\"column-3\"><strong>Startklemme<br \/>\n<\/srtong><\/td>\n<\/tr>\n<tr class=\"row-3\">\n\t<td class=\"column-1\">8 Ampere<\/td><td class=\"column-2\">30 Ampere (induktiv)<\/td><td class=\"column-3\">75 Ampere Einschalten<br \/>\n20 Ampere Pause<\/td>\n<\/tr>\n<tr class=\"row-4\">\n\t<td colspan=\"3\" class=\"column-1\"><div class=\"text-center\">Kontinuierliche Strombelastbarkeit - 30 Ampere bei 14 V<br \/>\nZubeh\u00f6rklemme mit Draht der St\u00e4rke 5,26 mm2<\/div><br \/>\n<\/td>\n<\/tr>\n<\/tbody>\n<\/table>\n<!-- #tablepress-19 from cache -->\n<h2>Sockeltypen und Anschl\u00fcsse<\/h2>\n<div class=\"text-center\"><a class=\"lightbox\" href=\"\/wp-content\/uploads\/basic-types-and-connections-4-DE.jpg\"\"><img decoding=\"async\" title=\"Base Types and Connections\" src=\"\/wp-content\/uploads\/basic-types-and-connections-4-DE.jpg\"\" alt=\"Base Types and Connections\" \/><\/a><\/div>\n<h2>Befestigungslochmuster<\/h2>\n<div class=\"text-center\"><a class=\"lightbox\" href=\"\/wp-content\/uploads\/mounting-hole-patterns-4-DE.jpg\"><img loading=\"lazy\" decoding=\"async\" class=\"aligncenter size-full wp-image-2791\" src=\"\/wp-content\/uploads\/mounting-hole-patterns-4-DE.jpg\" alt=\"Mounting Hole Patterns\" width=\"400\" height=\"388\" \/><\/a><\/div>\n","protected":false},"excerpt":{"rendered":"<p>Versilberte Kontakte Versilberte, w\u00e4rmeableitende Schleiferkontakte Zus\u00e4tzliche Funktionen im Standardgeh\u00e4use erh\u00e4ltlich G\u00e4ngige verf\u00fcgbare Schaltereigenschaften Sockeltypen und Anschl\u00fcsse Befestigungslochmuster [&#8230;]<\/p>\n<p><a class=\"btn btn-secondary understrap-read-more-link\" href=\"https:\/\/www.smpengineeredsolutions.com\/de\/produkte\/schalter\/zuendschalter\/spezial-zuendschalter-hi-power\/\">Weiterlesen&#8230;<\/a><\/p>\n","protected":false},"author":27,"featured_media":0,"parent":4686,"menu_order":0,"comment_status":"closed","ping_status":"closed","template":"","meta":{"_acf_changed":false,"inline_featured_image":false,"footnotes":""},"class_list":["post-4968","page","type-page","status-publish","hentry"],"featured_image_src":null,"acf":[],"yoast_head":"<!-- This site is optimized with the Yoast SEO Premium plugin v27.5 (Yoast SEO v27.5) - https:\/\/yoast.com\/product\/yoast-seo-premium-wordpress\/ -->\n<title>Spezial-Z\u00fcndschalter (Hi-Power) - Standard Motor Products, Inc.<\/title>\n<meta name=\"robots\" content=\"index, follow, max-snippet:-1, max-image-preview:large, max-video-preview:-1\" \/>\n<link rel=\"canonical\" href=\"https:\/\/www.smpengineeredsolutions.com\/de\/produkte\/schalter\/zuendschalter\/spezial-zuendschalter-hi-power\/\" \/>\n<meta property=\"og:locale\" content=\"de_DE\" \/>\n<meta property=\"og:type\" content=\"article\" \/>\n<meta property=\"og:title\" content=\"Spezial-Z\u00fcndschalter (Hi-Power)\" \/>\n<meta property=\"og:description\" content=\"Versilberte Kontakte Versilberte, w\u00e4rmeableitende Schleiferkontakte Zus\u00e4tzliche Funktionen im Standardgeh\u00e4use erh\u00e4ltlich G\u00e4ngige verf\u00fcgbare Schaltereigenschaften Sockeltypen und Anschl\u00fcsse Befestigungslochmuster [...]Weiterlesen...\" \/>\n<meta property=\"og:url\" content=\"https:\/\/www.smpengineeredsolutions.com\/de\/produkte\/schalter\/zuendschalter\/spezial-zuendschalter-hi-power\/\" \/>\n<meta property=\"og:site_name\" content=\"Standard Motor Products, Inc.\" \/>\n<meta property=\"article:modified_time\" content=\"2023-10-19T07:22:15+00:00\" \/>\n<meta name=\"twitter:label1\" content=\"Gesch\u00e4tzte Lesezeit\" \/>\n\t<meta name=\"twitter:data1\" content=\"1\u00a0Minute\" \/>\n<script type=\"application\/ld+json\" class=\"yoast-schema-graph\">{\"@context\":\"https:\\\/\\\/schema.org\",\"@graph\":[{\"@type\":\"WebPage\",\"@id\":\"https:\\\/\\\/www.smpengineeredsolutions.com\\\/de\\\/produkte\\\/schalter\\\/zuendschalter\\\/spezial-zuendschalter-hi-power\\\/\",\"url\":\"https:\\\/\\\/www.smpengineeredsolutions.com\\\/de\\\/produkte\\\/schalter\\\/zuendschalter\\\/spezial-zuendschalter-hi-power\\\/\",\"name\":\"Spezial-Z\u00fcndschalter (Hi-Power) - Standard Motor Products, Inc.\",\"isPartOf\":{\"@id\":\"https:\\\/\\\/www.smpengineeredsolutions.com\\\/de\\\/#website\"},\"datePublished\":\"2023-01-27T16:44:48+00:00\",\"dateModified\":\"2023-10-19T07:22:15+00:00\",\"breadcrumb\":{\"@id\":\"https:\\\/\\\/www.smpengineeredsolutions.com\\\/de\\\/produkte\\\/schalter\\\/zuendschalter\\\/spezial-zuendschalter-hi-power\\\/#breadcrumb\"},\"inLanguage\":\"de\",\"potentialAction\":[{\"@type\":\"ReadAction\",\"target\":[\"https:\\\/\\\/www.smpengineeredsolutions.com\\\/de\\\/produkte\\\/schalter\\\/zuendschalter\\\/spezial-zuendschalter-hi-power\\\/\"]}]},{\"@type\":\"BreadcrumbList\",\"@id\":\"https:\\\/\\\/www.smpengineeredsolutions.com\\\/de\\\/produkte\\\/schalter\\\/zuendschalter\\\/spezial-zuendschalter-hi-power\\\/#breadcrumb\",\"itemListElement\":[{\"@type\":\"ListItem\",\"position\":1,\"name\":\"Home\",\"item\":\"https:\\\/\\\/www.smpengineeredsolutions.com\\\/de\\\/\"},{\"@type\":\"ListItem\",\"position\":2,\"name\":\"Produkte\",\"item\":\"https:\\\/\\\/www.af63878a-61a4-44d4-a3f9-8118d911569f.smpengineeredsolutions.com\\\/de\\\/produkte\\\/\"},{\"@type\":\"ListItem\",\"position\":3,\"name\":\"Schalter\",\"item\":\"https:\\\/\\\/www.96ce9a62-fe5f-4a67-a933-f08256570101.a.smpengineeredsolutions.com\\\/de\\\/produkte\\\/schalter\\\/\"},{\"@type\":\"ListItem\",\"position\":4,\"name\":\"Z\u00fcndschalter\",\"item\":\"https:\\\/\\\/www.sitemaps.smpengineeredsolutions.com\\\/de\\\/produkte\\\/schalter\\\/zuendschalter\\\/\"},{\"@type\":\"ListItem\",\"position\":5,\"name\":\"Spezial-Z\u00fcndschalter (Hi-Power)\"}]},{\"@type\":\"WebSite\",\"@id\":\"https:\\\/\\\/www.smpengineeredsolutions.com\\\/de\\\/#website\",\"url\":\"https:\\\/\\\/www.smpengineeredsolutions.com\\\/de\\\/\",\"name\":\"Standard Motor Products, Inc.\",\"description\":\"\",\"publisher\":{\"@id\":\"https:\\\/\\\/www.smpengineeredsolutions.com\\\/de\\\/#organization\"},\"potentialAction\":[{\"@type\":\"SearchAction\",\"target\":{\"@type\":\"EntryPoint\",\"urlTemplate\":\"https:\\\/\\\/www.smpengineeredsolutions.com\\\/de\\\/?s={search_term_string}\"},\"query-input\":{\"@type\":\"PropertyValueSpecification\",\"valueRequired\":true,\"valueName\":\"search_term_string\"}}],\"inLanguage\":\"de\"},{\"@type\":\"Organization\",\"@id\":\"https:\\\/\\\/www.smpengineeredsolutions.com\\\/de\\\/#organization\",\"name\":\"SMP\u00ae Engineered Solutions\",\"url\":\"https:\\\/\\\/www.smpengineeredsolutions.com\\\/de\\\/\",\"logo\":{\"@type\":\"ImageObject\",\"inLanguage\":\"de\",\"@id\":\"https:\\\/\\\/www.smpengineeredsolutions.com\\\/de\\\/#\\\/schema\\\/logo\\\/image\\\/\",\"url\":\"https:\\\/\\\/www.a.smpengineeredsolutions.com\\\/wp-content\\\/uploads\\\/smp-logo.png\",\"contentUrl\":\"https:\\\/\\\/www.a.smpengineeredsolutions.com\\\/wp-content\\\/uploads\\\/smp-logo.png\",\"width\":264,\"height\":117,\"caption\":\"SMP\u00ae Engineered Solutions\"},\"image\":{\"@id\":\"https:\\\/\\\/www.smpengineeredsolutions.com\\\/de\\\/#\\\/schema\\\/logo\\\/image\\\/\"},\"sameAs\":[\"https:\\\/\\\/www.youtube.com\\\/@StandardMotorProductsInc\",\"https:\\\/\\\/www.linkedin.com\\\/company\\\/standard-motor-products\"]}]}<\/script>\n<!-- \/ Yoast SEO Premium plugin. -->","yoast_head_json":{"title":"Spezial-Z\u00fcndschalter (Hi-Power) - Standard Motor Products, Inc.","robots":{"index":"index","follow":"follow","max-snippet":"max-snippet:-1","max-image-preview":"max-image-preview:large","max-video-preview":"max-video-preview:-1"},"canonical":"https:\/\/www.smpengineeredsolutions.com\/de\/produkte\/schalter\/zuendschalter\/spezial-zuendschalter-hi-power\/","og_locale":"de_DE","og_type":"article","og_title":"Spezial-Z\u00fcndschalter (Hi-Power)","og_description":"Versilberte Kontakte Versilberte, w\u00e4rmeableitende Schleiferkontakte Zus\u00e4tzliche Funktionen im Standardgeh\u00e4use erh\u00e4ltlich G\u00e4ngige verf\u00fcgbare Schaltereigenschaften Sockeltypen und Anschl\u00fcsse Befestigungslochmuster [...]Weiterlesen...","og_url":"https:\/\/www.smpengineeredsolutions.com\/de\/produkte\/schalter\/zuendschalter\/spezial-zuendschalter-hi-power\/","og_site_name":"Standard Motor Products, Inc.","article_modified_time":"2023-10-19T07:22:15+00:00","twitter_misc":{"Gesch\u00e4tzte Lesezeit":"1\u00a0Minute"},"schema":{"@context":"https:\/\/schema.org","@graph":[{"@type":"WebPage","@id":"https:\/\/www.smpengineeredsolutions.com\/de\/produkte\/schalter\/zuendschalter\/spezial-zuendschalter-hi-power\/","url":"https:\/\/www.smpengineeredsolutions.com\/de\/produkte\/schalter\/zuendschalter\/spezial-zuendschalter-hi-power\/","name":"Spezial-Z\u00fcndschalter (Hi-Power) - Standard Motor Products, Inc.","isPartOf":{"@id":"https:\/\/www.smpengineeredsolutions.com\/de\/#website"},"datePublished":"2023-01-27T16:44:48+00:00","dateModified":"2023-10-19T07:22:15+00:00","breadcrumb":{"@id":"https:\/\/www.smpengineeredsolutions.com\/de\/produkte\/schalter\/zuendschalter\/spezial-zuendschalter-hi-power\/#breadcrumb"},"inLanguage":"de","potentialAction":[{"@type":"ReadAction","target":["https:\/\/www.smpengineeredsolutions.com\/de\/produkte\/schalter\/zuendschalter\/spezial-zuendschalter-hi-power\/"]}]},{"@type":"BreadcrumbList","@id":"https:\/\/www.smpengineeredsolutions.com\/de\/produkte\/schalter\/zuendschalter\/spezial-zuendschalter-hi-power\/#breadcrumb","itemListElement":[{"@type":"ListItem","position":1,"name":"Home","item":"https:\/\/www.smpengineeredsolutions.com\/de\/"},{"@type":"ListItem","position":2,"name":"Produkte","item":"https:\/\/www.af63878a-61a4-44d4-a3f9-8118d911569f.smpengineeredsolutions.com\/de\/produkte\/"},{"@type":"ListItem","position":3,"name":"Schalter","item":"https:\/\/www.96ce9a62-fe5f-4a67-a933-f08256570101.a.smpengineeredsolutions.com\/de\/produkte\/schalter\/"},{"@type":"ListItem","position":4,"name":"Z\u00fcndschalter","item":"https:\/\/www.sitemaps.smpengineeredsolutions.com\/de\/produkte\/schalter\/zuendschalter\/"},{"@type":"ListItem","position":5,"name":"Spezial-Z\u00fcndschalter (Hi-Power)"}]},{"@type":"WebSite","@id":"https:\/\/www.smpengineeredsolutions.com\/de\/#website","url":"https:\/\/www.smpengineeredsolutions.com\/de\/","name":"Standard Motor Products, Inc.","description":"","publisher":{"@id":"https:\/\/www.smpengineeredsolutions.com\/de\/#organization"},"potentialAction":[{"@type":"SearchAction","target":{"@type":"EntryPoint","urlTemplate":"https:\/\/www.smpengineeredsolutions.com\/de\/?s={search_term_string}"},"query-input":{"@type":"PropertyValueSpecification","valueRequired":true,"valueName":"search_term_string"}}],"inLanguage":"de"},{"@type":"Organization","@id":"https:\/\/www.smpengineeredsolutions.com\/de\/#organization","name":"SMP\u00ae Engineered Solutions","url":"https:\/\/www.smpengineeredsolutions.com\/de\/","logo":{"@type":"ImageObject","inLanguage":"de","@id":"https:\/\/www.smpengineeredsolutions.com\/de\/#\/schema\/logo\/image\/","url":"https:\/\/www.a.smpengineeredsolutions.com\/wp-content\/uploads\/smp-logo.png","contentUrl":"https:\/\/www.a.smpengineeredsolutions.com\/wp-content\/uploads\/smp-logo.png","width":264,"height":117,"caption":"SMP\u00ae Engineered Solutions"},"image":{"@id":"https:\/\/www.smpengineeredsolutions.com\/de\/#\/schema\/logo\/image\/"},"sameAs":["https:\/\/www.youtube.com\/@StandardMotorProductsInc","https:\/\/www.linkedin.com\/company\/standard-motor-products"]}]}},"_links":{"self":[{"href":"https:\/\/www.smpengineeredsolutions.com\/de\/wp-json\/wp\/v2\/pages\/4968","targetHints":{"allow":["GET"]}}],"collection":[{"href":"https:\/\/www.smpengineeredsolutions.com\/de\/wp-json\/wp\/v2\/pages"}],"about":[{"href":"https:\/\/www.smpengineeredsolutions.com\/de\/wp-json\/wp\/v2\/types\/page"}],"author":[{"embeddable":true,"href":"https:\/\/www.smpengineeredsolutions.com\/de\/wp-json\/wp\/v2\/users\/27"}],"replies":[{"embeddable":true,"href":"https:\/\/www.smpengineeredsolutions.com\/de\/wp-json\/wp\/v2\/comments?post=4968"}],"version-history":[{"count":0,"href":"https:\/\/www.smpengineeredsolutions.com\/de\/wp-json\/wp\/v2\/pages\/4968\/revisions"}],"up":[{"embeddable":true,"href":"https:\/\/www.smpengineeredsolutions.com\/de\/wp-json\/wp\/v2\/pages\/4686"}],"wp:attachment":[{"href":"https:\/\/www.smpengineeredsolutions.com\/de\/wp-json\/wp\/v2\/media?parent=4968"}],"curies":[{"name":"wp","href":"https:\/\/api.w.org\/{rel}","templated":true}]}}