{"id":4967,"date":"2023-01-27T09:01:34","date_gmt":"2023-01-27T14:01:34","guid":{"rendered":"https:\/\/smpengineeredsolutions.com\/?page_id=4967"},"modified":"2025-04-16T11:38:00","modified_gmt":"2025-04-16T15:38:00","slug":"maritime-zuendschalter","status":"publish","type":"page","link":"https:\/\/www.smpengineeredsolutions.com\/de\/produkte\/schalter\/zuendschalter\/maritime-zuendschalter\/","title":{"rendered":"Maritime Z\u00fcndschalter"},"content":{"rendered":"<h2>F\u00fcr Magnetz\u00fcnder-Anwendungen<\/h2>\n<div class=\"text-center\"><a class=\"lightbox\" href=\"https:\/\/www.smpengineeredsolutions.com\/wp-content\/uploads\/3-marine-starter-switches.jpg\"><img decoding=\"async\" title=\"Maritime Z\u00fcndschalter\" src=\"https:\/\/www.smpengineeredsolutions.com\/wp-content\/uploads\/3-marine-starter-switches.jpg\" alt=\"Maritime Z\u00fcndschalter\" \/><\/a><\/div>\n<ul>\n<li>Magnetz\u00fcnder in \u201eAus\u201c-Stellung geerdet<\/li>\n<li>Glasgef\u00fclltes Delrin-Geh\u00e4use<\/li>\n<li>Klemmen aus rostfreiem Stahl<\/li>\n<li>Geformter Valox-Sockel<\/li>\n<li>Montagebuchse mit 13\/16\u2033 Durchmesser<\/li>\n<li>Spezielle witterungsbest\u00e4ndige Dichtung und Ablaufbohrung<\/li>\n<li>Mit Anschlussklemmen ausgestattet<\/li>\n<li>Befestigungsmuttern und zwei Schl\u00fcssel<\/li>\n<li>Nennwert bei 12 V Gleichstrom<\/li>\n<li>Metall-an-Metall-geerdet \u2013 10 Ampere induktiv<\/li>\n<\/ul>\n","protected":false},"excerpt":{"rendered":"<p>F\u00fcr Magnetz\u00fcnder-Anwendungen Magnetz\u00fcnder in \u201eAus\u201c-Stellung geerdet Glasgef\u00fclltes Delrin-Geh\u00e4use Klemmen aus rostfreiem Stahl Geformter Valox-Sockel Montagebuchse mit 13\/16\u2033 Durchmesser Spezielle witterungsbest\u00e4ndige Dichtung und Ablaufbohrung Mit Anschlussklemmen ausgestattet Befestigungsmuttern und zwei Schl\u00fcssel Nennwert bei 12 V Gleichstrom Metall-an-Metall-geerdet \u2013 10 Ampere induktiv [&#8230;]<\/p>\n<p><a class=\"btn btn-secondary understrap-read-more-link\" href=\"https:\/\/www.smpengineeredsolutions.com\/de\/produkte\/schalter\/zuendschalter\/maritime-zuendschalter\/\">Weiterlesen&#8230;<\/a><\/p>\n","protected":false},"author":27,"featured_media":0,"parent":4686,"menu_order":0,"comment_status":"closed","ping_status":"closed","template":"","meta":{"_acf_changed":false,"inline_featured_image":false,"footnotes":""},"class_list":["post-4967","page","type-page","status-publish","hentry"],"featured_image_src":null,"acf":[],"yoast_head":"<!-- This site is optimized with the Yoast SEO Premium plugin v27.5 (Yoast SEO v27.5) - https:\/\/yoast.com\/product\/yoast-seo-premium-wordpress\/ -->\n<title>Maritime Z\u00fcndschalter | Z\u00fcndschalter | Standard Motor Products<\/title>\n<meta name=\"description\" content=\"Sehen Sie sich unsere Maritime Z\u00fcndschalter an. Sie haben ein glasgef\u00fclltes Delrin-Geh\u00e4use, einen gegossenen Velox-Sockel, eine Nennspannung von 12 VDC und vieles mehr!\" \/>\n<meta name=\"robots\" content=\"index, follow, max-snippet:-1, max-image-preview:large, max-video-preview:-1\" \/>\n<link rel=\"canonical\" href=\"https:\/\/www.smpengineeredsolutions.com\/de\/produkte\/schalter\/zuendschalter\/maritime-zuendschalter\/\" \/>\n<meta property=\"og:locale\" content=\"de_DE\" \/>\n<meta property=\"og:type\" content=\"article\" \/>\n<meta property=\"og:title\" content=\"Maritime Z\u00fcndschalter\" \/>\n<meta property=\"og:description\" content=\"Sehen Sie sich unsere Maritime Z\u00fcndschalter an. Sie haben ein glasgef\u00fclltes Delrin-Geh\u00e4use, einen gegossenen Velox-Sockel, eine Nennspannung von 12 VDC und vieles mehr!\" \/>\n<meta property=\"og:url\" content=\"https:\/\/www.smpengineeredsolutions.com\/de\/produkte\/schalter\/zuendschalter\/maritime-zuendschalter\/\" \/>\n<meta property=\"og:site_name\" content=\"Standard Motor Products, Inc.\" \/>\n<meta property=\"article:modified_time\" content=\"2025-04-16T15:38:00+00:00\" \/>\n<meta property=\"og:image\" content=\"https:\/\/www.smpengineeredsolutions.com\/wp-content\/uploads\/3-marine-starter-switches.jpg\" \/>\n<meta name=\"twitter:label1\" content=\"Gesch\u00e4tzte Lesezeit\" \/>\n\t<meta name=\"twitter:data1\" content=\"1\u00a0Minute\" \/>\n<script type=\"application\/ld+json\" class=\"yoast-schema-graph\">{\"@context\":\"https:\\\/\\\/schema.org\",\"@graph\":[{\"@type\":\"WebPage\",\"@id\":\"https:\\\/\\\/www.smpengineeredsolutions.com\\\/de\\\/produkte\\\/schalter\\\/zuendschalter\\\/maritime-zuendschalter\\\/\",\"url\":\"https:\\\/\\\/www.smpengineeredsolutions.com\\\/de\\\/produkte\\\/schalter\\\/zuendschalter\\\/maritime-zuendschalter\\\/\",\"name\":\"Maritime Z\u00fcndschalter | Z\u00fcndschalter | Standard Motor Products\",\"isPartOf\":{\"@id\":\"https:\\\/\\\/www.smpengineeredsolutions.com\\\/de\\\/#website\"},\"primaryImageOfPage\":{\"@id\":\"https:\\\/\\\/www.smpengineeredsolutions.com\\\/de\\\/produkte\\\/schalter\\\/zuendschalter\\\/maritime-zuendschalter\\\/#primaryimage\"},\"image\":{\"@id\":\"https:\\\/\\\/www.smpengineeredsolutions.com\\\/de\\\/produkte\\\/schalter\\\/zuendschalter\\\/maritime-zuendschalter\\\/#primaryimage\"},\"thumbnailUrl\":\"https:\\\/\\\/www.smpengineeredsolutions.com\\\/wp-content\\\/uploads\\\/3-marine-starter-switches.jpg\",\"datePublished\":\"2023-01-27T14:01:34+00:00\",\"dateModified\":\"2025-04-16T15:38:00+00:00\",\"description\":\"Sehen Sie sich unsere Maritime Z\u00fcndschalter an. Sie haben ein glasgef\u00fclltes Delrin-Geh\u00e4use, einen gegossenen Velox-Sockel, eine Nennspannung von 12 VDC und vieles mehr!\",\"breadcrumb\":{\"@id\":\"https:\\\/\\\/www.smpengineeredsolutions.com\\\/de\\\/produkte\\\/schalter\\\/zuendschalter\\\/maritime-zuendschalter\\\/#breadcrumb\"},\"inLanguage\":\"de\",\"potentialAction\":[{\"@type\":\"ReadAction\",\"target\":[\"https:\\\/\\\/www.smpengineeredsolutions.com\\\/de\\\/produkte\\\/schalter\\\/zuendschalter\\\/maritime-zuendschalter\\\/\"]}]},{\"@type\":\"ImageObject\",\"inLanguage\":\"de\",\"@id\":\"https:\\\/\\\/www.smpengineeredsolutions.com\\\/de\\\/produkte\\\/schalter\\\/zuendschalter\\\/maritime-zuendschalter\\\/#primaryimage\",\"url\":\"https:\\\/\\\/www.smpengineeredsolutions.com\\\/wp-content\\\/uploads\\\/3-marine-starter-switches.jpg\",\"contentUrl\":\"https:\\\/\\\/www.smpengineeredsolutions.com\\\/wp-content\\\/uploads\\\/3-marine-starter-switches.jpg\"},{\"@type\":\"BreadcrumbList\",\"@id\":\"https:\\\/\\\/www.smpengineeredsolutions.com\\\/de\\\/produkte\\\/schalter\\\/zuendschalter\\\/maritime-zuendschalter\\\/#breadcrumb\",\"itemListElement\":[{\"@type\":\"ListItem\",\"position\":1,\"name\":\"Home\",\"item\":\"https:\\\/\\\/www.smpengineeredsolutions.com\\\/de\\\/\"},{\"@type\":\"ListItem\",\"position\":2,\"name\":\"Produkte\",\"item\":\"https:\\\/\\\/www.af63878a-61a4-44d4-a3f9-8118d911569f.smpengineeredsolutions.com\\\/de\\\/produkte\\\/\"},{\"@type\":\"ListItem\",\"position\":3,\"name\":\"Schalter\",\"item\":\"https:\\\/\\\/www.96ce9a62-fe5f-4a67-a933-f08256570101.a.smpengineeredsolutions.com\\\/de\\\/produkte\\\/schalter\\\/\"},{\"@type\":\"ListItem\",\"position\":4,\"name\":\"Z\u00fcndschalter\",\"item\":\"https:\\\/\\\/www.sitemaps.smpengineeredsolutions.com\\\/de\\\/produkte\\\/schalter\\\/zuendschalter\\\/\"},{\"@type\":\"ListItem\",\"position\":5,\"name\":\"Maritime Z\u00fcndschalter\"}]},{\"@type\":\"WebSite\",\"@id\":\"https:\\\/\\\/www.smpengineeredsolutions.com\\\/de\\\/#website\",\"url\":\"https:\\\/\\\/www.smpengineeredsolutions.com\\\/de\\\/\",\"name\":\"Standard Motor Products, Inc.\",\"description\":\"\",\"publisher\":{\"@id\":\"https:\\\/\\\/www.smpengineeredsolutions.com\\\/de\\\/#organization\"},\"potentialAction\":[{\"@type\":\"SearchAction\",\"target\":{\"@type\":\"EntryPoint\",\"urlTemplate\":\"https:\\\/\\\/www.smpengineeredsolutions.com\\\/de\\\/?s={search_term_string}\"},\"query-input\":{\"@type\":\"PropertyValueSpecification\",\"valueRequired\":true,\"valueName\":\"search_term_string\"}}],\"inLanguage\":\"de\"},{\"@type\":\"Organization\",\"@id\":\"https:\\\/\\\/www.smpengineeredsolutions.com\\\/de\\\/#organization\",\"name\":\"SMP\u00ae Engineered Solutions\",\"url\":\"https:\\\/\\\/www.smpengineeredsolutions.com\\\/de\\\/\",\"logo\":{\"@type\":\"ImageObject\",\"inLanguage\":\"de\",\"@id\":\"https:\\\/\\\/www.smpengineeredsolutions.com\\\/de\\\/#\\\/schema\\\/logo\\\/image\\\/\",\"url\":\"https:\\\/\\\/www.a.smpengineeredsolutions.com\\\/wp-content\\\/uploads\\\/smp-logo.png\",\"contentUrl\":\"https:\\\/\\\/www.a.smpengineeredsolutions.com\\\/wp-content\\\/uploads\\\/smp-logo.png\",\"width\":264,\"height\":117,\"caption\":\"SMP\u00ae Engineered Solutions\"},\"image\":{\"@id\":\"https:\\\/\\\/www.smpengineeredsolutions.com\\\/de\\\/#\\\/schema\\\/logo\\\/image\\\/\"},\"sameAs\":[\"https:\\\/\\\/www.youtube.com\\\/@StandardMotorProductsInc\",\"https:\\\/\\\/www.linkedin.com\\\/company\\\/standard-motor-products\"]}]}<\/script>\n<!-- \/ Yoast SEO Premium plugin. -->","yoast_head_json":{"title":"Maritime Z\u00fcndschalter | Z\u00fcndschalter | Standard Motor Products","description":"Sehen Sie sich unsere Maritime Z\u00fcndschalter an. Sie haben ein glasgef\u00fclltes Delrin-Geh\u00e4use, einen gegossenen Velox-Sockel, eine Nennspannung von 12 VDC und vieles mehr!","robots":{"index":"index","follow":"follow","max-snippet":"max-snippet:-1","max-image-preview":"max-image-preview:large","max-video-preview":"max-video-preview:-1"},"canonical":"https:\/\/www.smpengineeredsolutions.com\/de\/produkte\/schalter\/zuendschalter\/maritime-zuendschalter\/","og_locale":"de_DE","og_type":"article","og_title":"Maritime Z\u00fcndschalter","og_description":"Sehen Sie sich unsere Maritime Z\u00fcndschalter an. Sie haben ein glasgef\u00fclltes Delrin-Geh\u00e4use, einen gegossenen Velox-Sockel, eine Nennspannung von 12 VDC und vieles mehr!","og_url":"https:\/\/www.smpengineeredsolutions.com\/de\/produkte\/schalter\/zuendschalter\/maritime-zuendschalter\/","og_site_name":"Standard Motor Products, Inc.","article_modified_time":"2025-04-16T15:38:00+00:00","og_image":[{"url":"https:\/\/www.smpengineeredsolutions.com\/wp-content\/uploads\/3-marine-starter-switches.jpg","type":"","width":"","height":""}],"twitter_misc":{"Gesch\u00e4tzte Lesezeit":"1\u00a0Minute"},"schema":{"@context":"https:\/\/schema.org","@graph":[{"@type":"WebPage","@id":"https:\/\/www.smpengineeredsolutions.com\/de\/produkte\/schalter\/zuendschalter\/maritime-zuendschalter\/","url":"https:\/\/www.smpengineeredsolutions.com\/de\/produkte\/schalter\/zuendschalter\/maritime-zuendschalter\/","name":"Maritime Z\u00fcndschalter | Z\u00fcndschalter | Standard Motor Products","isPartOf":{"@id":"https:\/\/www.smpengineeredsolutions.com\/de\/#website"},"primaryImageOfPage":{"@id":"https:\/\/www.smpengineeredsolutions.com\/de\/produkte\/schalter\/zuendschalter\/maritime-zuendschalter\/#primaryimage"},"image":{"@id":"https:\/\/www.smpengineeredsolutions.com\/de\/produkte\/schalter\/zuendschalter\/maritime-zuendschalter\/#primaryimage"},"thumbnailUrl":"https:\/\/www.smpengineeredsolutions.com\/wp-content\/uploads\/3-marine-starter-switches.jpg","datePublished":"2023-01-27T14:01:34+00:00","dateModified":"2025-04-16T15:38:00+00:00","description":"Sehen Sie sich unsere Maritime Z\u00fcndschalter an. Sie haben ein glasgef\u00fclltes Delrin-Geh\u00e4use, einen gegossenen Velox-Sockel, eine Nennspannung von 12 VDC und vieles mehr!","breadcrumb":{"@id":"https:\/\/www.smpengineeredsolutions.com\/de\/produkte\/schalter\/zuendschalter\/maritime-zuendschalter\/#breadcrumb"},"inLanguage":"de","potentialAction":[{"@type":"ReadAction","target":["https:\/\/www.smpengineeredsolutions.com\/de\/produkte\/schalter\/zuendschalter\/maritime-zuendschalter\/"]}]},{"@type":"ImageObject","inLanguage":"de","@id":"https:\/\/www.smpengineeredsolutions.com\/de\/produkte\/schalter\/zuendschalter\/maritime-zuendschalter\/#primaryimage","url":"https:\/\/www.smpengineeredsolutions.com\/wp-content\/uploads\/3-marine-starter-switches.jpg","contentUrl":"https:\/\/www.smpengineeredsolutions.com\/wp-content\/uploads\/3-marine-starter-switches.jpg"},{"@type":"BreadcrumbList","@id":"https:\/\/www.smpengineeredsolutions.com\/de\/produkte\/schalter\/zuendschalter\/maritime-zuendschalter\/#breadcrumb","itemListElement":[{"@type":"ListItem","position":1,"name":"Home","item":"https:\/\/www.smpengineeredsolutions.com\/de\/"},{"@type":"ListItem","position":2,"name":"Produkte","item":"https:\/\/www.af63878a-61a4-44d4-a3f9-8118d911569f.smpengineeredsolutions.com\/de\/produkte\/"},{"@type":"ListItem","position":3,"name":"Schalter","item":"https:\/\/www.96ce9a62-fe5f-4a67-a933-f08256570101.a.smpengineeredsolutions.com\/de\/produkte\/schalter\/"},{"@type":"ListItem","position":4,"name":"Z\u00fcndschalter","item":"https:\/\/www.sitemaps.smpengineeredsolutions.com\/de\/produkte\/schalter\/zuendschalter\/"},{"@type":"ListItem","position":5,"name":"Maritime Z\u00fcndschalter"}]},{"@type":"WebSite","@id":"https:\/\/www.smpengineeredsolutions.com\/de\/#website","url":"https:\/\/www.smpengineeredsolutions.com\/de\/","name":"Standard Motor Products, Inc.","description":"","publisher":{"@id":"https:\/\/www.smpengineeredsolutions.com\/de\/#organization"},"potentialAction":[{"@type":"SearchAction","target":{"@type":"EntryPoint","urlTemplate":"https:\/\/www.smpengineeredsolutions.com\/de\/?s={search_term_string}"},"query-input":{"@type":"PropertyValueSpecification","valueRequired":true,"valueName":"search_term_string"}}],"inLanguage":"de"},{"@type":"Organization","@id":"https:\/\/www.smpengineeredsolutions.com\/de\/#organization","name":"SMP\u00ae Engineered Solutions","url":"https:\/\/www.smpengineeredsolutions.com\/de\/","logo":{"@type":"ImageObject","inLanguage":"de","@id":"https:\/\/www.smpengineeredsolutions.com\/de\/#\/schema\/logo\/image\/","url":"https:\/\/www.a.smpengineeredsolutions.com\/wp-content\/uploads\/smp-logo.png","contentUrl":"https:\/\/www.a.smpengineeredsolutions.com\/wp-content\/uploads\/smp-logo.png","width":264,"height":117,"caption":"SMP\u00ae Engineered Solutions"},"image":{"@id":"https:\/\/www.smpengineeredsolutions.com\/de\/#\/schema\/logo\/image\/"},"sameAs":["https:\/\/www.youtube.com\/@StandardMotorProductsInc","https:\/\/www.linkedin.com\/company\/standard-motor-products"]}]}},"_links":{"self":[{"href":"https:\/\/www.smpengineeredsolutions.com\/de\/wp-json\/wp\/v2\/pages\/4967","targetHints":{"allow":["GET"]}}],"collection":[{"href":"https:\/\/www.smpengineeredsolutions.com\/de\/wp-json\/wp\/v2\/pages"}],"about":[{"href":"https:\/\/www.smpengineeredsolutions.com\/de\/wp-json\/wp\/v2\/types\/page"}],"author":[{"embeddable":true,"href":"https:\/\/www.smpengineeredsolutions.com\/de\/wp-json\/wp\/v2\/users\/27"}],"replies":[{"embeddable":true,"href":"https:\/\/www.smpengineeredsolutions.com\/de\/wp-json\/wp\/v2\/comments?post=4967"}],"version-history":[{"count":1,"href":"https:\/\/www.smpengineeredsolutions.com\/de\/wp-json\/wp\/v2\/pages\/4967\/revisions"}],"predecessor-version":[{"id":7869,"href":"https:\/\/www.smpengineeredsolutions.com\/de\/wp-json\/wp\/v2\/pages\/4967\/revisions\/7869"}],"up":[{"embeddable":true,"href":"https:\/\/www.smpengineeredsolutions.com\/de\/wp-json\/wp\/v2\/pages\/4686"}],"wp:attachment":[{"href":"https:\/\/www.smpengineeredsolutions.com\/de\/wp-json\/wp\/v2\/media?parent=4967"}],"curies":[{"name":"wp","href":"https:\/\/api.w.org\/{rel}","templated":true}]}}