{"id":4963,"date":"2023-01-27T08:59:44","date_gmt":"2023-01-27T13:59:44","guid":{"rendered":"https:\/\/smpengineeredsolutions.com\/?page_id=4963"},"modified":"2023-10-19T07:13:07","modified_gmt":"2023-10-19T07:13:07","slug":"3-stellungs-zuendschalter","status":"publish","type":"page","link":"https:\/\/www.smpengineeredsolutions.com\/de\/produkte\/schalter\/zuendschalter\/3-stellungs-zuendschalter\/","title":{"rendered":"3-Stellungs-Z\u00fcndschalter"},"content":{"rendered":"<p>3-Stellungs-Schalter werden bei Maschinen mit Druckknopfstart verwendet, die keinen Startpfosten auf der R\u00fcckseite des Schalters f\u00fcr ein Starterkabel haben. Diese Schalter sind nur Ein-Aus-Schalter und haben keine Federr\u00fcckstellung f\u00fcr den Betrieb.<\/p>\n<div class=\"text-center\"><a class=\"lightbox\" href=\"\/wp-content\/uploads\/3-position-starter-switch.png\"><img decoding=\"async\" title=\"3-Stellungs-Z\u00fcndschalter\" src=\"\/wp-content\/uploads\/3-position-starter-switch.png\" alt=\"3-Stellungs-Z\u00fcndschalter\" width=\"600\" \/><\/a><\/div>\n<ul>\n<li>ohne Federr\u00fcckstellung f\u00fcr den Betrieb<\/li>\n<li>robustes Druckgussgeh\u00e4use<\/li>\n<li>geformter Bakelit-Klemmensockel<\/li>\n<li>Druckgusssockel zur Abdichtung umgedreht<\/li>\n<li>inklusive Sicherungsmutter und Befestigungsmutter<\/li>\n<li>gemischte Schl\u00fcsselcodes oder gleichschlie\u00dfende Schl\u00fcssel je nach Verf\u00fcgbarkeit<\/li>\n<\/ul>\n","protected":false},"excerpt":{"rendered":"<p>3-Stellungs-Schalter werden bei Maschinen mit Druckknopfstart verwendet, die keinen Startpfosten auf der R\u00fcckseite des Schalters f\u00fcr ein Starterkabel haben. Diese Schalter sind nur Ein-Aus-Schalter und haben keine Federr\u00fcckstellung f\u00fcr den Betrieb. ohne Federr\u00fcckstellung f\u00fcr den Betrieb robustes Druckgussgeh\u00e4use geformter Bakelit-Klemmensockel Druckgusssockel zur Abdichtung umgedreht inklusive Sicherungsmutter und Befestigungsmutter gemischte Schl\u00fcsselcodes oder gleichschlie\u00dfende Schl\u00fcssel je nach&#8230; [&#8230;]<\/p>\n<p><a class=\"btn btn-secondary understrap-read-more-link\" href=\"https:\/\/www.smpengineeredsolutions.com\/de\/produkte\/schalter\/zuendschalter\/3-stellungs-zuendschalter\/\">Weiterlesen&#8230;<\/a><\/p>\n","protected":false},"author":27,"featured_media":0,"parent":4686,"menu_order":0,"comment_status":"closed","ping_status":"closed","template":"page-templates\/destination-content.php","meta":{"_acf_changed":false,"inline_featured_image":false,"footnotes":""},"class_list":["post-4963","page","type-page","status-publish","hentry"],"featured_image_src":null,"acf":[],"yoast_head":"<!-- This site is optimized with the Yoast SEO Premium plugin v27.5 (Yoast SEO v27.5) - https:\/\/yoast.com\/product\/yoast-seo-premium-wordpress\/ -->\n<title>3-Stellungs-Z\u00fcndschalter - Standard Motor Products, Inc.<\/title>\n<meta name=\"robots\" content=\"index, follow, max-snippet:-1, max-image-preview:large, max-video-preview:-1\" \/>\n<link rel=\"canonical\" href=\"https:\/\/www.smpengineeredsolutions.com\/de\/produkte\/schalter\/zuendschalter\/3-stellungs-zuendschalter\/\" \/>\n<meta property=\"og:locale\" content=\"de_DE\" \/>\n<meta property=\"og:type\" content=\"article\" \/>\n<meta property=\"og:title\" content=\"3-Stellungs-Z\u00fcndschalter\" \/>\n<meta property=\"og:description\" content=\"3-Stellungs-Schalter werden bei Maschinen mit Druckknopfstart verwendet, die keinen Startpfosten auf der R\u00fcckseite des Schalters f\u00fcr ein Starterkabel haben. Diese Schalter sind nur Ein-Aus-Schalter und haben keine Federr\u00fcckstellung f\u00fcr den Betrieb. ohne Federr\u00fcckstellung f\u00fcr den Betrieb robustes Druckgussgeh\u00e4use geformter Bakelit-Klemmensockel Druckgusssockel zur Abdichtung umgedreht inklusive Sicherungsmutter und Befestigungsmutter gemischte Schl\u00fcsselcodes oder gleichschlie\u00dfende Schl\u00fcssel je nach... [...]Weiterlesen...\" \/>\n<meta property=\"og:url\" content=\"https:\/\/www.smpengineeredsolutions.com\/de\/produkte\/schalter\/zuendschalter\/3-stellungs-zuendschalter\/\" \/>\n<meta property=\"og:site_name\" content=\"Standard Motor Products, Inc.\" \/>\n<meta property=\"article:modified_time\" content=\"2023-10-19T07:13:07+00:00\" \/>\n<meta name=\"twitter:label1\" content=\"Gesch\u00e4tzte Lesezeit\" \/>\n\t<meta name=\"twitter:data1\" content=\"1\u00a0Minute\" \/>\n<script type=\"application\/ld+json\" class=\"yoast-schema-graph\">{\"@context\":\"https:\\\/\\\/schema.org\",\"@graph\":[{\"@type\":\"WebPage\",\"@id\":\"https:\\\/\\\/www.smpengineeredsolutions.com\\\/de\\\/produkte\\\/schalter\\\/zuendschalter\\\/3-stellungs-zuendschalter\\\/\",\"url\":\"https:\\\/\\\/www.smpengineeredsolutions.com\\\/de\\\/produkte\\\/schalter\\\/zuendschalter\\\/3-stellungs-zuendschalter\\\/\",\"name\":\"3-Stellungs-Z\u00fcndschalter - Standard Motor Products, Inc.\",\"isPartOf\":{\"@id\":\"https:\\\/\\\/www.smpengineeredsolutions.com\\\/de\\\/#website\"},\"datePublished\":\"2023-01-27T13:59:44+00:00\",\"dateModified\":\"2023-10-19T07:13:07+00:00\",\"breadcrumb\":{\"@id\":\"https:\\\/\\\/www.smpengineeredsolutions.com\\\/de\\\/produkte\\\/schalter\\\/zuendschalter\\\/3-stellungs-zuendschalter\\\/#breadcrumb\"},\"inLanguage\":\"de\",\"potentialAction\":[{\"@type\":\"ReadAction\",\"target\":[\"https:\\\/\\\/www.smpengineeredsolutions.com\\\/de\\\/produkte\\\/schalter\\\/zuendschalter\\\/3-stellungs-zuendschalter\\\/\"]}]},{\"@type\":\"BreadcrumbList\",\"@id\":\"https:\\\/\\\/www.smpengineeredsolutions.com\\\/de\\\/produkte\\\/schalter\\\/zuendschalter\\\/3-stellungs-zuendschalter\\\/#breadcrumb\",\"itemListElement\":[{\"@type\":\"ListItem\",\"position\":1,\"name\":\"Home\",\"item\":\"https:\\\/\\\/www.smpengineeredsolutions.com\\\/de\\\/\"},{\"@type\":\"ListItem\",\"position\":2,\"name\":\"Produkte\",\"item\":\"https:\\\/\\\/www.af63878a-61a4-44d4-a3f9-8118d911569f.smpengineeredsolutions.com\\\/de\\\/produkte\\\/\"},{\"@type\":\"ListItem\",\"position\":3,\"name\":\"Schalter\",\"item\":\"https:\\\/\\\/www.96ce9a62-fe5f-4a67-a933-f08256570101.a.smpengineeredsolutions.com\\\/de\\\/produkte\\\/schalter\\\/\"},{\"@type\":\"ListItem\",\"position\":4,\"name\":\"Z\u00fcndschalter\",\"item\":\"https:\\\/\\\/www.sitemaps.smpengineeredsolutions.com\\\/de\\\/produkte\\\/schalter\\\/zuendschalter\\\/\"},{\"@type\":\"ListItem\",\"position\":5,\"name\":\"3-Stellungs-Z\u00fcndschalter\"}]},{\"@type\":\"WebSite\",\"@id\":\"https:\\\/\\\/www.smpengineeredsolutions.com\\\/de\\\/#website\",\"url\":\"https:\\\/\\\/www.smpengineeredsolutions.com\\\/de\\\/\",\"name\":\"Standard Motor Products, Inc.\",\"description\":\"\",\"publisher\":{\"@id\":\"https:\\\/\\\/www.smpengineeredsolutions.com\\\/de\\\/#organization\"},\"potentialAction\":[{\"@type\":\"SearchAction\",\"target\":{\"@type\":\"EntryPoint\",\"urlTemplate\":\"https:\\\/\\\/www.smpengineeredsolutions.com\\\/de\\\/?s={search_term_string}\"},\"query-input\":{\"@type\":\"PropertyValueSpecification\",\"valueRequired\":true,\"valueName\":\"search_term_string\"}}],\"inLanguage\":\"de\"},{\"@type\":\"Organization\",\"@id\":\"https:\\\/\\\/www.smpengineeredsolutions.com\\\/de\\\/#organization\",\"name\":\"SMP\u00ae Engineered Solutions\",\"url\":\"https:\\\/\\\/www.smpengineeredsolutions.com\\\/de\\\/\",\"logo\":{\"@type\":\"ImageObject\",\"inLanguage\":\"de\",\"@id\":\"https:\\\/\\\/www.smpengineeredsolutions.com\\\/de\\\/#\\\/schema\\\/logo\\\/image\\\/\",\"url\":\"https:\\\/\\\/www.a.smpengineeredsolutions.com\\\/wp-content\\\/uploads\\\/smp-logo.png\",\"contentUrl\":\"https:\\\/\\\/www.a.smpengineeredsolutions.com\\\/wp-content\\\/uploads\\\/smp-logo.png\",\"width\":264,\"height\":117,\"caption\":\"SMP\u00ae Engineered Solutions\"},\"image\":{\"@id\":\"https:\\\/\\\/www.smpengineeredsolutions.com\\\/de\\\/#\\\/schema\\\/logo\\\/image\\\/\"},\"sameAs\":[\"https:\\\/\\\/www.youtube.com\\\/@StandardMotorProductsInc\",\"https:\\\/\\\/www.linkedin.com\\\/company\\\/standard-motor-products\"]}]}<\/script>\n<!-- \/ Yoast SEO Premium plugin. -->","yoast_head_json":{"title":"3-Stellungs-Z\u00fcndschalter - Standard Motor Products, Inc.","robots":{"index":"index","follow":"follow","max-snippet":"max-snippet:-1","max-image-preview":"max-image-preview:large","max-video-preview":"max-video-preview:-1"},"canonical":"https:\/\/www.smpengineeredsolutions.com\/de\/produkte\/schalter\/zuendschalter\/3-stellungs-zuendschalter\/","og_locale":"de_DE","og_type":"article","og_title":"3-Stellungs-Z\u00fcndschalter","og_description":"3-Stellungs-Schalter werden bei Maschinen mit Druckknopfstart verwendet, die keinen Startpfosten auf der R\u00fcckseite des Schalters f\u00fcr ein Starterkabel haben. Diese Schalter sind nur Ein-Aus-Schalter und haben keine Federr\u00fcckstellung f\u00fcr den Betrieb. ohne Federr\u00fcckstellung f\u00fcr den Betrieb robustes Druckgussgeh\u00e4use geformter Bakelit-Klemmensockel Druckgusssockel zur Abdichtung umgedreht inklusive Sicherungsmutter und Befestigungsmutter gemischte Schl\u00fcsselcodes oder gleichschlie\u00dfende Schl\u00fcssel je nach... [...]Weiterlesen...","og_url":"https:\/\/www.smpengineeredsolutions.com\/de\/produkte\/schalter\/zuendschalter\/3-stellungs-zuendschalter\/","og_site_name":"Standard Motor Products, Inc.","article_modified_time":"2023-10-19T07:13:07+00:00","twitter_misc":{"Gesch\u00e4tzte Lesezeit":"1\u00a0Minute"},"schema":{"@context":"https:\/\/schema.org","@graph":[{"@type":"WebPage","@id":"https:\/\/www.smpengineeredsolutions.com\/de\/produkte\/schalter\/zuendschalter\/3-stellungs-zuendschalter\/","url":"https:\/\/www.smpengineeredsolutions.com\/de\/produkte\/schalter\/zuendschalter\/3-stellungs-zuendschalter\/","name":"3-Stellungs-Z\u00fcndschalter - Standard Motor Products, Inc.","isPartOf":{"@id":"https:\/\/www.smpengineeredsolutions.com\/de\/#website"},"datePublished":"2023-01-27T13:59:44+00:00","dateModified":"2023-10-19T07:13:07+00:00","breadcrumb":{"@id":"https:\/\/www.smpengineeredsolutions.com\/de\/produkte\/schalter\/zuendschalter\/3-stellungs-zuendschalter\/#breadcrumb"},"inLanguage":"de","potentialAction":[{"@type":"ReadAction","target":["https:\/\/www.smpengineeredsolutions.com\/de\/produkte\/schalter\/zuendschalter\/3-stellungs-zuendschalter\/"]}]},{"@type":"BreadcrumbList","@id":"https:\/\/www.smpengineeredsolutions.com\/de\/produkte\/schalter\/zuendschalter\/3-stellungs-zuendschalter\/#breadcrumb","itemListElement":[{"@type":"ListItem","position":1,"name":"Home","item":"https:\/\/www.smpengineeredsolutions.com\/de\/"},{"@type":"ListItem","position":2,"name":"Produkte","item":"https:\/\/www.af63878a-61a4-44d4-a3f9-8118d911569f.smpengineeredsolutions.com\/de\/produkte\/"},{"@type":"ListItem","position":3,"name":"Schalter","item":"https:\/\/www.96ce9a62-fe5f-4a67-a933-f08256570101.a.smpengineeredsolutions.com\/de\/produkte\/schalter\/"},{"@type":"ListItem","position":4,"name":"Z\u00fcndschalter","item":"https:\/\/www.sitemaps.smpengineeredsolutions.com\/de\/produkte\/schalter\/zuendschalter\/"},{"@type":"ListItem","position":5,"name":"3-Stellungs-Z\u00fcndschalter"}]},{"@type":"WebSite","@id":"https:\/\/www.smpengineeredsolutions.com\/de\/#website","url":"https:\/\/www.smpengineeredsolutions.com\/de\/","name":"Standard Motor Products, Inc.","description":"","publisher":{"@id":"https:\/\/www.smpengineeredsolutions.com\/de\/#organization"},"potentialAction":[{"@type":"SearchAction","target":{"@type":"EntryPoint","urlTemplate":"https:\/\/www.smpengineeredsolutions.com\/de\/?s={search_term_string}"},"query-input":{"@type":"PropertyValueSpecification","valueRequired":true,"valueName":"search_term_string"}}],"inLanguage":"de"},{"@type":"Organization","@id":"https:\/\/www.smpengineeredsolutions.com\/de\/#organization","name":"SMP\u00ae Engineered Solutions","url":"https:\/\/www.smpengineeredsolutions.com\/de\/","logo":{"@type":"ImageObject","inLanguage":"de","@id":"https:\/\/www.smpengineeredsolutions.com\/de\/#\/schema\/logo\/image\/","url":"https:\/\/www.a.smpengineeredsolutions.com\/wp-content\/uploads\/smp-logo.png","contentUrl":"https:\/\/www.a.smpengineeredsolutions.com\/wp-content\/uploads\/smp-logo.png","width":264,"height":117,"caption":"SMP\u00ae Engineered Solutions"},"image":{"@id":"https:\/\/www.smpengineeredsolutions.com\/de\/#\/schema\/logo\/image\/"},"sameAs":["https:\/\/www.youtube.com\/@StandardMotorProductsInc","https:\/\/www.linkedin.com\/company\/standard-motor-products"]}]}},"_links":{"self":[{"href":"https:\/\/www.smpengineeredsolutions.com\/de\/wp-json\/wp\/v2\/pages\/4963","targetHints":{"allow":["GET"]}}],"collection":[{"href":"https:\/\/www.smpengineeredsolutions.com\/de\/wp-json\/wp\/v2\/pages"}],"about":[{"href":"https:\/\/www.smpengineeredsolutions.com\/de\/wp-json\/wp\/v2\/types\/page"}],"author":[{"embeddable":true,"href":"https:\/\/www.smpengineeredsolutions.com\/de\/wp-json\/wp\/v2\/users\/27"}],"replies":[{"embeddable":true,"href":"https:\/\/www.smpengineeredsolutions.com\/de\/wp-json\/wp\/v2\/comments?post=4963"}],"version-history":[{"count":0,"href":"https:\/\/www.smpengineeredsolutions.com\/de\/wp-json\/wp\/v2\/pages\/4963\/revisions"}],"up":[{"embeddable":true,"href":"https:\/\/www.smpengineeredsolutions.com\/de\/wp-json\/wp\/v2\/pages\/4686"}],"wp:attachment":[{"href":"https:\/\/www.smpengineeredsolutions.com\/de\/wp-json\/wp\/v2\/media?parent=4963"}],"curies":[{"name":"wp","href":"https:\/\/api.w.org\/{rel}","templated":true}]}}