{"id":4784,"date":"2023-01-24T14:21:20","date_gmt":"2023-01-24T19:21:20","guid":{"rendered":"https:\/\/smpengineeredsolutions.com\/?page_id=4784"},"modified":"2023-09-01T09:04:00","modified_gmt":"2023-09-01T09:04:00","slug":"kabelsatz-einrueckrelais","status":"publish","type":"page","link":"https:\/\/www.smpengineeredsolutions.com\/de\/kabelsatz-einrueckrelais\/","title":{"rendered":"Kabelsatz Einr\u00fcckrelais"},"content":{"rendered":"<div class=\"feature-img-right\"><a class=\"lightbox\" href=\"\/wp-content\/uploads\/tr-cablekitfam.jpg\"><img decoding=\"async\" title=\"Kabelsatz Einr\u00fcckrelais\" src=\"\/wp-content\/uploads\/tr-cablekitfam.jpg\" alt=\"Kabelsatz Einr\u00fcckrelais\" width=\"300\" \/><\/a><\/div>\n<div><\/div>\n<div>\n<p>Der Kabelsatz bietet ein H\u00f6chstma\u00df an Flexibilit\u00e4t, da das Arbeitseinr\u00fcckrelais an einem abgelegenen Ort montiert werden kann und somit vor Umwelteinfl\u00fcssen gesch\u00fctzt ist. Durch einfaches Anbringen des Kabels an der Last kann der Hub entsprechend den Anforderungen Ihrer Anwendung eingestellt werden. Zu den Anwendungen geh\u00f6ren Dieselmotoren \u2013 Kraftstoffabschaltung, Drosselklappensteuerung, Kompressionsfreigabe und Generatoren. Diese S\u00e4tze sind f\u00fcr mechanische Drosselklappengest\u00e4nge ausgelegt und nicht f\u00fcr die elektronische Drosselklappensteuerung (ETC). Bei Verwendung dieses Kabelsatzes an kleineren Motoren sind einige Modifikationen erforderlich. Bei Fragen zur Installation wenden Sie sich bitte an Trombetta.<\/p>\n<ul>\n<li>Anforderung an die Last: Hub von bis zu 38,1 mm und Kraft bis zu 88,8 N.<\/li>\n<li>In 12- oder 24-Volt-Konfigurationen erh\u00e4ltlich.<\/li>\n<\/ul>\n<\/div>\n","protected":false},"excerpt":{"rendered":"<p>Der Kabelsatz bietet ein H\u00f6chstma\u00df an Flexibilit\u00e4t, da das Arbeitseinr\u00fcckrelais an einem abgelegenen Ort montiert werden kann und somit vor Umwelteinfl\u00fcssen gesch\u00fctzt ist. Durch einfaches Anbringen des Kabels an der Last kann der Hub entsprechend den Anforderungen Ihrer Anwendung eingestellt werden. Zu den Anwendungen geh\u00f6ren Dieselmotoren \u2013 Kraftstoffabschaltung, Drosselklappensteuerung, Kompressionsfreigabe und Generatoren. Diese S\u00e4tze sind&#8230; [&#8230;]<\/p>\n<p><a class=\"btn btn-secondary understrap-read-more-link\" href=\"https:\/\/www.smpengineeredsolutions.com\/de\/kabelsatz-einrueckrelais\/\">Weiterlesen&#8230;<\/a><\/p>\n","protected":false},"author":27,"featured_media":0,"parent":0,"menu_order":0,"comment_status":"closed","ping_status":"closed","template":"page-templates\/destination-content.php","meta":{"_acf_changed":false,"inline_featured_image":false,"footnotes":""},"class_list":["post-4784","page","type-page","status-publish","hentry"],"featured_image_src":null,"acf":[],"yoast_head":"<!-- This site is optimized with the Yoast SEO Premium plugin v27.2 (Yoast SEO v27.2) - https:\/\/yoast.com\/product\/yoast-seo-premium-wordpress\/ -->\n<title>Kabelsatz Einr\u00fcckrelais - Standard Motor Products, Inc.<\/title>\n<meta name=\"robots\" content=\"index, follow, max-snippet:-1, max-image-preview:large, max-video-preview:-1\" \/>\n<link rel=\"canonical\" href=\"https:\/\/www.smpengineeredsolutions.com\/de\/kabelsatz-einrueckrelais\/\" \/>\n<meta property=\"og:locale\" content=\"de_DE\" \/>\n<meta property=\"og:type\" content=\"article\" \/>\n<meta property=\"og:title\" content=\"Kabelsatz Einr\u00fcckrelais\" \/>\n<meta property=\"og:description\" content=\"Der Kabelsatz bietet ein H\u00f6chstma\u00df an Flexibilit\u00e4t, da das Arbeitseinr\u00fcckrelais an einem abgelegenen Ort montiert werden kann und somit vor Umwelteinfl\u00fcssen gesch\u00fctzt ist. Durch einfaches Anbringen des Kabels an der Last kann der Hub entsprechend den Anforderungen Ihrer Anwendung eingestellt werden. Zu den Anwendungen geh\u00f6ren Dieselmotoren \u2013 Kraftstoffabschaltung, Drosselklappensteuerung, Kompressionsfreigabe und Generatoren. Diese S\u00e4tze sind... [...]Weiterlesen...\" \/>\n<meta property=\"og:url\" content=\"https:\/\/www.smpengineeredsolutions.com\/de\/kabelsatz-einrueckrelais\/\" \/>\n<meta property=\"og:site_name\" content=\"Standard Motor Products, Inc.\" \/>\n<meta property=\"article:modified_time\" content=\"2023-09-01T09:04:00+00:00\" \/>\n<meta name=\"twitter:label1\" content=\"Gesch\u00e4tzte Lesezeit\" \/>\n\t<meta name=\"twitter:data1\" content=\"1\u00a0Minute\" \/>\n<script type=\"application\/ld+json\" class=\"yoast-schema-graph\">{\"@context\":\"https:\/\/schema.org\",\"@graph\":[{\"@type\":\"WebPage\",\"@id\":\"https:\/\/www.smpengineeredsolutions.com\/de\/kabelsatz-einrueckrelais\/\",\"url\":\"https:\/\/www.smpengineeredsolutions.com\/de\/kabelsatz-einrueckrelais\/\",\"name\":\"Kabelsatz Einr\u00fcckrelais - Standard Motor Products, Inc.\",\"isPartOf\":{\"@id\":\"https:\/\/www.smpengineeredsolutions.com\/de\/#website\"},\"datePublished\":\"2023-01-24T19:21:20+00:00\",\"dateModified\":\"2023-09-01T09:04:00+00:00\",\"breadcrumb\":{\"@id\":\"https:\/\/www.smpengineeredsolutions.com\/de\/kabelsatz-einrueckrelais\/#breadcrumb\"},\"inLanguage\":\"de\",\"potentialAction\":[{\"@type\":\"ReadAction\",\"target\":[\"https:\/\/www.smpengineeredsolutions.com\/de\/kabelsatz-einrueckrelais\/\"]}]},{\"@type\":\"BreadcrumbList\",\"@id\":\"https:\/\/www.smpengineeredsolutions.com\/de\/kabelsatz-einrueckrelais\/#breadcrumb\",\"itemListElement\":[{\"@type\":\"ListItem\",\"position\":1,\"name\":\"Home\",\"item\":\"https:\/\/www.c09acdd4-e699-42dd-9234-f3ab3eff54a8.smpengineeredsolutions.com\/de\/\"},{\"@type\":\"ListItem\",\"position\":2,\"name\":\"Kabelsatz Einr\u00fcckrelais\"}]},{\"@type\":\"WebSite\",\"@id\":\"https:\/\/www.smpengineeredsolutions.com\/de\/#website\",\"url\":\"https:\/\/www.smpengineeredsolutions.com\/de\/\",\"name\":\"Standard Motor Products, Inc.\",\"description\":\"\",\"publisher\":{\"@id\":\"https:\/\/www.smpengineeredsolutions.com\/de\/#organization\"},\"potentialAction\":[{\"@type\":\"SearchAction\",\"target\":{\"@type\":\"EntryPoint\",\"urlTemplate\":\"https:\/\/www.smpengineeredsolutions.com\/de\/?s={search_term_string}\"},\"query-input\":{\"@type\":\"PropertyValueSpecification\",\"valueRequired\":true,\"valueName\":\"search_term_string\"}}],\"inLanguage\":\"de\"},{\"@type\":\"Organization\",\"@id\":\"https:\/\/www.smpengineeredsolutions.com\/de\/#organization\",\"name\":\"SMP\u00ae Engineered Solutions\",\"url\":\"https:\/\/www.smpengineeredsolutions.com\/de\/\",\"logo\":{\"@type\":\"ImageObject\",\"inLanguage\":\"de\",\"@id\":\"https:\/\/www.smpengineeredsolutions.com\/de\/#\/schema\/logo\/image\/\",\"url\":\"https:\/\/www.a.smpengineeredsolutions.com\/wp-content\/uploads\/smp-logo.png\",\"contentUrl\":\"https:\/\/www.a.smpengineeredsolutions.com\/wp-content\/uploads\/smp-logo.png\",\"width\":264,\"height\":117,\"caption\":\"SMP\u00ae Engineered Solutions\"},\"image\":{\"@id\":\"https:\/\/www.smpengineeredsolutions.com\/de\/#\/schema\/logo\/image\/\"},\"sameAs\":[\"https:\/\/www.youtube.com\/@StandardMotorProductsInc\",\"https:\/\/www.linkedin.com\/company\/standard-motor-products\"]}]}<\/script>\n<!-- \/ Yoast SEO Premium plugin. -->","yoast_head_json":{"title":"Kabelsatz Einr\u00fcckrelais - Standard Motor Products, Inc.","robots":{"index":"index","follow":"follow","max-snippet":"max-snippet:-1","max-image-preview":"max-image-preview:large","max-video-preview":"max-video-preview:-1"},"canonical":"https:\/\/www.smpengineeredsolutions.com\/de\/kabelsatz-einrueckrelais\/","og_locale":"de_DE","og_type":"article","og_title":"Kabelsatz Einr\u00fcckrelais","og_description":"Der Kabelsatz bietet ein H\u00f6chstma\u00df an Flexibilit\u00e4t, da das Arbeitseinr\u00fcckrelais an einem abgelegenen Ort montiert werden kann und somit vor Umwelteinfl\u00fcssen gesch\u00fctzt ist. Durch einfaches Anbringen des Kabels an der Last kann der Hub entsprechend den Anforderungen Ihrer Anwendung eingestellt werden. Zu den Anwendungen geh\u00f6ren Dieselmotoren \u2013 Kraftstoffabschaltung, Drosselklappensteuerung, Kompressionsfreigabe und Generatoren. Diese S\u00e4tze sind... [...]Weiterlesen...","og_url":"https:\/\/www.smpengineeredsolutions.com\/de\/kabelsatz-einrueckrelais\/","og_site_name":"Standard Motor Products, Inc.","article_modified_time":"2023-09-01T09:04:00+00:00","twitter_misc":{"Gesch\u00e4tzte Lesezeit":"1\u00a0Minute"},"schema":{"@context":"https:\/\/schema.org","@graph":[{"@type":"WebPage","@id":"https:\/\/www.smpengineeredsolutions.com\/de\/kabelsatz-einrueckrelais\/","url":"https:\/\/www.smpengineeredsolutions.com\/de\/kabelsatz-einrueckrelais\/","name":"Kabelsatz Einr\u00fcckrelais - Standard Motor Products, Inc.","isPartOf":{"@id":"https:\/\/www.smpengineeredsolutions.com\/de\/#website"},"datePublished":"2023-01-24T19:21:20+00:00","dateModified":"2023-09-01T09:04:00+00:00","breadcrumb":{"@id":"https:\/\/www.smpengineeredsolutions.com\/de\/kabelsatz-einrueckrelais\/#breadcrumb"},"inLanguage":"de","potentialAction":[{"@type":"ReadAction","target":["https:\/\/www.smpengineeredsolutions.com\/de\/kabelsatz-einrueckrelais\/"]}]},{"@type":"BreadcrumbList","@id":"https:\/\/www.smpengineeredsolutions.com\/de\/kabelsatz-einrueckrelais\/#breadcrumb","itemListElement":[{"@type":"ListItem","position":1,"name":"Home","item":"https:\/\/www.c09acdd4-e699-42dd-9234-f3ab3eff54a8.smpengineeredsolutions.com\/de\/"},{"@type":"ListItem","position":2,"name":"Kabelsatz Einr\u00fcckrelais"}]},{"@type":"WebSite","@id":"https:\/\/www.smpengineeredsolutions.com\/de\/#website","url":"https:\/\/www.smpengineeredsolutions.com\/de\/","name":"Standard Motor Products, Inc.","description":"","publisher":{"@id":"https:\/\/www.smpengineeredsolutions.com\/de\/#organization"},"potentialAction":[{"@type":"SearchAction","target":{"@type":"EntryPoint","urlTemplate":"https:\/\/www.smpengineeredsolutions.com\/de\/?s={search_term_string}"},"query-input":{"@type":"PropertyValueSpecification","valueRequired":true,"valueName":"search_term_string"}}],"inLanguage":"de"},{"@type":"Organization","@id":"https:\/\/www.smpengineeredsolutions.com\/de\/#organization","name":"SMP\u00ae Engineered Solutions","url":"https:\/\/www.smpengineeredsolutions.com\/de\/","logo":{"@type":"ImageObject","inLanguage":"de","@id":"https:\/\/www.smpengineeredsolutions.com\/de\/#\/schema\/logo\/image\/","url":"https:\/\/www.a.smpengineeredsolutions.com\/wp-content\/uploads\/smp-logo.png","contentUrl":"https:\/\/www.a.smpengineeredsolutions.com\/wp-content\/uploads\/smp-logo.png","width":264,"height":117,"caption":"SMP\u00ae Engineered Solutions"},"image":{"@id":"https:\/\/www.smpengineeredsolutions.com\/de\/#\/schema\/logo\/image\/"},"sameAs":["https:\/\/www.youtube.com\/@StandardMotorProductsInc","https:\/\/www.linkedin.com\/company\/standard-motor-products"]}]}},"_links":{"self":[{"href":"https:\/\/www.smpengineeredsolutions.com\/de\/wp-json\/wp\/v2\/pages\/4784","targetHints":{"allow":["GET"]}}],"collection":[{"href":"https:\/\/www.smpengineeredsolutions.com\/de\/wp-json\/wp\/v2\/pages"}],"about":[{"href":"https:\/\/www.smpengineeredsolutions.com\/de\/wp-json\/wp\/v2\/types\/page"}],"author":[{"embeddable":true,"href":"https:\/\/www.smpengineeredsolutions.com\/de\/wp-json\/wp\/v2\/users\/27"}],"replies":[{"embeddable":true,"href":"https:\/\/www.smpengineeredsolutions.com\/de\/wp-json\/wp\/v2\/comments?post=4784"}],"version-history":[{"count":0,"href":"https:\/\/www.smpengineeredsolutions.com\/de\/wp-json\/wp\/v2\/pages\/4784\/revisions"}],"wp:attachment":[{"href":"https:\/\/www.smpengineeredsolutions.com\/de\/wp-json\/wp\/v2\/media?parent=4784"}],"curies":[{"name":"wp","href":"https:\/\/api.w.org\/{rel}","templated":true}]}}