{"id":4779,"date":"2023-01-09T10:16:24","date_gmt":"2023-01-09T15:16:24","guid":{"rendered":"https:\/\/smpengineeredsolutions.com\/?page_id=4779"},"modified":"2024-08-27T13:28:06","modified_gmt":"2024-08-27T17:28:06","slug":"hydraulik-und-industrie","status":"publish","type":"page","link":"https:\/\/www.smpengineeredsolutions.com\/de\/maerkte\/hydraulik-und-industrie\/","title":{"rendered":"Hydraulik und Industrie"},"content":{"rendered":"<p>Seit \u00fcber 30 Jahren bietet die Marke Trombetta von SMP Engineered Solutions den Erstausr\u00fcstern von Hydraulikaggregaten die leistungsf\u00e4higsten Gleichstromsch\u00fctze auf dem Markt. Unsere Produktbaureihe PowerSeal ist der Grundstein f\u00fcr den Antrieb von Hydraulikaggregaten in Hubladeb\u00fchnen, Traktoren, elektrischen Palettenhubwagen, Schneepfl\u00fcgen und anderen hydraulischen Anwendungen. F\u00fcr einige hydraulische Anwendungen werden auch die historischen Trombetta-Sch\u00fctze der Baureihe Metall oder die leistungsstarken Sch\u00fctze der Baureihe Bear verwendet.<\/p>\n","protected":false},"excerpt":{"rendered":"<p>Seit \u00fcber 30 Jahren bietet die Marke Trombetta von SMP Engineered Solutions den Erstausr\u00fcstern von Hydraulikaggregaten die leistungsf\u00e4higsten Gleichstromsch\u00fctze auf dem Markt. Unsere Produktbaureihe PowerSeal ist der Grundstein f\u00fcr den Antrieb von Hydraulikaggregaten in Hubladeb\u00fchnen, Traktoren, elektrischen Palettenhubwagen, Schneepfl\u00fcgen und anderen hydraulischen Anwendungen. F\u00fcr einige hydraulische Anwendungen werden auch die historischen Trombetta-Sch\u00fctze der Baureihe Metall&#8230; [&#8230;]<\/p>\n<p><a class=\"btn btn-secondary understrap-read-more-link\" href=\"https:\/\/www.smpengineeredsolutions.com\/de\/maerkte\/hydraulik-und-industrie\/\">Weiterlesen&#8230;<\/a><\/p>\n","protected":false},"author":27,"featured_media":0,"parent":4644,"menu_order":0,"comment_status":"closed","ping_status":"closed","template":"page-templates\/destination-content.php","meta":{"_acf_changed":false,"inline_featured_image":false,"footnotes":""},"class_list":["post-4779","page","type-page","status-publish","hentry"],"featured_image_src":null,"acf":[],"yoast_head":"<!-- This site is optimized with the Yoast SEO Premium plugin v27.5 (Yoast SEO v27.5) - https:\/\/yoast.com\/product\/yoast-seo-premium-wordpress\/ -->\n<title>Hydraulik und Industrie f\u00fcr Fahrzeug- und W\u00e4rmemanagement<\/title>\n<meta name=\"description\" content=\"Erfahren Sie mehr \u00fcber den Hydraulik- und Industriemarkt, den wir mit anpassbaren L\u00f6sungen f\u00fcr Fahrzeugsteuerungs- und W\u00e4rmemanagementprodukte bedienen. Erfahren Sie mehr!\" \/>\n<meta name=\"robots\" content=\"index, follow, max-snippet:-1, max-image-preview:large, max-video-preview:-1\" \/>\n<link rel=\"canonical\" href=\"https:\/\/www.smpengineeredsolutions.com\/de\/maerkte\/hydraulik-und-industrie\/\" \/>\n<meta property=\"og:locale\" content=\"de_DE\" \/>\n<meta property=\"og:type\" content=\"article\" \/>\n<meta property=\"og:title\" content=\"Hydraulik und Industrie\" \/>\n<meta property=\"og:description\" content=\"Erfahren Sie mehr \u00fcber den Hydraulik- und Industriemarkt, den wir mit anpassbaren L\u00f6sungen f\u00fcr Fahrzeugsteuerungs- und W\u00e4rmemanagementprodukte bedienen. Erfahren Sie mehr!\" \/>\n<meta property=\"og:url\" content=\"https:\/\/www.smpengineeredsolutions.com\/de\/maerkte\/hydraulik-und-industrie\/\" \/>\n<meta property=\"og:site_name\" content=\"Standard Motor Products, Inc.\" \/>\n<meta property=\"article:modified_time\" content=\"2024-08-27T17:28:06+00:00\" \/>\n<meta name=\"twitter:label1\" content=\"Gesch\u00e4tzte Lesezeit\" \/>\n\t<meta name=\"twitter:data1\" content=\"1\u00a0Minute\" \/>\n<script type=\"application\/ld+json\" class=\"yoast-schema-graph\">{\"@context\":\"https:\\\/\\\/schema.org\",\"@graph\":[{\"@type\":\"WebPage\",\"@id\":\"https:\\\/\\\/www.smpengineeredsolutions.com\\\/de\\\/maerkte\\\/hydraulik-und-industrie\\\/\",\"url\":\"https:\\\/\\\/www.smpengineeredsolutions.com\\\/de\\\/maerkte\\\/hydraulik-und-industrie\\\/\",\"name\":\"Hydraulik und Industrie f\u00fcr Fahrzeug- und W\u00e4rmemanagement\",\"isPartOf\":{\"@id\":\"https:\\\/\\\/www.smpengineeredsolutions.com\\\/de\\\/#website\"},\"datePublished\":\"2023-01-09T15:16:24+00:00\",\"dateModified\":\"2024-08-27T17:28:06+00:00\",\"description\":\"Erfahren Sie mehr \u00fcber den Hydraulik- und Industriemarkt, den wir mit anpassbaren L\u00f6sungen f\u00fcr Fahrzeugsteuerungs- und W\u00e4rmemanagementprodukte bedienen. Erfahren Sie mehr!\",\"breadcrumb\":{\"@id\":\"https:\\\/\\\/www.smpengineeredsolutions.com\\\/de\\\/maerkte\\\/hydraulik-und-industrie\\\/#breadcrumb\"},\"inLanguage\":\"de\",\"potentialAction\":[{\"@type\":\"ReadAction\",\"target\":[\"https:\\\/\\\/www.smpengineeredsolutions.com\\\/de\\\/maerkte\\\/hydraulik-und-industrie\\\/\"]}]},{\"@type\":\"BreadcrumbList\",\"@id\":\"https:\\\/\\\/www.smpengineeredsolutions.com\\\/de\\\/maerkte\\\/hydraulik-und-industrie\\\/#breadcrumb\",\"itemListElement\":[{\"@type\":\"ListItem\",\"position\":1,\"name\":\"Home\",\"item\":\"https:\\\/\\\/www.smpengineeredsolutions.com\\\/de\\\/\"},{\"@type\":\"ListItem\",\"position\":2,\"name\":\"M\u00e4rkte\",\"item\":\"https:\\\/\\\/www._tcp.smpengineeredsolutions.com\\\/de\\\/maerkte\\\/\"},{\"@type\":\"ListItem\",\"position\":3,\"name\":\"Hydraulik und Industrie\"}]},{\"@type\":\"WebSite\",\"@id\":\"https:\\\/\\\/www.smpengineeredsolutions.com\\\/de\\\/#website\",\"url\":\"https:\\\/\\\/www.smpengineeredsolutions.com\\\/de\\\/\",\"name\":\"Standard Motor Products, Inc.\",\"description\":\"\",\"publisher\":{\"@id\":\"https:\\\/\\\/www.smpengineeredsolutions.com\\\/de\\\/#organization\"},\"potentialAction\":[{\"@type\":\"SearchAction\",\"target\":{\"@type\":\"EntryPoint\",\"urlTemplate\":\"https:\\\/\\\/www.smpengineeredsolutions.com\\\/de\\\/?s={search_term_string}\"},\"query-input\":{\"@type\":\"PropertyValueSpecification\",\"valueRequired\":true,\"valueName\":\"search_term_string\"}}],\"inLanguage\":\"de\"},{\"@type\":\"Organization\",\"@id\":\"https:\\\/\\\/www.smpengineeredsolutions.com\\\/de\\\/#organization\",\"name\":\"SMP\u00ae Engineered Solutions\",\"url\":\"https:\\\/\\\/www.smpengineeredsolutions.com\\\/de\\\/\",\"logo\":{\"@type\":\"ImageObject\",\"inLanguage\":\"de\",\"@id\":\"https:\\\/\\\/www.smpengineeredsolutions.com\\\/de\\\/#\\\/schema\\\/logo\\\/image\\\/\",\"url\":\"https:\\\/\\\/www.a.smpengineeredsolutions.com\\\/wp-content\\\/uploads\\\/smp-logo.png\",\"contentUrl\":\"https:\\\/\\\/www.a.smpengineeredsolutions.com\\\/wp-content\\\/uploads\\\/smp-logo.png\",\"width\":264,\"height\":117,\"caption\":\"SMP\u00ae Engineered Solutions\"},\"image\":{\"@id\":\"https:\\\/\\\/www.smpengineeredsolutions.com\\\/de\\\/#\\\/schema\\\/logo\\\/image\\\/\"},\"sameAs\":[\"https:\\\/\\\/www.youtube.com\\\/@StandardMotorProductsInc\",\"https:\\\/\\\/www.linkedin.com\\\/company\\\/standard-motor-products\"]}]}<\/script>\n<!-- \/ Yoast SEO Premium plugin. -->","yoast_head_json":{"title":"Hydraulik und Industrie f\u00fcr Fahrzeug- und W\u00e4rmemanagement","description":"Erfahren Sie mehr \u00fcber den Hydraulik- und Industriemarkt, den wir mit anpassbaren L\u00f6sungen f\u00fcr Fahrzeugsteuerungs- und W\u00e4rmemanagementprodukte bedienen. Erfahren Sie mehr!","robots":{"index":"index","follow":"follow","max-snippet":"max-snippet:-1","max-image-preview":"max-image-preview:large","max-video-preview":"max-video-preview:-1"},"canonical":"https:\/\/www.smpengineeredsolutions.com\/de\/maerkte\/hydraulik-und-industrie\/","og_locale":"de_DE","og_type":"article","og_title":"Hydraulik und Industrie","og_description":"Erfahren Sie mehr \u00fcber den Hydraulik- und Industriemarkt, den wir mit anpassbaren L\u00f6sungen f\u00fcr Fahrzeugsteuerungs- und W\u00e4rmemanagementprodukte bedienen. Erfahren Sie mehr!","og_url":"https:\/\/www.smpengineeredsolutions.com\/de\/maerkte\/hydraulik-und-industrie\/","og_site_name":"Standard Motor Products, Inc.","article_modified_time":"2024-08-27T17:28:06+00:00","twitter_misc":{"Gesch\u00e4tzte Lesezeit":"1\u00a0Minute"},"schema":{"@context":"https:\/\/schema.org","@graph":[{"@type":"WebPage","@id":"https:\/\/www.smpengineeredsolutions.com\/de\/maerkte\/hydraulik-und-industrie\/","url":"https:\/\/www.smpengineeredsolutions.com\/de\/maerkte\/hydraulik-und-industrie\/","name":"Hydraulik und Industrie f\u00fcr Fahrzeug- und W\u00e4rmemanagement","isPartOf":{"@id":"https:\/\/www.smpengineeredsolutions.com\/de\/#website"},"datePublished":"2023-01-09T15:16:24+00:00","dateModified":"2024-08-27T17:28:06+00:00","description":"Erfahren Sie mehr \u00fcber den Hydraulik- und Industriemarkt, den wir mit anpassbaren L\u00f6sungen f\u00fcr Fahrzeugsteuerungs- und W\u00e4rmemanagementprodukte bedienen. Erfahren Sie mehr!","breadcrumb":{"@id":"https:\/\/www.smpengineeredsolutions.com\/de\/maerkte\/hydraulik-und-industrie\/#breadcrumb"},"inLanguage":"de","potentialAction":[{"@type":"ReadAction","target":["https:\/\/www.smpengineeredsolutions.com\/de\/maerkte\/hydraulik-und-industrie\/"]}]},{"@type":"BreadcrumbList","@id":"https:\/\/www.smpengineeredsolutions.com\/de\/maerkte\/hydraulik-und-industrie\/#breadcrumb","itemListElement":[{"@type":"ListItem","position":1,"name":"Home","item":"https:\/\/www.smpengineeredsolutions.com\/de\/"},{"@type":"ListItem","position":2,"name":"M\u00e4rkte","item":"https:\/\/www._tcp.smpengineeredsolutions.com\/de\/maerkte\/"},{"@type":"ListItem","position":3,"name":"Hydraulik und Industrie"}]},{"@type":"WebSite","@id":"https:\/\/www.smpengineeredsolutions.com\/de\/#website","url":"https:\/\/www.smpengineeredsolutions.com\/de\/","name":"Standard Motor Products, Inc.","description":"","publisher":{"@id":"https:\/\/www.smpengineeredsolutions.com\/de\/#organization"},"potentialAction":[{"@type":"SearchAction","target":{"@type":"EntryPoint","urlTemplate":"https:\/\/www.smpengineeredsolutions.com\/de\/?s={search_term_string}"},"query-input":{"@type":"PropertyValueSpecification","valueRequired":true,"valueName":"search_term_string"}}],"inLanguage":"de"},{"@type":"Organization","@id":"https:\/\/www.smpengineeredsolutions.com\/de\/#organization","name":"SMP\u00ae Engineered Solutions","url":"https:\/\/www.smpengineeredsolutions.com\/de\/","logo":{"@type":"ImageObject","inLanguage":"de","@id":"https:\/\/www.smpengineeredsolutions.com\/de\/#\/schema\/logo\/image\/","url":"https:\/\/www.a.smpengineeredsolutions.com\/wp-content\/uploads\/smp-logo.png","contentUrl":"https:\/\/www.a.smpengineeredsolutions.com\/wp-content\/uploads\/smp-logo.png","width":264,"height":117,"caption":"SMP\u00ae Engineered Solutions"},"image":{"@id":"https:\/\/www.smpengineeredsolutions.com\/de\/#\/schema\/logo\/image\/"},"sameAs":["https:\/\/www.youtube.com\/@StandardMotorProductsInc","https:\/\/www.linkedin.com\/company\/standard-motor-products"]}]}},"_links":{"self":[{"href":"https:\/\/www.smpengineeredsolutions.com\/de\/wp-json\/wp\/v2\/pages\/4779","targetHints":{"allow":["GET"]}}],"collection":[{"href":"https:\/\/www.smpengineeredsolutions.com\/de\/wp-json\/wp\/v2\/pages"}],"about":[{"href":"https:\/\/www.smpengineeredsolutions.com\/de\/wp-json\/wp\/v2\/types\/page"}],"author":[{"embeddable":true,"href":"https:\/\/www.smpengineeredsolutions.com\/de\/wp-json\/wp\/v2\/users\/27"}],"replies":[{"embeddable":true,"href":"https:\/\/www.smpengineeredsolutions.com\/de\/wp-json\/wp\/v2\/comments?post=4779"}],"version-history":[{"count":2,"href":"https:\/\/www.smpengineeredsolutions.com\/de\/wp-json\/wp\/v2\/pages\/4779\/revisions"}],"predecessor-version":[{"id":7840,"href":"https:\/\/www.smpengineeredsolutions.com\/de\/wp-json\/wp\/v2\/pages\/4779\/revisions\/7840"}],"up":[{"embeddable":true,"href":"https:\/\/www.smpengineeredsolutions.com\/de\/wp-json\/wp\/v2\/pages\/4644"}],"wp:attachment":[{"href":"https:\/\/www.smpengineeredsolutions.com\/de\/wp-json\/wp\/v2\/media?parent=4779"}],"curies":[{"name":"wp","href":"https:\/\/api.w.org\/{rel}","templated":true}]}}