{"id":4777,"date":"2023-01-09T10:11:01","date_gmt":"2023-01-09T15:11:01","guid":{"rendered":"https:\/\/smpengineeredsolutions.com\/?page_id=4777"},"modified":"2024-08-26T13:51:46","modified_gmt":"2024-08-26T17:51:46","slug":"powersport","status":"publish","type":"page","link":"https:\/\/www.smpengineeredsolutions.com\/de\/maerkte\/powersport\/","title":{"rendered":"Powersport"},"content":{"rendered":"<p>SMP Engineered Solutions liefert Hochleistungsprodukte f\u00fcr die Powersport-Industrie, einschlie\u00dflich f\u00fcr Motorr\u00e4der, Quads, ATVs, Schneemobile und Wassersportfahrzeuge. Diese einzigartige Art von Fahrzeugen erfordert oft Hochleistungsprodukte, die in einer Vielzahl von rauen Umgebungen funktionieren m\u00fcssen. Um diese M\u00e4rkte optimal bedienen zu k\u00f6nnen, sind die Produkte von Engineered Solutions so konzipiert, dass sie den g\u00e4ngigen Umwelteinfl\u00fcssen wie Feuchtigkeit, Schmutz, Vibrationen, St\u00f6\u00dfen und hohen Betriebstemperaturen standhalten. Wir kennen die Innovationen in der Powersport-Industrie und stehen bereit, um praktikable, kosteneffiziente L\u00f6sungen zu liefern, damit jede Anwendung ihr maximales Potenzial entfalten kann.<\/p>\n","protected":false},"excerpt":{"rendered":"<p>SMP Engineered Solutions liefert Hochleistungsprodukte f\u00fcr die Powersport-Industrie, einschlie\u00dflich f\u00fcr Motorr\u00e4der, Quads, ATVs, Schneemobile und Wassersportfahrzeuge. Diese einzigartige Art von Fahrzeugen erfordert oft Hochleistungsprodukte, die in einer Vielzahl von rauen Umgebungen funktionieren m\u00fcssen. Um diese M\u00e4rkte optimal bedienen zu k\u00f6nnen, sind die Produkte von Engineered Solutions so konzipiert, dass sie den g\u00e4ngigen Umwelteinfl\u00fcssen wie Feuchtigkeit,&#8230; [&#8230;]<\/p>\n<p><a class=\"btn btn-secondary understrap-read-more-link\" href=\"https:\/\/www.smpengineeredsolutions.com\/de\/maerkte\/powersport\/\">Weiterlesen&#8230;<\/a><\/p>\n","protected":false},"author":27,"featured_media":0,"parent":4644,"menu_order":0,"comment_status":"closed","ping_status":"closed","template":"page-templates\/destination-content.php","meta":{"_acf_changed":false,"inline_featured_image":false,"footnotes":""},"class_list":["post-4777","page","type-page","status-publish","hentry"],"featured_image_src":null,"acf":[],"yoast_head":"<!-- This site is optimized with the Yoast SEO Premium plugin v27.4 (Yoast SEO v27.4) - https:\/\/yoast.com\/product\/yoast-seo-premium-wordpress\/ -->\n<title>Powersport-Industrie | Trombetta | Standard Motor Products, Inc.<\/title>\n<meta name=\"description\" content=\"Erfahren Sie mehr \u00fcber den Powersports-Markt, den wir mit anpassbaren L\u00f6sungen f\u00fcr Fahrzeugsteuerungs- und W\u00e4rmemanagementprodukte bedienen. Erfahren Sie mehr!\" \/>\n<meta name=\"robots\" content=\"index, follow, max-snippet:-1, max-image-preview:large, max-video-preview:-1\" \/>\n<link rel=\"canonical\" href=\"https:\/\/www.smpengineeredsolutions.com\/de\/maerkte\/powersport\/\" \/>\n<meta property=\"og:locale\" content=\"de_DE\" \/>\n<meta property=\"og:type\" content=\"article\" \/>\n<meta property=\"og:title\" content=\"Powersport\" \/>\n<meta property=\"og:description\" content=\"Erfahren Sie mehr \u00fcber den Powersports-Markt, den wir mit anpassbaren L\u00f6sungen f\u00fcr Fahrzeugsteuerungs- und W\u00e4rmemanagementprodukte bedienen. Erfahren Sie mehr!\" \/>\n<meta property=\"og:url\" content=\"https:\/\/www.smpengineeredsolutions.com\/de\/maerkte\/powersport\/\" \/>\n<meta property=\"og:site_name\" content=\"Standard Motor Products, Inc.\" \/>\n<meta property=\"article:modified_time\" content=\"2024-08-26T17:51:46+00:00\" \/>\n<meta name=\"twitter:label1\" content=\"Gesch\u00e4tzte Lesezeit\" \/>\n\t<meta name=\"twitter:data1\" content=\"1\u00a0Minute\" \/>\n<script type=\"application\/ld+json\" class=\"yoast-schema-graph\">{\"@context\":\"https:\\\/\\\/schema.org\",\"@graph\":[{\"@type\":\"WebPage\",\"@id\":\"https:\\\/\\\/www.smpengineeredsolutions.com\\\/de\\\/maerkte\\\/powersport\\\/\",\"url\":\"https:\\\/\\\/www.smpengineeredsolutions.com\\\/de\\\/maerkte\\\/powersport\\\/\",\"name\":\"Powersport-Industrie | Trombetta | Standard Motor Products, Inc.\",\"isPartOf\":{\"@id\":\"https:\\\/\\\/www._tcp.smpengineeredsolutions.com\\\/#website\"},\"datePublished\":\"2023-01-09T15:11:01+00:00\",\"dateModified\":\"2024-08-26T17:51:46+00:00\",\"description\":\"Erfahren Sie mehr \u00fcber den Powersports-Markt, den wir mit anpassbaren L\u00f6sungen f\u00fcr Fahrzeugsteuerungs- und W\u00e4rmemanagementprodukte bedienen. Erfahren Sie mehr!\",\"breadcrumb\":{\"@id\":\"https:\\\/\\\/www.smpengineeredsolutions.com\\\/de\\\/maerkte\\\/powersport\\\/#breadcrumb\"},\"inLanguage\":\"de\",\"potentialAction\":[{\"@type\":\"ReadAction\",\"target\":[\"https:\\\/\\\/www.smpengineeredsolutions.com\\\/de\\\/maerkte\\\/powersport\\\/\"]}]},{\"@type\":\"BreadcrumbList\",\"@id\":\"https:\\\/\\\/www.smpengineeredsolutions.com\\\/de\\\/maerkte\\\/powersport\\\/#breadcrumb\",\"itemListElement\":[{\"@type\":\"ListItem\",\"position\":1,\"name\":\"Home\",\"item\":\"https:\\\/\\\/www.smpengineeredsolutions.com\\\/de\\\/\"},{\"@type\":\"ListItem\",\"position\":2,\"name\":\"M\u00e4rkte\",\"item\":\"https:\\\/\\\/www._rwhois._tcp.smpengineeredsolutions.com\\\/de\\\/maerkte\\\/\"},{\"@type\":\"ListItem\",\"position\":3,\"name\":\"Powersport\"}]},{\"@type\":\"WebSite\",\"@id\":\"https:\\\/\\\/www._tcp.smpengineeredsolutions.com\\\/#website\",\"url\":\"https:\\\/\\\/www._tcp.smpengineeredsolutions.com\\\/\",\"name\":\"Standard Motor Products, Inc.\",\"description\":\"\",\"publisher\":{\"@id\":\"https:\\\/\\\/www._tcp.smpengineeredsolutions.com\\\/#organization\"},\"potentialAction\":[{\"@type\":\"SearchAction\",\"target\":{\"@type\":\"EntryPoint\",\"urlTemplate\":\"https:\\\/\\\/www._tcp.smpengineeredsolutions.com\\\/?s={search_term_string}\"},\"query-input\":{\"@type\":\"PropertyValueSpecification\",\"valueRequired\":true,\"valueName\":\"search_term_string\"}}],\"inLanguage\":\"de\"},{\"@type\":\"Organization\",\"@id\":\"https:\\\/\\\/www._tcp.smpengineeredsolutions.com\\\/#organization\",\"name\":\"SMP\u00ae Engineered Solutions\",\"url\":\"https:\\\/\\\/www._tcp.smpengineeredsolutions.com\\\/\",\"logo\":{\"@type\":\"ImageObject\",\"inLanguage\":\"de\",\"@id\":\"https:\\\/\\\/www._tcp.smpengineeredsolutions.com\\\/#\\\/schema\\\/logo\\\/image\\\/\",\"url\":\"https:\\\/\\\/www.a.smpengineeredsolutions.com\\\/wp-content\\\/uploads\\\/smp-logo.png\",\"contentUrl\":\"https:\\\/\\\/www.a.smpengineeredsolutions.com\\\/wp-content\\\/uploads\\\/smp-logo.png\",\"width\":264,\"height\":117,\"caption\":\"SMP\u00ae Engineered Solutions\"},\"image\":{\"@id\":\"https:\\\/\\\/www._tcp.smpengineeredsolutions.com\\\/#\\\/schema\\\/logo\\\/image\\\/\"},\"sameAs\":[\"https:\\\/\\\/www.youtube.com\\\/@StandardMotorProductsInc\",\"https:\\\/\\\/www.linkedin.com\\\/company\\\/standard-motor-products\"]}]}<\/script>\n<!-- \/ Yoast SEO Premium plugin. -->","yoast_head_json":{"title":"Powersport-Industrie | Trombetta | Standard Motor Products, Inc.","description":"Erfahren Sie mehr \u00fcber den Powersports-Markt, den wir mit anpassbaren L\u00f6sungen f\u00fcr Fahrzeugsteuerungs- und W\u00e4rmemanagementprodukte bedienen. Erfahren Sie mehr!","robots":{"index":"index","follow":"follow","max-snippet":"max-snippet:-1","max-image-preview":"max-image-preview:large","max-video-preview":"max-video-preview:-1"},"canonical":"https:\/\/www.smpengineeredsolutions.com\/de\/maerkte\/powersport\/","og_locale":"de_DE","og_type":"article","og_title":"Powersport","og_description":"Erfahren Sie mehr \u00fcber den Powersports-Markt, den wir mit anpassbaren L\u00f6sungen f\u00fcr Fahrzeugsteuerungs- und W\u00e4rmemanagementprodukte bedienen. Erfahren Sie mehr!","og_url":"https:\/\/www.smpengineeredsolutions.com\/de\/maerkte\/powersport\/","og_site_name":"Standard Motor Products, Inc.","article_modified_time":"2024-08-26T17:51:46+00:00","twitter_misc":{"Gesch\u00e4tzte Lesezeit":"1\u00a0Minute"},"schema":{"@context":"https:\/\/schema.org","@graph":[{"@type":"WebPage","@id":"https:\/\/www.smpengineeredsolutions.com\/de\/maerkte\/powersport\/","url":"https:\/\/www.smpengineeredsolutions.com\/de\/maerkte\/powersport\/","name":"Powersport-Industrie | Trombetta | Standard Motor Products, Inc.","isPartOf":{"@id":"https:\/\/www._tcp.smpengineeredsolutions.com\/#website"},"datePublished":"2023-01-09T15:11:01+00:00","dateModified":"2024-08-26T17:51:46+00:00","description":"Erfahren Sie mehr \u00fcber den Powersports-Markt, den wir mit anpassbaren L\u00f6sungen f\u00fcr Fahrzeugsteuerungs- und W\u00e4rmemanagementprodukte bedienen. Erfahren Sie mehr!","breadcrumb":{"@id":"https:\/\/www.smpengineeredsolutions.com\/de\/maerkte\/powersport\/#breadcrumb"},"inLanguage":"de","potentialAction":[{"@type":"ReadAction","target":["https:\/\/www.smpengineeredsolutions.com\/de\/maerkte\/powersport\/"]}]},{"@type":"BreadcrumbList","@id":"https:\/\/www.smpengineeredsolutions.com\/de\/maerkte\/powersport\/#breadcrumb","itemListElement":[{"@type":"ListItem","position":1,"name":"Home","item":"https:\/\/www.smpengineeredsolutions.com\/de\/"},{"@type":"ListItem","position":2,"name":"M\u00e4rkte","item":"https:\/\/www._rwhois._tcp.smpengineeredsolutions.com\/de\/maerkte\/"},{"@type":"ListItem","position":3,"name":"Powersport"}]},{"@type":"WebSite","@id":"https:\/\/www._tcp.smpengineeredsolutions.com\/#website","url":"https:\/\/www._tcp.smpengineeredsolutions.com\/","name":"Standard Motor Products, Inc.","description":"","publisher":{"@id":"https:\/\/www._tcp.smpengineeredsolutions.com\/#organization"},"potentialAction":[{"@type":"SearchAction","target":{"@type":"EntryPoint","urlTemplate":"https:\/\/www._tcp.smpengineeredsolutions.com\/?s={search_term_string}"},"query-input":{"@type":"PropertyValueSpecification","valueRequired":true,"valueName":"search_term_string"}}],"inLanguage":"de"},{"@type":"Organization","@id":"https:\/\/www._tcp.smpengineeredsolutions.com\/#organization","name":"SMP\u00ae Engineered Solutions","url":"https:\/\/www._tcp.smpengineeredsolutions.com\/","logo":{"@type":"ImageObject","inLanguage":"de","@id":"https:\/\/www._tcp.smpengineeredsolutions.com\/#\/schema\/logo\/image\/","url":"https:\/\/www.a.smpengineeredsolutions.com\/wp-content\/uploads\/smp-logo.png","contentUrl":"https:\/\/www.a.smpengineeredsolutions.com\/wp-content\/uploads\/smp-logo.png","width":264,"height":117,"caption":"SMP\u00ae Engineered Solutions"},"image":{"@id":"https:\/\/www._tcp.smpengineeredsolutions.com\/#\/schema\/logo\/image\/"},"sameAs":["https:\/\/www.youtube.com\/@StandardMotorProductsInc","https:\/\/www.linkedin.com\/company\/standard-motor-products"]}]}},"_links":{"self":[{"href":"https:\/\/www.smpengineeredsolutions.com\/de\/wp-json\/wp\/v2\/pages\/4777","targetHints":{"allow":["GET"]}}],"collection":[{"href":"https:\/\/www.smpengineeredsolutions.com\/de\/wp-json\/wp\/v2\/pages"}],"about":[{"href":"https:\/\/www.smpengineeredsolutions.com\/de\/wp-json\/wp\/v2\/types\/page"}],"author":[{"embeddable":true,"href":"https:\/\/www.smpengineeredsolutions.com\/de\/wp-json\/wp\/v2\/users\/27"}],"replies":[{"embeddable":true,"href":"https:\/\/www.smpengineeredsolutions.com\/de\/wp-json\/wp\/v2\/comments?post=4777"}],"version-history":[{"count":1,"href":"https:\/\/www.smpengineeredsolutions.com\/de\/wp-json\/wp\/v2\/pages\/4777\/revisions"}],"predecessor-version":[{"id":7197,"href":"https:\/\/www.smpengineeredsolutions.com\/de\/wp-json\/wp\/v2\/pages\/4777\/revisions\/7197"}],"up":[{"embeddable":true,"href":"https:\/\/www.smpengineeredsolutions.com\/de\/wp-json\/wp\/v2\/pages\/4644"}],"wp:attachment":[{"href":"https:\/\/www.smpengineeredsolutions.com\/de\/wp-json\/wp\/v2\/media?parent=4777"}],"curies":[{"name":"wp","href":"https:\/\/api.w.org\/{rel}","templated":true}]}}