{"id":4776,"date":"2023-01-09T07:15:25","date_gmt":"2023-01-09T12:15:25","guid":{"rendered":"https:\/\/smpengineeredsolutions.com\/?page_id=4776"},"modified":"2024-08-26T12:28:31","modified_gmt":"2024-08-26T16:28:31","slug":"landwirtschaft-und-bauwesen","status":"publish","type":"page","link":"https:\/\/www.smpengineeredsolutions.com\/de\/maerkte\/landwirtschaft-und-bauwesen\/","title":{"rendered":"Landwirtschaft und Bauwesen"},"content":{"rendered":"<p>SMP Engineered Solutions bietet eine st\u00e4ndig wachsende Palette von Anwendungen in der Landwirtschaft und im Baugewerbe, einschlie\u00dflich Erdbewegungsmaschinen, Hebevorrichtungen und Gro\u00dftraktoren. Sowohl die Landwirtschafts- als auch die Bauindustrie verlassen sich auf unsere robusten L\u00f6sungen, die auch unter den rauesten Bedingungen der Welt funktionieren. Durch sein fachkundiges Design und Innovation hat unser Ingenieurteam unseren Kunden geholfen, Kosten zu senken und Platz zu sparen, indem es kreative kundenspezifische L\u00f6sungen entwickelt und implementiert hat.<\/p>\n","protected":false},"excerpt":{"rendered":"<p>SMP Engineered Solutions bietet eine st\u00e4ndig wachsende Palette von Anwendungen in der Landwirtschaft und im Baugewerbe, einschlie\u00dflich Erdbewegungsmaschinen, Hebevorrichtungen und Gro\u00dftraktoren. Sowohl die Landwirtschafts- als auch die Bauindustrie verlassen sich auf unsere robusten L\u00f6sungen, die auch unter den rauesten Bedingungen der Welt funktionieren. Durch sein fachkundiges Design und Innovation hat unser Ingenieurteam unseren Kunden geholfen,&#8230; [&#8230;]<\/p>\n<p><a class=\"btn btn-secondary understrap-read-more-link\" href=\"https:\/\/www.smpengineeredsolutions.com\/de\/maerkte\/landwirtschaft-und-bauwesen\/\">Weiterlesen&#8230;<\/a><\/p>\n","protected":false},"author":27,"featured_media":0,"parent":4644,"menu_order":0,"comment_status":"closed","ping_status":"closed","template":"page-templates\/destination-content.php","meta":{"_acf_changed":false,"inline_featured_image":false,"footnotes":""},"class_list":["post-4776","page","type-page","status-publish","hentry"],"featured_image_src":null,"acf":[],"yoast_head":"<!-- This site is optimized with the Yoast SEO Premium plugin v27.5 (Yoast SEO v27.5) - https:\/\/yoast.com\/product\/yoast-seo-premium-wordpress\/ -->\n<title>Landwirtschaft und Bauwesen | Standard Motor Products, Inc.<\/title>\n<meta name=\"description\" content=\"Erfahren Sie mehr \u00fcber den Markt f\u00fcr Land- und Baumaschinen, den wir mit anpassbaren L\u00f6sungen f\u00fcr Fahrzeugsteuerungs- und W\u00e4rmemanagementprodukte bedienen.\" \/>\n<meta name=\"robots\" content=\"index, follow, max-snippet:-1, max-image-preview:large, max-video-preview:-1\" \/>\n<link rel=\"canonical\" href=\"https:\/\/www.smpengineeredsolutions.com\/de\/maerkte\/landwirtschaft-und-bauwesen\/\" \/>\n<meta property=\"og:locale\" content=\"de_DE\" \/>\n<meta property=\"og:type\" content=\"article\" \/>\n<meta property=\"og:title\" content=\"Landwirtschaft und Bauwesen\" \/>\n<meta property=\"og:description\" content=\"Erfahren Sie mehr \u00fcber den Markt f\u00fcr Land- und Baumaschinen, den wir mit anpassbaren L\u00f6sungen f\u00fcr Fahrzeugsteuerungs- und W\u00e4rmemanagementprodukte bedienen.\" \/>\n<meta property=\"og:url\" content=\"https:\/\/www.smpengineeredsolutions.com\/de\/maerkte\/landwirtschaft-und-bauwesen\/\" \/>\n<meta property=\"og:site_name\" content=\"Standard Motor Products, Inc.\" \/>\n<meta property=\"article:modified_time\" content=\"2024-08-26T16:28:31+00:00\" \/>\n<meta name=\"twitter:label1\" content=\"Gesch\u00e4tzte Lesezeit\" \/>\n\t<meta name=\"twitter:data1\" content=\"1\u00a0Minute\" \/>\n<script type=\"application\/ld+json\" class=\"yoast-schema-graph\">{\"@context\":\"https:\\\/\\\/schema.org\",\"@graph\":[{\"@type\":\"WebPage\",\"@id\":\"https:\\\/\\\/www.smpengineeredsolutions.com\\\/de\\\/maerkte\\\/landwirtschaft-und-bauwesen\\\/\",\"url\":\"https:\\\/\\\/www.smpengineeredsolutions.com\\\/de\\\/maerkte\\\/landwirtschaft-und-bauwesen\\\/\",\"name\":\"Landwirtschaft und Bauwesen | Standard Motor Products, Inc.\",\"isPartOf\":{\"@id\":\"https:\\\/\\\/www.smpengineeredsolutions.com\\\/de\\\/#website\"},\"datePublished\":\"2023-01-09T12:15:25+00:00\",\"dateModified\":\"2024-08-26T16:28:31+00:00\",\"description\":\"Erfahren Sie mehr \u00fcber den Markt f\u00fcr Land- und Baumaschinen, den wir mit anpassbaren L\u00f6sungen f\u00fcr Fahrzeugsteuerungs- und W\u00e4rmemanagementprodukte bedienen.\",\"breadcrumb\":{\"@id\":\"https:\\\/\\\/www.smpengineeredsolutions.com\\\/de\\\/maerkte\\\/landwirtschaft-und-bauwesen\\\/#breadcrumb\"},\"inLanguage\":\"de\",\"potentialAction\":[{\"@type\":\"ReadAction\",\"target\":[\"https:\\\/\\\/www.smpengineeredsolutions.com\\\/de\\\/maerkte\\\/landwirtschaft-und-bauwesen\\\/\"]}]},{\"@type\":\"BreadcrumbList\",\"@id\":\"https:\\\/\\\/www.smpengineeredsolutions.com\\\/de\\\/maerkte\\\/landwirtschaft-und-bauwesen\\\/#breadcrumb\",\"itemListElement\":[{\"@type\":\"ListItem\",\"position\":1,\"name\":\"Home\",\"item\":\"https:\\\/\\\/www.smpengineeredsolutions.com\\\/de\\\/\"},{\"@type\":\"ListItem\",\"position\":2,\"name\":\"M\u00e4rkte\",\"item\":\"https:\\\/\\\/www.3ec3a7a1-1e28-4a7f-941d-947624eef59a.smpengineeredsolutions.com\\\/de\\\/maerkte\\\/\"},{\"@type\":\"ListItem\",\"position\":3,\"name\":\"Landwirtschaft und Bauwesen\"}]},{\"@type\":\"WebSite\",\"@id\":\"https:\\\/\\\/www.smpengineeredsolutions.com\\\/de\\\/#website\",\"url\":\"https:\\\/\\\/www.smpengineeredsolutions.com\\\/de\\\/\",\"name\":\"Standard Motor Products, Inc.\",\"description\":\"\",\"publisher\":{\"@id\":\"https:\\\/\\\/www.smpengineeredsolutions.com\\\/de\\\/#organization\"},\"potentialAction\":[{\"@type\":\"SearchAction\",\"target\":{\"@type\":\"EntryPoint\",\"urlTemplate\":\"https:\\\/\\\/www.smpengineeredsolutions.com\\\/de\\\/?s={search_term_string}\"},\"query-input\":{\"@type\":\"PropertyValueSpecification\",\"valueRequired\":true,\"valueName\":\"search_term_string\"}}],\"inLanguage\":\"de\"},{\"@type\":\"Organization\",\"@id\":\"https:\\\/\\\/www.smpengineeredsolutions.com\\\/de\\\/#organization\",\"name\":\"SMP\u00ae Engineered Solutions\",\"url\":\"https:\\\/\\\/www.smpengineeredsolutions.com\\\/de\\\/\",\"logo\":{\"@type\":\"ImageObject\",\"inLanguage\":\"de\",\"@id\":\"https:\\\/\\\/www.smpengineeredsolutions.com\\\/de\\\/#\\\/schema\\\/logo\\\/image\\\/\",\"url\":\"https:\\\/\\\/www.a.smpengineeredsolutions.com\\\/wp-content\\\/uploads\\\/smp-logo.png\",\"contentUrl\":\"https:\\\/\\\/www.a.smpengineeredsolutions.com\\\/wp-content\\\/uploads\\\/smp-logo.png\",\"width\":264,\"height\":117,\"caption\":\"SMP\u00ae Engineered Solutions\"},\"image\":{\"@id\":\"https:\\\/\\\/www.smpengineeredsolutions.com\\\/de\\\/#\\\/schema\\\/logo\\\/image\\\/\"},\"sameAs\":[\"https:\\\/\\\/www.youtube.com\\\/@StandardMotorProductsInc\",\"https:\\\/\\\/www.linkedin.com\\\/company\\\/standard-motor-products\"]}]}<\/script>\n<!-- \/ Yoast SEO Premium plugin. -->","yoast_head_json":{"title":"Landwirtschaft und Bauwesen | Standard Motor Products, Inc.","description":"Erfahren Sie mehr \u00fcber den Markt f\u00fcr Land- und Baumaschinen, den wir mit anpassbaren L\u00f6sungen f\u00fcr Fahrzeugsteuerungs- und W\u00e4rmemanagementprodukte bedienen.","robots":{"index":"index","follow":"follow","max-snippet":"max-snippet:-1","max-image-preview":"max-image-preview:large","max-video-preview":"max-video-preview:-1"},"canonical":"https:\/\/www.smpengineeredsolutions.com\/de\/maerkte\/landwirtschaft-und-bauwesen\/","og_locale":"de_DE","og_type":"article","og_title":"Landwirtschaft und Bauwesen","og_description":"Erfahren Sie mehr \u00fcber den Markt f\u00fcr Land- und Baumaschinen, den wir mit anpassbaren L\u00f6sungen f\u00fcr Fahrzeugsteuerungs- und W\u00e4rmemanagementprodukte bedienen.","og_url":"https:\/\/www.smpengineeredsolutions.com\/de\/maerkte\/landwirtschaft-und-bauwesen\/","og_site_name":"Standard Motor Products, Inc.","article_modified_time":"2024-08-26T16:28:31+00:00","twitter_misc":{"Gesch\u00e4tzte Lesezeit":"1\u00a0Minute"},"schema":{"@context":"https:\/\/schema.org","@graph":[{"@type":"WebPage","@id":"https:\/\/www.smpengineeredsolutions.com\/de\/maerkte\/landwirtschaft-und-bauwesen\/","url":"https:\/\/www.smpengineeredsolutions.com\/de\/maerkte\/landwirtschaft-und-bauwesen\/","name":"Landwirtschaft und Bauwesen | Standard Motor Products, Inc.","isPartOf":{"@id":"https:\/\/www.smpengineeredsolutions.com\/de\/#website"},"datePublished":"2023-01-09T12:15:25+00:00","dateModified":"2024-08-26T16:28:31+00:00","description":"Erfahren Sie mehr \u00fcber den Markt f\u00fcr Land- und Baumaschinen, den wir mit anpassbaren L\u00f6sungen f\u00fcr Fahrzeugsteuerungs- und W\u00e4rmemanagementprodukte bedienen.","breadcrumb":{"@id":"https:\/\/www.smpengineeredsolutions.com\/de\/maerkte\/landwirtschaft-und-bauwesen\/#breadcrumb"},"inLanguage":"de","potentialAction":[{"@type":"ReadAction","target":["https:\/\/www.smpengineeredsolutions.com\/de\/maerkte\/landwirtschaft-und-bauwesen\/"]}]},{"@type":"BreadcrumbList","@id":"https:\/\/www.smpengineeredsolutions.com\/de\/maerkte\/landwirtschaft-und-bauwesen\/#breadcrumb","itemListElement":[{"@type":"ListItem","position":1,"name":"Home","item":"https:\/\/www.smpengineeredsolutions.com\/de\/"},{"@type":"ListItem","position":2,"name":"M\u00e4rkte","item":"https:\/\/www.3ec3a7a1-1e28-4a7f-941d-947624eef59a.smpengineeredsolutions.com\/de\/maerkte\/"},{"@type":"ListItem","position":3,"name":"Landwirtschaft und Bauwesen"}]},{"@type":"WebSite","@id":"https:\/\/www.smpengineeredsolutions.com\/de\/#website","url":"https:\/\/www.smpengineeredsolutions.com\/de\/","name":"Standard Motor Products, Inc.","description":"","publisher":{"@id":"https:\/\/www.smpengineeredsolutions.com\/de\/#organization"},"potentialAction":[{"@type":"SearchAction","target":{"@type":"EntryPoint","urlTemplate":"https:\/\/www.smpengineeredsolutions.com\/de\/?s={search_term_string}"},"query-input":{"@type":"PropertyValueSpecification","valueRequired":true,"valueName":"search_term_string"}}],"inLanguage":"de"},{"@type":"Organization","@id":"https:\/\/www.smpengineeredsolutions.com\/de\/#organization","name":"SMP\u00ae Engineered Solutions","url":"https:\/\/www.smpengineeredsolutions.com\/de\/","logo":{"@type":"ImageObject","inLanguage":"de","@id":"https:\/\/www.smpengineeredsolutions.com\/de\/#\/schema\/logo\/image\/","url":"https:\/\/www.a.smpengineeredsolutions.com\/wp-content\/uploads\/smp-logo.png","contentUrl":"https:\/\/www.a.smpengineeredsolutions.com\/wp-content\/uploads\/smp-logo.png","width":264,"height":117,"caption":"SMP\u00ae Engineered Solutions"},"image":{"@id":"https:\/\/www.smpengineeredsolutions.com\/de\/#\/schema\/logo\/image\/"},"sameAs":["https:\/\/www.youtube.com\/@StandardMotorProductsInc","https:\/\/www.linkedin.com\/company\/standard-motor-products"]}]}},"_links":{"self":[{"href":"https:\/\/www.smpengineeredsolutions.com\/de\/wp-json\/wp\/v2\/pages\/4776","targetHints":{"allow":["GET"]}}],"collection":[{"href":"https:\/\/www.smpengineeredsolutions.com\/de\/wp-json\/wp\/v2\/pages"}],"about":[{"href":"https:\/\/www.smpengineeredsolutions.com\/de\/wp-json\/wp\/v2\/types\/page"}],"author":[{"embeddable":true,"href":"https:\/\/www.smpengineeredsolutions.com\/de\/wp-json\/wp\/v2\/users\/27"}],"replies":[{"embeddable":true,"href":"https:\/\/www.smpengineeredsolutions.com\/de\/wp-json\/wp\/v2\/comments?post=4776"}],"version-history":[{"count":1,"href":"https:\/\/www.smpengineeredsolutions.com\/de\/wp-json\/wp\/v2\/pages\/4776\/revisions"}],"predecessor-version":[{"id":7183,"href":"https:\/\/www.smpengineeredsolutions.com\/de\/wp-json\/wp\/v2\/pages\/4776\/revisions\/7183"}],"up":[{"embeddable":true,"href":"https:\/\/www.smpengineeredsolutions.com\/de\/wp-json\/wp\/v2\/pages\/4644"}],"wp:attachment":[{"href":"https:\/\/www.smpengineeredsolutions.com\/de\/wp-json\/wp\/v2\/media?parent=4776"}],"curies":[{"name":"wp","href":"https:\/\/api.w.org\/{rel}","templated":true}]}}