{"id":4772,"date":"2023-01-10T12:22:35","date_gmt":"2023-01-10T17:22:35","guid":{"rendered":"https:\/\/smpengineeredsolutions.com\/?page_id=4772"},"modified":"2024-10-15T13:23:14","modified_gmt":"2024-10-15T17:23:14","slug":"auf-der-autobahn","status":"publish","type":"page","link":"https:\/\/www.smpengineeredsolutions.com\/de\/maerkte\/auf-der-autobahn\/","title":{"rendered":"Auf der Stra\u00dfe"},"content":{"rendered":"<h2>F\u00fcr wen wir arbeiten<\/h2>\n<p>SMP Engineered Solutions bietet eine Vielzahl von Produkten f\u00fcr alle Anwendungen auf dem Stra\u00dfenverkehrsmarkt. Dazu geh\u00f6ren schwere Nutzfahrzeuge, Bus-Spezialfahrzeuge und leichte Nutzfahrzeuge. Wir blicken auf eine lange Geschichte als gesch\u00e4tzter Partner der globalen Leichtfahrzeughersteller, der zugeh\u00f6rigen Serviceorganisationen und der breit gef\u00e4cherten Zuliefererbasis zur\u00fcck.<\/p>\n<h3>Gemeinsame Anwendungen<\/h3>\n<p><strong>Kommerzielle Fahrzeuge und leichte Fahrzeuge<\/strong><\/p>\n<ul>\n<li>Lastkraftwagen auf der Landstra\u00dfe<\/li>\n<li>Bus<\/li>\n<li>Spezialfahrzeug<\/li>\n<\/ul>\n<p>Entdecken Sie die vielen <a href=\"https:\/\/www.smpengineeredsolutions.com\/de\/produkte\/\">Produkte<\/a>, die wir anbieten, und kontaktieren Sie uns noch heute!<\/p>\n","protected":false},"excerpt":{"rendered":"<p>F\u00fcr wen wir arbeiten SMP Engineered Solutions bietet eine Vielzahl von Produkten f\u00fcr alle Anwendungen auf dem Stra\u00dfenverkehrsmarkt. Dazu geh\u00f6ren schwere Nutzfahrzeuge, Bus-Spezialfahrzeuge und leichte Nutzfahrzeuge. Wir blicken auf eine lange Geschichte als gesch\u00e4tzter Partner der globalen Leichtfahrzeughersteller, der zugeh\u00f6rigen Serviceorganisationen und der breit gef\u00e4cherten Zuliefererbasis zur\u00fcck. Gemeinsame Anwendungen Kommerzielle Fahrzeuge und leichte Fahrzeuge Lastkraftwagen&#8230; [&#8230;]<\/p>\n<p><a class=\"btn btn-secondary understrap-read-more-link\" href=\"https:\/\/www.smpengineeredsolutions.com\/de\/maerkte\/auf-der-autobahn\/\">Weiterlesen&#8230;<\/a><\/p>\n","protected":false},"author":27,"featured_media":0,"parent":4644,"menu_order":0,"comment_status":"closed","ping_status":"closed","template":"page-templates\/destination-bucket.php","meta":{"_acf_changed":false,"inline_featured_image":false,"footnotes":""},"class_list":["post-4772","page","type-page","status-publish","hentry"],"featured_image_src":null,"acf":[],"yoast_head":"<!-- This site is optimized with the Yoast SEO Premium plugin v27.4 (Yoast SEO v27.4) - https:\/\/yoast.com\/product\/yoast-seo-premium-wordpress\/ -->\n<title>Auf dem Highway-Markt | Fahrzeug- und W\u00e4rmemanagement<\/title>\n<meta name=\"description\" content=\"Erfahren Sie mehr \u00fcber den Highway-Markt, den wir mit anpassbaren L\u00f6sungen f\u00fcr Fahrzeugsteuerungs- und W\u00e4rmemanagementprodukte bedienen. Erfahren Sie mehr!\" \/>\n<meta name=\"robots\" content=\"index, follow, max-snippet:-1, max-image-preview:large, max-video-preview:-1\" \/>\n<link rel=\"canonical\" href=\"https:\/\/www.smpengineeredsolutions.com\/de\/maerkte\/auf-der-autobahn\/\" \/>\n<meta property=\"og:locale\" content=\"de_DE\" \/>\n<meta property=\"og:type\" content=\"article\" \/>\n<meta property=\"og:title\" content=\"Auf der Stra\u00dfe\" \/>\n<meta property=\"og:description\" content=\"Erfahren Sie mehr \u00fcber den Highway-Markt, den wir mit anpassbaren L\u00f6sungen f\u00fcr Fahrzeugsteuerungs- und W\u00e4rmemanagementprodukte bedienen. Erfahren Sie mehr!\" \/>\n<meta property=\"og:url\" content=\"https:\/\/www.smpengineeredsolutions.com\/de\/maerkte\/auf-der-autobahn\/\" \/>\n<meta property=\"og:site_name\" content=\"Standard Motor Products, Inc.\" \/>\n<meta property=\"article:modified_time\" content=\"2024-10-15T17:23:14+00:00\" \/>\n<meta name=\"twitter:label1\" content=\"Gesch\u00e4tzte Lesezeit\" \/>\n\t<meta name=\"twitter:data1\" content=\"1\u00a0Minute\" \/>\n<script type=\"application\/ld+json\" class=\"yoast-schema-graph\">{\"@context\":\"https:\\\/\\\/schema.org\",\"@graph\":[{\"@type\":\"WebPage\",\"@id\":\"https:\\\/\\\/www.smpengineeredsolutions.com\\\/de\\\/maerkte\\\/auf-der-autobahn\\\/\",\"url\":\"https:\\\/\\\/www.smpengineeredsolutions.com\\\/de\\\/maerkte\\\/auf-der-autobahn\\\/\",\"name\":\"Auf dem Highway-Markt | Fahrzeug- und W\u00e4rmemanagement\",\"isPartOf\":{\"@id\":\"https:\\\/\\\/www._tcp.smpengineeredsolutions.com\\\/#website\"},\"datePublished\":\"2023-01-10T17:22:35+00:00\",\"dateModified\":\"2024-10-15T17:23:14+00:00\",\"description\":\"Erfahren Sie mehr \u00fcber den Highway-Markt, den wir mit anpassbaren L\u00f6sungen f\u00fcr Fahrzeugsteuerungs- und W\u00e4rmemanagementprodukte bedienen. Erfahren Sie mehr!\",\"breadcrumb\":{\"@id\":\"https:\\\/\\\/www.smpengineeredsolutions.com\\\/de\\\/maerkte\\\/auf-der-autobahn\\\/#breadcrumb\"},\"inLanguage\":\"de\",\"potentialAction\":[{\"@type\":\"ReadAction\",\"target\":[\"https:\\\/\\\/www.smpengineeredsolutions.com\\\/de\\\/maerkte\\\/auf-der-autobahn\\\/\"]}]},{\"@type\":\"BreadcrumbList\",\"@id\":\"https:\\\/\\\/www.smpengineeredsolutions.com\\\/de\\\/maerkte\\\/auf-der-autobahn\\\/#breadcrumb\",\"itemListElement\":[{\"@type\":\"ListItem\",\"position\":1,\"name\":\"Home\",\"item\":\"https:\\\/\\\/www.smpengineeredsolutions.com\\\/de\\\/\"},{\"@type\":\"ListItem\",\"position\":2,\"name\":\"M\u00e4rkte\",\"item\":\"https:\\\/\\\/www._rwhois._tcp.smpengineeredsolutions.com\\\/de\\\/maerkte\\\/\"},{\"@type\":\"ListItem\",\"position\":3,\"name\":\"Auf der Stra\u00dfe\"}]},{\"@type\":\"WebSite\",\"@id\":\"https:\\\/\\\/www._tcp.smpengineeredsolutions.com\\\/#website\",\"url\":\"https:\\\/\\\/www._tcp.smpengineeredsolutions.com\\\/\",\"name\":\"Standard Motor Products, Inc.\",\"description\":\"\",\"publisher\":{\"@id\":\"https:\\\/\\\/www._tcp.smpengineeredsolutions.com\\\/#organization\"},\"potentialAction\":[{\"@type\":\"SearchAction\",\"target\":{\"@type\":\"EntryPoint\",\"urlTemplate\":\"https:\\\/\\\/www._tcp.smpengineeredsolutions.com\\\/?s={search_term_string}\"},\"query-input\":{\"@type\":\"PropertyValueSpecification\",\"valueRequired\":true,\"valueName\":\"search_term_string\"}}],\"inLanguage\":\"de\"},{\"@type\":\"Organization\",\"@id\":\"https:\\\/\\\/www._tcp.smpengineeredsolutions.com\\\/#organization\",\"name\":\"SMP\u00ae Engineered Solutions\",\"url\":\"https:\\\/\\\/www._tcp.smpengineeredsolutions.com\\\/\",\"logo\":{\"@type\":\"ImageObject\",\"inLanguage\":\"de\",\"@id\":\"https:\\\/\\\/www._tcp.smpengineeredsolutions.com\\\/#\\\/schema\\\/logo\\\/image\\\/\",\"url\":\"https:\\\/\\\/www.a.smpengineeredsolutions.com\\\/wp-content\\\/uploads\\\/smp-logo.png\",\"contentUrl\":\"https:\\\/\\\/www.a.smpengineeredsolutions.com\\\/wp-content\\\/uploads\\\/smp-logo.png\",\"width\":264,\"height\":117,\"caption\":\"SMP\u00ae Engineered Solutions\"},\"image\":{\"@id\":\"https:\\\/\\\/www._tcp.smpengineeredsolutions.com\\\/#\\\/schema\\\/logo\\\/image\\\/\"},\"sameAs\":[\"https:\\\/\\\/www.youtube.com\\\/@StandardMotorProductsInc\",\"https:\\\/\\\/www.linkedin.com\\\/company\\\/standard-motor-products\"]}]}<\/script>\n<!-- \/ Yoast SEO Premium plugin. -->","yoast_head_json":{"title":"Auf dem Highway-Markt | Fahrzeug- und W\u00e4rmemanagement","description":"Erfahren Sie mehr \u00fcber den Highway-Markt, den wir mit anpassbaren L\u00f6sungen f\u00fcr Fahrzeugsteuerungs- und W\u00e4rmemanagementprodukte bedienen. Erfahren Sie mehr!","robots":{"index":"index","follow":"follow","max-snippet":"max-snippet:-1","max-image-preview":"max-image-preview:large","max-video-preview":"max-video-preview:-1"},"canonical":"https:\/\/www.smpengineeredsolutions.com\/de\/maerkte\/auf-der-autobahn\/","og_locale":"de_DE","og_type":"article","og_title":"Auf der Stra\u00dfe","og_description":"Erfahren Sie mehr \u00fcber den Highway-Markt, den wir mit anpassbaren L\u00f6sungen f\u00fcr Fahrzeugsteuerungs- und W\u00e4rmemanagementprodukte bedienen. Erfahren Sie mehr!","og_url":"https:\/\/www.smpengineeredsolutions.com\/de\/maerkte\/auf-der-autobahn\/","og_site_name":"Standard Motor Products, Inc.","article_modified_time":"2024-10-15T17:23:14+00:00","twitter_misc":{"Gesch\u00e4tzte Lesezeit":"1\u00a0Minute"},"schema":{"@context":"https:\/\/schema.org","@graph":[{"@type":"WebPage","@id":"https:\/\/www.smpengineeredsolutions.com\/de\/maerkte\/auf-der-autobahn\/","url":"https:\/\/www.smpengineeredsolutions.com\/de\/maerkte\/auf-der-autobahn\/","name":"Auf dem Highway-Markt | Fahrzeug- und W\u00e4rmemanagement","isPartOf":{"@id":"https:\/\/www._tcp.smpengineeredsolutions.com\/#website"},"datePublished":"2023-01-10T17:22:35+00:00","dateModified":"2024-10-15T17:23:14+00:00","description":"Erfahren Sie mehr \u00fcber den Highway-Markt, den wir mit anpassbaren L\u00f6sungen f\u00fcr Fahrzeugsteuerungs- und W\u00e4rmemanagementprodukte bedienen. Erfahren Sie mehr!","breadcrumb":{"@id":"https:\/\/www.smpengineeredsolutions.com\/de\/maerkte\/auf-der-autobahn\/#breadcrumb"},"inLanguage":"de","potentialAction":[{"@type":"ReadAction","target":["https:\/\/www.smpengineeredsolutions.com\/de\/maerkte\/auf-der-autobahn\/"]}]},{"@type":"BreadcrumbList","@id":"https:\/\/www.smpengineeredsolutions.com\/de\/maerkte\/auf-der-autobahn\/#breadcrumb","itemListElement":[{"@type":"ListItem","position":1,"name":"Home","item":"https:\/\/www.smpengineeredsolutions.com\/de\/"},{"@type":"ListItem","position":2,"name":"M\u00e4rkte","item":"https:\/\/www._rwhois._tcp.smpengineeredsolutions.com\/de\/maerkte\/"},{"@type":"ListItem","position":3,"name":"Auf der Stra\u00dfe"}]},{"@type":"WebSite","@id":"https:\/\/www._tcp.smpengineeredsolutions.com\/#website","url":"https:\/\/www._tcp.smpengineeredsolutions.com\/","name":"Standard Motor Products, Inc.","description":"","publisher":{"@id":"https:\/\/www._tcp.smpengineeredsolutions.com\/#organization"},"potentialAction":[{"@type":"SearchAction","target":{"@type":"EntryPoint","urlTemplate":"https:\/\/www._tcp.smpengineeredsolutions.com\/?s={search_term_string}"},"query-input":{"@type":"PropertyValueSpecification","valueRequired":true,"valueName":"search_term_string"}}],"inLanguage":"de"},{"@type":"Organization","@id":"https:\/\/www._tcp.smpengineeredsolutions.com\/#organization","name":"SMP\u00ae Engineered Solutions","url":"https:\/\/www._tcp.smpengineeredsolutions.com\/","logo":{"@type":"ImageObject","inLanguage":"de","@id":"https:\/\/www._tcp.smpengineeredsolutions.com\/#\/schema\/logo\/image\/","url":"https:\/\/www.a.smpengineeredsolutions.com\/wp-content\/uploads\/smp-logo.png","contentUrl":"https:\/\/www.a.smpengineeredsolutions.com\/wp-content\/uploads\/smp-logo.png","width":264,"height":117,"caption":"SMP\u00ae Engineered Solutions"},"image":{"@id":"https:\/\/www._tcp.smpengineeredsolutions.com\/#\/schema\/logo\/image\/"},"sameAs":["https:\/\/www.youtube.com\/@StandardMotorProductsInc","https:\/\/www.linkedin.com\/company\/standard-motor-products"]}]}},"_links":{"self":[{"href":"https:\/\/www.smpengineeredsolutions.com\/de\/wp-json\/wp\/v2\/pages\/4772","targetHints":{"allow":["GET"]}}],"collection":[{"href":"https:\/\/www.smpengineeredsolutions.com\/de\/wp-json\/wp\/v2\/pages"}],"about":[{"href":"https:\/\/www.smpengineeredsolutions.com\/de\/wp-json\/wp\/v2\/types\/page"}],"author":[{"embeddable":true,"href":"https:\/\/www.smpengineeredsolutions.com\/de\/wp-json\/wp\/v2\/users\/27"}],"replies":[{"embeddable":true,"href":"https:\/\/www.smpengineeredsolutions.com\/de\/wp-json\/wp\/v2\/comments?post=4772"}],"version-history":[{"count":3,"href":"https:\/\/www.smpengineeredsolutions.com\/de\/wp-json\/wp\/v2\/pages\/4772\/revisions"}],"predecessor-version":[{"id":7411,"href":"https:\/\/www.smpengineeredsolutions.com\/de\/wp-json\/wp\/v2\/pages\/4772\/revisions\/7411"}],"up":[{"embeddable":true,"href":"https:\/\/www.smpengineeredsolutions.com\/de\/wp-json\/wp\/v2\/pages\/4644"}],"wp:attachment":[{"href":"https:\/\/www.smpengineeredsolutions.com\/de\/wp-json\/wp\/v2\/media?parent=4772"}],"curies":[{"name":"wp","href":"https:\/\/api.w.org\/{rel}","templated":true}]}}