{"id":4771,"date":"2023-01-10T07:42:43","date_gmt":"2023-01-10T12:42:43","guid":{"rendered":"https:\/\/smpengineeredsolutions.com\/?page_id=4771"},"modified":"2023-09-04T06:07:37","modified_gmt":"2023-09-04T06:07:37","slug":"halteschellen-fuer-rohre-mit-epdm-auskleidung","status":"publish","type":"page","link":"https:\/\/www.smpengineeredsolutions.com\/de\/produkte\/schellen\/hochbelastbare-metallschellen\/halteschellen-fuer-rohre-mit-epdm-auskleidung\/","title":{"rendered":"Halteschellen f\u00fcr Rohre mit EPDM-Auskleidung"},"content":{"rendered":"<div class=\"feature-img-right\">\n<a class=\"lightbox\" href=\"\/wp-content\/uploads\/Rohrhalterungsschellen_mit_EPDM_Gummieinlage-5405-b5149e1c.jpg\"><img decoding=\"async\" title=\"Halteschellen f\u00fcr Rohre mit EPDM-Auskleidung\" src=\"\/wp-content\/uploads\/Rohrhalterungsschellen_mit_EPDM_Gummieinlage-5405-b5149e1c.jpg\" alt=\"Halteschellen f\u00fcr Rohre mit EPDM-Auskleidung\" width=\"300\"\/><\/a><\/div>\n<p>Die Rohrschellen nach DIN 3016 lassen sich mit nur einer Schraube schnell und einfach installieren. Die EPDM-Auskleidung d\u00e4mpft St\u00f6\u00dfe und Vibrationen ab. Au\u00dferdem beugt die Auskleidung Kratzern in der Beschichtung vor und sch\u00fctzt so vor Kontaktkorrosion.<\/p>\n<p><strong>Beispiele:<\/strong><br \/>\nHalterungen aller Art wie z. B. f\u00fcr Rohre, Kabel, Kabelb\u00e4ume, Kabelschutzrohre, Schl\u00e4uche und anderes mehr<\/p>\n","protected":false},"excerpt":{"rendered":"<p>Die Rohrschellen nach DIN 3016 lassen sich mit nur einer Schraube schnell und einfach installieren. Die EPDM-Auskleidung d\u00e4mpft St\u00f6\u00dfe und Vibrationen ab. Au\u00dferdem beugt die Auskleidung Kratzern in der Beschichtung vor und sch\u00fctzt so vor Kontaktkorrosion. Beispiele: Halterungen aller Art wie z. B. f\u00fcr Rohre, Kabel, Kabelb\u00e4ume, Kabelschutzrohre, Schl\u00e4uche und anderes mehr [&#8230;]<\/p>\n<p><a class=\"btn btn-secondary understrap-read-more-link\" href=\"https:\/\/www.smpengineeredsolutions.com\/de\/produkte\/schellen\/hochbelastbare-metallschellen\/halteschellen-fuer-rohre-mit-epdm-auskleidung\/\">Weiterlesen&#8230;<\/a><\/p>\n","protected":false},"author":27,"featured_media":0,"parent":4763,"menu_order":0,"comment_status":"closed","ping_status":"closed","template":"page-templates\/destination-content.php","meta":{"_acf_changed":false,"inline_featured_image":false,"footnotes":""},"class_list":["post-4771","page","type-page","status-publish","hentry"],"featured_image_src":null,"acf":[],"yoast_head":"<!-- This site is optimized with the Yoast SEO Premium plugin v27.5 (Yoast SEO v27.5) - https:\/\/yoast.com\/product\/yoast-seo-premium-wordpress\/ -->\n<title>Halteschellen f\u00fcr Rohre mit EPDM-Auskleidung - Standard Motor Products, Inc.<\/title>\n<meta name=\"robots\" content=\"index, follow, max-snippet:-1, max-image-preview:large, max-video-preview:-1\" \/>\n<link rel=\"canonical\" href=\"https:\/\/www.smpengineeredsolutions.com\/de\/produkte\/schellen\/hochbelastbare-metallschellen\/halteschellen-fuer-rohre-mit-epdm-auskleidung\/\" \/>\n<meta property=\"og:locale\" content=\"de_DE\" \/>\n<meta property=\"og:type\" content=\"article\" \/>\n<meta property=\"og:title\" content=\"Halteschellen f\u00fcr Rohre mit EPDM-Auskleidung\" \/>\n<meta property=\"og:description\" content=\"Die Rohrschellen nach DIN 3016 lassen sich mit nur einer Schraube schnell und einfach installieren. Die EPDM-Auskleidung d\u00e4mpft St\u00f6\u00dfe und Vibrationen ab. Au\u00dferdem beugt die Auskleidung Kratzern in der Beschichtung vor und sch\u00fctzt so vor Kontaktkorrosion. Beispiele: Halterungen aller Art wie z. B. f\u00fcr Rohre, Kabel, Kabelb\u00e4ume, Kabelschutzrohre, Schl\u00e4uche und anderes mehr [...]Weiterlesen...\" \/>\n<meta property=\"og:url\" content=\"https:\/\/www.smpengineeredsolutions.com\/de\/produkte\/schellen\/hochbelastbare-metallschellen\/halteschellen-fuer-rohre-mit-epdm-auskleidung\/\" \/>\n<meta property=\"og:site_name\" content=\"Standard Motor Products, Inc.\" \/>\n<meta property=\"article:modified_time\" content=\"2023-09-04T06:07:37+00:00\" \/>\n<script type=\"application\/ld+json\" class=\"yoast-schema-graph\">{\"@context\":\"https:\\\/\\\/schema.org\",\"@graph\":[{\"@type\":\"WebPage\",\"@id\":\"https:\\\/\\\/www.smpengineeredsolutions.com\\\/de\\\/produkte\\\/schellen\\\/hochbelastbare-metallschellen\\\/halteschellen-fuer-rohre-mit-epdm-auskleidung\\\/\",\"url\":\"https:\\\/\\\/www.smpengineeredsolutions.com\\\/de\\\/produkte\\\/schellen\\\/hochbelastbare-metallschellen\\\/halteschellen-fuer-rohre-mit-epdm-auskleidung\\\/\",\"name\":\"Halteschellen f\u00fcr Rohre mit EPDM-Auskleidung - Standard Motor Products, Inc.\",\"isPartOf\":{\"@id\":\"https:\\\/\\\/www.smpengineeredsolutions.com\\\/de\\\/#website\"},\"datePublished\":\"2023-01-10T12:42:43+00:00\",\"dateModified\":\"2023-09-04T06:07:37+00:00\",\"breadcrumb\":{\"@id\":\"https:\\\/\\\/www.smpengineeredsolutions.com\\\/de\\\/produkte\\\/schellen\\\/hochbelastbare-metallschellen\\\/halteschellen-fuer-rohre-mit-epdm-auskleidung\\\/#breadcrumb\"},\"inLanguage\":\"de\",\"potentialAction\":[{\"@type\":\"ReadAction\",\"target\":[\"https:\\\/\\\/www.smpengineeredsolutions.com\\\/de\\\/produkte\\\/schellen\\\/hochbelastbare-metallschellen\\\/halteschellen-fuer-rohre-mit-epdm-auskleidung\\\/\"]}]},{\"@type\":\"BreadcrumbList\",\"@id\":\"https:\\\/\\\/www.smpengineeredsolutions.com\\\/de\\\/produkte\\\/schellen\\\/hochbelastbare-metallschellen\\\/halteschellen-fuer-rohre-mit-epdm-auskleidung\\\/#breadcrumb\",\"itemListElement\":[{\"@type\":\"ListItem\",\"position\":1,\"name\":\"Home\",\"item\":\"https:\\\/\\\/www.smpengineeredsolutions.com\\\/de\\\/\"},{\"@type\":\"ListItem\",\"position\":2,\"name\":\"Produkte\",\"item\":\"https:\\\/\\\/www.af63878a-61a4-44d4-a3f9-8118d911569f.smpengineeredsolutions.com\\\/de\\\/produkte\\\/\"},{\"@type\":\"ListItem\",\"position\":3,\"name\":\"Schellen\",\"item\":\"https:\\\/\\\/www._tcp.smpengineeredsolutions.com\\\/de\\\/produkte\\\/schellen\\\/\"},{\"@type\":\"ListItem\",\"position\":4,\"name\":\"Hochbelastbare Metallschellen\",\"item\":\"https:\\\/\\\/www._tcp.smpengineeredsolutions.com\\\/de\\\/produkte\\\/schellen\\\/hochbelastbare-metallschellen\\\/\"},{\"@type\":\"ListItem\",\"position\":5,\"name\":\"Halteschellen f\u00fcr Rohre mit EPDM-Auskleidung\"}]},{\"@type\":\"WebSite\",\"@id\":\"https:\\\/\\\/www.smpengineeredsolutions.com\\\/de\\\/#website\",\"url\":\"https:\\\/\\\/www.smpengineeredsolutions.com\\\/de\\\/\",\"name\":\"Standard Motor Products, Inc.\",\"description\":\"\",\"publisher\":{\"@id\":\"https:\\\/\\\/www.smpengineeredsolutions.com\\\/de\\\/#organization\"},\"potentialAction\":[{\"@type\":\"SearchAction\",\"target\":{\"@type\":\"EntryPoint\",\"urlTemplate\":\"https:\\\/\\\/www.smpengineeredsolutions.com\\\/de\\\/?s={search_term_string}\"},\"query-input\":{\"@type\":\"PropertyValueSpecification\",\"valueRequired\":true,\"valueName\":\"search_term_string\"}}],\"inLanguage\":\"de\"},{\"@type\":\"Organization\",\"@id\":\"https:\\\/\\\/www.smpengineeredsolutions.com\\\/de\\\/#organization\",\"name\":\"SMP\u00ae Engineered Solutions\",\"url\":\"https:\\\/\\\/www.smpengineeredsolutions.com\\\/de\\\/\",\"logo\":{\"@type\":\"ImageObject\",\"inLanguage\":\"de\",\"@id\":\"https:\\\/\\\/www.smpengineeredsolutions.com\\\/de\\\/#\\\/schema\\\/logo\\\/image\\\/\",\"url\":\"https:\\\/\\\/www.a.smpengineeredsolutions.com\\\/wp-content\\\/uploads\\\/smp-logo.png\",\"contentUrl\":\"https:\\\/\\\/www.a.smpengineeredsolutions.com\\\/wp-content\\\/uploads\\\/smp-logo.png\",\"width\":264,\"height\":117,\"caption\":\"SMP\u00ae Engineered Solutions\"},\"image\":{\"@id\":\"https:\\\/\\\/www.smpengineeredsolutions.com\\\/de\\\/#\\\/schema\\\/logo\\\/image\\\/\"},\"sameAs\":[\"https:\\\/\\\/www.youtube.com\\\/@StandardMotorProductsInc\",\"https:\\\/\\\/www.linkedin.com\\\/company\\\/standard-motor-products\"]}]}<\/script>\n<!-- \/ Yoast SEO Premium plugin. -->","yoast_head_json":{"title":"Halteschellen f\u00fcr Rohre mit EPDM-Auskleidung - Standard Motor Products, Inc.","robots":{"index":"index","follow":"follow","max-snippet":"max-snippet:-1","max-image-preview":"max-image-preview:large","max-video-preview":"max-video-preview:-1"},"canonical":"https:\/\/www.smpengineeredsolutions.com\/de\/produkte\/schellen\/hochbelastbare-metallschellen\/halteschellen-fuer-rohre-mit-epdm-auskleidung\/","og_locale":"de_DE","og_type":"article","og_title":"Halteschellen f\u00fcr Rohre mit EPDM-Auskleidung","og_description":"Die Rohrschellen nach DIN 3016 lassen sich mit nur einer Schraube schnell und einfach installieren. Die EPDM-Auskleidung d\u00e4mpft St\u00f6\u00dfe und Vibrationen ab. Au\u00dferdem beugt die Auskleidung Kratzern in der Beschichtung vor und sch\u00fctzt so vor Kontaktkorrosion. Beispiele: Halterungen aller Art wie z. B. f\u00fcr Rohre, Kabel, Kabelb\u00e4ume, Kabelschutzrohre, Schl\u00e4uche und anderes mehr [...]Weiterlesen...","og_url":"https:\/\/www.smpengineeredsolutions.com\/de\/produkte\/schellen\/hochbelastbare-metallschellen\/halteschellen-fuer-rohre-mit-epdm-auskleidung\/","og_site_name":"Standard Motor Products, Inc.","article_modified_time":"2023-09-04T06:07:37+00:00","schema":{"@context":"https:\/\/schema.org","@graph":[{"@type":"WebPage","@id":"https:\/\/www.smpengineeredsolutions.com\/de\/produkte\/schellen\/hochbelastbare-metallschellen\/halteschellen-fuer-rohre-mit-epdm-auskleidung\/","url":"https:\/\/www.smpengineeredsolutions.com\/de\/produkte\/schellen\/hochbelastbare-metallschellen\/halteschellen-fuer-rohre-mit-epdm-auskleidung\/","name":"Halteschellen f\u00fcr Rohre mit EPDM-Auskleidung - Standard Motor Products, Inc.","isPartOf":{"@id":"https:\/\/www.smpengineeredsolutions.com\/de\/#website"},"datePublished":"2023-01-10T12:42:43+00:00","dateModified":"2023-09-04T06:07:37+00:00","breadcrumb":{"@id":"https:\/\/www.smpengineeredsolutions.com\/de\/produkte\/schellen\/hochbelastbare-metallschellen\/halteschellen-fuer-rohre-mit-epdm-auskleidung\/#breadcrumb"},"inLanguage":"de","potentialAction":[{"@type":"ReadAction","target":["https:\/\/www.smpengineeredsolutions.com\/de\/produkte\/schellen\/hochbelastbare-metallschellen\/halteschellen-fuer-rohre-mit-epdm-auskleidung\/"]}]},{"@type":"BreadcrumbList","@id":"https:\/\/www.smpengineeredsolutions.com\/de\/produkte\/schellen\/hochbelastbare-metallschellen\/halteschellen-fuer-rohre-mit-epdm-auskleidung\/#breadcrumb","itemListElement":[{"@type":"ListItem","position":1,"name":"Home","item":"https:\/\/www.smpengineeredsolutions.com\/de\/"},{"@type":"ListItem","position":2,"name":"Produkte","item":"https:\/\/www.af63878a-61a4-44d4-a3f9-8118d911569f.smpengineeredsolutions.com\/de\/produkte\/"},{"@type":"ListItem","position":3,"name":"Schellen","item":"https:\/\/www._tcp.smpengineeredsolutions.com\/de\/produkte\/schellen\/"},{"@type":"ListItem","position":4,"name":"Hochbelastbare Metallschellen","item":"https:\/\/www._tcp.smpengineeredsolutions.com\/de\/produkte\/schellen\/hochbelastbare-metallschellen\/"},{"@type":"ListItem","position":5,"name":"Halteschellen f\u00fcr Rohre mit EPDM-Auskleidung"}]},{"@type":"WebSite","@id":"https:\/\/www.smpengineeredsolutions.com\/de\/#website","url":"https:\/\/www.smpengineeredsolutions.com\/de\/","name":"Standard Motor Products, Inc.","description":"","publisher":{"@id":"https:\/\/www.smpengineeredsolutions.com\/de\/#organization"},"potentialAction":[{"@type":"SearchAction","target":{"@type":"EntryPoint","urlTemplate":"https:\/\/www.smpengineeredsolutions.com\/de\/?s={search_term_string}"},"query-input":{"@type":"PropertyValueSpecification","valueRequired":true,"valueName":"search_term_string"}}],"inLanguage":"de"},{"@type":"Organization","@id":"https:\/\/www.smpengineeredsolutions.com\/de\/#organization","name":"SMP\u00ae Engineered Solutions","url":"https:\/\/www.smpengineeredsolutions.com\/de\/","logo":{"@type":"ImageObject","inLanguage":"de","@id":"https:\/\/www.smpengineeredsolutions.com\/de\/#\/schema\/logo\/image\/","url":"https:\/\/www.a.smpengineeredsolutions.com\/wp-content\/uploads\/smp-logo.png","contentUrl":"https:\/\/www.a.smpengineeredsolutions.com\/wp-content\/uploads\/smp-logo.png","width":264,"height":117,"caption":"SMP\u00ae Engineered Solutions"},"image":{"@id":"https:\/\/www.smpengineeredsolutions.com\/de\/#\/schema\/logo\/image\/"},"sameAs":["https:\/\/www.youtube.com\/@StandardMotorProductsInc","https:\/\/www.linkedin.com\/company\/standard-motor-products"]}]}},"_links":{"self":[{"href":"https:\/\/www.smpengineeredsolutions.com\/de\/wp-json\/wp\/v2\/pages\/4771","targetHints":{"allow":["GET"]}}],"collection":[{"href":"https:\/\/www.smpengineeredsolutions.com\/de\/wp-json\/wp\/v2\/pages"}],"about":[{"href":"https:\/\/www.smpengineeredsolutions.com\/de\/wp-json\/wp\/v2\/types\/page"}],"author":[{"embeddable":true,"href":"https:\/\/www.smpengineeredsolutions.com\/de\/wp-json\/wp\/v2\/users\/27"}],"replies":[{"embeddable":true,"href":"https:\/\/www.smpengineeredsolutions.com\/de\/wp-json\/wp\/v2\/comments?post=4771"}],"version-history":[{"count":0,"href":"https:\/\/www.smpengineeredsolutions.com\/de\/wp-json\/wp\/v2\/pages\/4771\/revisions"}],"up":[{"embeddable":true,"href":"https:\/\/www.smpengineeredsolutions.com\/de\/wp-json\/wp\/v2\/pages\/4763"}],"wp:attachment":[{"href":"https:\/\/www.smpengineeredsolutions.com\/de\/wp-json\/wp\/v2\/media?parent=4771"}],"curies":[{"name":"wp","href":"https:\/\/api.w.org\/{rel}","templated":true}]}}