{"id":4769,"date":"2023-01-10T07:33:41","date_gmt":"2023-01-10T12:33:41","guid":{"rendered":"https:\/\/smpengineeredsolutions.com\/?page_id=4769"},"modified":"2025-02-19T09:32:28","modified_gmt":"2025-02-19T14:32:28","slug":"v-band-schellen","status":"publish","type":"page","link":"https:\/\/www.smpengineeredsolutions.com\/de\/produkte\/schellen\/hochbelastbare-metallschellen\/v-band-schellen\/","title":{"rendered":"V-Band-Schellen"},"content":{"rendered":"<div class=\"feature-img-right\"><a class=\"lightbox\" href=\"\/wp-content\/uploads\/V-Schelle_5364-cc633cc6.jpg\"><img loading=\"lazy\" decoding=\"async\" class=\"alignnone\" title=\"V-Band-Schellen\" src=\"\/wp-content\/uploads\/V-Schelle_5364-cc633cc6.jpg\" alt=\"Hochbelastbare Metall-V-Bandschellen f\u00fcr Automobilanwendungen von SMP Engineered Solutions. \" width=\"300\" height=\"167\" \/><\/a><\/div>\n<p>V-Band-Schellen sind zuverl\u00e4ssige und leicht zu installierende Befestigungsmittel. Sie bestehen aus Band, Schnellverschluss und Profilsegmenten und bieten ein hohes Drehmoment und eine hohe Leckagesicherheit. Sie werden gem\u00e4\u00df den Kundenanforderungen gefertigt und sind mit verschiedenen Profilen, Bandbreiten und Verriegelungsarten erh\u00e4ltlich. Die V-Schellen sind nicht nur leicht zu handhaben, sondern erm\u00f6glichen auch eine schnelle Installation. Ein weiterer Vorteil im Vergleich zu herk\u00f6mmlichen Schellen ist das geringere Gewicht.<\/p>\n<p><strong>Beispiele:<\/strong><br \/>\nTurboladeranschl\u00fcsse, Auspuffkr\u00fcmmer, Bauteile zur Abgasnachbehandlung (Katalysator, Partikelfilter), Abgasnachbehandlung (Auspuffrohranschl\u00fcsse)<\/p>\n","protected":false},"excerpt":{"rendered":"<p>V-Band-Schellen sind zuverl\u00e4ssige und leicht zu installierende Befestigungsmittel. Sie bestehen aus Band, Schnellverschluss und Profilsegmenten und bieten ein hohes Drehmoment und eine hohe Leckagesicherheit. Sie werden gem\u00e4\u00df den Kundenanforderungen gefertigt und sind mit verschiedenen Profilen, Bandbreiten und Verriegelungsarten erh\u00e4ltlich. Die V-Schellen sind nicht nur leicht zu handhaben, sondern erm\u00f6glichen auch eine schnelle Installation. Ein weiterer&#8230; [&#8230;]<\/p>\n<p><a class=\"btn btn-secondary understrap-read-more-link\" href=\"https:\/\/www.smpengineeredsolutions.com\/de\/produkte\/schellen\/hochbelastbare-metallschellen\/v-band-schellen\/\">Weiterlesen&#8230;<\/a><\/p>\n","protected":false},"author":27,"featured_media":0,"parent":4763,"menu_order":0,"comment_status":"closed","ping_status":"closed","template":"page-templates\/destination-content.php","meta":{"_acf_changed":false,"inline_featured_image":false,"footnotes":""},"class_list":["post-4769","page","type-page","status-publish","hentry"],"featured_image_src":null,"acf":[],"yoast_head":"<!-- This site is optimized with the Yoast SEO Premium plugin v27.2 (Yoast SEO v27.2) - https:\/\/yoast.com\/product\/yoast-seo-premium-wordpress\/ -->\n<title>V-Bandschellen | STABIL VERBINDUNGSTECHNIK<\/title>\n<meta name=\"description\" content=\"Sehen Sie sich unsere V-Bandschellen an. Unsere V-Bandschellen sind aus hochwertigen Materialien gefertigt und k\u00f6nnen die Anforderungen Ihrer Anwendung erf\u00fcllen. Erfahren Sie mehr!\" \/>\n<meta name=\"robots\" content=\"index, follow, max-snippet:-1, max-image-preview:large, max-video-preview:-1\" \/>\n<link rel=\"canonical\" href=\"https:\/\/www.smpengineeredsolutions.com\/de\/produkte\/schellen\/hochbelastbare-metallschellen\/v-band-schellen\/\" \/>\n<meta property=\"og:locale\" content=\"de_DE\" \/>\n<meta property=\"og:type\" content=\"article\" \/>\n<meta property=\"og:title\" content=\"V-Band-Schellen\" \/>\n<meta property=\"og:description\" content=\"Sehen Sie sich unsere V-Bandschellen an. Unsere V-Bandschellen sind aus hochwertigen Materialien gefertigt und k\u00f6nnen die Anforderungen Ihrer Anwendung erf\u00fcllen. Erfahren Sie mehr!\" \/>\n<meta property=\"og:url\" content=\"https:\/\/www.smpengineeredsolutions.com\/de\/produkte\/schellen\/hochbelastbare-metallschellen\/v-band-schellen\/\" \/>\n<meta property=\"og:site_name\" content=\"Standard Motor Products, Inc.\" \/>\n<meta property=\"article:modified_time\" content=\"2025-02-19T14:32:28+00:00\" \/>\n<meta name=\"twitter:label1\" content=\"Gesch\u00e4tzte Lesezeit\" \/>\n\t<meta name=\"twitter:data1\" content=\"1\u00a0Minute\" \/>\n<script type=\"application\/ld+json\" class=\"yoast-schema-graph\">{\"@context\":\"https:\/\/schema.org\",\"@graph\":[{\"@type\":\"WebPage\",\"@id\":\"https:\/\/www.smpengineeredsolutions.com\/de\/produkte\/schellen\/hochbelastbare-metallschellen\/v-band-schellen\/\",\"url\":\"https:\/\/www.smpengineeredsolutions.com\/de\/produkte\/schellen\/hochbelastbare-metallschellen\/v-band-schellen\/\",\"name\":\"V-Bandschellen | STABIL VERBINDUNGSTECHNIK\",\"isPartOf\":{\"@id\":\"https:\/\/www.smpengineeredsolutions.com\/de\/#website\"},\"datePublished\":\"2023-01-10T12:33:41+00:00\",\"dateModified\":\"2025-02-19T14:32:28+00:00\",\"description\":\"Sehen Sie sich unsere V-Bandschellen an. Unsere V-Bandschellen sind aus hochwertigen Materialien gefertigt und k\u00f6nnen die Anforderungen Ihrer Anwendung erf\u00fcllen. Erfahren Sie mehr!\",\"breadcrumb\":{\"@id\":\"https:\/\/www.smpengineeredsolutions.com\/de\/produkte\/schellen\/hochbelastbare-metallschellen\/v-band-schellen\/#breadcrumb\"},\"inLanguage\":\"de\",\"potentialAction\":[{\"@type\":\"ReadAction\",\"target\":[\"https:\/\/www.smpengineeredsolutions.com\/de\/produkte\/schellen\/hochbelastbare-metallschellen\/v-band-schellen\/\"]}]},{\"@type\":\"BreadcrumbList\",\"@id\":\"https:\/\/www.smpengineeredsolutions.com\/de\/produkte\/schellen\/hochbelastbare-metallschellen\/v-band-schellen\/#breadcrumb\",\"itemListElement\":[{\"@type\":\"ListItem\",\"position\":1,\"name\":\"Home\",\"item\":\"https:\/\/www.smpengineeredsolutions.com\/de\/\"},{\"@type\":\"ListItem\",\"position\":2,\"name\":\"Produkte\",\"item\":\"https:\/\/www.smpengineeredsolutions.com\/de\/produkte\/\"},{\"@type\":\"ListItem\",\"position\":3,\"name\":\"Schellen\",\"item\":\"https:\/\/www.af63878a-61a4-44d4-a3f9-8118d911569f.smpengineeredsolutions.com\/de\/produkte\/schellen\/\"},{\"@type\":\"ListItem\",\"position\":4,\"name\":\"Hochbelastbare Metallschellen\",\"item\":\"https:\/\/www.af63878a-61a4-44d4-a3f9-8118d911569f.smpengineeredsolutions.com\/de\/produkte\/schellen\/hochbelastbare-metallschellen\/\"},{\"@type\":\"ListItem\",\"position\":5,\"name\":\"V-Band-Schellen\"}]},{\"@type\":\"WebSite\",\"@id\":\"https:\/\/www.smpengineeredsolutions.com\/de\/#website\",\"url\":\"https:\/\/www.smpengineeredsolutions.com\/de\/\",\"name\":\"Standard Motor Products, Inc.\",\"description\":\"\",\"publisher\":{\"@id\":\"https:\/\/www.smpengineeredsolutions.com\/de\/#organization\"},\"potentialAction\":[{\"@type\":\"SearchAction\",\"target\":{\"@type\":\"EntryPoint\",\"urlTemplate\":\"https:\/\/www.smpengineeredsolutions.com\/de\/?s={search_term_string}\"},\"query-input\":{\"@type\":\"PropertyValueSpecification\",\"valueRequired\":true,\"valueName\":\"search_term_string\"}}],\"inLanguage\":\"de\"},{\"@type\":\"Organization\",\"@id\":\"https:\/\/www.smpengineeredsolutions.com\/de\/#organization\",\"name\":\"SMP\u00ae Engineered Solutions\",\"url\":\"https:\/\/www.smpengineeredsolutions.com\/de\/\",\"logo\":{\"@type\":\"ImageObject\",\"inLanguage\":\"de\",\"@id\":\"https:\/\/www.smpengineeredsolutions.com\/de\/#\/schema\/logo\/image\/\",\"url\":\"https:\/\/www.a.smpengineeredsolutions.com\/wp-content\/uploads\/smp-logo.png\",\"contentUrl\":\"https:\/\/www.a.smpengineeredsolutions.com\/wp-content\/uploads\/smp-logo.png\",\"width\":264,\"height\":117,\"caption\":\"SMP\u00ae Engineered Solutions\"},\"image\":{\"@id\":\"https:\/\/www.smpengineeredsolutions.com\/de\/#\/schema\/logo\/image\/\"},\"sameAs\":[\"https:\/\/www.youtube.com\/@StandardMotorProductsInc\",\"https:\/\/www.linkedin.com\/company\/standard-motor-products\"]}]}<\/script>\n<!-- \/ Yoast SEO Premium plugin. -->","yoast_head_json":{"title":"V-Bandschellen | STABIL VERBINDUNGSTECHNIK","description":"Sehen Sie sich unsere V-Bandschellen an. Unsere V-Bandschellen sind aus hochwertigen Materialien gefertigt und k\u00f6nnen die Anforderungen Ihrer Anwendung erf\u00fcllen. Erfahren Sie mehr!","robots":{"index":"index","follow":"follow","max-snippet":"max-snippet:-1","max-image-preview":"max-image-preview:large","max-video-preview":"max-video-preview:-1"},"canonical":"https:\/\/www.smpengineeredsolutions.com\/de\/produkte\/schellen\/hochbelastbare-metallschellen\/v-band-schellen\/","og_locale":"de_DE","og_type":"article","og_title":"V-Band-Schellen","og_description":"Sehen Sie sich unsere V-Bandschellen an. Unsere V-Bandschellen sind aus hochwertigen Materialien gefertigt und k\u00f6nnen die Anforderungen Ihrer Anwendung erf\u00fcllen. Erfahren Sie mehr!","og_url":"https:\/\/www.smpengineeredsolutions.com\/de\/produkte\/schellen\/hochbelastbare-metallschellen\/v-band-schellen\/","og_site_name":"Standard Motor Products, Inc.","article_modified_time":"2025-02-19T14:32:28+00:00","twitter_misc":{"Gesch\u00e4tzte Lesezeit":"1\u00a0Minute"},"schema":{"@context":"https:\/\/schema.org","@graph":[{"@type":"WebPage","@id":"https:\/\/www.smpengineeredsolutions.com\/de\/produkte\/schellen\/hochbelastbare-metallschellen\/v-band-schellen\/","url":"https:\/\/www.smpengineeredsolutions.com\/de\/produkte\/schellen\/hochbelastbare-metallschellen\/v-band-schellen\/","name":"V-Bandschellen | STABIL VERBINDUNGSTECHNIK","isPartOf":{"@id":"https:\/\/www.smpengineeredsolutions.com\/de\/#website"},"datePublished":"2023-01-10T12:33:41+00:00","dateModified":"2025-02-19T14:32:28+00:00","description":"Sehen Sie sich unsere V-Bandschellen an. Unsere V-Bandschellen sind aus hochwertigen Materialien gefertigt und k\u00f6nnen die Anforderungen Ihrer Anwendung erf\u00fcllen. Erfahren Sie mehr!","breadcrumb":{"@id":"https:\/\/www.smpengineeredsolutions.com\/de\/produkte\/schellen\/hochbelastbare-metallschellen\/v-band-schellen\/#breadcrumb"},"inLanguage":"de","potentialAction":[{"@type":"ReadAction","target":["https:\/\/www.smpengineeredsolutions.com\/de\/produkte\/schellen\/hochbelastbare-metallschellen\/v-band-schellen\/"]}]},{"@type":"BreadcrumbList","@id":"https:\/\/www.smpengineeredsolutions.com\/de\/produkte\/schellen\/hochbelastbare-metallschellen\/v-band-schellen\/#breadcrumb","itemListElement":[{"@type":"ListItem","position":1,"name":"Home","item":"https:\/\/www.smpengineeredsolutions.com\/de\/"},{"@type":"ListItem","position":2,"name":"Produkte","item":"https:\/\/www.smpengineeredsolutions.com\/de\/produkte\/"},{"@type":"ListItem","position":3,"name":"Schellen","item":"https:\/\/www.af63878a-61a4-44d4-a3f9-8118d911569f.smpengineeredsolutions.com\/de\/produkte\/schellen\/"},{"@type":"ListItem","position":4,"name":"Hochbelastbare Metallschellen","item":"https:\/\/www.af63878a-61a4-44d4-a3f9-8118d911569f.smpengineeredsolutions.com\/de\/produkte\/schellen\/hochbelastbare-metallschellen\/"},{"@type":"ListItem","position":5,"name":"V-Band-Schellen"}]},{"@type":"WebSite","@id":"https:\/\/www.smpengineeredsolutions.com\/de\/#website","url":"https:\/\/www.smpengineeredsolutions.com\/de\/","name":"Standard Motor Products, Inc.","description":"","publisher":{"@id":"https:\/\/www.smpengineeredsolutions.com\/de\/#organization"},"potentialAction":[{"@type":"SearchAction","target":{"@type":"EntryPoint","urlTemplate":"https:\/\/www.smpengineeredsolutions.com\/de\/?s={search_term_string}"},"query-input":{"@type":"PropertyValueSpecification","valueRequired":true,"valueName":"search_term_string"}}],"inLanguage":"de"},{"@type":"Organization","@id":"https:\/\/www.smpengineeredsolutions.com\/de\/#organization","name":"SMP\u00ae Engineered Solutions","url":"https:\/\/www.smpengineeredsolutions.com\/de\/","logo":{"@type":"ImageObject","inLanguage":"de","@id":"https:\/\/www.smpengineeredsolutions.com\/de\/#\/schema\/logo\/image\/","url":"https:\/\/www.a.smpengineeredsolutions.com\/wp-content\/uploads\/smp-logo.png","contentUrl":"https:\/\/www.a.smpengineeredsolutions.com\/wp-content\/uploads\/smp-logo.png","width":264,"height":117,"caption":"SMP\u00ae Engineered Solutions"},"image":{"@id":"https:\/\/www.smpengineeredsolutions.com\/de\/#\/schema\/logo\/image\/"},"sameAs":["https:\/\/www.youtube.com\/@StandardMotorProductsInc","https:\/\/www.linkedin.com\/company\/standard-motor-products"]}]}},"_links":{"self":[{"href":"https:\/\/www.smpengineeredsolutions.com\/de\/wp-json\/wp\/v2\/pages\/4769","targetHints":{"allow":["GET"]}}],"collection":[{"href":"https:\/\/www.smpengineeredsolutions.com\/de\/wp-json\/wp\/v2\/pages"}],"about":[{"href":"https:\/\/www.smpengineeredsolutions.com\/de\/wp-json\/wp\/v2\/types\/page"}],"author":[{"embeddable":true,"href":"https:\/\/www.smpengineeredsolutions.com\/de\/wp-json\/wp\/v2\/users\/27"}],"replies":[{"embeddable":true,"href":"https:\/\/www.smpengineeredsolutions.com\/de\/wp-json\/wp\/v2\/comments?post=4769"}],"version-history":[{"count":2,"href":"https:\/\/www.smpengineeredsolutions.com\/de\/wp-json\/wp\/v2\/pages\/4769\/revisions"}],"predecessor-version":[{"id":7730,"href":"https:\/\/www.smpengineeredsolutions.com\/de\/wp-json\/wp\/v2\/pages\/4769\/revisions\/7730"}],"up":[{"embeddable":true,"href":"https:\/\/www.smpengineeredsolutions.com\/de\/wp-json\/wp\/v2\/pages\/4763"}],"wp:attachment":[{"href":"https:\/\/www.smpengineeredsolutions.com\/de\/wp-json\/wp\/v2\/media?parent=4769"}],"curies":[{"name":"wp","href":"https:\/\/api.w.org\/{rel}","templated":true}]}}