{"id":4767,"date":"2023-01-10T07:28:41","date_gmt":"2023-01-10T07:28:41","guid":{"rendered":"https:\/\/smpengineeredsolutions.com\/?page_id=4767"},"modified":"2023-09-04T06:00:24","modified_gmt":"2023-09-04T06:00:24","slug":"tx-schellen","status":"publish","type":"page","link":"https:\/\/www.smpengineeredsolutions.com\/de\/produkte\/schellen\/hochbelastbare-metallschellen\/tx-schellen\/","title":{"rendered":"TX-Schellen"},"content":{"rendered":"<div class=\"feature-img-right\"><a class=\"lightbox\" href=\"\/wp-content\/uploads\/Schneckengewindeschelle_TX-5353-1dc00d69.jpg\"><img decoding=\"async\" title=\"TX-Schellen\" src=\"\/wp-content\/uploads\/Schneckengewindeschelle_TX-5353-1dc00d69.jpg\" alt=\"TX-Schellen\" width=\"300\" \/><\/a><\/div>\n<p>Die Schneckengewindeschellen der <strong>TX<\/strong>-Baureihe entsprechen der <strong>DIN 3017<\/strong> und der <strong>MAN-Werksnorm M3259<\/strong>.<\/p>\n<p>Sie sind darauf ausgelegt, die h\u00f6chsten technischen Anforderungen an Schlauchverbindungen zu erf\u00fcllen und werden in Bereichen eingesetzt, in denen extrem hohe Zugkr\u00e4fte und Bruchdrehmomente auftreten.<\/p>\n<p>Die Breite des Stahlbandes betr\u00e4gt 12 mm. Das Geh\u00e4use und die Schraube sind aus Edelstahl rostfrei 1.4016 (W3) und das Stahlband aus Edelstahl rostfrei 1.4301 (W4) gefertigt. Die Schl\u00fcsselweite betr\u00e4gt 8 mm (WAF 8). Die TX-Schelle hat eine gestanzte Bandperforation mit einer glatten Innenseite.<\/p>\n<p><strong>Beispiele<\/strong>:<br \/>\nLadeluftanschl\u00fcsse, K\u00fchlwasseranschl\u00fcsse, Schlauchanschl\u00fcsse jeglicher Art, insbesondere in der Automobilindustrie<\/p>\n","protected":false},"excerpt":{"rendered":"<p>Die Schneckengewindeschellen der TX-Baureihe entsprechen der DIN 3017 und der MAN-Werksnorm M3259. Sie sind darauf ausgelegt, die h\u00f6chsten technischen Anforderungen an Schlauchverbindungen zu erf\u00fcllen und werden in Bereichen eingesetzt, in denen extrem hohe Zugkr\u00e4fte und Bruchdrehmomente auftreten. Die Breite des Stahlbandes betr\u00e4gt 12 mm. Das Geh\u00e4use und die Schraube sind aus Edelstahl rostfrei 1.4016 (W3)&#8230; [&#8230;]<\/p>\n<p><a class=\"btn btn-secondary understrap-read-more-link\" href=\"https:\/\/www.smpengineeredsolutions.com\/de\/produkte\/schellen\/hochbelastbare-metallschellen\/tx-schellen\/\">Weiterlesen&#8230;<\/a><\/p>\n","protected":false},"author":27,"featured_media":0,"parent":4763,"menu_order":0,"comment_status":"closed","ping_status":"closed","template":"page-templates\/destination-content.php","meta":{"_acf_changed":false,"inline_featured_image":false,"footnotes":""},"class_list":["post-4767","page","type-page","status-publish","hentry"],"featured_image_src":null,"acf":[],"yoast_head":"<!-- This site is optimized with the Yoast SEO Premium plugin v27.2 (Yoast SEO v27.2) - https:\/\/yoast.com\/product\/yoast-seo-premium-wordpress\/ -->\n<title>TX-Schellen - Standard Motor Products, Inc.<\/title>\n<meta name=\"robots\" content=\"index, follow, max-snippet:-1, max-image-preview:large, max-video-preview:-1\" \/>\n<link rel=\"canonical\" href=\"https:\/\/www.smpengineeredsolutions.com\/de\/produkte\/schellen\/hochbelastbare-metallschellen\/tx-schellen\/\" \/>\n<meta property=\"og:locale\" content=\"de_DE\" \/>\n<meta property=\"og:type\" content=\"article\" \/>\n<meta property=\"og:title\" content=\"TX-Schellen\" \/>\n<meta property=\"og:description\" content=\"Die Schneckengewindeschellen der TX-Baureihe entsprechen der DIN 3017 und der MAN-Werksnorm M3259. Sie sind darauf ausgelegt, die h\u00f6chsten technischen Anforderungen an Schlauchverbindungen zu erf\u00fcllen und werden in Bereichen eingesetzt, in denen extrem hohe Zugkr\u00e4fte und Bruchdrehmomente auftreten. Die Breite des Stahlbandes betr\u00e4gt 12 mm. Das Geh\u00e4use und die Schraube sind aus Edelstahl rostfrei 1.4016 (W3)... [...]Weiterlesen...\" \/>\n<meta property=\"og:url\" content=\"https:\/\/www.smpengineeredsolutions.com\/de\/produkte\/schellen\/hochbelastbare-metallschellen\/tx-schellen\/\" \/>\n<meta property=\"og:site_name\" content=\"Standard Motor Products, Inc.\" \/>\n<meta property=\"article:modified_time\" content=\"2023-09-04T06:00:24+00:00\" \/>\n<meta name=\"twitter:label1\" content=\"Gesch\u00e4tzte Lesezeit\" \/>\n\t<meta name=\"twitter:data1\" content=\"1\u00a0Minute\" \/>\n<script type=\"application\/ld+json\" class=\"yoast-schema-graph\">{\"@context\":\"https:\/\/schema.org\",\"@graph\":[{\"@type\":\"WebPage\",\"@id\":\"https:\/\/www.smpengineeredsolutions.com\/de\/produkte\/schellen\/hochbelastbare-metallschellen\/tx-schellen\/\",\"url\":\"https:\/\/www.smpengineeredsolutions.com\/de\/produkte\/schellen\/hochbelastbare-metallschellen\/tx-schellen\/\",\"name\":\"TX-Schellen - Standard Motor Products, Inc.\",\"isPartOf\":{\"@id\":\"https:\/\/www.smpengineeredsolutions.com\/de\/#website\"},\"datePublished\":\"2023-01-10T07:28:41+00:00\",\"dateModified\":\"2023-09-04T06:00:24+00:00\",\"breadcrumb\":{\"@id\":\"https:\/\/www.smpengineeredsolutions.com\/de\/produkte\/schellen\/hochbelastbare-metallschellen\/tx-schellen\/#breadcrumb\"},\"inLanguage\":\"de\",\"potentialAction\":[{\"@type\":\"ReadAction\",\"target\":[\"https:\/\/www.smpengineeredsolutions.com\/de\/produkte\/schellen\/hochbelastbare-metallschellen\/tx-schellen\/\"]}]},{\"@type\":\"BreadcrumbList\",\"@id\":\"https:\/\/www.smpengineeredsolutions.com\/de\/produkte\/schellen\/hochbelastbare-metallschellen\/tx-schellen\/#breadcrumb\",\"itemListElement\":[{\"@type\":\"ListItem\",\"position\":1,\"name\":\"Home\",\"item\":\"https:\/\/www.smpengineeredsolutions.com\/de\/\"},{\"@type\":\"ListItem\",\"position\":2,\"name\":\"Produkte\",\"item\":\"https:\/\/www.smpengineeredsolutions.com\/de\/produkte\/\"},{\"@type\":\"ListItem\",\"position\":3,\"name\":\"Schellen\",\"item\":\"https:\/\/www.af63878a-61a4-44d4-a3f9-8118d911569f.smpengineeredsolutions.com\/de\/produkte\/schellen\/\"},{\"@type\":\"ListItem\",\"position\":4,\"name\":\"Hochbelastbare Metallschellen\",\"item\":\"https:\/\/www.af63878a-61a4-44d4-a3f9-8118d911569f.smpengineeredsolutions.com\/de\/produkte\/schellen\/hochbelastbare-metallschellen\/\"},{\"@type\":\"ListItem\",\"position\":5,\"name\":\"TX-Schellen\"}]},{\"@type\":\"WebSite\",\"@id\":\"https:\/\/www.smpengineeredsolutions.com\/de\/#website\",\"url\":\"https:\/\/www.smpengineeredsolutions.com\/de\/\",\"name\":\"Standard Motor Products, Inc.\",\"description\":\"\",\"publisher\":{\"@id\":\"https:\/\/www.smpengineeredsolutions.com\/de\/#organization\"},\"potentialAction\":[{\"@type\":\"SearchAction\",\"target\":{\"@type\":\"EntryPoint\",\"urlTemplate\":\"https:\/\/www.smpengineeredsolutions.com\/de\/?s={search_term_string}\"},\"query-input\":{\"@type\":\"PropertyValueSpecification\",\"valueRequired\":true,\"valueName\":\"search_term_string\"}}],\"inLanguage\":\"de\"},{\"@type\":\"Organization\",\"@id\":\"https:\/\/www.smpengineeredsolutions.com\/de\/#organization\",\"name\":\"SMP\u00ae Engineered Solutions\",\"url\":\"https:\/\/www.smpengineeredsolutions.com\/de\/\",\"logo\":{\"@type\":\"ImageObject\",\"inLanguage\":\"de\",\"@id\":\"https:\/\/www.smpengineeredsolutions.com\/de\/#\/schema\/logo\/image\/\",\"url\":\"https:\/\/www.a.smpengineeredsolutions.com\/wp-content\/uploads\/smp-logo.png\",\"contentUrl\":\"https:\/\/www.a.smpengineeredsolutions.com\/wp-content\/uploads\/smp-logo.png\",\"width\":264,\"height\":117,\"caption\":\"SMP\u00ae Engineered Solutions\"},\"image\":{\"@id\":\"https:\/\/www.smpengineeredsolutions.com\/de\/#\/schema\/logo\/image\/\"},\"sameAs\":[\"https:\/\/www.youtube.com\/@StandardMotorProductsInc\",\"https:\/\/www.linkedin.com\/company\/standard-motor-products\"]}]}<\/script>\n<!-- \/ Yoast SEO Premium plugin. -->","yoast_head_json":{"title":"TX-Schellen - Standard Motor Products, Inc.","robots":{"index":"index","follow":"follow","max-snippet":"max-snippet:-1","max-image-preview":"max-image-preview:large","max-video-preview":"max-video-preview:-1"},"canonical":"https:\/\/www.smpengineeredsolutions.com\/de\/produkte\/schellen\/hochbelastbare-metallschellen\/tx-schellen\/","og_locale":"de_DE","og_type":"article","og_title":"TX-Schellen","og_description":"Die Schneckengewindeschellen der TX-Baureihe entsprechen der DIN 3017 und der MAN-Werksnorm M3259. Sie sind darauf ausgelegt, die h\u00f6chsten technischen Anforderungen an Schlauchverbindungen zu erf\u00fcllen und werden in Bereichen eingesetzt, in denen extrem hohe Zugkr\u00e4fte und Bruchdrehmomente auftreten. Die Breite des Stahlbandes betr\u00e4gt 12 mm. Das Geh\u00e4use und die Schraube sind aus Edelstahl rostfrei 1.4016 (W3)... [...]Weiterlesen...","og_url":"https:\/\/www.smpengineeredsolutions.com\/de\/produkte\/schellen\/hochbelastbare-metallschellen\/tx-schellen\/","og_site_name":"Standard Motor Products, Inc.","article_modified_time":"2023-09-04T06:00:24+00:00","twitter_misc":{"Gesch\u00e4tzte Lesezeit":"1\u00a0Minute"},"schema":{"@context":"https:\/\/schema.org","@graph":[{"@type":"WebPage","@id":"https:\/\/www.smpengineeredsolutions.com\/de\/produkte\/schellen\/hochbelastbare-metallschellen\/tx-schellen\/","url":"https:\/\/www.smpengineeredsolutions.com\/de\/produkte\/schellen\/hochbelastbare-metallschellen\/tx-schellen\/","name":"TX-Schellen - Standard Motor Products, Inc.","isPartOf":{"@id":"https:\/\/www.smpengineeredsolutions.com\/de\/#website"},"datePublished":"2023-01-10T07:28:41+00:00","dateModified":"2023-09-04T06:00:24+00:00","breadcrumb":{"@id":"https:\/\/www.smpengineeredsolutions.com\/de\/produkte\/schellen\/hochbelastbare-metallschellen\/tx-schellen\/#breadcrumb"},"inLanguage":"de","potentialAction":[{"@type":"ReadAction","target":["https:\/\/www.smpengineeredsolutions.com\/de\/produkte\/schellen\/hochbelastbare-metallschellen\/tx-schellen\/"]}]},{"@type":"BreadcrumbList","@id":"https:\/\/www.smpengineeredsolutions.com\/de\/produkte\/schellen\/hochbelastbare-metallschellen\/tx-schellen\/#breadcrumb","itemListElement":[{"@type":"ListItem","position":1,"name":"Home","item":"https:\/\/www.smpengineeredsolutions.com\/de\/"},{"@type":"ListItem","position":2,"name":"Produkte","item":"https:\/\/www.smpengineeredsolutions.com\/de\/produkte\/"},{"@type":"ListItem","position":3,"name":"Schellen","item":"https:\/\/www.af63878a-61a4-44d4-a3f9-8118d911569f.smpengineeredsolutions.com\/de\/produkte\/schellen\/"},{"@type":"ListItem","position":4,"name":"Hochbelastbare Metallschellen","item":"https:\/\/www.af63878a-61a4-44d4-a3f9-8118d911569f.smpengineeredsolutions.com\/de\/produkte\/schellen\/hochbelastbare-metallschellen\/"},{"@type":"ListItem","position":5,"name":"TX-Schellen"}]},{"@type":"WebSite","@id":"https:\/\/www.smpengineeredsolutions.com\/de\/#website","url":"https:\/\/www.smpengineeredsolutions.com\/de\/","name":"Standard Motor Products, Inc.","description":"","publisher":{"@id":"https:\/\/www.smpengineeredsolutions.com\/de\/#organization"},"potentialAction":[{"@type":"SearchAction","target":{"@type":"EntryPoint","urlTemplate":"https:\/\/www.smpengineeredsolutions.com\/de\/?s={search_term_string}"},"query-input":{"@type":"PropertyValueSpecification","valueRequired":true,"valueName":"search_term_string"}}],"inLanguage":"de"},{"@type":"Organization","@id":"https:\/\/www.smpengineeredsolutions.com\/de\/#organization","name":"SMP\u00ae Engineered Solutions","url":"https:\/\/www.smpengineeredsolutions.com\/de\/","logo":{"@type":"ImageObject","inLanguage":"de","@id":"https:\/\/www.smpengineeredsolutions.com\/de\/#\/schema\/logo\/image\/","url":"https:\/\/www.a.smpengineeredsolutions.com\/wp-content\/uploads\/smp-logo.png","contentUrl":"https:\/\/www.a.smpengineeredsolutions.com\/wp-content\/uploads\/smp-logo.png","width":264,"height":117,"caption":"SMP\u00ae Engineered Solutions"},"image":{"@id":"https:\/\/www.smpengineeredsolutions.com\/de\/#\/schema\/logo\/image\/"},"sameAs":["https:\/\/www.youtube.com\/@StandardMotorProductsInc","https:\/\/www.linkedin.com\/company\/standard-motor-products"]}]}},"_links":{"self":[{"href":"https:\/\/www.smpengineeredsolutions.com\/de\/wp-json\/wp\/v2\/pages\/4767","targetHints":{"allow":["GET"]}}],"collection":[{"href":"https:\/\/www.smpengineeredsolutions.com\/de\/wp-json\/wp\/v2\/pages"}],"about":[{"href":"https:\/\/www.smpengineeredsolutions.com\/de\/wp-json\/wp\/v2\/types\/page"}],"author":[{"embeddable":true,"href":"https:\/\/www.smpengineeredsolutions.com\/de\/wp-json\/wp\/v2\/users\/27"}],"replies":[{"embeddable":true,"href":"https:\/\/www.smpengineeredsolutions.com\/de\/wp-json\/wp\/v2\/comments?post=4767"}],"version-history":[{"count":0,"href":"https:\/\/www.smpengineeredsolutions.com\/de\/wp-json\/wp\/v2\/pages\/4767\/revisions"}],"up":[{"embeddable":true,"href":"https:\/\/www.smpengineeredsolutions.com\/de\/wp-json\/wp\/v2\/pages\/4763"}],"wp:attachment":[{"href":"https:\/\/www.smpengineeredsolutions.com\/de\/wp-json\/wp\/v2\/media?parent=4767"}],"curies":[{"name":"wp","href":"https:\/\/api.w.org\/{rel}","templated":true}]}}