{"id":4765,"date":"2023-01-10T07:25:19","date_gmt":"2023-01-10T12:25:19","guid":{"rendered":"https:\/\/smpengineeredsolutions.com\/?page_id=4765"},"modified":"2024-08-14T10:30:38","modified_gmt":"2024-08-14T14:30:38","slug":"rohrschellen","status":"publish","type":"page","link":"https:\/\/www.smpengineeredsolutions.com\/de\/produkte\/schellen\/hochbelastbare-metallschellen\/rohrschellen\/","title":{"rendered":"Rohrschellen (M6 und M8)"},"content":{"rendered":"<div class=\"feature-img-right\"><a class=\"lightbox\" href=\"\/wp-content\/uploads\/Rohrschelle_M6_und_M8-5370-def70a64.jpg\"><img decoding=\"async\" title=\"Rohrschellen\" src=\"\/wp-content\/uploads\/Rohrschelle_M6_und_M8-5370-def70a64.jpg\" alt=\"Rohrschellen\" width=\"300\" \/><\/a><\/div>\n<p>Bei der RS-Baureihe handelt es sich um Rohrschellen mit extrudierten L\u00f6chern oder angeschwei\u00dften Muttern zur sicheren Verbindung von ineinander verschachtelten Rohren oder Leitungen am Hals. Die Schellen sind f\u00fcr hohe Temperaturen geeignet, wie sie z. B. in Auspuffanlagen auftreten k\u00f6nnen. Alle Teilkomponenten sind aus rostfreiem Chrom-Nickel-Stahl 1.4301 (W4) gefertigt.<\/p>\n<p><strong>Beispiele:<\/strong><br \/>\nRohrverbindungen mit Heizungen und Emissionskontrollsystemen<\/p>\n","protected":false},"excerpt":{"rendered":"<p>Bei der RS-Baureihe handelt es sich um Rohrschellen mit extrudierten L\u00f6chern oder angeschwei\u00dften Muttern zur sicheren Verbindung von ineinander verschachtelten Rohren oder Leitungen am Hals. Die Schellen sind f\u00fcr hohe Temperaturen geeignet, wie sie z. B. in Auspuffanlagen auftreten k\u00f6nnen. Alle Teilkomponenten sind aus rostfreiem Chrom-Nickel-Stahl 1.4301 (W4) gefertigt. Beispiele: Rohrverbindungen mit Heizungen und Emissionskontrollsystemen [&#8230;]<\/p>\n<p><a class=\"btn btn-secondary understrap-read-more-link\" href=\"https:\/\/www.smpengineeredsolutions.com\/de\/produkte\/schellen\/hochbelastbare-metallschellen\/rohrschellen\/\">Weiterlesen&#8230;<\/a><\/p>\n","protected":false},"author":27,"featured_media":0,"parent":4763,"menu_order":0,"comment_status":"closed","ping_status":"closed","template":"page-templates\/destination-content.php","meta":{"_acf_changed":false,"inline_featured_image":false,"footnotes":""},"class_list":["post-4765","page","type-page","status-publish","hentry"],"featured_image_src":null,"acf":[],"yoast_head":"<!-- This site is optimized with the Yoast SEO Premium plugin v27.4 (Yoast SEO v27.4) - https:\/\/yoast.com\/product\/yoast-seo-premium-wordpress\/ -->\n<title>Rohrschellen - STABIL VERBINDUNGSTECHNIK<\/title>\n<meta name=\"description\" content=\"Sehen Sie sich unsere Rohrschellen an. Unsere Rohrschellen sind aus hochwertigen Materialien gefertigt und k\u00f6nnen die Anforderungen Ihrer Anwendung erf\u00fcllen. Erfahren Sie mehr!\" \/>\n<meta name=\"robots\" content=\"index, follow, max-snippet:-1, max-image-preview:large, max-video-preview:-1\" \/>\n<link rel=\"canonical\" href=\"https:\/\/www.smpengineeredsolutions.com\/de\/produkte\/schellen\/hochbelastbare-metallschellen\/rohrschellen\/\" \/>\n<meta property=\"og:locale\" content=\"de_DE\" \/>\n<meta property=\"og:type\" content=\"article\" \/>\n<meta property=\"og:title\" content=\"Rohrschellen (M6 und M8)\" \/>\n<meta property=\"og:description\" content=\"Sehen Sie sich unsere Rohrschellen an. Unsere Rohrschellen sind aus hochwertigen Materialien gefertigt und k\u00f6nnen die Anforderungen Ihrer Anwendung erf\u00fcllen. Erfahren Sie mehr!\" \/>\n<meta property=\"og:url\" content=\"https:\/\/www.smpengineeredsolutions.com\/de\/produkte\/schellen\/hochbelastbare-metallschellen\/rohrschellen\/\" \/>\n<meta property=\"og:site_name\" content=\"Standard Motor Products, Inc.\" \/>\n<meta property=\"article:modified_time\" content=\"2024-08-14T14:30:38+00:00\" \/>\n<meta name=\"twitter:label1\" content=\"Gesch\u00e4tzte Lesezeit\" \/>\n\t<meta name=\"twitter:data1\" content=\"1\u00a0Minute\" \/>\n<script type=\"application\/ld+json\" class=\"yoast-schema-graph\">{\"@context\":\"https:\\\/\\\/schema.org\",\"@graph\":[{\"@type\":\"WebPage\",\"@id\":\"https:\\\/\\\/www.smpengineeredsolutions.com\\\/de\\\/produkte\\\/schellen\\\/hochbelastbare-metallschellen\\\/rohrschellen\\\/\",\"url\":\"https:\\\/\\\/www.smpengineeredsolutions.com\\\/de\\\/produkte\\\/schellen\\\/hochbelastbare-metallschellen\\\/rohrschellen\\\/\",\"name\":\"Rohrschellen - STABIL VERBINDUNGSTECHNIK\",\"isPartOf\":{\"@id\":\"https:\\\/\\\/www._tcp.smpengineeredsolutions.com\\\/#website\"},\"datePublished\":\"2023-01-10T12:25:19+00:00\",\"dateModified\":\"2024-08-14T14:30:38+00:00\",\"description\":\"Sehen Sie sich unsere Rohrschellen an. Unsere Rohrschellen sind aus hochwertigen Materialien gefertigt und k\u00f6nnen die Anforderungen Ihrer Anwendung erf\u00fcllen. Erfahren Sie mehr!\",\"breadcrumb\":{\"@id\":\"https:\\\/\\\/www.smpengineeredsolutions.com\\\/de\\\/produkte\\\/schellen\\\/hochbelastbare-metallschellen\\\/rohrschellen\\\/#breadcrumb\"},\"inLanguage\":\"de\",\"potentialAction\":[{\"@type\":\"ReadAction\",\"target\":[\"https:\\\/\\\/www.smpengineeredsolutions.com\\\/de\\\/produkte\\\/schellen\\\/hochbelastbare-metallschellen\\\/rohrschellen\\\/\"]}]},{\"@type\":\"BreadcrumbList\",\"@id\":\"https:\\\/\\\/www.smpengineeredsolutions.com\\\/de\\\/produkte\\\/schellen\\\/hochbelastbare-metallschellen\\\/rohrschellen\\\/#breadcrumb\",\"itemListElement\":[{\"@type\":\"ListItem\",\"position\":1,\"name\":\"Home\",\"item\":\"https:\\\/\\\/www.smpengineeredsolutions.com\\\/de\\\/\"},{\"@type\":\"ListItem\",\"position\":2,\"name\":\"Produkte\",\"item\":\"https:\\\/\\\/www.smpengineeredsolutions.com\\\/de\\\/produkte\\\/\"},{\"@type\":\"ListItem\",\"position\":3,\"name\":\"Schellen\",\"item\":\"https:\\\/\\\/www.smpengineeredsolutions.com\\\/de\\\/produkte\\\/schellen\\\/\"},{\"@type\":\"ListItem\",\"position\":4,\"name\":\"Hochbelastbare Metallschellen\",\"item\":\"https:\\\/\\\/www.smpengineeredsolutions.com\\\/de\\\/produkte\\\/schellen\\\/hochbelastbare-metallschellen\\\/\"},{\"@type\":\"ListItem\",\"position\":5,\"name\":\"Rohrschellen (M6 und M8)\"}]},{\"@type\":\"WebSite\",\"@id\":\"https:\\\/\\\/www._tcp.smpengineeredsolutions.com\\\/#website\",\"url\":\"https:\\\/\\\/www._tcp.smpengineeredsolutions.com\\\/\",\"name\":\"Standard Motor Products, Inc.\",\"description\":\"\",\"publisher\":{\"@id\":\"https:\\\/\\\/www._tcp.smpengineeredsolutions.com\\\/#organization\"},\"potentialAction\":[{\"@type\":\"SearchAction\",\"target\":{\"@type\":\"EntryPoint\",\"urlTemplate\":\"https:\\\/\\\/www._tcp.smpengineeredsolutions.com\\\/?s={search_term_string}\"},\"query-input\":{\"@type\":\"PropertyValueSpecification\",\"valueRequired\":true,\"valueName\":\"search_term_string\"}}],\"inLanguage\":\"de\"},{\"@type\":\"Organization\",\"@id\":\"https:\\\/\\\/www._tcp.smpengineeredsolutions.com\\\/#organization\",\"name\":\"SMP\u00ae Engineered Solutions\",\"url\":\"https:\\\/\\\/www._tcp.smpengineeredsolutions.com\\\/\",\"logo\":{\"@type\":\"ImageObject\",\"inLanguage\":\"de\",\"@id\":\"https:\\\/\\\/www._tcp.smpengineeredsolutions.com\\\/#\\\/schema\\\/logo\\\/image\\\/\",\"url\":\"https:\\\/\\\/www.a.smpengineeredsolutions.com\\\/wp-content\\\/uploads\\\/smp-logo.png\",\"contentUrl\":\"https:\\\/\\\/www.a.smpengineeredsolutions.com\\\/wp-content\\\/uploads\\\/smp-logo.png\",\"width\":264,\"height\":117,\"caption\":\"SMP\u00ae Engineered Solutions\"},\"image\":{\"@id\":\"https:\\\/\\\/www._tcp.smpengineeredsolutions.com\\\/#\\\/schema\\\/logo\\\/image\\\/\"},\"sameAs\":[\"https:\\\/\\\/www.youtube.com\\\/@StandardMotorProductsInc\",\"https:\\\/\\\/www.linkedin.com\\\/company\\\/standard-motor-products\"]}]}<\/script>\n<!-- \/ Yoast SEO Premium plugin. -->","yoast_head_json":{"title":"Rohrschellen - STABIL VERBINDUNGSTECHNIK","description":"Sehen Sie sich unsere Rohrschellen an. Unsere Rohrschellen sind aus hochwertigen Materialien gefertigt und k\u00f6nnen die Anforderungen Ihrer Anwendung erf\u00fcllen. Erfahren Sie mehr!","robots":{"index":"index","follow":"follow","max-snippet":"max-snippet:-1","max-image-preview":"max-image-preview:large","max-video-preview":"max-video-preview:-1"},"canonical":"https:\/\/www.smpengineeredsolutions.com\/de\/produkte\/schellen\/hochbelastbare-metallschellen\/rohrschellen\/","og_locale":"de_DE","og_type":"article","og_title":"Rohrschellen (M6 und M8)","og_description":"Sehen Sie sich unsere Rohrschellen an. Unsere Rohrschellen sind aus hochwertigen Materialien gefertigt und k\u00f6nnen die Anforderungen Ihrer Anwendung erf\u00fcllen. Erfahren Sie mehr!","og_url":"https:\/\/www.smpengineeredsolutions.com\/de\/produkte\/schellen\/hochbelastbare-metallschellen\/rohrschellen\/","og_site_name":"Standard Motor Products, Inc.","article_modified_time":"2024-08-14T14:30:38+00:00","twitter_misc":{"Gesch\u00e4tzte Lesezeit":"1\u00a0Minute"},"schema":{"@context":"https:\/\/schema.org","@graph":[{"@type":"WebPage","@id":"https:\/\/www.smpengineeredsolutions.com\/de\/produkte\/schellen\/hochbelastbare-metallschellen\/rohrschellen\/","url":"https:\/\/www.smpengineeredsolutions.com\/de\/produkte\/schellen\/hochbelastbare-metallschellen\/rohrschellen\/","name":"Rohrschellen - STABIL VERBINDUNGSTECHNIK","isPartOf":{"@id":"https:\/\/www._tcp.smpengineeredsolutions.com\/#website"},"datePublished":"2023-01-10T12:25:19+00:00","dateModified":"2024-08-14T14:30:38+00:00","description":"Sehen Sie sich unsere Rohrschellen an. Unsere Rohrschellen sind aus hochwertigen Materialien gefertigt und k\u00f6nnen die Anforderungen Ihrer Anwendung erf\u00fcllen. Erfahren Sie mehr!","breadcrumb":{"@id":"https:\/\/www.smpengineeredsolutions.com\/de\/produkte\/schellen\/hochbelastbare-metallschellen\/rohrschellen\/#breadcrumb"},"inLanguage":"de","potentialAction":[{"@type":"ReadAction","target":["https:\/\/www.smpengineeredsolutions.com\/de\/produkte\/schellen\/hochbelastbare-metallschellen\/rohrschellen\/"]}]},{"@type":"BreadcrumbList","@id":"https:\/\/www.smpengineeredsolutions.com\/de\/produkte\/schellen\/hochbelastbare-metallschellen\/rohrschellen\/#breadcrumb","itemListElement":[{"@type":"ListItem","position":1,"name":"Home","item":"https:\/\/www.smpengineeredsolutions.com\/de\/"},{"@type":"ListItem","position":2,"name":"Produkte","item":"https:\/\/www.smpengineeredsolutions.com\/de\/produkte\/"},{"@type":"ListItem","position":3,"name":"Schellen","item":"https:\/\/www.smpengineeredsolutions.com\/de\/produkte\/schellen\/"},{"@type":"ListItem","position":4,"name":"Hochbelastbare Metallschellen","item":"https:\/\/www.smpengineeredsolutions.com\/de\/produkte\/schellen\/hochbelastbare-metallschellen\/"},{"@type":"ListItem","position":5,"name":"Rohrschellen (M6 und M8)"}]},{"@type":"WebSite","@id":"https:\/\/www._tcp.smpengineeredsolutions.com\/#website","url":"https:\/\/www._tcp.smpengineeredsolutions.com\/","name":"Standard Motor Products, Inc.","description":"","publisher":{"@id":"https:\/\/www._tcp.smpengineeredsolutions.com\/#organization"},"potentialAction":[{"@type":"SearchAction","target":{"@type":"EntryPoint","urlTemplate":"https:\/\/www._tcp.smpengineeredsolutions.com\/?s={search_term_string}"},"query-input":{"@type":"PropertyValueSpecification","valueRequired":true,"valueName":"search_term_string"}}],"inLanguage":"de"},{"@type":"Organization","@id":"https:\/\/www._tcp.smpengineeredsolutions.com\/#organization","name":"SMP\u00ae Engineered Solutions","url":"https:\/\/www._tcp.smpengineeredsolutions.com\/","logo":{"@type":"ImageObject","inLanguage":"de","@id":"https:\/\/www._tcp.smpengineeredsolutions.com\/#\/schema\/logo\/image\/","url":"https:\/\/www.a.smpengineeredsolutions.com\/wp-content\/uploads\/smp-logo.png","contentUrl":"https:\/\/www.a.smpengineeredsolutions.com\/wp-content\/uploads\/smp-logo.png","width":264,"height":117,"caption":"SMP\u00ae Engineered Solutions"},"image":{"@id":"https:\/\/www._tcp.smpengineeredsolutions.com\/#\/schema\/logo\/image\/"},"sameAs":["https:\/\/www.youtube.com\/@StandardMotorProductsInc","https:\/\/www.linkedin.com\/company\/standard-motor-products"]}]}},"_links":{"self":[{"href":"https:\/\/www.smpengineeredsolutions.com\/de\/wp-json\/wp\/v2\/pages\/4765","targetHints":{"allow":["GET"]}}],"collection":[{"href":"https:\/\/www.smpengineeredsolutions.com\/de\/wp-json\/wp\/v2\/pages"}],"about":[{"href":"https:\/\/www.smpengineeredsolutions.com\/de\/wp-json\/wp\/v2\/types\/page"}],"author":[{"embeddable":true,"href":"https:\/\/www.smpengineeredsolutions.com\/de\/wp-json\/wp\/v2\/users\/27"}],"replies":[{"embeddable":true,"href":"https:\/\/www.smpengineeredsolutions.com\/de\/wp-json\/wp\/v2\/comments?post=4765"}],"version-history":[{"count":1,"href":"https:\/\/www.smpengineeredsolutions.com\/de\/wp-json\/wp\/v2\/pages\/4765\/revisions"}],"predecessor-version":[{"id":7100,"href":"https:\/\/www.smpengineeredsolutions.com\/de\/wp-json\/wp\/v2\/pages\/4765\/revisions\/7100"}],"up":[{"embeddable":true,"href":"https:\/\/www.smpengineeredsolutions.com\/de\/wp-json\/wp\/v2\/pages\/4763"}],"wp:attachment":[{"href":"https:\/\/www.smpengineeredsolutions.com\/de\/wp-json\/wp\/v2\/media?parent=4765"}],"curies":[{"name":"wp","href":"https:\/\/api.w.org\/{rel}","templated":true}]}}