{"id":4764,"date":"2023-01-10T07:23:14","date_gmt":"2023-01-10T12:23:14","guid":{"rendered":"https:\/\/smpengineeredsolutions.com\/?page_id=4764"},"modified":"2025-04-16T12:17:56","modified_gmt":"2025-04-16T16:17:56","slug":"scharnierbolzenschellen","status":"publish","type":"page","link":"https:\/\/www.smpengineeredsolutions.com\/de\/produkte\/schellen\/hochbelastbare-metallschellen\/scharnierbolzenschellen\/","title":{"rendered":"Scharnierbolzenschellen"},"content":{"rendered":"<div class=\"feature-img-right\"><a class=\"lightbox\" href=\"\/wp-content\/uploads\/Gelenkbozenschelle_mit_Konsole-5387-f2dc5f36.jpg\"><img decoding=\"async\" title=\"Scharnierbolzenschellen\" src=\"\/wp-content\/uploads\/Gelenkbozenschelle_mit_Konsole-5387-f2dc5f36.jpg\" alt=\"Scharnierbolzenschellen\" width=\"300\" \/><\/a><\/div>\n<p>Hochbelastbare Schellen mit schwenkbaren Schnellverschlussb\u00fcgeln sind ideal f\u00fcr die Befestigung von Rohren. Erh\u00e4ltlich in verschiedenen Bandbreiten, mit oder ohne PE-Auskleidung. Die Auskleidung dient dem doppelten Zweck der Vibrationsd\u00e4mpfung und dem Schutz vor Korrosion durch einsickerndes Wasser.<\/p>\n<p><strong>Beispiele:<\/strong><br \/>\nMontageb\u00fcgel und Befestigungen f\u00fcr alle Arten von Bauteilen mit geringer bis mittlerer mechanischer Belastung<\/p>\n","protected":false},"excerpt":{"rendered":"<p>Hochbelastbare Schellen mit schwenkbaren Schnellverschlussb\u00fcgeln sind ideal f\u00fcr die Befestigung von Rohren. Erh\u00e4ltlich in verschiedenen Bandbreiten, mit oder ohne PE-Auskleidung. Die Auskleidung dient dem doppelten Zweck der Vibrationsd\u00e4mpfung und dem Schutz vor Korrosion durch einsickerndes Wasser. Beispiele: Montageb\u00fcgel und Befestigungen f\u00fcr alle Arten von Bauteilen mit geringer bis mittlerer mechanischer Belastung [&#8230;]<\/p>\n<p><a class=\"btn btn-secondary understrap-read-more-link\" href=\"https:\/\/www.smpengineeredsolutions.com\/de\/produkte\/schellen\/hochbelastbare-metallschellen\/scharnierbolzenschellen\/\">Weiterlesen&#8230;<\/a><\/p>\n","protected":false},"author":27,"featured_media":0,"parent":4763,"menu_order":0,"comment_status":"closed","ping_status":"closed","template":"page-templates\/destination-content.php","meta":{"_acf_changed":false,"inline_featured_image":false,"footnotes":""},"class_list":["post-4764","page","type-page","status-publish","hentry"],"featured_image_src":null,"acf":[],"yoast_head":"<!-- This site is optimized with the Yoast SEO Premium plugin v27.4 (Yoast SEO v27.4) - https:\/\/yoast.com\/product\/yoast-seo-premium-wordpress\/ -->\n<title>Scharnierbolzenschellen | STABIL VERBINDUNGSTECHNIK<\/title>\n<meta name=\"description\" content=\"Sehen Sie sich unsere Gelenkbolzenschellen an. Unsere Scharnierbolzenschellen sind aus hochwertigen Materialien gefertigt und k\u00f6nnen die Anforderungen Ihrer Anwendung erf\u00fcllen.\" \/>\n<meta name=\"robots\" content=\"index, follow, max-snippet:-1, max-image-preview:large, max-video-preview:-1\" \/>\n<link rel=\"canonical\" href=\"https:\/\/www.smpengineeredsolutions.com\/de\/produkte\/schellen\/hochbelastbare-metallschellen\/scharnierbolzenschellen\/\" \/>\n<meta property=\"og:locale\" content=\"de_DE\" \/>\n<meta property=\"og:type\" content=\"article\" \/>\n<meta property=\"og:title\" content=\"Scharnierbolzenschellen\" \/>\n<meta property=\"og:description\" content=\"Sehen Sie sich unsere Gelenkbolzenschellen an. Unsere Scharnierbolzenschellen sind aus hochwertigen Materialien gefertigt und k\u00f6nnen die Anforderungen Ihrer Anwendung erf\u00fcllen.\" \/>\n<meta property=\"og:url\" content=\"https:\/\/www.smpengineeredsolutions.com\/de\/produkte\/schellen\/hochbelastbare-metallschellen\/scharnierbolzenschellen\/\" \/>\n<meta property=\"og:site_name\" content=\"Standard Motor Products, Inc.\" \/>\n<meta property=\"article:modified_time\" content=\"2025-04-16T16:17:56+00:00\" \/>\n<meta name=\"twitter:label1\" content=\"Gesch\u00e4tzte Lesezeit\" \/>\n\t<meta name=\"twitter:data1\" content=\"1\u00a0Minute\" \/>\n<script type=\"application\/ld+json\" class=\"yoast-schema-graph\">{\"@context\":\"https:\\\/\\\/schema.org\",\"@graph\":[{\"@type\":\"WebPage\",\"@id\":\"https:\\\/\\\/www.smpengineeredsolutions.com\\\/de\\\/produkte\\\/schellen\\\/hochbelastbare-metallschellen\\\/scharnierbolzenschellen\\\/\",\"url\":\"https:\\\/\\\/www.smpengineeredsolutions.com\\\/de\\\/produkte\\\/schellen\\\/hochbelastbare-metallschellen\\\/scharnierbolzenschellen\\\/\",\"name\":\"Scharnierbolzenschellen | STABIL VERBINDUNGSTECHNIK\",\"isPartOf\":{\"@id\":\"https:\\\/\\\/www._tcp.smpengineeredsolutions.com\\\/#website\"},\"datePublished\":\"2023-01-10T12:23:14+00:00\",\"dateModified\":\"2025-04-16T16:17:56+00:00\",\"description\":\"Sehen Sie sich unsere Gelenkbolzenschellen an. Unsere Scharnierbolzenschellen sind aus hochwertigen Materialien gefertigt und k\u00f6nnen die Anforderungen Ihrer Anwendung erf\u00fcllen.\",\"breadcrumb\":{\"@id\":\"https:\\\/\\\/www.smpengineeredsolutions.com\\\/de\\\/produkte\\\/schellen\\\/hochbelastbare-metallschellen\\\/scharnierbolzenschellen\\\/#breadcrumb\"},\"inLanguage\":\"de\",\"potentialAction\":[{\"@type\":\"ReadAction\",\"target\":[\"https:\\\/\\\/www.smpengineeredsolutions.com\\\/de\\\/produkte\\\/schellen\\\/hochbelastbare-metallschellen\\\/scharnierbolzenschellen\\\/\"]}]},{\"@type\":\"BreadcrumbList\",\"@id\":\"https:\\\/\\\/www.smpengineeredsolutions.com\\\/de\\\/produkte\\\/schellen\\\/hochbelastbare-metallschellen\\\/scharnierbolzenschellen\\\/#breadcrumb\",\"itemListElement\":[{\"@type\":\"ListItem\",\"position\":1,\"name\":\"Home\",\"item\":\"https:\\\/\\\/www.smpengineeredsolutions.com\\\/de\\\/\"},{\"@type\":\"ListItem\",\"position\":2,\"name\":\"Produkte\",\"item\":\"https:\\\/\\\/www.smpengineeredsolutions.com\\\/de\\\/produkte\\\/\"},{\"@type\":\"ListItem\",\"position\":3,\"name\":\"Schellen\",\"item\":\"https:\\\/\\\/www.smpengineeredsolutions.com\\\/de\\\/produkte\\\/schellen\\\/\"},{\"@type\":\"ListItem\",\"position\":4,\"name\":\"Hochbelastbare Metallschellen\",\"item\":\"https:\\\/\\\/www.smpengineeredsolutions.com\\\/de\\\/produkte\\\/schellen\\\/hochbelastbare-metallschellen\\\/\"},{\"@type\":\"ListItem\",\"position\":5,\"name\":\"Scharnierbolzenschellen\"}]},{\"@type\":\"WebSite\",\"@id\":\"https:\\\/\\\/www._tcp.smpengineeredsolutions.com\\\/#website\",\"url\":\"https:\\\/\\\/www._tcp.smpengineeredsolutions.com\\\/\",\"name\":\"Standard Motor Products, Inc.\",\"description\":\"\",\"publisher\":{\"@id\":\"https:\\\/\\\/www._tcp.smpengineeredsolutions.com\\\/#organization\"},\"potentialAction\":[{\"@type\":\"SearchAction\",\"target\":{\"@type\":\"EntryPoint\",\"urlTemplate\":\"https:\\\/\\\/www._tcp.smpengineeredsolutions.com\\\/?s={search_term_string}\"},\"query-input\":{\"@type\":\"PropertyValueSpecification\",\"valueRequired\":true,\"valueName\":\"search_term_string\"}}],\"inLanguage\":\"de\"},{\"@type\":\"Organization\",\"@id\":\"https:\\\/\\\/www._tcp.smpengineeredsolutions.com\\\/#organization\",\"name\":\"SMP\u00ae Engineered Solutions\",\"url\":\"https:\\\/\\\/www._tcp.smpengineeredsolutions.com\\\/\",\"logo\":{\"@type\":\"ImageObject\",\"inLanguage\":\"de\",\"@id\":\"https:\\\/\\\/www._tcp.smpengineeredsolutions.com\\\/#\\\/schema\\\/logo\\\/image\\\/\",\"url\":\"https:\\\/\\\/www.a.smpengineeredsolutions.com\\\/wp-content\\\/uploads\\\/smp-logo.png\",\"contentUrl\":\"https:\\\/\\\/www.a.smpengineeredsolutions.com\\\/wp-content\\\/uploads\\\/smp-logo.png\",\"width\":264,\"height\":117,\"caption\":\"SMP\u00ae Engineered Solutions\"},\"image\":{\"@id\":\"https:\\\/\\\/www._tcp.smpengineeredsolutions.com\\\/#\\\/schema\\\/logo\\\/image\\\/\"},\"sameAs\":[\"https:\\\/\\\/www.youtube.com\\\/@StandardMotorProductsInc\",\"https:\\\/\\\/www.linkedin.com\\\/company\\\/standard-motor-products\"]}]}<\/script>\n<!-- \/ Yoast SEO Premium plugin. -->","yoast_head_json":{"title":"Scharnierbolzenschellen | STABIL VERBINDUNGSTECHNIK","description":"Sehen Sie sich unsere Gelenkbolzenschellen an. Unsere Scharnierbolzenschellen sind aus hochwertigen Materialien gefertigt und k\u00f6nnen die Anforderungen Ihrer Anwendung erf\u00fcllen.","robots":{"index":"index","follow":"follow","max-snippet":"max-snippet:-1","max-image-preview":"max-image-preview:large","max-video-preview":"max-video-preview:-1"},"canonical":"https:\/\/www.smpengineeredsolutions.com\/de\/produkte\/schellen\/hochbelastbare-metallschellen\/scharnierbolzenschellen\/","og_locale":"de_DE","og_type":"article","og_title":"Scharnierbolzenschellen","og_description":"Sehen Sie sich unsere Gelenkbolzenschellen an. Unsere Scharnierbolzenschellen sind aus hochwertigen Materialien gefertigt und k\u00f6nnen die Anforderungen Ihrer Anwendung erf\u00fcllen.","og_url":"https:\/\/www.smpengineeredsolutions.com\/de\/produkte\/schellen\/hochbelastbare-metallschellen\/scharnierbolzenschellen\/","og_site_name":"Standard Motor Products, Inc.","article_modified_time":"2025-04-16T16:17:56+00:00","twitter_misc":{"Gesch\u00e4tzte Lesezeit":"1\u00a0Minute"},"schema":{"@context":"https:\/\/schema.org","@graph":[{"@type":"WebPage","@id":"https:\/\/www.smpengineeredsolutions.com\/de\/produkte\/schellen\/hochbelastbare-metallschellen\/scharnierbolzenschellen\/","url":"https:\/\/www.smpengineeredsolutions.com\/de\/produkte\/schellen\/hochbelastbare-metallschellen\/scharnierbolzenschellen\/","name":"Scharnierbolzenschellen | STABIL VERBINDUNGSTECHNIK","isPartOf":{"@id":"https:\/\/www._tcp.smpengineeredsolutions.com\/#website"},"datePublished":"2023-01-10T12:23:14+00:00","dateModified":"2025-04-16T16:17:56+00:00","description":"Sehen Sie sich unsere Gelenkbolzenschellen an. Unsere Scharnierbolzenschellen sind aus hochwertigen Materialien gefertigt und k\u00f6nnen die Anforderungen Ihrer Anwendung erf\u00fcllen.","breadcrumb":{"@id":"https:\/\/www.smpengineeredsolutions.com\/de\/produkte\/schellen\/hochbelastbare-metallschellen\/scharnierbolzenschellen\/#breadcrumb"},"inLanguage":"de","potentialAction":[{"@type":"ReadAction","target":["https:\/\/www.smpengineeredsolutions.com\/de\/produkte\/schellen\/hochbelastbare-metallschellen\/scharnierbolzenschellen\/"]}]},{"@type":"BreadcrumbList","@id":"https:\/\/www.smpengineeredsolutions.com\/de\/produkte\/schellen\/hochbelastbare-metallschellen\/scharnierbolzenschellen\/#breadcrumb","itemListElement":[{"@type":"ListItem","position":1,"name":"Home","item":"https:\/\/www.smpengineeredsolutions.com\/de\/"},{"@type":"ListItem","position":2,"name":"Produkte","item":"https:\/\/www.smpengineeredsolutions.com\/de\/produkte\/"},{"@type":"ListItem","position":3,"name":"Schellen","item":"https:\/\/www.smpengineeredsolutions.com\/de\/produkte\/schellen\/"},{"@type":"ListItem","position":4,"name":"Hochbelastbare Metallschellen","item":"https:\/\/www.smpengineeredsolutions.com\/de\/produkte\/schellen\/hochbelastbare-metallschellen\/"},{"@type":"ListItem","position":5,"name":"Scharnierbolzenschellen"}]},{"@type":"WebSite","@id":"https:\/\/www._tcp.smpengineeredsolutions.com\/#website","url":"https:\/\/www._tcp.smpengineeredsolutions.com\/","name":"Standard Motor Products, Inc.","description":"","publisher":{"@id":"https:\/\/www._tcp.smpengineeredsolutions.com\/#organization"},"potentialAction":[{"@type":"SearchAction","target":{"@type":"EntryPoint","urlTemplate":"https:\/\/www._tcp.smpengineeredsolutions.com\/?s={search_term_string}"},"query-input":{"@type":"PropertyValueSpecification","valueRequired":true,"valueName":"search_term_string"}}],"inLanguage":"de"},{"@type":"Organization","@id":"https:\/\/www._tcp.smpengineeredsolutions.com\/#organization","name":"SMP\u00ae Engineered Solutions","url":"https:\/\/www._tcp.smpengineeredsolutions.com\/","logo":{"@type":"ImageObject","inLanguage":"de","@id":"https:\/\/www._tcp.smpengineeredsolutions.com\/#\/schema\/logo\/image\/","url":"https:\/\/www.a.smpengineeredsolutions.com\/wp-content\/uploads\/smp-logo.png","contentUrl":"https:\/\/www.a.smpengineeredsolutions.com\/wp-content\/uploads\/smp-logo.png","width":264,"height":117,"caption":"SMP\u00ae Engineered Solutions"},"image":{"@id":"https:\/\/www._tcp.smpengineeredsolutions.com\/#\/schema\/logo\/image\/"},"sameAs":["https:\/\/www.youtube.com\/@StandardMotorProductsInc","https:\/\/www.linkedin.com\/company\/standard-motor-products"]}]}},"_links":{"self":[{"href":"https:\/\/www.smpengineeredsolutions.com\/de\/wp-json\/wp\/v2\/pages\/4764","targetHints":{"allow":["GET"]}}],"collection":[{"href":"https:\/\/www.smpengineeredsolutions.com\/de\/wp-json\/wp\/v2\/pages"}],"about":[{"href":"https:\/\/www.smpengineeredsolutions.com\/de\/wp-json\/wp\/v2\/types\/page"}],"author":[{"embeddable":true,"href":"https:\/\/www.smpengineeredsolutions.com\/de\/wp-json\/wp\/v2\/users\/27"}],"replies":[{"embeddable":true,"href":"https:\/\/www.smpengineeredsolutions.com\/de\/wp-json\/wp\/v2\/comments?post=4764"}],"version-history":[{"count":1,"href":"https:\/\/www.smpengineeredsolutions.com\/de\/wp-json\/wp\/v2\/pages\/4764\/revisions"}],"predecessor-version":[{"id":6901,"href":"https:\/\/www.smpengineeredsolutions.com\/de\/wp-json\/wp\/v2\/pages\/4764\/revisions\/6901"}],"up":[{"embeddable":true,"href":"https:\/\/www.smpengineeredsolutions.com\/de\/wp-json\/wp\/v2\/pages\/4763"}],"wp:attachment":[{"href":"https:\/\/www.smpengineeredsolutions.com\/de\/wp-json\/wp\/v2\/media?parent=4764"}],"curies":[{"name":"wp","href":"https:\/\/api.w.org\/{rel}","templated":true}]}}