{"id":4762,"date":"2023-01-10T12:18:24","date_gmt":"2023-01-10T17:18:24","guid":{"rendered":"https:\/\/smpengineeredsolutions.com\/?page_id=4762"},"modified":"2025-02-26T10:29:51","modified_gmt":"2025-02-26T15:29:51","slug":"schellen","status":"publish","type":"page","link":"https:\/\/www.smpengineeredsolutions.com\/de\/produkte\/schellen\/","title":{"rendered":"Schellen"},"content":{"rendered":"<p><img loading=\"lazy\" decoding=\"async\" class=\"alignright wp-image-7769\" src=\"https:\/\/www.smpengineeredsolutions.com\/wp-content\/uploads\/Clamping-Image-500x500.png\" alt=\"Heavy Duty Spannsysteme f\u00fcr die Automobilindustrie von SMP Engineered Solutions\" width=\"359\" height=\"359\" srcset=\"https:\/\/www.smpengineeredsolutions.com\/wp-content\/uploads\/Clamping-Image-500x500.png 500w, https:\/\/www.smpengineeredsolutions.com\/wp-content\/uploads\/Clamping-Image-1024x1024.png 1024w, https:\/\/www.smpengineeredsolutions.com\/wp-content\/uploads\/Clamping-Image-768x768.png 768w, https:\/\/www.smpengineeredsolutions.com\/wp-content\/uploads\/Clamping-Image-1536x1536.png 1536w, https:\/\/www.smpengineeredsolutions.com\/wp-content\/uploads\/Clamping-Image-286x286.png 286w, https:\/\/www.smpengineeredsolutions.com\/wp-content\/uploads\/Clamping-Image.png 1600w\" sizes=\"auto, (max-width: 359px) 100vw, 359px\" \/><\/p>\n<p>SMP Clamping Produkte werden in der Automobilindustrie als zuverl\u00e4ssiger Partner f\u00fcr die Entwicklung und Herstellung aller Arten von Schellen eingesetzt. Wir bieten eine Vielzahl von Hochleistungsklemmen wie Metall-, Kunststoff- und Metall-Kunststoff-Kombinationen an. Unsere jahrelange Erfahrung erm\u00f6glicht es uns, ma\u00dfgeschneiderte Konstruktionen f\u00fcr eine Vielzahl von kundenspezifischen Anwendungen anzubieten.<\/p>\n<h3>Vorteile des Einsatzes der SMP-Klammer<\/h3>\n<ul>\n<li>Zuverl\u00e4ssig und langlebig<\/li>\n<li>Anpassbar an spezifische Produktanforderungen<\/li>\n<li>Hochwertiges Material<\/li>\n<li>Leicht zu handhaben und zu pflegen<\/li>\n<\/ul>\n<h3>Arten von industriellen Spannl\u00f6sungen von SMP<\/h3>\n<ul>\n<li>Scharnierbolzenschellen<\/li>\n<li>Rohrschellen<\/li>\n<li>U-B\u00fcgelschellen<\/li>\n<li>TX-Schellen<\/li>\n<li>V-Band-Schellen<\/li>\n<li>Auspuff-Rohrschellen<\/li>\n<\/ul>\n<h4>Die richtige Klemme f\u00fcr Ihre Anwendung<\/h4>\n<p>SMP Engineered Solutions bietet eine Reihe von anpassbaren Klemmprodukten an, die Ihren Anwendungsanforderungen entsprechen.<\/p>\n<ul>\n<li>Automobilindustrie<\/li>\n<li>Industrie<\/li>\n<li>HVAC-Systeme<\/li>\n<li>Off-Highway-Anwendungen<\/li>\n<\/ul>\n<p><strong>H\u00e4ufig gestellte Fragen<\/strong><\/p>\n<p><strong>Wof\u00fcr werden Klammern \u00fcblicherweise verwendet?<\/strong><\/p>\n<p>SMP-Schellen werden haupts\u00e4chlich in der Automobilindustrie, in der Industrie, in HVAC-Systemen und in allen Off-Highway-Anwendungen eingesetzt.<\/p>\n<p><strong>Wie w\u00e4hle ich die richtige Klemme f\u00fcr meine Anwendung?<\/strong><\/p>\n<p>Je nach Produktspezifikation kann SMP Ihnen helfen, die richtige Schelle f\u00fcr Ihre Anwendung zu finden.<\/p>\n<p><strong>K\u00f6nnen Klemmen f\u00fcr bestimmte Anwendungen angepasst werden?<\/strong><\/p>\n<p>Ja, SMP&#8217;s Klemmen k\u00f6nnen f\u00fcr spezifische Anwendungen angepasst werden.<\/p>\n<p><a href=\"https:\/\/www.smpengineeredsolutions.com\/de\/kontakt\/\">Wenden<\/a> Sie sich an SMP Engineered Solutions f\u00fcr Ihren n\u00e4chsten Bedarf an kundenspezifischen industriellen Spannl\u00f6sungen.<\/p>\n","protected":false},"excerpt":{"rendered":"<p>SMP Clamping Produkte werden in der Automobilindustrie als zuverl\u00e4ssiger Partner f\u00fcr die Entwicklung und Herstellung aller Arten von Schellen eingesetzt. Wir bieten eine Vielzahl von Hochleistungsklemmen wie Metall-, Kunststoff- und Metall-Kunststoff-Kombinationen an. Unsere jahrelange Erfahrung erm\u00f6glicht es uns, ma\u00dfgeschneiderte Konstruktionen f\u00fcr eine Vielzahl von kundenspezifischen Anwendungen anzubieten. Vorteile des Einsatzes der SMP-Klammer Zuverl\u00e4ssig und langlebig&#8230; [&#8230;]<\/p>\n<p><a class=\"btn btn-secondary understrap-read-more-link\" href=\"https:\/\/www.smpengineeredsolutions.com\/de\/produkte\/schellen\/\">Weiterlesen&#8230;<\/a><\/p>\n","protected":false},"author":27,"featured_media":0,"parent":4643,"menu_order":0,"comment_status":"closed","ping_status":"closed","template":"page-templates\/destination-bucket.php","meta":{"_acf_changed":false,"inline_featured_image":false,"footnotes":""},"class_list":["post-4762","page","type-page","status-publish","hentry"],"featured_image_src":null,"acf":[],"yoast_head":"<!-- This site is optimized with the Yoast SEO Premium plugin v27.5 (Yoast SEO v27.5) - https:\/\/yoast.com\/product\/yoast-seo-premium-wordpress\/ -->\n<title>Schellen | Schwerlastklemmen | Standard Motor Products, Inc<\/title>\n<meta name=\"description\" content=\"Entdecken Sie unsere Klemmprodukte, darunter TX-Schellen, B\u00fcgelschellen, V-Band-Schellen, Montagehalterungen, Rohrschellen und mehr. Finden Sie noch heute die perfekte L\u00f6sung!\" \/>\n<meta name=\"robots\" content=\"index, follow, max-snippet:-1, max-image-preview:large, max-video-preview:-1\" \/>\n<link rel=\"canonical\" href=\"https:\/\/www.smpengineeredsolutions.com\/de\/produkte\/schellen\/\" \/>\n<meta property=\"og:locale\" content=\"de_DE\" \/>\n<meta property=\"og:type\" content=\"article\" \/>\n<meta property=\"og:title\" content=\"Schellen\" \/>\n<meta property=\"og:description\" content=\"Entdecken Sie unsere Klemmprodukte, darunter TX-Schellen, B\u00fcgelschellen, V-Band-Schellen, Montagehalterungen, Rohrschellen und mehr. Finden Sie noch heute die perfekte L\u00f6sung!\" \/>\n<meta property=\"og:url\" content=\"https:\/\/www.smpengineeredsolutions.com\/de\/produkte\/schellen\/\" \/>\n<meta property=\"og:site_name\" content=\"Standard Motor Products, Inc.\" \/>\n<meta property=\"article:modified_time\" content=\"2025-02-26T15:29:51+00:00\" \/>\n<meta property=\"og:image\" content=\"https:\/\/www.smpengineeredsolutions.com\/wp-content\/uploads\/Clamping-Image-500x500.png\" \/>\n<meta name=\"twitter:label1\" content=\"Gesch\u00e4tzte Lesezeit\" \/>\n\t<meta name=\"twitter:data1\" content=\"1\u00a0Minute\" \/>\n<script type=\"application\/ld+json\" class=\"yoast-schema-graph\">{\"@context\":\"https:\\\/\\\/schema.org\",\"@graph\":[{\"@type\":\"WebPage\",\"@id\":\"https:\\\/\\\/www.smpengineeredsolutions.com\\\/de\\\/produkte\\\/schellen\\\/\",\"url\":\"https:\\\/\\\/www.smpengineeredsolutions.com\\\/de\\\/produkte\\\/schellen\\\/\",\"name\":\"Schellen | Schwerlastklemmen | Standard Motor Products, Inc\",\"isPartOf\":{\"@id\":\"https:\\\/\\\/www.smpengineeredsolutions.com\\\/de\\\/#website\"},\"primaryImageOfPage\":{\"@id\":\"https:\\\/\\\/www.smpengineeredsolutions.com\\\/de\\\/produkte\\\/schellen\\\/#primaryimage\"},\"image\":{\"@id\":\"https:\\\/\\\/www.smpengineeredsolutions.com\\\/de\\\/produkte\\\/schellen\\\/#primaryimage\"},\"thumbnailUrl\":\"https:\\\/\\\/www.smpengineeredsolutions.com\\\/wp-content\\\/uploads\\\/Clamping-Image-500x500.png\",\"datePublished\":\"2023-01-10T17:18:24+00:00\",\"dateModified\":\"2025-02-26T15:29:51+00:00\",\"description\":\"Entdecken Sie unsere Klemmprodukte, darunter TX-Schellen, B\u00fcgelschellen, V-Band-Schellen, Montagehalterungen, Rohrschellen und mehr. Finden Sie noch heute die perfekte L\u00f6sung!\",\"breadcrumb\":{\"@id\":\"https:\\\/\\\/www.smpengineeredsolutions.com\\\/de\\\/produkte\\\/schellen\\\/#breadcrumb\"},\"inLanguage\":\"de\",\"potentialAction\":[{\"@type\":\"ReadAction\",\"target\":[\"https:\\\/\\\/www.smpengineeredsolutions.com\\\/de\\\/produkte\\\/schellen\\\/\"]}]},{\"@type\":\"ImageObject\",\"inLanguage\":\"de\",\"@id\":\"https:\\\/\\\/www.smpengineeredsolutions.com\\\/de\\\/produkte\\\/schellen\\\/#primaryimage\",\"url\":\"https:\\\/\\\/www.smpengineeredsolutions.com\\\/wp-content\\\/uploads\\\/Clamping-Image-500x500.png\",\"contentUrl\":\"https:\\\/\\\/www.smpengineeredsolutions.com\\\/wp-content\\\/uploads\\\/Clamping-Image-500x500.png\"},{\"@type\":\"BreadcrumbList\",\"@id\":\"https:\\\/\\\/www.smpengineeredsolutions.com\\\/de\\\/produkte\\\/schellen\\\/#breadcrumb\",\"itemListElement\":[{\"@type\":\"ListItem\",\"position\":1,\"name\":\"Home\",\"item\":\"https:\\\/\\\/www.smpengineeredsolutions.com\\\/de\\\/\"},{\"@type\":\"ListItem\",\"position\":2,\"name\":\"Produkte\",\"item\":\"https:\\\/\\\/www.af63878a-61a4-44d4-a3f9-8118d911569f.smpengineeredsolutions.com\\\/de\\\/produkte\\\/\"},{\"@type\":\"ListItem\",\"position\":3,\"name\":\"Schellen\"}]},{\"@type\":\"WebSite\",\"@id\":\"https:\\\/\\\/www.smpengineeredsolutions.com\\\/de\\\/#website\",\"url\":\"https:\\\/\\\/www.smpengineeredsolutions.com\\\/de\\\/\",\"name\":\"Standard Motor Products, Inc.\",\"description\":\"\",\"publisher\":{\"@id\":\"https:\\\/\\\/www.smpengineeredsolutions.com\\\/de\\\/#organization\"},\"potentialAction\":[{\"@type\":\"SearchAction\",\"target\":{\"@type\":\"EntryPoint\",\"urlTemplate\":\"https:\\\/\\\/www.smpengineeredsolutions.com\\\/de\\\/?s={search_term_string}\"},\"query-input\":{\"@type\":\"PropertyValueSpecification\",\"valueRequired\":true,\"valueName\":\"search_term_string\"}}],\"inLanguage\":\"de\"},{\"@type\":\"Organization\",\"@id\":\"https:\\\/\\\/www.smpengineeredsolutions.com\\\/de\\\/#organization\",\"name\":\"SMP\u00ae Engineered Solutions\",\"url\":\"https:\\\/\\\/www.smpengineeredsolutions.com\\\/de\\\/\",\"logo\":{\"@type\":\"ImageObject\",\"inLanguage\":\"de\",\"@id\":\"https:\\\/\\\/www.smpengineeredsolutions.com\\\/de\\\/#\\\/schema\\\/logo\\\/image\\\/\",\"url\":\"https:\\\/\\\/www.a.smpengineeredsolutions.com\\\/wp-content\\\/uploads\\\/smp-logo.png\",\"contentUrl\":\"https:\\\/\\\/www.a.smpengineeredsolutions.com\\\/wp-content\\\/uploads\\\/smp-logo.png\",\"width\":264,\"height\":117,\"caption\":\"SMP\u00ae Engineered Solutions\"},\"image\":{\"@id\":\"https:\\\/\\\/www.smpengineeredsolutions.com\\\/de\\\/#\\\/schema\\\/logo\\\/image\\\/\"},\"sameAs\":[\"https:\\\/\\\/www.youtube.com\\\/@StandardMotorProductsInc\",\"https:\\\/\\\/www.linkedin.com\\\/company\\\/standard-motor-products\"]}]}<\/script>\n<!-- \/ Yoast SEO Premium plugin. -->","yoast_head_json":{"title":"Schellen | Schwerlastklemmen | Standard Motor Products, Inc","description":"Entdecken Sie unsere Klemmprodukte, darunter TX-Schellen, B\u00fcgelschellen, V-Band-Schellen, Montagehalterungen, Rohrschellen und mehr. Finden Sie noch heute die perfekte L\u00f6sung!","robots":{"index":"index","follow":"follow","max-snippet":"max-snippet:-1","max-image-preview":"max-image-preview:large","max-video-preview":"max-video-preview:-1"},"canonical":"https:\/\/www.smpengineeredsolutions.com\/de\/produkte\/schellen\/","og_locale":"de_DE","og_type":"article","og_title":"Schellen","og_description":"Entdecken Sie unsere Klemmprodukte, darunter TX-Schellen, B\u00fcgelschellen, V-Band-Schellen, Montagehalterungen, Rohrschellen und mehr. Finden Sie noch heute die perfekte L\u00f6sung!","og_url":"https:\/\/www.smpengineeredsolutions.com\/de\/produkte\/schellen\/","og_site_name":"Standard Motor Products, Inc.","article_modified_time":"2025-02-26T15:29:51+00:00","og_image":[{"url":"https:\/\/www.smpengineeredsolutions.com\/wp-content\/uploads\/Clamping-Image-500x500.png","type":"","width":"","height":""}],"twitter_misc":{"Gesch\u00e4tzte Lesezeit":"1\u00a0Minute"},"schema":{"@context":"https:\/\/schema.org","@graph":[{"@type":"WebPage","@id":"https:\/\/www.smpengineeredsolutions.com\/de\/produkte\/schellen\/","url":"https:\/\/www.smpengineeredsolutions.com\/de\/produkte\/schellen\/","name":"Schellen | Schwerlastklemmen | Standard Motor Products, Inc","isPartOf":{"@id":"https:\/\/www.smpengineeredsolutions.com\/de\/#website"},"primaryImageOfPage":{"@id":"https:\/\/www.smpengineeredsolutions.com\/de\/produkte\/schellen\/#primaryimage"},"image":{"@id":"https:\/\/www.smpengineeredsolutions.com\/de\/produkte\/schellen\/#primaryimage"},"thumbnailUrl":"https:\/\/www.smpengineeredsolutions.com\/wp-content\/uploads\/Clamping-Image-500x500.png","datePublished":"2023-01-10T17:18:24+00:00","dateModified":"2025-02-26T15:29:51+00:00","description":"Entdecken Sie unsere Klemmprodukte, darunter TX-Schellen, B\u00fcgelschellen, V-Band-Schellen, Montagehalterungen, Rohrschellen und mehr. Finden Sie noch heute die perfekte L\u00f6sung!","breadcrumb":{"@id":"https:\/\/www.smpengineeredsolutions.com\/de\/produkte\/schellen\/#breadcrumb"},"inLanguage":"de","potentialAction":[{"@type":"ReadAction","target":["https:\/\/www.smpengineeredsolutions.com\/de\/produkte\/schellen\/"]}]},{"@type":"ImageObject","inLanguage":"de","@id":"https:\/\/www.smpengineeredsolutions.com\/de\/produkte\/schellen\/#primaryimage","url":"https:\/\/www.smpengineeredsolutions.com\/wp-content\/uploads\/Clamping-Image-500x500.png","contentUrl":"https:\/\/www.smpengineeredsolutions.com\/wp-content\/uploads\/Clamping-Image-500x500.png"},{"@type":"BreadcrumbList","@id":"https:\/\/www.smpengineeredsolutions.com\/de\/produkte\/schellen\/#breadcrumb","itemListElement":[{"@type":"ListItem","position":1,"name":"Home","item":"https:\/\/www.smpengineeredsolutions.com\/de\/"},{"@type":"ListItem","position":2,"name":"Produkte","item":"https:\/\/www.af63878a-61a4-44d4-a3f9-8118d911569f.smpengineeredsolutions.com\/de\/produkte\/"},{"@type":"ListItem","position":3,"name":"Schellen"}]},{"@type":"WebSite","@id":"https:\/\/www.smpengineeredsolutions.com\/de\/#website","url":"https:\/\/www.smpengineeredsolutions.com\/de\/","name":"Standard Motor Products, Inc.","description":"","publisher":{"@id":"https:\/\/www.smpengineeredsolutions.com\/de\/#organization"},"potentialAction":[{"@type":"SearchAction","target":{"@type":"EntryPoint","urlTemplate":"https:\/\/www.smpengineeredsolutions.com\/de\/?s={search_term_string}"},"query-input":{"@type":"PropertyValueSpecification","valueRequired":true,"valueName":"search_term_string"}}],"inLanguage":"de"},{"@type":"Organization","@id":"https:\/\/www.smpengineeredsolutions.com\/de\/#organization","name":"SMP\u00ae Engineered Solutions","url":"https:\/\/www.smpengineeredsolutions.com\/de\/","logo":{"@type":"ImageObject","inLanguage":"de","@id":"https:\/\/www.smpengineeredsolutions.com\/de\/#\/schema\/logo\/image\/","url":"https:\/\/www.a.smpengineeredsolutions.com\/wp-content\/uploads\/smp-logo.png","contentUrl":"https:\/\/www.a.smpengineeredsolutions.com\/wp-content\/uploads\/smp-logo.png","width":264,"height":117,"caption":"SMP\u00ae Engineered Solutions"},"image":{"@id":"https:\/\/www.smpengineeredsolutions.com\/de\/#\/schema\/logo\/image\/"},"sameAs":["https:\/\/www.youtube.com\/@StandardMotorProductsInc","https:\/\/www.linkedin.com\/company\/standard-motor-products"]}]}},"_links":{"self":[{"href":"https:\/\/www.smpengineeredsolutions.com\/de\/wp-json\/wp\/v2\/pages\/4762","targetHints":{"allow":["GET"]}}],"collection":[{"href":"https:\/\/www.smpengineeredsolutions.com\/de\/wp-json\/wp\/v2\/pages"}],"about":[{"href":"https:\/\/www.smpengineeredsolutions.com\/de\/wp-json\/wp\/v2\/types\/page"}],"author":[{"embeddable":true,"href":"https:\/\/www.smpengineeredsolutions.com\/de\/wp-json\/wp\/v2\/users\/27"}],"replies":[{"embeddable":true,"href":"https:\/\/www.smpengineeredsolutions.com\/de\/wp-json\/wp\/v2\/comments?post=4762"}],"version-history":[{"count":5,"href":"https:\/\/www.smpengineeredsolutions.com\/de\/wp-json\/wp\/v2\/pages\/4762\/revisions"}],"predecessor-version":[{"id":7777,"href":"https:\/\/www.smpengineeredsolutions.com\/de\/wp-json\/wp\/v2\/pages\/4762\/revisions\/7777"}],"up":[{"embeddable":true,"href":"https:\/\/www.smpengineeredsolutions.com\/de\/wp-json\/wp\/v2\/pages\/4643"}],"wp:attachment":[{"href":"https:\/\/www.smpengineeredsolutions.com\/de\/wp-json\/wp\/v2\/media?parent=4762"}],"curies":[{"name":"wp","href":"https:\/\/api.w.org\/{rel}","templated":true}]}}