{"id":4753,"date":"2023-01-10T07:05:48","date_gmt":"2023-01-10T12:05:48","guid":{"rendered":"https:\/\/smpengineeredsolutions.com\/?page_id=4753"},"modified":"2025-05-09T13:19:16","modified_gmt":"2025-05-09T17:19:16","slug":"kraftstoffverteilerbaugruppen","status":"publish","type":"page","link":"https:\/\/www.smpengineeredsolutions.com\/de\/produkte\/einspritzung-und-kraftstoffversorgung\/kraftstoffverteilerbaugruppen\/","title":{"rendered":"Kraftstoffverteilerbaugruppen"},"content":{"rendered":"<h2>Allgemeines zum Produkt<\/h2>\n<div class=\"text-center\"><a class=\"lightbox\" href=\"\/wp-content\/uploads\/fuelrailassemblies_1.jpg\"><img loading=\"lazy\" decoding=\"async\" class=\"\" title=\"Kraftstoffverteilerbaugruppen\" src=\"\/wp-content\/uploads\/fuelrailassemblies_1.jpg\" alt=\"Kraftstoffverteilerbaugruppen&quot;\" width=\"506\" height=\"196\" \/><\/a><\/div>\n<ul>\n<li>Kraftstoffverteilerbaugruppen verteilen und liefern den Kraftstoff mit dem richtigen Druck und minimalen Druckschwankungen zwischen den Einspritzpunkten an jeden Motorzylinder.<\/li>\n<li>Kraftstoffverteilerbaugruppen von SMP Engineered Solutions sind so ausgelegt, dass sie die Kraftstoffeinspritzd\u00fcsen mit einer stabilen Kraftstoffversorgung beliefern, um ein hohes Ma\u00df an Kraftstoffeffizienz und Umweltfreundlichkeit zu erreichen.<\/li>\n<li>Kraftstoffverteilerbaugruppen k\u00f6nnen aus Kraftstoffverteiler, Kraftstoffeinspritzd\u00fcsen, Kraftstoffdruckreglern, Kraftstoffd\u00e4mpferbaugruppen, Clips und Diagnoseventilen bestehen.<\/li>\n<\/ul>\n","protected":false},"excerpt":{"rendered":"<p>Allgemeines zum Produkt Kraftstoffverteilerbaugruppen verteilen und liefern den Kraftstoff mit dem richtigen Druck und minimalen Druckschwankungen zwischen den Einspritzpunkten an jeden Motorzylinder. Kraftstoffverteilerbaugruppen von SMP Engineered Solutions sind so ausgelegt, dass sie die Kraftstoffeinspritzd\u00fcsen mit einer stabilen Kraftstoffversorgung beliefern, um ein hohes Ma\u00df an Kraftstoffeffizienz und Umweltfreundlichkeit zu erreichen. Kraftstoffverteilerbaugruppen k\u00f6nnen aus Kraftstoffverteiler, Kraftstoffeinspritzd\u00fcsen, Kraftstoffdruckreglern,&#8230; [&#8230;]<\/p>\n<p><a class=\"btn btn-secondary understrap-read-more-link\" href=\"https:\/\/www.smpengineeredsolutions.com\/de\/produkte\/einspritzung-und-kraftstoffversorgung\/kraftstoffverteilerbaugruppen\/\">Weiterlesen&#8230;<\/a><\/p>\n","protected":false},"author":27,"featured_media":0,"parent":4750,"menu_order":0,"comment_status":"closed","ping_status":"closed","template":"page-templates\/destination-content.php","meta":{"_acf_changed":false,"inline_featured_image":false,"footnotes":""},"class_list":["post-4753","page","type-page","status-publish","hentry"],"featured_image_src":null,"acf":[],"yoast_head":"<!-- This site is optimized with the Yoast SEO Premium plugin v27.4 (Yoast SEO v27.4) - https:\/\/yoast.com\/product\/yoast-seo-premium-wordpress\/ -->\n<title>Kraftstoffleitungen | Einspritzung &amp; Kraftstoff | Standard Motor Products<\/title>\n<meta name=\"description\" content=\"Entdecken Sie die Fuel Rail Assemblies. Hochwertige und kosteng\u00fcnstige Fuel Rail Assemblies f\u00fcr Fahrzeuganwendungen.\" \/>\n<meta name=\"robots\" content=\"index, follow, max-snippet:-1, max-image-preview:large, max-video-preview:-1\" \/>\n<link rel=\"canonical\" href=\"https:\/\/www.smpengineeredsolutions.com\/de\/produkte\/einspritzung-und-kraftstoffversorgung\/kraftstoffverteilerbaugruppen\/\" \/>\n<meta property=\"og:locale\" content=\"de_DE\" \/>\n<meta property=\"og:type\" content=\"article\" \/>\n<meta property=\"og:title\" content=\"Kraftstoffverteilerbaugruppen\" \/>\n<meta property=\"og:description\" content=\"Entdecken Sie die Fuel Rail Assemblies. Hochwertige und kosteng\u00fcnstige Fuel Rail Assemblies f\u00fcr Fahrzeuganwendungen.\" \/>\n<meta property=\"og:url\" content=\"https:\/\/www.smpengineeredsolutions.com\/de\/produkte\/einspritzung-und-kraftstoffversorgung\/kraftstoffverteilerbaugruppen\/\" \/>\n<meta property=\"og:site_name\" content=\"Standard Motor Products, Inc.\" \/>\n<meta property=\"article:modified_time\" content=\"2025-05-09T17:19:16+00:00\" \/>\n<meta name=\"twitter:label1\" content=\"Gesch\u00e4tzte Lesezeit\" \/>\n\t<meta name=\"twitter:data1\" content=\"1\u00a0Minute\" \/>\n<script type=\"application\/ld+json\" class=\"yoast-schema-graph\">{\"@context\":\"https:\\\/\\\/schema.org\",\"@graph\":[{\"@type\":\"WebPage\",\"@id\":\"https:\\\/\\\/www.smpengineeredsolutions.com\\\/de\\\/produkte\\\/einspritzung-und-kraftstoffversorgung\\\/kraftstoffverteilerbaugruppen\\\/\",\"url\":\"https:\\\/\\\/www.smpengineeredsolutions.com\\\/de\\\/produkte\\\/einspritzung-und-kraftstoffversorgung\\\/kraftstoffverteilerbaugruppen\\\/\",\"name\":\"Kraftstoffleitungen | Einspritzung & Kraftstoff | Standard Motor Products\",\"isPartOf\":{\"@id\":\"https:\\\/\\\/www._tcp.smpengineeredsolutions.com\\\/#website\"},\"datePublished\":\"2023-01-10T12:05:48+00:00\",\"dateModified\":\"2025-05-09T17:19:16+00:00\",\"description\":\"Entdecken Sie die Fuel Rail Assemblies. Hochwertige und kosteng\u00fcnstige Fuel Rail Assemblies f\u00fcr Fahrzeuganwendungen.\",\"breadcrumb\":{\"@id\":\"https:\\\/\\\/www.smpengineeredsolutions.com\\\/de\\\/produkte\\\/einspritzung-und-kraftstoffversorgung\\\/kraftstoffverteilerbaugruppen\\\/#breadcrumb\"},\"inLanguage\":\"de\",\"potentialAction\":[{\"@type\":\"ReadAction\",\"target\":[\"https:\\\/\\\/www.smpengineeredsolutions.com\\\/de\\\/produkte\\\/einspritzung-und-kraftstoffversorgung\\\/kraftstoffverteilerbaugruppen\\\/\"]}]},{\"@type\":\"BreadcrumbList\",\"@id\":\"https:\\\/\\\/www.smpengineeredsolutions.com\\\/de\\\/produkte\\\/einspritzung-und-kraftstoffversorgung\\\/kraftstoffverteilerbaugruppen\\\/#breadcrumb\",\"itemListElement\":[{\"@type\":\"ListItem\",\"position\":1,\"name\":\"Home\",\"item\":\"https:\\\/\\\/www.smpengineeredsolutions.com\\\/de\\\/\"},{\"@type\":\"ListItem\",\"position\":2,\"name\":\"Produkte\",\"item\":\"https:\\\/\\\/www.smpengineeredsolutions.com\\\/de\\\/produkte\\\/\"},{\"@type\":\"ListItem\",\"position\":3,\"name\":\"Einspritzung und Kraftstoffversorgung\",\"item\":\"https:\\\/\\\/www.gmail.smpengineeredsolutions.com\\\/de\\\/produkte\\\/einspritzung-und-kraftstoffversorgung\\\/\"},{\"@type\":\"ListItem\",\"position\":4,\"name\":\"Kraftstoffverteilerbaugruppen\"}]},{\"@type\":\"WebSite\",\"@id\":\"https:\\\/\\\/www._tcp.smpengineeredsolutions.com\\\/#website\",\"url\":\"https:\\\/\\\/www._tcp.smpengineeredsolutions.com\\\/\",\"name\":\"Standard Motor Products, Inc.\",\"description\":\"\",\"publisher\":{\"@id\":\"https:\\\/\\\/www._tcp.smpengineeredsolutions.com\\\/#organization\"},\"potentialAction\":[{\"@type\":\"SearchAction\",\"target\":{\"@type\":\"EntryPoint\",\"urlTemplate\":\"https:\\\/\\\/www._tcp.smpengineeredsolutions.com\\\/?s={search_term_string}\"},\"query-input\":{\"@type\":\"PropertyValueSpecification\",\"valueRequired\":true,\"valueName\":\"search_term_string\"}}],\"inLanguage\":\"de\"},{\"@type\":\"Organization\",\"@id\":\"https:\\\/\\\/www._tcp.smpengineeredsolutions.com\\\/#organization\",\"name\":\"SMP\u00ae Engineered Solutions\",\"url\":\"https:\\\/\\\/www._tcp.smpengineeredsolutions.com\\\/\",\"logo\":{\"@type\":\"ImageObject\",\"inLanguage\":\"de\",\"@id\":\"https:\\\/\\\/www._tcp.smpengineeredsolutions.com\\\/#\\\/schema\\\/logo\\\/image\\\/\",\"url\":\"https:\\\/\\\/www.a.smpengineeredsolutions.com\\\/wp-content\\\/uploads\\\/smp-logo.png\",\"contentUrl\":\"https:\\\/\\\/www.a.smpengineeredsolutions.com\\\/wp-content\\\/uploads\\\/smp-logo.png\",\"width\":264,\"height\":117,\"caption\":\"SMP\u00ae Engineered Solutions\"},\"image\":{\"@id\":\"https:\\\/\\\/www._tcp.smpengineeredsolutions.com\\\/#\\\/schema\\\/logo\\\/image\\\/\"},\"sameAs\":[\"https:\\\/\\\/www.youtube.com\\\/@StandardMotorProductsInc\",\"https:\\\/\\\/www.linkedin.com\\\/company\\\/standard-motor-products\"]}]}<\/script>\n<!-- \/ Yoast SEO Premium plugin. -->","yoast_head_json":{"title":"Kraftstoffleitungen | Einspritzung & Kraftstoff | Standard Motor Products","description":"Entdecken Sie die Fuel Rail Assemblies. Hochwertige und kosteng\u00fcnstige Fuel Rail Assemblies f\u00fcr Fahrzeuganwendungen.","robots":{"index":"index","follow":"follow","max-snippet":"max-snippet:-1","max-image-preview":"max-image-preview:large","max-video-preview":"max-video-preview:-1"},"canonical":"https:\/\/www.smpengineeredsolutions.com\/de\/produkte\/einspritzung-und-kraftstoffversorgung\/kraftstoffverteilerbaugruppen\/","og_locale":"de_DE","og_type":"article","og_title":"Kraftstoffverteilerbaugruppen","og_description":"Entdecken Sie die Fuel Rail Assemblies. Hochwertige und kosteng\u00fcnstige Fuel Rail Assemblies f\u00fcr Fahrzeuganwendungen.","og_url":"https:\/\/www.smpengineeredsolutions.com\/de\/produkte\/einspritzung-und-kraftstoffversorgung\/kraftstoffverteilerbaugruppen\/","og_site_name":"Standard Motor Products, Inc.","article_modified_time":"2025-05-09T17:19:16+00:00","twitter_misc":{"Gesch\u00e4tzte Lesezeit":"1\u00a0Minute"},"schema":{"@context":"https:\/\/schema.org","@graph":[{"@type":"WebPage","@id":"https:\/\/www.smpengineeredsolutions.com\/de\/produkte\/einspritzung-und-kraftstoffversorgung\/kraftstoffverteilerbaugruppen\/","url":"https:\/\/www.smpengineeredsolutions.com\/de\/produkte\/einspritzung-und-kraftstoffversorgung\/kraftstoffverteilerbaugruppen\/","name":"Kraftstoffleitungen | Einspritzung & Kraftstoff | Standard Motor Products","isPartOf":{"@id":"https:\/\/www._tcp.smpengineeredsolutions.com\/#website"},"datePublished":"2023-01-10T12:05:48+00:00","dateModified":"2025-05-09T17:19:16+00:00","description":"Entdecken Sie die Fuel Rail Assemblies. Hochwertige und kosteng\u00fcnstige Fuel Rail Assemblies f\u00fcr Fahrzeuganwendungen.","breadcrumb":{"@id":"https:\/\/www.smpengineeredsolutions.com\/de\/produkte\/einspritzung-und-kraftstoffversorgung\/kraftstoffverteilerbaugruppen\/#breadcrumb"},"inLanguage":"de","potentialAction":[{"@type":"ReadAction","target":["https:\/\/www.smpengineeredsolutions.com\/de\/produkte\/einspritzung-und-kraftstoffversorgung\/kraftstoffverteilerbaugruppen\/"]}]},{"@type":"BreadcrumbList","@id":"https:\/\/www.smpengineeredsolutions.com\/de\/produkte\/einspritzung-und-kraftstoffversorgung\/kraftstoffverteilerbaugruppen\/#breadcrumb","itemListElement":[{"@type":"ListItem","position":1,"name":"Home","item":"https:\/\/www.smpengineeredsolutions.com\/de\/"},{"@type":"ListItem","position":2,"name":"Produkte","item":"https:\/\/www.smpengineeredsolutions.com\/de\/produkte\/"},{"@type":"ListItem","position":3,"name":"Einspritzung und Kraftstoffversorgung","item":"https:\/\/www.gmail.smpengineeredsolutions.com\/de\/produkte\/einspritzung-und-kraftstoffversorgung\/"},{"@type":"ListItem","position":4,"name":"Kraftstoffverteilerbaugruppen"}]},{"@type":"WebSite","@id":"https:\/\/www._tcp.smpengineeredsolutions.com\/#website","url":"https:\/\/www._tcp.smpengineeredsolutions.com\/","name":"Standard Motor Products, Inc.","description":"","publisher":{"@id":"https:\/\/www._tcp.smpengineeredsolutions.com\/#organization"},"potentialAction":[{"@type":"SearchAction","target":{"@type":"EntryPoint","urlTemplate":"https:\/\/www._tcp.smpengineeredsolutions.com\/?s={search_term_string}"},"query-input":{"@type":"PropertyValueSpecification","valueRequired":true,"valueName":"search_term_string"}}],"inLanguage":"de"},{"@type":"Organization","@id":"https:\/\/www._tcp.smpengineeredsolutions.com\/#organization","name":"SMP\u00ae Engineered Solutions","url":"https:\/\/www._tcp.smpengineeredsolutions.com\/","logo":{"@type":"ImageObject","inLanguage":"de","@id":"https:\/\/www._tcp.smpengineeredsolutions.com\/#\/schema\/logo\/image\/","url":"https:\/\/www.a.smpengineeredsolutions.com\/wp-content\/uploads\/smp-logo.png","contentUrl":"https:\/\/www.a.smpengineeredsolutions.com\/wp-content\/uploads\/smp-logo.png","width":264,"height":117,"caption":"SMP\u00ae Engineered Solutions"},"image":{"@id":"https:\/\/www._tcp.smpengineeredsolutions.com\/#\/schema\/logo\/image\/"},"sameAs":["https:\/\/www.youtube.com\/@StandardMotorProductsInc","https:\/\/www.linkedin.com\/company\/standard-motor-products"]}]}},"_links":{"self":[{"href":"https:\/\/www.smpengineeredsolutions.com\/de\/wp-json\/wp\/v2\/pages\/4753","targetHints":{"allow":["GET"]}}],"collection":[{"href":"https:\/\/www.smpengineeredsolutions.com\/de\/wp-json\/wp\/v2\/pages"}],"about":[{"href":"https:\/\/www.smpengineeredsolutions.com\/de\/wp-json\/wp\/v2\/types\/page"}],"author":[{"embeddable":true,"href":"https:\/\/www.smpengineeredsolutions.com\/de\/wp-json\/wp\/v2\/users\/27"}],"replies":[{"embeddable":true,"href":"https:\/\/www.smpengineeredsolutions.com\/de\/wp-json\/wp\/v2\/comments?post=4753"}],"version-history":[{"count":4,"href":"https:\/\/www.smpengineeredsolutions.com\/de\/wp-json\/wp\/v2\/pages\/4753\/revisions"}],"predecessor-version":[{"id":7946,"href":"https:\/\/www.smpengineeredsolutions.com\/de\/wp-json\/wp\/v2\/pages\/4753\/revisions\/7946"}],"up":[{"embeddable":true,"href":"https:\/\/www.smpengineeredsolutions.com\/de\/wp-json\/wp\/v2\/pages\/4750"}],"wp:attachment":[{"href":"https:\/\/www.smpengineeredsolutions.com\/de\/wp-json\/wp\/v2\/media?parent=4753"}],"curies":[{"name":"wp","href":"https:\/\/api.w.org\/{rel}","templated":true}]}}