{"id":4752,"date":"2023-01-10T07:04:12","date_gmt":"2023-01-10T12:04:12","guid":{"rendered":"https:\/\/smpengineeredsolutions.com\/?page_id=4752"},"modified":"2024-08-14T12:31:19","modified_gmt":"2024-08-14T16:31:19","slug":"kraftstoffdruckregler","status":"publish","type":"page","link":"https:\/\/www.smpengineeredsolutions.com\/de\/produkte\/einspritzung-und-kraftstoffversorgung\/kraftstoffdruckregler\/","title":{"rendered":"Kraftstoffdruckregler"},"content":{"rendered":"<h2>Allgemeines zum Produkt<\/h2>\n<div class=\"text-center\"><a class=\"lightbox\" href=\"\/wp-content\/uploads\/fuelpressureregulators_3.jpg\"><img decoding=\"async\" title=\"Kraftstoffdruckregler\" src=\"\/wp-content\/uploads\/fuelpressureregulators_3.jpg\" alt=\"Kraftstoffdruckregler\" \/><\/a><\/div>\n<p>Kraftstoffdruckregler regeln den Kraftstoffdruck zum Motor, um sicherzustellen, dass die Kraftstoffeinspritzd\u00fcsen eines Fahrzeugs den Kraftstoff in der richtigen Menge erhalten und abgeben. Sie verwenden interne Ventilkomponenten zur Steuerung von Druck und Durchfluss zum Kraftstoffsystem des Fahrzeugs.<\/p>\n","protected":false},"excerpt":{"rendered":"<p>Allgemeines zum Produkt Kraftstoffdruckregler regeln den Kraftstoffdruck zum Motor, um sicherzustellen, dass die Kraftstoffeinspritzd\u00fcsen eines Fahrzeugs den Kraftstoff in der richtigen Menge erhalten und abgeben. Sie verwenden interne Ventilkomponenten zur Steuerung von Druck und Durchfluss zum Kraftstoffsystem des Fahrzeugs. [&#8230;]<\/p>\n<p><a class=\"btn btn-secondary understrap-read-more-link\" href=\"https:\/\/www.smpengineeredsolutions.com\/de\/produkte\/einspritzung-und-kraftstoffversorgung\/kraftstoffdruckregler\/\">Weiterlesen&#8230;<\/a><\/p>\n","protected":false},"author":27,"featured_media":0,"parent":4750,"menu_order":0,"comment_status":"closed","ping_status":"closed","template":"page-templates\/destination-content.php","meta":{"_acf_changed":false,"inline_featured_image":false,"footnotes":""},"class_list":["post-4752","page","type-page","status-publish","hentry"],"featured_image_src":null,"acf":[],"yoast_head":"<!-- This site is optimized with the Yoast SEO Premium plugin v27.4 (Yoast SEO v27.4) - https:\/\/yoast.com\/product\/yoast-seo-premium-wordpress\/ -->\n<title>Kraftstoffdruckregler - Standard Motor Products, Inc.<\/title>\n<meta name=\"description\" content=\"Informieren Sie sich \u00fcber unsere Kraftstoffdruckregler. Informieren Sie sich \u00fcber die Details dieser hochwertigen und kosteng\u00fcnstigen Kraftstoffdruckregler f\u00fcr viele Branchen.\" \/>\n<meta name=\"robots\" content=\"index, follow, max-snippet:-1, max-image-preview:large, max-video-preview:-1\" \/>\n<link rel=\"canonical\" href=\"https:\/\/www.smpengineeredsolutions.com\/de\/produkte\/einspritzung-und-kraftstoffversorgung\/kraftstoffdruckregler\/\" \/>\n<meta property=\"og:locale\" content=\"de_DE\" \/>\n<meta property=\"og:type\" content=\"article\" \/>\n<meta property=\"og:title\" content=\"Kraftstoffdruckregler\" \/>\n<meta property=\"og:description\" content=\"Informieren Sie sich \u00fcber unsere Kraftstoffdruckregler. Informieren Sie sich \u00fcber die Details dieser hochwertigen und kosteng\u00fcnstigen Kraftstoffdruckregler f\u00fcr viele Branchen.\" \/>\n<meta property=\"og:url\" content=\"https:\/\/www.smpengineeredsolutions.com\/de\/produkte\/einspritzung-und-kraftstoffversorgung\/kraftstoffdruckregler\/\" \/>\n<meta property=\"og:site_name\" content=\"Standard Motor Products, Inc.\" \/>\n<meta property=\"article:modified_time\" content=\"2024-08-14T16:31:19+00:00\" \/>\n<meta name=\"twitter:label1\" content=\"Gesch\u00e4tzte Lesezeit\" \/>\n\t<meta name=\"twitter:data1\" content=\"1\u00a0Minute\" \/>\n<script type=\"application\/ld+json\" class=\"yoast-schema-graph\">{\"@context\":\"https:\\\/\\\/schema.org\",\"@graph\":[{\"@type\":\"WebPage\",\"@id\":\"https:\\\/\\\/www.smpengineeredsolutions.com\\\/de\\\/produkte\\\/einspritzung-und-kraftstoffversorgung\\\/kraftstoffdruckregler\\\/\",\"url\":\"https:\\\/\\\/www.smpengineeredsolutions.com\\\/de\\\/produkte\\\/einspritzung-und-kraftstoffversorgung\\\/kraftstoffdruckregler\\\/\",\"name\":\"Kraftstoffdruckregler - Standard Motor Products, Inc.\",\"isPartOf\":{\"@id\":\"https:\\\/\\\/www._tcp.smpengineeredsolutions.com\\\/#website\"},\"datePublished\":\"2023-01-10T12:04:12+00:00\",\"dateModified\":\"2024-08-14T16:31:19+00:00\",\"description\":\"Informieren Sie sich \u00fcber unsere Kraftstoffdruckregler. Informieren Sie sich \u00fcber die Details dieser hochwertigen und kosteng\u00fcnstigen Kraftstoffdruckregler f\u00fcr viele Branchen.\",\"breadcrumb\":{\"@id\":\"https:\\\/\\\/www.smpengineeredsolutions.com\\\/de\\\/produkte\\\/einspritzung-und-kraftstoffversorgung\\\/kraftstoffdruckregler\\\/#breadcrumb\"},\"inLanguage\":\"de\",\"potentialAction\":[{\"@type\":\"ReadAction\",\"target\":[\"https:\\\/\\\/www.smpengineeredsolutions.com\\\/de\\\/produkte\\\/einspritzung-und-kraftstoffversorgung\\\/kraftstoffdruckregler\\\/\"]}]},{\"@type\":\"BreadcrumbList\",\"@id\":\"https:\\\/\\\/www.smpengineeredsolutions.com\\\/de\\\/produkte\\\/einspritzung-und-kraftstoffversorgung\\\/kraftstoffdruckregler\\\/#breadcrumb\",\"itemListElement\":[{\"@type\":\"ListItem\",\"position\":1,\"name\":\"Home\",\"item\":\"https:\\\/\\\/www.smpengineeredsolutions.com\\\/de\\\/\"},{\"@type\":\"ListItem\",\"position\":2,\"name\":\"Produkte\",\"item\":\"https:\\\/\\\/www.smpengineeredsolutions.com\\\/de\\\/produkte\\\/\"},{\"@type\":\"ListItem\",\"position\":3,\"name\":\"Einspritzung und Kraftstoffversorgung\",\"item\":\"https:\\\/\\\/www.gmail.smpengineeredsolutions.com\\\/de\\\/produkte\\\/einspritzung-und-kraftstoffversorgung\\\/\"},{\"@type\":\"ListItem\",\"position\":4,\"name\":\"Kraftstoffdruckregler\"}]},{\"@type\":\"WebSite\",\"@id\":\"https:\\\/\\\/www._tcp.smpengineeredsolutions.com\\\/#website\",\"url\":\"https:\\\/\\\/www._tcp.smpengineeredsolutions.com\\\/\",\"name\":\"Standard Motor Products, Inc.\",\"description\":\"\",\"publisher\":{\"@id\":\"https:\\\/\\\/www._tcp.smpengineeredsolutions.com\\\/#organization\"},\"potentialAction\":[{\"@type\":\"SearchAction\",\"target\":{\"@type\":\"EntryPoint\",\"urlTemplate\":\"https:\\\/\\\/www._tcp.smpengineeredsolutions.com\\\/?s={search_term_string}\"},\"query-input\":{\"@type\":\"PropertyValueSpecification\",\"valueRequired\":true,\"valueName\":\"search_term_string\"}}],\"inLanguage\":\"de\"},{\"@type\":\"Organization\",\"@id\":\"https:\\\/\\\/www._tcp.smpengineeredsolutions.com\\\/#organization\",\"name\":\"SMP\u00ae Engineered Solutions\",\"url\":\"https:\\\/\\\/www._tcp.smpengineeredsolutions.com\\\/\",\"logo\":{\"@type\":\"ImageObject\",\"inLanguage\":\"de\",\"@id\":\"https:\\\/\\\/www._tcp.smpengineeredsolutions.com\\\/#\\\/schema\\\/logo\\\/image\\\/\",\"url\":\"https:\\\/\\\/www.a.smpengineeredsolutions.com\\\/wp-content\\\/uploads\\\/smp-logo.png\",\"contentUrl\":\"https:\\\/\\\/www.a.smpengineeredsolutions.com\\\/wp-content\\\/uploads\\\/smp-logo.png\",\"width\":264,\"height\":117,\"caption\":\"SMP\u00ae Engineered Solutions\"},\"image\":{\"@id\":\"https:\\\/\\\/www._tcp.smpengineeredsolutions.com\\\/#\\\/schema\\\/logo\\\/image\\\/\"},\"sameAs\":[\"https:\\\/\\\/www.youtube.com\\\/@StandardMotorProductsInc\",\"https:\\\/\\\/www.linkedin.com\\\/company\\\/standard-motor-products\"]}]}<\/script>\n<!-- \/ Yoast SEO Premium plugin. -->","yoast_head_json":{"title":"Kraftstoffdruckregler - Standard Motor Products, Inc.","description":"Informieren Sie sich \u00fcber unsere Kraftstoffdruckregler. Informieren Sie sich \u00fcber die Details dieser hochwertigen und kosteng\u00fcnstigen Kraftstoffdruckregler f\u00fcr viele Branchen.","robots":{"index":"index","follow":"follow","max-snippet":"max-snippet:-1","max-image-preview":"max-image-preview:large","max-video-preview":"max-video-preview:-1"},"canonical":"https:\/\/www.smpengineeredsolutions.com\/de\/produkte\/einspritzung-und-kraftstoffversorgung\/kraftstoffdruckregler\/","og_locale":"de_DE","og_type":"article","og_title":"Kraftstoffdruckregler","og_description":"Informieren Sie sich \u00fcber unsere Kraftstoffdruckregler. Informieren Sie sich \u00fcber die Details dieser hochwertigen und kosteng\u00fcnstigen Kraftstoffdruckregler f\u00fcr viele Branchen.","og_url":"https:\/\/www.smpengineeredsolutions.com\/de\/produkte\/einspritzung-und-kraftstoffversorgung\/kraftstoffdruckregler\/","og_site_name":"Standard Motor Products, Inc.","article_modified_time":"2024-08-14T16:31:19+00:00","twitter_misc":{"Gesch\u00e4tzte Lesezeit":"1\u00a0Minute"},"schema":{"@context":"https:\/\/schema.org","@graph":[{"@type":"WebPage","@id":"https:\/\/www.smpengineeredsolutions.com\/de\/produkte\/einspritzung-und-kraftstoffversorgung\/kraftstoffdruckregler\/","url":"https:\/\/www.smpengineeredsolutions.com\/de\/produkte\/einspritzung-und-kraftstoffversorgung\/kraftstoffdruckregler\/","name":"Kraftstoffdruckregler - Standard Motor Products, Inc.","isPartOf":{"@id":"https:\/\/www._tcp.smpengineeredsolutions.com\/#website"},"datePublished":"2023-01-10T12:04:12+00:00","dateModified":"2024-08-14T16:31:19+00:00","description":"Informieren Sie sich \u00fcber unsere Kraftstoffdruckregler. Informieren Sie sich \u00fcber die Details dieser hochwertigen und kosteng\u00fcnstigen Kraftstoffdruckregler f\u00fcr viele Branchen.","breadcrumb":{"@id":"https:\/\/www.smpengineeredsolutions.com\/de\/produkte\/einspritzung-und-kraftstoffversorgung\/kraftstoffdruckregler\/#breadcrumb"},"inLanguage":"de","potentialAction":[{"@type":"ReadAction","target":["https:\/\/www.smpengineeredsolutions.com\/de\/produkte\/einspritzung-und-kraftstoffversorgung\/kraftstoffdruckregler\/"]}]},{"@type":"BreadcrumbList","@id":"https:\/\/www.smpengineeredsolutions.com\/de\/produkte\/einspritzung-und-kraftstoffversorgung\/kraftstoffdruckregler\/#breadcrumb","itemListElement":[{"@type":"ListItem","position":1,"name":"Home","item":"https:\/\/www.smpengineeredsolutions.com\/de\/"},{"@type":"ListItem","position":2,"name":"Produkte","item":"https:\/\/www.smpengineeredsolutions.com\/de\/produkte\/"},{"@type":"ListItem","position":3,"name":"Einspritzung und Kraftstoffversorgung","item":"https:\/\/www.gmail.smpengineeredsolutions.com\/de\/produkte\/einspritzung-und-kraftstoffversorgung\/"},{"@type":"ListItem","position":4,"name":"Kraftstoffdruckregler"}]},{"@type":"WebSite","@id":"https:\/\/www._tcp.smpengineeredsolutions.com\/#website","url":"https:\/\/www._tcp.smpengineeredsolutions.com\/","name":"Standard Motor Products, Inc.","description":"","publisher":{"@id":"https:\/\/www._tcp.smpengineeredsolutions.com\/#organization"},"potentialAction":[{"@type":"SearchAction","target":{"@type":"EntryPoint","urlTemplate":"https:\/\/www._tcp.smpengineeredsolutions.com\/?s={search_term_string}"},"query-input":{"@type":"PropertyValueSpecification","valueRequired":true,"valueName":"search_term_string"}}],"inLanguage":"de"},{"@type":"Organization","@id":"https:\/\/www._tcp.smpengineeredsolutions.com\/#organization","name":"SMP\u00ae Engineered Solutions","url":"https:\/\/www._tcp.smpengineeredsolutions.com\/","logo":{"@type":"ImageObject","inLanguage":"de","@id":"https:\/\/www._tcp.smpengineeredsolutions.com\/#\/schema\/logo\/image\/","url":"https:\/\/www.a.smpengineeredsolutions.com\/wp-content\/uploads\/smp-logo.png","contentUrl":"https:\/\/www.a.smpengineeredsolutions.com\/wp-content\/uploads\/smp-logo.png","width":264,"height":117,"caption":"SMP\u00ae Engineered Solutions"},"image":{"@id":"https:\/\/www._tcp.smpengineeredsolutions.com\/#\/schema\/logo\/image\/"},"sameAs":["https:\/\/www.youtube.com\/@StandardMotorProductsInc","https:\/\/www.linkedin.com\/company\/standard-motor-products"]}]}},"_links":{"self":[{"href":"https:\/\/www.smpengineeredsolutions.com\/de\/wp-json\/wp\/v2\/pages\/4752","targetHints":{"allow":["GET"]}}],"collection":[{"href":"https:\/\/www.smpengineeredsolutions.com\/de\/wp-json\/wp\/v2\/pages"}],"about":[{"href":"https:\/\/www.smpengineeredsolutions.com\/de\/wp-json\/wp\/v2\/types\/page"}],"author":[{"embeddable":true,"href":"https:\/\/www.smpengineeredsolutions.com\/de\/wp-json\/wp\/v2\/users\/27"}],"replies":[{"embeddable":true,"href":"https:\/\/www.smpengineeredsolutions.com\/de\/wp-json\/wp\/v2\/comments?post=4752"}],"version-history":[{"count":1,"href":"https:\/\/www.smpengineeredsolutions.com\/de\/wp-json\/wp\/v2\/pages\/4752\/revisions"}],"predecessor-version":[{"id":7114,"href":"https:\/\/www.smpengineeredsolutions.com\/de\/wp-json\/wp\/v2\/pages\/4752\/revisions\/7114"}],"up":[{"embeddable":true,"href":"https:\/\/www.smpengineeredsolutions.com\/de\/wp-json\/wp\/v2\/pages\/4750"}],"wp:attachment":[{"href":"https:\/\/www.smpengineeredsolutions.com\/de\/wp-json\/wp\/v2\/media?parent=4752"}],"curies":[{"name":"wp","href":"https:\/\/api.w.org\/{rel}","templated":true}]}}