{"id":4751,"date":"2023-01-10T06:59:23","date_gmt":"2023-01-10T11:59:23","guid":{"rendered":"https:\/\/smpengineeredsolutions.com\/?page_id=4751"},"modified":"2025-01-08T11:37:51","modified_gmt":"2025-01-08T16:37:51","slug":"kraftstoffeinspritzduesen","status":"publish","type":"page","link":"https:\/\/www.smpengineeredsolutions.com\/de\/produkte\/einspritzung-und-kraftstoffversorgung\/kraftstoffeinspritzduesen\/","title":{"rendered":"Kraftstoffeinspritzd\u00fcsen"},"content":{"rendered":"<div class=\"text-center\"><a class=\"lightbox\" href=\"https:\/\/www.smpengineeredsolutions.com\/wp-content\/uploads\/Fuel-Injectors-header.png\"><img loading=\"lazy\" decoding=\"async\" class=\"aligncenter wp-image-3070\" title=\"Kraftstoffeinspritzd\u00fcsen\" src=\"https:\/\/www.smpengineeredsolutions.com\/wp-content\/uploads\/Fuel-Injectors-header-500x97.png\" alt=\"Kraftstoffeinspritzd\u00fcsen\" width=\"1098\" height=\"213\" srcset=\"https:\/\/www.smpengineeredsolutions.com\/wp-content\/uploads\/Fuel-Injectors-header-500x97.png 500w, https:\/\/www.smpengineeredsolutions.com\/wp-content\/uploads\/Fuel-Injectors-header-1024x200.png 1024w, https:\/\/www.smpengineeredsolutions.com\/wp-content\/uploads\/Fuel-Injectors-header-768x150.png 768w, https:\/\/www.smpengineeredsolutions.com\/wp-content\/uploads\/Fuel-Injectors-header.png 1211w\" sizes=\"auto, (max-width: 1098px) 100vw, 1098px\" \/><\/a><\/div>\n<p>&nbsp;<\/p>\n<p>Alle Arten von Verbrennungsmotoren ben\u00f6tigen Kraftstoffzufuhrsysteme, um sie mit Kraftstoff zu versorgen und am Laufen zu halten. Eine der effektivsten Methoden, um diese Motoren mit Kraftstoff zu versorgen, ist die Kraftstoffeinspritzung. Kraftstoffeinspritzd\u00fcsen bieten bestimmte Vorteile, die andere Arten von Kraftstoffzufuhrl\u00f6sungen nicht haben, so dass sie f\u00fcr viele Anwendungen geeignet sind.<\/p>\n<p>Als einer der f\u00fchrenden Anbieter von kundenspezifisch anpassbaren Kraftstoffversorgungsl\u00f6sungen bietet SMP<sup>\u00ae<\/sup> Engineered Solutions Kraftstoffeinspritzd\u00fcsen in verschiedenen Konfigurationen an, um den Anforderungen unserer Kunden gerecht zu werden.<\/p>\n<h2>Kraftstoffeinspritzd\u00fcsen im Detail<\/h2>\n<p>Was genau ist eine Kraftstoffeinspritzd\u00fcse? Kraftstoffeinspritzd\u00fcsen sind Ger\u00e4te, die zur Zerst\u00e4ubung und direkten Einspritzung von Kraftstoff in verschiedene Arten von Verbrennungsmotoren verwendet werden. Zu einem bestimmten Zeitpunkt w\u00e4hrend des Verbrennungszyklus zerst\u00e4ubt die Kraftstoffeinspritzd\u00fcse den Kraftstoff und spritzt ihn dann in den Brennraum des Motors ein. Neue Einspritzd\u00fcsenmodelle k\u00f6nnen auch Anweisungen vom elektronischen Steuerger\u00e4t (ESG) entgegennehmen, um die Kraftstoffmenge pr\u00e4zise zu dosieren. Kraftstoffeinspritzd\u00fcsen dienen als Ersatz f\u00fcr Vergaser, die normalerweise ein Vakuum verwenden w\u00fcrden, um ein Gemisch aus Kraftstoff und Luft anzusaugen, das durch den Abw\u00e4rtshub des Kolbens erzeugt wird.<\/p>\n<p>Die Kraftstoffeinspritzd\u00fcsen liefern nicht nur genau dosierte Gas- oder Fl\u00fcssigkeitsmengen entsprechend den Anforderungen der Motorsteuerung, sondern halten auch in Umgebungen mit starken Vibrationen und extremen Temperaturen stand. Au\u00dferdem bieten sie optimale Langlebigkeit, gute Dichtungseigenschaften und hervorragende Wiederholgenauigkeit.<\/p>\n<h2>Vorteile von Kraftstoffeinspritzd\u00fcsen<\/h2>\n<p>Kraftstoffeinspritzd\u00fcsen bieten viele wichtige Vorteile, unter anderem:<\/p>\n<ul>\n<li>Verbesserte Gasannahme, die bei allen Drehzahlen (U\/min) die erforderliche Leistung liefert<\/li>\n<li>L\u00e4ngere Lebensdauer des Motors<\/li>\n<li>Erh\u00f6hte Kraftstoffeffizienz<\/li>\n<li>Minimierung von Kaltstartproblemen<\/li>\n<li>Einfach einzurichten<\/li>\n<li>Effizientere Verbrennung des Kraftstoffs f\u00fcr eine sauberere Umwelt<\/li>\n<li>Keine regelm\u00e4\u00dfige Feinabstimmung mehr erforderlich<\/li>\n<li>Geringerer Kraftstoffverbrauch<\/li>\n<li>Leichteres Starten, insbesondere bei k\u00e4lteren Temperaturen<\/li>\n<li>Erkennung von \u00c4nderungen der Drosselklappenstellung, der H\u00f6he \u00fcber dem Meeresspiegel und der Wetterbedingungen mit Hilfe von Sensoren, um die passende einzuspritzende Kraftstoffmenge zu ermitteln<\/li>\n<li>Genaue, pr\u00e4zise und kontinuierliche Kraftstoffzufuhr f\u00fcr den Motor<\/li>\n<li>Effiziente Verbrennung des Kraftstoffs dank des Zerst\u00e4ubungsprozesses<\/li>\n<li>Verbesserte Fahrzeugleistung<\/li>\n<li>H\u00f6here Kompressionsverh\u00e4ltnisse<\/li>\n<li>Keine Notwendigkeit, Anpassungen an die jeweilige Situation vorzunehmen<\/li>\n<\/ul>\n<h2>Warum sollten Sie uns f\u00fcr Ihren Bedarf an Kraftstoffeinspritzd\u00fcsen w\u00e4hlen?<\/h2>\n<p><a class=\"lightbox alignright\" href=\"https:\/\/www.smpengineeredsolutions.com\/wp-content\/uploads\/01D190WGS7_1_FJ-e1676412037691-438x700.png\"><img loading=\"lazy\" decoding=\"async\" class=\" wp-image-3069\" title=\"Schalter\" src=\"https:\/\/www.smpengineeredsolutions.com\/wp-content\/uploads\/01D190WGS7_1_FJ-e1676412037691-438x700.png\" alt=\"Schalter\" width=\"233\" height=\"373\" srcset=\"https:\/\/www.smpengineeredsolutions.com\/wp-content\/uploads\/01D190WGS7_1_FJ-e1676412037691-438x700.png 438w, https:\/\/www.smpengineeredsolutions.com\/wp-content\/uploads\/01D190WGS7_1_FJ-e1676412037691.png 500w\" sizes=\"auto, (max-width: 233px) 100vw, 233px\" \/><\/a><br \/>\nSMP<sup>\u00ae<\/sup> Engineered Solutions hat Zugriff auf ein internationales Netzwerk an Ressourcen, wodurch wir strategisch positioniert sind, um unseren Kunden die einzigartigen L\u00f6sungen zu bieten, die sie f\u00fcr nahezu jede Anwendung ben\u00f6tigen. Unser Kundenstamm stammt haupts\u00e4chlich aus dem Nutzfahrzeug- und Nischenmarkt f\u00fcr Fahrzeugleichtbau im On-Highway-Sektor. Dar\u00fcber hinaus unterst\u00fctzen wir Off-Highway-Kan\u00e4le wie Powersport, Bau und Landwirtschaft, Industrie und Hydraulik sowie Outdoor Power Equipment.<\/p>\n<h3><span style=\"font-weight: 400;\">Produktanwendungen<\/span><\/h3>\n<p>SMP<sup>\u00ae<\/sup> Engineered Solutions stellt qualitativ hochwertige Kraftstoffeinspritzd\u00fcsen in den meisten gebr\u00e4uchlichen Bauformen her. Unsere Kraftstoffeinspritzd\u00fcsen sind mit vielen Spr\u00fchmustern, Durchflussraten, elektrischen Optionen und Dichtungsoptionen erh\u00e4ltlich. Wir passen jedes Kraftstoffeinspritzd\u00fcsenprodukt an die einzigartigen Anforderungen Ihrer Anwendung an.<\/p>\n<h2>Kraftstoffeinspritzd\u00fcsenprodukte von SMP Engineered Solutions<\/h2>\n<p>Wenn Sie zuverl\u00e4ssige Kraftstoffeinspritzd\u00fcsen und andere <a href=\"\/de\/produkte\/einspritzung-und-kraftstoffversorgung\/\">Produkte f\u00fcr die Kraftstoffzufuhr<\/a> ben\u00f6tigen, finden Sie bei SMP\u00ae Engineered Solutions eine Vielzahl von Optionen. Unsere Produkte decken eine breite Anwendungspalette im Transportsektor ab, einschlie\u00dflich Diesel und Benzin sowie alternative Kraftstoffe, wie LNG, CNG, LPG und Wasserstoff. Zus\u00e4tzlich zu den Kraftstoffeinspritzd\u00fcsen bieten wir eine Auswahl an Kraftstoffdruckreglern und Kraftstoffverteiler-Baugruppen an, um Ihrem Bedarf gerecht zu werden.<\/p>\n<p>Ben\u00f6tigen Sie Hilfe bei der Suche nach der richtigen kundenspezifisch angepassten Kraftstoffeinspritzd\u00fcse f\u00fcr Ihre Anwendung? Setzen Sie sich noch heute <a href=\"\/de\/kontakt\/\">mit uns in Verbindung<\/a>, um das ideale Produkt f\u00fcr Ihre spezifischen Anforderungen zu finden und mehr \u00fcber die M\u00f6glichkeiten unserer Kraftstoffversorgungsl\u00f6sungen zu erfahren.<\/p>\n","protected":false},"excerpt":{"rendered":"<p>&nbsp; Alle Arten von Verbrennungsmotoren ben\u00f6tigen Kraftstoffzufuhrsysteme, um sie mit Kraftstoff zu versorgen und am Laufen zu halten. Eine der effektivsten Methoden, um diese Motoren mit Kraftstoff zu versorgen, ist die Kraftstoffeinspritzung. Kraftstoffeinspritzd\u00fcsen bieten bestimmte Vorteile, die andere Arten von Kraftstoffzufuhrl\u00f6sungen nicht haben, so dass sie f\u00fcr viele Anwendungen geeignet sind. Als einer der f\u00fchrenden&#8230; [&#8230;]<\/p>\n<p><a class=\"btn btn-secondary understrap-read-more-link\" href=\"https:\/\/www.smpengineeredsolutions.com\/de\/produkte\/einspritzung-und-kraftstoffversorgung\/kraftstoffeinspritzduesen\/\">Weiterlesen&#8230;<\/a><\/p>\n","protected":false},"author":27,"featured_media":0,"parent":4750,"menu_order":0,"comment_status":"closed","ping_status":"closed","template":"page-templates\/destination-bucket.php","meta":{"_acf_changed":false,"inline_featured_image":false,"footnotes":""},"class_list":["post-4751","page","type-page","status-publish","hentry"],"featured_image_src":null,"acf":[],"yoast_head":"<!-- This site is optimized with the Yoast SEO Premium plugin v27.5 (Yoast SEO v27.5) - https:\/\/yoast.com\/product\/yoast-seo-premium-wordpress\/ -->\n<title>Kraftstoffeinspritzd\u00fcsen und Kraftstoffzufuhr | Standard Motor Products<\/title>\n<meta name=\"description\" content=\"SMP\u00ae Engineered Solutions bietet Kraftstoffeinspritzd\u00fcsen in verschiedenen Konfigurationen an, um die Anforderungen der Kunden zu erf\u00fcllen. Erfahren Sie hier mehr \u00fcber Einspritzd\u00fcsen und ihre Vorteile.\" \/>\n<meta name=\"robots\" content=\"index, follow, max-snippet:-1, max-image-preview:large, max-video-preview:-1\" \/>\n<link rel=\"canonical\" href=\"https:\/\/www.smpengineeredsolutions.com\/de\/produkte\/einspritzung-und-kraftstoffversorgung\/kraftstoffeinspritzduesen\/\" \/>\n<meta property=\"og:locale\" content=\"de_DE\" \/>\n<meta property=\"og:type\" content=\"article\" \/>\n<meta property=\"og:title\" content=\"Kraftstoffeinspritzd\u00fcsen\" \/>\n<meta property=\"og:description\" content=\"SMP\u00ae Engineered Solutions bietet Kraftstoffeinspritzd\u00fcsen in verschiedenen Konfigurationen an, um die Anforderungen der Kunden zu erf\u00fcllen. Erfahren Sie hier mehr \u00fcber Einspritzd\u00fcsen und ihre Vorteile.\" \/>\n<meta property=\"og:url\" content=\"https:\/\/www.smpengineeredsolutions.com\/de\/produkte\/einspritzung-und-kraftstoffversorgung\/kraftstoffeinspritzduesen\/\" \/>\n<meta property=\"og:site_name\" content=\"Standard Motor Products, Inc.\" \/>\n<meta property=\"article:modified_time\" content=\"2025-01-08T16:37:51+00:00\" \/>\n<meta property=\"og:image\" content=\"https:\/\/www.smpengineeredsolutions.com\/wp-content\/uploads\/Fuel-Injectors-header-500x97.png\" \/>\n<meta name=\"twitter:label1\" content=\"Gesch\u00e4tzte Lesezeit\" \/>\n\t<meta name=\"twitter:data1\" content=\"3\u00a0Minuten\" \/>\n<script type=\"application\/ld+json\" class=\"yoast-schema-graph\">{\"@context\":\"https:\\\/\\\/schema.org\",\"@graph\":[{\"@type\":\"WebPage\",\"@id\":\"https:\\\/\\\/www.smpengineeredsolutions.com\\\/de\\\/produkte\\\/einspritzung-und-kraftstoffversorgung\\\/kraftstoffeinspritzduesen\\\/\",\"url\":\"https:\\\/\\\/www.smpengineeredsolutions.com\\\/de\\\/produkte\\\/einspritzung-und-kraftstoffversorgung\\\/kraftstoffeinspritzduesen\\\/\",\"name\":\"Kraftstoffeinspritzd\u00fcsen und Kraftstoffzufuhr | Standard Motor Products\",\"isPartOf\":{\"@id\":\"https:\\\/\\\/www.smpengineeredsolutions.com\\\/de\\\/#website\"},\"primaryImageOfPage\":{\"@id\":\"https:\\\/\\\/www.smpengineeredsolutions.com\\\/de\\\/produkte\\\/einspritzung-und-kraftstoffversorgung\\\/kraftstoffeinspritzduesen\\\/#primaryimage\"},\"image\":{\"@id\":\"https:\\\/\\\/www.smpengineeredsolutions.com\\\/de\\\/produkte\\\/einspritzung-und-kraftstoffversorgung\\\/kraftstoffeinspritzduesen\\\/#primaryimage\"},\"thumbnailUrl\":\"https:\\\/\\\/www.smpengineeredsolutions.com\\\/wp-content\\\/uploads\\\/Fuel-Injectors-header-500x97.png\",\"datePublished\":\"2023-01-10T11:59:23+00:00\",\"dateModified\":\"2025-01-08T16:37:51+00:00\",\"description\":\"SMP\u00ae Engineered Solutions bietet Kraftstoffeinspritzd\u00fcsen in verschiedenen Konfigurationen an, um die Anforderungen der Kunden zu erf\u00fcllen. Erfahren Sie hier mehr \u00fcber Einspritzd\u00fcsen und ihre Vorteile.\",\"breadcrumb\":{\"@id\":\"https:\\\/\\\/www.smpengineeredsolutions.com\\\/de\\\/produkte\\\/einspritzung-und-kraftstoffversorgung\\\/kraftstoffeinspritzduesen\\\/#breadcrumb\"},\"inLanguage\":\"de\",\"potentialAction\":[{\"@type\":\"ReadAction\",\"target\":[\"https:\\\/\\\/www.smpengineeredsolutions.com\\\/de\\\/produkte\\\/einspritzung-und-kraftstoffversorgung\\\/kraftstoffeinspritzduesen\\\/\"]}]},{\"@type\":\"ImageObject\",\"inLanguage\":\"de\",\"@id\":\"https:\\\/\\\/www.smpengineeredsolutions.com\\\/de\\\/produkte\\\/einspritzung-und-kraftstoffversorgung\\\/kraftstoffeinspritzduesen\\\/#primaryimage\",\"url\":\"https:\\\/\\\/www.smpengineeredsolutions.com\\\/wp-content\\\/uploads\\\/Fuel-Injectors-header-500x97.png\",\"contentUrl\":\"https:\\\/\\\/www.smpengineeredsolutions.com\\\/wp-content\\\/uploads\\\/Fuel-Injectors-header-500x97.png\"},{\"@type\":\"BreadcrumbList\",\"@id\":\"https:\\\/\\\/www.smpengineeredsolutions.com\\\/de\\\/produkte\\\/einspritzung-und-kraftstoffversorgung\\\/kraftstoffeinspritzduesen\\\/#breadcrumb\",\"itemListElement\":[{\"@type\":\"ListItem\",\"position\":1,\"name\":\"Home\",\"item\":\"https:\\\/\\\/www.smpengineeredsolutions.com\\\/de\\\/\"},{\"@type\":\"ListItem\",\"position\":2,\"name\":\"Produkte\",\"item\":\"https:\\\/\\\/www.af63878a-61a4-44d4-a3f9-8118d911569f.smpengineeredsolutions.com\\\/de\\\/produkte\\\/\"},{\"@type\":\"ListItem\",\"position\":3,\"name\":\"Einspritzung und Kraftstoffversorgung\",\"item\":\"https:\\\/\\\/www._msrps._tcp.smpengineeredsolutions.com\\\/de\\\/produkte\\\/einspritzung-und-kraftstoffversorgung\\\/\"},{\"@type\":\"ListItem\",\"position\":4,\"name\":\"Kraftstoffeinspritzd\u00fcsen\"}]},{\"@type\":\"WebSite\",\"@id\":\"https:\\\/\\\/www.smpengineeredsolutions.com\\\/de\\\/#website\",\"url\":\"https:\\\/\\\/www.smpengineeredsolutions.com\\\/de\\\/\",\"name\":\"Standard Motor Products, Inc.\",\"description\":\"\",\"publisher\":{\"@id\":\"https:\\\/\\\/www.smpengineeredsolutions.com\\\/de\\\/#organization\"},\"potentialAction\":[{\"@type\":\"SearchAction\",\"target\":{\"@type\":\"EntryPoint\",\"urlTemplate\":\"https:\\\/\\\/www.smpengineeredsolutions.com\\\/de\\\/?s={search_term_string}\"},\"query-input\":{\"@type\":\"PropertyValueSpecification\",\"valueRequired\":true,\"valueName\":\"search_term_string\"}}],\"inLanguage\":\"de\"},{\"@type\":\"Organization\",\"@id\":\"https:\\\/\\\/www.smpengineeredsolutions.com\\\/de\\\/#organization\",\"name\":\"SMP\u00ae Engineered Solutions\",\"url\":\"https:\\\/\\\/www.smpengineeredsolutions.com\\\/de\\\/\",\"logo\":{\"@type\":\"ImageObject\",\"inLanguage\":\"de\",\"@id\":\"https:\\\/\\\/www.smpengineeredsolutions.com\\\/de\\\/#\\\/schema\\\/logo\\\/image\\\/\",\"url\":\"https:\\\/\\\/www.a.smpengineeredsolutions.com\\\/wp-content\\\/uploads\\\/smp-logo.png\",\"contentUrl\":\"https:\\\/\\\/www.a.smpengineeredsolutions.com\\\/wp-content\\\/uploads\\\/smp-logo.png\",\"width\":264,\"height\":117,\"caption\":\"SMP\u00ae Engineered Solutions\"},\"image\":{\"@id\":\"https:\\\/\\\/www.smpengineeredsolutions.com\\\/de\\\/#\\\/schema\\\/logo\\\/image\\\/\"},\"sameAs\":[\"https:\\\/\\\/www.youtube.com\\\/@StandardMotorProductsInc\",\"https:\\\/\\\/www.linkedin.com\\\/company\\\/standard-motor-products\"]}]}<\/script>\n<!-- \/ Yoast SEO Premium plugin. -->","yoast_head_json":{"title":"Kraftstoffeinspritzd\u00fcsen und Kraftstoffzufuhr | Standard Motor Products","description":"SMP\u00ae Engineered Solutions bietet Kraftstoffeinspritzd\u00fcsen in verschiedenen Konfigurationen an, um die Anforderungen der Kunden zu erf\u00fcllen. Erfahren Sie hier mehr \u00fcber Einspritzd\u00fcsen und ihre Vorteile.","robots":{"index":"index","follow":"follow","max-snippet":"max-snippet:-1","max-image-preview":"max-image-preview:large","max-video-preview":"max-video-preview:-1"},"canonical":"https:\/\/www.smpengineeredsolutions.com\/de\/produkte\/einspritzung-und-kraftstoffversorgung\/kraftstoffeinspritzduesen\/","og_locale":"de_DE","og_type":"article","og_title":"Kraftstoffeinspritzd\u00fcsen","og_description":"SMP\u00ae Engineered Solutions bietet Kraftstoffeinspritzd\u00fcsen in verschiedenen Konfigurationen an, um die Anforderungen der Kunden zu erf\u00fcllen. Erfahren Sie hier mehr \u00fcber Einspritzd\u00fcsen und ihre Vorteile.","og_url":"https:\/\/www.smpengineeredsolutions.com\/de\/produkte\/einspritzung-und-kraftstoffversorgung\/kraftstoffeinspritzduesen\/","og_site_name":"Standard Motor Products, Inc.","article_modified_time":"2025-01-08T16:37:51+00:00","og_image":[{"url":"https:\/\/www.smpengineeredsolutions.com\/wp-content\/uploads\/Fuel-Injectors-header-500x97.png","type":"","width":"","height":""}],"twitter_misc":{"Gesch\u00e4tzte Lesezeit":"3\u00a0Minuten"},"schema":{"@context":"https:\/\/schema.org","@graph":[{"@type":"WebPage","@id":"https:\/\/www.smpengineeredsolutions.com\/de\/produkte\/einspritzung-und-kraftstoffversorgung\/kraftstoffeinspritzduesen\/","url":"https:\/\/www.smpengineeredsolutions.com\/de\/produkte\/einspritzung-und-kraftstoffversorgung\/kraftstoffeinspritzduesen\/","name":"Kraftstoffeinspritzd\u00fcsen und Kraftstoffzufuhr | Standard Motor Products","isPartOf":{"@id":"https:\/\/www.smpengineeredsolutions.com\/de\/#website"},"primaryImageOfPage":{"@id":"https:\/\/www.smpengineeredsolutions.com\/de\/produkte\/einspritzung-und-kraftstoffversorgung\/kraftstoffeinspritzduesen\/#primaryimage"},"image":{"@id":"https:\/\/www.smpengineeredsolutions.com\/de\/produkte\/einspritzung-und-kraftstoffversorgung\/kraftstoffeinspritzduesen\/#primaryimage"},"thumbnailUrl":"https:\/\/www.smpengineeredsolutions.com\/wp-content\/uploads\/Fuel-Injectors-header-500x97.png","datePublished":"2023-01-10T11:59:23+00:00","dateModified":"2025-01-08T16:37:51+00:00","description":"SMP\u00ae Engineered Solutions bietet Kraftstoffeinspritzd\u00fcsen in verschiedenen Konfigurationen an, um die Anforderungen der Kunden zu erf\u00fcllen. Erfahren Sie hier mehr \u00fcber Einspritzd\u00fcsen und ihre Vorteile.","breadcrumb":{"@id":"https:\/\/www.smpengineeredsolutions.com\/de\/produkte\/einspritzung-und-kraftstoffversorgung\/kraftstoffeinspritzduesen\/#breadcrumb"},"inLanguage":"de","potentialAction":[{"@type":"ReadAction","target":["https:\/\/www.smpengineeredsolutions.com\/de\/produkte\/einspritzung-und-kraftstoffversorgung\/kraftstoffeinspritzduesen\/"]}]},{"@type":"ImageObject","inLanguage":"de","@id":"https:\/\/www.smpengineeredsolutions.com\/de\/produkte\/einspritzung-und-kraftstoffversorgung\/kraftstoffeinspritzduesen\/#primaryimage","url":"https:\/\/www.smpengineeredsolutions.com\/wp-content\/uploads\/Fuel-Injectors-header-500x97.png","contentUrl":"https:\/\/www.smpengineeredsolutions.com\/wp-content\/uploads\/Fuel-Injectors-header-500x97.png"},{"@type":"BreadcrumbList","@id":"https:\/\/www.smpengineeredsolutions.com\/de\/produkte\/einspritzung-und-kraftstoffversorgung\/kraftstoffeinspritzduesen\/#breadcrumb","itemListElement":[{"@type":"ListItem","position":1,"name":"Home","item":"https:\/\/www.smpengineeredsolutions.com\/de\/"},{"@type":"ListItem","position":2,"name":"Produkte","item":"https:\/\/www.af63878a-61a4-44d4-a3f9-8118d911569f.smpengineeredsolutions.com\/de\/produkte\/"},{"@type":"ListItem","position":3,"name":"Einspritzung und Kraftstoffversorgung","item":"https:\/\/www._msrps._tcp.smpengineeredsolutions.com\/de\/produkte\/einspritzung-und-kraftstoffversorgung\/"},{"@type":"ListItem","position":4,"name":"Kraftstoffeinspritzd\u00fcsen"}]},{"@type":"WebSite","@id":"https:\/\/www.smpengineeredsolutions.com\/de\/#website","url":"https:\/\/www.smpengineeredsolutions.com\/de\/","name":"Standard Motor Products, Inc.","description":"","publisher":{"@id":"https:\/\/www.smpengineeredsolutions.com\/de\/#organization"},"potentialAction":[{"@type":"SearchAction","target":{"@type":"EntryPoint","urlTemplate":"https:\/\/www.smpengineeredsolutions.com\/de\/?s={search_term_string}"},"query-input":{"@type":"PropertyValueSpecification","valueRequired":true,"valueName":"search_term_string"}}],"inLanguage":"de"},{"@type":"Organization","@id":"https:\/\/www.smpengineeredsolutions.com\/de\/#organization","name":"SMP\u00ae Engineered Solutions","url":"https:\/\/www.smpengineeredsolutions.com\/de\/","logo":{"@type":"ImageObject","inLanguage":"de","@id":"https:\/\/www.smpengineeredsolutions.com\/de\/#\/schema\/logo\/image\/","url":"https:\/\/www.a.smpengineeredsolutions.com\/wp-content\/uploads\/smp-logo.png","contentUrl":"https:\/\/www.a.smpengineeredsolutions.com\/wp-content\/uploads\/smp-logo.png","width":264,"height":117,"caption":"SMP\u00ae Engineered Solutions"},"image":{"@id":"https:\/\/www.smpengineeredsolutions.com\/de\/#\/schema\/logo\/image\/"},"sameAs":["https:\/\/www.youtube.com\/@StandardMotorProductsInc","https:\/\/www.linkedin.com\/company\/standard-motor-products"]}]}},"_links":{"self":[{"href":"https:\/\/www.smpengineeredsolutions.com\/de\/wp-json\/wp\/v2\/pages\/4751","targetHints":{"allow":["GET"]}}],"collection":[{"href":"https:\/\/www.smpengineeredsolutions.com\/de\/wp-json\/wp\/v2\/pages"}],"about":[{"href":"https:\/\/www.smpengineeredsolutions.com\/de\/wp-json\/wp\/v2\/types\/page"}],"author":[{"embeddable":true,"href":"https:\/\/www.smpengineeredsolutions.com\/de\/wp-json\/wp\/v2\/users\/27"}],"replies":[{"embeddable":true,"href":"https:\/\/www.smpengineeredsolutions.com\/de\/wp-json\/wp\/v2\/comments?post=4751"}],"version-history":[{"count":1,"href":"https:\/\/www.smpengineeredsolutions.com\/de\/wp-json\/wp\/v2\/pages\/4751\/revisions"}],"predecessor-version":[{"id":7637,"href":"https:\/\/www.smpengineeredsolutions.com\/de\/wp-json\/wp\/v2\/pages\/4751\/revisions\/7637"}],"up":[{"embeddable":true,"href":"https:\/\/www.smpengineeredsolutions.com\/de\/wp-json\/wp\/v2\/pages\/4750"}],"wp:attachment":[{"href":"https:\/\/www.smpengineeredsolutions.com\/de\/wp-json\/wp\/v2\/media?parent=4751"}],"curies":[{"name":"wp","href":"https:\/\/api.w.org\/{rel}","templated":true}]}}