{"id":4750,"date":"2023-01-10T06:55:25","date_gmt":"2023-01-10T11:55:25","guid":{"rendered":"https:\/\/smpengineeredsolutions.com\/?page_id=4750"},"modified":"2025-01-08T13:22:15","modified_gmt":"2025-01-08T18:22:15","slug":"einspritzung-und-kraftstoffversorgung","status":"publish","type":"page","link":"https:\/\/www.smpengineeredsolutions.com\/de\/produkte\/einspritzung-und-kraftstoffversorgung\/","title":{"rendered":"Einspritzung und Kraftstoffversorgung"},"content":{"rendered":"<h3><img loading=\"lazy\" decoding=\"async\" class=\"alignright\" src=\"https:\/\/www.smpengineeredsolutions.com\/wp-content\/uploads\/Injection-fuel-Delivery-Products-500x458.png\" alt=\"High quality Injection &amp; fuel delivery for automotive applications, by SMP Engineered Solutions.\" width=\"370\" height=\"339\" \/><\/h3>\n<h3>Einspritzung und Kraftstoffversorgung<\/h3>\n<p>Die Einspritz- und Kraftstoffzufuhrprodukte von SMP\u00ae Engineered Solutions decken eine breite Palette von Anwendungen im Transportbereich ab &#8211; von Benzin- und Dieselanwendungen bis hin zu alternativen Kraftstoffen wie CNG, LNG, LPG und Wasserstoff.<\/p>\n<p>Einspritz- und Kraftstoffzufuhrprodukte sind f\u00fcr die Verbrennung im Motor zust\u00e4ndig und halten das System aktiv. SMP Engineered Solutions bietet Kraftstoffeinspritzd\u00fcsen, Kraftstoffdruckregler und Kraftstoffleitungen an.<\/p>\n<h3>Gemeinsame Bewerbung<\/h3>\n<ul>\n<li>Automobilindustrie<\/li>\n<li>Landwirtschaft<\/li>\n<li>Schweres Ger\u00e4t<\/li>\n<li>Schifffahrt<\/li>\n<li>Industriemotoren und Generatoren<\/li>\n<\/ul>\n<h3>Wesentliche Merkmale<\/h3>\n<p><strong>Pr\u00e4zise Kraftstoffzufuhr<\/strong>: Einspritz- und Kraftstoffzufuhrprodukte gew\u00e4hrleisten eine pr\u00e4zise Kraftstoffzerst\u00e4ubung und -zufuhr und optimieren so die Verbrennung und die Motorleistung.<\/p>\n<p><strong>Langlebige Konstruktion<\/strong>: Diese Produkte sind so konstruiert, dass sie hohen Dr\u00fccken und extremen Temperaturen standhalten, und bieten daher dauerhafte Leistung und Zuverl\u00e4ssigkeit.<\/p>\n<p><strong>Vielseitigkeit<\/strong>: Geeignet f\u00fcr eine breite Palette von Anwendungen in verschiedenen Branchen, einschlie\u00dflich Automobil-, Landwirtschafts- und Schwerlastmaschinen, was die Kompatibilit\u00e4t mit verschiedenen Motortypen gew\u00e4hrleistet.<\/p>\n<p><strong>Verbesserte Effizienz<\/strong>: Mit fortschrittlichen Technologien zur Verbesserung der Kraftstoffeffizienz und zur Verringerung der Emissionen, um moderne Umweltstandards zu erf\u00fcllen.<\/p>\n<p><strong>Kundenspezifische L\u00f6sungen<\/strong>: Bietet ma\u00dfgeschneiderte Einspritz- und Kraftstoffversorgungsl\u00f6sungen f\u00fcr spezifische Leistungs- und Systemanforderungen.<\/p>\n<p>Ben\u00f6tigen Sie Hilfe bei der Suche nach dem richtigen ma\u00dfgeschneiderten Kraftstoffdruckregler f\u00fcr Ihre Anwendung? <a href=\"https:\/\/www.smpengineeredsolutions.com\/de\/kontakt\/\">Wenden Sie sich<\/a> noch heute an uns, um das ideale Produkt f\u00fcr Ihre spezifischen Anforderungen zu finden und mehr \u00fcber die M\u00f6glichkeiten unserer Kraftstoffversorgungsl\u00f6sungen zu erfahren.<\/p>\n","protected":false},"excerpt":{"rendered":"<p>Einspritzung und Kraftstoffversorgung Die Einspritz- und Kraftstoffzufuhrprodukte von SMP\u00ae Engineered Solutions decken eine breite Palette von Anwendungen im Transportbereich ab &#8211; von Benzin- und Dieselanwendungen bis hin zu alternativen Kraftstoffen wie CNG, LNG, LPG und Wasserstoff. Einspritz- und Kraftstoffzufuhrprodukte sind f\u00fcr die Verbrennung im Motor zust\u00e4ndig und halten das System aktiv. SMP Engineered Solutions bietet&#8230; [&#8230;]<\/p>\n<p><a class=\"btn btn-secondary understrap-read-more-link\" href=\"https:\/\/www.smpengineeredsolutions.com\/de\/produkte\/einspritzung-und-kraftstoffversorgung\/\">Weiterlesen&#8230;<\/a><\/p>\n","protected":false},"author":27,"featured_media":0,"parent":4643,"menu_order":0,"comment_status":"closed","ping_status":"closed","template":"page-templates\/destination-bucket.php","meta":{"_acf_changed":false,"inline_featured_image":false,"footnotes":""},"class_list":["post-4750","page","type-page","status-publish","hentry"],"featured_image_src":null,"acf":[],"yoast_head":"<!-- This site is optimized with the Yoast SEO Premium plugin v27.2 (Yoast SEO v27.2) - https:\/\/yoast.com\/product\/yoast-seo-premium-wordpress\/ -->\n<title>Einspritzung und Kraftstoffversorgung | Standard Motor Products<\/title>\n<meta name=\"description\" content=\"Entdecken Sie die Einspritz- und Kraftstoffversorgungsprodukte von SMP, einschlie\u00dflich Einspritzd\u00fcsen, Druckregler und Kraftstoffleitungen f\u00fcr eine optimierte Motorleistung in verschiedenen Branchen.\" \/>\n<meta name=\"robots\" content=\"index, follow, max-snippet:-1, max-image-preview:large, max-video-preview:-1\" \/>\n<link rel=\"canonical\" href=\"https:\/\/www.smpengineeredsolutions.com\/de\/produkte\/einspritzung-und-kraftstoffversorgung\/\" \/>\n<meta property=\"og:locale\" content=\"de_DE\" \/>\n<meta property=\"og:type\" content=\"article\" \/>\n<meta property=\"og:title\" content=\"Einspritzung und Kraftstoffversorgung\" \/>\n<meta property=\"og:description\" content=\"Entdecken Sie die Einspritz- und Kraftstoffversorgungsprodukte von SMP, einschlie\u00dflich Einspritzd\u00fcsen, Druckregler und Kraftstoffleitungen f\u00fcr eine optimierte Motorleistung in verschiedenen Branchen.\" \/>\n<meta property=\"og:url\" content=\"https:\/\/www.smpengineeredsolutions.com\/de\/produkte\/einspritzung-und-kraftstoffversorgung\/\" \/>\n<meta property=\"og:site_name\" content=\"Standard Motor Products, Inc.\" \/>\n<meta property=\"article:modified_time\" content=\"2025-01-08T18:22:15+00:00\" \/>\n<meta property=\"og:image\" content=\"https:\/\/www.smpengineeredsolutions.com\/wp-content\/uploads\/Injection-fuel-Delivery-Products-500x458.png\" \/>\n<meta name=\"twitter:label1\" content=\"Gesch\u00e4tzte Lesezeit\" \/>\n\t<meta name=\"twitter:data1\" content=\"2\u00a0Minuten\" \/>\n<script type=\"application\/ld+json\" class=\"yoast-schema-graph\">{\"@context\":\"https:\/\/schema.org\",\"@graph\":[{\"@type\":\"WebPage\",\"@id\":\"https:\/\/www.smpengineeredsolutions.com\/de\/produkte\/einspritzung-und-kraftstoffversorgung\/\",\"url\":\"https:\/\/www.smpengineeredsolutions.com\/de\/produkte\/einspritzung-und-kraftstoffversorgung\/\",\"name\":\"Einspritzung und Kraftstoffversorgung | Standard Motor Products\",\"isPartOf\":{\"@id\":\"https:\/\/www.smpengineeredsolutions.com\/de\/#website\"},\"primaryImageOfPage\":{\"@id\":\"https:\/\/www.smpengineeredsolutions.com\/de\/produkte\/einspritzung-und-kraftstoffversorgung\/#primaryimage\"},\"image\":{\"@id\":\"https:\/\/www.smpengineeredsolutions.com\/de\/produkte\/einspritzung-und-kraftstoffversorgung\/#primaryimage\"},\"thumbnailUrl\":\"https:\/\/www.smpengineeredsolutions.com\/wp-content\/uploads\/Injection-fuel-Delivery-Products-500x458.png\",\"datePublished\":\"2023-01-10T11:55:25+00:00\",\"dateModified\":\"2025-01-08T18:22:15+00:00\",\"description\":\"Entdecken Sie die Einspritz- und Kraftstoffversorgungsprodukte von SMP, einschlie\u00dflich Einspritzd\u00fcsen, Druckregler und Kraftstoffleitungen f\u00fcr eine optimierte Motorleistung in verschiedenen Branchen.\",\"breadcrumb\":{\"@id\":\"https:\/\/www.smpengineeredsolutions.com\/de\/produkte\/einspritzung-und-kraftstoffversorgung\/#breadcrumb\"},\"inLanguage\":\"de\",\"potentialAction\":[{\"@type\":\"ReadAction\",\"target\":[\"https:\/\/www.smpengineeredsolutions.com\/de\/produkte\/einspritzung-und-kraftstoffversorgung\/\"]}]},{\"@type\":\"ImageObject\",\"inLanguage\":\"de\",\"@id\":\"https:\/\/www.smpengineeredsolutions.com\/de\/produkte\/einspritzung-und-kraftstoffversorgung\/#primaryimage\",\"url\":\"https:\/\/www.smpengineeredsolutions.com\/wp-content\/uploads\/Injection-fuel-Delivery-Products-500x458.png\",\"contentUrl\":\"https:\/\/www.smpengineeredsolutions.com\/wp-content\/uploads\/Injection-fuel-Delivery-Products-500x458.png\"},{\"@type\":\"BreadcrumbList\",\"@id\":\"https:\/\/www.smpengineeredsolutions.com\/de\/produkte\/einspritzung-und-kraftstoffversorgung\/#breadcrumb\",\"itemListElement\":[{\"@type\":\"ListItem\",\"position\":1,\"name\":\"Home\",\"item\":\"https:\/\/www.smpengineeredsolutions.com\/de\/\"},{\"@type\":\"ListItem\",\"position\":2,\"name\":\"Produkte\",\"item\":\"https:\/\/www.smpengineeredsolutions.com\/de\/produkte\/\"},{\"@type\":\"ListItem\",\"position\":3,\"name\":\"Einspritzung und Kraftstoffversorgung\"}]},{\"@type\":\"WebSite\",\"@id\":\"https:\/\/www.smpengineeredsolutions.com\/de\/#website\",\"url\":\"https:\/\/www.smpengineeredsolutions.com\/de\/\",\"name\":\"Standard Motor Products, Inc.\",\"description\":\"\",\"publisher\":{\"@id\":\"https:\/\/www.smpengineeredsolutions.com\/de\/#organization\"},\"potentialAction\":[{\"@type\":\"SearchAction\",\"target\":{\"@type\":\"EntryPoint\",\"urlTemplate\":\"https:\/\/www.smpengineeredsolutions.com\/de\/?s={search_term_string}\"},\"query-input\":{\"@type\":\"PropertyValueSpecification\",\"valueRequired\":true,\"valueName\":\"search_term_string\"}}],\"inLanguage\":\"de\"},{\"@type\":\"Organization\",\"@id\":\"https:\/\/www.smpengineeredsolutions.com\/de\/#organization\",\"name\":\"SMP\u00ae Engineered Solutions\",\"url\":\"https:\/\/www.smpengineeredsolutions.com\/de\/\",\"logo\":{\"@type\":\"ImageObject\",\"inLanguage\":\"de\",\"@id\":\"https:\/\/www.smpengineeredsolutions.com\/de\/#\/schema\/logo\/image\/\",\"url\":\"https:\/\/www.a.smpengineeredsolutions.com\/wp-content\/uploads\/smp-logo.png\",\"contentUrl\":\"https:\/\/www.a.smpengineeredsolutions.com\/wp-content\/uploads\/smp-logo.png\",\"width\":264,\"height\":117,\"caption\":\"SMP\u00ae Engineered Solutions\"},\"image\":{\"@id\":\"https:\/\/www.smpengineeredsolutions.com\/de\/#\/schema\/logo\/image\/\"},\"sameAs\":[\"https:\/\/www.youtube.com\/@StandardMotorProductsInc\",\"https:\/\/www.linkedin.com\/company\/standard-motor-products\"]}]}<\/script>\n<!-- \/ Yoast SEO Premium plugin. -->","yoast_head_json":{"title":"Einspritzung und Kraftstoffversorgung | Standard Motor Products","description":"Entdecken Sie die Einspritz- und Kraftstoffversorgungsprodukte von SMP, einschlie\u00dflich Einspritzd\u00fcsen, Druckregler und Kraftstoffleitungen f\u00fcr eine optimierte Motorleistung in verschiedenen Branchen.","robots":{"index":"index","follow":"follow","max-snippet":"max-snippet:-1","max-image-preview":"max-image-preview:large","max-video-preview":"max-video-preview:-1"},"canonical":"https:\/\/www.smpengineeredsolutions.com\/de\/produkte\/einspritzung-und-kraftstoffversorgung\/","og_locale":"de_DE","og_type":"article","og_title":"Einspritzung und Kraftstoffversorgung","og_description":"Entdecken Sie die Einspritz- und Kraftstoffversorgungsprodukte von SMP, einschlie\u00dflich Einspritzd\u00fcsen, Druckregler und Kraftstoffleitungen f\u00fcr eine optimierte Motorleistung in verschiedenen Branchen.","og_url":"https:\/\/www.smpengineeredsolutions.com\/de\/produkte\/einspritzung-und-kraftstoffversorgung\/","og_site_name":"Standard Motor Products, Inc.","article_modified_time":"2025-01-08T18:22:15+00:00","og_image":[{"url":"https:\/\/www.smpengineeredsolutions.com\/wp-content\/uploads\/Injection-fuel-Delivery-Products-500x458.png","type":"","width":"","height":""}],"twitter_misc":{"Gesch\u00e4tzte Lesezeit":"2\u00a0Minuten"},"schema":{"@context":"https:\/\/schema.org","@graph":[{"@type":"WebPage","@id":"https:\/\/www.smpengineeredsolutions.com\/de\/produkte\/einspritzung-und-kraftstoffversorgung\/","url":"https:\/\/www.smpengineeredsolutions.com\/de\/produkte\/einspritzung-und-kraftstoffversorgung\/","name":"Einspritzung und Kraftstoffversorgung | Standard Motor Products","isPartOf":{"@id":"https:\/\/www.smpengineeredsolutions.com\/de\/#website"},"primaryImageOfPage":{"@id":"https:\/\/www.smpengineeredsolutions.com\/de\/produkte\/einspritzung-und-kraftstoffversorgung\/#primaryimage"},"image":{"@id":"https:\/\/www.smpengineeredsolutions.com\/de\/produkte\/einspritzung-und-kraftstoffversorgung\/#primaryimage"},"thumbnailUrl":"https:\/\/www.smpengineeredsolutions.com\/wp-content\/uploads\/Injection-fuel-Delivery-Products-500x458.png","datePublished":"2023-01-10T11:55:25+00:00","dateModified":"2025-01-08T18:22:15+00:00","description":"Entdecken Sie die Einspritz- und Kraftstoffversorgungsprodukte von SMP, einschlie\u00dflich Einspritzd\u00fcsen, Druckregler und Kraftstoffleitungen f\u00fcr eine optimierte Motorleistung in verschiedenen Branchen.","breadcrumb":{"@id":"https:\/\/www.smpengineeredsolutions.com\/de\/produkte\/einspritzung-und-kraftstoffversorgung\/#breadcrumb"},"inLanguage":"de","potentialAction":[{"@type":"ReadAction","target":["https:\/\/www.smpengineeredsolutions.com\/de\/produkte\/einspritzung-und-kraftstoffversorgung\/"]}]},{"@type":"ImageObject","inLanguage":"de","@id":"https:\/\/www.smpengineeredsolutions.com\/de\/produkte\/einspritzung-und-kraftstoffversorgung\/#primaryimage","url":"https:\/\/www.smpengineeredsolutions.com\/wp-content\/uploads\/Injection-fuel-Delivery-Products-500x458.png","contentUrl":"https:\/\/www.smpengineeredsolutions.com\/wp-content\/uploads\/Injection-fuel-Delivery-Products-500x458.png"},{"@type":"BreadcrumbList","@id":"https:\/\/www.smpengineeredsolutions.com\/de\/produkte\/einspritzung-und-kraftstoffversorgung\/#breadcrumb","itemListElement":[{"@type":"ListItem","position":1,"name":"Home","item":"https:\/\/www.smpengineeredsolutions.com\/de\/"},{"@type":"ListItem","position":2,"name":"Produkte","item":"https:\/\/www.smpengineeredsolutions.com\/de\/produkte\/"},{"@type":"ListItem","position":3,"name":"Einspritzung und Kraftstoffversorgung"}]},{"@type":"WebSite","@id":"https:\/\/www.smpengineeredsolutions.com\/de\/#website","url":"https:\/\/www.smpengineeredsolutions.com\/de\/","name":"Standard Motor Products, Inc.","description":"","publisher":{"@id":"https:\/\/www.smpengineeredsolutions.com\/de\/#organization"},"potentialAction":[{"@type":"SearchAction","target":{"@type":"EntryPoint","urlTemplate":"https:\/\/www.smpengineeredsolutions.com\/de\/?s={search_term_string}"},"query-input":{"@type":"PropertyValueSpecification","valueRequired":true,"valueName":"search_term_string"}}],"inLanguage":"de"},{"@type":"Organization","@id":"https:\/\/www.smpengineeredsolutions.com\/de\/#organization","name":"SMP\u00ae Engineered Solutions","url":"https:\/\/www.smpengineeredsolutions.com\/de\/","logo":{"@type":"ImageObject","inLanguage":"de","@id":"https:\/\/www.smpengineeredsolutions.com\/de\/#\/schema\/logo\/image\/","url":"https:\/\/www.a.smpengineeredsolutions.com\/wp-content\/uploads\/smp-logo.png","contentUrl":"https:\/\/www.a.smpengineeredsolutions.com\/wp-content\/uploads\/smp-logo.png","width":264,"height":117,"caption":"SMP\u00ae Engineered Solutions"},"image":{"@id":"https:\/\/www.smpengineeredsolutions.com\/de\/#\/schema\/logo\/image\/"},"sameAs":["https:\/\/www.youtube.com\/@StandardMotorProductsInc","https:\/\/www.linkedin.com\/company\/standard-motor-products"]}]}},"_links":{"self":[{"href":"https:\/\/www.smpengineeredsolutions.com\/de\/wp-json\/wp\/v2\/pages\/4750","targetHints":{"allow":["GET"]}}],"collection":[{"href":"https:\/\/www.smpengineeredsolutions.com\/de\/wp-json\/wp\/v2\/pages"}],"about":[{"href":"https:\/\/www.smpengineeredsolutions.com\/de\/wp-json\/wp\/v2\/types\/page"}],"author":[{"embeddable":true,"href":"https:\/\/www.smpengineeredsolutions.com\/de\/wp-json\/wp\/v2\/users\/27"}],"replies":[{"embeddable":true,"href":"https:\/\/www.smpengineeredsolutions.com\/de\/wp-json\/wp\/v2\/comments?post=4750"}],"version-history":[{"count":3,"href":"https:\/\/www.smpengineeredsolutions.com\/de\/wp-json\/wp\/v2\/pages\/4750\/revisions"}],"predecessor-version":[{"id":7645,"href":"https:\/\/www.smpengineeredsolutions.com\/de\/wp-json\/wp\/v2\/pages\/4750\/revisions\/7645"}],"up":[{"embeddable":true,"href":"https:\/\/www.smpengineeredsolutions.com\/de\/wp-json\/wp\/v2\/pages\/4643"}],"wp:attachment":[{"href":"https:\/\/www.smpengineeredsolutions.com\/de\/wp-json\/wp\/v2\/media?parent=4750"}],"curies":[{"name":"wp","href":"https:\/\/api.w.org\/{rel}","templated":true}]}}