{"id":4748,"date":"2023-01-27T13:56:13","date_gmt":"2023-01-27T18:56:13","guid":{"rendered":"https:\/\/smpengineeredsolutions.com\/?page_id=4748"},"modified":"2025-02-19T10:37:33","modified_gmt":"2025-02-19T15:37:33","slug":"intelligente-motorsteuerung","status":"publish","type":"page","link":"https:\/\/www.smpengineeredsolutions.com\/de\/produkte\/elektrifizierung-und-elektronik\/elektronische-steuerelemente\/zusaetzliche-elektronische-steuerungen\/intelligente-motorsteuerung\/","title":{"rendered":"Intelligente Motorsteuerung"},"content":{"rendered":"<div class=\"feature-img-right\"><a class=\"lightbox\" href=\"\/wp-content\/uploads\/tr-motorcontroller.png\"><img loading=\"lazy\" decoding=\"async\" class=\"alignnone\" title=\"Intelligente Motorsteuerung\" src=\"\/wp-content\/uploads\/tr-motorcontroller.png\" alt=\"Intelligente Motorsteuerung von hoher Qualit\u00e4t f\u00fcr elektronische Steuerungen von SMP Engineered Solutions. \" width=\"400\" height=\"382\" \/><\/a><\/div>\n<p>Die intelligente Motorsteuerung von Trombetta verwendet Standardverpackungsmethoden und -komponenten, die es uns erm\u00f6glichen, Motorsteuerungen zu liefern, die speziell f\u00fcr die Anwendungen unserer Kunden entwickelt wurden. Trombetta bietet kosteng\u00fcnstige L\u00f6sungen an, indem wir uns unsere hausinternen Kompetenzen zunutze machen, einschlie\u00dflich Design, Softwareentwicklung und Fertigung.<\/p>\n","protected":false},"excerpt":{"rendered":"<p>Die intelligente Motorsteuerung von Trombetta verwendet Standardverpackungsmethoden und -komponenten, die es uns erm\u00f6glichen, Motorsteuerungen zu liefern, die speziell f\u00fcr die Anwendungen unserer Kunden entwickelt wurden. Trombetta bietet kosteng\u00fcnstige L\u00f6sungen an, indem wir uns unsere hausinternen Kompetenzen zunutze machen, einschlie\u00dflich Design, Softwareentwicklung und Fertigung. [&#8230;]<\/p>\n<p><a class=\"btn btn-secondary understrap-read-more-link\" href=\"https:\/\/www.smpengineeredsolutions.com\/de\/produkte\/elektrifizierung-und-elektronik\/elektronische-steuerelemente\/zusaetzliche-elektronische-steuerungen\/intelligente-motorsteuerung\/\">Weiterlesen&#8230;<\/a><\/p>\n","protected":false},"author":27,"featured_media":0,"parent":4737,"menu_order":0,"comment_status":"closed","ping_status":"closed","template":"page-templates\/destination-content.php","meta":{"_acf_changed":false,"inline_featured_image":false,"footnotes":""},"class_list":["post-4748","page","type-page","status-publish","hentry"],"featured_image_src":null,"acf":[],"yoast_head":"<!-- This site is optimized with the Yoast SEO Premium plugin v27.2 (Yoast SEO v27.2) - https:\/\/yoast.com\/product\/yoast-seo-premium-wordpress\/ -->\n<title>Intelligente Motorsteuerung | Standard Motor Products, Inc.<\/title>\n<meta name=\"description\" content=\"Sehen Sie sich unser intelligentes Motorsteuerungsprodukt an. Wir bieten kosteng\u00fcnstige L\u00f6sungen, indem wir unsere internen F\u00e4higkeiten, einschlie\u00dflich Design und Fertigung, nutzen.\" \/>\n<meta name=\"robots\" content=\"index, follow, max-snippet:-1, max-image-preview:large, max-video-preview:-1\" \/>\n<link rel=\"canonical\" href=\"https:\/\/www.smpengineeredsolutions.com\/de\/produkte\/elektrifizierung-und-elektronik\/elektronische-steuerelemente\/zusaetzliche-elektronische-steuerungen\/intelligente-motorsteuerung\/\" \/>\n<meta property=\"og:locale\" content=\"de_DE\" \/>\n<meta property=\"og:type\" content=\"article\" \/>\n<meta property=\"og:title\" content=\"Intelligente Motorsteuerung\" \/>\n<meta property=\"og:description\" content=\"Sehen Sie sich unser intelligentes Motorsteuerungsprodukt an. Wir bieten kosteng\u00fcnstige L\u00f6sungen, indem wir unsere internen F\u00e4higkeiten, einschlie\u00dflich Design und Fertigung, nutzen.\" \/>\n<meta property=\"og:url\" content=\"https:\/\/www.smpengineeredsolutions.com\/de\/produkte\/elektrifizierung-und-elektronik\/elektronische-steuerelemente\/zusaetzliche-elektronische-steuerungen\/intelligente-motorsteuerung\/\" \/>\n<meta property=\"og:site_name\" content=\"Standard Motor Products, Inc.\" \/>\n<meta property=\"article:modified_time\" content=\"2025-02-19T15:37:33+00:00\" \/>\n<meta name=\"twitter:label1\" content=\"Gesch\u00e4tzte Lesezeit\" \/>\n\t<meta name=\"twitter:data1\" content=\"1\u00a0Minute\" \/>\n<script type=\"application\/ld+json\" class=\"yoast-schema-graph\">{\"@context\":\"https:\/\/schema.org\",\"@graph\":[{\"@type\":\"WebPage\",\"@id\":\"https:\/\/www.smpengineeredsolutions.com\/de\/produkte\/elektrifizierung-und-elektronik\/elektronische-steuerelemente\/zusaetzliche-elektronische-steuerungen\/intelligente-motorsteuerung\/\",\"url\":\"https:\/\/www.smpengineeredsolutions.com\/de\/produkte\/elektrifizierung-und-elektronik\/elektronische-steuerelemente\/zusaetzliche-elektronische-steuerungen\/intelligente-motorsteuerung\/\",\"name\":\"Intelligente Motorsteuerung | Standard Motor Products, Inc.\",\"isPartOf\":{\"@id\":\"https:\/\/www.5590a350-1f28-4659-9ca8-a4f6c857cf0b.smpengineeredsolutions.com\/de\/#website\"},\"datePublished\":\"2023-01-27T18:56:13+00:00\",\"dateModified\":\"2025-02-19T15:37:33+00:00\",\"description\":\"Sehen Sie sich unser intelligentes Motorsteuerungsprodukt an. Wir bieten kosteng\u00fcnstige L\u00f6sungen, indem wir unsere internen F\u00e4higkeiten, einschlie\u00dflich Design und Fertigung, nutzen.\",\"breadcrumb\":{\"@id\":\"https:\/\/www.smpengineeredsolutions.com\/de\/produkte\/elektrifizierung-und-elektronik\/elektronische-steuerelemente\/zusaetzliche-elektronische-steuerungen\/intelligente-motorsteuerung\/#breadcrumb\"},\"inLanguage\":\"de\",\"potentialAction\":[{\"@type\":\"ReadAction\",\"target\":[\"https:\/\/www.smpengineeredsolutions.com\/de\/produkte\/elektrifizierung-und-elektronik\/elektronische-steuerelemente\/zusaetzliche-elektronische-steuerungen\/intelligente-motorsteuerung\/\"]}]},{\"@type\":\"BreadcrumbList\",\"@id\":\"https:\/\/www.smpengineeredsolutions.com\/de\/produkte\/elektrifizierung-und-elektronik\/elektronische-steuerelemente\/zusaetzliche-elektronische-steuerungen\/intelligente-motorsteuerung\/#breadcrumb\",\"itemListElement\":[{\"@type\":\"ListItem\",\"position\":1,\"name\":\"Home\",\"item\":\"https:\/\/www.5590a350-1f28-4659-9ca8-a4f6c857cf0b.smpengineeredsolutions.com\/de\/\"},{\"@type\":\"ListItem\",\"position\":2,\"name\":\"Produkte\",\"item\":\"https:\/\/www.5590a350-1f28-4659-9ca8-a4f6c857cf0b.smpengineeredsolutions.com\/de\/produkte\/\"},{\"@type\":\"ListItem\",\"position\":3,\"name\":\"Elektrifizierung und Elektronik\",\"item\":\"https:\/\/www.smpengineeredsolutions.com\/de\/produkte\/elektrifizierung-und-elektronik\/\"},{\"@type\":\"ListItem\",\"position\":4,\"name\":\"Elektronische Kontrollsysteme\",\"item\":\"https:\/\/www.2e9348c8-44a6-4dd4-b6bd-291c31dbd014.a.smpengineeredsolutions.com\/de\/produkte\/elektrifizierung-und-elektronik\/elektronische-steuerelemente\/\"},{\"@type\":\"ListItem\",\"position\":5,\"name\":\"Zus\u00e4tzliche elektronische Steuerungen\",\"item\":\"https:\/\/www.a.smpengineeredsolutions.com\/de\/produkte\/elektrifizierung-und-elektronik\/elektronische-steuerelemente\/zusaetzliche-elektronische-steuerungen\/\"},{\"@type\":\"ListItem\",\"position\":6,\"name\":\"Intelligente Motorsteuerung\"}]},{\"@type\":\"WebSite\",\"@id\":\"https:\/\/www.5590a350-1f28-4659-9ca8-a4f6c857cf0b.smpengineeredsolutions.com\/de\/#website\",\"url\":\"https:\/\/www.5590a350-1f28-4659-9ca8-a4f6c857cf0b.smpengineeredsolutions.com\/de\/\",\"name\":\"Standard Motor Products, Inc.\",\"description\":\"\",\"publisher\":{\"@id\":\"https:\/\/www.5590a350-1f28-4659-9ca8-a4f6c857cf0b.smpengineeredsolutions.com\/de\/#organization\"},\"potentialAction\":[{\"@type\":\"SearchAction\",\"target\":{\"@type\":\"EntryPoint\",\"urlTemplate\":\"https:\/\/www.5590a350-1f28-4659-9ca8-a4f6c857cf0b.smpengineeredsolutions.com\/de\/?s={search_term_string}\"},\"query-input\":{\"@type\":\"PropertyValueSpecification\",\"valueRequired\":true,\"valueName\":\"search_term_string\"}}],\"inLanguage\":\"de\"},{\"@type\":\"Organization\",\"@id\":\"https:\/\/www.5590a350-1f28-4659-9ca8-a4f6c857cf0b.smpengineeredsolutions.com\/de\/#organization\",\"name\":\"SMP\u00ae Engineered Solutions\",\"url\":\"https:\/\/www.5590a350-1f28-4659-9ca8-a4f6c857cf0b.smpengineeredsolutions.com\/de\/\",\"logo\":{\"@type\":\"ImageObject\",\"inLanguage\":\"de\",\"@id\":\"https:\/\/www.5590a350-1f28-4659-9ca8-a4f6c857cf0b.smpengineeredsolutions.com\/de\/#\/schema\/logo\/image\/\",\"url\":\"https:\/\/www.a.smpengineeredsolutions.com\/wp-content\/uploads\/smp-logo.png\",\"contentUrl\":\"https:\/\/www.a.smpengineeredsolutions.com\/wp-content\/uploads\/smp-logo.png\",\"width\":264,\"height\":117,\"caption\":\"SMP\u00ae Engineered Solutions\"},\"image\":{\"@id\":\"https:\/\/www.5590a350-1f28-4659-9ca8-a4f6c857cf0b.smpengineeredsolutions.com\/de\/#\/schema\/logo\/image\/\"},\"sameAs\":[\"https:\/\/www.youtube.com\/@StandardMotorProductsInc\",\"https:\/\/www.linkedin.com\/company\/standard-motor-products\"]}]}<\/script>\n<!-- \/ Yoast SEO Premium plugin. -->","yoast_head_json":{"title":"Intelligente Motorsteuerung | Standard Motor Products, Inc.","description":"Sehen Sie sich unser intelligentes Motorsteuerungsprodukt an. Wir bieten kosteng\u00fcnstige L\u00f6sungen, indem wir unsere internen F\u00e4higkeiten, einschlie\u00dflich Design und Fertigung, nutzen.","robots":{"index":"index","follow":"follow","max-snippet":"max-snippet:-1","max-image-preview":"max-image-preview:large","max-video-preview":"max-video-preview:-1"},"canonical":"https:\/\/www.smpengineeredsolutions.com\/de\/produkte\/elektrifizierung-und-elektronik\/elektronische-steuerelemente\/zusaetzliche-elektronische-steuerungen\/intelligente-motorsteuerung\/","og_locale":"de_DE","og_type":"article","og_title":"Intelligente Motorsteuerung","og_description":"Sehen Sie sich unser intelligentes Motorsteuerungsprodukt an. Wir bieten kosteng\u00fcnstige L\u00f6sungen, indem wir unsere internen F\u00e4higkeiten, einschlie\u00dflich Design und Fertigung, nutzen.","og_url":"https:\/\/www.smpengineeredsolutions.com\/de\/produkte\/elektrifizierung-und-elektronik\/elektronische-steuerelemente\/zusaetzliche-elektronische-steuerungen\/intelligente-motorsteuerung\/","og_site_name":"Standard Motor Products, Inc.","article_modified_time":"2025-02-19T15:37:33+00:00","twitter_misc":{"Gesch\u00e4tzte Lesezeit":"1\u00a0Minute"},"schema":{"@context":"https:\/\/schema.org","@graph":[{"@type":"WebPage","@id":"https:\/\/www.smpengineeredsolutions.com\/de\/produkte\/elektrifizierung-und-elektronik\/elektronische-steuerelemente\/zusaetzliche-elektronische-steuerungen\/intelligente-motorsteuerung\/","url":"https:\/\/www.smpengineeredsolutions.com\/de\/produkte\/elektrifizierung-und-elektronik\/elektronische-steuerelemente\/zusaetzliche-elektronische-steuerungen\/intelligente-motorsteuerung\/","name":"Intelligente Motorsteuerung | Standard Motor Products, Inc.","isPartOf":{"@id":"https:\/\/www.5590a350-1f28-4659-9ca8-a4f6c857cf0b.smpengineeredsolutions.com\/de\/#website"},"datePublished":"2023-01-27T18:56:13+00:00","dateModified":"2025-02-19T15:37:33+00:00","description":"Sehen Sie sich unser intelligentes Motorsteuerungsprodukt an. Wir bieten kosteng\u00fcnstige L\u00f6sungen, indem wir unsere internen F\u00e4higkeiten, einschlie\u00dflich Design und Fertigung, nutzen.","breadcrumb":{"@id":"https:\/\/www.smpengineeredsolutions.com\/de\/produkte\/elektrifizierung-und-elektronik\/elektronische-steuerelemente\/zusaetzliche-elektronische-steuerungen\/intelligente-motorsteuerung\/#breadcrumb"},"inLanguage":"de","potentialAction":[{"@type":"ReadAction","target":["https:\/\/www.smpengineeredsolutions.com\/de\/produkte\/elektrifizierung-und-elektronik\/elektronische-steuerelemente\/zusaetzliche-elektronische-steuerungen\/intelligente-motorsteuerung\/"]}]},{"@type":"BreadcrumbList","@id":"https:\/\/www.smpengineeredsolutions.com\/de\/produkte\/elektrifizierung-und-elektronik\/elektronische-steuerelemente\/zusaetzliche-elektronische-steuerungen\/intelligente-motorsteuerung\/#breadcrumb","itemListElement":[{"@type":"ListItem","position":1,"name":"Home","item":"https:\/\/www.5590a350-1f28-4659-9ca8-a4f6c857cf0b.smpengineeredsolutions.com\/de\/"},{"@type":"ListItem","position":2,"name":"Produkte","item":"https:\/\/www.5590a350-1f28-4659-9ca8-a4f6c857cf0b.smpengineeredsolutions.com\/de\/produkte\/"},{"@type":"ListItem","position":3,"name":"Elektrifizierung und Elektronik","item":"https:\/\/www.smpengineeredsolutions.com\/de\/produkte\/elektrifizierung-und-elektronik\/"},{"@type":"ListItem","position":4,"name":"Elektronische Kontrollsysteme","item":"https:\/\/www.2e9348c8-44a6-4dd4-b6bd-291c31dbd014.a.smpengineeredsolutions.com\/de\/produkte\/elektrifizierung-und-elektronik\/elektronische-steuerelemente\/"},{"@type":"ListItem","position":5,"name":"Zus\u00e4tzliche elektronische Steuerungen","item":"https:\/\/www.a.smpengineeredsolutions.com\/de\/produkte\/elektrifizierung-und-elektronik\/elektronische-steuerelemente\/zusaetzliche-elektronische-steuerungen\/"},{"@type":"ListItem","position":6,"name":"Intelligente Motorsteuerung"}]},{"@type":"WebSite","@id":"https:\/\/www.5590a350-1f28-4659-9ca8-a4f6c857cf0b.smpengineeredsolutions.com\/de\/#website","url":"https:\/\/www.5590a350-1f28-4659-9ca8-a4f6c857cf0b.smpengineeredsolutions.com\/de\/","name":"Standard Motor Products, Inc.","description":"","publisher":{"@id":"https:\/\/www.5590a350-1f28-4659-9ca8-a4f6c857cf0b.smpengineeredsolutions.com\/de\/#organization"},"potentialAction":[{"@type":"SearchAction","target":{"@type":"EntryPoint","urlTemplate":"https:\/\/www.5590a350-1f28-4659-9ca8-a4f6c857cf0b.smpengineeredsolutions.com\/de\/?s={search_term_string}"},"query-input":{"@type":"PropertyValueSpecification","valueRequired":true,"valueName":"search_term_string"}}],"inLanguage":"de"},{"@type":"Organization","@id":"https:\/\/www.5590a350-1f28-4659-9ca8-a4f6c857cf0b.smpengineeredsolutions.com\/de\/#organization","name":"SMP\u00ae Engineered Solutions","url":"https:\/\/www.5590a350-1f28-4659-9ca8-a4f6c857cf0b.smpengineeredsolutions.com\/de\/","logo":{"@type":"ImageObject","inLanguage":"de","@id":"https:\/\/www.5590a350-1f28-4659-9ca8-a4f6c857cf0b.smpengineeredsolutions.com\/de\/#\/schema\/logo\/image\/","url":"https:\/\/www.a.smpengineeredsolutions.com\/wp-content\/uploads\/smp-logo.png","contentUrl":"https:\/\/www.a.smpengineeredsolutions.com\/wp-content\/uploads\/smp-logo.png","width":264,"height":117,"caption":"SMP\u00ae Engineered Solutions"},"image":{"@id":"https:\/\/www.5590a350-1f28-4659-9ca8-a4f6c857cf0b.smpengineeredsolutions.com\/de\/#\/schema\/logo\/image\/"},"sameAs":["https:\/\/www.youtube.com\/@StandardMotorProductsInc","https:\/\/www.linkedin.com\/company\/standard-motor-products"]}]}},"_links":{"self":[{"href":"https:\/\/www.smpengineeredsolutions.com\/de\/wp-json\/wp\/v2\/pages\/4748","targetHints":{"allow":["GET"]}}],"collection":[{"href":"https:\/\/www.smpengineeredsolutions.com\/de\/wp-json\/wp\/v2\/pages"}],"about":[{"href":"https:\/\/www.smpengineeredsolutions.com\/de\/wp-json\/wp\/v2\/types\/page"}],"author":[{"embeddable":true,"href":"https:\/\/www.smpengineeredsolutions.com\/de\/wp-json\/wp\/v2\/users\/27"}],"replies":[{"embeddable":true,"href":"https:\/\/www.smpengineeredsolutions.com\/de\/wp-json\/wp\/v2\/comments?post=4748"}],"version-history":[{"count":2,"href":"https:\/\/www.smpengineeredsolutions.com\/de\/wp-json\/wp\/v2\/pages\/4748\/revisions"}],"predecessor-version":[{"id":7740,"href":"https:\/\/www.smpengineeredsolutions.com\/de\/wp-json\/wp\/v2\/pages\/4748\/revisions\/7740"}],"up":[{"embeddable":true,"href":"https:\/\/www.smpengineeredsolutions.com\/de\/wp-json\/wp\/v2\/pages\/4737"}],"wp:attachment":[{"href":"https:\/\/www.smpengineeredsolutions.com\/de\/wp-json\/wp\/v2\/media?parent=4748"}],"curies":[{"name":"wp","href":"https:\/\/api.w.org\/{rel}","templated":true}]}}