{"id":4746,"date":"2023-01-27T13:47:44","date_gmt":"2023-01-27T18:47:44","guid":{"rendered":"https:\/\/smpengineeredsolutions.com\/?page_id=4746"},"modified":"2023-09-01T13:29:53","modified_gmt":"2023-09-01T13:29:53","slug":"kfz-scheinwerfer-blinker-modul","status":"publish","type":"page","link":"https:\/\/www.smpengineeredsolutions.com\/de\/produkte\/elektrifizierung-und-elektronik\/elektronische-steuerelemente\/zusaetzliche-elektronische-steuerungen\/kfz-scheinwerfer-blinker-modul\/","title":{"rendered":"Kfz-Scheinwerfer-Blinker-Modul"},"content":{"rendered":"<div class=\"feature-img-right\"><a class=\"lightbox\" href=\"\/wp-content\/uploads\/Auto_Headlight_Flasher.png\"><img decoding=\"async\" title=\"Kfz-Scheinwerfer-Blinker-Modul\" src=\"\/wp-content\/uploads\/Auto_Headlight_Flasher.png\" alt=\"Kfz-Scheinwerfer-Blinker-Modul\" width=\"400\" \/><\/a><\/div>\n<p>Dieses Ger\u00e4t mit 2 Ausg\u00e4ngen steuert ein System mit 2 oder 4 Scheinwerfern und l\u00e4sst jeden Ausgang mit einer Frequenz von 115-mal pro Minute blinken. Bei schlechten Lichtverh\u00e4ltnissen bleibt das Abblendlicht eingeschaltet und das Fernlicht blinkt, um auf das Fahrzeug aufmerksam zu machen. Wenn das Fernlicht aktiviert wird, wird die Blinksequenz ausgeschaltet und bleibt ausgeschaltet, bis das Fernlicht deaktiviert wird.<\/p>\n<h2>Produktmerkmale<\/h2>\n<ul>\n<li>Betriebsspannungsbereich von 8-32 V Gleichstrom<\/li>\n<li>Schutz gegen Verpolung der Batterie<\/li>\n<li>Schutz vor Spannungsspitzen<\/li>\n<li>Kurzschluss- und \u00dcberlastschutz<\/li>\n<li>Bis zu 10,0 A pro Ausgang<\/li>\n<li>Geringer Platzbedarf<\/li>\n<li>Vergossen &#8211; Schutz vor rauen Umgebungsbedingungen<\/li>\n<li>Einfache 2-Punkt-Montage \/ robustes ABS-Geh\u00e4use<\/li>\n<li>Kundenspezifisch anpassbar<\/li>\n<\/ul>\n","protected":false},"excerpt":{"rendered":"<p>Dieses Ger\u00e4t mit 2 Ausg\u00e4ngen steuert ein System mit 2 oder 4 Scheinwerfern und l\u00e4sst jeden Ausgang mit einer Frequenz von 115-mal pro Minute blinken. Bei schlechten Lichtverh\u00e4ltnissen bleibt das Abblendlicht eingeschaltet und das Fernlicht blinkt, um auf das Fahrzeug aufmerksam zu machen. Wenn das Fernlicht aktiviert wird, wird die Blinksequenz ausgeschaltet und bleibt ausgeschaltet,&#8230; [&#8230;]<\/p>\n<p><a class=\"btn btn-secondary understrap-read-more-link\" href=\"https:\/\/www.smpengineeredsolutions.com\/de\/produkte\/elektrifizierung-und-elektronik\/elektronische-steuerelemente\/zusaetzliche-elektronische-steuerungen\/kfz-scheinwerfer-blinker-modul\/\">Weiterlesen&#8230;<\/a><\/p>\n","protected":false},"author":27,"featured_media":0,"parent":4737,"menu_order":0,"comment_status":"closed","ping_status":"closed","template":"page-templates\/destination-content.php","meta":{"_acf_changed":false,"inline_featured_image":false,"footnotes":""},"class_list":["post-4746","page","type-page","status-publish","hentry"],"featured_image_src":null,"acf":[],"yoast_head":"<!-- This site is optimized with the Yoast SEO Premium plugin v27.5 (Yoast SEO v27.5) - https:\/\/yoast.com\/product\/yoast-seo-premium-wordpress\/ -->\n<title>Kfz-Scheinwerfer-Blinker-Modul - Standard Motor Products, Inc.<\/title>\n<meta name=\"robots\" content=\"index, follow, max-snippet:-1, max-image-preview:large, max-video-preview:-1\" \/>\n<link rel=\"canonical\" href=\"https:\/\/www.smpengineeredsolutions.com\/de\/produkte\/elektrifizierung-und-elektronik\/elektronische-steuerelemente\/zusaetzliche-elektronische-steuerungen\/kfz-scheinwerfer-blinker-modul\/\" \/>\n<meta property=\"og:locale\" content=\"de_DE\" \/>\n<meta property=\"og:type\" content=\"article\" \/>\n<meta property=\"og:title\" content=\"Kfz-Scheinwerfer-Blinker-Modul\" \/>\n<meta property=\"og:description\" content=\"Dieses Ger\u00e4t mit 2 Ausg\u00e4ngen steuert ein System mit 2 oder 4 Scheinwerfern und l\u00e4sst jeden Ausgang mit einer Frequenz von 115-mal pro Minute blinken. Bei schlechten Lichtverh\u00e4ltnissen bleibt das Abblendlicht eingeschaltet und das Fernlicht blinkt, um auf das Fahrzeug aufmerksam zu machen. Wenn das Fernlicht aktiviert wird, wird die Blinksequenz ausgeschaltet und bleibt ausgeschaltet,... [...]Weiterlesen...\" \/>\n<meta property=\"og:url\" content=\"https:\/\/www.smpengineeredsolutions.com\/de\/produkte\/elektrifizierung-und-elektronik\/elektronische-steuerelemente\/zusaetzliche-elektronische-steuerungen\/kfz-scheinwerfer-blinker-modul\/\" \/>\n<meta property=\"og:site_name\" content=\"Standard Motor Products, Inc.\" \/>\n<meta property=\"article:modified_time\" content=\"2023-09-01T13:29:53+00:00\" \/>\n<meta name=\"twitter:label1\" content=\"Gesch\u00e4tzte Lesezeit\" \/>\n\t<meta name=\"twitter:data1\" content=\"1\u00a0Minute\" \/>\n<script type=\"application\/ld+json\" class=\"yoast-schema-graph\">{\"@context\":\"https:\\\/\\\/schema.org\",\"@graph\":[{\"@type\":\"WebPage\",\"@id\":\"https:\\\/\\\/www.smpengineeredsolutions.com\\\/de\\\/produkte\\\/elektrifizierung-und-elektronik\\\/elektronische-steuerelemente\\\/zusaetzliche-elektronische-steuerungen\\\/kfz-scheinwerfer-blinker-modul\\\/\",\"url\":\"https:\\\/\\\/www.smpengineeredsolutions.com\\\/de\\\/produkte\\\/elektrifizierung-und-elektronik\\\/elektronische-steuerelemente\\\/zusaetzliche-elektronische-steuerungen\\\/kfz-scheinwerfer-blinker-modul\\\/\",\"name\":\"Kfz-Scheinwerfer-Blinker-Modul - Standard Motor Products, Inc.\",\"isPartOf\":{\"@id\":\"https:\\\/\\\/www.smpengineeredsolutions.com\\\/de\\\/#website\"},\"datePublished\":\"2023-01-27T18:47:44+00:00\",\"dateModified\":\"2023-09-01T13:29:53+00:00\",\"breadcrumb\":{\"@id\":\"https:\\\/\\\/www.smpengineeredsolutions.com\\\/de\\\/produkte\\\/elektrifizierung-und-elektronik\\\/elektronische-steuerelemente\\\/zusaetzliche-elektronische-steuerungen\\\/kfz-scheinwerfer-blinker-modul\\\/#breadcrumb\"},\"inLanguage\":\"de\",\"potentialAction\":[{\"@type\":\"ReadAction\",\"target\":[\"https:\\\/\\\/www.smpengineeredsolutions.com\\\/de\\\/produkte\\\/elektrifizierung-und-elektronik\\\/elektronische-steuerelemente\\\/zusaetzliche-elektronische-steuerungen\\\/kfz-scheinwerfer-blinker-modul\\\/\"]}]},{\"@type\":\"BreadcrumbList\",\"@id\":\"https:\\\/\\\/www.smpengineeredsolutions.com\\\/de\\\/produkte\\\/elektrifizierung-und-elektronik\\\/elektronische-steuerelemente\\\/zusaetzliche-elektronische-steuerungen\\\/kfz-scheinwerfer-blinker-modul\\\/#breadcrumb\",\"itemListElement\":[{\"@type\":\"ListItem\",\"position\":1,\"name\":\"Home\",\"item\":\"https:\\\/\\\/www.smpengineeredsolutions.com\\\/de\\\/\"},{\"@type\":\"ListItem\",\"position\":2,\"name\":\"Produkte\",\"item\":\"https:\\\/\\\/www.af63878a-61a4-44d4-a3f9-8118d911569f.smpengineeredsolutions.com\\\/de\\\/produkte\\\/\"},{\"@type\":\"ListItem\",\"position\":3,\"name\":\"Elektrifizierung und Elektronik\",\"item\":\"https:\\\/\\\/www._tcp.smpengineeredsolutions.com\\\/de\\\/produkte\\\/elektrifizierung-und-elektronik\\\/\"},{\"@type\":\"ListItem\",\"position\":4,\"name\":\"Elektronische Kontrollsysteme\",\"item\":\"https:\\\/\\\/www._tcp.smpengineeredsolutions.com\\\/de\\\/produkte\\\/elektrifizierung-und-elektronik\\\/elektronische-steuerelemente\\\/\"},{\"@type\":\"ListItem\",\"position\":5,\"name\":\"Zus\u00e4tzliche elektronische Steuerungen\",\"item\":\"https:\\\/\\\/www.gmail.smpengineeredsolutions.com\\\/de\\\/produkte\\\/elektrifizierung-und-elektronik\\\/elektronische-steuerelemente\\\/zusaetzliche-elektronische-steuerungen\\\/\"},{\"@type\":\"ListItem\",\"position\":6,\"name\":\"Kfz-Scheinwerfer-Blinker-Modul\"}]},{\"@type\":\"WebSite\",\"@id\":\"https:\\\/\\\/www.smpengineeredsolutions.com\\\/de\\\/#website\",\"url\":\"https:\\\/\\\/www.smpengineeredsolutions.com\\\/de\\\/\",\"name\":\"Standard Motor Products, Inc.\",\"description\":\"\",\"publisher\":{\"@id\":\"https:\\\/\\\/www.smpengineeredsolutions.com\\\/de\\\/#organization\"},\"potentialAction\":[{\"@type\":\"SearchAction\",\"target\":{\"@type\":\"EntryPoint\",\"urlTemplate\":\"https:\\\/\\\/www.smpengineeredsolutions.com\\\/de\\\/?s={search_term_string}\"},\"query-input\":{\"@type\":\"PropertyValueSpecification\",\"valueRequired\":true,\"valueName\":\"search_term_string\"}}],\"inLanguage\":\"de\"},{\"@type\":\"Organization\",\"@id\":\"https:\\\/\\\/www.smpengineeredsolutions.com\\\/de\\\/#organization\",\"name\":\"SMP\u00ae Engineered Solutions\",\"url\":\"https:\\\/\\\/www.smpengineeredsolutions.com\\\/de\\\/\",\"logo\":{\"@type\":\"ImageObject\",\"inLanguage\":\"de\",\"@id\":\"https:\\\/\\\/www.smpengineeredsolutions.com\\\/de\\\/#\\\/schema\\\/logo\\\/image\\\/\",\"url\":\"https:\\\/\\\/www.a.smpengineeredsolutions.com\\\/wp-content\\\/uploads\\\/smp-logo.png\",\"contentUrl\":\"https:\\\/\\\/www.a.smpengineeredsolutions.com\\\/wp-content\\\/uploads\\\/smp-logo.png\",\"width\":264,\"height\":117,\"caption\":\"SMP\u00ae Engineered Solutions\"},\"image\":{\"@id\":\"https:\\\/\\\/www.smpengineeredsolutions.com\\\/de\\\/#\\\/schema\\\/logo\\\/image\\\/\"},\"sameAs\":[\"https:\\\/\\\/www.youtube.com\\\/@StandardMotorProductsInc\",\"https:\\\/\\\/www.linkedin.com\\\/company\\\/standard-motor-products\"]}]}<\/script>\n<!-- \/ Yoast SEO Premium plugin. -->","yoast_head_json":{"title":"Kfz-Scheinwerfer-Blinker-Modul - Standard Motor Products, Inc.","robots":{"index":"index","follow":"follow","max-snippet":"max-snippet:-1","max-image-preview":"max-image-preview:large","max-video-preview":"max-video-preview:-1"},"canonical":"https:\/\/www.smpengineeredsolutions.com\/de\/produkte\/elektrifizierung-und-elektronik\/elektronische-steuerelemente\/zusaetzliche-elektronische-steuerungen\/kfz-scheinwerfer-blinker-modul\/","og_locale":"de_DE","og_type":"article","og_title":"Kfz-Scheinwerfer-Blinker-Modul","og_description":"Dieses Ger\u00e4t mit 2 Ausg\u00e4ngen steuert ein System mit 2 oder 4 Scheinwerfern und l\u00e4sst jeden Ausgang mit einer Frequenz von 115-mal pro Minute blinken. Bei schlechten Lichtverh\u00e4ltnissen bleibt das Abblendlicht eingeschaltet und das Fernlicht blinkt, um auf das Fahrzeug aufmerksam zu machen. Wenn das Fernlicht aktiviert wird, wird die Blinksequenz ausgeschaltet und bleibt ausgeschaltet,... [...]Weiterlesen...","og_url":"https:\/\/www.smpengineeredsolutions.com\/de\/produkte\/elektrifizierung-und-elektronik\/elektronische-steuerelemente\/zusaetzliche-elektronische-steuerungen\/kfz-scheinwerfer-blinker-modul\/","og_site_name":"Standard Motor Products, Inc.","article_modified_time":"2023-09-01T13:29:53+00:00","twitter_misc":{"Gesch\u00e4tzte Lesezeit":"1\u00a0Minute"},"schema":{"@context":"https:\/\/schema.org","@graph":[{"@type":"WebPage","@id":"https:\/\/www.smpengineeredsolutions.com\/de\/produkte\/elektrifizierung-und-elektronik\/elektronische-steuerelemente\/zusaetzliche-elektronische-steuerungen\/kfz-scheinwerfer-blinker-modul\/","url":"https:\/\/www.smpengineeredsolutions.com\/de\/produkte\/elektrifizierung-und-elektronik\/elektronische-steuerelemente\/zusaetzliche-elektronische-steuerungen\/kfz-scheinwerfer-blinker-modul\/","name":"Kfz-Scheinwerfer-Blinker-Modul - Standard Motor Products, Inc.","isPartOf":{"@id":"https:\/\/www.smpengineeredsolutions.com\/de\/#website"},"datePublished":"2023-01-27T18:47:44+00:00","dateModified":"2023-09-01T13:29:53+00:00","breadcrumb":{"@id":"https:\/\/www.smpengineeredsolutions.com\/de\/produkte\/elektrifizierung-und-elektronik\/elektronische-steuerelemente\/zusaetzliche-elektronische-steuerungen\/kfz-scheinwerfer-blinker-modul\/#breadcrumb"},"inLanguage":"de","potentialAction":[{"@type":"ReadAction","target":["https:\/\/www.smpengineeredsolutions.com\/de\/produkte\/elektrifizierung-und-elektronik\/elektronische-steuerelemente\/zusaetzliche-elektronische-steuerungen\/kfz-scheinwerfer-blinker-modul\/"]}]},{"@type":"BreadcrumbList","@id":"https:\/\/www.smpengineeredsolutions.com\/de\/produkte\/elektrifizierung-und-elektronik\/elektronische-steuerelemente\/zusaetzliche-elektronische-steuerungen\/kfz-scheinwerfer-blinker-modul\/#breadcrumb","itemListElement":[{"@type":"ListItem","position":1,"name":"Home","item":"https:\/\/www.smpengineeredsolutions.com\/de\/"},{"@type":"ListItem","position":2,"name":"Produkte","item":"https:\/\/www.af63878a-61a4-44d4-a3f9-8118d911569f.smpengineeredsolutions.com\/de\/produkte\/"},{"@type":"ListItem","position":3,"name":"Elektrifizierung und Elektronik","item":"https:\/\/www._tcp.smpengineeredsolutions.com\/de\/produkte\/elektrifizierung-und-elektronik\/"},{"@type":"ListItem","position":4,"name":"Elektronische Kontrollsysteme","item":"https:\/\/www._tcp.smpengineeredsolutions.com\/de\/produkte\/elektrifizierung-und-elektronik\/elektronische-steuerelemente\/"},{"@type":"ListItem","position":5,"name":"Zus\u00e4tzliche elektronische Steuerungen","item":"https:\/\/www.gmail.smpengineeredsolutions.com\/de\/produkte\/elektrifizierung-und-elektronik\/elektronische-steuerelemente\/zusaetzliche-elektronische-steuerungen\/"},{"@type":"ListItem","position":6,"name":"Kfz-Scheinwerfer-Blinker-Modul"}]},{"@type":"WebSite","@id":"https:\/\/www.smpengineeredsolutions.com\/de\/#website","url":"https:\/\/www.smpengineeredsolutions.com\/de\/","name":"Standard Motor Products, Inc.","description":"","publisher":{"@id":"https:\/\/www.smpengineeredsolutions.com\/de\/#organization"},"potentialAction":[{"@type":"SearchAction","target":{"@type":"EntryPoint","urlTemplate":"https:\/\/www.smpengineeredsolutions.com\/de\/?s={search_term_string}"},"query-input":{"@type":"PropertyValueSpecification","valueRequired":true,"valueName":"search_term_string"}}],"inLanguage":"de"},{"@type":"Organization","@id":"https:\/\/www.smpengineeredsolutions.com\/de\/#organization","name":"SMP\u00ae Engineered Solutions","url":"https:\/\/www.smpengineeredsolutions.com\/de\/","logo":{"@type":"ImageObject","inLanguage":"de","@id":"https:\/\/www.smpengineeredsolutions.com\/de\/#\/schema\/logo\/image\/","url":"https:\/\/www.a.smpengineeredsolutions.com\/wp-content\/uploads\/smp-logo.png","contentUrl":"https:\/\/www.a.smpengineeredsolutions.com\/wp-content\/uploads\/smp-logo.png","width":264,"height":117,"caption":"SMP\u00ae Engineered Solutions"},"image":{"@id":"https:\/\/www.smpengineeredsolutions.com\/de\/#\/schema\/logo\/image\/"},"sameAs":["https:\/\/www.youtube.com\/@StandardMotorProductsInc","https:\/\/www.linkedin.com\/company\/standard-motor-products"]}]}},"_links":{"self":[{"href":"https:\/\/www.smpengineeredsolutions.com\/de\/wp-json\/wp\/v2\/pages\/4746","targetHints":{"allow":["GET"]}}],"collection":[{"href":"https:\/\/www.smpengineeredsolutions.com\/de\/wp-json\/wp\/v2\/pages"}],"about":[{"href":"https:\/\/www.smpengineeredsolutions.com\/de\/wp-json\/wp\/v2\/types\/page"}],"author":[{"embeddable":true,"href":"https:\/\/www.smpengineeredsolutions.com\/de\/wp-json\/wp\/v2\/users\/27"}],"replies":[{"embeddable":true,"href":"https:\/\/www.smpengineeredsolutions.com\/de\/wp-json\/wp\/v2\/comments?post=4746"}],"version-history":[{"count":0,"href":"https:\/\/www.smpengineeredsolutions.com\/de\/wp-json\/wp\/v2\/pages\/4746\/revisions"}],"up":[{"embeddable":true,"href":"https:\/\/www.smpengineeredsolutions.com\/de\/wp-json\/wp\/v2\/pages\/4737"}],"wp:attachment":[{"href":"https:\/\/www.smpengineeredsolutions.com\/de\/wp-json\/wp\/v2\/media?parent=4746"}],"curies":[{"name":"wp","href":"https:\/\/api.w.org\/{rel}","templated":true}]}}