{"id":4745,"date":"2023-01-27T13:43:56","date_gmt":"2023-01-27T18:43:56","guid":{"rendered":"https:\/\/smpengineeredsolutions.com\/?page_id=4745"},"modified":"2023-09-01T12:29:35","modified_gmt":"2023-09-01T12:29:35","slug":"abgedichtete-busleiste","status":"publish","type":"page","link":"https:\/\/www.smpengineeredsolutions.com\/de\/produkte\/elektrifizierung-und-elektronik\/strom-und-can-verteiler\/abgedichtete-busleiste\/","title":{"rendered":"Abgedichtete Busleiste"},"content":{"rendered":"<div class=\"feature-img-right\"><a class=\"lightbox\" href=\"\/wp-content\/uploads\/Sealed-Bus-Bars-WEB-2.gif\"><img decoding=\"async\" title=\"Abgedichtete Busleiste\" src=\"\/wp-content\/uploads\/Sealed-Bus-Bars-WEB-2.gif\" alt=\"Abgedichtete Busleiste\" width=\"250\" \/><\/a><\/div>\n<h2>Umweltfreundlich abgedichtete Busleiste<\/h2>\n<p>Dieses Modul eliminiert korrodierte Anschlusspunkte und das Potenzial f\u00fcr zeitweise unterbrochene Verbindungen auf der Busleiste. Alle integrierten Anschl\u00fcsse lassen sich mit versiegelten Kfz-Steckern von Deutsch verbinden, um Busanschlusspunkte f\u00fcr bis zu 60 A oder 100 A zu schaffen. Die abgedichteten Busleisten der Trombetta-Baureihe haben einen Betriebstemperaturbereich von -40 \u00b0C bis 125 \u00b0C und sind f\u00fcr extreme Einsatzbedingungen ausgelegt.<\/p>\n<h2>Produktmerkmale<\/h2>\n<ul>\n<li>100 % dichte Verbindungen<\/li>\n<li>Bis zu 24 Einzelanschl\u00fcsse an den Bus<\/li>\n<li>Versionen mit 60 A und 100 A Strombelastbarkeit erh\u00e4ltlich<\/li>\n<li>Geringer Platzbedarf<\/li>\n<li>Vergossen \u2013 echte IP67-Einstufung<\/li>\n<li>Einfache 2-Punkt-Montage \/ robustes ABS-Geh\u00e4use<\/li>\n<li>Betriebstemperaturbereich von -40 \u00baC bis 125 \u00baC<\/li>\n<\/ul>\n","protected":false},"excerpt":{"rendered":"<p>Umweltfreundlich abgedichtete Busleiste Dieses Modul eliminiert korrodierte Anschlusspunkte und das Potenzial f\u00fcr zeitweise unterbrochene Verbindungen auf der Busleiste. Alle integrierten Anschl\u00fcsse lassen sich mit versiegelten Kfz-Steckern von Deutsch verbinden, um Busanschlusspunkte f\u00fcr bis zu 60 A oder 100 A zu schaffen. Die abgedichteten Busleisten der Trombetta-Baureihe haben einen Betriebstemperaturbereich von -40 \u00b0C bis 125 \u00b0C&#8230; [&#8230;]<\/p>\n<p><a class=\"btn btn-secondary understrap-read-more-link\" href=\"https:\/\/www.smpengineeredsolutions.com\/de\/produkte\/elektrifizierung-und-elektronik\/strom-und-can-verteiler\/abgedichtete-busleiste\/\">Weiterlesen&#8230;<\/a><\/p>\n","protected":false},"author":27,"featured_media":0,"parent":4732,"menu_order":0,"comment_status":"closed","ping_status":"closed","template":"page-templates\/destination-content.php","meta":{"_acf_changed":false,"inline_featured_image":false,"footnotes":""},"class_list":["post-4745","page","type-page","status-publish","hentry"],"featured_image_src":null,"acf":[],"yoast_head":"<!-- This site is optimized with the Yoast SEO Premium plugin v27.2 (Yoast SEO v27.2) - https:\/\/yoast.com\/product\/yoast-seo-premium-wordpress\/ -->\n<title>Abgedichtete Busleiste - Standard Motor Products, Inc.<\/title>\n<meta name=\"robots\" content=\"index, follow, max-snippet:-1, max-image-preview:large, max-video-preview:-1\" \/>\n<link rel=\"canonical\" href=\"https:\/\/www.smpengineeredsolutions.com\/de\/produkte\/elektrifizierung-und-elektronik\/strom-und-can-verteiler\/abgedichtete-busleiste\/\" \/>\n<meta property=\"og:locale\" content=\"de_DE\" \/>\n<meta property=\"og:type\" content=\"article\" \/>\n<meta property=\"og:title\" content=\"Abgedichtete Busleiste\" \/>\n<meta property=\"og:description\" content=\"Umweltfreundlich abgedichtete Busleiste Dieses Modul eliminiert korrodierte Anschlusspunkte und das Potenzial f\u00fcr zeitweise unterbrochene Verbindungen auf der Busleiste. Alle integrierten Anschl\u00fcsse lassen sich mit versiegelten Kfz-Steckern von Deutsch verbinden, um Busanschlusspunkte f\u00fcr bis zu 60 A oder 100 A zu schaffen. Die abgedichteten Busleisten der Trombetta-Baureihe haben einen Betriebstemperaturbereich von -40 \u00b0C bis 125 \u00b0C... [...]Weiterlesen...\" \/>\n<meta property=\"og:url\" content=\"https:\/\/www.smpengineeredsolutions.com\/de\/produkte\/elektrifizierung-und-elektronik\/strom-und-can-verteiler\/abgedichtete-busleiste\/\" \/>\n<meta property=\"og:site_name\" content=\"Standard Motor Products, Inc.\" \/>\n<meta property=\"article:modified_time\" content=\"2023-09-01T12:29:35+00:00\" \/>\n<meta name=\"twitter:label1\" content=\"Gesch\u00e4tzte Lesezeit\" \/>\n\t<meta name=\"twitter:data1\" content=\"1\u00a0Minute\" \/>\n<script type=\"application\/ld+json\" class=\"yoast-schema-graph\">{\"@context\":\"https:\/\/schema.org\",\"@graph\":[{\"@type\":\"WebPage\",\"@id\":\"https:\/\/www.smpengineeredsolutions.com\/de\/produkte\/elektrifizierung-und-elektronik\/strom-und-can-verteiler\/abgedichtete-busleiste\/\",\"url\":\"https:\/\/www.smpengineeredsolutions.com\/de\/produkte\/elektrifizierung-und-elektronik\/strom-und-can-verteiler\/abgedichtete-busleiste\/\",\"name\":\"Abgedichtete Busleiste - Standard Motor Products, Inc.\",\"isPartOf\":{\"@id\":\"https:\/\/www.96ce9a62-fe5f-4a67-a933-f08256570101.a.smpengineeredsolutions.com\/#website\"},\"datePublished\":\"2023-01-27T18:43:56+00:00\",\"dateModified\":\"2023-09-01T12:29:35+00:00\",\"breadcrumb\":{\"@id\":\"https:\/\/www.smpengineeredsolutions.com\/de\/produkte\/elektrifizierung-und-elektronik\/strom-und-can-verteiler\/abgedichtete-busleiste\/#breadcrumb\"},\"inLanguage\":\"de\",\"potentialAction\":[{\"@type\":\"ReadAction\",\"target\":[\"https:\/\/www.smpengineeredsolutions.com\/de\/produkte\/elektrifizierung-und-elektronik\/strom-und-can-verteiler\/abgedichtete-busleiste\/\"]}]},{\"@type\":\"BreadcrumbList\",\"@id\":\"https:\/\/www.smpengineeredsolutions.com\/de\/produkte\/elektrifizierung-und-elektronik\/strom-und-can-verteiler\/abgedichtete-busleiste\/#breadcrumb\",\"itemListElement\":[{\"@type\":\"ListItem\",\"position\":1,\"name\":\"Home\",\"item\":\"https:\/\/www.3ec3a7a1-1e28-4a7f-941d-947624eef59a.smpengineeredsolutions.com\/de\/\"},{\"@type\":\"ListItem\",\"position\":2,\"name\":\"Produkte\",\"item\":\"https:\/\/54.152.17.87\/de\/produkte\/\"},{\"@type\":\"ListItem\",\"position\":3,\"name\":\"Elektrifizierung und Elektronik\",\"item\":\"https:\/\/www.3ec3a7a1-1e28-4a7f-941d-947624eef59a.smpengineeredsolutions.com\/de\/produkte\/elektrifizierung-und-elektronik\/\"},{\"@type\":\"ListItem\",\"position\":4,\"name\":\"Strom- und CAN-Verteiler\",\"item\":\"https:\/\/www.sitemap.smpengineeredsolutions.com\/de\/produkte\/elektrifizierung-und-elektronik\/strom-und-can-verteiler\/\"},{\"@type\":\"ListItem\",\"position\":5,\"name\":\"Abgedichtete Busleiste\"}]},{\"@type\":\"WebSite\",\"@id\":\"https:\/\/www.96ce9a62-fe5f-4a67-a933-f08256570101.a.smpengineeredsolutions.com\/#website\",\"url\":\"https:\/\/www.96ce9a62-fe5f-4a67-a933-f08256570101.a.smpengineeredsolutions.com\/\",\"name\":\"Standard Motor Products, Inc.\",\"description\":\"\",\"publisher\":{\"@id\":\"https:\/\/www.96ce9a62-fe5f-4a67-a933-f08256570101.a.smpengineeredsolutions.com\/#organization\"},\"potentialAction\":[{\"@type\":\"SearchAction\",\"target\":{\"@type\":\"EntryPoint\",\"urlTemplate\":\"https:\/\/www.96ce9a62-fe5f-4a67-a933-f08256570101.a.smpengineeredsolutions.com\/?s={search_term_string}\"},\"query-input\":{\"@type\":\"PropertyValueSpecification\",\"valueRequired\":true,\"valueName\":\"search_term_string\"}}],\"inLanguage\":\"de\"},{\"@type\":\"Organization\",\"@id\":\"https:\/\/www.96ce9a62-fe5f-4a67-a933-f08256570101.a.smpengineeredsolutions.com\/#organization\",\"name\":\"SMP\u00ae Engineered Solutions\",\"url\":\"https:\/\/www.96ce9a62-fe5f-4a67-a933-f08256570101.a.smpengineeredsolutions.com\/\",\"logo\":{\"@type\":\"ImageObject\",\"inLanguage\":\"de\",\"@id\":\"https:\/\/www.96ce9a62-fe5f-4a67-a933-f08256570101.a.smpengineeredsolutions.com\/#\/schema\/logo\/image\/\",\"url\":\"https:\/\/www.a.smpengineeredsolutions.com\/wp-content\/uploads\/smp-logo.png\",\"contentUrl\":\"https:\/\/www.a.smpengineeredsolutions.com\/wp-content\/uploads\/smp-logo.png\",\"width\":264,\"height\":117,\"caption\":\"SMP\u00ae Engineered Solutions\"},\"image\":{\"@id\":\"https:\/\/www.96ce9a62-fe5f-4a67-a933-f08256570101.a.smpengineeredsolutions.com\/#\/schema\/logo\/image\/\"},\"sameAs\":[\"https:\/\/www.youtube.com\/@StandardMotorProductsInc\",\"https:\/\/www.linkedin.com\/company\/standard-motor-products\"]}]}<\/script>\n<!-- \/ Yoast SEO Premium plugin. -->","yoast_head_json":{"title":"Abgedichtete Busleiste - Standard Motor Products, Inc.","robots":{"index":"index","follow":"follow","max-snippet":"max-snippet:-1","max-image-preview":"max-image-preview:large","max-video-preview":"max-video-preview:-1"},"canonical":"https:\/\/www.smpengineeredsolutions.com\/de\/produkte\/elektrifizierung-und-elektronik\/strom-und-can-verteiler\/abgedichtete-busleiste\/","og_locale":"de_DE","og_type":"article","og_title":"Abgedichtete Busleiste","og_description":"Umweltfreundlich abgedichtete Busleiste Dieses Modul eliminiert korrodierte Anschlusspunkte und das Potenzial f\u00fcr zeitweise unterbrochene Verbindungen auf der Busleiste. Alle integrierten Anschl\u00fcsse lassen sich mit versiegelten Kfz-Steckern von Deutsch verbinden, um Busanschlusspunkte f\u00fcr bis zu 60 A oder 100 A zu schaffen. Die abgedichteten Busleisten der Trombetta-Baureihe haben einen Betriebstemperaturbereich von -40 \u00b0C bis 125 \u00b0C... [...]Weiterlesen...","og_url":"https:\/\/www.smpengineeredsolutions.com\/de\/produkte\/elektrifizierung-und-elektronik\/strom-und-can-verteiler\/abgedichtete-busleiste\/","og_site_name":"Standard Motor Products, Inc.","article_modified_time":"2023-09-01T12:29:35+00:00","twitter_misc":{"Gesch\u00e4tzte Lesezeit":"1\u00a0Minute"},"schema":{"@context":"https:\/\/schema.org","@graph":[{"@type":"WebPage","@id":"https:\/\/www.smpengineeredsolutions.com\/de\/produkte\/elektrifizierung-und-elektronik\/strom-und-can-verteiler\/abgedichtete-busleiste\/","url":"https:\/\/www.smpengineeredsolutions.com\/de\/produkte\/elektrifizierung-und-elektronik\/strom-und-can-verteiler\/abgedichtete-busleiste\/","name":"Abgedichtete Busleiste - Standard Motor Products, Inc.","isPartOf":{"@id":"https:\/\/www.96ce9a62-fe5f-4a67-a933-f08256570101.a.smpengineeredsolutions.com\/#website"},"datePublished":"2023-01-27T18:43:56+00:00","dateModified":"2023-09-01T12:29:35+00:00","breadcrumb":{"@id":"https:\/\/www.smpengineeredsolutions.com\/de\/produkte\/elektrifizierung-und-elektronik\/strom-und-can-verteiler\/abgedichtete-busleiste\/#breadcrumb"},"inLanguage":"de","potentialAction":[{"@type":"ReadAction","target":["https:\/\/www.smpengineeredsolutions.com\/de\/produkte\/elektrifizierung-und-elektronik\/strom-und-can-verteiler\/abgedichtete-busleiste\/"]}]},{"@type":"BreadcrumbList","@id":"https:\/\/www.smpengineeredsolutions.com\/de\/produkte\/elektrifizierung-und-elektronik\/strom-und-can-verteiler\/abgedichtete-busleiste\/#breadcrumb","itemListElement":[{"@type":"ListItem","position":1,"name":"Home","item":"https:\/\/www.3ec3a7a1-1e28-4a7f-941d-947624eef59a.smpengineeredsolutions.com\/de\/"},{"@type":"ListItem","position":2,"name":"Produkte","item":"https:\/\/54.152.17.87\/de\/produkte\/"},{"@type":"ListItem","position":3,"name":"Elektrifizierung und Elektronik","item":"https:\/\/www.3ec3a7a1-1e28-4a7f-941d-947624eef59a.smpengineeredsolutions.com\/de\/produkte\/elektrifizierung-und-elektronik\/"},{"@type":"ListItem","position":4,"name":"Strom- und CAN-Verteiler","item":"https:\/\/www.sitemap.smpengineeredsolutions.com\/de\/produkte\/elektrifizierung-und-elektronik\/strom-und-can-verteiler\/"},{"@type":"ListItem","position":5,"name":"Abgedichtete Busleiste"}]},{"@type":"WebSite","@id":"https:\/\/www.96ce9a62-fe5f-4a67-a933-f08256570101.a.smpengineeredsolutions.com\/#website","url":"https:\/\/www.96ce9a62-fe5f-4a67-a933-f08256570101.a.smpengineeredsolutions.com\/","name":"Standard Motor Products, Inc.","description":"","publisher":{"@id":"https:\/\/www.96ce9a62-fe5f-4a67-a933-f08256570101.a.smpengineeredsolutions.com\/#organization"},"potentialAction":[{"@type":"SearchAction","target":{"@type":"EntryPoint","urlTemplate":"https:\/\/www.96ce9a62-fe5f-4a67-a933-f08256570101.a.smpengineeredsolutions.com\/?s={search_term_string}"},"query-input":{"@type":"PropertyValueSpecification","valueRequired":true,"valueName":"search_term_string"}}],"inLanguage":"de"},{"@type":"Organization","@id":"https:\/\/www.96ce9a62-fe5f-4a67-a933-f08256570101.a.smpengineeredsolutions.com\/#organization","name":"SMP\u00ae Engineered Solutions","url":"https:\/\/www.96ce9a62-fe5f-4a67-a933-f08256570101.a.smpengineeredsolutions.com\/","logo":{"@type":"ImageObject","inLanguage":"de","@id":"https:\/\/www.96ce9a62-fe5f-4a67-a933-f08256570101.a.smpengineeredsolutions.com\/#\/schema\/logo\/image\/","url":"https:\/\/www.a.smpengineeredsolutions.com\/wp-content\/uploads\/smp-logo.png","contentUrl":"https:\/\/www.a.smpengineeredsolutions.com\/wp-content\/uploads\/smp-logo.png","width":264,"height":117,"caption":"SMP\u00ae Engineered Solutions"},"image":{"@id":"https:\/\/www.96ce9a62-fe5f-4a67-a933-f08256570101.a.smpengineeredsolutions.com\/#\/schema\/logo\/image\/"},"sameAs":["https:\/\/www.youtube.com\/@StandardMotorProductsInc","https:\/\/www.linkedin.com\/company\/standard-motor-products"]}]}},"_links":{"self":[{"href":"https:\/\/www.smpengineeredsolutions.com\/de\/wp-json\/wp\/v2\/pages\/4745","targetHints":{"allow":["GET"]}}],"collection":[{"href":"https:\/\/www.smpengineeredsolutions.com\/de\/wp-json\/wp\/v2\/pages"}],"about":[{"href":"https:\/\/www.smpengineeredsolutions.com\/de\/wp-json\/wp\/v2\/types\/page"}],"author":[{"embeddable":true,"href":"https:\/\/www.smpengineeredsolutions.com\/de\/wp-json\/wp\/v2\/users\/27"}],"replies":[{"embeddable":true,"href":"https:\/\/www.smpengineeredsolutions.com\/de\/wp-json\/wp\/v2\/comments?post=4745"}],"version-history":[{"count":0,"href":"https:\/\/www.smpengineeredsolutions.com\/de\/wp-json\/wp\/v2\/pages\/4745\/revisions"}],"up":[{"embeddable":true,"href":"https:\/\/www.smpengineeredsolutions.com\/de\/wp-json\/wp\/v2\/pages\/4732"}],"wp:attachment":[{"href":"https:\/\/www.smpengineeredsolutions.com\/de\/wp-json\/wp\/v2\/media?parent=4745"}],"curies":[{"name":"wp","href":"https:\/\/api.w.org\/{rel}","templated":true}]}}