{"id":4741,"date":"2023-01-27T14:03:10","date_gmt":"2023-01-27T19:03:10","guid":{"rendered":"https:\/\/smpengineeredsolutions.com\/?page_id=4741"},"modified":"2025-04-18T10:14:42","modified_gmt":"2025-04-18T14:14:42","slug":"pwm-modul","status":"publish","type":"page","link":"https:\/\/www.smpengineeredsolutions.com\/de\/produkte\/elektrifizierung-und-elektronik\/elektronische-steuerelemente\/zusaetzliche-elektronische-steuerungen\/pwm-modul\/","title":{"rendered":"PWM-Modul"},"content":{"rendered":"<p>Die Impulsbreitenmodulation wird zur Steuerung und Regelung der Leistung in einem elektronischen Ger\u00e4t verwendet. Es handelt sich um ein eigenst\u00e4ndiges Ger\u00e4t zur Pulsbreitenmodulation, das vom Computersystem eines Fahrzeugs getrennt ist, was eine einfachere Installation im Fahrzeug erm\u00f6glicht. Zu den \u00fcblichen Anwendungen f\u00fcr diese elektrische Steuerung geh\u00f6ren Leistungsmotoren und elektronische Ger\u00e4te.<\/p>\n<p><img loading=\"lazy\" decoding=\"async\" class=\" wp-image-4439 alignright\" src=\"https:\/\/www.smpengineeredsolutions.com\/wp-content\/uploads\/tr-pwm-module-500x335.png\" alt=\"High-quality Pulse Width Modulation device for vehicle control by SMP Engineered Solutions. \" width=\"461\" height=\"309\" srcset=\"https:\/\/www.smpengineeredsolutions.com\/wp-content\/uploads\/tr-pwm-module-500x335.png 500w, https:\/\/www.smpengineeredsolutions.com\/wp-content\/uploads\/tr-pwm-module-300x200.png 300w, https:\/\/www.smpengineeredsolutions.com\/wp-content\/uploads\/tr-pwm-module.png 576w\" sizes=\"auto, (max-width: 461px) 100vw, 461px\" \/><\/p>\n<h3>PWM Modul Merkmal<\/h3>\n<ul>\n<li>Abgedichtet und IP66\/IP67-zertifiziert, um rauen Bedingungen standzuhalten<\/li>\n<li>Transientenschutz f\u00fcr Lastabfallspannungen bis zu 100 Volt<\/li>\n<li>Minimale Betriebsspannung: 10 Volt<\/li>\n<li>Maximale Betriebsspannung: 16 Volt<\/li>\n<\/ul>\n<h3>Gemeinsame Bewerbung<\/h3>\n<ul>\n<li>Motoren<\/li>\n<li>Automobile<\/li>\n<li>Schwere Ausr\u00fcstung<\/li>\n<\/ul>\n<p><a href=\"https:\/\/www.smpengineeredsolutions.com\/de\/kontakt\/\">Kontaktieren<\/a> Sie uns, um mehr zu erfahren!<\/p>\n<div><\/div>\n","protected":false},"excerpt":{"rendered":"<p>Die Impulsbreitenmodulation wird zur Steuerung und Regelung der Leistung in einem elektronischen Ger\u00e4t verwendet. Es handelt sich um ein eigenst\u00e4ndiges Ger\u00e4t zur Pulsbreitenmodulation, das vom Computersystem eines Fahrzeugs getrennt ist, was eine einfachere Installation im Fahrzeug erm\u00f6glicht. Zu den \u00fcblichen Anwendungen f\u00fcr diese elektrische Steuerung geh\u00f6ren Leistungsmotoren und elektronische Ger\u00e4te. PWM Modul Merkmal Abgedichtet und&#8230; [&#8230;]<\/p>\n<p><a class=\"btn btn-secondary understrap-read-more-link\" href=\"https:\/\/www.smpengineeredsolutions.com\/de\/produkte\/elektrifizierung-und-elektronik\/elektronische-steuerelemente\/zusaetzliche-elektronische-steuerungen\/pwm-modul\/\">Weiterlesen&#8230;<\/a><\/p>\n","protected":false},"author":27,"featured_media":0,"parent":4737,"menu_order":0,"comment_status":"closed","ping_status":"closed","template":"page-templates\/destination-content.php","meta":{"_acf_changed":false,"inline_featured_image":false,"footnotes":""},"class_list":["post-4741","page","type-page","status-publish","hentry"],"featured_image_src":null,"acf":[],"yoast_head":"<!-- This site is optimized with the Yoast SEO Premium plugin v27.5 (Yoast SEO v27.5) - https:\/\/yoast.com\/product\/yoast-seo-premium-wordpress\/ -->\n<title>PWM-Modul (PWM) | Standardmotorprodukte<\/title>\n<meta name=\"description\" content=\"Entdecken Sie die PWM-Modul f\u00fcr Ihre elektrischen Steuerungen, Leistungsmodule und elektrischen Ger\u00e4te.\" \/>\n<meta name=\"robots\" content=\"index, follow, max-snippet:-1, max-image-preview:large, max-video-preview:-1\" \/>\n<link rel=\"canonical\" href=\"https:\/\/www.smpengineeredsolutions.com\/de\/produkte\/elektrifizierung-und-elektronik\/elektronische-steuerelemente\/zusaetzliche-elektronische-steuerungen\/pwm-modul\/\" \/>\n<meta property=\"og:locale\" content=\"de_DE\" \/>\n<meta property=\"og:type\" content=\"article\" \/>\n<meta property=\"og:title\" content=\"PWM-Modul\" \/>\n<meta property=\"og:description\" content=\"Entdecken Sie die PWM-Modul f\u00fcr Ihre elektrischen Steuerungen, Leistungsmodule und elektrischen Ger\u00e4te.\" \/>\n<meta property=\"og:url\" content=\"https:\/\/www.smpengineeredsolutions.com\/de\/produkte\/elektrifizierung-und-elektronik\/elektronische-steuerelemente\/zusaetzliche-elektronische-steuerungen\/pwm-modul\/\" \/>\n<meta property=\"og:site_name\" content=\"Standard Motor Products, Inc.\" \/>\n<meta property=\"article:modified_time\" content=\"2025-04-18T14:14:42+00:00\" \/>\n<meta property=\"og:image\" content=\"https:\/\/www.smpengineeredsolutions.com\/wp-content\/uploads\/tr-pwm-module-500x335.png\" \/>\n<meta name=\"twitter:label1\" content=\"Gesch\u00e4tzte Lesezeit\" \/>\n\t<meta name=\"twitter:data1\" content=\"1\u00a0Minute\" \/>\n<script type=\"application\/ld+json\" class=\"yoast-schema-graph\">{\"@context\":\"https:\\\/\\\/schema.org\",\"@graph\":[{\"@type\":\"WebPage\",\"@id\":\"https:\\\/\\\/www.smpengineeredsolutions.com\\\/de\\\/produkte\\\/elektrifizierung-und-elektronik\\\/elektronische-steuerelemente\\\/zusaetzliche-elektronische-steuerungen\\\/pwm-modul\\\/\",\"url\":\"https:\\\/\\\/www.smpengineeredsolutions.com\\\/de\\\/produkte\\\/elektrifizierung-und-elektronik\\\/elektronische-steuerelemente\\\/zusaetzliche-elektronische-steuerungen\\\/pwm-modul\\\/\",\"name\":\"PWM-Modul (PWM) | Standardmotorprodukte\",\"isPartOf\":{\"@id\":\"https:\\\/\\\/www.smpengineeredsolutions.com\\\/de\\\/#website\"},\"primaryImageOfPage\":{\"@id\":\"https:\\\/\\\/www.smpengineeredsolutions.com\\\/de\\\/produkte\\\/elektrifizierung-und-elektronik\\\/elektronische-steuerelemente\\\/zusaetzliche-elektronische-steuerungen\\\/pwm-modul\\\/#primaryimage\"},\"image\":{\"@id\":\"https:\\\/\\\/www.smpengineeredsolutions.com\\\/de\\\/produkte\\\/elektrifizierung-und-elektronik\\\/elektronische-steuerelemente\\\/zusaetzliche-elektronische-steuerungen\\\/pwm-modul\\\/#primaryimage\"},\"thumbnailUrl\":\"https:\\\/\\\/www.smpengineeredsolutions.com\\\/wp-content\\\/uploads\\\/tr-pwm-module-500x335.png\",\"datePublished\":\"2023-01-27T19:03:10+00:00\",\"dateModified\":\"2025-04-18T14:14:42+00:00\",\"description\":\"Entdecken Sie die PWM-Modul f\u00fcr Ihre elektrischen Steuerungen, Leistungsmodule und elektrischen Ger\u00e4te.\",\"breadcrumb\":{\"@id\":\"https:\\\/\\\/www.smpengineeredsolutions.com\\\/de\\\/produkte\\\/elektrifizierung-und-elektronik\\\/elektronische-steuerelemente\\\/zusaetzliche-elektronische-steuerungen\\\/pwm-modul\\\/#breadcrumb\"},\"inLanguage\":\"de\",\"potentialAction\":[{\"@type\":\"ReadAction\",\"target\":[\"https:\\\/\\\/www.smpengineeredsolutions.com\\\/de\\\/produkte\\\/elektrifizierung-und-elektronik\\\/elektronische-steuerelemente\\\/zusaetzliche-elektronische-steuerungen\\\/pwm-modul\\\/\"]}]},{\"@type\":\"ImageObject\",\"inLanguage\":\"de\",\"@id\":\"https:\\\/\\\/www.smpengineeredsolutions.com\\\/de\\\/produkte\\\/elektrifizierung-und-elektronik\\\/elektronische-steuerelemente\\\/zusaetzliche-elektronische-steuerungen\\\/pwm-modul\\\/#primaryimage\",\"url\":\"https:\\\/\\\/www.smpengineeredsolutions.com\\\/wp-content\\\/uploads\\\/tr-pwm-module-500x335.png\",\"contentUrl\":\"https:\\\/\\\/www.smpengineeredsolutions.com\\\/wp-content\\\/uploads\\\/tr-pwm-module-500x335.png\"},{\"@type\":\"BreadcrumbList\",\"@id\":\"https:\\\/\\\/www.smpengineeredsolutions.com\\\/de\\\/produkte\\\/elektrifizierung-und-elektronik\\\/elektronische-steuerelemente\\\/zusaetzliche-elektronische-steuerungen\\\/pwm-modul\\\/#breadcrumb\",\"itemListElement\":[{\"@type\":\"ListItem\",\"position\":1,\"name\":\"Home\",\"item\":\"https:\\\/\\\/www.smpengineeredsolutions.com\\\/de\\\/\"},{\"@type\":\"ListItem\",\"position\":2,\"name\":\"Produkte\",\"item\":\"https:\\\/\\\/www.af63878a-61a4-44d4-a3f9-8118d911569f.smpengineeredsolutions.com\\\/de\\\/produkte\\\/\"},{\"@type\":\"ListItem\",\"position\":3,\"name\":\"Elektrifizierung und Elektronik\",\"item\":\"https:\\\/\\\/www._tcp.smpengineeredsolutions.com\\\/de\\\/produkte\\\/elektrifizierung-und-elektronik\\\/\"},{\"@type\":\"ListItem\",\"position\":4,\"name\":\"Elektronische Kontrollsysteme\",\"item\":\"https:\\\/\\\/www._tcp.smpengineeredsolutions.com\\\/de\\\/produkte\\\/elektrifizierung-und-elektronik\\\/elektronische-steuerelemente\\\/\"},{\"@type\":\"ListItem\",\"position\":5,\"name\":\"Zus\u00e4tzliche elektronische Steuerungen\",\"item\":\"https:\\\/\\\/www.gmail.smpengineeredsolutions.com\\\/de\\\/produkte\\\/elektrifizierung-und-elektronik\\\/elektronische-steuerelemente\\\/zusaetzliche-elektronische-steuerungen\\\/\"},{\"@type\":\"ListItem\",\"position\":6,\"name\":\"PWM-Modul\"}]},{\"@type\":\"WebSite\",\"@id\":\"https:\\\/\\\/www.smpengineeredsolutions.com\\\/de\\\/#website\",\"url\":\"https:\\\/\\\/www.smpengineeredsolutions.com\\\/de\\\/\",\"name\":\"Standard Motor Products, Inc.\",\"description\":\"\",\"publisher\":{\"@id\":\"https:\\\/\\\/www.smpengineeredsolutions.com\\\/de\\\/#organization\"},\"potentialAction\":[{\"@type\":\"SearchAction\",\"target\":{\"@type\":\"EntryPoint\",\"urlTemplate\":\"https:\\\/\\\/www.smpengineeredsolutions.com\\\/de\\\/?s={search_term_string}\"},\"query-input\":{\"@type\":\"PropertyValueSpecification\",\"valueRequired\":true,\"valueName\":\"search_term_string\"}}],\"inLanguage\":\"de\"},{\"@type\":\"Organization\",\"@id\":\"https:\\\/\\\/www.smpengineeredsolutions.com\\\/de\\\/#organization\",\"name\":\"SMP\u00ae Engineered Solutions\",\"url\":\"https:\\\/\\\/www.smpengineeredsolutions.com\\\/de\\\/\",\"logo\":{\"@type\":\"ImageObject\",\"inLanguage\":\"de\",\"@id\":\"https:\\\/\\\/www.smpengineeredsolutions.com\\\/de\\\/#\\\/schema\\\/logo\\\/image\\\/\",\"url\":\"https:\\\/\\\/www.a.smpengineeredsolutions.com\\\/wp-content\\\/uploads\\\/smp-logo.png\",\"contentUrl\":\"https:\\\/\\\/www.a.smpengineeredsolutions.com\\\/wp-content\\\/uploads\\\/smp-logo.png\",\"width\":264,\"height\":117,\"caption\":\"SMP\u00ae Engineered Solutions\"},\"image\":{\"@id\":\"https:\\\/\\\/www.smpengineeredsolutions.com\\\/de\\\/#\\\/schema\\\/logo\\\/image\\\/\"},\"sameAs\":[\"https:\\\/\\\/www.youtube.com\\\/@StandardMotorProductsInc\",\"https:\\\/\\\/www.linkedin.com\\\/company\\\/standard-motor-products\"]}]}<\/script>\n<!-- \/ Yoast SEO Premium plugin. -->","yoast_head_json":{"title":"PWM-Modul (PWM) | Standardmotorprodukte","description":"Entdecken Sie die PWM-Modul f\u00fcr Ihre elektrischen Steuerungen, Leistungsmodule und elektrischen Ger\u00e4te.","robots":{"index":"index","follow":"follow","max-snippet":"max-snippet:-1","max-image-preview":"max-image-preview:large","max-video-preview":"max-video-preview:-1"},"canonical":"https:\/\/www.smpengineeredsolutions.com\/de\/produkte\/elektrifizierung-und-elektronik\/elektronische-steuerelemente\/zusaetzliche-elektronische-steuerungen\/pwm-modul\/","og_locale":"de_DE","og_type":"article","og_title":"PWM-Modul","og_description":"Entdecken Sie die PWM-Modul f\u00fcr Ihre elektrischen Steuerungen, Leistungsmodule und elektrischen Ger\u00e4te.","og_url":"https:\/\/www.smpengineeredsolutions.com\/de\/produkte\/elektrifizierung-und-elektronik\/elektronische-steuerelemente\/zusaetzliche-elektronische-steuerungen\/pwm-modul\/","og_site_name":"Standard Motor Products, Inc.","article_modified_time":"2025-04-18T14:14:42+00:00","og_image":[{"url":"https:\/\/www.smpengineeredsolutions.com\/wp-content\/uploads\/tr-pwm-module-500x335.png","type":"","width":"","height":""}],"twitter_misc":{"Gesch\u00e4tzte Lesezeit":"1\u00a0Minute"},"schema":{"@context":"https:\/\/schema.org","@graph":[{"@type":"WebPage","@id":"https:\/\/www.smpengineeredsolutions.com\/de\/produkte\/elektrifizierung-und-elektronik\/elektronische-steuerelemente\/zusaetzliche-elektronische-steuerungen\/pwm-modul\/","url":"https:\/\/www.smpengineeredsolutions.com\/de\/produkte\/elektrifizierung-und-elektronik\/elektronische-steuerelemente\/zusaetzliche-elektronische-steuerungen\/pwm-modul\/","name":"PWM-Modul (PWM) | Standardmotorprodukte","isPartOf":{"@id":"https:\/\/www.smpengineeredsolutions.com\/de\/#website"},"primaryImageOfPage":{"@id":"https:\/\/www.smpengineeredsolutions.com\/de\/produkte\/elektrifizierung-und-elektronik\/elektronische-steuerelemente\/zusaetzliche-elektronische-steuerungen\/pwm-modul\/#primaryimage"},"image":{"@id":"https:\/\/www.smpengineeredsolutions.com\/de\/produkte\/elektrifizierung-und-elektronik\/elektronische-steuerelemente\/zusaetzliche-elektronische-steuerungen\/pwm-modul\/#primaryimage"},"thumbnailUrl":"https:\/\/www.smpengineeredsolutions.com\/wp-content\/uploads\/tr-pwm-module-500x335.png","datePublished":"2023-01-27T19:03:10+00:00","dateModified":"2025-04-18T14:14:42+00:00","description":"Entdecken Sie die PWM-Modul f\u00fcr Ihre elektrischen Steuerungen, Leistungsmodule und elektrischen Ger\u00e4te.","breadcrumb":{"@id":"https:\/\/www.smpengineeredsolutions.com\/de\/produkte\/elektrifizierung-und-elektronik\/elektronische-steuerelemente\/zusaetzliche-elektronische-steuerungen\/pwm-modul\/#breadcrumb"},"inLanguage":"de","potentialAction":[{"@type":"ReadAction","target":["https:\/\/www.smpengineeredsolutions.com\/de\/produkte\/elektrifizierung-und-elektronik\/elektronische-steuerelemente\/zusaetzliche-elektronische-steuerungen\/pwm-modul\/"]}]},{"@type":"ImageObject","inLanguage":"de","@id":"https:\/\/www.smpengineeredsolutions.com\/de\/produkte\/elektrifizierung-und-elektronik\/elektronische-steuerelemente\/zusaetzliche-elektronische-steuerungen\/pwm-modul\/#primaryimage","url":"https:\/\/www.smpengineeredsolutions.com\/wp-content\/uploads\/tr-pwm-module-500x335.png","contentUrl":"https:\/\/www.smpengineeredsolutions.com\/wp-content\/uploads\/tr-pwm-module-500x335.png"},{"@type":"BreadcrumbList","@id":"https:\/\/www.smpengineeredsolutions.com\/de\/produkte\/elektrifizierung-und-elektronik\/elektronische-steuerelemente\/zusaetzliche-elektronische-steuerungen\/pwm-modul\/#breadcrumb","itemListElement":[{"@type":"ListItem","position":1,"name":"Home","item":"https:\/\/www.smpengineeredsolutions.com\/de\/"},{"@type":"ListItem","position":2,"name":"Produkte","item":"https:\/\/www.af63878a-61a4-44d4-a3f9-8118d911569f.smpengineeredsolutions.com\/de\/produkte\/"},{"@type":"ListItem","position":3,"name":"Elektrifizierung und Elektronik","item":"https:\/\/www._tcp.smpengineeredsolutions.com\/de\/produkte\/elektrifizierung-und-elektronik\/"},{"@type":"ListItem","position":4,"name":"Elektronische Kontrollsysteme","item":"https:\/\/www._tcp.smpengineeredsolutions.com\/de\/produkte\/elektrifizierung-und-elektronik\/elektronische-steuerelemente\/"},{"@type":"ListItem","position":5,"name":"Zus\u00e4tzliche elektronische Steuerungen","item":"https:\/\/www.gmail.smpengineeredsolutions.com\/de\/produkte\/elektrifizierung-und-elektronik\/elektronische-steuerelemente\/zusaetzliche-elektronische-steuerungen\/"},{"@type":"ListItem","position":6,"name":"PWM-Modul"}]},{"@type":"WebSite","@id":"https:\/\/www.smpengineeredsolutions.com\/de\/#website","url":"https:\/\/www.smpengineeredsolutions.com\/de\/","name":"Standard Motor Products, Inc.","description":"","publisher":{"@id":"https:\/\/www.smpengineeredsolutions.com\/de\/#organization"},"potentialAction":[{"@type":"SearchAction","target":{"@type":"EntryPoint","urlTemplate":"https:\/\/www.smpengineeredsolutions.com\/de\/?s={search_term_string}"},"query-input":{"@type":"PropertyValueSpecification","valueRequired":true,"valueName":"search_term_string"}}],"inLanguage":"de"},{"@type":"Organization","@id":"https:\/\/www.smpengineeredsolutions.com\/de\/#organization","name":"SMP\u00ae Engineered Solutions","url":"https:\/\/www.smpengineeredsolutions.com\/de\/","logo":{"@type":"ImageObject","inLanguage":"de","@id":"https:\/\/www.smpengineeredsolutions.com\/de\/#\/schema\/logo\/image\/","url":"https:\/\/www.a.smpengineeredsolutions.com\/wp-content\/uploads\/smp-logo.png","contentUrl":"https:\/\/www.a.smpengineeredsolutions.com\/wp-content\/uploads\/smp-logo.png","width":264,"height":117,"caption":"SMP\u00ae Engineered Solutions"},"image":{"@id":"https:\/\/www.smpengineeredsolutions.com\/de\/#\/schema\/logo\/image\/"},"sameAs":["https:\/\/www.youtube.com\/@StandardMotorProductsInc","https:\/\/www.linkedin.com\/company\/standard-motor-products"]}]}},"_links":{"self":[{"href":"https:\/\/www.smpengineeredsolutions.com\/de\/wp-json\/wp\/v2\/pages\/4741","targetHints":{"allow":["GET"]}}],"collection":[{"href":"https:\/\/www.smpengineeredsolutions.com\/de\/wp-json\/wp\/v2\/pages"}],"about":[{"href":"https:\/\/www.smpengineeredsolutions.com\/de\/wp-json\/wp\/v2\/types\/page"}],"author":[{"embeddable":true,"href":"https:\/\/www.smpengineeredsolutions.com\/de\/wp-json\/wp\/v2\/users\/27"}],"replies":[{"embeddable":true,"href":"https:\/\/www.smpengineeredsolutions.com\/de\/wp-json\/wp\/v2\/comments?post=4741"}],"version-history":[{"count":3,"href":"https:\/\/www.smpengineeredsolutions.com\/de\/wp-json\/wp\/v2\/pages\/4741\/revisions"}],"predecessor-version":[{"id":7879,"href":"https:\/\/www.smpengineeredsolutions.com\/de\/wp-json\/wp\/v2\/pages\/4741\/revisions\/7879"}],"up":[{"embeddable":true,"href":"https:\/\/www.smpengineeredsolutions.com\/de\/wp-json\/wp\/v2\/pages\/4737"}],"wp:attachment":[{"href":"https:\/\/www.smpengineeredsolutions.com\/de\/wp-json\/wp\/v2\/media?parent=4741"}],"curies":[{"name":"wp","href":"https:\/\/api.w.org\/{rel}","templated":true}]}}