{"id":4738,"date":"2023-01-27T13:45:36","date_gmt":"2023-01-27T18:45:36","guid":{"rendered":"https:\/\/smpengineeredsolutions.com\/?page_id=4738"},"modified":"2023-09-01T13:10:36","modified_gmt":"2023-09-01T13:10:36","slug":"stromverteilungsmodul","status":"publish","type":"page","link":"https:\/\/www.smpengineeredsolutions.com\/de\/produkte\/elektrifizierung-und-elektronik\/elektronische-steuerelemente\/zusaetzliche-elektronische-steuerungen\/stromverteilungsmodul\/","title":{"rendered":"Stromverteilungsmodul"},"content":{"rendered":"<div class=\"feature-img-right\"><a class=\"lightbox\" href=\"\/wp-content\/uploads\/powerdistributionsmall.png\"><img decoding=\"async\" title=\"Stromverteilungsmodul\" src=\"\/wp-content\/uploads\/powerdistributionsmall.png\" alt=\"Stromverteilungsmodul\" width=\"400\" \/><\/a><\/div>\n<p>Trombetta ist in der Lage, kundenspezifisch angepasste Steuerungen zu entwickeln, wie z. B. Stromverteilungsmodule, die h\u00e4ufig Relais, Sicherungen zusammen mit anderer kundenspezifischer Logik enthalten, die vom Endkunden ben\u00f6tigt wird. Diese Module reduzieren oft die Kosten f\u00fcr die Verkabelung sowie die Installationszeit im Fahrzeug.<\/p>\n","protected":false},"excerpt":{"rendered":"<p>Trombetta ist in der Lage, kundenspezifisch angepasste Steuerungen zu entwickeln, wie z. B. Stromverteilungsmodule, die h\u00e4ufig Relais, Sicherungen zusammen mit anderer kundenspezifischer Logik enthalten, die vom Endkunden ben\u00f6tigt wird. Diese Module reduzieren oft die Kosten f\u00fcr die Verkabelung sowie die Installationszeit im Fahrzeug. [&#8230;]<\/p>\n<p><a class=\"btn btn-secondary understrap-read-more-link\" href=\"https:\/\/www.smpengineeredsolutions.com\/de\/produkte\/elektrifizierung-und-elektronik\/elektronische-steuerelemente\/zusaetzliche-elektronische-steuerungen\/stromverteilungsmodul\/\">Weiterlesen&#8230;<\/a><\/p>\n","protected":false},"author":27,"featured_media":0,"parent":4737,"menu_order":0,"comment_status":"closed","ping_status":"closed","template":"page-templates\/destination-content.php","meta":{"_acf_changed":false,"inline_featured_image":false,"footnotes":""},"class_list":["post-4738","page","type-page","status-publish","hentry"],"featured_image_src":null,"acf":[],"yoast_head":"<!-- This site is optimized with the Yoast SEO Premium plugin v27.5 (Yoast SEO v27.5) - https:\/\/yoast.com\/product\/yoast-seo-premium-wordpress\/ -->\n<title>Stromverteilungsmodul - Standard Motor Products, Inc.<\/title>\n<meta name=\"robots\" content=\"index, follow, max-snippet:-1, max-image-preview:large, max-video-preview:-1\" \/>\n<link rel=\"canonical\" href=\"https:\/\/www.smpengineeredsolutions.com\/de\/produkte\/elektrifizierung-und-elektronik\/elektronische-steuerelemente\/zusaetzliche-elektronische-steuerungen\/stromverteilungsmodul\/\" \/>\n<meta property=\"og:locale\" content=\"de_DE\" \/>\n<meta property=\"og:type\" content=\"article\" \/>\n<meta property=\"og:title\" content=\"Stromverteilungsmodul\" \/>\n<meta property=\"og:description\" content=\"Trombetta ist in der Lage, kundenspezifisch angepasste Steuerungen zu entwickeln, wie z. B. Stromverteilungsmodule, die h\u00e4ufig Relais, Sicherungen zusammen mit anderer kundenspezifischer Logik enthalten, die vom Endkunden ben\u00f6tigt wird. Diese Module reduzieren oft die Kosten f\u00fcr die Verkabelung sowie die Installationszeit im Fahrzeug. [...]Weiterlesen...\" \/>\n<meta property=\"og:url\" content=\"https:\/\/www.smpengineeredsolutions.com\/de\/produkte\/elektrifizierung-und-elektronik\/elektronische-steuerelemente\/zusaetzliche-elektronische-steuerungen\/stromverteilungsmodul\/\" \/>\n<meta property=\"og:site_name\" content=\"Standard Motor Products, Inc.\" \/>\n<meta property=\"article:modified_time\" content=\"2023-09-01T13:10:36+00:00\" \/>\n<meta name=\"twitter:label1\" content=\"Gesch\u00e4tzte Lesezeit\" \/>\n\t<meta name=\"twitter:data1\" content=\"1\u00a0Minute\" \/>\n<script type=\"application\/ld+json\" class=\"yoast-schema-graph\">{\"@context\":\"https:\\\/\\\/schema.org\",\"@graph\":[{\"@type\":\"WebPage\",\"@id\":\"https:\\\/\\\/www.smpengineeredsolutions.com\\\/de\\\/produkte\\\/elektrifizierung-und-elektronik\\\/elektronische-steuerelemente\\\/zusaetzliche-elektronische-steuerungen\\\/stromverteilungsmodul\\\/\",\"url\":\"https:\\\/\\\/www.smpengineeredsolutions.com\\\/de\\\/produkte\\\/elektrifizierung-und-elektronik\\\/elektronische-steuerelemente\\\/zusaetzliche-elektronische-steuerungen\\\/stromverteilungsmodul\\\/\",\"name\":\"Stromverteilungsmodul - Standard Motor Products, Inc.\",\"isPartOf\":{\"@id\":\"https:\\\/\\\/www.smpengineeredsolutions.com\\\/de\\\/#website\"},\"datePublished\":\"2023-01-27T18:45:36+00:00\",\"dateModified\":\"2023-09-01T13:10:36+00:00\",\"breadcrumb\":{\"@id\":\"https:\\\/\\\/www.smpengineeredsolutions.com\\\/de\\\/produkte\\\/elektrifizierung-und-elektronik\\\/elektronische-steuerelemente\\\/zusaetzliche-elektronische-steuerungen\\\/stromverteilungsmodul\\\/#breadcrumb\"},\"inLanguage\":\"de\",\"potentialAction\":[{\"@type\":\"ReadAction\",\"target\":[\"https:\\\/\\\/www.smpengineeredsolutions.com\\\/de\\\/produkte\\\/elektrifizierung-und-elektronik\\\/elektronische-steuerelemente\\\/zusaetzliche-elektronische-steuerungen\\\/stromverteilungsmodul\\\/\"]}]},{\"@type\":\"BreadcrumbList\",\"@id\":\"https:\\\/\\\/www.smpengineeredsolutions.com\\\/de\\\/produkte\\\/elektrifizierung-und-elektronik\\\/elektronische-steuerelemente\\\/zusaetzliche-elektronische-steuerungen\\\/stromverteilungsmodul\\\/#breadcrumb\",\"itemListElement\":[{\"@type\":\"ListItem\",\"position\":1,\"name\":\"Home\",\"item\":\"https:\\\/\\\/www.smpengineeredsolutions.com\\\/de\\\/\"},{\"@type\":\"ListItem\",\"position\":2,\"name\":\"Produkte\",\"item\":\"https:\\\/\\\/www.af63878a-61a4-44d4-a3f9-8118d911569f.smpengineeredsolutions.com\\\/de\\\/produkte\\\/\"},{\"@type\":\"ListItem\",\"position\":3,\"name\":\"Elektrifizierung und Elektronik\",\"item\":\"https:\\\/\\\/www._tcp.smpengineeredsolutions.com\\\/de\\\/produkte\\\/elektrifizierung-und-elektronik\\\/\"},{\"@type\":\"ListItem\",\"position\":4,\"name\":\"Elektronische Kontrollsysteme\",\"item\":\"https:\\\/\\\/www._tcp.smpengineeredsolutions.com\\\/de\\\/produkte\\\/elektrifizierung-und-elektronik\\\/elektronische-steuerelemente\\\/\"},{\"@type\":\"ListItem\",\"position\":5,\"name\":\"Zus\u00e4tzliche elektronische Steuerungen\",\"item\":\"https:\\\/\\\/www.gmail.smpengineeredsolutions.com\\\/de\\\/produkte\\\/elektrifizierung-und-elektronik\\\/elektronische-steuerelemente\\\/zusaetzliche-elektronische-steuerungen\\\/\"},{\"@type\":\"ListItem\",\"position\":6,\"name\":\"Stromverteilungsmodul\"}]},{\"@type\":\"WebSite\",\"@id\":\"https:\\\/\\\/www.smpengineeredsolutions.com\\\/de\\\/#website\",\"url\":\"https:\\\/\\\/www.smpengineeredsolutions.com\\\/de\\\/\",\"name\":\"Standard Motor Products, Inc.\",\"description\":\"\",\"publisher\":{\"@id\":\"https:\\\/\\\/www.smpengineeredsolutions.com\\\/de\\\/#organization\"},\"potentialAction\":[{\"@type\":\"SearchAction\",\"target\":{\"@type\":\"EntryPoint\",\"urlTemplate\":\"https:\\\/\\\/www.smpengineeredsolutions.com\\\/de\\\/?s={search_term_string}\"},\"query-input\":{\"@type\":\"PropertyValueSpecification\",\"valueRequired\":true,\"valueName\":\"search_term_string\"}}],\"inLanguage\":\"de\"},{\"@type\":\"Organization\",\"@id\":\"https:\\\/\\\/www.smpengineeredsolutions.com\\\/de\\\/#organization\",\"name\":\"SMP\u00ae Engineered Solutions\",\"url\":\"https:\\\/\\\/www.smpengineeredsolutions.com\\\/de\\\/\",\"logo\":{\"@type\":\"ImageObject\",\"inLanguage\":\"de\",\"@id\":\"https:\\\/\\\/www.smpengineeredsolutions.com\\\/de\\\/#\\\/schema\\\/logo\\\/image\\\/\",\"url\":\"https:\\\/\\\/www.a.smpengineeredsolutions.com\\\/wp-content\\\/uploads\\\/smp-logo.png\",\"contentUrl\":\"https:\\\/\\\/www.a.smpengineeredsolutions.com\\\/wp-content\\\/uploads\\\/smp-logo.png\",\"width\":264,\"height\":117,\"caption\":\"SMP\u00ae Engineered Solutions\"},\"image\":{\"@id\":\"https:\\\/\\\/www.smpengineeredsolutions.com\\\/de\\\/#\\\/schema\\\/logo\\\/image\\\/\"},\"sameAs\":[\"https:\\\/\\\/www.youtube.com\\\/@StandardMotorProductsInc\",\"https:\\\/\\\/www.linkedin.com\\\/company\\\/standard-motor-products\"]}]}<\/script>\n<!-- \/ Yoast SEO Premium plugin. -->","yoast_head_json":{"title":"Stromverteilungsmodul - Standard Motor Products, Inc.","robots":{"index":"index","follow":"follow","max-snippet":"max-snippet:-1","max-image-preview":"max-image-preview:large","max-video-preview":"max-video-preview:-1"},"canonical":"https:\/\/www.smpengineeredsolutions.com\/de\/produkte\/elektrifizierung-und-elektronik\/elektronische-steuerelemente\/zusaetzliche-elektronische-steuerungen\/stromverteilungsmodul\/","og_locale":"de_DE","og_type":"article","og_title":"Stromverteilungsmodul","og_description":"Trombetta ist in der Lage, kundenspezifisch angepasste Steuerungen zu entwickeln, wie z. B. Stromverteilungsmodule, die h\u00e4ufig Relais, Sicherungen zusammen mit anderer kundenspezifischer Logik enthalten, die vom Endkunden ben\u00f6tigt wird. Diese Module reduzieren oft die Kosten f\u00fcr die Verkabelung sowie die Installationszeit im Fahrzeug. [...]Weiterlesen...","og_url":"https:\/\/www.smpengineeredsolutions.com\/de\/produkte\/elektrifizierung-und-elektronik\/elektronische-steuerelemente\/zusaetzliche-elektronische-steuerungen\/stromverteilungsmodul\/","og_site_name":"Standard Motor Products, Inc.","article_modified_time":"2023-09-01T13:10:36+00:00","twitter_misc":{"Gesch\u00e4tzte Lesezeit":"1\u00a0Minute"},"schema":{"@context":"https:\/\/schema.org","@graph":[{"@type":"WebPage","@id":"https:\/\/www.smpengineeredsolutions.com\/de\/produkte\/elektrifizierung-und-elektronik\/elektronische-steuerelemente\/zusaetzliche-elektronische-steuerungen\/stromverteilungsmodul\/","url":"https:\/\/www.smpengineeredsolutions.com\/de\/produkte\/elektrifizierung-und-elektronik\/elektronische-steuerelemente\/zusaetzliche-elektronische-steuerungen\/stromverteilungsmodul\/","name":"Stromverteilungsmodul - Standard Motor Products, Inc.","isPartOf":{"@id":"https:\/\/www.smpengineeredsolutions.com\/de\/#website"},"datePublished":"2023-01-27T18:45:36+00:00","dateModified":"2023-09-01T13:10:36+00:00","breadcrumb":{"@id":"https:\/\/www.smpengineeredsolutions.com\/de\/produkte\/elektrifizierung-und-elektronik\/elektronische-steuerelemente\/zusaetzliche-elektronische-steuerungen\/stromverteilungsmodul\/#breadcrumb"},"inLanguage":"de","potentialAction":[{"@type":"ReadAction","target":["https:\/\/www.smpengineeredsolutions.com\/de\/produkte\/elektrifizierung-und-elektronik\/elektronische-steuerelemente\/zusaetzliche-elektronische-steuerungen\/stromverteilungsmodul\/"]}]},{"@type":"BreadcrumbList","@id":"https:\/\/www.smpengineeredsolutions.com\/de\/produkte\/elektrifizierung-und-elektronik\/elektronische-steuerelemente\/zusaetzliche-elektronische-steuerungen\/stromverteilungsmodul\/#breadcrumb","itemListElement":[{"@type":"ListItem","position":1,"name":"Home","item":"https:\/\/www.smpengineeredsolutions.com\/de\/"},{"@type":"ListItem","position":2,"name":"Produkte","item":"https:\/\/www.af63878a-61a4-44d4-a3f9-8118d911569f.smpengineeredsolutions.com\/de\/produkte\/"},{"@type":"ListItem","position":3,"name":"Elektrifizierung und Elektronik","item":"https:\/\/www._tcp.smpengineeredsolutions.com\/de\/produkte\/elektrifizierung-und-elektronik\/"},{"@type":"ListItem","position":4,"name":"Elektronische Kontrollsysteme","item":"https:\/\/www._tcp.smpengineeredsolutions.com\/de\/produkte\/elektrifizierung-und-elektronik\/elektronische-steuerelemente\/"},{"@type":"ListItem","position":5,"name":"Zus\u00e4tzliche elektronische Steuerungen","item":"https:\/\/www.gmail.smpengineeredsolutions.com\/de\/produkte\/elektrifizierung-und-elektronik\/elektronische-steuerelemente\/zusaetzliche-elektronische-steuerungen\/"},{"@type":"ListItem","position":6,"name":"Stromverteilungsmodul"}]},{"@type":"WebSite","@id":"https:\/\/www.smpengineeredsolutions.com\/de\/#website","url":"https:\/\/www.smpengineeredsolutions.com\/de\/","name":"Standard Motor Products, Inc.","description":"","publisher":{"@id":"https:\/\/www.smpengineeredsolutions.com\/de\/#organization"},"potentialAction":[{"@type":"SearchAction","target":{"@type":"EntryPoint","urlTemplate":"https:\/\/www.smpengineeredsolutions.com\/de\/?s={search_term_string}"},"query-input":{"@type":"PropertyValueSpecification","valueRequired":true,"valueName":"search_term_string"}}],"inLanguage":"de"},{"@type":"Organization","@id":"https:\/\/www.smpengineeredsolutions.com\/de\/#organization","name":"SMP\u00ae Engineered Solutions","url":"https:\/\/www.smpengineeredsolutions.com\/de\/","logo":{"@type":"ImageObject","inLanguage":"de","@id":"https:\/\/www.smpengineeredsolutions.com\/de\/#\/schema\/logo\/image\/","url":"https:\/\/www.a.smpengineeredsolutions.com\/wp-content\/uploads\/smp-logo.png","contentUrl":"https:\/\/www.a.smpengineeredsolutions.com\/wp-content\/uploads\/smp-logo.png","width":264,"height":117,"caption":"SMP\u00ae Engineered Solutions"},"image":{"@id":"https:\/\/www.smpengineeredsolutions.com\/de\/#\/schema\/logo\/image\/"},"sameAs":["https:\/\/www.youtube.com\/@StandardMotorProductsInc","https:\/\/www.linkedin.com\/company\/standard-motor-products"]}]}},"_links":{"self":[{"href":"https:\/\/www.smpengineeredsolutions.com\/de\/wp-json\/wp\/v2\/pages\/4738","targetHints":{"allow":["GET"]}}],"collection":[{"href":"https:\/\/www.smpengineeredsolutions.com\/de\/wp-json\/wp\/v2\/pages"}],"about":[{"href":"https:\/\/www.smpengineeredsolutions.com\/de\/wp-json\/wp\/v2\/types\/page"}],"author":[{"embeddable":true,"href":"https:\/\/www.smpengineeredsolutions.com\/de\/wp-json\/wp\/v2\/users\/27"}],"replies":[{"embeddable":true,"href":"https:\/\/www.smpengineeredsolutions.com\/de\/wp-json\/wp\/v2\/comments?post=4738"}],"version-history":[{"count":0,"href":"https:\/\/www.smpengineeredsolutions.com\/de\/wp-json\/wp\/v2\/pages\/4738\/revisions"}],"up":[{"embeddable":true,"href":"https:\/\/www.smpengineeredsolutions.com\/de\/wp-json\/wp\/v2\/pages\/4737"}],"wp:attachment":[{"href":"https:\/\/www.smpengineeredsolutions.com\/de\/wp-json\/wp\/v2\/media?parent=4738"}],"curies":[{"name":"wp","href":"https:\/\/api.w.org\/{rel}","templated":true}]}}