{"id":4736,"date":"2023-01-10T06:47:54","date_gmt":"2023-01-10T11:47:54","guid":{"rendered":"https:\/\/smpengineeredsolutions.com\/?page_id=4736"},"modified":"2025-03-12T10:15:05","modified_gmt":"2025-03-12T14:15:05","slug":"kfz-h-brueckenmodul","status":"publish","type":"page","link":"https:\/\/www.smpengineeredsolutions.com\/de\/produkte\/elektrifizierung-und-elektronik\/elektronische-steuerelemente\/kfz-h-brueckenmodul\/","title":{"rendered":"Kfz-H-Br\u00fcckenmodul"},"content":{"rendered":"<div class=\"feature-img-right\"><a class=\"lightbox\" href=\"\/wp-content\/uploads\/H-Bridge-250-x-250-pixels-2.jpg\"><img loading=\"lazy\" decoding=\"async\" class=\"\" src=\"https:\/\/www.smpengineeredsolutions.com\/wp-content\/uploads\/031_J1939-H-Bridge-Module_99-0610.jpg\" alt=\"High quality J1939 H-Bridge Module used for automotive applications by SMP Engineered Solutions. \" width=\"385\" height=\"279\" \/><\/a><\/div>\n<p><img loading=\"lazy\" decoding=\"async\" class=\"alignleft wp-image-3074\" title=\"SMP Trombetta Logo\" src=\"https:\/\/www.smpengineeredsolutions.com\/wp-content\/uploads\/SMP-Trombetta-4C-500x75.png\" alt=\"SMP Trombetta Logo\" width=\"347\" height=\"52\" srcset=\"https:\/\/www.smpengineeredsolutions.com\/wp-content\/uploads\/SMP-Trombetta-4C-500x75.png 500w, https:\/\/www.smpengineeredsolutions.com\/wp-content\/uploads\/SMP-Trombetta-4C-1024x154.png 1024w, https:\/\/www.smpengineeredsolutions.com\/wp-content\/uploads\/SMP-Trombetta-4C-768x116.png 768w, https:\/\/www.smpengineeredsolutions.com\/wp-content\/uploads\/SMP-Trombetta-4C-1536x231.png 1536w, https:\/\/www.smpengineeredsolutions.com\/wp-content\/uploads\/SMP-Trombetta-4C-2048x309.png 2048w\" sizes=\"auto, (max-width: 347px) 100vw, 347px\" \/><\/p>\n<p>&nbsp;<\/p>\n<p>&nbsp;<\/p>\n<p>Automotive H-Bridge Circuit ist ein festes DC-Lastumkehrsch\u00fctz, das in einer H-Bridge-Konfiguration verdrahtet ist und f\u00fcr bis zu 20A bei 2VDC ausgelegt ist. Dieses Ger\u00e4t bietet eine effiziente M\u00f6glichkeit zur Polarit\u00e4tsumkehr bei einer Vielzahl von Gleichstromlasten, einschlie\u00dflich Magnetspulen, Motoren, Brems-\/Kupplungsbaugruppen und mehr.<\/p>\n<h2>Hauptmerkmale der Kfz-H-Br\u00fcckenschaltung<\/h2>\n<ul>\n<li>Betriebsspannungsbereich von 8-32 V Gleichstrom<\/li>\n<li>Schutz gegen Verpolung der Batterie<\/li>\n<li>Schutz vor Spannungsspitzen<\/li>\n<li>Kurzschluss- und \u00dcberlastschutz<\/li>\n<li>Bis zu 20 A pro Betriebsstrom<\/li>\n<li>Konform mit J1113\/13 und IEC61000-4-2<\/li>\n<li>4 Optionen f\u00fcr die Anstiegsgeschwindigkeit<\/li>\n<li>Geringer Platzbedarf<\/li>\n<li>Vergossen \u2013 Schutz vor rauen Umgebungsbedingungen<\/li>\n<li>Poka-Yoke-Montage<\/li>\n<li>Kundenspezifisch anpassbar<\/li>\n<\/ul>\n<h4>H\u00e4ufig gestellte Fragen<\/h4>\n<p><strong>Wie verbessert eine H-Br\u00fcckenschaltung die Effizienz von Automobilsystemen?<\/strong><\/p>\n<p>Die Motorsteuerungsschaltung f\u00fcr Kraftfahrzeuge kann Lasten mit einem Softstart effizient umkehren, um die W\u00e4rmeentwicklung zu reduzieren.<\/p>\n<p><strong>Welche Schutzfunktionen sind in einem H-Bridge-Leistungsmodul enthalten?<\/strong><\/p>\n<p>Wir haben einen \u00dcberstromfehler.<\/p>\n<p><strong>Kann eine H-Bridge-Schaltung f\u00fcr bestimmte Fahrzeuganwendungen angepasst werden?<\/strong><\/p>\n<p>Ja, wenn das Volumen hoch genug ist.<\/p>\n<p><a href=\"https:\/\/www.smpengineeredsolutions.com\/de\/kontakt\/\">Kontakt<\/a> zu SMP Engineered Solutions<\/p>\n<p>&nbsp;<\/p>\n","protected":false},"excerpt":{"rendered":"<p>&nbsp; &nbsp; Automotive H-Bridge Circuit ist ein festes DC-Lastumkehrsch\u00fctz, das in einer H-Bridge-Konfiguration verdrahtet ist und f\u00fcr bis zu 20A bei 2VDC ausgelegt ist. Dieses Ger\u00e4t bietet eine effiziente M\u00f6glichkeit zur Polarit\u00e4tsumkehr bei einer Vielzahl von Gleichstromlasten, einschlie\u00dflich Magnetspulen, Motoren, Brems-\/Kupplungsbaugruppen und mehr. Hauptmerkmale der Kfz-H-Br\u00fcckenschaltung Betriebsspannungsbereich von 8-32 V Gleichstrom Schutz gegen Verpolung der&#8230; [&#8230;]<\/p>\n<p><a class=\"btn btn-secondary understrap-read-more-link\" href=\"https:\/\/www.smpengineeredsolutions.com\/de\/produkte\/elektrifizierung-und-elektronik\/elektronische-steuerelemente\/kfz-h-brueckenmodul\/\">Weiterlesen&#8230;<\/a><\/p>\n","protected":false},"author":27,"featured_media":0,"parent":4734,"menu_order":0,"comment_status":"closed","ping_status":"closed","template":"page-templates\/destination-content.php","meta":{"_acf_changed":false,"inline_featured_image":false,"footnotes":""},"class_list":["post-4736","page","type-page","status-publish","hentry"],"featured_image_src":null,"acf":[],"yoast_head":"<!-- This site is optimized with the Yoast SEO Premium plugin v27.4 (Yoast SEO v27.4) - https:\/\/yoast.com\/product\/yoast-seo-premium-wordpress\/ -->\n<title>H-Br\u00fccken-Schaltung f\u00fcr Kraftfahrzeuge | Standard Motor Products<\/title>\n<meta name=\"description\" content=\"Optimieren Sie die Motorsteuerung mit der automobilen H-Br\u00fcckenschaltung von SMP Engineering, die f\u00fcr den effizienten, bidirektionalen Betrieb von Gleichstrommotoren in Automobilanwendungen entwickelt wurde.\" \/>\n<meta name=\"robots\" content=\"index, follow, max-snippet:-1, max-image-preview:large, max-video-preview:-1\" \/>\n<link rel=\"canonical\" href=\"https:\/\/www.smpengineeredsolutions.com\/de\/produkte\/elektrifizierung-und-elektronik\/elektronische-steuerelemente\/kfz-h-brueckenmodul\/\" \/>\n<meta property=\"og:locale\" content=\"de_DE\" \/>\n<meta property=\"og:type\" content=\"article\" \/>\n<meta property=\"og:title\" content=\"Kfz-H-Br\u00fcckenmodul\" \/>\n<meta property=\"og:description\" content=\"Optimieren Sie die Motorsteuerung mit der automobilen H-Br\u00fcckenschaltung von SMP Engineering, die f\u00fcr den effizienten, bidirektionalen Betrieb von Gleichstrommotoren in Automobilanwendungen entwickelt wurde.\" \/>\n<meta property=\"og:url\" content=\"https:\/\/www.smpengineeredsolutions.com\/de\/produkte\/elektrifizierung-und-elektronik\/elektronische-steuerelemente\/kfz-h-brueckenmodul\/\" \/>\n<meta property=\"og:site_name\" content=\"Standard Motor Products, Inc.\" \/>\n<meta property=\"article:modified_time\" content=\"2025-03-12T14:15:05+00:00\" \/>\n<meta property=\"og:image\" content=\"https:\/\/www.smpengineeredsolutions.com\/wp-content\/uploads\/031_J1939-H-Bridge-Module_99-0610.jpg\" \/>\n<meta name=\"twitter:label1\" content=\"Gesch\u00e4tzte Lesezeit\" \/>\n\t<meta name=\"twitter:data1\" content=\"2\u00a0Minuten\" \/>\n<script type=\"application\/ld+json\" class=\"yoast-schema-graph\">{\"@context\":\"https:\\\/\\\/schema.org\",\"@graph\":[{\"@type\":\"WebPage\",\"@id\":\"https:\\\/\\\/www.smpengineeredsolutions.com\\\/de\\\/produkte\\\/elektrifizierung-und-elektronik\\\/elektronische-steuerelemente\\\/kfz-h-brueckenmodul\\\/\",\"url\":\"https:\\\/\\\/www.smpengineeredsolutions.com\\\/de\\\/produkte\\\/elektrifizierung-und-elektronik\\\/elektronische-steuerelemente\\\/kfz-h-brueckenmodul\\\/\",\"name\":\"H-Br\u00fccken-Schaltung f\u00fcr Kraftfahrzeuge | Standard Motor Products\",\"isPartOf\":{\"@id\":\"https:\\\/\\\/www._tcp.smpengineeredsolutions.com\\\/#website\"},\"primaryImageOfPage\":{\"@id\":\"https:\\\/\\\/www.smpengineeredsolutions.com\\\/de\\\/produkte\\\/elektrifizierung-und-elektronik\\\/elektronische-steuerelemente\\\/kfz-h-brueckenmodul\\\/#primaryimage\"},\"image\":{\"@id\":\"https:\\\/\\\/www.smpengineeredsolutions.com\\\/de\\\/produkte\\\/elektrifizierung-und-elektronik\\\/elektronische-steuerelemente\\\/kfz-h-brueckenmodul\\\/#primaryimage\"},\"thumbnailUrl\":\"https:\\\/\\\/www.smpengineeredsolutions.com\\\/wp-content\\\/uploads\\\/031_J1939-H-Bridge-Module_99-0610.jpg\",\"datePublished\":\"2023-01-10T11:47:54+00:00\",\"dateModified\":\"2025-03-12T14:15:05+00:00\",\"description\":\"Optimieren Sie die Motorsteuerung mit der automobilen H-Br\u00fcckenschaltung von SMP Engineering, die f\u00fcr den effizienten, bidirektionalen Betrieb von Gleichstrommotoren in Automobilanwendungen entwickelt wurde.\",\"breadcrumb\":{\"@id\":\"https:\\\/\\\/www.smpengineeredsolutions.com\\\/de\\\/produkte\\\/elektrifizierung-und-elektronik\\\/elektronische-steuerelemente\\\/kfz-h-brueckenmodul\\\/#breadcrumb\"},\"inLanguage\":\"de\",\"potentialAction\":[{\"@type\":\"ReadAction\",\"target\":[\"https:\\\/\\\/www.smpengineeredsolutions.com\\\/de\\\/produkte\\\/elektrifizierung-und-elektronik\\\/elektronische-steuerelemente\\\/kfz-h-brueckenmodul\\\/\"]}]},{\"@type\":\"ImageObject\",\"inLanguage\":\"de\",\"@id\":\"https:\\\/\\\/www.smpengineeredsolutions.com\\\/de\\\/produkte\\\/elektrifizierung-und-elektronik\\\/elektronische-steuerelemente\\\/kfz-h-brueckenmodul\\\/#primaryimage\",\"url\":\"https:\\\/\\\/www.smpengineeredsolutions.com\\\/wp-content\\\/uploads\\\/031_J1939-H-Bridge-Module_99-0610.jpg\",\"contentUrl\":\"https:\\\/\\\/www.smpengineeredsolutions.com\\\/wp-content\\\/uploads\\\/031_J1939-H-Bridge-Module_99-0610.jpg\"},{\"@type\":\"BreadcrumbList\",\"@id\":\"https:\\\/\\\/www.smpengineeredsolutions.com\\\/de\\\/produkte\\\/elektrifizierung-und-elektronik\\\/elektronische-steuerelemente\\\/kfz-h-brueckenmodul\\\/#breadcrumb\",\"itemListElement\":[{\"@type\":\"ListItem\",\"position\":1,\"name\":\"Home\",\"item\":\"https:\\\/\\\/www.smpengineeredsolutions.com\\\/de\\\/\"},{\"@type\":\"ListItem\",\"position\":2,\"name\":\"Produkte\",\"item\":\"https:\\\/\\\/www.smpengineeredsolutions.com\\\/de\\\/produkte\\\/\"},{\"@type\":\"ListItem\",\"position\":3,\"name\":\"Elektrifizierung und Elektronik\",\"item\":\"https:\\\/\\\/www.smpengineeredsolutions.com\\\/de\\\/produkte\\\/elektrifizierung-und-elektronik\\\/\"},{\"@type\":\"ListItem\",\"position\":4,\"name\":\"Elektronische Kontrollsysteme\",\"item\":\"https:\\\/\\\/www.smpengineeredsolutions.com\\\/de\\\/produkte\\\/elektrifizierung-und-elektronik\\\/elektronische-steuerelemente\\\/\"},{\"@type\":\"ListItem\",\"position\":5,\"name\":\"Kfz-H-Br\u00fcckenmodul\"}]},{\"@type\":\"WebSite\",\"@id\":\"https:\\\/\\\/www._tcp.smpengineeredsolutions.com\\\/#website\",\"url\":\"https:\\\/\\\/www._tcp.smpengineeredsolutions.com\\\/\",\"name\":\"Standard Motor Products, Inc.\",\"description\":\"\",\"publisher\":{\"@id\":\"https:\\\/\\\/www._tcp.smpengineeredsolutions.com\\\/#organization\"},\"potentialAction\":[{\"@type\":\"SearchAction\",\"target\":{\"@type\":\"EntryPoint\",\"urlTemplate\":\"https:\\\/\\\/www._tcp.smpengineeredsolutions.com\\\/?s={search_term_string}\"},\"query-input\":{\"@type\":\"PropertyValueSpecification\",\"valueRequired\":true,\"valueName\":\"search_term_string\"}}],\"inLanguage\":\"de\"},{\"@type\":\"Organization\",\"@id\":\"https:\\\/\\\/www._tcp.smpengineeredsolutions.com\\\/#organization\",\"name\":\"SMP\u00ae Engineered Solutions\",\"url\":\"https:\\\/\\\/www._tcp.smpengineeredsolutions.com\\\/\",\"logo\":{\"@type\":\"ImageObject\",\"inLanguage\":\"de\",\"@id\":\"https:\\\/\\\/www._tcp.smpengineeredsolutions.com\\\/#\\\/schema\\\/logo\\\/image\\\/\",\"url\":\"https:\\\/\\\/www.a.smpengineeredsolutions.com\\\/wp-content\\\/uploads\\\/smp-logo.png\",\"contentUrl\":\"https:\\\/\\\/www.a.smpengineeredsolutions.com\\\/wp-content\\\/uploads\\\/smp-logo.png\",\"width\":264,\"height\":117,\"caption\":\"SMP\u00ae Engineered Solutions\"},\"image\":{\"@id\":\"https:\\\/\\\/www._tcp.smpengineeredsolutions.com\\\/#\\\/schema\\\/logo\\\/image\\\/\"},\"sameAs\":[\"https:\\\/\\\/www.youtube.com\\\/@StandardMotorProductsInc\",\"https:\\\/\\\/www.linkedin.com\\\/company\\\/standard-motor-products\"]}]}<\/script>\n<!-- \/ Yoast SEO Premium plugin. -->","yoast_head_json":{"title":"H-Br\u00fccken-Schaltung f\u00fcr Kraftfahrzeuge | Standard Motor Products","description":"Optimieren Sie die Motorsteuerung mit der automobilen H-Br\u00fcckenschaltung von SMP Engineering, die f\u00fcr den effizienten, bidirektionalen Betrieb von Gleichstrommotoren in Automobilanwendungen entwickelt wurde.","robots":{"index":"index","follow":"follow","max-snippet":"max-snippet:-1","max-image-preview":"max-image-preview:large","max-video-preview":"max-video-preview:-1"},"canonical":"https:\/\/www.smpengineeredsolutions.com\/de\/produkte\/elektrifizierung-und-elektronik\/elektronische-steuerelemente\/kfz-h-brueckenmodul\/","og_locale":"de_DE","og_type":"article","og_title":"Kfz-H-Br\u00fcckenmodul","og_description":"Optimieren Sie die Motorsteuerung mit der automobilen H-Br\u00fcckenschaltung von SMP Engineering, die f\u00fcr den effizienten, bidirektionalen Betrieb von Gleichstrommotoren in Automobilanwendungen entwickelt wurde.","og_url":"https:\/\/www.smpengineeredsolutions.com\/de\/produkte\/elektrifizierung-und-elektronik\/elektronische-steuerelemente\/kfz-h-brueckenmodul\/","og_site_name":"Standard Motor Products, Inc.","article_modified_time":"2025-03-12T14:15:05+00:00","og_image":[{"url":"https:\/\/www.smpengineeredsolutions.com\/wp-content\/uploads\/031_J1939-H-Bridge-Module_99-0610.jpg","type":"","width":"","height":""}],"twitter_misc":{"Gesch\u00e4tzte Lesezeit":"2\u00a0Minuten"},"schema":{"@context":"https:\/\/schema.org","@graph":[{"@type":"WebPage","@id":"https:\/\/www.smpengineeredsolutions.com\/de\/produkte\/elektrifizierung-und-elektronik\/elektronische-steuerelemente\/kfz-h-brueckenmodul\/","url":"https:\/\/www.smpengineeredsolutions.com\/de\/produkte\/elektrifizierung-und-elektronik\/elektronische-steuerelemente\/kfz-h-brueckenmodul\/","name":"H-Br\u00fccken-Schaltung f\u00fcr Kraftfahrzeuge | Standard Motor Products","isPartOf":{"@id":"https:\/\/www._tcp.smpengineeredsolutions.com\/#website"},"primaryImageOfPage":{"@id":"https:\/\/www.smpengineeredsolutions.com\/de\/produkte\/elektrifizierung-und-elektronik\/elektronische-steuerelemente\/kfz-h-brueckenmodul\/#primaryimage"},"image":{"@id":"https:\/\/www.smpengineeredsolutions.com\/de\/produkte\/elektrifizierung-und-elektronik\/elektronische-steuerelemente\/kfz-h-brueckenmodul\/#primaryimage"},"thumbnailUrl":"https:\/\/www.smpengineeredsolutions.com\/wp-content\/uploads\/031_J1939-H-Bridge-Module_99-0610.jpg","datePublished":"2023-01-10T11:47:54+00:00","dateModified":"2025-03-12T14:15:05+00:00","description":"Optimieren Sie die Motorsteuerung mit der automobilen H-Br\u00fcckenschaltung von SMP Engineering, die f\u00fcr den effizienten, bidirektionalen Betrieb von Gleichstrommotoren in Automobilanwendungen entwickelt wurde.","breadcrumb":{"@id":"https:\/\/www.smpengineeredsolutions.com\/de\/produkte\/elektrifizierung-und-elektronik\/elektronische-steuerelemente\/kfz-h-brueckenmodul\/#breadcrumb"},"inLanguage":"de","potentialAction":[{"@type":"ReadAction","target":["https:\/\/www.smpengineeredsolutions.com\/de\/produkte\/elektrifizierung-und-elektronik\/elektronische-steuerelemente\/kfz-h-brueckenmodul\/"]}]},{"@type":"ImageObject","inLanguage":"de","@id":"https:\/\/www.smpengineeredsolutions.com\/de\/produkte\/elektrifizierung-und-elektronik\/elektronische-steuerelemente\/kfz-h-brueckenmodul\/#primaryimage","url":"https:\/\/www.smpengineeredsolutions.com\/wp-content\/uploads\/031_J1939-H-Bridge-Module_99-0610.jpg","contentUrl":"https:\/\/www.smpengineeredsolutions.com\/wp-content\/uploads\/031_J1939-H-Bridge-Module_99-0610.jpg"},{"@type":"BreadcrumbList","@id":"https:\/\/www.smpengineeredsolutions.com\/de\/produkte\/elektrifizierung-und-elektronik\/elektronische-steuerelemente\/kfz-h-brueckenmodul\/#breadcrumb","itemListElement":[{"@type":"ListItem","position":1,"name":"Home","item":"https:\/\/www.smpengineeredsolutions.com\/de\/"},{"@type":"ListItem","position":2,"name":"Produkte","item":"https:\/\/www.smpengineeredsolutions.com\/de\/produkte\/"},{"@type":"ListItem","position":3,"name":"Elektrifizierung und Elektronik","item":"https:\/\/www.smpengineeredsolutions.com\/de\/produkte\/elektrifizierung-und-elektronik\/"},{"@type":"ListItem","position":4,"name":"Elektronische Kontrollsysteme","item":"https:\/\/www.smpengineeredsolutions.com\/de\/produkte\/elektrifizierung-und-elektronik\/elektronische-steuerelemente\/"},{"@type":"ListItem","position":5,"name":"Kfz-H-Br\u00fcckenmodul"}]},{"@type":"WebSite","@id":"https:\/\/www._tcp.smpengineeredsolutions.com\/#website","url":"https:\/\/www._tcp.smpengineeredsolutions.com\/","name":"Standard Motor Products, Inc.","description":"","publisher":{"@id":"https:\/\/www._tcp.smpengineeredsolutions.com\/#organization"},"potentialAction":[{"@type":"SearchAction","target":{"@type":"EntryPoint","urlTemplate":"https:\/\/www._tcp.smpengineeredsolutions.com\/?s={search_term_string}"},"query-input":{"@type":"PropertyValueSpecification","valueRequired":true,"valueName":"search_term_string"}}],"inLanguage":"de"},{"@type":"Organization","@id":"https:\/\/www._tcp.smpengineeredsolutions.com\/#organization","name":"SMP\u00ae Engineered Solutions","url":"https:\/\/www._tcp.smpengineeredsolutions.com\/","logo":{"@type":"ImageObject","inLanguage":"de","@id":"https:\/\/www._tcp.smpengineeredsolutions.com\/#\/schema\/logo\/image\/","url":"https:\/\/www.a.smpengineeredsolutions.com\/wp-content\/uploads\/smp-logo.png","contentUrl":"https:\/\/www.a.smpengineeredsolutions.com\/wp-content\/uploads\/smp-logo.png","width":264,"height":117,"caption":"SMP\u00ae Engineered Solutions"},"image":{"@id":"https:\/\/www._tcp.smpengineeredsolutions.com\/#\/schema\/logo\/image\/"},"sameAs":["https:\/\/www.youtube.com\/@StandardMotorProductsInc","https:\/\/www.linkedin.com\/company\/standard-motor-products"]}]}},"_links":{"self":[{"href":"https:\/\/www.smpengineeredsolutions.com\/de\/wp-json\/wp\/v2\/pages\/4736","targetHints":{"allow":["GET"]}}],"collection":[{"href":"https:\/\/www.smpengineeredsolutions.com\/de\/wp-json\/wp\/v2\/pages"}],"about":[{"href":"https:\/\/www.smpengineeredsolutions.com\/de\/wp-json\/wp\/v2\/types\/page"}],"author":[{"embeddable":true,"href":"https:\/\/www.smpengineeredsolutions.com\/de\/wp-json\/wp\/v2\/users\/27"}],"replies":[{"embeddable":true,"href":"https:\/\/www.smpengineeredsolutions.com\/de\/wp-json\/wp\/v2\/comments?post=4736"}],"version-history":[{"count":3,"href":"https:\/\/www.smpengineeredsolutions.com\/de\/wp-json\/wp\/v2\/pages\/4736\/revisions"}],"predecessor-version":[{"id":7811,"href":"https:\/\/www.smpengineeredsolutions.com\/de\/wp-json\/wp\/v2\/pages\/4736\/revisions\/7811"}],"up":[{"embeddable":true,"href":"https:\/\/www.smpengineeredsolutions.com\/de\/wp-json\/wp\/v2\/pages\/4734"}],"wp:attachment":[{"href":"https:\/\/www.smpengineeredsolutions.com\/de\/wp-json\/wp\/v2\/media?parent=4736"}],"curies":[{"name":"wp","href":"https:\/\/api.w.org\/{rel}","templated":true}]}}