{"id":4734,"date":"2023-01-09T15:18:41","date_gmt":"2023-01-09T20:18:41","guid":{"rendered":"https:\/\/smpengineeredsolutions.com\/?page_id=4734"},"modified":"2025-04-28T16:06:58","modified_gmt":"2025-04-28T20:06:58","slug":"elektronische-steuerelemente","status":"publish","type":"page","link":"https:\/\/www.smpengineeredsolutions.com\/de\/produkte\/elektrifizierung-und-elektronik\/elektronische-steuerelemente\/","title":{"rendered":"Elektronische Kontrollsysteme"},"content":{"rendered":"<div class=\"feature-img-right\"><a class=\"lightbox\" href=\"\/wp-content\/uploads\/IO-Module-2.png\"><img loading=\"lazy\" decoding=\"async\" class=\"\" title=\"Elektronische Steuerelemente \" src=\"\/wp-content\/uploads\/IO-Module-2.png\" alt=\"Elektronische Steuerelemente\" width=\"206\" height=\"206\" \/><\/a><\/div>\n<h2>Elektronische Kontrollsysteme<\/h2>\n<p>Elektronische Steuersysteme sind Ger\u00e4te, die eine bestimmte Automatisierungsfunktion \u00fcberwachen und steuern, indem sie den Stromfluss f\u00fcr entsprechende Vorg\u00e4nge regulieren. Alle unsere Steuersysteme sind f\u00fcr eine schnellere Signal\u00fcbertragung ausgelegt, sie sind robust und widerstandsf\u00e4hig, verf\u00fcgen \u00fcber eine hervorragende Fehlererkennung, sind zuverl\u00e4ssig und wurden so gebaut, dass sie allen Umweltbedingungen standhalten.<\/p>\n<p><strong>Elektronisches System Darstellung des Blockdiagramms<\/strong><\/p>\n<p><img loading=\"lazy\" decoding=\"async\" class=\"alignnone wp-image-7054\" src=\"https:\/\/www.smpengineeredsolutions.com\/wp-content\/uploads\/Electronic-Control-System-infograph-500x174.png\" alt=\"\" width=\"635\" height=\"221\" srcset=\"https:\/\/www.smpengineeredsolutions.com\/wp-content\/uploads\/Electronic-Control-System-infograph-500x174.png 500w, https:\/\/www.smpengineeredsolutions.com\/wp-content\/uploads\/Electronic-Control-System-infograph-1024x356.png 1024w, https:\/\/www.smpengineeredsolutions.com\/wp-content\/uploads\/Electronic-Control-System-infograph-768x267.png 768w, https:\/\/www.smpengineeredsolutions.com\/wp-content\/uploads\/Electronic-Control-System-infograph-1536x534.png 1536w, https:\/\/www.smpengineeredsolutions.com\/wp-content\/uploads\/Electronic-Control-System-infograph-2048x712.png 2048w\" sizes=\"auto, (max-width: 635px) 100vw, 635px\" \/><\/p>\n<p>Bei SMP bieten wir eine Vielzahl von elektronischen Steuerungen f\u00fcr Ihre L\u00f6sung an. Um einige hervorzuheben, bieten wir<\/p>\n<ul>\n<li><strong>Digitale Schaltsysteme<\/strong> sind netzgesteuerte Hardwareger\u00e4te, die mechanische Gleichstromschalter durch digitale Stromverteilungs-Schaltsysteme ersetzen.<\/li>\n<li><strong>Das Automotive H-Bridge-Modul<\/strong> ist ein Ger\u00e4t, das eine effiziente M\u00f6glichkeit bietet, die Polarit\u00e4t bei einer Vielzahl von Gleichstromlasten umzukehren.<\/li>\n<li><strong>Die versiegelte Stromschiene ist<\/strong> so konstruiert, dass korrodierte Verbindungspunkte und das Potenzial f\u00fcr unterbrochene Verbindungen auf der Stromschiene vermieden werden.<\/li>\n<li><strong>Der Batterietrenner ist<\/strong> ein Ger\u00e4t, das jede Sekunde die Spannungen an beiden M8-Klemmen \u00fcberwacht. Es \u00f6ffnet oder schlie\u00dft die Kontakte nach bestimmten Verz\u00f6gerungszeiten nur dann, wenn die Spannungen innerhalb der festgelegten Parameter liegen.<\/li>\n<\/ul>\n<h2>Warum sollten Sie unser Produkt w\u00e4hlen?<\/h2>\n<ul>\n<li>Unsere Produkte sind witterungsbest\u00e4ndig und sch\u00fctzen vor Wasser, Staub, Schmutz und anderen Umweltverschmutzungen, die herk\u00f6mmliche Systeme besch\u00e4digen w\u00fcrden<\/li>\n<li>Sie bieten Flexibilit\u00e4t bei der Anpassung und erm\u00f6glichen einen einfachen Austausch und Upgrades bestimmter Systeme<\/li>\n<li>Last- und Spannungsschutz<\/li>\n<li>Anpassbar je nach Anwendungsbedarf<\/li>\n<\/ul>\n<p><strong>Unsere Kontrollsysteme sind unverzichtbar in Branchen wie<\/strong><\/p>\n<ul>\n<li>Schifffahrt<\/li>\n<li>Industrie (Landwirtschaft und Baumaschinen)<\/li>\n<li>Rasen und Garten<\/li>\n<li>Powersports Fahrzeug<\/li>\n<\/ul>\n<p>Wenden Sie sich an Trombetta, wenn Sie Ihre n\u00e4chste kundenspezifische Steuerung ben\u00f6tigen.<\/p>\n<p><img loading=\"lazy\" decoding=\"async\" class=\"alignleft wp-image-3074\" title=\"SMP Trombetta Logo\" src=\"https:\/\/www.smpengineeredsolutions.com\/wp-content\/uploads\/SMP-Trombetta-4C-500x75.png\" alt=\"SMP Trombetta Logo\" width=\"347\" height=\"52\" srcset=\"https:\/\/www.smpengineeredsolutions.com\/wp-content\/uploads\/SMP-Trombetta-4C-500x75.png 500w, https:\/\/www.smpengineeredsolutions.com\/wp-content\/uploads\/SMP-Trombetta-4C-1024x154.png 1024w, https:\/\/www.smpengineeredsolutions.com\/wp-content\/uploads\/SMP-Trombetta-4C-768x116.png 768w, https:\/\/www.smpengineeredsolutions.com\/wp-content\/uploads\/SMP-Trombetta-4C-1536x231.png 1536w, https:\/\/www.smpengineeredsolutions.com\/wp-content\/uploads\/SMP-Trombetta-4C-2048x309.png 2048w\" sizes=\"auto, (max-width: 347px) 100vw, 347px\" \/><\/p>\n","protected":false},"excerpt":{"rendered":"<p>Elektronische Kontrollsysteme Elektronische Steuersysteme sind Ger\u00e4te, die eine bestimmte Automatisierungsfunktion \u00fcberwachen und steuern, indem sie den Stromfluss f\u00fcr entsprechende Vorg\u00e4nge regulieren. Alle unsere Steuersysteme sind f\u00fcr eine schnellere Signal\u00fcbertragung ausgelegt, sie sind robust und widerstandsf\u00e4hig, verf\u00fcgen \u00fcber eine hervorragende Fehlererkennung, sind zuverl\u00e4ssig und wurden so gebaut, dass sie allen Umweltbedingungen standhalten. Elektronisches System Darstellung des&#8230; [&#8230;]<\/p>\n<p><a class=\"btn btn-secondary understrap-read-more-link\" href=\"https:\/\/www.smpengineeredsolutions.com\/de\/produkte\/elektrifizierung-und-elektronik\/elektronische-steuerelemente\/\">Weiterlesen&#8230;<\/a><\/p>\n","protected":false},"author":27,"featured_media":0,"parent":4716,"menu_order":0,"comment_status":"closed","ping_status":"closed","template":"page-templates\/destination-content.php","meta":{"_acf_changed":false,"inline_featured_image":false,"footnotes":""},"class_list":["post-4734","page","type-page","status-publish","hentry"],"featured_image_src":null,"acf":[],"yoast_head":"<!-- This site is optimized with the Yoast SEO Premium plugin v27.5 (Yoast SEO v27.5) - https:\/\/yoast.com\/product\/yoast-seo-premium-wordpress\/ -->\n<title>Elektronische Steuerungssysteme | Standard Motor Control, Inc.<\/title>\n<meta name=\"description\" content=\"Entdecken Sie die fortschrittlichen elektronischen Steuerungssysteme von SMP Engineered Solutions, die f\u00fcr optimale Leistung und Zuverl\u00e4ssigkeit in der Automatisierung und Elektronik entwickelt wurden.\" \/>\n<meta name=\"robots\" content=\"index, follow, max-snippet:-1, max-image-preview:large, max-video-preview:-1\" \/>\n<link rel=\"canonical\" href=\"https:\/\/www.smpengineeredsolutions.com\/de\/produkte\/elektrifizierung-und-elektronik\/elektronische-steuerelemente\/\" \/>\n<meta property=\"og:locale\" content=\"de_DE\" \/>\n<meta property=\"og:type\" content=\"article\" \/>\n<meta property=\"og:title\" content=\"Elektronische Kontrollsysteme\" \/>\n<meta property=\"og:description\" content=\"Entdecken Sie die fortschrittlichen elektronischen Steuerungssysteme von SMP Engineered Solutions, die f\u00fcr optimale Leistung und Zuverl\u00e4ssigkeit in der Automatisierung und Elektronik entwickelt wurden.\" \/>\n<meta property=\"og:url\" content=\"https:\/\/www.smpengineeredsolutions.com\/de\/produkte\/elektrifizierung-und-elektronik\/elektronische-steuerelemente\/\" \/>\n<meta property=\"og:site_name\" content=\"Standard Motor Products, Inc.\" \/>\n<meta property=\"article:modified_time\" content=\"2025-04-28T20:06:58+00:00\" \/>\n<meta property=\"og:image\" content=\"https:\/\/www.smpengineeredsolutions.com\/wp-content\/uploads\/Electronic-Control-System-infograph-500x174.png\" \/>\n<meta name=\"twitter:label1\" content=\"Gesch\u00e4tzte Lesezeit\" \/>\n\t<meta name=\"twitter:data1\" content=\"2\u00a0Minuten\" \/>\n<script type=\"application\/ld+json\" class=\"yoast-schema-graph\">{\"@context\":\"https:\\\/\\\/schema.org\",\"@graph\":[{\"@type\":\"WebPage\",\"@id\":\"https:\\\/\\\/www.smpengineeredsolutions.com\\\/de\\\/produkte\\\/elektrifizierung-und-elektronik\\\/elektronische-steuerelemente\\\/\",\"url\":\"https:\\\/\\\/www.smpengineeredsolutions.com\\\/de\\\/produkte\\\/elektrifizierung-und-elektronik\\\/elektronische-steuerelemente\\\/\",\"name\":\"Elektronische Steuerungssysteme | Standard Motor Control, Inc.\",\"isPartOf\":{\"@id\":\"https:\\\/\\\/www.smpengineeredsolutions.com\\\/de\\\/#website\"},\"primaryImageOfPage\":{\"@id\":\"https:\\\/\\\/www.smpengineeredsolutions.com\\\/de\\\/produkte\\\/elektrifizierung-und-elektronik\\\/elektronische-steuerelemente\\\/#primaryimage\"},\"image\":{\"@id\":\"https:\\\/\\\/www.smpengineeredsolutions.com\\\/de\\\/produkte\\\/elektrifizierung-und-elektronik\\\/elektronische-steuerelemente\\\/#primaryimage\"},\"thumbnailUrl\":\"https:\\\/\\\/www.smpengineeredsolutions.com\\\/wp-content\\\/uploads\\\/Electronic-Control-System-infograph-500x174.png\",\"datePublished\":\"2023-01-09T20:18:41+00:00\",\"dateModified\":\"2025-04-28T20:06:58+00:00\",\"description\":\"Entdecken Sie die fortschrittlichen elektronischen Steuerungssysteme von SMP Engineered Solutions, die f\u00fcr optimale Leistung und Zuverl\u00e4ssigkeit in der Automatisierung und Elektronik entwickelt wurden.\",\"breadcrumb\":{\"@id\":\"https:\\\/\\\/www.smpengineeredsolutions.com\\\/de\\\/produkte\\\/elektrifizierung-und-elektronik\\\/elektronische-steuerelemente\\\/#breadcrumb\"},\"inLanguage\":\"de\",\"potentialAction\":[{\"@type\":\"ReadAction\",\"target\":[\"https:\\\/\\\/www.smpengineeredsolutions.com\\\/de\\\/produkte\\\/elektrifizierung-und-elektronik\\\/elektronische-steuerelemente\\\/\"]}]},{\"@type\":\"ImageObject\",\"inLanguage\":\"de\",\"@id\":\"https:\\\/\\\/www.smpengineeredsolutions.com\\\/de\\\/produkte\\\/elektrifizierung-und-elektronik\\\/elektronische-steuerelemente\\\/#primaryimage\",\"url\":\"https:\\\/\\\/www.smpengineeredsolutions.com\\\/wp-content\\\/uploads\\\/Electronic-Control-System-infograph-500x174.png\",\"contentUrl\":\"https:\\\/\\\/www.smpengineeredsolutions.com\\\/wp-content\\\/uploads\\\/Electronic-Control-System-infograph-500x174.png\"},{\"@type\":\"BreadcrumbList\",\"@id\":\"https:\\\/\\\/www.smpengineeredsolutions.com\\\/de\\\/produkte\\\/elektrifizierung-und-elektronik\\\/elektronische-steuerelemente\\\/#breadcrumb\",\"itemListElement\":[{\"@type\":\"ListItem\",\"position\":1,\"name\":\"Home\",\"item\":\"https:\\\/\\\/www.smpengineeredsolutions.com\\\/de\\\/\"},{\"@type\":\"ListItem\",\"position\":2,\"name\":\"Produkte\",\"item\":\"https:\\\/\\\/www.smpengineeredsolutions.com\\\/de\\\/produkte\\\/\"},{\"@type\":\"ListItem\",\"position\":3,\"name\":\"Elektrifizierung und Elektronik\",\"item\":\"https:\\\/\\\/www.smpengineeredsolutions.com\\\/de\\\/produkte\\\/elektrifizierung-und-elektronik\\\/\"},{\"@type\":\"ListItem\",\"position\":4,\"name\":\"Elektronische Kontrollsysteme\"}]},{\"@type\":\"WebSite\",\"@id\":\"https:\\\/\\\/www.smpengineeredsolutions.com\\\/de\\\/#website\",\"url\":\"https:\\\/\\\/www.smpengineeredsolutions.com\\\/de\\\/\",\"name\":\"Standard Motor Products, Inc.\",\"description\":\"\",\"publisher\":{\"@id\":\"https:\\\/\\\/www.smpengineeredsolutions.com\\\/de\\\/#organization\"},\"potentialAction\":[{\"@type\":\"SearchAction\",\"target\":{\"@type\":\"EntryPoint\",\"urlTemplate\":\"https:\\\/\\\/www.smpengineeredsolutions.com\\\/de\\\/?s={search_term_string}\"},\"query-input\":{\"@type\":\"PropertyValueSpecification\",\"valueRequired\":true,\"valueName\":\"search_term_string\"}}],\"inLanguage\":\"de\"},{\"@type\":\"Organization\",\"@id\":\"https:\\\/\\\/www.smpengineeredsolutions.com\\\/de\\\/#organization\",\"name\":\"SMP\u00ae Engineered Solutions\",\"url\":\"https:\\\/\\\/www.smpengineeredsolutions.com\\\/de\\\/\",\"logo\":{\"@type\":\"ImageObject\",\"inLanguage\":\"de\",\"@id\":\"https:\\\/\\\/www.smpengineeredsolutions.com\\\/de\\\/#\\\/schema\\\/logo\\\/image\\\/\",\"url\":\"https:\\\/\\\/www.a.smpengineeredsolutions.com\\\/wp-content\\\/uploads\\\/smp-logo.png\",\"contentUrl\":\"https:\\\/\\\/www.a.smpengineeredsolutions.com\\\/wp-content\\\/uploads\\\/smp-logo.png\",\"width\":264,\"height\":117,\"caption\":\"SMP\u00ae Engineered Solutions\"},\"image\":{\"@id\":\"https:\\\/\\\/www.smpengineeredsolutions.com\\\/de\\\/#\\\/schema\\\/logo\\\/image\\\/\"},\"sameAs\":[\"https:\\\/\\\/www.youtube.com\\\/@StandardMotorProductsInc\",\"https:\\\/\\\/www.linkedin.com\\\/company\\\/standard-motor-products\"]}]}<\/script>\n<!-- \/ Yoast SEO Premium plugin. -->","yoast_head_json":{"title":"Elektronische Steuerungssysteme | Standard Motor Control, Inc.","description":"Entdecken Sie die fortschrittlichen elektronischen Steuerungssysteme von SMP Engineered Solutions, die f\u00fcr optimale Leistung und Zuverl\u00e4ssigkeit in der Automatisierung und Elektronik entwickelt wurden.","robots":{"index":"index","follow":"follow","max-snippet":"max-snippet:-1","max-image-preview":"max-image-preview:large","max-video-preview":"max-video-preview:-1"},"canonical":"https:\/\/www.smpengineeredsolutions.com\/de\/produkte\/elektrifizierung-und-elektronik\/elektronische-steuerelemente\/","og_locale":"de_DE","og_type":"article","og_title":"Elektronische Kontrollsysteme","og_description":"Entdecken Sie die fortschrittlichen elektronischen Steuerungssysteme von SMP Engineered Solutions, die f\u00fcr optimale Leistung und Zuverl\u00e4ssigkeit in der Automatisierung und Elektronik entwickelt wurden.","og_url":"https:\/\/www.smpengineeredsolutions.com\/de\/produkte\/elektrifizierung-und-elektronik\/elektronische-steuerelemente\/","og_site_name":"Standard Motor Products, Inc.","article_modified_time":"2025-04-28T20:06:58+00:00","og_image":[{"url":"https:\/\/www.smpengineeredsolutions.com\/wp-content\/uploads\/Electronic-Control-System-infograph-500x174.png","type":"","width":"","height":""}],"twitter_misc":{"Gesch\u00e4tzte Lesezeit":"2\u00a0Minuten"},"schema":{"@context":"https:\/\/schema.org","@graph":[{"@type":"WebPage","@id":"https:\/\/www.smpengineeredsolutions.com\/de\/produkte\/elektrifizierung-und-elektronik\/elektronische-steuerelemente\/","url":"https:\/\/www.smpengineeredsolutions.com\/de\/produkte\/elektrifizierung-und-elektronik\/elektronische-steuerelemente\/","name":"Elektronische Steuerungssysteme | Standard Motor Control, Inc.","isPartOf":{"@id":"https:\/\/www.smpengineeredsolutions.com\/de\/#website"},"primaryImageOfPage":{"@id":"https:\/\/www.smpengineeredsolutions.com\/de\/produkte\/elektrifizierung-und-elektronik\/elektronische-steuerelemente\/#primaryimage"},"image":{"@id":"https:\/\/www.smpengineeredsolutions.com\/de\/produkte\/elektrifizierung-und-elektronik\/elektronische-steuerelemente\/#primaryimage"},"thumbnailUrl":"https:\/\/www.smpengineeredsolutions.com\/wp-content\/uploads\/Electronic-Control-System-infograph-500x174.png","datePublished":"2023-01-09T20:18:41+00:00","dateModified":"2025-04-28T20:06:58+00:00","description":"Entdecken Sie die fortschrittlichen elektronischen Steuerungssysteme von SMP Engineered Solutions, die f\u00fcr optimale Leistung und Zuverl\u00e4ssigkeit in der Automatisierung und Elektronik entwickelt wurden.","breadcrumb":{"@id":"https:\/\/www.smpengineeredsolutions.com\/de\/produkte\/elektrifizierung-und-elektronik\/elektronische-steuerelemente\/#breadcrumb"},"inLanguage":"de","potentialAction":[{"@type":"ReadAction","target":["https:\/\/www.smpengineeredsolutions.com\/de\/produkte\/elektrifizierung-und-elektronik\/elektronische-steuerelemente\/"]}]},{"@type":"ImageObject","inLanguage":"de","@id":"https:\/\/www.smpengineeredsolutions.com\/de\/produkte\/elektrifizierung-und-elektronik\/elektronische-steuerelemente\/#primaryimage","url":"https:\/\/www.smpengineeredsolutions.com\/wp-content\/uploads\/Electronic-Control-System-infograph-500x174.png","contentUrl":"https:\/\/www.smpengineeredsolutions.com\/wp-content\/uploads\/Electronic-Control-System-infograph-500x174.png"},{"@type":"BreadcrumbList","@id":"https:\/\/www.smpengineeredsolutions.com\/de\/produkte\/elektrifizierung-und-elektronik\/elektronische-steuerelemente\/#breadcrumb","itemListElement":[{"@type":"ListItem","position":1,"name":"Home","item":"https:\/\/www.smpengineeredsolutions.com\/de\/"},{"@type":"ListItem","position":2,"name":"Produkte","item":"https:\/\/www.smpengineeredsolutions.com\/de\/produkte\/"},{"@type":"ListItem","position":3,"name":"Elektrifizierung und Elektronik","item":"https:\/\/www.smpengineeredsolutions.com\/de\/produkte\/elektrifizierung-und-elektronik\/"},{"@type":"ListItem","position":4,"name":"Elektronische Kontrollsysteme"}]},{"@type":"WebSite","@id":"https:\/\/www.smpengineeredsolutions.com\/de\/#website","url":"https:\/\/www.smpengineeredsolutions.com\/de\/","name":"Standard Motor Products, Inc.","description":"","publisher":{"@id":"https:\/\/www.smpengineeredsolutions.com\/de\/#organization"},"potentialAction":[{"@type":"SearchAction","target":{"@type":"EntryPoint","urlTemplate":"https:\/\/www.smpengineeredsolutions.com\/de\/?s={search_term_string}"},"query-input":{"@type":"PropertyValueSpecification","valueRequired":true,"valueName":"search_term_string"}}],"inLanguage":"de"},{"@type":"Organization","@id":"https:\/\/www.smpengineeredsolutions.com\/de\/#organization","name":"SMP\u00ae Engineered Solutions","url":"https:\/\/www.smpengineeredsolutions.com\/de\/","logo":{"@type":"ImageObject","inLanguage":"de","@id":"https:\/\/www.smpengineeredsolutions.com\/de\/#\/schema\/logo\/image\/","url":"https:\/\/www.a.smpengineeredsolutions.com\/wp-content\/uploads\/smp-logo.png","contentUrl":"https:\/\/www.a.smpengineeredsolutions.com\/wp-content\/uploads\/smp-logo.png","width":264,"height":117,"caption":"SMP\u00ae Engineered Solutions"},"image":{"@id":"https:\/\/www.smpengineeredsolutions.com\/de\/#\/schema\/logo\/image\/"},"sameAs":["https:\/\/www.youtube.com\/@StandardMotorProductsInc","https:\/\/www.linkedin.com\/company\/standard-motor-products"]}]}},"_links":{"self":[{"href":"https:\/\/www.smpengineeredsolutions.com\/de\/wp-json\/wp\/v2\/pages\/4734","targetHints":{"allow":["GET"]}}],"collection":[{"href":"https:\/\/www.smpengineeredsolutions.com\/de\/wp-json\/wp\/v2\/pages"}],"about":[{"href":"https:\/\/www.smpengineeredsolutions.com\/de\/wp-json\/wp\/v2\/types\/page"}],"author":[{"embeddable":true,"href":"https:\/\/www.smpengineeredsolutions.com\/de\/wp-json\/wp\/v2\/users\/27"}],"replies":[{"embeddable":true,"href":"https:\/\/www.smpengineeredsolutions.com\/de\/wp-json\/wp\/v2\/comments?post=4734"}],"version-history":[{"count":2,"href":"https:\/\/www.smpengineeredsolutions.com\/de\/wp-json\/wp\/v2\/pages\/4734\/revisions"}],"predecessor-version":[{"id":7069,"href":"https:\/\/www.smpengineeredsolutions.com\/de\/wp-json\/wp\/v2\/pages\/4734\/revisions\/7069"}],"up":[{"embeddable":true,"href":"https:\/\/www.smpengineeredsolutions.com\/de\/wp-json\/wp\/v2\/pages\/4716"}],"wp:attachment":[{"href":"https:\/\/www.smpengineeredsolutions.com\/de\/wp-json\/wp\/v2\/media?parent=4734"}],"curies":[{"name":"wp","href":"https:\/\/api.w.org\/{rel}","templated":true}]}}