{"id":4730,"date":"2023-01-09T15:15:18","date_gmt":"2023-01-09T20:15:18","guid":{"rendered":"https:\/\/smpengineeredsolutions.com\/?page_id=4730"},"modified":"2024-08-26T10:27:57","modified_gmt":"2024-08-26T14:27:57","slug":"canopen-bus-verteiler","status":"publish","type":"page","link":"https:\/\/www.smpengineeredsolutions.com\/de\/produkte\/elektrifizierung-und-elektronik\/strom-und-can-verteiler\/canopen-bus-verteiler\/","title":{"rendered":"Controller Area Network (CAN) Offener Bussplitter"},"content":{"rendered":"<div class=\"feature-img-right\"><a class=\"lightbox\" href=\"\/wp-content\/uploads\/CANopen-DLM-8B.jpg\"><img decoding=\"async\" title=\"CANopen-Bus-Verteiler\" src=\"\/wp-content\/uploads\/CANopen-DLM-8B.jpg\" alt=\"CANopen-Bus-Verteiler\" width=\"400\" \/><\/a><\/div>\n<h2><img loading=\"lazy\" decoding=\"async\" class=\"wp-image-3074\" title=\"SMP Trombetta Logo\" src=\"https:\/\/www.smpengineeredsolutions.com\/wp-content\/uploads\/SMP-Trombetta-4C-500x75.png\" alt=\"SMP Trombetta Logo\" width=\"407\" height=\"61\" srcset=\"https:\/\/www.smpengineeredsolutions.com\/wp-content\/uploads\/SMP-Trombetta-4C-500x75.png 500w, https:\/\/www.smpengineeredsolutions.com\/wp-content\/uploads\/SMP-Trombetta-4C-1024x154.png 1024w, https:\/\/www.smpengineeredsolutions.com\/wp-content\/uploads\/SMP-Trombetta-4C-768x116.png 768w, https:\/\/www.smpengineeredsolutions.com\/wp-content\/uploads\/SMP-Trombetta-4C-1536x231.png 1536w, https:\/\/www.smpengineeredsolutions.com\/wp-content\/uploads\/SMP-Trombetta-4C-2048x309.png 2048w\" sizes=\"auto, (max-width: 407px) 100vw, 407px\" \/><\/h2>\n<p>&nbsp;<\/p>\n<p>Der CANopen-Bus-Verteiler verwendet M12-Steckverbindungen, um eine kosteng\u00fcnstige und platzsparende M\u00f6glichkeit zum Anschluss mehrerer Ger\u00e4te an den CANopen-Bus zu bieten. Das Modul ist einfach zu montieren, nach IP67 eingestuft und f\u00fcr die raue Industrieumgebung ausgelegt.<\/p>\n<h2>Produktmerkmale<\/h2>\n<ul>\n<li>Bis zu 12 Anschl\u00fcsse auf 1 Modul<\/li>\n<li>Erh\u00e4ltlich mit 7\/8 Zoll Eingang und Ausgang<\/li>\n<li>Geringer Platzbedarf<\/li>\n<li>Vergossen \u2013 Schutz vor rauen Umgebungsbedingungen<\/li>\n<li>Einfache 2-Punkt-Montage \/ robustes ABS-Geh\u00e4use<\/li>\n<li>Kundenspezifisch anpassbar<\/li>\n<\/ul>\n","protected":false},"excerpt":{"rendered":"<p>&nbsp; Der CANopen-Bus-Verteiler verwendet M12-Steckverbindungen, um eine kosteng\u00fcnstige und platzsparende M\u00f6glichkeit zum Anschluss mehrerer Ger\u00e4te an den CANopen-Bus zu bieten. Das Modul ist einfach zu montieren, nach IP67 eingestuft und f\u00fcr die raue Industrieumgebung ausgelegt. Produktmerkmale Bis zu 12 Anschl\u00fcsse auf 1 Modul Erh\u00e4ltlich mit 7\/8 Zoll Eingang und Ausgang Geringer Platzbedarf Vergossen \u2013 Schutz&#8230; [&#8230;]<\/p>\n<p><a class=\"btn btn-secondary understrap-read-more-link\" href=\"https:\/\/www.smpengineeredsolutions.com\/de\/produkte\/elektrifizierung-und-elektronik\/strom-und-can-verteiler\/canopen-bus-verteiler\/\">Weiterlesen&#8230;<\/a><\/p>\n","protected":false},"author":27,"featured_media":0,"parent":4732,"menu_order":0,"comment_status":"closed","ping_status":"closed","template":"page-templates\/destination-content.php","meta":{"_acf_changed":false,"inline_featured_image":false,"footnotes":""},"class_list":["post-4730","page","type-page","status-publish","hentry"],"featured_image_src":null,"acf":[],"yoast_head":"<!-- This site is optimized with the Yoast SEO Premium plugin v27.5 (Yoast SEO v27.5) - https:\/\/yoast.com\/product\/yoast-seo-premium-wordpress\/ -->\n<title>CANopen Bus Verteiler | Controller Area Network (CAN) Bussplitter<\/title>\n<meta name=\"description\" content=\"Sehen Sie sich unseren CANopen-Bus-Splitter an - Dieser Splitter nutzt M12-Steckverbindungen, um eine effektive M\u00f6glichkeit zum Anschluss mehrerer Ger\u00e4te an den CANopen-Bus zu bieten.\" \/>\n<meta name=\"robots\" content=\"index, follow, max-snippet:-1, max-image-preview:large, max-video-preview:-1\" \/>\n<link rel=\"canonical\" href=\"https:\/\/www.smpengineeredsolutions.com\/de\/produkte\/elektrifizierung-und-elektronik\/strom-und-can-verteiler\/canopen-bus-verteiler\/\" \/>\n<meta property=\"og:locale\" content=\"de_DE\" \/>\n<meta property=\"og:type\" content=\"article\" \/>\n<meta property=\"og:title\" content=\"Controller Area Network (CAN) Offener Bussplitter\" \/>\n<meta property=\"og:description\" content=\"Sehen Sie sich unseren CANopen-Bus-Splitter an - Dieser Splitter nutzt M12-Steckverbindungen, um eine effektive M\u00f6glichkeit zum Anschluss mehrerer Ger\u00e4te an den CANopen-Bus zu bieten.\" \/>\n<meta property=\"og:url\" content=\"https:\/\/www.smpengineeredsolutions.com\/de\/produkte\/elektrifizierung-und-elektronik\/strom-und-can-verteiler\/canopen-bus-verteiler\/\" \/>\n<meta property=\"og:site_name\" content=\"Standard Motor Products, Inc.\" \/>\n<meta property=\"article:modified_time\" content=\"2024-08-26T14:27:57+00:00\" \/>\n<meta property=\"og:image\" content=\"https:\/\/www.smpengineeredsolutions.com\/wp-content\/uploads\/SMP-Trombetta-4C-500x75.png\" \/>\n<meta name=\"twitter:label1\" content=\"Gesch\u00e4tzte Lesezeit\" \/>\n\t<meta name=\"twitter:data1\" content=\"1\u00a0Minute\" \/>\n<script type=\"application\/ld+json\" class=\"yoast-schema-graph\">{\"@context\":\"https:\\\/\\\/schema.org\",\"@graph\":[{\"@type\":\"WebPage\",\"@id\":\"https:\\\/\\\/www.smpengineeredsolutions.com\\\/de\\\/produkte\\\/elektrifizierung-und-elektronik\\\/strom-und-can-verteiler\\\/canopen-bus-verteiler\\\/\",\"url\":\"https:\\\/\\\/www.smpengineeredsolutions.com\\\/de\\\/produkte\\\/elektrifizierung-und-elektronik\\\/strom-und-can-verteiler\\\/canopen-bus-verteiler\\\/\",\"name\":\"CANopen Bus Verteiler | Controller Area Network (CAN) Bussplitter\",\"isPartOf\":{\"@id\":\"https:\\\/\\\/www.smpengineeredsolutions.com\\\/de\\\/#website\"},\"primaryImageOfPage\":{\"@id\":\"https:\\\/\\\/www.smpengineeredsolutions.com\\\/de\\\/produkte\\\/elektrifizierung-und-elektronik\\\/strom-und-can-verteiler\\\/canopen-bus-verteiler\\\/#primaryimage\"},\"image\":{\"@id\":\"https:\\\/\\\/www.smpengineeredsolutions.com\\\/de\\\/produkte\\\/elektrifizierung-und-elektronik\\\/strom-und-can-verteiler\\\/canopen-bus-verteiler\\\/#primaryimage\"},\"thumbnailUrl\":\"https:\\\/\\\/www.smpengineeredsolutions.com\\\/wp-content\\\/uploads\\\/SMP-Trombetta-4C-500x75.png\",\"datePublished\":\"2023-01-09T20:15:18+00:00\",\"dateModified\":\"2024-08-26T14:27:57+00:00\",\"description\":\"Sehen Sie sich unseren CANopen-Bus-Splitter an - Dieser Splitter nutzt M12-Steckverbindungen, um eine effektive M\u00f6glichkeit zum Anschluss mehrerer Ger\u00e4te an den CANopen-Bus zu bieten.\",\"breadcrumb\":{\"@id\":\"https:\\\/\\\/www.smpengineeredsolutions.com\\\/de\\\/produkte\\\/elektrifizierung-und-elektronik\\\/strom-und-can-verteiler\\\/canopen-bus-verteiler\\\/#breadcrumb\"},\"inLanguage\":\"de\",\"potentialAction\":[{\"@type\":\"ReadAction\",\"target\":[\"https:\\\/\\\/www.smpengineeredsolutions.com\\\/de\\\/produkte\\\/elektrifizierung-und-elektronik\\\/strom-und-can-verteiler\\\/canopen-bus-verteiler\\\/\"]}]},{\"@type\":\"ImageObject\",\"inLanguage\":\"de\",\"@id\":\"https:\\\/\\\/www.smpengineeredsolutions.com\\\/de\\\/produkte\\\/elektrifizierung-und-elektronik\\\/strom-und-can-verteiler\\\/canopen-bus-verteiler\\\/#primaryimage\",\"url\":\"https:\\\/\\\/www.smpengineeredsolutions.com\\\/wp-content\\\/uploads\\\/SMP-Trombetta-4C-500x75.png\",\"contentUrl\":\"https:\\\/\\\/www.smpengineeredsolutions.com\\\/wp-content\\\/uploads\\\/SMP-Trombetta-4C-500x75.png\"},{\"@type\":\"BreadcrumbList\",\"@id\":\"https:\\\/\\\/www.smpengineeredsolutions.com\\\/de\\\/produkte\\\/elektrifizierung-und-elektronik\\\/strom-und-can-verteiler\\\/canopen-bus-verteiler\\\/#breadcrumb\",\"itemListElement\":[{\"@type\":\"ListItem\",\"position\":1,\"name\":\"Home\",\"item\":\"https:\\\/\\\/www.smpengineeredsolutions.com\\\/de\\\/\"},{\"@type\":\"ListItem\",\"position\":2,\"name\":\"Produkte\",\"item\":\"https:\\\/\\\/www.af63878a-61a4-44d4-a3f9-8118d911569f.smpengineeredsolutions.com\\\/de\\\/produkte\\\/\"},{\"@type\":\"ListItem\",\"position\":3,\"name\":\"Elektrifizierung und Elektronik\",\"item\":\"https:\\\/\\\/www._tcp.smpengineeredsolutions.com\\\/de\\\/produkte\\\/elektrifizierung-und-elektronik\\\/\"},{\"@type\":\"ListItem\",\"position\":4,\"name\":\"Strom- und CAN-Verteiler\",\"item\":\"https:\\\/\\\/www.c09acdd4-e699-42dd-9234-f3ab3eff54a8.smpengineeredsolutions.com\\\/de\\\/produkte\\\/elektrifizierung-und-elektronik\\\/strom-und-can-verteiler\\\/\"},{\"@type\":\"ListItem\",\"position\":5,\"name\":\"Controller Area Network (CAN) Offener Bussplitter\"}]},{\"@type\":\"WebSite\",\"@id\":\"https:\\\/\\\/www.smpengineeredsolutions.com\\\/de\\\/#website\",\"url\":\"https:\\\/\\\/www.smpengineeredsolutions.com\\\/de\\\/\",\"name\":\"Standard Motor Products, Inc.\",\"description\":\"\",\"publisher\":{\"@id\":\"https:\\\/\\\/www.smpengineeredsolutions.com\\\/de\\\/#organization\"},\"potentialAction\":[{\"@type\":\"SearchAction\",\"target\":{\"@type\":\"EntryPoint\",\"urlTemplate\":\"https:\\\/\\\/www.smpengineeredsolutions.com\\\/de\\\/?s={search_term_string}\"},\"query-input\":{\"@type\":\"PropertyValueSpecification\",\"valueRequired\":true,\"valueName\":\"search_term_string\"}}],\"inLanguage\":\"de\"},{\"@type\":\"Organization\",\"@id\":\"https:\\\/\\\/www.smpengineeredsolutions.com\\\/de\\\/#organization\",\"name\":\"SMP\u00ae Engineered Solutions\",\"url\":\"https:\\\/\\\/www.smpengineeredsolutions.com\\\/de\\\/\",\"logo\":{\"@type\":\"ImageObject\",\"inLanguage\":\"de\",\"@id\":\"https:\\\/\\\/www.smpengineeredsolutions.com\\\/de\\\/#\\\/schema\\\/logo\\\/image\\\/\",\"url\":\"https:\\\/\\\/www.a.smpengineeredsolutions.com\\\/wp-content\\\/uploads\\\/smp-logo.png\",\"contentUrl\":\"https:\\\/\\\/www.a.smpengineeredsolutions.com\\\/wp-content\\\/uploads\\\/smp-logo.png\",\"width\":264,\"height\":117,\"caption\":\"SMP\u00ae Engineered Solutions\"},\"image\":{\"@id\":\"https:\\\/\\\/www.smpengineeredsolutions.com\\\/de\\\/#\\\/schema\\\/logo\\\/image\\\/\"},\"sameAs\":[\"https:\\\/\\\/www.youtube.com\\\/@StandardMotorProductsInc\",\"https:\\\/\\\/www.linkedin.com\\\/company\\\/standard-motor-products\"]}]}<\/script>\n<!-- \/ Yoast SEO Premium plugin. -->","yoast_head_json":{"title":"CANopen Bus Verteiler | Controller Area Network (CAN) Bussplitter","description":"Sehen Sie sich unseren CANopen-Bus-Splitter an - Dieser Splitter nutzt M12-Steckverbindungen, um eine effektive M\u00f6glichkeit zum Anschluss mehrerer Ger\u00e4te an den CANopen-Bus zu bieten.","robots":{"index":"index","follow":"follow","max-snippet":"max-snippet:-1","max-image-preview":"max-image-preview:large","max-video-preview":"max-video-preview:-1"},"canonical":"https:\/\/www.smpengineeredsolutions.com\/de\/produkte\/elektrifizierung-und-elektronik\/strom-und-can-verteiler\/canopen-bus-verteiler\/","og_locale":"de_DE","og_type":"article","og_title":"Controller Area Network (CAN) Offener Bussplitter","og_description":"Sehen Sie sich unseren CANopen-Bus-Splitter an - Dieser Splitter nutzt M12-Steckverbindungen, um eine effektive M\u00f6glichkeit zum Anschluss mehrerer Ger\u00e4te an den CANopen-Bus zu bieten.","og_url":"https:\/\/www.smpengineeredsolutions.com\/de\/produkte\/elektrifizierung-und-elektronik\/strom-und-can-verteiler\/canopen-bus-verteiler\/","og_site_name":"Standard Motor Products, Inc.","article_modified_time":"2024-08-26T14:27:57+00:00","og_image":[{"url":"https:\/\/www.smpengineeredsolutions.com\/wp-content\/uploads\/SMP-Trombetta-4C-500x75.png","type":"","width":"","height":""}],"twitter_misc":{"Gesch\u00e4tzte Lesezeit":"1\u00a0Minute"},"schema":{"@context":"https:\/\/schema.org","@graph":[{"@type":"WebPage","@id":"https:\/\/www.smpengineeredsolutions.com\/de\/produkte\/elektrifizierung-und-elektronik\/strom-und-can-verteiler\/canopen-bus-verteiler\/","url":"https:\/\/www.smpengineeredsolutions.com\/de\/produkte\/elektrifizierung-und-elektronik\/strom-und-can-verteiler\/canopen-bus-verteiler\/","name":"CANopen Bus Verteiler | Controller Area Network (CAN) Bussplitter","isPartOf":{"@id":"https:\/\/www.smpengineeredsolutions.com\/de\/#website"},"primaryImageOfPage":{"@id":"https:\/\/www.smpengineeredsolutions.com\/de\/produkte\/elektrifizierung-und-elektronik\/strom-und-can-verteiler\/canopen-bus-verteiler\/#primaryimage"},"image":{"@id":"https:\/\/www.smpengineeredsolutions.com\/de\/produkte\/elektrifizierung-und-elektronik\/strom-und-can-verteiler\/canopen-bus-verteiler\/#primaryimage"},"thumbnailUrl":"https:\/\/www.smpengineeredsolutions.com\/wp-content\/uploads\/SMP-Trombetta-4C-500x75.png","datePublished":"2023-01-09T20:15:18+00:00","dateModified":"2024-08-26T14:27:57+00:00","description":"Sehen Sie sich unseren CANopen-Bus-Splitter an - Dieser Splitter nutzt M12-Steckverbindungen, um eine effektive M\u00f6glichkeit zum Anschluss mehrerer Ger\u00e4te an den CANopen-Bus zu bieten.","breadcrumb":{"@id":"https:\/\/www.smpengineeredsolutions.com\/de\/produkte\/elektrifizierung-und-elektronik\/strom-und-can-verteiler\/canopen-bus-verteiler\/#breadcrumb"},"inLanguage":"de","potentialAction":[{"@type":"ReadAction","target":["https:\/\/www.smpengineeredsolutions.com\/de\/produkte\/elektrifizierung-und-elektronik\/strom-und-can-verteiler\/canopen-bus-verteiler\/"]}]},{"@type":"ImageObject","inLanguage":"de","@id":"https:\/\/www.smpengineeredsolutions.com\/de\/produkte\/elektrifizierung-und-elektronik\/strom-und-can-verteiler\/canopen-bus-verteiler\/#primaryimage","url":"https:\/\/www.smpengineeredsolutions.com\/wp-content\/uploads\/SMP-Trombetta-4C-500x75.png","contentUrl":"https:\/\/www.smpengineeredsolutions.com\/wp-content\/uploads\/SMP-Trombetta-4C-500x75.png"},{"@type":"BreadcrumbList","@id":"https:\/\/www.smpengineeredsolutions.com\/de\/produkte\/elektrifizierung-und-elektronik\/strom-und-can-verteiler\/canopen-bus-verteiler\/#breadcrumb","itemListElement":[{"@type":"ListItem","position":1,"name":"Home","item":"https:\/\/www.smpengineeredsolutions.com\/de\/"},{"@type":"ListItem","position":2,"name":"Produkte","item":"https:\/\/www.af63878a-61a4-44d4-a3f9-8118d911569f.smpengineeredsolutions.com\/de\/produkte\/"},{"@type":"ListItem","position":3,"name":"Elektrifizierung und Elektronik","item":"https:\/\/www._tcp.smpengineeredsolutions.com\/de\/produkte\/elektrifizierung-und-elektronik\/"},{"@type":"ListItem","position":4,"name":"Strom- und CAN-Verteiler","item":"https:\/\/www.c09acdd4-e699-42dd-9234-f3ab3eff54a8.smpengineeredsolutions.com\/de\/produkte\/elektrifizierung-und-elektronik\/strom-und-can-verteiler\/"},{"@type":"ListItem","position":5,"name":"Controller Area Network (CAN) Offener Bussplitter"}]},{"@type":"WebSite","@id":"https:\/\/www.smpengineeredsolutions.com\/de\/#website","url":"https:\/\/www.smpengineeredsolutions.com\/de\/","name":"Standard Motor Products, Inc.","description":"","publisher":{"@id":"https:\/\/www.smpengineeredsolutions.com\/de\/#organization"},"potentialAction":[{"@type":"SearchAction","target":{"@type":"EntryPoint","urlTemplate":"https:\/\/www.smpengineeredsolutions.com\/de\/?s={search_term_string}"},"query-input":{"@type":"PropertyValueSpecification","valueRequired":true,"valueName":"search_term_string"}}],"inLanguage":"de"},{"@type":"Organization","@id":"https:\/\/www.smpengineeredsolutions.com\/de\/#organization","name":"SMP\u00ae Engineered Solutions","url":"https:\/\/www.smpengineeredsolutions.com\/de\/","logo":{"@type":"ImageObject","inLanguage":"de","@id":"https:\/\/www.smpengineeredsolutions.com\/de\/#\/schema\/logo\/image\/","url":"https:\/\/www.a.smpengineeredsolutions.com\/wp-content\/uploads\/smp-logo.png","contentUrl":"https:\/\/www.a.smpengineeredsolutions.com\/wp-content\/uploads\/smp-logo.png","width":264,"height":117,"caption":"SMP\u00ae Engineered Solutions"},"image":{"@id":"https:\/\/www.smpengineeredsolutions.com\/de\/#\/schema\/logo\/image\/"},"sameAs":["https:\/\/www.youtube.com\/@StandardMotorProductsInc","https:\/\/www.linkedin.com\/company\/standard-motor-products"]}]}},"_links":{"self":[{"href":"https:\/\/www.smpengineeredsolutions.com\/de\/wp-json\/wp\/v2\/pages\/4730","targetHints":{"allow":["GET"]}}],"collection":[{"href":"https:\/\/www.smpengineeredsolutions.com\/de\/wp-json\/wp\/v2\/pages"}],"about":[{"href":"https:\/\/www.smpengineeredsolutions.com\/de\/wp-json\/wp\/v2\/types\/page"}],"author":[{"embeddable":true,"href":"https:\/\/www.smpengineeredsolutions.com\/de\/wp-json\/wp\/v2\/users\/27"}],"replies":[{"embeddable":true,"href":"https:\/\/www.smpengineeredsolutions.com\/de\/wp-json\/wp\/v2\/comments?post=4730"}],"version-history":[{"count":2,"href":"https:\/\/www.smpengineeredsolutions.com\/de\/wp-json\/wp\/v2\/pages\/4730\/revisions"}],"predecessor-version":[{"id":7168,"href":"https:\/\/www.smpengineeredsolutions.com\/de\/wp-json\/wp\/v2\/pages\/4730\/revisions\/7168"}],"up":[{"embeddable":true,"href":"https:\/\/www.smpengineeredsolutions.com\/de\/wp-json\/wp\/v2\/pages\/4732"}],"wp:attachment":[{"href":"https:\/\/www.smpengineeredsolutions.com\/de\/wp-json\/wp\/v2\/media?parent=4730"}],"curies":[{"name":"wp","href":"https:\/\/api.w.org\/{rel}","templated":true}]}}