{"id":4725,"date":"2023-01-09T15:07:51","date_gmt":"2023-01-09T20:07:51","guid":{"rendered":"https:\/\/smpengineeredsolutions.com\/?page_id=4725"},"modified":"2025-01-08T12:10:14","modified_gmt":"2025-01-08T17:10:14","slug":"j1939-bus-verteiler","status":"publish","type":"page","link":"https:\/\/www.smpengineeredsolutions.com\/de\/produkte\/elektrifizierung-und-elektronik\/strom-und-can-verteiler\/j1939-bus-verteiler\/","title":{"rendered":"J1939-Bus-Verteiler"},"content":{"rendered":"<div class=\"feature-img-right\"><img loading=\"lazy\" decoding=\"async\" class=\"\" src=\"https:\/\/www.smpengineeredsolutions.com\/wp-content\/uploads\/99-0650-500x500.png\" width=\"352\" height=\"352\" \/><\/div>\n<div><img loading=\"lazy\" decoding=\"async\" class=\"alignnone  wp-image-4563\" src=\"https:\/\/www.smpengineeredsolutions.com\/wp-content\/uploads\/SMP-Trombetta-4C-500x75.png\" alt=\"\" width=\"367\" height=\"55\" srcset=\"https:\/\/www.smpengineeredsolutions.com\/wp-content\/uploads\/SMP-Trombetta-4C-500x75.png 500w, https:\/\/www.smpengineeredsolutions.com\/wp-content\/uploads\/SMP-Trombetta-4C-1024x154.png 1024w, https:\/\/www.smpengineeredsolutions.com\/wp-content\/uploads\/SMP-Trombetta-4C-768x116.png 768w, https:\/\/www.smpengineeredsolutions.com\/wp-content\/uploads\/SMP-Trombetta-4C-1536x231.png 1536w, https:\/\/www.smpengineeredsolutions.com\/wp-content\/uploads\/SMP-Trombetta-4C-2048x309.png 2048w\" sizes=\"auto, (max-width: 367px) 100vw, 367px\" \/><\/div>\n<p>Der J1939 CAN-Bus-Splitter ist ein Modul, mit dem sich mehrere Ger\u00e4te effizient und kosteng\u00fcnstig verbinden lassen. Dieses Modul senkt die Kosten, indem es Y-Adapter und zus\u00e4tzliche Kabelb\u00e4ume \u00fcberfl\u00fcssig macht, die normalerweise f\u00fcr zus\u00e4tzliche Busanschl\u00fcsse verwendet werden. Es ist \u00e4u\u00dferst n\u00fctzlich f\u00fcr gro\u00dfe Fahrzeuge, die im Transportwesen, in der Landwirtschaft und in der Industrie zum Einsatz kommen. Unser J1939 CAN-Bus ist in verschiedenen Konfigurationen erh\u00e4ltlich, um den Verkabelungsaufwand f\u00fcr den CAN-Bus zu reduzieren. Wir k\u00f6nnen Ihnen einen kundenspezifischen CAN-Bus-Splitter &#8211; J1939 anbieten, um Ihre Anwendungsanforderungen zu erf\u00fcllen.<\/p>\n<h3>\u00dcbersicht der CAN-Bus-Ger\u00e4te<\/h3>\n<p>Ein Controller Area Network (CAN)-Busger\u00e4t ist ein elektronisches Steuerger\u00e4t (ECU), ein Sensor oder ein anderes mikroprozessorgest\u00fctztes Steuerger\u00e4t, auch als Knotenpunkt bezeichnet, in einem CAN-Netzwerk. Diese Ger\u00e4te erm\u00f6glichen einen schnellen und pr\u00e4zisen Austausch von Informationen (Kommunikation), um die Funktion und Leistung von Systemen und Subsystemen in einem Fahrzeug ohne komplexe Verkabelung zu verbessern.<\/p>\n<p><strong>CAN-Splitter<\/strong> bieten eine platz-, gewichts- und kostensparende L\u00f6sung f\u00fcr verschiedene Anwendungen. Trombetta Splitter sind in verschiedenen Konfigurationen erh\u00e4ltlich, um die CAN-Bus Verkabelung zu reduzieren und Geld zu sparen. Durch die Verwendung von Kfz- oder M12-Steckern passen unsere Splitter problemlos in jedes J1939-, NMEA2000- oder CANopen-System.<\/p>\n<p><strong>CAN-Bus-Verteiler &#8211; J1939<\/strong><\/p>\n<p>Mit dem CAN-Bus-Splitter &#8211; J1939 k\u00f6nnen Sie mehrere Ger\u00e4te effizient und kosteng\u00fcnstig anschlie\u00dfen. Er macht Y-Adapter und einen zus\u00e4tzlichen Kabelbaum \u00fcberfl\u00fcssig. Aufgrund seiner kleinen Grundfl\u00e4che passt er problemlos in beengte R\u00e4ume. Wir k\u00f6nnen Ihnen einen ma\u00dfgeschneiderten CAN-Bus-Splitter &#8211; J1939 anbieten, der Ihren Anforderungen entspricht.<\/p>\n<p>Wenn Sie mehr \u00fcber J1939 und CAN-Splitter erfahren m\u00f6chten, besuchen Sie unseren Blog.<\/p>\n<h3>Merkmale des J1939-Netzwerksplitters<\/h3>\n<ul>\n<li>Reduziert Bus-Kabelb\u00e4ume<\/li>\n<li>Reduziert Busverbindungen<\/li>\n<li>Diverse Standardkonfigurationen<\/li>\n<li>Geringer Platzbedarf<\/li>\n<li>Vergossen \u2013 echte IP67-Einstufung<\/li>\n<li>Einfache 2-Punkt-Montage \/ robustes ABS-Geh\u00e4use<\/li>\n<li>Kundenspezifisch anpassbar<\/li>\n<\/ul>\n<h3>H\u00e4ufigste Anwendungen<\/h3>\n<p>Das J1939 CAN-Netzwerk ist geeignet f\u00fcr<\/p>\n<ul>\n<li>Landwirtschaft<\/li>\n<li>Bauwesen<\/li>\n<li>Industriell<\/li>\n<\/ul>\n","protected":false},"excerpt":{"rendered":"<p>Der J1939 CAN-Bus-Splitter ist ein Modul, mit dem sich mehrere Ger\u00e4te effizient und kosteng\u00fcnstig verbinden lassen. Dieses Modul senkt die Kosten, indem es Y-Adapter und zus\u00e4tzliche Kabelb\u00e4ume \u00fcberfl\u00fcssig macht, die normalerweise f\u00fcr zus\u00e4tzliche Busanschl\u00fcsse verwendet werden. Es ist \u00e4u\u00dferst n\u00fctzlich f\u00fcr gro\u00dfe Fahrzeuge, die im Transportwesen, in der Landwirtschaft und in der Industrie zum Einsatz&#8230; [&#8230;]<\/p>\n<p><a class=\"btn btn-secondary understrap-read-more-link\" href=\"https:\/\/www.smpengineeredsolutions.com\/de\/produkte\/elektrifizierung-und-elektronik\/strom-und-can-verteiler\/j1939-bus-verteiler\/\">Weiterlesen&#8230;<\/a><\/p>\n","protected":false},"author":27,"featured_media":0,"parent":4732,"menu_order":0,"comment_status":"closed","ping_status":"closed","template":"page-templates\/destination-content.php","meta":{"_acf_changed":false,"inline_featured_image":false,"footnotes":""},"class_list":["post-4725","page","type-page","status-publish","hentry"],"featured_image_src":null,"acf":[],"yoast_head":"<!-- This site is optimized with the Yoast SEO Premium plugin v27.4 (Yoast SEO v27.4) - https:\/\/yoast.com\/product\/yoast-seo-premium-wordpress\/ -->\n<title>J1939 Bus Splitter | CAN Ger\u00e4te | Standard Motor Products, Inc.<\/title>\n<meta name=\"description\" content=\"Optimieren Sie Ihr Netzwerk mit dem J1939 CAN Bus Splitter von SMP, der f\u00fcr eine zuverl\u00e4ssige und effiziente Daten\u00fcbertragung in komplexen J1939 CAN Bus Systemen entwickelt wurde.\" \/>\n<meta name=\"robots\" content=\"index, follow, max-snippet:-1, max-image-preview:large, max-video-preview:-1\" \/>\n<link rel=\"canonical\" href=\"https:\/\/www.smpengineeredsolutions.com\/de\/produkte\/elektrifizierung-und-elektronik\/strom-und-can-verteiler\/j1939-bus-verteiler\/\" \/>\n<meta property=\"og:locale\" content=\"de_DE\" \/>\n<meta property=\"og:type\" content=\"article\" \/>\n<meta property=\"og:title\" content=\"J1939-Bus-Verteiler\" \/>\n<meta property=\"og:description\" content=\"Optimieren Sie Ihr Netzwerk mit dem J1939 CAN Bus Splitter von SMP, der f\u00fcr eine zuverl\u00e4ssige und effiziente Daten\u00fcbertragung in komplexen J1939 CAN Bus Systemen entwickelt wurde.\" \/>\n<meta property=\"og:url\" content=\"https:\/\/www.smpengineeredsolutions.com\/de\/produkte\/elektrifizierung-und-elektronik\/strom-und-can-verteiler\/j1939-bus-verteiler\/\" \/>\n<meta property=\"og:site_name\" content=\"Standard Motor Products, Inc.\" \/>\n<meta property=\"article:modified_time\" content=\"2025-01-08T17:10:14+00:00\" \/>\n<meta property=\"og:image\" content=\"https:\/\/www.smpengineeredsolutions.com\/wp-content\/uploads\/99-0650-500x500.png\" \/>\n<meta name=\"twitter:label1\" content=\"Gesch\u00e4tzte Lesezeit\" \/>\n\t<meta name=\"twitter:data1\" content=\"2\u00a0Minuten\" \/>\n<script type=\"application\/ld+json\" class=\"yoast-schema-graph\">{\"@context\":\"https:\\\/\\\/schema.org\",\"@graph\":[{\"@type\":\"WebPage\",\"@id\":\"https:\\\/\\\/www.smpengineeredsolutions.com\\\/de\\\/produkte\\\/elektrifizierung-und-elektronik\\\/strom-und-can-verteiler\\\/j1939-bus-verteiler\\\/\",\"url\":\"https:\\\/\\\/www.smpengineeredsolutions.com\\\/de\\\/produkte\\\/elektrifizierung-und-elektronik\\\/strom-und-can-verteiler\\\/j1939-bus-verteiler\\\/\",\"name\":\"J1939 Bus Splitter | CAN Ger\u00e4te | Standard Motor Products, Inc.\",\"isPartOf\":{\"@id\":\"https:\\\/\\\/www._tcp.smpengineeredsolutions.com\\\/#website\"},\"primaryImageOfPage\":{\"@id\":\"https:\\\/\\\/www.smpengineeredsolutions.com\\\/de\\\/produkte\\\/elektrifizierung-und-elektronik\\\/strom-und-can-verteiler\\\/j1939-bus-verteiler\\\/#primaryimage\"},\"image\":{\"@id\":\"https:\\\/\\\/www.smpengineeredsolutions.com\\\/de\\\/produkte\\\/elektrifizierung-und-elektronik\\\/strom-und-can-verteiler\\\/j1939-bus-verteiler\\\/#primaryimage\"},\"thumbnailUrl\":\"https:\\\/\\\/www.smpengineeredsolutions.com\\\/wp-content\\\/uploads\\\/99-0650-500x500.png\",\"datePublished\":\"2023-01-09T20:07:51+00:00\",\"dateModified\":\"2025-01-08T17:10:14+00:00\",\"description\":\"Optimieren Sie Ihr Netzwerk mit dem J1939 CAN Bus Splitter von SMP, der f\u00fcr eine zuverl\u00e4ssige und effiziente Daten\u00fcbertragung in komplexen J1939 CAN Bus Systemen entwickelt wurde.\",\"breadcrumb\":{\"@id\":\"https:\\\/\\\/www.smpengineeredsolutions.com\\\/de\\\/produkte\\\/elektrifizierung-und-elektronik\\\/strom-und-can-verteiler\\\/j1939-bus-verteiler\\\/#breadcrumb\"},\"inLanguage\":\"de\",\"potentialAction\":[{\"@type\":\"ReadAction\",\"target\":[\"https:\\\/\\\/www.smpengineeredsolutions.com\\\/de\\\/produkte\\\/elektrifizierung-und-elektronik\\\/strom-und-can-verteiler\\\/j1939-bus-verteiler\\\/\"]}]},{\"@type\":\"ImageObject\",\"inLanguage\":\"de\",\"@id\":\"https:\\\/\\\/www.smpengineeredsolutions.com\\\/de\\\/produkte\\\/elektrifizierung-und-elektronik\\\/strom-und-can-verteiler\\\/j1939-bus-verteiler\\\/#primaryimage\",\"url\":\"https:\\\/\\\/www.smpengineeredsolutions.com\\\/wp-content\\\/uploads\\\/99-0650-500x500.png\",\"contentUrl\":\"https:\\\/\\\/www.smpengineeredsolutions.com\\\/wp-content\\\/uploads\\\/99-0650-500x500.png\"},{\"@type\":\"BreadcrumbList\",\"@id\":\"https:\\\/\\\/www.smpengineeredsolutions.com\\\/de\\\/produkte\\\/elektrifizierung-und-elektronik\\\/strom-und-can-verteiler\\\/j1939-bus-verteiler\\\/#breadcrumb\",\"itemListElement\":[{\"@type\":\"ListItem\",\"position\":1,\"name\":\"Home\",\"item\":\"https:\\\/\\\/www.smpengineeredsolutions.com\\\/de\\\/\"},{\"@type\":\"ListItem\",\"position\":2,\"name\":\"Produkte\",\"item\":\"https:\\\/\\\/www.smpengineeredsolutions.com\\\/de\\\/produkte\\\/\"},{\"@type\":\"ListItem\",\"position\":3,\"name\":\"Elektrifizierung und Elektronik\",\"item\":\"https:\\\/\\\/www.smpengineeredsolutions.com\\\/de\\\/produkte\\\/elektrifizierung-und-elektronik\\\/\"},{\"@type\":\"ListItem\",\"position\":4,\"name\":\"Strom- und CAN-Verteiler\",\"item\":\"https:\\\/\\\/www._whoispp._tcp.smpengineeredsolutions.com\\\/de\\\/produkte\\\/elektrifizierung-und-elektronik\\\/strom-und-can-verteiler\\\/\"},{\"@type\":\"ListItem\",\"position\":5,\"name\":\"J1939-Bus-Verteiler\"}]},{\"@type\":\"WebSite\",\"@id\":\"https:\\\/\\\/www._tcp.smpengineeredsolutions.com\\\/#website\",\"url\":\"https:\\\/\\\/www._tcp.smpengineeredsolutions.com\\\/\",\"name\":\"Standard Motor Products, Inc.\",\"description\":\"\",\"publisher\":{\"@id\":\"https:\\\/\\\/www._tcp.smpengineeredsolutions.com\\\/#organization\"},\"potentialAction\":[{\"@type\":\"SearchAction\",\"target\":{\"@type\":\"EntryPoint\",\"urlTemplate\":\"https:\\\/\\\/www._tcp.smpengineeredsolutions.com\\\/?s={search_term_string}\"},\"query-input\":{\"@type\":\"PropertyValueSpecification\",\"valueRequired\":true,\"valueName\":\"search_term_string\"}}],\"inLanguage\":\"de\"},{\"@type\":\"Organization\",\"@id\":\"https:\\\/\\\/www._tcp.smpengineeredsolutions.com\\\/#organization\",\"name\":\"SMP\u00ae Engineered Solutions\",\"url\":\"https:\\\/\\\/www._tcp.smpengineeredsolutions.com\\\/\",\"logo\":{\"@type\":\"ImageObject\",\"inLanguage\":\"de\",\"@id\":\"https:\\\/\\\/www._tcp.smpengineeredsolutions.com\\\/#\\\/schema\\\/logo\\\/image\\\/\",\"url\":\"https:\\\/\\\/www.a.smpengineeredsolutions.com\\\/wp-content\\\/uploads\\\/smp-logo.png\",\"contentUrl\":\"https:\\\/\\\/www.a.smpengineeredsolutions.com\\\/wp-content\\\/uploads\\\/smp-logo.png\",\"width\":264,\"height\":117,\"caption\":\"SMP\u00ae Engineered Solutions\"},\"image\":{\"@id\":\"https:\\\/\\\/www._tcp.smpengineeredsolutions.com\\\/#\\\/schema\\\/logo\\\/image\\\/\"},\"sameAs\":[\"https:\\\/\\\/www.youtube.com\\\/@StandardMotorProductsInc\",\"https:\\\/\\\/www.linkedin.com\\\/company\\\/standard-motor-products\"]}]}<\/script>\n<!-- \/ Yoast SEO Premium plugin. -->","yoast_head_json":{"title":"J1939 Bus Splitter | CAN Ger\u00e4te | Standard Motor Products, Inc.","description":"Optimieren Sie Ihr Netzwerk mit dem J1939 CAN Bus Splitter von SMP, der f\u00fcr eine zuverl\u00e4ssige und effiziente Daten\u00fcbertragung in komplexen J1939 CAN Bus Systemen entwickelt wurde.","robots":{"index":"index","follow":"follow","max-snippet":"max-snippet:-1","max-image-preview":"max-image-preview:large","max-video-preview":"max-video-preview:-1"},"canonical":"https:\/\/www.smpengineeredsolutions.com\/de\/produkte\/elektrifizierung-und-elektronik\/strom-und-can-verteiler\/j1939-bus-verteiler\/","og_locale":"de_DE","og_type":"article","og_title":"J1939-Bus-Verteiler","og_description":"Optimieren Sie Ihr Netzwerk mit dem J1939 CAN Bus Splitter von SMP, der f\u00fcr eine zuverl\u00e4ssige und effiziente Daten\u00fcbertragung in komplexen J1939 CAN Bus Systemen entwickelt wurde.","og_url":"https:\/\/www.smpengineeredsolutions.com\/de\/produkte\/elektrifizierung-und-elektronik\/strom-und-can-verteiler\/j1939-bus-verteiler\/","og_site_name":"Standard Motor Products, Inc.","article_modified_time":"2025-01-08T17:10:14+00:00","og_image":[{"url":"https:\/\/www.smpengineeredsolutions.com\/wp-content\/uploads\/99-0650-500x500.png","type":"","width":"","height":""}],"twitter_misc":{"Gesch\u00e4tzte Lesezeit":"2\u00a0Minuten"},"schema":{"@context":"https:\/\/schema.org","@graph":[{"@type":"WebPage","@id":"https:\/\/www.smpengineeredsolutions.com\/de\/produkte\/elektrifizierung-und-elektronik\/strom-und-can-verteiler\/j1939-bus-verteiler\/","url":"https:\/\/www.smpengineeredsolutions.com\/de\/produkte\/elektrifizierung-und-elektronik\/strom-und-can-verteiler\/j1939-bus-verteiler\/","name":"J1939 Bus Splitter | CAN Ger\u00e4te | Standard Motor Products, Inc.","isPartOf":{"@id":"https:\/\/www._tcp.smpengineeredsolutions.com\/#website"},"primaryImageOfPage":{"@id":"https:\/\/www.smpengineeredsolutions.com\/de\/produkte\/elektrifizierung-und-elektronik\/strom-und-can-verteiler\/j1939-bus-verteiler\/#primaryimage"},"image":{"@id":"https:\/\/www.smpengineeredsolutions.com\/de\/produkte\/elektrifizierung-und-elektronik\/strom-und-can-verteiler\/j1939-bus-verteiler\/#primaryimage"},"thumbnailUrl":"https:\/\/www.smpengineeredsolutions.com\/wp-content\/uploads\/99-0650-500x500.png","datePublished":"2023-01-09T20:07:51+00:00","dateModified":"2025-01-08T17:10:14+00:00","description":"Optimieren Sie Ihr Netzwerk mit dem J1939 CAN Bus Splitter von SMP, der f\u00fcr eine zuverl\u00e4ssige und effiziente Daten\u00fcbertragung in komplexen J1939 CAN Bus Systemen entwickelt wurde.","breadcrumb":{"@id":"https:\/\/www.smpengineeredsolutions.com\/de\/produkte\/elektrifizierung-und-elektronik\/strom-und-can-verteiler\/j1939-bus-verteiler\/#breadcrumb"},"inLanguage":"de","potentialAction":[{"@type":"ReadAction","target":["https:\/\/www.smpengineeredsolutions.com\/de\/produkte\/elektrifizierung-und-elektronik\/strom-und-can-verteiler\/j1939-bus-verteiler\/"]}]},{"@type":"ImageObject","inLanguage":"de","@id":"https:\/\/www.smpengineeredsolutions.com\/de\/produkte\/elektrifizierung-und-elektronik\/strom-und-can-verteiler\/j1939-bus-verteiler\/#primaryimage","url":"https:\/\/www.smpengineeredsolutions.com\/wp-content\/uploads\/99-0650-500x500.png","contentUrl":"https:\/\/www.smpengineeredsolutions.com\/wp-content\/uploads\/99-0650-500x500.png"},{"@type":"BreadcrumbList","@id":"https:\/\/www.smpengineeredsolutions.com\/de\/produkte\/elektrifizierung-und-elektronik\/strom-und-can-verteiler\/j1939-bus-verteiler\/#breadcrumb","itemListElement":[{"@type":"ListItem","position":1,"name":"Home","item":"https:\/\/www.smpengineeredsolutions.com\/de\/"},{"@type":"ListItem","position":2,"name":"Produkte","item":"https:\/\/www.smpengineeredsolutions.com\/de\/produkte\/"},{"@type":"ListItem","position":3,"name":"Elektrifizierung und Elektronik","item":"https:\/\/www.smpengineeredsolutions.com\/de\/produkte\/elektrifizierung-und-elektronik\/"},{"@type":"ListItem","position":4,"name":"Strom- und CAN-Verteiler","item":"https:\/\/www._whoispp._tcp.smpengineeredsolutions.com\/de\/produkte\/elektrifizierung-und-elektronik\/strom-und-can-verteiler\/"},{"@type":"ListItem","position":5,"name":"J1939-Bus-Verteiler"}]},{"@type":"WebSite","@id":"https:\/\/www._tcp.smpengineeredsolutions.com\/#website","url":"https:\/\/www._tcp.smpengineeredsolutions.com\/","name":"Standard Motor Products, Inc.","description":"","publisher":{"@id":"https:\/\/www._tcp.smpengineeredsolutions.com\/#organization"},"potentialAction":[{"@type":"SearchAction","target":{"@type":"EntryPoint","urlTemplate":"https:\/\/www._tcp.smpengineeredsolutions.com\/?s={search_term_string}"},"query-input":{"@type":"PropertyValueSpecification","valueRequired":true,"valueName":"search_term_string"}}],"inLanguage":"de"},{"@type":"Organization","@id":"https:\/\/www._tcp.smpengineeredsolutions.com\/#organization","name":"SMP\u00ae Engineered Solutions","url":"https:\/\/www._tcp.smpengineeredsolutions.com\/","logo":{"@type":"ImageObject","inLanguage":"de","@id":"https:\/\/www._tcp.smpengineeredsolutions.com\/#\/schema\/logo\/image\/","url":"https:\/\/www.a.smpengineeredsolutions.com\/wp-content\/uploads\/smp-logo.png","contentUrl":"https:\/\/www.a.smpengineeredsolutions.com\/wp-content\/uploads\/smp-logo.png","width":264,"height":117,"caption":"SMP\u00ae Engineered Solutions"},"image":{"@id":"https:\/\/www._tcp.smpengineeredsolutions.com\/#\/schema\/logo\/image\/"},"sameAs":["https:\/\/www.youtube.com\/@StandardMotorProductsInc","https:\/\/www.linkedin.com\/company\/standard-motor-products"]}]}},"_links":{"self":[{"href":"https:\/\/www.smpengineeredsolutions.com\/de\/wp-json\/wp\/v2\/pages\/4725","targetHints":{"allow":["GET"]}}],"collection":[{"href":"https:\/\/www.smpengineeredsolutions.com\/de\/wp-json\/wp\/v2\/pages"}],"about":[{"href":"https:\/\/www.smpengineeredsolutions.com\/de\/wp-json\/wp\/v2\/types\/page"}],"author":[{"embeddable":true,"href":"https:\/\/www.smpengineeredsolutions.com\/de\/wp-json\/wp\/v2\/users\/27"}],"replies":[{"embeddable":true,"href":"https:\/\/www.smpengineeredsolutions.com\/de\/wp-json\/wp\/v2\/comments?post=4725"}],"version-history":[{"count":2,"href":"https:\/\/www.smpengineeredsolutions.com\/de\/wp-json\/wp\/v2\/pages\/4725\/revisions"}],"predecessor-version":[{"id":7639,"href":"https:\/\/www.smpengineeredsolutions.com\/de\/wp-json\/wp\/v2\/pages\/4725\/revisions\/7639"}],"up":[{"embeddable":true,"href":"https:\/\/www.smpengineeredsolutions.com\/de\/wp-json\/wp\/v2\/pages\/4732"}],"wp:attachment":[{"href":"https:\/\/www.smpengineeredsolutions.com\/de\/wp-json\/wp\/v2\/media?parent=4725"}],"curies":[{"name":"wp","href":"https:\/\/api.w.org\/{rel}","templated":true}]}}