{"id":4723,"date":"2023-01-27T04:40:01","date_gmt":"2023-01-27T09:40:01","guid":{"rendered":"https:\/\/smpengineeredsolutions.com\/?page_id=4723"},"modified":"2024-08-28T11:00:45","modified_gmt":"2024-08-28T15:00:45","slug":"weitere-can-produkte","status":"publish","type":"page","link":"https:\/\/www.smpengineeredsolutions.com\/de\/produkte\/elektrifizierung-und-elektronik\/can-geraete\/weitere-can-produkte\/","title":{"rendered":"Weitere CAN-Produkte"},"content":{"rendered":"<p><img loading=\"lazy\" decoding=\"async\" class=\"alignnone  wp-image-4563\" src=\"https:\/\/www.smpengineeredsolutions.com\/wp-content\/uploads\/SMP-Trombetta-4C-500x75.png\" alt=\"\" width=\"427\" height=\"64\" srcset=\"https:\/\/www.smpengineeredsolutions.com\/wp-content\/uploads\/SMP-Trombetta-4C-500x75.png 500w, https:\/\/www.smpengineeredsolutions.com\/wp-content\/uploads\/SMP-Trombetta-4C-1024x154.png 1024w, https:\/\/www.smpengineeredsolutions.com\/wp-content\/uploads\/SMP-Trombetta-4C-768x116.png 768w, https:\/\/www.smpengineeredsolutions.com\/wp-content\/uploads\/SMP-Trombetta-4C-1536x231.png 1536w, https:\/\/www.smpengineeredsolutions.com\/wp-content\/uploads\/SMP-Trombetta-4C-2048x309.png 2048w\" sizes=\"auto, (max-width: 427px) 100vw, 427px\" \/><\/p>\n<p>Ein Gleichstromsch\u00fctz ist ein elektromechanisches Ger\u00e4t, das hohe Str\u00f6me in Gleichstromkreisen (DC) schaltet. Wir entwerfen, w\u00e4hlen und installieren sorgf\u00e4ltig unter Ber\u00fccksichtigung von Umwelt- und Betriebsbedingungen, die in einer Vielzahl von Anwendungen eingesetzt werden k\u00f6nnen. Unser Angebot umfasst ein umfangreiches Sortiment an elektromechanischen und elektrotechnischen Komponenten, die f\u00fcr den Einsatz in mobilen Ger\u00e4ten geeignet sind und zu denen auch robuste und zuverl\u00e4ssige Gleichstromsch\u00fctze geh\u00f6ren.<\/p>\n<h3>Gemeinsame Anwendungen<\/h3>\n<ul>\n<li>Landwirtschaft<\/li>\n<li>Automobilindustrie<\/li>\n<li>Bauwesen<\/li>\n<li>Rasen und Garten<\/li>\n<li>Marine<\/li>\n<li>Mobilhydraulik<\/li>\n<li>Lkw-Transport<\/li>\n<\/ul>\n","protected":false},"excerpt":{"rendered":"<p>Ein Gleichstromsch\u00fctz ist ein elektromechanisches Ger\u00e4t, das hohe Str\u00f6me in Gleichstromkreisen (DC) schaltet. Wir entwerfen, w\u00e4hlen und installieren sorgf\u00e4ltig unter Ber\u00fccksichtigung von Umwelt- und Betriebsbedingungen, die in einer Vielzahl von Anwendungen eingesetzt werden k\u00f6nnen. Unser Angebot umfasst ein umfangreiches Sortiment an elektromechanischen und elektrotechnischen Komponenten, die f\u00fcr den Einsatz in mobilen Ger\u00e4ten geeignet sind und&#8230; [&#8230;]<\/p>\n<p><a class=\"btn btn-secondary understrap-read-more-link\" href=\"https:\/\/www.smpengineeredsolutions.com\/de\/produkte\/elektrifizierung-und-elektronik\/can-geraete\/weitere-can-produkte\/\">Weiterlesen&#8230;<\/a><\/p>\n","protected":false},"author":27,"featured_media":0,"parent":4717,"menu_order":0,"comment_status":"closed","ping_status":"closed","template":"page-templates\/destination-content.php","meta":{"_acf_changed":false,"inline_featured_image":false,"footnotes":""},"class_list":["post-4723","page","type-page","status-publish","hentry"],"featured_image_src":null,"acf":[],"yoast_head":"<!-- This site is optimized with the Yoast SEO Premium plugin v27.5 (Yoast SEO v27.5) - https:\/\/yoast.com\/product\/yoast-seo-premium-wordpress\/ -->\n<title>Weitere Controller Area Network (CAN) Produkte | CAN Ger\u00e4te<\/title>\n<meta name=\"description\" content=\"Entdecken Sie SMP&#039;s CAN Produkte - Dazu geh\u00f6ren J19139 CAN Gateways, J1939 Bus Splitter, CAN open bus splitter, CANopen accelerometer, und J1939 I\/O module.\" \/>\n<meta name=\"robots\" content=\"index, follow, max-snippet:-1, max-image-preview:large, max-video-preview:-1\" \/>\n<link rel=\"canonical\" href=\"https:\/\/www.smpengineeredsolutions.com\/de\/produkte\/elektrifizierung-und-elektronik\/can-geraete\/weitere-can-produkte\/\" \/>\n<meta property=\"og:locale\" content=\"de_DE\" \/>\n<meta property=\"og:type\" content=\"article\" \/>\n<meta property=\"og:title\" content=\"Weitere CAN-Produkte\" \/>\n<meta property=\"og:description\" content=\"Entdecken Sie SMP&#039;s CAN Produkte - Dazu geh\u00f6ren J19139 CAN Gateways, J1939 Bus Splitter, CAN open bus splitter, CANopen accelerometer, und J1939 I\/O module.\" \/>\n<meta property=\"og:url\" content=\"https:\/\/www.smpengineeredsolutions.com\/de\/produkte\/elektrifizierung-und-elektronik\/can-geraete\/weitere-can-produkte\/\" \/>\n<meta property=\"og:site_name\" content=\"Standard Motor Products, Inc.\" \/>\n<meta property=\"article:modified_time\" content=\"2024-08-28T15:00:45+00:00\" \/>\n<meta property=\"og:image\" content=\"https:\/\/www.smpengineeredsolutions.com\/wp-content\/uploads\/SMP-Trombetta-4C-500x75.png\" \/>\n<meta name=\"twitter:label1\" content=\"Gesch\u00e4tzte Lesezeit\" \/>\n\t<meta name=\"twitter:data1\" content=\"1\u00a0Minute\" \/>\n<script type=\"application\/ld+json\" class=\"yoast-schema-graph\">{\"@context\":\"https:\\\/\\\/schema.org\",\"@graph\":[{\"@type\":\"WebPage\",\"@id\":\"https:\\\/\\\/www.smpengineeredsolutions.com\\\/de\\\/produkte\\\/elektrifizierung-und-elektronik\\\/can-geraete\\\/weitere-can-produkte\\\/\",\"url\":\"https:\\\/\\\/www.smpengineeredsolutions.com\\\/de\\\/produkte\\\/elektrifizierung-und-elektronik\\\/can-geraete\\\/weitere-can-produkte\\\/\",\"name\":\"Weitere Controller Area Network (CAN) Produkte | CAN Ger\u00e4te\",\"isPartOf\":{\"@id\":\"https:\\\/\\\/www.smpengineeredsolutions.com\\\/de\\\/#website\"},\"primaryImageOfPage\":{\"@id\":\"https:\\\/\\\/www.smpengineeredsolutions.com\\\/de\\\/produkte\\\/elektrifizierung-und-elektronik\\\/can-geraete\\\/weitere-can-produkte\\\/#primaryimage\"},\"image\":{\"@id\":\"https:\\\/\\\/www.smpengineeredsolutions.com\\\/de\\\/produkte\\\/elektrifizierung-und-elektronik\\\/can-geraete\\\/weitere-can-produkte\\\/#primaryimage\"},\"thumbnailUrl\":\"https:\\\/\\\/www.smpengineeredsolutions.com\\\/wp-content\\\/uploads\\\/SMP-Trombetta-4C-500x75.png\",\"datePublished\":\"2023-01-27T09:40:01+00:00\",\"dateModified\":\"2024-08-28T15:00:45+00:00\",\"description\":\"Entdecken Sie SMP's CAN Produkte - Dazu geh\u00f6ren J19139 CAN Gateways, J1939 Bus Splitter, CAN open bus splitter, CANopen accelerometer, und J1939 I\\\/O module.\",\"breadcrumb\":{\"@id\":\"https:\\\/\\\/www.smpengineeredsolutions.com\\\/de\\\/produkte\\\/elektrifizierung-und-elektronik\\\/can-geraete\\\/weitere-can-produkte\\\/#breadcrumb\"},\"inLanguage\":\"de\",\"potentialAction\":[{\"@type\":\"ReadAction\",\"target\":[\"https:\\\/\\\/www.smpengineeredsolutions.com\\\/de\\\/produkte\\\/elektrifizierung-und-elektronik\\\/can-geraete\\\/weitere-can-produkte\\\/\"]}]},{\"@type\":\"ImageObject\",\"inLanguage\":\"de\",\"@id\":\"https:\\\/\\\/www.smpengineeredsolutions.com\\\/de\\\/produkte\\\/elektrifizierung-und-elektronik\\\/can-geraete\\\/weitere-can-produkte\\\/#primaryimage\",\"url\":\"https:\\\/\\\/www.smpengineeredsolutions.com\\\/wp-content\\\/uploads\\\/SMP-Trombetta-4C-500x75.png\",\"contentUrl\":\"https:\\\/\\\/www.smpengineeredsolutions.com\\\/wp-content\\\/uploads\\\/SMP-Trombetta-4C-500x75.png\"},{\"@type\":\"BreadcrumbList\",\"@id\":\"https:\\\/\\\/www.smpengineeredsolutions.com\\\/de\\\/produkte\\\/elektrifizierung-und-elektronik\\\/can-geraete\\\/weitere-can-produkte\\\/#breadcrumb\",\"itemListElement\":[{\"@type\":\"ListItem\",\"position\":1,\"name\":\"Home\",\"item\":\"https:\\\/\\\/www.smpengineeredsolutions.com\\\/de\\\/\"},{\"@type\":\"ListItem\",\"position\":2,\"name\":\"Produkte\",\"item\":\"https:\\\/\\\/www.af63878a-61a4-44d4-a3f9-8118d911569f.smpengineeredsolutions.com\\\/de\\\/produkte\\\/\"},{\"@type\":\"ListItem\",\"position\":3,\"name\":\"Elektrifizierung und Elektronik\",\"item\":\"https:\\\/\\\/www._tcp.smpengineeredsolutions.com\\\/de\\\/produkte\\\/elektrifizierung-und-elektronik\\\/\"},{\"@type\":\"ListItem\",\"position\":4,\"name\":\"CAN-Ger\u00e4te\",\"item\":\"https:\\\/\\\/www.5590a350-1f28-4659-9ca8-a4f6c857cf0b.smpengineeredsolutions.com\\\/de\\\/produkte\\\/elektrifizierung-und-elektronik\\\/can-geraete\\\/\"},{\"@type\":\"ListItem\",\"position\":5,\"name\":\"Weitere CAN-Produkte\"}]},{\"@type\":\"WebSite\",\"@id\":\"https:\\\/\\\/www.smpengineeredsolutions.com\\\/de\\\/#website\",\"url\":\"https:\\\/\\\/www.smpengineeredsolutions.com\\\/de\\\/\",\"name\":\"Standard Motor Products, Inc.\",\"description\":\"\",\"publisher\":{\"@id\":\"https:\\\/\\\/www.smpengineeredsolutions.com\\\/de\\\/#organization\"},\"potentialAction\":[{\"@type\":\"SearchAction\",\"target\":{\"@type\":\"EntryPoint\",\"urlTemplate\":\"https:\\\/\\\/www.smpengineeredsolutions.com\\\/de\\\/?s={search_term_string}\"},\"query-input\":{\"@type\":\"PropertyValueSpecification\",\"valueRequired\":true,\"valueName\":\"search_term_string\"}}],\"inLanguage\":\"de\"},{\"@type\":\"Organization\",\"@id\":\"https:\\\/\\\/www.smpengineeredsolutions.com\\\/de\\\/#organization\",\"name\":\"SMP\u00ae Engineered Solutions\",\"url\":\"https:\\\/\\\/www.smpengineeredsolutions.com\\\/de\\\/\",\"logo\":{\"@type\":\"ImageObject\",\"inLanguage\":\"de\",\"@id\":\"https:\\\/\\\/www.smpengineeredsolutions.com\\\/de\\\/#\\\/schema\\\/logo\\\/image\\\/\",\"url\":\"https:\\\/\\\/www.a.smpengineeredsolutions.com\\\/wp-content\\\/uploads\\\/smp-logo.png\",\"contentUrl\":\"https:\\\/\\\/www.a.smpengineeredsolutions.com\\\/wp-content\\\/uploads\\\/smp-logo.png\",\"width\":264,\"height\":117,\"caption\":\"SMP\u00ae Engineered Solutions\"},\"image\":{\"@id\":\"https:\\\/\\\/www.smpengineeredsolutions.com\\\/de\\\/#\\\/schema\\\/logo\\\/image\\\/\"},\"sameAs\":[\"https:\\\/\\\/www.youtube.com\\\/@StandardMotorProductsInc\",\"https:\\\/\\\/www.linkedin.com\\\/company\\\/standard-motor-products\"]}]}<\/script>\n<!-- \/ Yoast SEO Premium plugin. -->","yoast_head_json":{"title":"Weitere Controller Area Network (CAN) Produkte | CAN Ger\u00e4te","description":"Entdecken Sie SMP's CAN Produkte - Dazu geh\u00f6ren J19139 CAN Gateways, J1939 Bus Splitter, CAN open bus splitter, CANopen accelerometer, und J1939 I\/O module.","robots":{"index":"index","follow":"follow","max-snippet":"max-snippet:-1","max-image-preview":"max-image-preview:large","max-video-preview":"max-video-preview:-1"},"canonical":"https:\/\/www.smpengineeredsolutions.com\/de\/produkte\/elektrifizierung-und-elektronik\/can-geraete\/weitere-can-produkte\/","og_locale":"de_DE","og_type":"article","og_title":"Weitere CAN-Produkte","og_description":"Entdecken Sie SMP's CAN Produkte - Dazu geh\u00f6ren J19139 CAN Gateways, J1939 Bus Splitter, CAN open bus splitter, CANopen accelerometer, und J1939 I\/O module.","og_url":"https:\/\/www.smpengineeredsolutions.com\/de\/produkte\/elektrifizierung-und-elektronik\/can-geraete\/weitere-can-produkte\/","og_site_name":"Standard Motor Products, Inc.","article_modified_time":"2024-08-28T15:00:45+00:00","og_image":[{"url":"https:\/\/www.smpengineeredsolutions.com\/wp-content\/uploads\/SMP-Trombetta-4C-500x75.png","type":"","width":"","height":""}],"twitter_misc":{"Gesch\u00e4tzte Lesezeit":"1\u00a0Minute"},"schema":{"@context":"https:\/\/schema.org","@graph":[{"@type":"WebPage","@id":"https:\/\/www.smpengineeredsolutions.com\/de\/produkte\/elektrifizierung-und-elektronik\/can-geraete\/weitere-can-produkte\/","url":"https:\/\/www.smpengineeredsolutions.com\/de\/produkte\/elektrifizierung-und-elektronik\/can-geraete\/weitere-can-produkte\/","name":"Weitere Controller Area Network (CAN) Produkte | CAN Ger\u00e4te","isPartOf":{"@id":"https:\/\/www.smpengineeredsolutions.com\/de\/#website"},"primaryImageOfPage":{"@id":"https:\/\/www.smpengineeredsolutions.com\/de\/produkte\/elektrifizierung-und-elektronik\/can-geraete\/weitere-can-produkte\/#primaryimage"},"image":{"@id":"https:\/\/www.smpengineeredsolutions.com\/de\/produkte\/elektrifizierung-und-elektronik\/can-geraete\/weitere-can-produkte\/#primaryimage"},"thumbnailUrl":"https:\/\/www.smpengineeredsolutions.com\/wp-content\/uploads\/SMP-Trombetta-4C-500x75.png","datePublished":"2023-01-27T09:40:01+00:00","dateModified":"2024-08-28T15:00:45+00:00","description":"Entdecken Sie SMP's CAN Produkte - Dazu geh\u00f6ren J19139 CAN Gateways, J1939 Bus Splitter, CAN open bus splitter, CANopen accelerometer, und J1939 I\/O module.","breadcrumb":{"@id":"https:\/\/www.smpengineeredsolutions.com\/de\/produkte\/elektrifizierung-und-elektronik\/can-geraete\/weitere-can-produkte\/#breadcrumb"},"inLanguage":"de","potentialAction":[{"@type":"ReadAction","target":["https:\/\/www.smpengineeredsolutions.com\/de\/produkte\/elektrifizierung-und-elektronik\/can-geraete\/weitere-can-produkte\/"]}]},{"@type":"ImageObject","inLanguage":"de","@id":"https:\/\/www.smpengineeredsolutions.com\/de\/produkte\/elektrifizierung-und-elektronik\/can-geraete\/weitere-can-produkte\/#primaryimage","url":"https:\/\/www.smpengineeredsolutions.com\/wp-content\/uploads\/SMP-Trombetta-4C-500x75.png","contentUrl":"https:\/\/www.smpengineeredsolutions.com\/wp-content\/uploads\/SMP-Trombetta-4C-500x75.png"},{"@type":"BreadcrumbList","@id":"https:\/\/www.smpengineeredsolutions.com\/de\/produkte\/elektrifizierung-und-elektronik\/can-geraete\/weitere-can-produkte\/#breadcrumb","itemListElement":[{"@type":"ListItem","position":1,"name":"Home","item":"https:\/\/www.smpengineeredsolutions.com\/de\/"},{"@type":"ListItem","position":2,"name":"Produkte","item":"https:\/\/www.af63878a-61a4-44d4-a3f9-8118d911569f.smpengineeredsolutions.com\/de\/produkte\/"},{"@type":"ListItem","position":3,"name":"Elektrifizierung und Elektronik","item":"https:\/\/www._tcp.smpengineeredsolutions.com\/de\/produkte\/elektrifizierung-und-elektronik\/"},{"@type":"ListItem","position":4,"name":"CAN-Ger\u00e4te","item":"https:\/\/www.5590a350-1f28-4659-9ca8-a4f6c857cf0b.smpengineeredsolutions.com\/de\/produkte\/elektrifizierung-und-elektronik\/can-geraete\/"},{"@type":"ListItem","position":5,"name":"Weitere CAN-Produkte"}]},{"@type":"WebSite","@id":"https:\/\/www.smpengineeredsolutions.com\/de\/#website","url":"https:\/\/www.smpengineeredsolutions.com\/de\/","name":"Standard Motor Products, Inc.","description":"","publisher":{"@id":"https:\/\/www.smpengineeredsolutions.com\/de\/#organization"},"potentialAction":[{"@type":"SearchAction","target":{"@type":"EntryPoint","urlTemplate":"https:\/\/www.smpengineeredsolutions.com\/de\/?s={search_term_string}"},"query-input":{"@type":"PropertyValueSpecification","valueRequired":true,"valueName":"search_term_string"}}],"inLanguage":"de"},{"@type":"Organization","@id":"https:\/\/www.smpengineeredsolutions.com\/de\/#organization","name":"SMP\u00ae Engineered Solutions","url":"https:\/\/www.smpengineeredsolutions.com\/de\/","logo":{"@type":"ImageObject","inLanguage":"de","@id":"https:\/\/www.smpengineeredsolutions.com\/de\/#\/schema\/logo\/image\/","url":"https:\/\/www.a.smpengineeredsolutions.com\/wp-content\/uploads\/smp-logo.png","contentUrl":"https:\/\/www.a.smpengineeredsolutions.com\/wp-content\/uploads\/smp-logo.png","width":264,"height":117,"caption":"SMP\u00ae Engineered Solutions"},"image":{"@id":"https:\/\/www.smpengineeredsolutions.com\/de\/#\/schema\/logo\/image\/"},"sameAs":["https:\/\/www.youtube.com\/@StandardMotorProductsInc","https:\/\/www.linkedin.com\/company\/standard-motor-products"]}]}},"_links":{"self":[{"href":"https:\/\/www.smpengineeredsolutions.com\/de\/wp-json\/wp\/v2\/pages\/4723","targetHints":{"allow":["GET"]}}],"collection":[{"href":"https:\/\/www.smpengineeredsolutions.com\/de\/wp-json\/wp\/v2\/pages"}],"about":[{"href":"https:\/\/www.smpengineeredsolutions.com\/de\/wp-json\/wp\/v2\/types\/page"}],"author":[{"embeddable":true,"href":"https:\/\/www.smpengineeredsolutions.com\/de\/wp-json\/wp\/v2\/users\/27"}],"replies":[{"embeddable":true,"href":"https:\/\/www.smpengineeredsolutions.com\/de\/wp-json\/wp\/v2\/comments?post=4723"}],"version-history":[{"count":2,"href":"https:\/\/www.smpengineeredsolutions.com\/de\/wp-json\/wp\/v2\/pages\/4723\/revisions"}],"predecessor-version":[{"id":7240,"href":"https:\/\/www.smpengineeredsolutions.com\/de\/wp-json\/wp\/v2\/pages\/4723\/revisions\/7240"}],"up":[{"embeddable":true,"href":"https:\/\/www.smpengineeredsolutions.com\/de\/wp-json\/wp\/v2\/pages\/4717"}],"wp:attachment":[{"href":"https:\/\/www.smpengineeredsolutions.com\/de\/wp-json\/wp\/v2\/media?parent=4723"}],"curies":[{"name":"wp","href":"https:\/\/api.w.org\/{rel}","templated":true}]}}