{"id":4722,"date":"2023-01-09T15:04:33","date_gmt":"2023-01-09T20:04:33","guid":{"rendered":"https:\/\/smpengineeredsolutions.com\/?page_id=4722"},"modified":"2024-09-26T11:49:35","modified_gmt":"2024-09-26T15:49:35","slug":"j1939-kreiselneigungsmesser","status":"publish","type":"page","link":"https:\/\/www.smpengineeredsolutions.com\/de\/produkte\/elektrifizierung-und-elektronik\/can-geraete\/j1939-kreiselneigungsmesser\/","title":{"rendered":"J1939-Kreiselneigungsmesser"},"content":{"rendered":"<div class=\"feature-img-right\"><a class=\"lightbox\" href=\"\/wp-content\/uploads\/Gyro-Inclinometer-Web-Normal-Size-1.png\"><img decoding=\"async\" title=\"J1939 Gyro Inclinometer\" src=\"\/wp-content\/uploads\/Gyro-Inclinometer-Web-Normal-Size-1.png\" alt=\"J1939 Gyro Inclinometer\" width=\"300\" \/><\/a><\/div>\n<p><img loading=\"lazy\" decoding=\"async\" class=\"alignleft wp-image-3074\" title=\"SMP Trombetta Logo\" src=\"https:\/\/www.smpengineeredsolutions.com\/wp-content\/uploads\/SMP-Trombetta-4C-500x75.png\" alt=\"SMP Trombetta Logo\" width=\"407\" height=\"61\" srcset=\"https:\/\/www.smpengineeredsolutions.com\/wp-content\/uploads\/SMP-Trombetta-4C-500x75.png 500w, https:\/\/www.smpengineeredsolutions.com\/wp-content\/uploads\/SMP-Trombetta-4C-1024x154.png 1024w, https:\/\/www.smpengineeredsolutions.com\/wp-content\/uploads\/SMP-Trombetta-4C-768x116.png 768w, https:\/\/www.smpengineeredsolutions.com\/wp-content\/uploads\/SMP-Trombetta-4C-1536x231.png 1536w, https:\/\/www.smpengineeredsolutions.com\/wp-content\/uploads\/SMP-Trombetta-4C-2048x309.png 2048w\" sizes=\"auto, (max-width: 407px) 100vw, 407px\" \/><\/p>\n<p>&nbsp;<\/p>\n<p>&nbsp;<\/p>\n<p>Der J1939-Kreiselneigungsmesser von SMP Trombetta ist ein Ger\u00e4t, das unter rauen Bedingungen, wo es Vibrationen und St\u00f6\u00dfen ausgesetzt ist, pr\u00e4zise Winkeldaten ausgeben kann. Er basiert auf MEMS-Technologie f\u00fcr genaue und stabile Messwerte von Sensoren und Gyroskopen auf dem J1939-Bus. Der Neigungsmesser ist eine vielseitige und konfigurierbare L\u00f6sung f\u00fcr alle Bereiche von der Luft- und Raumfahrt bis hin zu Bauanwendungen. Im Folgenden werden die wichtigsten Merkmale des J1939-Kreiselneigungssensors, die Anwendungen, die von ihm abh\u00e4ngen, und die Vorteile, die er bieten kann, erl\u00e4utert.<\/p>\n<h2>Wesentliche Merkmale<\/h2>\n<p>Der J1939 Neigungsmesser von SMP Trombetta ist ein Ger\u00e4t, das die Solid-State-MEMS-Technologie nutzt, um genaue Winkeldaten an den <a href=\"https:\/\/www.smpengineeredsolutions.com\/de\/produkte\/elektrifizierung-und-elektronik\/can-geraete\/\">J1939 CAN-Bus<\/a> auszugeben. Zu den wichtigsten Merkmalen des J1939-Neigungsmessers geh\u00f6ren:<\/p>\n<p><img loading=\"lazy\" decoding=\"async\" class=\"alignnone  wp-image-7374\" src=\"https:\/\/www.smpengineeredsolutions.com\/wp-content\/uploads\/Gyro-Inclinometer-Feature-graph-German-500x76.png\" alt=\"Core feature graph of SMP's Gyro Inclinometer by SMP Engineered Solutions.\" width=\"1171\" height=\"178\" srcset=\"https:\/\/www.smpengineeredsolutions.com\/wp-content\/uploads\/Gyro-Inclinometer-Feature-graph-German-500x76.png 500w, https:\/\/www.smpengineeredsolutions.com\/wp-content\/uploads\/Gyro-Inclinometer-Feature-graph-German-1024x156.png 1024w, https:\/\/www.smpengineeredsolutions.com\/wp-content\/uploads\/Gyro-Inclinometer-Feature-graph-German-768x117.png 768w, https:\/\/www.smpengineeredsolutions.com\/wp-content\/uploads\/Gyro-Inclinometer-Feature-graph-German-1536x234.png 1536w, https:\/\/www.smpengineeredsolutions.com\/wp-content\/uploads\/Gyro-Inclinometer-Feature-graph-German-2048x312.png 2048w\" sizes=\"auto, (max-width: 1171px) 100vw, 1171px\" \/><\/p>\n<p>Der J1939-Neigungsmesser eignet sich ideal f\u00fcr Anwendungen, bei denen genaue Winkeldaten erforderlich sind, z. B. in der Industrie, der Luft- und Raumfahrt und der Automobilindustrie. Er bietet einen beeindruckenden Winkelbereich und eine hohe Genauigkeit bei verbesserter Sto\u00df- und Vibrationsfestigkeit. Der J1939 kann in verschiedenen Einbaulagen konfiguriert werden und hat ein kompaktes, platzsparendes Design f\u00fcr eine einfache Verwendung.<\/p>\n<h2>Anwendungen<\/h2>\n<p>Der J1939-Kreiselneigungsmesser wird in verschiedenen Anwendungen f\u00fcr pr\u00e4zise Winkelmessungen in sto\u00df- und vibrationsanf\u00e4lligen Umgebungen eingesetzt. Einige der Anwendungen umfassen:<\/p>\n<ul>\n<li><strong>Kraftfahrzeuge:<\/strong> Der J1939 kann pr\u00e4zise Neigungsmessung, Neigungssensorik und Stabilit\u00e4tskontrollfunktionen liefern.<\/li>\n<li><strong>Stabilit\u00e4t:<\/strong> Dank mehrerer Gyroskope und Sensoren liefert der Neigungsmesser selbst in Umgebungen mit starken Vibrationen und St\u00f6\u00dfen stabile Winkelmessungen.<\/li>\n<li><strong>Konfigurierbarkeit:<\/strong> Der J1939 kann mit verschiedenen Berechnungsoptionen und Nullpunktverschiebungstechnologie konfiguriert werden.<\/li>\n<li><strong>Kosteneffizienz:<\/strong> Die Robustheit des Ger\u00e4ts, die lange Lebensdauer und die hohe Leistung bei Anwendungen, die St\u00f6\u00dfen und Vibrationen ausgesetzt sind, machen es zu einer kosteng\u00fcnstigen Wahl f\u00fcr Ihre Anforderungen an die Messung von Winkeldaten.<\/li>\n<\/ul>\n<h2>Vorteile<\/h2>\n<p>Der J1939-Kreiselneigungsmesser bietet verschiedene Vorteile. Zu den Vorteilen geh\u00f6ren:<\/p>\n<ul>\n<li><strong>Pr\u00e4zise Winkelmessung:<\/strong> Die MEMS-Technologie des Ger\u00e4ts gew\u00e4hrleistet eine pr\u00e4zise Ausgabe der Winkeldaten an den J1939-Bus.<\/li>\n<li><strong>Stabilit\u00e4t:<\/strong> Dank mehrerer Gyroskope und Sensoren liefert der Neigungsmesser selbst in Umgebungen mit starken Vibrationen und St\u00f6\u00dfen stabile Winkelmessungen.<\/li>\n<li><strong>Konfigurierbarkeit:<\/strong> Der J1939 kann mit verschiedenen Berechnungsoptionen und Nullpunktverschiebungstechnologie konfiguriert werden.<\/li>\n<li><strong>Kosteneffizienz:<\/strong> Die Robustheit des Ger\u00e4ts, die lange Lebensdauer und die hohe Leistung bei Anwendungen, die St\u00f6\u00dfen und Vibrationen ausgesetzt sind, machen es zu einer kosteng\u00fcnstigen Wahl f\u00fcr Ihre Anforderungen an die Messung von Winkeldaten.<\/li>\n<\/ul>\n<h2>J1939 Kreiselneigungsmesser von SMP Engineered Solutions<\/h2>\n<p>Der J1939-Kreiselneigungsmesser von SMP Trombetta ist eine ideale L\u00f6sung f\u00fcr die Ausgabe von pr\u00e4zisen Winkeldaten. Seine innovativen MEMS-Sensoren und Gyroskope liefern auch bei Vibrationen und St\u00f6\u00dfen genaue Messwerte. Der kompakte Formfaktor und die Vielseitigkeit gew\u00e4hrleisten eine pr\u00e4zise Anpassung an jede Anwendung. Verschiedene Branchen vertrauen auf den J1939, darunter die Automobilindustrie, die Luft- und Raumfahrt und industrielle Anwendungen. SMP Engineered Solutions bietet eine Reihe von technischen L\u00f6sungen f\u00fcr Off- und On-Highway-Fahrzeuge. Setzen Sie sich mit uns in Verbindung, um mit einem Spezialisten \u00fcber den J1939-Kreiselneigungsmesser zu sprechen und dar\u00fcber, wie er Ihre Anwendung unterst\u00fctzen kann.<\/p>\n<h3>Technische Datenbl\u00e4tter<\/h3>\n<ul>\n<li><a href=\"https:\/\/www.smpengineeredsolutions.com\/wp-content\/uploads\/J1939-Gryo-Inclinometer-SMP.pdf\" target=\"_blank\" rel=\"noopener\">J1939-Kreiselneigungsmesser Technische Datenbl\u00e4tter<\/a><\/li>\n<\/ul>\n<h3>H\u00e4ufig gestellte Fragen<\/h3>\n<p><strong>Was ist die MEMS-Technologie und welche Vorteile bringt sie dem Kreiselneigungsmesser?<\/strong><\/p>\n<p>MEMS steht f\u00fcr mikroelektromechanische Systeme. MEMS-Sensoren bieten einen Beschleunigungsmesser und ein Gyroskop in einem Paket. Der Kreiselneigungsmesser nutzt MEMS-Sensoren zur Berechnung und \u00dcbertragung von Winkelmessungen. Unser Ger\u00e4t bietet Vorteile gegen\u00fcber herk\u00f6mmlichen MEMS-Neigungsmessern, indem es Quellen der Ungenauigkeit wie Vibrationen und Ersch\u00fctterungen eines fahrenden Fahrzeugs herausfiltert.<\/p>\n<p><strong>Welche Spannungsanforderungen gelten f\u00fcr den Gyro Inclinometer?<\/strong><\/p>\n<p>Der funktionale Batteriespannungsbereich des Kreiselneigungsmessers betr\u00e4gt 8,5V &#8211; 32V.<\/p>\n<p><strong>Ist der Gyro Inclinometer mit J1939 CAN-Netzwerken kompatibel?<\/strong><\/p>\n<p>Ja, der Kreiselneigungsmesser ist mit J1939-CAN-Netzwerken kompatibel.<\/p>\n<p><strong>Wie gro\u00df ist der Betriebstemperaturbereich des Neigungssensors?<\/strong><\/p>\n<p>Der Betriebstemperaturbereich des Kreiselneigungssensors betr\u00e4gt -40\u00b0C &#8211; 85\u00b0C.<\/p>\n","protected":false},"excerpt":{"rendered":"<p>&nbsp; &nbsp; Der J1939-Kreiselneigungsmesser von SMP Trombetta ist ein Ger\u00e4t, das unter rauen Bedingungen, wo es Vibrationen und St\u00f6\u00dfen ausgesetzt ist, pr\u00e4zise Winkeldaten ausgeben kann. Er basiert auf MEMS-Technologie f\u00fcr genaue und stabile Messwerte von Sensoren und Gyroskopen auf dem J1939-Bus. Der Neigungsmesser ist eine vielseitige und konfigurierbare L\u00f6sung f\u00fcr alle Bereiche von der Luft-&#8230; [&#8230;]<\/p>\n<p><a class=\"btn btn-secondary understrap-read-more-link\" href=\"https:\/\/www.smpengineeredsolutions.com\/de\/produkte\/elektrifizierung-und-elektronik\/can-geraete\/j1939-kreiselneigungsmesser\/\">Weiterlesen&#8230;<\/a><\/p>\n","protected":false},"author":27,"featured_media":0,"parent":4717,"menu_order":0,"comment_status":"closed","ping_status":"closed","template":"page-templates\/destination-content.php","meta":{"_acf_changed":false,"inline_featured_image":false,"footnotes":""},"class_list":["post-4722","page","type-page","status-publish","hentry"],"featured_image_src":null,"acf":[],"yoast_head":"<!-- This site is optimized with the Yoast SEO Premium plugin v27.2 (Yoast SEO v27.2) - https:\/\/yoast.com\/product\/yoast-seo-premium-wordpress\/ -->\n<title>J1939 Kreiselneigungsmesser | Standard Motor Products, Inc.<\/title>\n<meta name=\"description\" content=\"Entdecken Sie den J1939 Gyro Inclinometer von SMP, der f\u00fcr pr\u00e4zise Winkelmessungen und Stabilisierung in rauen Umgebungen entwickelt wurde. Ideal f\u00fcr Industrie- und Automobilanwendungen.\" \/>\n<meta name=\"robots\" content=\"index, follow, max-snippet:-1, max-image-preview:large, max-video-preview:-1\" \/>\n<link rel=\"canonical\" href=\"https:\/\/www.smpengineeredsolutions.com\/de\/produkte\/elektrifizierung-und-elektronik\/can-geraete\/j1939-kreiselneigungsmesser\/\" \/>\n<meta property=\"og:locale\" content=\"de_DE\" \/>\n<meta property=\"og:type\" content=\"article\" \/>\n<meta property=\"og:title\" content=\"J1939-Kreiselneigungsmesser\" \/>\n<meta property=\"og:description\" content=\"Entdecken Sie den J1939 Gyro Inclinometer von SMP, der f\u00fcr pr\u00e4zise Winkelmessungen und Stabilisierung in rauen Umgebungen entwickelt wurde. Ideal f\u00fcr Industrie- und Automobilanwendungen.\" \/>\n<meta property=\"og:url\" content=\"https:\/\/www.smpengineeredsolutions.com\/de\/produkte\/elektrifizierung-und-elektronik\/can-geraete\/j1939-kreiselneigungsmesser\/\" \/>\n<meta property=\"og:site_name\" content=\"Standard Motor Products, Inc.\" \/>\n<meta property=\"article:modified_time\" content=\"2024-09-26T15:49:35+00:00\" \/>\n<meta property=\"og:image\" content=\"https:\/\/www.smpengineeredsolutions.com\/wp-content\/uploads\/SMP-Trombetta-4C-500x75.png\" \/>\n<meta name=\"twitter:label1\" content=\"Gesch\u00e4tzte Lesezeit\" \/>\n\t<meta name=\"twitter:data1\" content=\"4\u00a0Minuten\" \/>\n<script type=\"application\/ld+json\" class=\"yoast-schema-graph\">{\"@context\":\"https:\/\/schema.org\",\"@graph\":[{\"@type\":\"WebPage\",\"@id\":\"https:\/\/www.smpengineeredsolutions.com\/de\/produkte\/elektrifizierung-und-elektronik\/can-geraete\/j1939-kreiselneigungsmesser\/\",\"url\":\"https:\/\/www.smpengineeredsolutions.com\/de\/produkte\/elektrifizierung-und-elektronik\/can-geraete\/j1939-kreiselneigungsmesser\/\",\"name\":\"J1939 Kreiselneigungsmesser | Standard Motor Products, Inc.\",\"isPartOf\":{\"@id\":\"https:\/\/www.gmail.smpengineeredsolutions.com\/de\/#website\"},\"primaryImageOfPage\":{\"@id\":\"https:\/\/www.smpengineeredsolutions.com\/de\/produkte\/elektrifizierung-und-elektronik\/can-geraete\/j1939-kreiselneigungsmesser\/#primaryimage\"},\"image\":{\"@id\":\"https:\/\/www.smpengineeredsolutions.com\/de\/produkte\/elektrifizierung-und-elektronik\/can-geraete\/j1939-kreiselneigungsmesser\/#primaryimage\"},\"thumbnailUrl\":\"https:\/\/www.smpengineeredsolutions.com\/wp-content\/uploads\/SMP-Trombetta-4C-500x75.png\",\"datePublished\":\"2023-01-09T20:04:33+00:00\",\"dateModified\":\"2024-09-26T15:49:35+00:00\",\"description\":\"Entdecken Sie den J1939 Gyro Inclinometer von SMP, der f\u00fcr pr\u00e4zise Winkelmessungen und Stabilisierung in rauen Umgebungen entwickelt wurde. Ideal f\u00fcr Industrie- und Automobilanwendungen.\",\"breadcrumb\":{\"@id\":\"https:\/\/www.smpengineeredsolutions.com\/de\/produkte\/elektrifizierung-und-elektronik\/can-geraete\/j1939-kreiselneigungsmesser\/#breadcrumb\"},\"inLanguage\":\"de\",\"potentialAction\":[{\"@type\":\"ReadAction\",\"target\":[\"https:\/\/www.smpengineeredsolutions.com\/de\/produkte\/elektrifizierung-und-elektronik\/can-geraete\/j1939-kreiselneigungsmesser\/\"]}]},{\"@type\":\"ImageObject\",\"inLanguage\":\"de\",\"@id\":\"https:\/\/www.smpengineeredsolutions.com\/de\/produkte\/elektrifizierung-und-elektronik\/can-geraete\/j1939-kreiselneigungsmesser\/#primaryimage\",\"url\":\"https:\/\/www.smpengineeredsolutions.com\/wp-content\/uploads\/SMP-Trombetta-4C-500x75.png\",\"contentUrl\":\"https:\/\/www.smpengineeredsolutions.com\/wp-content\/uploads\/SMP-Trombetta-4C-500x75.png\"},{\"@type\":\"BreadcrumbList\",\"@id\":\"https:\/\/www.smpengineeredsolutions.com\/de\/produkte\/elektrifizierung-und-elektronik\/can-geraete\/j1939-kreiselneigungsmesser\/#breadcrumb\",\"itemListElement\":[{\"@type\":\"ListItem\",\"position\":1,\"name\":\"Home\",\"item\":\"https:\/\/www._minecraft._tcp.smpengineeredsolutions.com\/de\/\"},{\"@type\":\"ListItem\",\"position\":2,\"name\":\"Produkte\",\"item\":\"https:\/\/www._minecraft._tcp.smpengineeredsolutions.com\/de\/produkte\/\"},{\"@type\":\"ListItem\",\"position\":3,\"name\":\"Elektrifizierung und Elektronik\",\"item\":\"https:\/\/www.sitemaps.smpengineeredsolutions.com\/de\/produkte\/elektrifizierung-und-elektronik\/\"},{\"@type\":\"ListItem\",\"position\":4,\"name\":\"CAN-Ger\u00e4te\",\"item\":\"https:\/\/www.3ec3a7a1-1e28-4a7f-941d-947624eef59a.smpengineeredsolutions.com\/de\/produkte\/elektrifizierung-und-elektronik\/can-geraete\/\"},{\"@type\":\"ListItem\",\"position\":5,\"name\":\"J1939-Kreiselneigungsmesser\"}]},{\"@type\":\"WebSite\",\"@id\":\"https:\/\/www.gmail.smpengineeredsolutions.com\/de\/#website\",\"url\":\"https:\/\/www.gmail.smpengineeredsolutions.com\/de\/\",\"name\":\"Standard Motor Products, Inc.\",\"description\":\"\",\"publisher\":{\"@id\":\"https:\/\/www.gmail.smpengineeredsolutions.com\/de\/#organization\"},\"potentialAction\":[{\"@type\":\"SearchAction\",\"target\":{\"@type\":\"EntryPoint\",\"urlTemplate\":\"https:\/\/www.gmail.smpengineeredsolutions.com\/de\/?s={search_term_string}\"},\"query-input\":{\"@type\":\"PropertyValueSpecification\",\"valueRequired\":true,\"valueName\":\"search_term_string\"}}],\"inLanguage\":\"de\"},{\"@type\":\"Organization\",\"@id\":\"https:\/\/www.gmail.smpengineeredsolutions.com\/de\/#organization\",\"name\":\"SMP\u00ae Engineered Solutions\",\"url\":\"https:\/\/www.gmail.smpengineeredsolutions.com\/de\/\",\"logo\":{\"@type\":\"ImageObject\",\"inLanguage\":\"de\",\"@id\":\"https:\/\/www.gmail.smpengineeredsolutions.com\/de\/#\/schema\/logo\/image\/\",\"url\":\"https:\/\/www.a.smpengineeredsolutions.com\/wp-content\/uploads\/smp-logo.png\",\"contentUrl\":\"https:\/\/www.a.smpengineeredsolutions.com\/wp-content\/uploads\/smp-logo.png\",\"width\":264,\"height\":117,\"caption\":\"SMP\u00ae Engineered Solutions\"},\"image\":{\"@id\":\"https:\/\/www.gmail.smpengineeredsolutions.com\/de\/#\/schema\/logo\/image\/\"},\"sameAs\":[\"https:\/\/www.youtube.com\/@StandardMotorProductsInc\",\"https:\/\/www.linkedin.com\/company\/standard-motor-products\"]}]}<\/script>\n<!-- \/ Yoast SEO Premium plugin. -->","yoast_head_json":{"title":"J1939 Kreiselneigungsmesser | Standard Motor Products, Inc.","description":"Entdecken Sie den J1939 Gyro Inclinometer von SMP, der f\u00fcr pr\u00e4zise Winkelmessungen und Stabilisierung in rauen Umgebungen entwickelt wurde. Ideal f\u00fcr Industrie- und Automobilanwendungen.","robots":{"index":"index","follow":"follow","max-snippet":"max-snippet:-1","max-image-preview":"max-image-preview:large","max-video-preview":"max-video-preview:-1"},"canonical":"https:\/\/www.smpengineeredsolutions.com\/de\/produkte\/elektrifizierung-und-elektronik\/can-geraete\/j1939-kreiselneigungsmesser\/","og_locale":"de_DE","og_type":"article","og_title":"J1939-Kreiselneigungsmesser","og_description":"Entdecken Sie den J1939 Gyro Inclinometer von SMP, der f\u00fcr pr\u00e4zise Winkelmessungen und Stabilisierung in rauen Umgebungen entwickelt wurde. Ideal f\u00fcr Industrie- und Automobilanwendungen.","og_url":"https:\/\/www.smpengineeredsolutions.com\/de\/produkte\/elektrifizierung-und-elektronik\/can-geraete\/j1939-kreiselneigungsmesser\/","og_site_name":"Standard Motor Products, Inc.","article_modified_time":"2024-09-26T15:49:35+00:00","og_image":[{"url":"https:\/\/www.smpengineeredsolutions.com\/wp-content\/uploads\/SMP-Trombetta-4C-500x75.png","type":"","width":"","height":""}],"twitter_misc":{"Gesch\u00e4tzte Lesezeit":"4\u00a0Minuten"},"schema":{"@context":"https:\/\/schema.org","@graph":[{"@type":"WebPage","@id":"https:\/\/www.smpengineeredsolutions.com\/de\/produkte\/elektrifizierung-und-elektronik\/can-geraete\/j1939-kreiselneigungsmesser\/","url":"https:\/\/www.smpengineeredsolutions.com\/de\/produkte\/elektrifizierung-und-elektronik\/can-geraete\/j1939-kreiselneigungsmesser\/","name":"J1939 Kreiselneigungsmesser | Standard Motor Products, Inc.","isPartOf":{"@id":"https:\/\/www.gmail.smpengineeredsolutions.com\/de\/#website"},"primaryImageOfPage":{"@id":"https:\/\/www.smpengineeredsolutions.com\/de\/produkte\/elektrifizierung-und-elektronik\/can-geraete\/j1939-kreiselneigungsmesser\/#primaryimage"},"image":{"@id":"https:\/\/www.smpengineeredsolutions.com\/de\/produkte\/elektrifizierung-und-elektronik\/can-geraete\/j1939-kreiselneigungsmesser\/#primaryimage"},"thumbnailUrl":"https:\/\/www.smpengineeredsolutions.com\/wp-content\/uploads\/SMP-Trombetta-4C-500x75.png","datePublished":"2023-01-09T20:04:33+00:00","dateModified":"2024-09-26T15:49:35+00:00","description":"Entdecken Sie den J1939 Gyro Inclinometer von SMP, der f\u00fcr pr\u00e4zise Winkelmessungen und Stabilisierung in rauen Umgebungen entwickelt wurde. Ideal f\u00fcr Industrie- und Automobilanwendungen.","breadcrumb":{"@id":"https:\/\/www.smpengineeredsolutions.com\/de\/produkte\/elektrifizierung-und-elektronik\/can-geraete\/j1939-kreiselneigungsmesser\/#breadcrumb"},"inLanguage":"de","potentialAction":[{"@type":"ReadAction","target":["https:\/\/www.smpengineeredsolutions.com\/de\/produkte\/elektrifizierung-und-elektronik\/can-geraete\/j1939-kreiselneigungsmesser\/"]}]},{"@type":"ImageObject","inLanguage":"de","@id":"https:\/\/www.smpengineeredsolutions.com\/de\/produkte\/elektrifizierung-und-elektronik\/can-geraete\/j1939-kreiselneigungsmesser\/#primaryimage","url":"https:\/\/www.smpengineeredsolutions.com\/wp-content\/uploads\/SMP-Trombetta-4C-500x75.png","contentUrl":"https:\/\/www.smpengineeredsolutions.com\/wp-content\/uploads\/SMP-Trombetta-4C-500x75.png"},{"@type":"BreadcrumbList","@id":"https:\/\/www.smpengineeredsolutions.com\/de\/produkte\/elektrifizierung-und-elektronik\/can-geraete\/j1939-kreiselneigungsmesser\/#breadcrumb","itemListElement":[{"@type":"ListItem","position":1,"name":"Home","item":"https:\/\/www._minecraft._tcp.smpengineeredsolutions.com\/de\/"},{"@type":"ListItem","position":2,"name":"Produkte","item":"https:\/\/www._minecraft._tcp.smpengineeredsolutions.com\/de\/produkte\/"},{"@type":"ListItem","position":3,"name":"Elektrifizierung und Elektronik","item":"https:\/\/www.sitemaps.smpengineeredsolutions.com\/de\/produkte\/elektrifizierung-und-elektronik\/"},{"@type":"ListItem","position":4,"name":"CAN-Ger\u00e4te","item":"https:\/\/www.3ec3a7a1-1e28-4a7f-941d-947624eef59a.smpengineeredsolutions.com\/de\/produkte\/elektrifizierung-und-elektronik\/can-geraete\/"},{"@type":"ListItem","position":5,"name":"J1939-Kreiselneigungsmesser"}]},{"@type":"WebSite","@id":"https:\/\/www.gmail.smpengineeredsolutions.com\/de\/#website","url":"https:\/\/www.gmail.smpengineeredsolutions.com\/de\/","name":"Standard Motor Products, Inc.","description":"","publisher":{"@id":"https:\/\/www.gmail.smpengineeredsolutions.com\/de\/#organization"},"potentialAction":[{"@type":"SearchAction","target":{"@type":"EntryPoint","urlTemplate":"https:\/\/www.gmail.smpengineeredsolutions.com\/de\/?s={search_term_string}"},"query-input":{"@type":"PropertyValueSpecification","valueRequired":true,"valueName":"search_term_string"}}],"inLanguage":"de"},{"@type":"Organization","@id":"https:\/\/www.gmail.smpengineeredsolutions.com\/de\/#organization","name":"SMP\u00ae Engineered Solutions","url":"https:\/\/www.gmail.smpengineeredsolutions.com\/de\/","logo":{"@type":"ImageObject","inLanguage":"de","@id":"https:\/\/www.gmail.smpengineeredsolutions.com\/de\/#\/schema\/logo\/image\/","url":"https:\/\/www.a.smpengineeredsolutions.com\/wp-content\/uploads\/smp-logo.png","contentUrl":"https:\/\/www.a.smpengineeredsolutions.com\/wp-content\/uploads\/smp-logo.png","width":264,"height":117,"caption":"SMP\u00ae Engineered Solutions"},"image":{"@id":"https:\/\/www.gmail.smpengineeredsolutions.com\/de\/#\/schema\/logo\/image\/"},"sameAs":["https:\/\/www.youtube.com\/@StandardMotorProductsInc","https:\/\/www.linkedin.com\/company\/standard-motor-products"]}]}},"_links":{"self":[{"href":"https:\/\/www.smpengineeredsolutions.com\/de\/wp-json\/wp\/v2\/pages\/4722","targetHints":{"allow":["GET"]}}],"collection":[{"href":"https:\/\/www.smpengineeredsolutions.com\/de\/wp-json\/wp\/v2\/pages"}],"about":[{"href":"https:\/\/www.smpengineeredsolutions.com\/de\/wp-json\/wp\/v2\/types\/page"}],"author":[{"embeddable":true,"href":"https:\/\/www.smpengineeredsolutions.com\/de\/wp-json\/wp\/v2\/users\/27"}],"replies":[{"embeddable":true,"href":"https:\/\/www.smpengineeredsolutions.com\/de\/wp-json\/wp\/v2\/comments?post=4722"}],"version-history":[{"count":3,"href":"https:\/\/www.smpengineeredsolutions.com\/de\/wp-json\/wp\/v2\/pages\/4722\/revisions"}],"predecessor-version":[{"id":7377,"href":"https:\/\/www.smpengineeredsolutions.com\/de\/wp-json\/wp\/v2\/pages\/4722\/revisions\/7377"}],"up":[{"embeddable":true,"href":"https:\/\/www.smpengineeredsolutions.com\/de\/wp-json\/wp\/v2\/pages\/4717"}],"wp:attachment":[{"href":"https:\/\/www.smpengineeredsolutions.com\/de\/wp-json\/wp\/v2\/media?parent=4722"}],"curies":[{"name":"wp","href":"https:\/\/api.w.org\/{rel}","templated":true}]}}