{"id":4720,"date":"2023-01-09T15:01:02","date_gmt":"2023-01-09T20:01:02","guid":{"rendered":"https:\/\/smpengineeredsolutions.com\/?page_id=4720"},"modified":"2024-08-28T11:48:33","modified_gmt":"2024-08-28T15:48:33","slug":"j1939-modul-mit-12-ausgaengen","status":"publish","type":"page","link":"https:\/\/www.smpengineeredsolutions.com\/de\/produkte\/elektrifizierung-und-elektronik\/can-geraete\/j1939-modul-mit-12-ausgaengen\/","title":{"rendered":"J1939-Modul mit 12 Ausg\u00e4ngen"},"content":{"rendered":"<div class=\"feature-img-right\"><a class=\"lightbox\" href=\"\/wp-content\/uploads\/12-Output-Module-web-1.jpg\"><img decoding=\"async\" title=\"J1939-Modul mit 12 Ausg\u00e4ngen\" src=\"\/wp-content\/uploads\/12-Output-Module-web-1.jpg\" alt=\"J1939-Modul mit 12 Ausg\u00e4ngen\" width=\"300\" \/><\/a><\/div>\n<p>Dieses Ausgangsmodul bietet 8 Ausg\u00e4nge f\u00fcr 13 A und 4 Ausg\u00e4nge f\u00fcr 3 A, jeweils mit Kurzschluss- und \u00dcberlastschutz sowie Erkennung offener Last. Es hat einen Betriebsspannungsbereich von 8-32 V, LED-Ausgangsstatus f\u00fcr alle 12 Ausg\u00e4nge, verwendet versiegelte Kfz-Steckverbinder und ist vergossen, um unter sehr rauen Bedingungen gesch\u00fctzt zu sein.<\/p>\n<p>&nbsp;<\/p>\n<p><img loading=\"lazy\" decoding=\"async\" class=\"alignleft wp-image-3074\" title=\"SMP Trombetta Logo\" src=\"https:\/\/www.smpengineeredsolutions.com\/wp-content\/uploads\/SMP-Trombetta-4C-500x75.png\" alt=\"SMP Trombetta Logo\" width=\"407\" height=\"61\" srcset=\"https:\/\/www.smpengineeredsolutions.com\/wp-content\/uploads\/SMP-Trombetta-4C-500x75.png 500w, https:\/\/www.smpengineeredsolutions.com\/wp-content\/uploads\/SMP-Trombetta-4C-1024x154.png 1024w, https:\/\/www.smpengineeredsolutions.com\/wp-content\/uploads\/SMP-Trombetta-4C-768x116.png 768w, https:\/\/www.smpengineeredsolutions.com\/wp-content\/uploads\/SMP-Trombetta-4C-1536x231.png 1536w, https:\/\/www.smpengineeredsolutions.com\/wp-content\/uploads\/SMP-Trombetta-4C-2048x309.png 2048w\" sizes=\"auto, (max-width: 407px) 100vw, 407px\" \/><\/p>\n","protected":false},"excerpt":{"rendered":"<p>Dieses Ausgangsmodul bietet 8 Ausg\u00e4nge f\u00fcr 13 A und 4 Ausg\u00e4nge f\u00fcr 3 A, jeweils mit Kurzschluss- und \u00dcberlastschutz sowie Erkennung offener Last. Es hat einen Betriebsspannungsbereich von 8-32 V, LED-Ausgangsstatus f\u00fcr alle 12 Ausg\u00e4nge, verwendet versiegelte Kfz-Steckverbinder und ist vergossen, um unter sehr rauen Bedingungen gesch\u00fctzt zu sein. &nbsp; [&#8230;]<\/p>\n<p><a class=\"btn btn-secondary understrap-read-more-link\" href=\"https:\/\/www.smpengineeredsolutions.com\/de\/produkte\/elektrifizierung-und-elektronik\/can-geraete\/j1939-modul-mit-12-ausgaengen\/\">Weiterlesen&#8230;<\/a><\/p>\n","protected":false},"author":27,"featured_media":0,"parent":4717,"menu_order":0,"comment_status":"closed","ping_status":"closed","template":"page-templates\/destination-content.php","meta":{"_acf_changed":false,"inline_featured_image":false,"footnotes":""},"class_list":["post-4720","page","type-page","status-publish","hentry"],"featured_image_src":null,"acf":[],"yoast_head":"<!-- This site is optimized with the Yoast SEO Premium plugin v27.4 (Yoast SEO v27.4) - https:\/\/yoast.com\/product\/yoast-seo-premium-wordpress\/ -->\n<title>J1939 12 Ausgangsmodul | CAN-Ger\u00e4te | Standard Motor Products, Inc<\/title>\n<meta name=\"description\" content=\"Explore our J1939 12 Output Module and CAN Device. Designed and built for the harshest conditions for your automation applications.\" \/>\n<meta name=\"robots\" content=\"index, follow, max-snippet:-1, max-image-preview:large, max-video-preview:-1\" \/>\n<link rel=\"canonical\" href=\"https:\/\/www.smpengineeredsolutions.com\/de\/produkte\/elektrifizierung-und-elektronik\/can-geraete\/j1939-modul-mit-12-ausgaengen\/\" \/>\n<meta property=\"og:locale\" content=\"de_DE\" \/>\n<meta property=\"og:type\" content=\"article\" \/>\n<meta property=\"og:title\" content=\"J1939-Modul mit 12 Ausg\u00e4ngen\" \/>\n<meta property=\"og:description\" content=\"Explore our J1939 12 Output Module and CAN Device. Designed and built for the harshest conditions for your automation applications.\" \/>\n<meta property=\"og:url\" content=\"https:\/\/www.smpengineeredsolutions.com\/de\/produkte\/elektrifizierung-und-elektronik\/can-geraete\/j1939-modul-mit-12-ausgaengen\/\" \/>\n<meta property=\"og:site_name\" content=\"Standard Motor Products, Inc.\" \/>\n<meta property=\"article:modified_time\" content=\"2024-08-28T15:48:33+00:00\" \/>\n<meta property=\"og:image\" content=\"https:\/\/www.smpengineeredsolutions.com\/wp-content\/uploads\/SMP-Trombetta-4C-500x75.png\" \/>\n<meta name=\"twitter:label1\" content=\"Gesch\u00e4tzte Lesezeit\" \/>\n\t<meta name=\"twitter:data1\" content=\"1\u00a0Minute\" \/>\n<script type=\"application\/ld+json\" class=\"yoast-schema-graph\">{\"@context\":\"https:\\\/\\\/schema.org\",\"@graph\":[{\"@type\":\"WebPage\",\"@id\":\"https:\\\/\\\/www.smpengineeredsolutions.com\\\/de\\\/produkte\\\/elektrifizierung-und-elektronik\\\/can-geraete\\\/j1939-modul-mit-12-ausgaengen\\\/\",\"url\":\"https:\\\/\\\/www.smpengineeredsolutions.com\\\/de\\\/produkte\\\/elektrifizierung-und-elektronik\\\/can-geraete\\\/j1939-modul-mit-12-ausgaengen\\\/\",\"name\":\"J1939 12 Ausgangsmodul | CAN-Ger\u00e4te | Standard Motor Products, Inc\",\"isPartOf\":{\"@id\":\"https:\\\/\\\/www._tcp.smpengineeredsolutions.com\\\/#website\"},\"primaryImageOfPage\":{\"@id\":\"https:\\\/\\\/www.smpengineeredsolutions.com\\\/de\\\/produkte\\\/elektrifizierung-und-elektronik\\\/can-geraete\\\/j1939-modul-mit-12-ausgaengen\\\/#primaryimage\"},\"image\":{\"@id\":\"https:\\\/\\\/www.smpengineeredsolutions.com\\\/de\\\/produkte\\\/elektrifizierung-und-elektronik\\\/can-geraete\\\/j1939-modul-mit-12-ausgaengen\\\/#primaryimage\"},\"thumbnailUrl\":\"https:\\\/\\\/www.smpengineeredsolutions.com\\\/wp-content\\\/uploads\\\/SMP-Trombetta-4C-500x75.png\",\"datePublished\":\"2023-01-09T20:01:02+00:00\",\"dateModified\":\"2024-08-28T15:48:33+00:00\",\"description\":\"Explore our J1939 12 Output Module and CAN Device. Designed and built for the harshest conditions for your automation applications.\",\"breadcrumb\":{\"@id\":\"https:\\\/\\\/www.smpengineeredsolutions.com\\\/de\\\/produkte\\\/elektrifizierung-und-elektronik\\\/can-geraete\\\/j1939-modul-mit-12-ausgaengen\\\/#breadcrumb\"},\"inLanguage\":\"de\",\"potentialAction\":[{\"@type\":\"ReadAction\",\"target\":[\"https:\\\/\\\/www.smpengineeredsolutions.com\\\/de\\\/produkte\\\/elektrifizierung-und-elektronik\\\/can-geraete\\\/j1939-modul-mit-12-ausgaengen\\\/\"]}]},{\"@type\":\"ImageObject\",\"inLanguage\":\"de\",\"@id\":\"https:\\\/\\\/www.smpengineeredsolutions.com\\\/de\\\/produkte\\\/elektrifizierung-und-elektronik\\\/can-geraete\\\/j1939-modul-mit-12-ausgaengen\\\/#primaryimage\",\"url\":\"https:\\\/\\\/www.smpengineeredsolutions.com\\\/wp-content\\\/uploads\\\/SMP-Trombetta-4C-500x75.png\",\"contentUrl\":\"https:\\\/\\\/www.smpengineeredsolutions.com\\\/wp-content\\\/uploads\\\/SMP-Trombetta-4C-500x75.png\"},{\"@type\":\"BreadcrumbList\",\"@id\":\"https:\\\/\\\/www.smpengineeredsolutions.com\\\/de\\\/produkte\\\/elektrifizierung-und-elektronik\\\/can-geraete\\\/j1939-modul-mit-12-ausgaengen\\\/#breadcrumb\",\"itemListElement\":[{\"@type\":\"ListItem\",\"position\":1,\"name\":\"Home\",\"item\":\"https:\\\/\\\/www.smpengineeredsolutions.com\\\/de\\\/\"},{\"@type\":\"ListItem\",\"position\":2,\"name\":\"Produkte\",\"item\":\"https:\\\/\\\/www.smpengineeredsolutions.com\\\/de\\\/produkte\\\/\"},{\"@type\":\"ListItem\",\"position\":3,\"name\":\"Elektrifizierung und Elektronik\",\"item\":\"https:\\\/\\\/www.smpengineeredsolutions.com\\\/de\\\/produkte\\\/elektrifizierung-und-elektronik\\\/\"},{\"@type\":\"ListItem\",\"position\":4,\"name\":\"CAN-Ger\u00e4te\",\"item\":\"https:\\\/\\\/www.tcp.smpengineeredsolutions.com\\\/de\\\/produkte\\\/elektrifizierung-und-elektronik\\\/can-geraete\\\/\"},{\"@type\":\"ListItem\",\"position\":5,\"name\":\"J1939-Modul mit 12 Ausg\u00e4ngen\"}]},{\"@type\":\"WebSite\",\"@id\":\"https:\\\/\\\/www._tcp.smpengineeredsolutions.com\\\/#website\",\"url\":\"https:\\\/\\\/www._tcp.smpengineeredsolutions.com\\\/\",\"name\":\"Standard Motor Products, Inc.\",\"description\":\"\",\"publisher\":{\"@id\":\"https:\\\/\\\/www._tcp.smpengineeredsolutions.com\\\/#organization\"},\"potentialAction\":[{\"@type\":\"SearchAction\",\"target\":{\"@type\":\"EntryPoint\",\"urlTemplate\":\"https:\\\/\\\/www._tcp.smpengineeredsolutions.com\\\/?s={search_term_string}\"},\"query-input\":{\"@type\":\"PropertyValueSpecification\",\"valueRequired\":true,\"valueName\":\"search_term_string\"}}],\"inLanguage\":\"de\"},{\"@type\":\"Organization\",\"@id\":\"https:\\\/\\\/www._tcp.smpengineeredsolutions.com\\\/#organization\",\"name\":\"SMP\u00ae Engineered Solutions\",\"url\":\"https:\\\/\\\/www._tcp.smpengineeredsolutions.com\\\/\",\"logo\":{\"@type\":\"ImageObject\",\"inLanguage\":\"de\",\"@id\":\"https:\\\/\\\/www._tcp.smpengineeredsolutions.com\\\/#\\\/schema\\\/logo\\\/image\\\/\",\"url\":\"https:\\\/\\\/www.a.smpengineeredsolutions.com\\\/wp-content\\\/uploads\\\/smp-logo.png\",\"contentUrl\":\"https:\\\/\\\/www.a.smpengineeredsolutions.com\\\/wp-content\\\/uploads\\\/smp-logo.png\",\"width\":264,\"height\":117,\"caption\":\"SMP\u00ae Engineered Solutions\"},\"image\":{\"@id\":\"https:\\\/\\\/www._tcp.smpengineeredsolutions.com\\\/#\\\/schema\\\/logo\\\/image\\\/\"},\"sameAs\":[\"https:\\\/\\\/www.youtube.com\\\/@StandardMotorProductsInc\",\"https:\\\/\\\/www.linkedin.com\\\/company\\\/standard-motor-products\"]}]}<\/script>\n<!-- \/ Yoast SEO Premium plugin. -->","yoast_head_json":{"title":"J1939 12 Ausgangsmodul | CAN-Ger\u00e4te | Standard Motor Products, Inc","description":"Explore our J1939 12 Output Module and CAN Device. Designed and built for the harshest conditions for your automation applications.","robots":{"index":"index","follow":"follow","max-snippet":"max-snippet:-1","max-image-preview":"max-image-preview:large","max-video-preview":"max-video-preview:-1"},"canonical":"https:\/\/www.smpengineeredsolutions.com\/de\/produkte\/elektrifizierung-und-elektronik\/can-geraete\/j1939-modul-mit-12-ausgaengen\/","og_locale":"de_DE","og_type":"article","og_title":"J1939-Modul mit 12 Ausg\u00e4ngen","og_description":"Explore our J1939 12 Output Module and CAN Device. Designed and built for the harshest conditions for your automation applications.","og_url":"https:\/\/www.smpengineeredsolutions.com\/de\/produkte\/elektrifizierung-und-elektronik\/can-geraete\/j1939-modul-mit-12-ausgaengen\/","og_site_name":"Standard Motor Products, Inc.","article_modified_time":"2024-08-28T15:48:33+00:00","og_image":[{"url":"https:\/\/www.smpengineeredsolutions.com\/wp-content\/uploads\/SMP-Trombetta-4C-500x75.png","type":"","width":"","height":""}],"twitter_misc":{"Gesch\u00e4tzte Lesezeit":"1\u00a0Minute"},"schema":{"@context":"https:\/\/schema.org","@graph":[{"@type":"WebPage","@id":"https:\/\/www.smpengineeredsolutions.com\/de\/produkte\/elektrifizierung-und-elektronik\/can-geraete\/j1939-modul-mit-12-ausgaengen\/","url":"https:\/\/www.smpengineeredsolutions.com\/de\/produkte\/elektrifizierung-und-elektronik\/can-geraete\/j1939-modul-mit-12-ausgaengen\/","name":"J1939 12 Ausgangsmodul | CAN-Ger\u00e4te | Standard Motor Products, Inc","isPartOf":{"@id":"https:\/\/www._tcp.smpengineeredsolutions.com\/#website"},"primaryImageOfPage":{"@id":"https:\/\/www.smpengineeredsolutions.com\/de\/produkte\/elektrifizierung-und-elektronik\/can-geraete\/j1939-modul-mit-12-ausgaengen\/#primaryimage"},"image":{"@id":"https:\/\/www.smpengineeredsolutions.com\/de\/produkte\/elektrifizierung-und-elektronik\/can-geraete\/j1939-modul-mit-12-ausgaengen\/#primaryimage"},"thumbnailUrl":"https:\/\/www.smpengineeredsolutions.com\/wp-content\/uploads\/SMP-Trombetta-4C-500x75.png","datePublished":"2023-01-09T20:01:02+00:00","dateModified":"2024-08-28T15:48:33+00:00","description":"Explore our J1939 12 Output Module and CAN Device. Designed and built for the harshest conditions for your automation applications.","breadcrumb":{"@id":"https:\/\/www.smpengineeredsolutions.com\/de\/produkte\/elektrifizierung-und-elektronik\/can-geraete\/j1939-modul-mit-12-ausgaengen\/#breadcrumb"},"inLanguage":"de","potentialAction":[{"@type":"ReadAction","target":["https:\/\/www.smpengineeredsolutions.com\/de\/produkte\/elektrifizierung-und-elektronik\/can-geraete\/j1939-modul-mit-12-ausgaengen\/"]}]},{"@type":"ImageObject","inLanguage":"de","@id":"https:\/\/www.smpengineeredsolutions.com\/de\/produkte\/elektrifizierung-und-elektronik\/can-geraete\/j1939-modul-mit-12-ausgaengen\/#primaryimage","url":"https:\/\/www.smpengineeredsolutions.com\/wp-content\/uploads\/SMP-Trombetta-4C-500x75.png","contentUrl":"https:\/\/www.smpengineeredsolutions.com\/wp-content\/uploads\/SMP-Trombetta-4C-500x75.png"},{"@type":"BreadcrumbList","@id":"https:\/\/www.smpengineeredsolutions.com\/de\/produkte\/elektrifizierung-und-elektronik\/can-geraete\/j1939-modul-mit-12-ausgaengen\/#breadcrumb","itemListElement":[{"@type":"ListItem","position":1,"name":"Home","item":"https:\/\/www.smpengineeredsolutions.com\/de\/"},{"@type":"ListItem","position":2,"name":"Produkte","item":"https:\/\/www.smpengineeredsolutions.com\/de\/produkte\/"},{"@type":"ListItem","position":3,"name":"Elektrifizierung und Elektronik","item":"https:\/\/www.smpengineeredsolutions.com\/de\/produkte\/elektrifizierung-und-elektronik\/"},{"@type":"ListItem","position":4,"name":"CAN-Ger\u00e4te","item":"https:\/\/www.tcp.smpengineeredsolutions.com\/de\/produkte\/elektrifizierung-und-elektronik\/can-geraete\/"},{"@type":"ListItem","position":5,"name":"J1939-Modul mit 12 Ausg\u00e4ngen"}]},{"@type":"WebSite","@id":"https:\/\/www._tcp.smpengineeredsolutions.com\/#website","url":"https:\/\/www._tcp.smpengineeredsolutions.com\/","name":"Standard Motor Products, Inc.","description":"","publisher":{"@id":"https:\/\/www._tcp.smpengineeredsolutions.com\/#organization"},"potentialAction":[{"@type":"SearchAction","target":{"@type":"EntryPoint","urlTemplate":"https:\/\/www._tcp.smpengineeredsolutions.com\/?s={search_term_string}"},"query-input":{"@type":"PropertyValueSpecification","valueRequired":true,"valueName":"search_term_string"}}],"inLanguage":"de"},{"@type":"Organization","@id":"https:\/\/www._tcp.smpengineeredsolutions.com\/#organization","name":"SMP\u00ae Engineered Solutions","url":"https:\/\/www._tcp.smpengineeredsolutions.com\/","logo":{"@type":"ImageObject","inLanguage":"de","@id":"https:\/\/www._tcp.smpengineeredsolutions.com\/#\/schema\/logo\/image\/","url":"https:\/\/www.a.smpengineeredsolutions.com\/wp-content\/uploads\/smp-logo.png","contentUrl":"https:\/\/www.a.smpengineeredsolutions.com\/wp-content\/uploads\/smp-logo.png","width":264,"height":117,"caption":"SMP\u00ae Engineered Solutions"},"image":{"@id":"https:\/\/www._tcp.smpengineeredsolutions.com\/#\/schema\/logo\/image\/"},"sameAs":["https:\/\/www.youtube.com\/@StandardMotorProductsInc","https:\/\/www.linkedin.com\/company\/standard-motor-products"]}]}},"_links":{"self":[{"href":"https:\/\/www.smpengineeredsolutions.com\/de\/wp-json\/wp\/v2\/pages\/4720","targetHints":{"allow":["GET"]}}],"collection":[{"href":"https:\/\/www.smpengineeredsolutions.com\/de\/wp-json\/wp\/v2\/pages"}],"about":[{"href":"https:\/\/www.smpengineeredsolutions.com\/de\/wp-json\/wp\/v2\/types\/page"}],"author":[{"embeddable":true,"href":"https:\/\/www.smpengineeredsolutions.com\/de\/wp-json\/wp\/v2\/users\/27"}],"replies":[{"embeddable":true,"href":"https:\/\/www.smpengineeredsolutions.com\/de\/wp-json\/wp\/v2\/comments?post=4720"}],"version-history":[{"count":1,"href":"https:\/\/www.smpengineeredsolutions.com\/de\/wp-json\/wp\/v2\/pages\/4720\/revisions"}],"predecessor-version":[{"id":7246,"href":"https:\/\/www.smpengineeredsolutions.com\/de\/wp-json\/wp\/v2\/pages\/4720\/revisions\/7246"}],"up":[{"embeddable":true,"href":"https:\/\/www.smpengineeredsolutions.com\/de\/wp-json\/wp\/v2\/pages\/4717"}],"wp:attachment":[{"href":"https:\/\/www.smpengineeredsolutions.com\/de\/wp-json\/wp\/v2\/media?parent=4720"}],"curies":[{"name":"wp","href":"https:\/\/api.w.org\/{rel}","templated":true}]}}