{"id":4716,"date":"2023-01-10T12:01:40","date_gmt":"2023-01-10T17:01:40","guid":{"rendered":"https:\/\/smpengineeredsolutions.com\/?page_id=4716"},"modified":"2025-04-28T16:08:53","modified_gmt":"2025-04-28T20:08:53","slug":"elektrifizierung-und-elektronik","status":"publish","type":"page","link":"https:\/\/www.smpengineeredsolutions.com\/de\/produkte\/elektrifizierung-und-elektronik\/","title":{"rendered":"Elektrifizierung und Elektronik"},"content":{"rendered":"<p><img loading=\"lazy\" decoding=\"async\" class=\"alignnone  wp-image-4563\" src=\"https:\/\/www.smpengineeredsolutions.com\/wp-content\/uploads\/SMP-Trombetta-4C-500x75.png\" alt=\"\" width=\"307\" height=\"46\" srcset=\"https:\/\/www.smpengineeredsolutions.com\/wp-content\/uploads\/SMP-Trombetta-4C-500x75.png 500w, https:\/\/www.smpengineeredsolutions.com\/wp-content\/uploads\/SMP-Trombetta-4C-1024x154.png 1024w, https:\/\/www.smpengineeredsolutions.com\/wp-content\/uploads\/SMP-Trombetta-4C-768x116.png 768w, https:\/\/www.smpengineeredsolutions.com\/wp-content\/uploads\/SMP-Trombetta-4C-1536x231.png 1536w, https:\/\/www.smpengineeredsolutions.com\/wp-content\/uploads\/SMP-Trombetta-4C-2048x309.png 2048w\" sizes=\"auto, (max-width: 307px) 100vw, 307px\" \/><\/p>\n<h3>Elektrifizierung und elektronische L\u00f6sungen<\/h3>\n<p>SMP Engineered Solutions bietet anpassbare Ger\u00e4te f\u00fcr Elektrifizierungs- und Elektronikl\u00f6sungen, die h\u00e4ufig in Industrie- und Automobilsystemen eingesetzt werden. Elektrifizierungs- und Elektronikprodukte sind Ger\u00e4te, die die Signal\u00fcbertragung in einem System \u00fcberwachen, steuern und regeln. Ihre Hauptfunktion besteht darin, einen schnellen und genauen Informationsaustausch zu erm\u00f6glichen, um die Gesamtleistung von Systemen in der industriellen Energieverteilung und der Automobilelektronik zu verbessern.<\/p>\n<p>Unsere Elektrifizierungs- und Elektronikl\u00f6sungen sind f\u00fcr die rauen Umgebungen mobiler Ger\u00e4te konzipiert. Die Produktpalette reicht von E\/A-Modulen bis hin zu fortschrittlichen CAN-Produkten, die f\u00fcr den Einsatz mit J1939, CANopen und NMEA2000 entwickelt wurden.<\/p>\n<h3>Gemeinsame Bewerbung<\/h3>\n<ul>\n<li>Automobilindustrie<\/li>\n<li>Industrielle Maschinen<\/li>\n<li>Baumaschinen<\/li>\n<li>Landwirtschaftliche Ger\u00e4te<\/li>\n<li>Powersports<\/li>\n<\/ul>\n<h3>Hauptmerkmale der Elektrifizierung und Elektronik<\/h3>\n<p><img loading=\"lazy\" decoding=\"async\" class=\"alignnone  wp-image-7628\" src=\"https:\/\/www.smpengineeredsolutions.com\/wp-content\/uploads\/Electrification-and-Electronic-feature-German-500x111.png\" alt=\"Hauptmerkmale der Elektrifizierungs- und Elektroniksysteme von SMP Engineered Solution\" width=\"1149\" height=\"255\" srcset=\"https:\/\/www.smpengineeredsolutions.com\/wp-content\/uploads\/Electrification-and-Electronic-feature-German-500x111.png 500w, https:\/\/www.smpengineeredsolutions.com\/wp-content\/uploads\/Electrification-and-Electronic-feature-German-1024x228.png 1024w, https:\/\/www.smpengineeredsolutions.com\/wp-content\/uploads\/Electrification-and-Electronic-feature-German-768x171.png 768w, https:\/\/www.smpengineeredsolutions.com\/wp-content\/uploads\/Electrification-and-Electronic-feature-German-1536x342.png 1536w, https:\/\/www.smpengineeredsolutions.com\/wp-content\/uploads\/Electrification-and-Electronic-feature-German-2048x456.png 2048w\" sizes=\"auto, (max-width: 1149px) 100vw, 1149px\" \/><\/p>\n<p><a href=\"https:\/\/www.smpengineeredsolutions.com\/de\/kontakt\/\">Wenden<\/a> Sie sich an SMP Engineered Solutions, wenn Sie Ihre n\u00e4chste kundenspezifische Elektrifizierungs- und Elektronikl\u00f6sung ben\u00f6tigen.<\/p>\n<h4>H\u00e4ufig gestellte Fragen<\/h4>\n<p><strong>Wozu werden Elektrifizierungs- und Elektronikprodukte verwendet?<\/strong><\/p>\n<p>Elektrifizierungs- und Elektronikprodukte werden f\u00fcr Industrie- und Automobilsysteme verwendet, die die Signal\u00fcbertragung im System \u00fcberwachen, steuern und regeln.<\/p>\n<p><strong>Sind die Elektrifizierungs- und Elektronikprodukte von SMP f\u00fcr raue Umgebungen geeignet?<\/strong><\/p>\n<p>Unsere Produkte sind so gebaut und versiegelt, dass sie allen rauen Umgebungen standhalten.<\/p>\n<p><strong>Welche Arten von elektronischen Kontrollsystemen bietet SMP an?<\/strong><\/p>\n<p>Wir bieten eine Vielzahl von industriellen Stromverteilungs- und Automobilelektronikprodukten wie z.B. CAN-Ger\u00e4te, Strom- und CAN-Splitter, elektronische Steuerungen und elektronische Komponenten.<\/p>\n","protected":false},"excerpt":{"rendered":"<p>Elektrifizierung und elektronische L\u00f6sungen SMP Engineered Solutions bietet anpassbare Ger\u00e4te f\u00fcr Elektrifizierungs- und Elektronikl\u00f6sungen, die h\u00e4ufig in Industrie- und Automobilsystemen eingesetzt werden. Elektrifizierungs- und Elektronikprodukte sind Ger\u00e4te, die die Signal\u00fcbertragung in einem System \u00fcberwachen, steuern und regeln. Ihre Hauptfunktion besteht darin, einen schnellen und genauen Informationsaustausch zu erm\u00f6glichen, um die Gesamtleistung von Systemen in der&#8230; [&#8230;]<\/p>\n<p><a class=\"btn btn-secondary understrap-read-more-link\" href=\"https:\/\/www.smpengineeredsolutions.com\/de\/produkte\/elektrifizierung-und-elektronik\/\">Weiterlesen&#8230;<\/a><\/p>\n","protected":false},"author":27,"featured_media":0,"parent":4643,"menu_order":0,"comment_status":"closed","ping_status":"closed","template":"page-templates\/destination-bucket.php","meta":{"_acf_changed":false,"inline_featured_image":false,"footnotes":""},"class_list":["post-4716","page","type-page","status-publish","hentry"],"featured_image_src":null,"acf":[],"yoast_head":"<!-- This site is optimized with the Yoast SEO Premium plugin v27.4 (Yoast SEO v27.4) - https:\/\/yoast.com\/product\/yoast-seo-premium-wordpress\/ -->\n<title>Elektrifizierung &amp; elektronische L\u00f6sungen | Standard Motor Products<\/title>\n<meta name=\"description\" content=\"Entdecken Sie die Elektrifizierungs &amp; Elektronikprodukte von SMP, darunter CAN-Ger\u00e4te, Leistungssplitter und Steuersysteme f\u00fcr zuverl\u00e4ssige Industrie- und Fahrzeugl\u00f6sungen.\" \/>\n<meta name=\"robots\" content=\"index, follow, max-snippet:-1, max-image-preview:large, max-video-preview:-1\" \/>\n<link rel=\"canonical\" href=\"https:\/\/www.smpengineeredsolutions.com\/de\/produkte\/elektrifizierung-und-elektronik\/\" \/>\n<meta property=\"og:locale\" content=\"de_DE\" \/>\n<meta property=\"og:type\" content=\"article\" \/>\n<meta property=\"og:title\" content=\"Elektrifizierung und Elektronik\" \/>\n<meta property=\"og:description\" content=\"Entdecken Sie die Elektrifizierungs &amp; Elektronikprodukte von SMP, darunter CAN-Ger\u00e4te, Leistungssplitter und Steuersysteme f\u00fcr zuverl\u00e4ssige Industrie- und Fahrzeugl\u00f6sungen.\" \/>\n<meta property=\"og:url\" content=\"https:\/\/www.smpengineeredsolutions.com\/de\/produkte\/elektrifizierung-und-elektronik\/\" \/>\n<meta property=\"og:site_name\" content=\"Standard Motor Products, Inc.\" \/>\n<meta property=\"article:modified_time\" content=\"2025-04-28T20:08:53+00:00\" \/>\n<meta property=\"og:image\" content=\"https:\/\/www.smpengineeredsolutions.com\/wp-content\/uploads\/SMP-Trombetta-4C-500x75.png\" \/>\n<meta name=\"twitter:label1\" content=\"Gesch\u00e4tzte Lesezeit\" \/>\n\t<meta name=\"twitter:data1\" content=\"2\u00a0Minuten\" \/>\n<script type=\"application\/ld+json\" class=\"yoast-schema-graph\">{\"@context\":\"https:\\\/\\\/schema.org\",\"@graph\":[{\"@type\":\"WebPage\",\"@id\":\"https:\\\/\\\/www.smpengineeredsolutions.com\\\/de\\\/produkte\\\/elektrifizierung-und-elektronik\\\/\",\"url\":\"https:\\\/\\\/www.smpengineeredsolutions.com\\\/de\\\/produkte\\\/elektrifizierung-und-elektronik\\\/\",\"name\":\"Elektrifizierung & elektronische L\u00f6sungen | Standard Motor Products\",\"isPartOf\":{\"@id\":\"https:\\\/\\\/www._tcp.smpengineeredsolutions.com\\\/#website\"},\"primaryImageOfPage\":{\"@id\":\"https:\\\/\\\/www.smpengineeredsolutions.com\\\/de\\\/produkte\\\/elektrifizierung-und-elektronik\\\/#primaryimage\"},\"image\":{\"@id\":\"https:\\\/\\\/www.smpengineeredsolutions.com\\\/de\\\/produkte\\\/elektrifizierung-und-elektronik\\\/#primaryimage\"},\"thumbnailUrl\":\"https:\\\/\\\/www.smpengineeredsolutions.com\\\/wp-content\\\/uploads\\\/SMP-Trombetta-4C-500x75.png\",\"datePublished\":\"2023-01-10T17:01:40+00:00\",\"dateModified\":\"2025-04-28T20:08:53+00:00\",\"description\":\"Entdecken Sie die Elektrifizierungs & Elektronikprodukte von SMP, darunter CAN-Ger\u00e4te, Leistungssplitter und Steuersysteme f\u00fcr zuverl\u00e4ssige Industrie- und Fahrzeugl\u00f6sungen.\",\"breadcrumb\":{\"@id\":\"https:\\\/\\\/www.smpengineeredsolutions.com\\\/de\\\/produkte\\\/elektrifizierung-und-elektronik\\\/#breadcrumb\"},\"inLanguage\":\"de\",\"potentialAction\":[{\"@type\":\"ReadAction\",\"target\":[\"https:\\\/\\\/www.smpengineeredsolutions.com\\\/de\\\/produkte\\\/elektrifizierung-und-elektronik\\\/\"]}]},{\"@type\":\"ImageObject\",\"inLanguage\":\"de\",\"@id\":\"https:\\\/\\\/www.smpengineeredsolutions.com\\\/de\\\/produkte\\\/elektrifizierung-und-elektronik\\\/#primaryimage\",\"url\":\"https:\\\/\\\/www.smpengineeredsolutions.com\\\/wp-content\\\/uploads\\\/SMP-Trombetta-4C-500x75.png\",\"contentUrl\":\"https:\\\/\\\/www.smpengineeredsolutions.com\\\/wp-content\\\/uploads\\\/SMP-Trombetta-4C-500x75.png\"},{\"@type\":\"BreadcrumbList\",\"@id\":\"https:\\\/\\\/www.smpengineeredsolutions.com\\\/de\\\/produkte\\\/elektrifizierung-und-elektronik\\\/#breadcrumb\",\"itemListElement\":[{\"@type\":\"ListItem\",\"position\":1,\"name\":\"Home\",\"item\":\"https:\\\/\\\/www.smpengineeredsolutions.com\\\/de\\\/\"},{\"@type\":\"ListItem\",\"position\":2,\"name\":\"Produkte\",\"item\":\"https:\\\/\\\/www.smpengineeredsolutions.com\\\/de\\\/produkte\\\/\"},{\"@type\":\"ListItem\",\"position\":3,\"name\":\"Elektrifizierung und Elektronik\"}]},{\"@type\":\"WebSite\",\"@id\":\"https:\\\/\\\/www._tcp.smpengineeredsolutions.com\\\/#website\",\"url\":\"https:\\\/\\\/www._tcp.smpengineeredsolutions.com\\\/\",\"name\":\"Standard Motor Products, Inc.\",\"description\":\"\",\"publisher\":{\"@id\":\"https:\\\/\\\/www._tcp.smpengineeredsolutions.com\\\/#organization\"},\"potentialAction\":[{\"@type\":\"SearchAction\",\"target\":{\"@type\":\"EntryPoint\",\"urlTemplate\":\"https:\\\/\\\/www._tcp.smpengineeredsolutions.com\\\/?s={search_term_string}\"},\"query-input\":{\"@type\":\"PropertyValueSpecification\",\"valueRequired\":true,\"valueName\":\"search_term_string\"}}],\"inLanguage\":\"de\"},{\"@type\":\"Organization\",\"@id\":\"https:\\\/\\\/www._tcp.smpengineeredsolutions.com\\\/#organization\",\"name\":\"SMP\u00ae Engineered Solutions\",\"url\":\"https:\\\/\\\/www._tcp.smpengineeredsolutions.com\\\/\",\"logo\":{\"@type\":\"ImageObject\",\"inLanguage\":\"de\",\"@id\":\"https:\\\/\\\/www._tcp.smpengineeredsolutions.com\\\/#\\\/schema\\\/logo\\\/image\\\/\",\"url\":\"https:\\\/\\\/www.a.smpengineeredsolutions.com\\\/wp-content\\\/uploads\\\/smp-logo.png\",\"contentUrl\":\"https:\\\/\\\/www.a.smpengineeredsolutions.com\\\/wp-content\\\/uploads\\\/smp-logo.png\",\"width\":264,\"height\":117,\"caption\":\"SMP\u00ae Engineered Solutions\"},\"image\":{\"@id\":\"https:\\\/\\\/www._tcp.smpengineeredsolutions.com\\\/#\\\/schema\\\/logo\\\/image\\\/\"},\"sameAs\":[\"https:\\\/\\\/www.youtube.com\\\/@StandardMotorProductsInc\",\"https:\\\/\\\/www.linkedin.com\\\/company\\\/standard-motor-products\"]}]}<\/script>\n<!-- \/ Yoast SEO Premium plugin. -->","yoast_head_json":{"title":"Elektrifizierung & elektronische L\u00f6sungen | Standard Motor Products","description":"Entdecken Sie die Elektrifizierungs & Elektronikprodukte von SMP, darunter CAN-Ger\u00e4te, Leistungssplitter und Steuersysteme f\u00fcr zuverl\u00e4ssige Industrie- und Fahrzeugl\u00f6sungen.","robots":{"index":"index","follow":"follow","max-snippet":"max-snippet:-1","max-image-preview":"max-image-preview:large","max-video-preview":"max-video-preview:-1"},"canonical":"https:\/\/www.smpengineeredsolutions.com\/de\/produkte\/elektrifizierung-und-elektronik\/","og_locale":"de_DE","og_type":"article","og_title":"Elektrifizierung und Elektronik","og_description":"Entdecken Sie die Elektrifizierungs & Elektronikprodukte von SMP, darunter CAN-Ger\u00e4te, Leistungssplitter und Steuersysteme f\u00fcr zuverl\u00e4ssige Industrie- und Fahrzeugl\u00f6sungen.","og_url":"https:\/\/www.smpengineeredsolutions.com\/de\/produkte\/elektrifizierung-und-elektronik\/","og_site_name":"Standard Motor Products, Inc.","article_modified_time":"2025-04-28T20:08:53+00:00","og_image":[{"url":"https:\/\/www.smpengineeredsolutions.com\/wp-content\/uploads\/SMP-Trombetta-4C-500x75.png","type":"","width":"","height":""}],"twitter_misc":{"Gesch\u00e4tzte Lesezeit":"2\u00a0Minuten"},"schema":{"@context":"https:\/\/schema.org","@graph":[{"@type":"WebPage","@id":"https:\/\/www.smpengineeredsolutions.com\/de\/produkte\/elektrifizierung-und-elektronik\/","url":"https:\/\/www.smpengineeredsolutions.com\/de\/produkte\/elektrifizierung-und-elektronik\/","name":"Elektrifizierung & elektronische L\u00f6sungen | Standard Motor Products","isPartOf":{"@id":"https:\/\/www._tcp.smpengineeredsolutions.com\/#website"},"primaryImageOfPage":{"@id":"https:\/\/www.smpengineeredsolutions.com\/de\/produkte\/elektrifizierung-und-elektronik\/#primaryimage"},"image":{"@id":"https:\/\/www.smpengineeredsolutions.com\/de\/produkte\/elektrifizierung-und-elektronik\/#primaryimage"},"thumbnailUrl":"https:\/\/www.smpengineeredsolutions.com\/wp-content\/uploads\/SMP-Trombetta-4C-500x75.png","datePublished":"2023-01-10T17:01:40+00:00","dateModified":"2025-04-28T20:08:53+00:00","description":"Entdecken Sie die Elektrifizierungs & Elektronikprodukte von SMP, darunter CAN-Ger\u00e4te, Leistungssplitter und Steuersysteme f\u00fcr zuverl\u00e4ssige Industrie- und Fahrzeugl\u00f6sungen.","breadcrumb":{"@id":"https:\/\/www.smpengineeredsolutions.com\/de\/produkte\/elektrifizierung-und-elektronik\/#breadcrumb"},"inLanguage":"de","potentialAction":[{"@type":"ReadAction","target":["https:\/\/www.smpengineeredsolutions.com\/de\/produkte\/elektrifizierung-und-elektronik\/"]}]},{"@type":"ImageObject","inLanguage":"de","@id":"https:\/\/www.smpengineeredsolutions.com\/de\/produkte\/elektrifizierung-und-elektronik\/#primaryimage","url":"https:\/\/www.smpengineeredsolutions.com\/wp-content\/uploads\/SMP-Trombetta-4C-500x75.png","contentUrl":"https:\/\/www.smpengineeredsolutions.com\/wp-content\/uploads\/SMP-Trombetta-4C-500x75.png"},{"@type":"BreadcrumbList","@id":"https:\/\/www.smpengineeredsolutions.com\/de\/produkte\/elektrifizierung-und-elektronik\/#breadcrumb","itemListElement":[{"@type":"ListItem","position":1,"name":"Home","item":"https:\/\/www.smpengineeredsolutions.com\/de\/"},{"@type":"ListItem","position":2,"name":"Produkte","item":"https:\/\/www.smpengineeredsolutions.com\/de\/produkte\/"},{"@type":"ListItem","position":3,"name":"Elektrifizierung und Elektronik"}]},{"@type":"WebSite","@id":"https:\/\/www._tcp.smpengineeredsolutions.com\/#website","url":"https:\/\/www._tcp.smpengineeredsolutions.com\/","name":"Standard Motor Products, Inc.","description":"","publisher":{"@id":"https:\/\/www._tcp.smpengineeredsolutions.com\/#organization"},"potentialAction":[{"@type":"SearchAction","target":{"@type":"EntryPoint","urlTemplate":"https:\/\/www._tcp.smpengineeredsolutions.com\/?s={search_term_string}"},"query-input":{"@type":"PropertyValueSpecification","valueRequired":true,"valueName":"search_term_string"}}],"inLanguage":"de"},{"@type":"Organization","@id":"https:\/\/www._tcp.smpengineeredsolutions.com\/#organization","name":"SMP\u00ae Engineered Solutions","url":"https:\/\/www._tcp.smpengineeredsolutions.com\/","logo":{"@type":"ImageObject","inLanguage":"de","@id":"https:\/\/www._tcp.smpengineeredsolutions.com\/#\/schema\/logo\/image\/","url":"https:\/\/www.a.smpengineeredsolutions.com\/wp-content\/uploads\/smp-logo.png","contentUrl":"https:\/\/www.a.smpengineeredsolutions.com\/wp-content\/uploads\/smp-logo.png","width":264,"height":117,"caption":"SMP\u00ae Engineered Solutions"},"image":{"@id":"https:\/\/www._tcp.smpengineeredsolutions.com\/#\/schema\/logo\/image\/"},"sameAs":["https:\/\/www.youtube.com\/@StandardMotorProductsInc","https:\/\/www.linkedin.com\/company\/standard-motor-products"]}]}},"_links":{"self":[{"href":"https:\/\/www.smpengineeredsolutions.com\/de\/wp-json\/wp\/v2\/pages\/4716","targetHints":{"allow":["GET"]}}],"collection":[{"href":"https:\/\/www.smpengineeredsolutions.com\/de\/wp-json\/wp\/v2\/pages"}],"about":[{"href":"https:\/\/www.smpengineeredsolutions.com\/de\/wp-json\/wp\/v2\/types\/page"}],"author":[{"embeddable":true,"href":"https:\/\/www.smpengineeredsolutions.com\/de\/wp-json\/wp\/v2\/users\/27"}],"replies":[{"embeddable":true,"href":"https:\/\/www.smpengineeredsolutions.com\/de\/wp-json\/wp\/v2\/comments?post=4716"}],"version-history":[{"count":3,"href":"https:\/\/www.smpengineeredsolutions.com\/de\/wp-json\/wp\/v2\/pages\/4716\/revisions"}],"predecessor-version":[{"id":7631,"href":"https:\/\/www.smpengineeredsolutions.com\/de\/wp-json\/wp\/v2\/pages\/4716\/revisions\/7631"}],"up":[{"embeddable":true,"href":"https:\/\/www.smpengineeredsolutions.com\/de\/wp-json\/wp\/v2\/pages\/4643"}],"wp:attachment":[{"href":"https:\/\/www.smpengineeredsolutions.com\/de\/wp-json\/wp\/v2\/media?parent=4716"}],"curies":[{"name":"wp","href":"https:\/\/api.w.org\/{rel}","templated":true}]}}