{"id":4715,"date":"2023-01-09T14:52:39","date_gmt":"2023-01-09T19:52:39","guid":{"rendered":"https:\/\/smpengineeredsolutions.com\/?page_id=4715"},"modified":"2024-08-28T11:12:52","modified_gmt":"2024-08-28T15:12:52","slug":"einphasen-vollwellen-spannungsregler","status":"publish","type":"page","link":"https:\/\/www.smpengineeredsolutions.com\/de\/produkte\/spannungsregler\/einphasen-vollwellen-spannungsregler\/","title":{"rendered":"Einphasen-Vollwellen-Spannungsregler"},"content":{"rendered":"<div class=\"feature-img-right\"><a class=\"lightbox\" href=\"\/wp-content\/uploads\/fullwavevr.png\"><img loading=\"lazy\" decoding=\"async\" class=\"\" title=\"Einphasen-Vollwellen-Spannungsregler\" src=\"\/wp-content\/uploads\/fullwavevr.png\" alt=\"Einphasen-Vollwellen-Spannungsregler\" width=\"281\" height=\"273\" \/><\/a><\/div>\n<p>Der Vollwellen-Spannungsregler ist eine wirtschaftliche L\u00f6sung f\u00fcr den mittleren Leistungsbereich, die typischerweise in Rasen- und Gartenmotoren oder anderen Anwendungen mit geringer Leistung eingesetzt wird.<\/p>\n<h3>Produkt\u00fcbersicht<\/h3>\n<ul>\n<li>Vollwellenregler\/Gleichrichter mit 30 AMP und Ladeabschaltung bei \u00dcberspannung<\/li>\n<li>Ger\u00e4t gesch\u00fctzt gegen: Verpolung der Batterie, offener Stromkreis und Kurzschluss. Eine externe Absicherung wird empfohlen<\/li>\n<li>F\u00fcr die Gegenst\u00fccke der Klemme und des Steckers verwenden Sie die elektrische Klemme von Packard #2965142 und den Steckerk\u00f6rper #2984959<\/li>\n<li>Regler zur Verwendung mit einer 12-Volt-Batterie mit negativer Masse<\/li>\n<li>Spannung bei Regelung 14,1 \u00b1 0,2 Volt bei 70\u00b0, 3600 RPM<\/li>\n<li>Die maximale S.C.R.-Temperatur darf 205\u00b0 bei 25 AMPS nicht \u00fcberschreiten.<\/li>\n<li>R\u00fcckw\u00e4rtsstrom: maximal 1 Milliampere bei 12,6 V bei 70\u00b0F<\/li>\n<li>Scharfe Kanten an den Anschl\u00fcssen auf beiden Seiten entfernen<\/li>\n<li>Temperaturkompensationsbereich von -5 Millivolt\/\u00b0F bis -15 Millivolt\/\u00b0F<\/li>\n<li>Verkapselung der Einheit mit Polyurethan<\/li>\n<li>Stromst\u00e4rke bei Regelung .5 AMPS maximal bei 70\u00b0F<\/li>\n<li>Die Mindest-Einschaltspannung des Reglers darf maximal 6,0 Volt betragen.<\/li>\n<li>Der Regler unterbricht den Ladevorgang bei einer \u00dcberspannung der Batterie. Der Sollwert f\u00fcr die \u00dcberspannung betr\u00e4gt: 18,5 V \u00b1 1,2 V bei 70\u00b0F. Der Regler darf den Ladevorgang erst wieder aufnehmen, wenn der Stator bei 70\u00b0F unter 20 V Spitzenwert f\u00e4llt. Die Regler m\u00fcssen zu 100% auf diese Parameter getestet werden.<\/li>\n<\/ul>\n<p><img loading=\"lazy\" decoding=\"async\" class=\"alignleft wp-image-3074\" title=\"SMP Trombetta Logo\" src=\"https:\/\/www.smpengineeredsolutions.com\/wp-content\/uploads\/SMP-Trombetta-4C-500x75.png\" alt=\"SMP Trombetta Logo\" width=\"407\" height=\"61\" srcset=\"https:\/\/www.smpengineeredsolutions.com\/wp-content\/uploads\/SMP-Trombetta-4C-500x75.png 500w, https:\/\/www.smpengineeredsolutions.com\/wp-content\/uploads\/SMP-Trombetta-4C-1024x154.png 1024w, https:\/\/www.smpengineeredsolutions.com\/wp-content\/uploads\/SMP-Trombetta-4C-768x116.png 768w, https:\/\/www.smpengineeredsolutions.com\/wp-content\/uploads\/SMP-Trombetta-4C-1536x231.png 1536w, https:\/\/www.smpengineeredsolutions.com\/wp-content\/uploads\/SMP-Trombetta-4C-2048x309.png 2048w\" sizes=\"auto, (max-width: 407px) 100vw, 407px\" \/><\/p>\n","protected":false},"excerpt":{"rendered":"<p>Der Vollwellen-Spannungsregler ist eine wirtschaftliche L\u00f6sung f\u00fcr den mittleren Leistungsbereich, die typischerweise in Rasen- und Gartenmotoren oder anderen Anwendungen mit geringer Leistung eingesetzt wird. Produkt\u00fcbersicht Vollwellenregler\/Gleichrichter mit 30 AMP und Ladeabschaltung bei \u00dcberspannung Ger\u00e4t gesch\u00fctzt gegen: Verpolung der Batterie, offener Stromkreis und Kurzschluss. Eine externe Absicherung wird empfohlen F\u00fcr die Gegenst\u00fccke der Klemme und des&#8230; [&#8230;]<\/p>\n<p><a class=\"btn btn-secondary understrap-read-more-link\" href=\"https:\/\/www.smpengineeredsolutions.com\/de\/produkte\/spannungsregler\/einphasen-vollwellen-spannungsregler\/\">Weiterlesen&#8230;<\/a><\/p>\n","protected":false},"author":27,"featured_media":0,"parent":4712,"menu_order":0,"comment_status":"closed","ping_status":"closed","template":"page-templates\/destination-content.php","meta":{"_acf_changed":false,"inline_featured_image":false,"footnotes":""},"class_list":["post-4715","page","type-page","status-publish","hentry"],"featured_image_src":null,"acf":[],"yoast_head":"<!-- This site is optimized with the Yoast SEO Premium plugin v27.5 (Yoast SEO v27.5) - https:\/\/yoast.com\/product\/yoast-seo-premium-wordpress\/ -->\n<title>Einphasige Vollwellen-Spannungsregler | Trombetta | Standard Motor Products, Inc.<\/title>\n<meta name=\"description\" content=\"Entdecken Sie unsere einphasigen Vollwellen-Spannungsregler - Der Vollwellen-Spannungsregler ist eine wirtschaftliche L\u00f6sung f\u00fcr den mittleren Leistungsbereich. Erfahren Sie mehr!\" \/>\n<meta name=\"robots\" content=\"index, follow, max-snippet:-1, max-image-preview:large, max-video-preview:-1\" \/>\n<link rel=\"canonical\" href=\"https:\/\/www.smpengineeredsolutions.com\/de\/produkte\/spannungsregler\/einphasen-vollwellen-spannungsregler\/\" \/>\n<meta property=\"og:locale\" content=\"de_DE\" \/>\n<meta property=\"og:type\" content=\"article\" \/>\n<meta property=\"og:title\" content=\"Einphasen-Vollwellen-Spannungsregler\" \/>\n<meta property=\"og:description\" content=\"Entdecken Sie unsere einphasigen Vollwellen-Spannungsregler - Der Vollwellen-Spannungsregler ist eine wirtschaftliche L\u00f6sung f\u00fcr den mittleren Leistungsbereich. Erfahren Sie mehr!\" \/>\n<meta property=\"og:url\" content=\"https:\/\/www.smpengineeredsolutions.com\/de\/produkte\/spannungsregler\/einphasen-vollwellen-spannungsregler\/\" \/>\n<meta property=\"og:site_name\" content=\"Standard Motor Products, Inc.\" \/>\n<meta property=\"article:modified_time\" content=\"2024-08-28T15:12:52+00:00\" \/>\n<meta property=\"og:image\" content=\"https:\/\/www.smpengineeredsolutions.com\/wp-content\/uploads\/SMP-Trombetta-4C-500x75.png\" \/>\n<meta name=\"twitter:label1\" content=\"Gesch\u00e4tzte Lesezeit\" \/>\n\t<meta name=\"twitter:data1\" content=\"2\u00a0Minuten\" \/>\n<script type=\"application\/ld+json\" class=\"yoast-schema-graph\">{\"@context\":\"https:\\\/\\\/schema.org\",\"@graph\":[{\"@type\":\"WebPage\",\"@id\":\"https:\\\/\\\/www.smpengineeredsolutions.com\\\/de\\\/produkte\\\/spannungsregler\\\/einphasen-vollwellen-spannungsregler\\\/\",\"url\":\"https:\\\/\\\/www.smpengineeredsolutions.com\\\/de\\\/produkte\\\/spannungsregler\\\/einphasen-vollwellen-spannungsregler\\\/\",\"name\":\"Einphasige Vollwellen-Spannungsregler | Trombetta | Standard Motor Products, Inc.\",\"isPartOf\":{\"@id\":\"https:\\\/\\\/www.smpengineeredsolutions.com\\\/de\\\/#website\"},\"primaryImageOfPage\":{\"@id\":\"https:\\\/\\\/www.smpengineeredsolutions.com\\\/de\\\/produkte\\\/spannungsregler\\\/einphasen-vollwellen-spannungsregler\\\/#primaryimage\"},\"image\":{\"@id\":\"https:\\\/\\\/www.smpengineeredsolutions.com\\\/de\\\/produkte\\\/spannungsregler\\\/einphasen-vollwellen-spannungsregler\\\/#primaryimage\"},\"thumbnailUrl\":\"https:\\\/\\\/www.smpengineeredsolutions.com\\\/wp-content\\\/uploads\\\/SMP-Trombetta-4C-500x75.png\",\"datePublished\":\"2023-01-09T19:52:39+00:00\",\"dateModified\":\"2024-08-28T15:12:52+00:00\",\"description\":\"Entdecken Sie unsere einphasigen Vollwellen-Spannungsregler - Der Vollwellen-Spannungsregler ist eine wirtschaftliche L\u00f6sung f\u00fcr den mittleren Leistungsbereich. Erfahren Sie mehr!\",\"breadcrumb\":{\"@id\":\"https:\\\/\\\/www.smpengineeredsolutions.com\\\/de\\\/produkte\\\/spannungsregler\\\/einphasen-vollwellen-spannungsregler\\\/#breadcrumb\"},\"inLanguage\":\"de\",\"potentialAction\":[{\"@type\":\"ReadAction\",\"target\":[\"https:\\\/\\\/www.smpengineeredsolutions.com\\\/de\\\/produkte\\\/spannungsregler\\\/einphasen-vollwellen-spannungsregler\\\/\"]}]},{\"@type\":\"ImageObject\",\"inLanguage\":\"de\",\"@id\":\"https:\\\/\\\/www.smpengineeredsolutions.com\\\/de\\\/produkte\\\/spannungsregler\\\/einphasen-vollwellen-spannungsregler\\\/#primaryimage\",\"url\":\"https:\\\/\\\/www.smpengineeredsolutions.com\\\/wp-content\\\/uploads\\\/SMP-Trombetta-4C-500x75.png\",\"contentUrl\":\"https:\\\/\\\/www.smpengineeredsolutions.com\\\/wp-content\\\/uploads\\\/SMP-Trombetta-4C-500x75.png\"},{\"@type\":\"BreadcrumbList\",\"@id\":\"https:\\\/\\\/www.smpengineeredsolutions.com\\\/de\\\/produkte\\\/spannungsregler\\\/einphasen-vollwellen-spannungsregler\\\/#breadcrumb\",\"itemListElement\":[{\"@type\":\"ListItem\",\"position\":1,\"name\":\"Home\",\"item\":\"https:\\\/\\\/www.smpengineeredsolutions.com\\\/de\\\/\"},{\"@type\":\"ListItem\",\"position\":2,\"name\":\"Produkte\",\"item\":\"https:\\\/\\\/www.af63878a-61a4-44d4-a3f9-8118d911569f.smpengineeredsolutions.com\\\/de\\\/produkte\\\/\"},{\"@type\":\"ListItem\",\"position\":3,\"name\":\"Spannungsregler\",\"item\":\"https:\\\/\\\/www.af63878a-61a4-44d4-a3f9-8118d911569f.smpengineeredsolutions.com\\\/de\\\/produkte\\\/spannungsregler\\\/\"},{\"@type\":\"ListItem\",\"position\":4,\"name\":\"Einphasen-Vollwellen-Spannungsregler\"}]},{\"@type\":\"WebSite\",\"@id\":\"https:\\\/\\\/www.smpengineeredsolutions.com\\\/de\\\/#website\",\"url\":\"https:\\\/\\\/www.smpengineeredsolutions.com\\\/de\\\/\",\"name\":\"Standard Motor Products, Inc.\",\"description\":\"\",\"publisher\":{\"@id\":\"https:\\\/\\\/www.smpengineeredsolutions.com\\\/de\\\/#organization\"},\"potentialAction\":[{\"@type\":\"SearchAction\",\"target\":{\"@type\":\"EntryPoint\",\"urlTemplate\":\"https:\\\/\\\/www.smpengineeredsolutions.com\\\/de\\\/?s={search_term_string}\"},\"query-input\":{\"@type\":\"PropertyValueSpecification\",\"valueRequired\":true,\"valueName\":\"search_term_string\"}}],\"inLanguage\":\"de\"},{\"@type\":\"Organization\",\"@id\":\"https:\\\/\\\/www.smpengineeredsolutions.com\\\/de\\\/#organization\",\"name\":\"SMP\u00ae Engineered Solutions\",\"url\":\"https:\\\/\\\/www.smpengineeredsolutions.com\\\/de\\\/\",\"logo\":{\"@type\":\"ImageObject\",\"inLanguage\":\"de\",\"@id\":\"https:\\\/\\\/www.smpengineeredsolutions.com\\\/de\\\/#\\\/schema\\\/logo\\\/image\\\/\",\"url\":\"https:\\\/\\\/www.a.smpengineeredsolutions.com\\\/wp-content\\\/uploads\\\/smp-logo.png\",\"contentUrl\":\"https:\\\/\\\/www.a.smpengineeredsolutions.com\\\/wp-content\\\/uploads\\\/smp-logo.png\",\"width\":264,\"height\":117,\"caption\":\"SMP\u00ae Engineered Solutions\"},\"image\":{\"@id\":\"https:\\\/\\\/www.smpengineeredsolutions.com\\\/de\\\/#\\\/schema\\\/logo\\\/image\\\/\"},\"sameAs\":[\"https:\\\/\\\/www.youtube.com\\\/@StandardMotorProductsInc\",\"https:\\\/\\\/www.linkedin.com\\\/company\\\/standard-motor-products\"]}]}<\/script>\n<!-- \/ Yoast SEO Premium plugin. -->","yoast_head_json":{"title":"Einphasige Vollwellen-Spannungsregler | Trombetta | Standard Motor Products, Inc.","description":"Entdecken Sie unsere einphasigen Vollwellen-Spannungsregler - Der Vollwellen-Spannungsregler ist eine wirtschaftliche L\u00f6sung f\u00fcr den mittleren Leistungsbereich. Erfahren Sie mehr!","robots":{"index":"index","follow":"follow","max-snippet":"max-snippet:-1","max-image-preview":"max-image-preview:large","max-video-preview":"max-video-preview:-1"},"canonical":"https:\/\/www.smpengineeredsolutions.com\/de\/produkte\/spannungsregler\/einphasen-vollwellen-spannungsregler\/","og_locale":"de_DE","og_type":"article","og_title":"Einphasen-Vollwellen-Spannungsregler","og_description":"Entdecken Sie unsere einphasigen Vollwellen-Spannungsregler - Der Vollwellen-Spannungsregler ist eine wirtschaftliche L\u00f6sung f\u00fcr den mittleren Leistungsbereich. Erfahren Sie mehr!","og_url":"https:\/\/www.smpengineeredsolutions.com\/de\/produkte\/spannungsregler\/einphasen-vollwellen-spannungsregler\/","og_site_name":"Standard Motor Products, Inc.","article_modified_time":"2024-08-28T15:12:52+00:00","og_image":[{"url":"https:\/\/www.smpengineeredsolutions.com\/wp-content\/uploads\/SMP-Trombetta-4C-500x75.png","type":"","width":"","height":""}],"twitter_misc":{"Gesch\u00e4tzte Lesezeit":"2\u00a0Minuten"},"schema":{"@context":"https:\/\/schema.org","@graph":[{"@type":"WebPage","@id":"https:\/\/www.smpengineeredsolutions.com\/de\/produkte\/spannungsregler\/einphasen-vollwellen-spannungsregler\/","url":"https:\/\/www.smpengineeredsolutions.com\/de\/produkte\/spannungsregler\/einphasen-vollwellen-spannungsregler\/","name":"Einphasige Vollwellen-Spannungsregler | Trombetta | Standard Motor Products, Inc.","isPartOf":{"@id":"https:\/\/www.smpengineeredsolutions.com\/de\/#website"},"primaryImageOfPage":{"@id":"https:\/\/www.smpengineeredsolutions.com\/de\/produkte\/spannungsregler\/einphasen-vollwellen-spannungsregler\/#primaryimage"},"image":{"@id":"https:\/\/www.smpengineeredsolutions.com\/de\/produkte\/spannungsregler\/einphasen-vollwellen-spannungsregler\/#primaryimage"},"thumbnailUrl":"https:\/\/www.smpengineeredsolutions.com\/wp-content\/uploads\/SMP-Trombetta-4C-500x75.png","datePublished":"2023-01-09T19:52:39+00:00","dateModified":"2024-08-28T15:12:52+00:00","description":"Entdecken Sie unsere einphasigen Vollwellen-Spannungsregler - Der Vollwellen-Spannungsregler ist eine wirtschaftliche L\u00f6sung f\u00fcr den mittleren Leistungsbereich. Erfahren Sie mehr!","breadcrumb":{"@id":"https:\/\/www.smpengineeredsolutions.com\/de\/produkte\/spannungsregler\/einphasen-vollwellen-spannungsregler\/#breadcrumb"},"inLanguage":"de","potentialAction":[{"@type":"ReadAction","target":["https:\/\/www.smpengineeredsolutions.com\/de\/produkte\/spannungsregler\/einphasen-vollwellen-spannungsregler\/"]}]},{"@type":"ImageObject","inLanguage":"de","@id":"https:\/\/www.smpengineeredsolutions.com\/de\/produkte\/spannungsregler\/einphasen-vollwellen-spannungsregler\/#primaryimage","url":"https:\/\/www.smpengineeredsolutions.com\/wp-content\/uploads\/SMP-Trombetta-4C-500x75.png","contentUrl":"https:\/\/www.smpengineeredsolutions.com\/wp-content\/uploads\/SMP-Trombetta-4C-500x75.png"},{"@type":"BreadcrumbList","@id":"https:\/\/www.smpengineeredsolutions.com\/de\/produkte\/spannungsregler\/einphasen-vollwellen-spannungsregler\/#breadcrumb","itemListElement":[{"@type":"ListItem","position":1,"name":"Home","item":"https:\/\/www.smpengineeredsolutions.com\/de\/"},{"@type":"ListItem","position":2,"name":"Produkte","item":"https:\/\/www.af63878a-61a4-44d4-a3f9-8118d911569f.smpengineeredsolutions.com\/de\/produkte\/"},{"@type":"ListItem","position":3,"name":"Spannungsregler","item":"https:\/\/www.af63878a-61a4-44d4-a3f9-8118d911569f.smpengineeredsolutions.com\/de\/produkte\/spannungsregler\/"},{"@type":"ListItem","position":4,"name":"Einphasen-Vollwellen-Spannungsregler"}]},{"@type":"WebSite","@id":"https:\/\/www.smpengineeredsolutions.com\/de\/#website","url":"https:\/\/www.smpengineeredsolutions.com\/de\/","name":"Standard Motor Products, Inc.","description":"","publisher":{"@id":"https:\/\/www.smpengineeredsolutions.com\/de\/#organization"},"potentialAction":[{"@type":"SearchAction","target":{"@type":"EntryPoint","urlTemplate":"https:\/\/www.smpengineeredsolutions.com\/de\/?s={search_term_string}"},"query-input":{"@type":"PropertyValueSpecification","valueRequired":true,"valueName":"search_term_string"}}],"inLanguage":"de"},{"@type":"Organization","@id":"https:\/\/www.smpengineeredsolutions.com\/de\/#organization","name":"SMP\u00ae Engineered Solutions","url":"https:\/\/www.smpengineeredsolutions.com\/de\/","logo":{"@type":"ImageObject","inLanguage":"de","@id":"https:\/\/www.smpengineeredsolutions.com\/de\/#\/schema\/logo\/image\/","url":"https:\/\/www.a.smpengineeredsolutions.com\/wp-content\/uploads\/smp-logo.png","contentUrl":"https:\/\/www.a.smpengineeredsolutions.com\/wp-content\/uploads\/smp-logo.png","width":264,"height":117,"caption":"SMP\u00ae Engineered Solutions"},"image":{"@id":"https:\/\/www.smpengineeredsolutions.com\/de\/#\/schema\/logo\/image\/"},"sameAs":["https:\/\/www.youtube.com\/@StandardMotorProductsInc","https:\/\/www.linkedin.com\/company\/standard-motor-products"]}]}},"_links":{"self":[{"href":"https:\/\/www.smpengineeredsolutions.com\/de\/wp-json\/wp\/v2\/pages\/4715","targetHints":{"allow":["GET"]}}],"collection":[{"href":"https:\/\/www.smpengineeredsolutions.com\/de\/wp-json\/wp\/v2\/pages"}],"about":[{"href":"https:\/\/www.smpengineeredsolutions.com\/de\/wp-json\/wp\/v2\/types\/page"}],"author":[{"embeddable":true,"href":"https:\/\/www.smpengineeredsolutions.com\/de\/wp-json\/wp\/v2\/users\/27"}],"replies":[{"embeddable":true,"href":"https:\/\/www.smpengineeredsolutions.com\/de\/wp-json\/wp\/v2\/comments?post=4715"}],"version-history":[{"count":2,"href":"https:\/\/www.smpengineeredsolutions.com\/de\/wp-json\/wp\/v2\/pages\/4715\/revisions"}],"predecessor-version":[{"id":7242,"href":"https:\/\/www.smpengineeredsolutions.com\/de\/wp-json\/wp\/v2\/pages\/4715\/revisions\/7242"}],"up":[{"embeddable":true,"href":"https:\/\/www.smpengineeredsolutions.com\/de\/wp-json\/wp\/v2\/pages\/4712"}],"wp:attachment":[{"href":"https:\/\/www.smpengineeredsolutions.com\/de\/wp-json\/wp\/v2\/media?parent=4715"}],"curies":[{"name":"wp","href":"https:\/\/api.w.org\/{rel}","templated":true}]}}