{"id":4712,"date":"2023-01-09T14:44:53","date_gmt":"2023-01-09T19:44:53","guid":{"rendered":"https:\/\/smpengineeredsolutions.com\/?page_id=4712"},"modified":"2025-04-28T16:10:56","modified_gmt":"2025-04-28T20:10:56","slug":"spannungsregler","status":"publish","type":"page","link":"https:\/\/www.smpengineeredsolutions.com\/de\/produkte\/spannungsregler\/","title":{"rendered":"Spannungsregler"},"content":{"rendered":"<div class=\"feature-img-right\"><a class=\"lightbox\" href=\"\/wp-content\/uploads\/halfwavevrcat5.png\"><img decoding=\"async\" title=\"Spannungsregler\" src=\"\/wp-content\/uploads\/halfwavevrcat5.png\" alt=\"Spannungsregler\" width=\"400\" \/><\/a><\/div>\n<h3>Wie funktioniert ein Spannungsregler?<\/h3>\n<p>Ein Spannungsregler ist ein Bauteil, das die Spannung einer Stromquelle aufrechterh\u00e4lt. Spannungsregler werden auf kleinen Plattformen eingesetzt, die eine Batterie im System verwenden. Die Batterien werden in der Regel f\u00fcr die Stromversorgung des Anlassers und anderer Zubeh\u00f6rteile wie Lichter, Radios, Heizungen usw. verwendet. Es gibt verschiedene Typen und Methoden, um den am besten geeigneten Spannungsregler f\u00fcr jede Anwendung auszuw\u00e4hlen.<\/p>\n<h3>Arten von Spannungsreglern<\/h3>\n<p>Wir bieten eine Vielzahl von Spannungsreglermodulen an, die zu niedrigen Kosten entwickelt und hergestellt werden, um Ihren Anforderungen zu entsprechen.<\/p>\n<p><strong>Shunt-Spannungsregler<\/strong><\/p>\n<p>Der lineare Shunt-Spannungsregler h\u00e4lt eine konstante Spannung aufrecht. Der Shunt-Spannungsregler ist f\u00fcr Anwendungen mit mittlerer bis hoher Leistung geeignet, z. B. f\u00fcr Motorr\u00e4der, ATV und Nutzfahrzeuge.<\/p>\n<p><strong>3-Phasen-Vollwellen-Spannungsregler<\/strong><\/p>\n<p>Der 3-Phasen-Vollwellen-Spannungsregler ist eine L\u00f6sung f\u00fcr Anwendungen mit hoher Leistung und hoher Frequenz, wie z. B. Motorr\u00e4der, ATV und Nutzfahrzeuge.<\/p>\n<p><strong>Einphasiger Vollwellen-Spannungsregler<\/strong><\/p>\n<p>Der einphasige Vollwellen-Spannungsregler ist eine wirtschaftliche L\u00f6sung f\u00fcr den mittleren Leistungsbereich, die typischerweise in Rasen- und Gartenmotoren oder anderen Rasenanwendungen eingesetzt wird.<\/p>\n<h3>Wesentliche Merkmale<\/h3>\n<table style=\"height: 164px;\" width=\"1332\">\n<thead>\n<tr>\n<th>\n<p style=\"text-align: left;\"><b>Effizientes Energiemanagement: <\/b><span style=\"font-weight: 400;\">Die Spannungsregler von SMP sorgen f\u00fcr eine gleichbleibende Ausgangsspannung und sch\u00fctzen so Batterien und elektrische Systeme in kleinen Motorplattformen. <\/span><span style=\"font-weight: 400;\">\u00a0<\/span><\/p>\n<p style=\"text-align: left;\"><b>Fortschrittliche Technologie: <\/b><span style=\"font-weight: 400;\">Die neuesten Entwicklungen sorgen f\u00fcr hervorragende Leistung und Effizienz.<\/span><\/p>\n<p style=\"text-align: left;\"><b>Kundenspezifische L\u00f6sungen: <\/b><span style=\"font-weight: 400;\">Ma\u00dfgeschneiderte L\u00f6sungen f\u00fcr die Spannungsregulierung zur Erf\u00fcllung spezifischer Bed\u00fcrfnisse und Anforderungen. <\/span><\/p>\n<\/th>\n<th>\n<p style=\"text-align: left;\"><b>Robuste Konstruktion: <\/b><span style=\"font-weight: 400;\">Die Spannungsregler von SMP sind f\u00fcr den Einsatz in rauen Umgebungen konzipiert und zeichnen sich durch Langlebigkeit und Zuverl\u00e4ssigkeit aus.<\/span><\/p>\n<p style=\"text-align: left;\"><b>Vielseitigkeit: <\/b><span style=\"font-weight: 400;\">Sie eignen sich f\u00fcr verschiedene Anwendungen in unterschiedlichen Branchen und gew\u00e4hrleisten die Kompatibilit\u00e4t mit verschiedenen Motorplattformen.\u00a0<\/span><\/p>\n<\/th>\n<\/tr>\n<\/thead>\n<\/table>\n<p>Der Spannungsregler von SMP kann f\u00fcr jede Anwendung individuell angepasst werden. <a href=\"https:\/\/www.smpengineeredsolutions.com\/de\/kontakt\/\">Kontaktieren<\/a> Sie uns noch heute.<\/p>\n<h4>H\u00e4ufig gestellte Fragen<\/h4>\n<p><strong>Was ist ein Spannungsregler und wie funktioniert er?<\/strong><\/p>\n<p>Ein Spannungsregler ist ein Bauteil, das die Spannung einer Stromquelle aufrechterh\u00e4lt.<\/p>\n<p><strong>Welche Arten von Spannungsreglern bietet SMP an?<\/strong><\/p>\n<p>Wir bieten eine Vielzahl von Spannungsreglern an, wie z. B. Shunt-Spannungsregler, 3-Phasen-Vollwellen-Spannungsregler und Einphasen-Spannungsregler f\u00fcr Ihren Anwendungsbedarf.<\/p>\n<p><strong>Sind die Spannungsregler von SMP mit allen Plattformen f\u00fcr kleine Motoren kompatibel?<\/strong><\/p>\n<p>Ja, unsere Spannungsregler sind mit kleinen Plattformen kompatibel, die eine Batterie im System verwenden.<\/p>\n<p><img loading=\"lazy\" decoding=\"async\" class=\"alignleft wp-image-3074\" title=\"SMP Trombetta Logo\" src=\"https:\/\/www.smpengineeredsolutions.com\/wp-content\/uploads\/SMP-Trombetta-4C-500x75.png\" alt=\"SMP Trombetta Logo\" width=\"453\" height=\"68\" srcset=\"https:\/\/www.smpengineeredsolutions.com\/wp-content\/uploads\/SMP-Trombetta-4C-500x75.png 500w, https:\/\/www.smpengineeredsolutions.com\/wp-content\/uploads\/SMP-Trombetta-4C-1024x154.png 1024w, https:\/\/www.smpengineeredsolutions.com\/wp-content\/uploads\/SMP-Trombetta-4C-768x116.png 768w, https:\/\/www.smpengineeredsolutions.com\/wp-content\/uploads\/SMP-Trombetta-4C-1536x231.png 1536w, https:\/\/www.smpengineeredsolutions.com\/wp-content\/uploads\/SMP-Trombetta-4C-2048x309.png 2048w\" sizes=\"auto, (max-width: 453px) 100vw, 453px\" \/><\/p>\n","protected":false},"excerpt":{"rendered":"<p>Wie funktioniert ein Spannungsregler? Ein Spannungsregler ist ein Bauteil, das die Spannung einer Stromquelle aufrechterh\u00e4lt. Spannungsregler werden auf kleinen Plattformen eingesetzt, die eine Batterie im System verwenden. Die Batterien werden in der Regel f\u00fcr die Stromversorgung des Anlassers und anderer Zubeh\u00f6rteile wie Lichter, Radios, Heizungen usw. verwendet. Es gibt verschiedene Typen und Methoden, um den&#8230; [&#8230;]<\/p>\n<p><a class=\"btn btn-secondary understrap-read-more-link\" href=\"https:\/\/www.smpengineeredsolutions.com\/de\/produkte\/spannungsregler\/\">Weiterlesen&#8230;<\/a><\/p>\n","protected":false},"author":27,"featured_media":0,"parent":4643,"menu_order":0,"comment_status":"closed","ping_status":"closed","template":"page-templates\/destination-content.php","meta":{"_acf_changed":false,"inline_featured_image":false,"footnotes":""},"class_list":["post-4712","page","type-page","status-publish","hentry"],"featured_image_src":null,"acf":[],"yoast_head":"<!-- This site is optimized with the Yoast SEO Premium plugin v27.4 (Yoast SEO v27.4) - https:\/\/yoast.com\/product\/yoast-seo-premium-wordpress\/ -->\n<title>Spannungsregler | Standard Motor Products, Inc.<\/title>\n<meta name=\"description\" content=\"Entdecken Sie die zuverl\u00e4ssigen Spannungsregler von SMP f\u00fcr kleine Motorplattformen. Unsere L\u00f6sungen gew\u00e4hrleisten ein effizientes Energiemanagement f\u00fcr Batterien, Anlasser und Zubeh\u00f6r.\" \/>\n<meta name=\"robots\" content=\"index, follow, max-snippet:-1, max-image-preview:large, max-video-preview:-1\" \/>\n<link rel=\"canonical\" href=\"https:\/\/www.smpengineeredsolutions.com\/de\/produkte\/spannungsregler\/\" \/>\n<meta property=\"og:locale\" content=\"de_DE\" \/>\n<meta property=\"og:type\" content=\"article\" \/>\n<meta property=\"og:title\" content=\"Spannungsregler\" \/>\n<meta property=\"og:description\" content=\"Entdecken Sie die zuverl\u00e4ssigen Spannungsregler von SMP f\u00fcr kleine Motorplattformen. Unsere L\u00f6sungen gew\u00e4hrleisten ein effizientes Energiemanagement f\u00fcr Batterien, Anlasser und Zubeh\u00f6r.\" \/>\n<meta property=\"og:url\" content=\"https:\/\/www.smpengineeredsolutions.com\/de\/produkte\/spannungsregler\/\" \/>\n<meta property=\"og:site_name\" content=\"Standard Motor Products, Inc.\" \/>\n<meta property=\"article:modified_time\" content=\"2025-04-28T20:10:56+00:00\" \/>\n<meta property=\"og:image\" content=\"https:\/\/www.smpengineeredsolutions.com\/wp-content\/uploads\/SMP-Trombetta-4C-500x75.png\" \/>\n<meta name=\"twitter:label1\" content=\"Gesch\u00e4tzte Lesezeit\" \/>\n\t<meta name=\"twitter:data1\" content=\"2\u00a0Minuten\" \/>\n<script type=\"application\/ld+json\" class=\"yoast-schema-graph\">{\"@context\":\"https:\\\/\\\/schema.org\",\"@graph\":[{\"@type\":\"WebPage\",\"@id\":\"https:\\\/\\\/www.smpengineeredsolutions.com\\\/de\\\/produkte\\\/spannungsregler\\\/\",\"url\":\"https:\\\/\\\/www.smpengineeredsolutions.com\\\/de\\\/produkte\\\/spannungsregler\\\/\",\"name\":\"Spannungsregler | Standard Motor Products, Inc.\",\"isPartOf\":{\"@id\":\"https:\\\/\\\/www._tcp.smpengineeredsolutions.com\\\/#website\"},\"primaryImageOfPage\":{\"@id\":\"https:\\\/\\\/www.smpengineeredsolutions.com\\\/de\\\/produkte\\\/spannungsregler\\\/#primaryimage\"},\"image\":{\"@id\":\"https:\\\/\\\/www.smpengineeredsolutions.com\\\/de\\\/produkte\\\/spannungsregler\\\/#primaryimage\"},\"thumbnailUrl\":\"https:\\\/\\\/www.smpengineeredsolutions.com\\\/wp-content\\\/uploads\\\/SMP-Trombetta-4C-500x75.png\",\"datePublished\":\"2023-01-09T19:44:53+00:00\",\"dateModified\":\"2025-04-28T20:10:56+00:00\",\"description\":\"Entdecken Sie die zuverl\u00e4ssigen Spannungsregler von SMP f\u00fcr kleine Motorplattformen. Unsere L\u00f6sungen gew\u00e4hrleisten ein effizientes Energiemanagement f\u00fcr Batterien, Anlasser und Zubeh\u00f6r.\",\"breadcrumb\":{\"@id\":\"https:\\\/\\\/www.smpengineeredsolutions.com\\\/de\\\/produkte\\\/spannungsregler\\\/#breadcrumb\"},\"inLanguage\":\"de\",\"potentialAction\":[{\"@type\":\"ReadAction\",\"target\":[\"https:\\\/\\\/www.smpengineeredsolutions.com\\\/de\\\/produkte\\\/spannungsregler\\\/\"]}]},{\"@type\":\"ImageObject\",\"inLanguage\":\"de\",\"@id\":\"https:\\\/\\\/www.smpengineeredsolutions.com\\\/de\\\/produkte\\\/spannungsregler\\\/#primaryimage\",\"url\":\"https:\\\/\\\/www.smpengineeredsolutions.com\\\/wp-content\\\/uploads\\\/SMP-Trombetta-4C-500x75.png\",\"contentUrl\":\"https:\\\/\\\/www.smpengineeredsolutions.com\\\/wp-content\\\/uploads\\\/SMP-Trombetta-4C-500x75.png\"},{\"@type\":\"BreadcrumbList\",\"@id\":\"https:\\\/\\\/www.smpengineeredsolutions.com\\\/de\\\/produkte\\\/spannungsregler\\\/#breadcrumb\",\"itemListElement\":[{\"@type\":\"ListItem\",\"position\":1,\"name\":\"Home\",\"item\":\"https:\\\/\\\/www.smpengineeredsolutions.com\\\/de\\\/\"},{\"@type\":\"ListItem\",\"position\":2,\"name\":\"Produkte\",\"item\":\"https:\\\/\\\/www.smpengineeredsolutions.com\\\/de\\\/produkte\\\/\"},{\"@type\":\"ListItem\",\"position\":3,\"name\":\"Spannungsregler\"}]},{\"@type\":\"WebSite\",\"@id\":\"https:\\\/\\\/www._tcp.smpengineeredsolutions.com\\\/#website\",\"url\":\"https:\\\/\\\/www._tcp.smpengineeredsolutions.com\\\/\",\"name\":\"Standard Motor Products, Inc.\",\"description\":\"\",\"publisher\":{\"@id\":\"https:\\\/\\\/www._tcp.smpengineeredsolutions.com\\\/#organization\"},\"potentialAction\":[{\"@type\":\"SearchAction\",\"target\":{\"@type\":\"EntryPoint\",\"urlTemplate\":\"https:\\\/\\\/www._tcp.smpengineeredsolutions.com\\\/?s={search_term_string}\"},\"query-input\":{\"@type\":\"PropertyValueSpecification\",\"valueRequired\":true,\"valueName\":\"search_term_string\"}}],\"inLanguage\":\"de\"},{\"@type\":\"Organization\",\"@id\":\"https:\\\/\\\/www._tcp.smpengineeredsolutions.com\\\/#organization\",\"name\":\"SMP\u00ae Engineered Solutions\",\"url\":\"https:\\\/\\\/www._tcp.smpengineeredsolutions.com\\\/\",\"logo\":{\"@type\":\"ImageObject\",\"inLanguage\":\"de\",\"@id\":\"https:\\\/\\\/www._tcp.smpengineeredsolutions.com\\\/#\\\/schema\\\/logo\\\/image\\\/\",\"url\":\"https:\\\/\\\/www.a.smpengineeredsolutions.com\\\/wp-content\\\/uploads\\\/smp-logo.png\",\"contentUrl\":\"https:\\\/\\\/www.a.smpengineeredsolutions.com\\\/wp-content\\\/uploads\\\/smp-logo.png\",\"width\":264,\"height\":117,\"caption\":\"SMP\u00ae Engineered Solutions\"},\"image\":{\"@id\":\"https:\\\/\\\/www._tcp.smpengineeredsolutions.com\\\/#\\\/schema\\\/logo\\\/image\\\/\"},\"sameAs\":[\"https:\\\/\\\/www.youtube.com\\\/@StandardMotorProductsInc\",\"https:\\\/\\\/www.linkedin.com\\\/company\\\/standard-motor-products\"]}]}<\/script>\n<!-- \/ Yoast SEO Premium plugin. -->","yoast_head_json":{"title":"Spannungsregler | Standard Motor Products, Inc.","description":"Entdecken Sie die zuverl\u00e4ssigen Spannungsregler von SMP f\u00fcr kleine Motorplattformen. Unsere L\u00f6sungen gew\u00e4hrleisten ein effizientes Energiemanagement f\u00fcr Batterien, Anlasser und Zubeh\u00f6r.","robots":{"index":"index","follow":"follow","max-snippet":"max-snippet:-1","max-image-preview":"max-image-preview:large","max-video-preview":"max-video-preview:-1"},"canonical":"https:\/\/www.smpengineeredsolutions.com\/de\/produkte\/spannungsregler\/","og_locale":"de_DE","og_type":"article","og_title":"Spannungsregler","og_description":"Entdecken Sie die zuverl\u00e4ssigen Spannungsregler von SMP f\u00fcr kleine Motorplattformen. Unsere L\u00f6sungen gew\u00e4hrleisten ein effizientes Energiemanagement f\u00fcr Batterien, Anlasser und Zubeh\u00f6r.","og_url":"https:\/\/www.smpengineeredsolutions.com\/de\/produkte\/spannungsregler\/","og_site_name":"Standard Motor Products, Inc.","article_modified_time":"2025-04-28T20:10:56+00:00","og_image":[{"url":"https:\/\/www.smpengineeredsolutions.com\/wp-content\/uploads\/SMP-Trombetta-4C-500x75.png","type":"","width":"","height":""}],"twitter_misc":{"Gesch\u00e4tzte Lesezeit":"2\u00a0Minuten"},"schema":{"@context":"https:\/\/schema.org","@graph":[{"@type":"WebPage","@id":"https:\/\/www.smpengineeredsolutions.com\/de\/produkte\/spannungsregler\/","url":"https:\/\/www.smpengineeredsolutions.com\/de\/produkte\/spannungsregler\/","name":"Spannungsregler | Standard Motor Products, Inc.","isPartOf":{"@id":"https:\/\/www._tcp.smpengineeredsolutions.com\/#website"},"primaryImageOfPage":{"@id":"https:\/\/www.smpengineeredsolutions.com\/de\/produkte\/spannungsregler\/#primaryimage"},"image":{"@id":"https:\/\/www.smpengineeredsolutions.com\/de\/produkte\/spannungsregler\/#primaryimage"},"thumbnailUrl":"https:\/\/www.smpengineeredsolutions.com\/wp-content\/uploads\/SMP-Trombetta-4C-500x75.png","datePublished":"2023-01-09T19:44:53+00:00","dateModified":"2025-04-28T20:10:56+00:00","description":"Entdecken Sie die zuverl\u00e4ssigen Spannungsregler von SMP f\u00fcr kleine Motorplattformen. Unsere L\u00f6sungen gew\u00e4hrleisten ein effizientes Energiemanagement f\u00fcr Batterien, Anlasser und Zubeh\u00f6r.","breadcrumb":{"@id":"https:\/\/www.smpengineeredsolutions.com\/de\/produkte\/spannungsregler\/#breadcrumb"},"inLanguage":"de","potentialAction":[{"@type":"ReadAction","target":["https:\/\/www.smpengineeredsolutions.com\/de\/produkte\/spannungsregler\/"]}]},{"@type":"ImageObject","inLanguage":"de","@id":"https:\/\/www.smpengineeredsolutions.com\/de\/produkte\/spannungsregler\/#primaryimage","url":"https:\/\/www.smpengineeredsolutions.com\/wp-content\/uploads\/SMP-Trombetta-4C-500x75.png","contentUrl":"https:\/\/www.smpengineeredsolutions.com\/wp-content\/uploads\/SMP-Trombetta-4C-500x75.png"},{"@type":"BreadcrumbList","@id":"https:\/\/www.smpengineeredsolutions.com\/de\/produkte\/spannungsregler\/#breadcrumb","itemListElement":[{"@type":"ListItem","position":1,"name":"Home","item":"https:\/\/www.smpengineeredsolutions.com\/de\/"},{"@type":"ListItem","position":2,"name":"Produkte","item":"https:\/\/www.smpengineeredsolutions.com\/de\/produkte\/"},{"@type":"ListItem","position":3,"name":"Spannungsregler"}]},{"@type":"WebSite","@id":"https:\/\/www._tcp.smpengineeredsolutions.com\/#website","url":"https:\/\/www._tcp.smpengineeredsolutions.com\/","name":"Standard Motor Products, Inc.","description":"","publisher":{"@id":"https:\/\/www._tcp.smpengineeredsolutions.com\/#organization"},"potentialAction":[{"@type":"SearchAction","target":{"@type":"EntryPoint","urlTemplate":"https:\/\/www._tcp.smpengineeredsolutions.com\/?s={search_term_string}"},"query-input":{"@type":"PropertyValueSpecification","valueRequired":true,"valueName":"search_term_string"}}],"inLanguage":"de"},{"@type":"Organization","@id":"https:\/\/www._tcp.smpengineeredsolutions.com\/#organization","name":"SMP\u00ae Engineered Solutions","url":"https:\/\/www._tcp.smpengineeredsolutions.com\/","logo":{"@type":"ImageObject","inLanguage":"de","@id":"https:\/\/www._tcp.smpengineeredsolutions.com\/#\/schema\/logo\/image\/","url":"https:\/\/www.a.smpengineeredsolutions.com\/wp-content\/uploads\/smp-logo.png","contentUrl":"https:\/\/www.a.smpengineeredsolutions.com\/wp-content\/uploads\/smp-logo.png","width":264,"height":117,"caption":"SMP\u00ae Engineered Solutions"},"image":{"@id":"https:\/\/www._tcp.smpengineeredsolutions.com\/#\/schema\/logo\/image\/"},"sameAs":["https:\/\/www.youtube.com\/@StandardMotorProductsInc","https:\/\/www.linkedin.com\/company\/standard-motor-products"]}]}},"_links":{"self":[{"href":"https:\/\/www.smpengineeredsolutions.com\/de\/wp-json\/wp\/v2\/pages\/4712","targetHints":{"allow":["GET"]}}],"collection":[{"href":"https:\/\/www.smpengineeredsolutions.com\/de\/wp-json\/wp\/v2\/pages"}],"about":[{"href":"https:\/\/www.smpengineeredsolutions.com\/de\/wp-json\/wp\/v2\/types\/page"}],"author":[{"embeddable":true,"href":"https:\/\/www.smpengineeredsolutions.com\/de\/wp-json\/wp\/v2\/users\/27"}],"replies":[{"embeddable":true,"href":"https:\/\/www.smpengineeredsolutions.com\/de\/wp-json\/wp\/v2\/comments?post=4712"}],"version-history":[{"count":3,"href":"https:\/\/www.smpengineeredsolutions.com\/de\/wp-json\/wp\/v2\/pages\/4712\/revisions"}],"predecessor-version":[{"id":7648,"href":"https:\/\/www.smpengineeredsolutions.com\/de\/wp-json\/wp\/v2\/pages\/4712\/revisions\/7648"}],"up":[{"embeddable":true,"href":"https:\/\/www.smpengineeredsolutions.com\/de\/wp-json\/wp\/v2\/pages\/4643"}],"wp:attachment":[{"href":"https:\/\/www.smpengineeredsolutions.com\/de\/wp-json\/wp\/v2\/media?parent=4712"}],"curies":[{"name":"wp","href":"https:\/\/api.w.org\/{rel}","templated":true}]}}