{"id":4709,"date":"2023-01-09T14:37:51","date_gmt":"2023-01-09T19:37:51","guid":{"rendered":"https:\/\/smpengineeredsolutions.com\/?page_id=4709"},"modified":"2024-09-10T11:14:37","modified_gmt":"2024-09-10T15:14:37","slug":"equalizer-ise-600-magnetspulenbaureihe","status":"publish","type":"page","link":"https:\/\/www.smpengineeredsolutions.com\/de\/produkte\/industrielle-einrueckrelais\/equalizer-ise-600-magnetspulenbaureihe\/","title":{"rendered":"Equalizer\/ISE 600 Magnetspulenbaureihe"},"content":{"rendered":"<div class=\"feature-img-right\"><a class=\"lightbox\" href=\"\/wp-content\/uploads\/tr-equalizer-1.png\"><img decoding=\"async\" title=\"Equalizer\/ISE 600 Magnetspulenbaureihe\" src=\"\/wp-content\/uploads\/tr-equalizer-1.png\" alt=\"Equalizer\/ISE 600 Magnetspulenbaureihe\" width=\"300\" \/><\/a><\/div>\n<p>Der Equalizer bietet hohe Leistung in einem kompakten integrierten Paket. Diese Arbeitsmagnetspule bietet eine multifunktionale Bet\u00e4tigungsleistung in einer einzigen Einheit mit vollst\u00e4ndig integrierter elektronischer Steuerung.<\/p>\n<p>Der Equalizer gibt sich ausgesprochen ungleich \u2013 er \u00fcbertrifft die Leistung \u00e4hnlicher und gr\u00f6\u00dferer Magnetspulen. Er bietet eine gr\u00f6\u00dfere Betriebskapazit\u00e4t, ohne dass die Gr\u00f6\u00dfe der Magnetspule zunimmt, und erfordert kein separates Steuermodul und keine Zwischenverdrahtung. Das Ergebnis ist eine konstante Leistung trotz hoher Temperaturen und niedriger Spannung an der Spule.<\/p>\n<p>Equalizer\/ ISE 600-Lastanforderungen: Hub von 6,35 mm bis 25,4 mm und Kraft von 4,44 N bis 66,6 N Betriebsspannung von 6 bis 15 Volt.<\/p>\n<h2><img loading=\"lazy\" decoding=\"async\" class=\"alignleft wp-image-3074\" title=\"SMP Trombetta Logo\" src=\"https:\/\/www.smpengineeredsolutions.com\/wp-content\/uploads\/SMP-Trombetta-4C-500x75.png\" alt=\"SMP Trombetta Logo\" width=\"353\" height=\"53\" srcset=\"https:\/\/www.smpengineeredsolutions.com\/wp-content\/uploads\/SMP-Trombetta-4C-500x75.png 500w, https:\/\/www.smpengineeredsolutions.com\/wp-content\/uploads\/SMP-Trombetta-4C-1024x154.png 1024w, https:\/\/www.smpengineeredsolutions.com\/wp-content\/uploads\/SMP-Trombetta-4C-768x116.png 768w, https:\/\/www.smpengineeredsolutions.com\/wp-content\/uploads\/SMP-Trombetta-4C-1536x231.png 1536w, https:\/\/www.smpengineeredsolutions.com\/wp-content\/uploads\/SMP-Trombetta-4C-2048x309.png 2048w\" sizes=\"auto, (max-width: 353px) 100vw, 353px\" \/><\/h2>\n","protected":false},"excerpt":{"rendered":"<p>Der Equalizer bietet hohe Leistung in einem kompakten integrierten Paket. Diese Arbeitsmagnetspule bietet eine multifunktionale Bet\u00e4tigungsleistung in einer einzigen Einheit mit vollst\u00e4ndig integrierter elektronischer Steuerung. Der Equalizer gibt sich ausgesprochen ungleich \u2013 er \u00fcbertrifft die Leistung \u00e4hnlicher und gr\u00f6\u00dferer Magnetspulen. Er bietet eine gr\u00f6\u00dfere Betriebskapazit\u00e4t, ohne dass die Gr\u00f6\u00dfe der Magnetspule zunimmt, und erfordert kein&#8230; [&#8230;]<\/p>\n<p><a class=\"btn btn-secondary understrap-read-more-link\" href=\"https:\/\/www.smpengineeredsolutions.com\/de\/produkte\/industrielle-einrueckrelais\/equalizer-ise-600-magnetspulenbaureihe\/\">Weiterlesen&#8230;<\/a><\/p>\n","protected":false},"author":27,"featured_media":0,"parent":4707,"menu_order":0,"comment_status":"closed","ping_status":"closed","template":"page-templates\/destination-content.php","meta":{"_acf_changed":false,"inline_featured_image":false,"footnotes":""},"class_list":["post-4709","page","type-page","status-publish","hentry"],"featured_image_src":null,"acf":[],"yoast_head":"<!-- This site is optimized with the Yoast SEO Premium plugin v27.5 (Yoast SEO v27.5) - https:\/\/yoast.com\/product\/yoast-seo-premium-wordpress\/ -->\n<title>Equalizer\/ISE 600 Magnetspulenbaureihe - Standard Motor Products, Inc.<\/title>\n<meta name=\"description\" content=\"Informieren Sie sich \u00fcber unsere Equalizer\/ISE 600-Magnetenfamilie. Der Equalizer bietet hohe Leistung in einem kompakten integrierten Paket. Erfahren Sie mehr!\" \/>\n<meta name=\"robots\" content=\"index, follow, max-snippet:-1, max-image-preview:large, max-video-preview:-1\" \/>\n<link rel=\"canonical\" href=\"https:\/\/www.smpengineeredsolutions.com\/de\/produkte\/industrielle-einrueckrelais\/equalizer-ise-600-magnetspulenbaureihe\/\" \/>\n<meta property=\"og:locale\" content=\"de_DE\" \/>\n<meta property=\"og:type\" content=\"article\" \/>\n<meta property=\"og:title\" content=\"Equalizer\/ISE 600 Magnetspulenbaureihe\" \/>\n<meta property=\"og:description\" content=\"Informieren Sie sich \u00fcber unsere Equalizer\/ISE 600-Magnetenfamilie. Der Equalizer bietet hohe Leistung in einem kompakten integrierten Paket. Erfahren Sie mehr!\" \/>\n<meta property=\"og:url\" content=\"https:\/\/www.smpengineeredsolutions.com\/de\/produkte\/industrielle-einrueckrelais\/equalizer-ise-600-magnetspulenbaureihe\/\" \/>\n<meta property=\"og:site_name\" content=\"Standard Motor Products, Inc.\" \/>\n<meta property=\"article:modified_time\" content=\"2024-09-10T15:14:37+00:00\" \/>\n<meta property=\"og:image\" content=\"https:\/\/www.smpengineeredsolutions.com\/wp-content\/uploads\/SMP-Trombetta-4C-500x75.png\" \/>\n<meta name=\"twitter:label1\" content=\"Gesch\u00e4tzte Lesezeit\" \/>\n\t<meta name=\"twitter:data1\" content=\"1\u00a0Minute\" \/>\n<script type=\"application\/ld+json\" class=\"yoast-schema-graph\">{\"@context\":\"https:\\\/\\\/schema.org\",\"@graph\":[{\"@type\":\"WebPage\",\"@id\":\"https:\\\/\\\/www.smpengineeredsolutions.com\\\/de\\\/produkte\\\/industrielle-einrueckrelais\\\/equalizer-ise-600-magnetspulenbaureihe\\\/\",\"url\":\"https:\\\/\\\/www.smpengineeredsolutions.com\\\/de\\\/produkte\\\/industrielle-einrueckrelais\\\/equalizer-ise-600-magnetspulenbaureihe\\\/\",\"name\":\"Equalizer\\\/ISE 600 Magnetspulenbaureihe - Standard Motor Products, Inc.\",\"isPartOf\":{\"@id\":\"https:\\\/\\\/www.smpengineeredsolutions.com\\\/de\\\/#website\"},\"primaryImageOfPage\":{\"@id\":\"https:\\\/\\\/www.smpengineeredsolutions.com\\\/de\\\/produkte\\\/industrielle-einrueckrelais\\\/equalizer-ise-600-magnetspulenbaureihe\\\/#primaryimage\"},\"image\":{\"@id\":\"https:\\\/\\\/www.smpengineeredsolutions.com\\\/de\\\/produkte\\\/industrielle-einrueckrelais\\\/equalizer-ise-600-magnetspulenbaureihe\\\/#primaryimage\"},\"thumbnailUrl\":\"https:\\\/\\\/www.smpengineeredsolutions.com\\\/wp-content\\\/uploads\\\/SMP-Trombetta-4C-500x75.png\",\"datePublished\":\"2023-01-09T19:37:51+00:00\",\"dateModified\":\"2024-09-10T15:14:37+00:00\",\"description\":\"Informieren Sie sich \u00fcber unsere Equalizer\\\/ISE 600-Magnetenfamilie. Der Equalizer bietet hohe Leistung in einem kompakten integrierten Paket. Erfahren Sie mehr!\",\"breadcrumb\":{\"@id\":\"https:\\\/\\\/www.smpengineeredsolutions.com\\\/de\\\/produkte\\\/industrielle-einrueckrelais\\\/equalizer-ise-600-magnetspulenbaureihe\\\/#breadcrumb\"},\"inLanguage\":\"de\",\"potentialAction\":[{\"@type\":\"ReadAction\",\"target\":[\"https:\\\/\\\/www.smpengineeredsolutions.com\\\/de\\\/produkte\\\/industrielle-einrueckrelais\\\/equalizer-ise-600-magnetspulenbaureihe\\\/\"]}]},{\"@type\":\"ImageObject\",\"inLanguage\":\"de\",\"@id\":\"https:\\\/\\\/www.smpengineeredsolutions.com\\\/de\\\/produkte\\\/industrielle-einrueckrelais\\\/equalizer-ise-600-magnetspulenbaureihe\\\/#primaryimage\",\"url\":\"https:\\\/\\\/www.smpengineeredsolutions.com\\\/wp-content\\\/uploads\\\/SMP-Trombetta-4C-500x75.png\",\"contentUrl\":\"https:\\\/\\\/www.smpengineeredsolutions.com\\\/wp-content\\\/uploads\\\/SMP-Trombetta-4C-500x75.png\"},{\"@type\":\"BreadcrumbList\",\"@id\":\"https:\\\/\\\/www.smpengineeredsolutions.com\\\/de\\\/produkte\\\/industrielle-einrueckrelais\\\/equalizer-ise-600-magnetspulenbaureihe\\\/#breadcrumb\",\"itemListElement\":[{\"@type\":\"ListItem\",\"position\":1,\"name\":\"Home\",\"item\":\"https:\\\/\\\/www.smpengineeredsolutions.com\\\/de\\\/\"},{\"@type\":\"ListItem\",\"position\":2,\"name\":\"Produkte\",\"item\":\"https:\\\/\\\/www.af63878a-61a4-44d4-a3f9-8118d911569f.smpengineeredsolutions.com\\\/de\\\/produkte\\\/\"},{\"@type\":\"ListItem\",\"position\":3,\"name\":\"Industrielle Magnetsteuermodule\",\"item\":\"https:\\\/\\\/www.a.smpengineeredsolutions.com\\\/de\\\/produkte\\\/industrielle-einrueckrelais\\\/\"},{\"@type\":\"ListItem\",\"position\":4,\"name\":\"Equalizer\\\/ISE 600 Magnetspulenbaureihe\"}]},{\"@type\":\"WebSite\",\"@id\":\"https:\\\/\\\/www.smpengineeredsolutions.com\\\/de\\\/#website\",\"url\":\"https:\\\/\\\/www.smpengineeredsolutions.com\\\/de\\\/\",\"name\":\"Standard Motor Products, Inc.\",\"description\":\"\",\"publisher\":{\"@id\":\"https:\\\/\\\/www.smpengineeredsolutions.com\\\/de\\\/#organization\"},\"potentialAction\":[{\"@type\":\"SearchAction\",\"target\":{\"@type\":\"EntryPoint\",\"urlTemplate\":\"https:\\\/\\\/www.smpengineeredsolutions.com\\\/de\\\/?s={search_term_string}\"},\"query-input\":{\"@type\":\"PropertyValueSpecification\",\"valueRequired\":true,\"valueName\":\"search_term_string\"}}],\"inLanguage\":\"de\"},{\"@type\":\"Organization\",\"@id\":\"https:\\\/\\\/www.smpengineeredsolutions.com\\\/de\\\/#organization\",\"name\":\"SMP\u00ae Engineered Solutions\",\"url\":\"https:\\\/\\\/www.smpengineeredsolutions.com\\\/de\\\/\",\"logo\":{\"@type\":\"ImageObject\",\"inLanguage\":\"de\",\"@id\":\"https:\\\/\\\/www.smpengineeredsolutions.com\\\/de\\\/#\\\/schema\\\/logo\\\/image\\\/\",\"url\":\"https:\\\/\\\/www.a.smpengineeredsolutions.com\\\/wp-content\\\/uploads\\\/smp-logo.png\",\"contentUrl\":\"https:\\\/\\\/www.a.smpengineeredsolutions.com\\\/wp-content\\\/uploads\\\/smp-logo.png\",\"width\":264,\"height\":117,\"caption\":\"SMP\u00ae Engineered Solutions\"},\"image\":{\"@id\":\"https:\\\/\\\/www.smpengineeredsolutions.com\\\/de\\\/#\\\/schema\\\/logo\\\/image\\\/\"},\"sameAs\":[\"https:\\\/\\\/www.youtube.com\\\/@StandardMotorProductsInc\",\"https:\\\/\\\/www.linkedin.com\\\/company\\\/standard-motor-products\"]}]}<\/script>\n<!-- \/ Yoast SEO Premium plugin. -->","yoast_head_json":{"title":"Equalizer\/ISE 600 Magnetspulenbaureihe - Standard Motor Products, Inc.","description":"Informieren Sie sich \u00fcber unsere Equalizer\/ISE 600-Magnetenfamilie. Der Equalizer bietet hohe Leistung in einem kompakten integrierten Paket. Erfahren Sie mehr!","robots":{"index":"index","follow":"follow","max-snippet":"max-snippet:-1","max-image-preview":"max-image-preview:large","max-video-preview":"max-video-preview:-1"},"canonical":"https:\/\/www.smpengineeredsolutions.com\/de\/produkte\/industrielle-einrueckrelais\/equalizer-ise-600-magnetspulenbaureihe\/","og_locale":"de_DE","og_type":"article","og_title":"Equalizer\/ISE 600 Magnetspulenbaureihe","og_description":"Informieren Sie sich \u00fcber unsere Equalizer\/ISE 600-Magnetenfamilie. Der Equalizer bietet hohe Leistung in einem kompakten integrierten Paket. Erfahren Sie mehr!","og_url":"https:\/\/www.smpengineeredsolutions.com\/de\/produkte\/industrielle-einrueckrelais\/equalizer-ise-600-magnetspulenbaureihe\/","og_site_name":"Standard Motor Products, Inc.","article_modified_time":"2024-09-10T15:14:37+00:00","og_image":[{"url":"https:\/\/www.smpengineeredsolutions.com\/wp-content\/uploads\/SMP-Trombetta-4C-500x75.png","type":"","width":"","height":""}],"twitter_misc":{"Gesch\u00e4tzte Lesezeit":"1\u00a0Minute"},"schema":{"@context":"https:\/\/schema.org","@graph":[{"@type":"WebPage","@id":"https:\/\/www.smpengineeredsolutions.com\/de\/produkte\/industrielle-einrueckrelais\/equalizer-ise-600-magnetspulenbaureihe\/","url":"https:\/\/www.smpengineeredsolutions.com\/de\/produkte\/industrielle-einrueckrelais\/equalizer-ise-600-magnetspulenbaureihe\/","name":"Equalizer\/ISE 600 Magnetspulenbaureihe - Standard Motor Products, Inc.","isPartOf":{"@id":"https:\/\/www.smpengineeredsolutions.com\/de\/#website"},"primaryImageOfPage":{"@id":"https:\/\/www.smpengineeredsolutions.com\/de\/produkte\/industrielle-einrueckrelais\/equalizer-ise-600-magnetspulenbaureihe\/#primaryimage"},"image":{"@id":"https:\/\/www.smpengineeredsolutions.com\/de\/produkte\/industrielle-einrueckrelais\/equalizer-ise-600-magnetspulenbaureihe\/#primaryimage"},"thumbnailUrl":"https:\/\/www.smpengineeredsolutions.com\/wp-content\/uploads\/SMP-Trombetta-4C-500x75.png","datePublished":"2023-01-09T19:37:51+00:00","dateModified":"2024-09-10T15:14:37+00:00","description":"Informieren Sie sich \u00fcber unsere Equalizer\/ISE 600-Magnetenfamilie. Der Equalizer bietet hohe Leistung in einem kompakten integrierten Paket. Erfahren Sie mehr!","breadcrumb":{"@id":"https:\/\/www.smpengineeredsolutions.com\/de\/produkte\/industrielle-einrueckrelais\/equalizer-ise-600-magnetspulenbaureihe\/#breadcrumb"},"inLanguage":"de","potentialAction":[{"@type":"ReadAction","target":["https:\/\/www.smpengineeredsolutions.com\/de\/produkte\/industrielle-einrueckrelais\/equalizer-ise-600-magnetspulenbaureihe\/"]}]},{"@type":"ImageObject","inLanguage":"de","@id":"https:\/\/www.smpengineeredsolutions.com\/de\/produkte\/industrielle-einrueckrelais\/equalizer-ise-600-magnetspulenbaureihe\/#primaryimage","url":"https:\/\/www.smpengineeredsolutions.com\/wp-content\/uploads\/SMP-Trombetta-4C-500x75.png","contentUrl":"https:\/\/www.smpengineeredsolutions.com\/wp-content\/uploads\/SMP-Trombetta-4C-500x75.png"},{"@type":"BreadcrumbList","@id":"https:\/\/www.smpengineeredsolutions.com\/de\/produkte\/industrielle-einrueckrelais\/equalizer-ise-600-magnetspulenbaureihe\/#breadcrumb","itemListElement":[{"@type":"ListItem","position":1,"name":"Home","item":"https:\/\/www.smpengineeredsolutions.com\/de\/"},{"@type":"ListItem","position":2,"name":"Produkte","item":"https:\/\/www.af63878a-61a4-44d4-a3f9-8118d911569f.smpengineeredsolutions.com\/de\/produkte\/"},{"@type":"ListItem","position":3,"name":"Industrielle Magnetsteuermodule","item":"https:\/\/www.a.smpengineeredsolutions.com\/de\/produkte\/industrielle-einrueckrelais\/"},{"@type":"ListItem","position":4,"name":"Equalizer\/ISE 600 Magnetspulenbaureihe"}]},{"@type":"WebSite","@id":"https:\/\/www.smpengineeredsolutions.com\/de\/#website","url":"https:\/\/www.smpengineeredsolutions.com\/de\/","name":"Standard Motor Products, Inc.","description":"","publisher":{"@id":"https:\/\/www.smpengineeredsolutions.com\/de\/#organization"},"potentialAction":[{"@type":"SearchAction","target":{"@type":"EntryPoint","urlTemplate":"https:\/\/www.smpengineeredsolutions.com\/de\/?s={search_term_string}"},"query-input":{"@type":"PropertyValueSpecification","valueRequired":true,"valueName":"search_term_string"}}],"inLanguage":"de"},{"@type":"Organization","@id":"https:\/\/www.smpengineeredsolutions.com\/de\/#organization","name":"SMP\u00ae Engineered Solutions","url":"https:\/\/www.smpengineeredsolutions.com\/de\/","logo":{"@type":"ImageObject","inLanguage":"de","@id":"https:\/\/www.smpengineeredsolutions.com\/de\/#\/schema\/logo\/image\/","url":"https:\/\/www.a.smpengineeredsolutions.com\/wp-content\/uploads\/smp-logo.png","contentUrl":"https:\/\/www.a.smpengineeredsolutions.com\/wp-content\/uploads\/smp-logo.png","width":264,"height":117,"caption":"SMP\u00ae Engineered Solutions"},"image":{"@id":"https:\/\/www.smpengineeredsolutions.com\/de\/#\/schema\/logo\/image\/"},"sameAs":["https:\/\/www.youtube.com\/@StandardMotorProductsInc","https:\/\/www.linkedin.com\/company\/standard-motor-products"]}]}},"_links":{"self":[{"href":"https:\/\/www.smpengineeredsolutions.com\/de\/wp-json\/wp\/v2\/pages\/4709","targetHints":{"allow":["GET"]}}],"collection":[{"href":"https:\/\/www.smpengineeredsolutions.com\/de\/wp-json\/wp\/v2\/pages"}],"about":[{"href":"https:\/\/www.smpengineeredsolutions.com\/de\/wp-json\/wp\/v2\/types\/page"}],"author":[{"embeddable":true,"href":"https:\/\/www.smpengineeredsolutions.com\/de\/wp-json\/wp\/v2\/users\/27"}],"replies":[{"embeddable":true,"href":"https:\/\/www.smpengineeredsolutions.com\/de\/wp-json\/wp\/v2\/comments?post=4709"}],"version-history":[{"count":1,"href":"https:\/\/www.smpengineeredsolutions.com\/de\/wp-json\/wp\/v2\/pages\/4709\/revisions"}],"predecessor-version":[{"id":7315,"href":"https:\/\/www.smpengineeredsolutions.com\/de\/wp-json\/wp\/v2\/pages\/4709\/revisions\/7315"}],"up":[{"embeddable":true,"href":"https:\/\/www.smpengineeredsolutions.com\/de\/wp-json\/wp\/v2\/pages\/4707"}],"wp:attachment":[{"href":"https:\/\/www.smpengineeredsolutions.com\/de\/wp-json\/wp\/v2\/media?parent=4709"}],"curies":[{"name":"wp","href":"https:\/\/api.w.org\/{rel}","templated":true}]}}