{"id":4702,"date":"2023-01-27T13:59:43","date_gmt":"2023-01-27T18:59:43","guid":{"rendered":"https:\/\/smpengineeredsolutions.com\/?page_id=4702"},"modified":"2025-02-25T10:14:35","modified_gmt":"2025-02-25T15:14:35","slug":"200-a-batterie-trennschalter-mit-verriegelung","status":"publish","type":"page","link":"https:\/\/www.smpengineeredsolutions.com\/de\/produkte\/gleichstromschuetze\/weitere-gleichstromschuetzprodukte\/200-a-batterie-trennschalter-mit-verriegelung\/","title":{"rendered":"200-A-Batterie-Trennschalter mit Verriegelung"},"content":{"rendered":"<div class=\"feature-img-right\"><a class=\"lightbox\" href=\"\/wp-content\/uploads\/Battery-Separator-1.jpg\"><img decoding=\"async\" title=\"Batterie-Trennschalter\" src=\"\/wp-content\/uploads\/Battery-Separator-1.jpg\" alt=\"Batterie-Trennschalter\" width=\"400\" \/><\/a><\/div>\n<div><\/div>\n<h2>Hochbelastbarer 200A-Batterie-Trennschalter mit Verriegelung<\/h2>\n<div>Der 200A Latching Battery Separator ist ein Ger\u00e4t, das jede Sekunde die Spannungen an beiden M8-Klemmen \u00fcberwacht. Es \u00f6ffnet oder schlie\u00dft die Kontakte nach festgelegten Verz\u00f6gerungszeiten nur dann, wenn die Spannungen innerhalb der festgelegten Parameter liegen. Dadurch wird eine Reaktion auf Transienten und kurzfristige Spannungsschwankungen vermieden. Abgesehen von einem kurzen 8-Ampere-Impuls bei Beginn des Ladevorgangs zieht das Ger\u00e4t weniger als 1 mA, wenn es ge\u00f6ffnet ist, und nicht mehr als 10 mA, wenn es geschlossen ist.<\/div>\n","protected":false},"excerpt":{"rendered":"<p>Hochbelastbarer 200A-Batterie-Trennschalter mit Verriegelung Der 200A Latching Battery Separator ist ein Ger\u00e4t, das jede Sekunde die Spannungen an beiden M8-Klemmen \u00fcberwacht. Es \u00f6ffnet oder schlie\u00dft die Kontakte nach festgelegten Verz\u00f6gerungszeiten nur dann, wenn die Spannungen innerhalb der festgelegten Parameter liegen. Dadurch wird eine Reaktion auf Transienten und kurzfristige Spannungsschwankungen vermieden. Abgesehen von einem kurzen 8-Ampere-Impuls&#8230; [&#8230;]<\/p>\n<p><a class=\"btn btn-secondary understrap-read-more-link\" href=\"https:\/\/www.smpengineeredsolutions.com\/de\/produkte\/gleichstromschuetze\/weitere-gleichstromschuetzprodukte\/200-a-batterie-trennschalter-mit-verriegelung\/\">Weiterlesen&#8230;<\/a><\/p>\n","protected":false},"author":27,"featured_media":0,"parent":4700,"menu_order":0,"comment_status":"closed","ping_status":"closed","template":"page-templates\/destination-content.php","meta":{"_acf_changed":false,"inline_featured_image":false,"footnotes":""},"class_list":["post-4702","page","type-page","status-publish","hentry"],"featured_image_src":null,"acf":[],"yoast_head":"<!-- This site is optimized with the Yoast SEO Premium plugin v27.2 (Yoast SEO v27.2) - https:\/\/yoast.com\/product\/yoast-seo-premium-wordpress\/ -->\n<title>200A Batterie-Trennschalter mit Verriegelung | DC-Sch\u00fctz<\/title>\n<meta name=\"description\" content=\"Entdecken Sie unseren 200A-Batterietrenner mit Selbsthaltung. Dieses Ger\u00e4t \u00fcberwacht jede Sekunde die Spannungen an beiden M8-Klemmen. Erfahren Sie mehr!\" \/>\n<meta name=\"robots\" content=\"index, follow, max-snippet:-1, max-image-preview:large, max-video-preview:-1\" \/>\n<link rel=\"canonical\" href=\"https:\/\/www.smpengineeredsolutions.com\/de\/produkte\/gleichstromschuetze\/weitere-gleichstromschuetzprodukte\/200-a-batterie-trennschalter-mit-verriegelung\/\" \/>\n<meta property=\"og:locale\" content=\"de_DE\" \/>\n<meta property=\"og:type\" content=\"article\" \/>\n<meta property=\"og:title\" content=\"200-A-Batterie-Trennschalter mit Verriegelung\" \/>\n<meta property=\"og:description\" content=\"Entdecken Sie unseren 200A-Batterietrenner mit Selbsthaltung. Dieses Ger\u00e4t \u00fcberwacht jede Sekunde die Spannungen an beiden M8-Klemmen. Erfahren Sie mehr!\" \/>\n<meta property=\"og:url\" content=\"https:\/\/www.smpengineeredsolutions.com\/de\/produkte\/gleichstromschuetze\/weitere-gleichstromschuetzprodukte\/200-a-batterie-trennschalter-mit-verriegelung\/\" \/>\n<meta property=\"og:site_name\" content=\"Standard Motor Products, Inc.\" \/>\n<meta property=\"article:modified_time\" content=\"2025-02-25T15:14:35+00:00\" \/>\n<meta name=\"twitter:label1\" content=\"Gesch\u00e4tzte Lesezeit\" \/>\n\t<meta name=\"twitter:data1\" content=\"1\u00a0Minute\" \/>\n<script type=\"application\/ld+json\" class=\"yoast-schema-graph\">{\"@context\":\"https:\/\/schema.org\",\"@graph\":[{\"@type\":\"WebPage\",\"@id\":\"https:\/\/www.smpengineeredsolutions.com\/de\/produkte\/gleichstromschuetze\/weitere-gleichstromschuetzprodukte\/200-a-batterie-trennschalter-mit-verriegelung\/\",\"url\":\"https:\/\/www.smpengineeredsolutions.com\/de\/produkte\/gleichstromschuetze\/weitere-gleichstromschuetzprodukte\/200-a-batterie-trennschalter-mit-verriegelung\/\",\"name\":\"200A Batterie-Trennschalter mit Verriegelung | DC-Sch\u00fctz\",\"isPartOf\":{\"@id\":\"https:\/\/www.96ce9a62-fe5f-4a67-a933-f08256570101.a.smpengineeredsolutions.com\/#website\"},\"datePublished\":\"2023-01-27T18:59:43+00:00\",\"dateModified\":\"2025-02-25T15:14:35+00:00\",\"description\":\"Entdecken Sie unseren 200A-Batterietrenner mit Selbsthaltung. Dieses Ger\u00e4t \u00fcberwacht jede Sekunde die Spannungen an beiden M8-Klemmen. Erfahren Sie mehr!\",\"breadcrumb\":{\"@id\":\"https:\/\/www.smpengineeredsolutions.com\/de\/produkte\/gleichstromschuetze\/weitere-gleichstromschuetzprodukte\/200-a-batterie-trennschalter-mit-verriegelung\/#breadcrumb\"},\"inLanguage\":\"de\",\"potentialAction\":[{\"@type\":\"ReadAction\",\"target\":[\"https:\/\/www.smpengineeredsolutions.com\/de\/produkte\/gleichstromschuetze\/weitere-gleichstromschuetzprodukte\/200-a-batterie-trennschalter-mit-verriegelung\/\"]}]},{\"@type\":\"BreadcrumbList\",\"@id\":\"https:\/\/www.smpengineeredsolutions.com\/de\/produkte\/gleichstromschuetze\/weitere-gleichstromschuetzprodukte\/200-a-batterie-trennschalter-mit-verriegelung\/#breadcrumb\",\"itemListElement\":[{\"@type\":\"ListItem\",\"position\":1,\"name\":\"Home\",\"item\":\"https:\/\/www.3ec3a7a1-1e28-4a7f-941d-947624eef59a.smpengineeredsolutions.com\/de\/\"},{\"@type\":\"ListItem\",\"position\":2,\"name\":\"Produkte\",\"item\":\"https:\/\/54.152.17.87\/de\/produkte\/\"},{\"@type\":\"ListItem\",\"position\":3,\"name\":\"Gleichstromsch\u00fctze\",\"item\":\"https:\/\/www.c09acdd4-e699-42dd-9234-f3ab3eff54a8.smpengineeredsolutions.com\/de\/produkte\/gleichstromschuetze\/\"},{\"@type\":\"ListItem\",\"position\":4,\"name\":\"Weitere Gleichstromsch\u00fctzprodukte\",\"item\":\"https:\/\/www.a.smpengineeredsolutions.com\/de\/produkte\/gleichstromschuetze\/weitere-gleichstromschuetzprodukte\/\"},{\"@type\":\"ListItem\",\"position\":5,\"name\":\"200-A-Batterie-Trennschalter mit Verriegelung\"}]},{\"@type\":\"WebSite\",\"@id\":\"https:\/\/www.96ce9a62-fe5f-4a67-a933-f08256570101.a.smpengineeredsolutions.com\/#website\",\"url\":\"https:\/\/www.96ce9a62-fe5f-4a67-a933-f08256570101.a.smpengineeredsolutions.com\/\",\"name\":\"Standard Motor Products, Inc.\",\"description\":\"\",\"publisher\":{\"@id\":\"https:\/\/www.96ce9a62-fe5f-4a67-a933-f08256570101.a.smpengineeredsolutions.com\/#organization\"},\"potentialAction\":[{\"@type\":\"SearchAction\",\"target\":{\"@type\":\"EntryPoint\",\"urlTemplate\":\"https:\/\/www.96ce9a62-fe5f-4a67-a933-f08256570101.a.smpengineeredsolutions.com\/?s={search_term_string}\"},\"query-input\":{\"@type\":\"PropertyValueSpecification\",\"valueRequired\":true,\"valueName\":\"search_term_string\"}}],\"inLanguage\":\"de\"},{\"@type\":\"Organization\",\"@id\":\"https:\/\/www.96ce9a62-fe5f-4a67-a933-f08256570101.a.smpengineeredsolutions.com\/#organization\",\"name\":\"SMP\u00ae Engineered Solutions\",\"url\":\"https:\/\/www.96ce9a62-fe5f-4a67-a933-f08256570101.a.smpengineeredsolutions.com\/\",\"logo\":{\"@type\":\"ImageObject\",\"inLanguage\":\"de\",\"@id\":\"https:\/\/www.96ce9a62-fe5f-4a67-a933-f08256570101.a.smpengineeredsolutions.com\/#\/schema\/logo\/image\/\",\"url\":\"https:\/\/www.a.smpengineeredsolutions.com\/wp-content\/uploads\/smp-logo.png\",\"contentUrl\":\"https:\/\/www.a.smpengineeredsolutions.com\/wp-content\/uploads\/smp-logo.png\",\"width\":264,\"height\":117,\"caption\":\"SMP\u00ae Engineered Solutions\"},\"image\":{\"@id\":\"https:\/\/www.96ce9a62-fe5f-4a67-a933-f08256570101.a.smpengineeredsolutions.com\/#\/schema\/logo\/image\/\"},\"sameAs\":[\"https:\/\/www.youtube.com\/@StandardMotorProductsInc\",\"https:\/\/www.linkedin.com\/company\/standard-motor-products\"]}]}<\/script>\n<!-- \/ Yoast SEO Premium plugin. -->","yoast_head_json":{"title":"200A Batterie-Trennschalter mit Verriegelung | DC-Sch\u00fctz","description":"Entdecken Sie unseren 200A-Batterietrenner mit Selbsthaltung. Dieses Ger\u00e4t \u00fcberwacht jede Sekunde die Spannungen an beiden M8-Klemmen. Erfahren Sie mehr!","robots":{"index":"index","follow":"follow","max-snippet":"max-snippet:-1","max-image-preview":"max-image-preview:large","max-video-preview":"max-video-preview:-1"},"canonical":"https:\/\/www.smpengineeredsolutions.com\/de\/produkte\/gleichstromschuetze\/weitere-gleichstromschuetzprodukte\/200-a-batterie-trennschalter-mit-verriegelung\/","og_locale":"de_DE","og_type":"article","og_title":"200-A-Batterie-Trennschalter mit Verriegelung","og_description":"Entdecken Sie unseren 200A-Batterietrenner mit Selbsthaltung. Dieses Ger\u00e4t \u00fcberwacht jede Sekunde die Spannungen an beiden M8-Klemmen. Erfahren Sie mehr!","og_url":"https:\/\/www.smpengineeredsolutions.com\/de\/produkte\/gleichstromschuetze\/weitere-gleichstromschuetzprodukte\/200-a-batterie-trennschalter-mit-verriegelung\/","og_site_name":"Standard Motor Products, Inc.","article_modified_time":"2025-02-25T15:14:35+00:00","twitter_misc":{"Gesch\u00e4tzte Lesezeit":"1\u00a0Minute"},"schema":{"@context":"https:\/\/schema.org","@graph":[{"@type":"WebPage","@id":"https:\/\/www.smpengineeredsolutions.com\/de\/produkte\/gleichstromschuetze\/weitere-gleichstromschuetzprodukte\/200-a-batterie-trennschalter-mit-verriegelung\/","url":"https:\/\/www.smpengineeredsolutions.com\/de\/produkte\/gleichstromschuetze\/weitere-gleichstromschuetzprodukte\/200-a-batterie-trennschalter-mit-verriegelung\/","name":"200A Batterie-Trennschalter mit Verriegelung | DC-Sch\u00fctz","isPartOf":{"@id":"https:\/\/www.96ce9a62-fe5f-4a67-a933-f08256570101.a.smpengineeredsolutions.com\/#website"},"datePublished":"2023-01-27T18:59:43+00:00","dateModified":"2025-02-25T15:14:35+00:00","description":"Entdecken Sie unseren 200A-Batterietrenner mit Selbsthaltung. Dieses Ger\u00e4t \u00fcberwacht jede Sekunde die Spannungen an beiden M8-Klemmen. Erfahren Sie mehr!","breadcrumb":{"@id":"https:\/\/www.smpengineeredsolutions.com\/de\/produkte\/gleichstromschuetze\/weitere-gleichstromschuetzprodukte\/200-a-batterie-trennschalter-mit-verriegelung\/#breadcrumb"},"inLanguage":"de","potentialAction":[{"@type":"ReadAction","target":["https:\/\/www.smpengineeredsolutions.com\/de\/produkte\/gleichstromschuetze\/weitere-gleichstromschuetzprodukte\/200-a-batterie-trennschalter-mit-verriegelung\/"]}]},{"@type":"BreadcrumbList","@id":"https:\/\/www.smpengineeredsolutions.com\/de\/produkte\/gleichstromschuetze\/weitere-gleichstromschuetzprodukte\/200-a-batterie-trennschalter-mit-verriegelung\/#breadcrumb","itemListElement":[{"@type":"ListItem","position":1,"name":"Home","item":"https:\/\/www.3ec3a7a1-1e28-4a7f-941d-947624eef59a.smpengineeredsolutions.com\/de\/"},{"@type":"ListItem","position":2,"name":"Produkte","item":"https:\/\/54.152.17.87\/de\/produkte\/"},{"@type":"ListItem","position":3,"name":"Gleichstromsch\u00fctze","item":"https:\/\/www.c09acdd4-e699-42dd-9234-f3ab3eff54a8.smpengineeredsolutions.com\/de\/produkte\/gleichstromschuetze\/"},{"@type":"ListItem","position":4,"name":"Weitere Gleichstromsch\u00fctzprodukte","item":"https:\/\/www.a.smpengineeredsolutions.com\/de\/produkte\/gleichstromschuetze\/weitere-gleichstromschuetzprodukte\/"},{"@type":"ListItem","position":5,"name":"200-A-Batterie-Trennschalter mit Verriegelung"}]},{"@type":"WebSite","@id":"https:\/\/www.96ce9a62-fe5f-4a67-a933-f08256570101.a.smpengineeredsolutions.com\/#website","url":"https:\/\/www.96ce9a62-fe5f-4a67-a933-f08256570101.a.smpengineeredsolutions.com\/","name":"Standard Motor Products, Inc.","description":"","publisher":{"@id":"https:\/\/www.96ce9a62-fe5f-4a67-a933-f08256570101.a.smpengineeredsolutions.com\/#organization"},"potentialAction":[{"@type":"SearchAction","target":{"@type":"EntryPoint","urlTemplate":"https:\/\/www.96ce9a62-fe5f-4a67-a933-f08256570101.a.smpengineeredsolutions.com\/?s={search_term_string}"},"query-input":{"@type":"PropertyValueSpecification","valueRequired":true,"valueName":"search_term_string"}}],"inLanguage":"de"},{"@type":"Organization","@id":"https:\/\/www.96ce9a62-fe5f-4a67-a933-f08256570101.a.smpengineeredsolutions.com\/#organization","name":"SMP\u00ae Engineered Solutions","url":"https:\/\/www.96ce9a62-fe5f-4a67-a933-f08256570101.a.smpengineeredsolutions.com\/","logo":{"@type":"ImageObject","inLanguage":"de","@id":"https:\/\/www.96ce9a62-fe5f-4a67-a933-f08256570101.a.smpengineeredsolutions.com\/#\/schema\/logo\/image\/","url":"https:\/\/www.a.smpengineeredsolutions.com\/wp-content\/uploads\/smp-logo.png","contentUrl":"https:\/\/www.a.smpengineeredsolutions.com\/wp-content\/uploads\/smp-logo.png","width":264,"height":117,"caption":"SMP\u00ae Engineered Solutions"},"image":{"@id":"https:\/\/www.96ce9a62-fe5f-4a67-a933-f08256570101.a.smpengineeredsolutions.com\/#\/schema\/logo\/image\/"},"sameAs":["https:\/\/www.youtube.com\/@StandardMotorProductsInc","https:\/\/www.linkedin.com\/company\/standard-motor-products"]}]}},"_links":{"self":[{"href":"https:\/\/www.smpengineeredsolutions.com\/de\/wp-json\/wp\/v2\/pages\/4702","targetHints":{"allow":["GET"]}}],"collection":[{"href":"https:\/\/www.smpengineeredsolutions.com\/de\/wp-json\/wp\/v2\/pages"}],"about":[{"href":"https:\/\/www.smpengineeredsolutions.com\/de\/wp-json\/wp\/v2\/types\/page"}],"author":[{"embeddable":true,"href":"https:\/\/www.smpengineeredsolutions.com\/de\/wp-json\/wp\/v2\/users\/27"}],"replies":[{"embeddable":true,"href":"https:\/\/www.smpengineeredsolutions.com\/de\/wp-json\/wp\/v2\/comments?post=4702"}],"version-history":[{"count":4,"href":"https:\/\/www.smpengineeredsolutions.com\/de\/wp-json\/wp\/v2\/pages\/4702\/revisions"}],"predecessor-version":[{"id":7761,"href":"https:\/\/www.smpengineeredsolutions.com\/de\/wp-json\/wp\/v2\/pages\/4702\/revisions\/7761"}],"up":[{"embeddable":true,"href":"https:\/\/www.smpengineeredsolutions.com\/de\/wp-json\/wp\/v2\/pages\/4700"}],"wp:attachment":[{"href":"https:\/\/www.smpengineeredsolutions.com\/de\/wp-json\/wp\/v2\/media?parent=4702"}],"curies":[{"name":"wp","href":"https:\/\/api.w.org\/{rel}","templated":true}]}}