{"id":4700,"date":"2023-01-27T05:28:14","date_gmt":"2023-01-27T10:28:14","guid":{"rendered":"https:\/\/smpengineeredsolutions.com\/?page_id=4700"},"modified":"2024-10-16T13:06:00","modified_gmt":"2024-10-16T17:06:00","slug":"weitere-gleichstromschuetzprodukte","status":"publish","type":"page","link":"https:\/\/www.smpengineeredsolutions.com\/de\/produkte\/gleichstromschuetze\/weitere-gleichstromschuetzprodukte\/","title":{"rendered":"Weitere Gleichstromsch\u00fctzprodukte"},"content":{"rendered":"<p><img loading=\"lazy\" decoding=\"async\" class=\"alignnone wp-image-4563\" src=\"https:\/\/www.smpengineeredsolutions.com\/wp-content\/uploads\/SMP-Trombetta-4C-500x75.png\" alt=\"\" width=\"353\" height=\"53\" srcset=\"https:\/\/www.smpengineeredsolutions.com\/wp-content\/uploads\/SMP-Trombetta-4C-500x75.png 500w, https:\/\/www.smpengineeredsolutions.com\/wp-content\/uploads\/SMP-Trombetta-4C-1024x154.png 1024w, https:\/\/www.smpengineeredsolutions.com\/wp-content\/uploads\/SMP-Trombetta-4C-768x116.png 768w, https:\/\/www.smpengineeredsolutions.com\/wp-content\/uploads\/SMP-Trombetta-4C-1536x231.png 1536w, https:\/\/www.smpengineeredsolutions.com\/wp-content\/uploads\/SMP-Trombetta-4C-2048x309.png 2048w\" sizes=\"auto, (max-width: 353px) 100vw, 353px\" \/><\/p>\n<p>SMP Engineered Solutions hat noch mehr zu bieten: ein umfangreiches Sortiment an elektromechanischen und elektrischen Komponenten, die f\u00fcr den Einsatz in mobilen Ger\u00e4ten geeignet sind, einschlie\u00dflich robuster und zuverl\u00e4ssiger DC-Sch\u00fctze.<\/p>\n<h3>Mehr \u00fcber DC-Sch\u00fctze<\/h3>\n<p>Ein Gleichstromsch\u00fctz ist ein elektromechanisches Ger\u00e4t, das hohe Str\u00f6me in Gleichstromkreisen (DC) schaltet. Es wird unter Ber\u00fccksichtigung der Umgebungs- und Betriebsbedingungen sorgf\u00e4ltig entworfen, ausgew\u00e4hlt und installiert. Wir bieten eine gro\u00dfe Auswahl an Standard-Gleichstromsch\u00fctzen an, die jedoch alle an die genauen Spezifikationen des Kunden angepasst werden k\u00f6nnen, einschlie\u00dflich der Spulenfunktion und der Konfiguration der Montagehalterung. Sie k\u00f6nnen als Komponenten in neuen Systemen oder als OEM-Ersatzteile in bestehenden Systemen verwendet werden.<\/p>\n<h3>DC-Sch\u00fctz-Anwendungen<\/h3>\n<ul>\n<li>Landwirtschaft<\/li>\n<li>Automobilindustrie<\/li>\n<li>Bauwesen<\/li>\n<li>Rasen und Garten<\/li>\n<li>Marine<\/li>\n<li>Mobil Hydraulisch<\/li>\n<li>Lkw<\/li>\n<\/ul>\n","protected":false},"excerpt":{"rendered":"<p>SMP Engineered Solutions hat noch mehr zu bieten: ein umfangreiches Sortiment an elektromechanischen und elektrischen Komponenten, die f\u00fcr den Einsatz in mobilen Ger\u00e4ten geeignet sind, einschlie\u00dflich robuster und zuverl\u00e4ssiger DC-Sch\u00fctze. Mehr \u00fcber DC-Sch\u00fctze Ein Gleichstromsch\u00fctz ist ein elektromechanisches Ger\u00e4t, das hohe Str\u00f6me in Gleichstromkreisen (DC) schaltet. Es wird unter Ber\u00fccksichtigung der Umgebungs- und Betriebsbedingungen sorgf\u00e4ltig&#8230; [&#8230;]<\/p>\n<p><a class=\"btn btn-secondary understrap-read-more-link\" href=\"https:\/\/www.smpengineeredsolutions.com\/de\/produkte\/gleichstromschuetze\/weitere-gleichstromschuetzprodukte\/\">Weiterlesen&#8230;<\/a><\/p>\n","protected":false},"author":27,"featured_media":0,"parent":4692,"menu_order":0,"comment_status":"closed","ping_status":"closed","template":"page-templates\/destination-content.php","meta":{"_acf_changed":false,"inline_featured_image":false,"footnotes":""},"class_list":["post-4700","page","type-page","status-publish","hentry"],"featured_image_src":null,"acf":[],"yoast_head":"<!-- This site is optimized with the Yoast SEO Premium plugin v27.2 (Yoast SEO v27.2) - https:\/\/yoast.com\/product\/yoast-seo-premium-wordpress\/ -->\n<title>Weitere DC-Sch\u00fctze | Trombetta | Standard Motor Products<\/title>\n<meta name=\"description\" content=\"Entdecken Sie unsere zus\u00e4tzlichen DC-Sch\u00fctze - dazu geh\u00f6ren unsere Halbleiterrelais, B\u00e4ren, 200A Batterie-Trennschalter mit Selbsthaltung und 13A Halbleiterrelais.\" \/>\n<meta name=\"robots\" content=\"index, follow, max-snippet:-1, max-image-preview:large, max-video-preview:-1\" \/>\n<link rel=\"canonical\" href=\"https:\/\/www.smpengineeredsolutions.com\/de\/produkte\/gleichstromschuetze\/weitere-gleichstromschuetzprodukte\/\" \/>\n<meta property=\"og:locale\" content=\"de_DE\" \/>\n<meta property=\"og:type\" content=\"article\" \/>\n<meta property=\"og:title\" content=\"Weitere Gleichstromsch\u00fctzprodukte\" \/>\n<meta property=\"og:description\" content=\"Entdecken Sie unsere zus\u00e4tzlichen DC-Sch\u00fctze - dazu geh\u00f6ren unsere Halbleiterrelais, B\u00e4ren, 200A Batterie-Trennschalter mit Selbsthaltung und 13A Halbleiterrelais.\" \/>\n<meta property=\"og:url\" content=\"https:\/\/www.smpengineeredsolutions.com\/de\/produkte\/gleichstromschuetze\/weitere-gleichstromschuetzprodukte\/\" \/>\n<meta property=\"og:site_name\" content=\"Standard Motor Products, Inc.\" \/>\n<meta property=\"article:modified_time\" content=\"2024-10-16T17:06:00+00:00\" \/>\n<meta property=\"og:image\" content=\"https:\/\/www.smpengineeredsolutions.com\/wp-content\/uploads\/SMP-Trombetta-4C-500x75.png\" \/>\n<meta name=\"twitter:label1\" content=\"Gesch\u00e4tzte Lesezeit\" \/>\n\t<meta name=\"twitter:data1\" content=\"1\u00a0Minute\" \/>\n<script type=\"application\/ld+json\" class=\"yoast-schema-graph\">{\"@context\":\"https:\/\/schema.org\",\"@graph\":[{\"@type\":\"WebPage\",\"@id\":\"https:\/\/www.smpengineeredsolutions.com\/de\/produkte\/gleichstromschuetze\/weitere-gleichstromschuetzprodukte\/\",\"url\":\"https:\/\/www.smpengineeredsolutions.com\/de\/produkte\/gleichstromschuetze\/weitere-gleichstromschuetzprodukte\/\",\"name\":\"Weitere DC-Sch\u00fctze | Trombetta | Standard Motor Products\",\"isPartOf\":{\"@id\":\"https:\/\/www.smpengineeredsolutions.com\/de\/#website\"},\"primaryImageOfPage\":{\"@id\":\"https:\/\/www.smpengineeredsolutions.com\/de\/produkte\/gleichstromschuetze\/weitere-gleichstromschuetzprodukte\/#primaryimage\"},\"image\":{\"@id\":\"https:\/\/www.smpengineeredsolutions.com\/de\/produkte\/gleichstromschuetze\/weitere-gleichstromschuetzprodukte\/#primaryimage\"},\"thumbnailUrl\":\"https:\/\/www.smpengineeredsolutions.com\/wp-content\/uploads\/SMP-Trombetta-4C-500x75.png\",\"datePublished\":\"2023-01-27T10:28:14+00:00\",\"dateModified\":\"2024-10-16T17:06:00+00:00\",\"description\":\"Entdecken Sie unsere zus\u00e4tzlichen DC-Sch\u00fctze - dazu geh\u00f6ren unsere Halbleiterrelais, B\u00e4ren, 200A Batterie-Trennschalter mit Selbsthaltung und 13A Halbleiterrelais.\",\"breadcrumb\":{\"@id\":\"https:\/\/www.smpengineeredsolutions.com\/de\/produkte\/gleichstromschuetze\/weitere-gleichstromschuetzprodukte\/#breadcrumb\"},\"inLanguage\":\"de\",\"potentialAction\":[{\"@type\":\"ReadAction\",\"target\":[\"https:\/\/www.smpengineeredsolutions.com\/de\/produkte\/gleichstromschuetze\/weitere-gleichstromschuetzprodukte\/\"]}]},{\"@type\":\"ImageObject\",\"inLanguage\":\"de\",\"@id\":\"https:\/\/www.smpengineeredsolutions.com\/de\/produkte\/gleichstromschuetze\/weitere-gleichstromschuetzprodukte\/#primaryimage\",\"url\":\"https:\/\/www.smpengineeredsolutions.com\/wp-content\/uploads\/SMP-Trombetta-4C-500x75.png\",\"contentUrl\":\"https:\/\/www.smpengineeredsolutions.com\/wp-content\/uploads\/SMP-Trombetta-4C-500x75.png\"},{\"@type\":\"BreadcrumbList\",\"@id\":\"https:\/\/www.smpengineeredsolutions.com\/de\/produkte\/gleichstromschuetze\/weitere-gleichstromschuetzprodukte\/#breadcrumb\",\"itemListElement\":[{\"@type\":\"ListItem\",\"position\":1,\"name\":\"Home\",\"item\":\"https:\/\/www.smpengineeredsolutions.com\/de\/\"},{\"@type\":\"ListItem\",\"position\":2,\"name\":\"Produkte\",\"item\":\"https:\/\/www.smpengineeredsolutions.com\/de\/produkte\/\"},{\"@type\":\"ListItem\",\"position\":3,\"name\":\"Gleichstromsch\u00fctze\",\"item\":\"https:\/\/www.smpengineeredsolutions.com\/de\/produkte\/gleichstromschuetze\/\"},{\"@type\":\"ListItem\",\"position\":4,\"name\":\"Weitere Gleichstromsch\u00fctzprodukte\"}]},{\"@type\":\"WebSite\",\"@id\":\"https:\/\/www.smpengineeredsolutions.com\/de\/#website\",\"url\":\"https:\/\/www.smpengineeredsolutions.com\/de\/\",\"name\":\"Standard Motor Products, Inc.\",\"description\":\"\",\"publisher\":{\"@id\":\"https:\/\/www.smpengineeredsolutions.com\/de\/#organization\"},\"potentialAction\":[{\"@type\":\"SearchAction\",\"target\":{\"@type\":\"EntryPoint\",\"urlTemplate\":\"https:\/\/www.smpengineeredsolutions.com\/de\/?s={search_term_string}\"},\"query-input\":{\"@type\":\"PropertyValueSpecification\",\"valueRequired\":true,\"valueName\":\"search_term_string\"}}],\"inLanguage\":\"de\"},{\"@type\":\"Organization\",\"@id\":\"https:\/\/www.smpengineeredsolutions.com\/de\/#organization\",\"name\":\"SMP\u00ae Engineered Solutions\",\"url\":\"https:\/\/www.smpengineeredsolutions.com\/de\/\",\"logo\":{\"@type\":\"ImageObject\",\"inLanguage\":\"de\",\"@id\":\"https:\/\/www.smpengineeredsolutions.com\/de\/#\/schema\/logo\/image\/\",\"url\":\"https:\/\/www.a.smpengineeredsolutions.com\/wp-content\/uploads\/smp-logo.png\",\"contentUrl\":\"https:\/\/www.a.smpengineeredsolutions.com\/wp-content\/uploads\/smp-logo.png\",\"width\":264,\"height\":117,\"caption\":\"SMP\u00ae Engineered Solutions\"},\"image\":{\"@id\":\"https:\/\/www.smpengineeredsolutions.com\/de\/#\/schema\/logo\/image\/\"},\"sameAs\":[\"https:\/\/www.youtube.com\/@StandardMotorProductsInc\",\"https:\/\/www.linkedin.com\/company\/standard-motor-products\"]}]}<\/script>\n<!-- \/ Yoast SEO Premium plugin. -->","yoast_head_json":{"title":"Weitere DC-Sch\u00fctze | Trombetta | Standard Motor Products","description":"Entdecken Sie unsere zus\u00e4tzlichen DC-Sch\u00fctze - dazu geh\u00f6ren unsere Halbleiterrelais, B\u00e4ren, 200A Batterie-Trennschalter mit Selbsthaltung und 13A Halbleiterrelais.","robots":{"index":"index","follow":"follow","max-snippet":"max-snippet:-1","max-image-preview":"max-image-preview:large","max-video-preview":"max-video-preview:-1"},"canonical":"https:\/\/www.smpengineeredsolutions.com\/de\/produkte\/gleichstromschuetze\/weitere-gleichstromschuetzprodukte\/","og_locale":"de_DE","og_type":"article","og_title":"Weitere Gleichstromsch\u00fctzprodukte","og_description":"Entdecken Sie unsere zus\u00e4tzlichen DC-Sch\u00fctze - dazu geh\u00f6ren unsere Halbleiterrelais, B\u00e4ren, 200A Batterie-Trennschalter mit Selbsthaltung und 13A Halbleiterrelais.","og_url":"https:\/\/www.smpengineeredsolutions.com\/de\/produkte\/gleichstromschuetze\/weitere-gleichstromschuetzprodukte\/","og_site_name":"Standard Motor Products, Inc.","article_modified_time":"2024-10-16T17:06:00+00:00","og_image":[{"url":"https:\/\/www.smpengineeredsolutions.com\/wp-content\/uploads\/SMP-Trombetta-4C-500x75.png","type":"","width":"","height":""}],"twitter_misc":{"Gesch\u00e4tzte Lesezeit":"1\u00a0Minute"},"schema":{"@context":"https:\/\/schema.org","@graph":[{"@type":"WebPage","@id":"https:\/\/www.smpengineeredsolutions.com\/de\/produkte\/gleichstromschuetze\/weitere-gleichstromschuetzprodukte\/","url":"https:\/\/www.smpengineeredsolutions.com\/de\/produkte\/gleichstromschuetze\/weitere-gleichstromschuetzprodukte\/","name":"Weitere DC-Sch\u00fctze | Trombetta | Standard Motor Products","isPartOf":{"@id":"https:\/\/www.smpengineeredsolutions.com\/de\/#website"},"primaryImageOfPage":{"@id":"https:\/\/www.smpengineeredsolutions.com\/de\/produkte\/gleichstromschuetze\/weitere-gleichstromschuetzprodukte\/#primaryimage"},"image":{"@id":"https:\/\/www.smpengineeredsolutions.com\/de\/produkte\/gleichstromschuetze\/weitere-gleichstromschuetzprodukte\/#primaryimage"},"thumbnailUrl":"https:\/\/www.smpengineeredsolutions.com\/wp-content\/uploads\/SMP-Trombetta-4C-500x75.png","datePublished":"2023-01-27T10:28:14+00:00","dateModified":"2024-10-16T17:06:00+00:00","description":"Entdecken Sie unsere zus\u00e4tzlichen DC-Sch\u00fctze - dazu geh\u00f6ren unsere Halbleiterrelais, B\u00e4ren, 200A Batterie-Trennschalter mit Selbsthaltung und 13A Halbleiterrelais.","breadcrumb":{"@id":"https:\/\/www.smpengineeredsolutions.com\/de\/produkte\/gleichstromschuetze\/weitere-gleichstromschuetzprodukte\/#breadcrumb"},"inLanguage":"de","potentialAction":[{"@type":"ReadAction","target":["https:\/\/www.smpengineeredsolutions.com\/de\/produkte\/gleichstromschuetze\/weitere-gleichstromschuetzprodukte\/"]}]},{"@type":"ImageObject","inLanguage":"de","@id":"https:\/\/www.smpengineeredsolutions.com\/de\/produkte\/gleichstromschuetze\/weitere-gleichstromschuetzprodukte\/#primaryimage","url":"https:\/\/www.smpengineeredsolutions.com\/wp-content\/uploads\/SMP-Trombetta-4C-500x75.png","contentUrl":"https:\/\/www.smpengineeredsolutions.com\/wp-content\/uploads\/SMP-Trombetta-4C-500x75.png"},{"@type":"BreadcrumbList","@id":"https:\/\/www.smpengineeredsolutions.com\/de\/produkte\/gleichstromschuetze\/weitere-gleichstromschuetzprodukte\/#breadcrumb","itemListElement":[{"@type":"ListItem","position":1,"name":"Home","item":"https:\/\/www.smpengineeredsolutions.com\/de\/"},{"@type":"ListItem","position":2,"name":"Produkte","item":"https:\/\/www.smpengineeredsolutions.com\/de\/produkte\/"},{"@type":"ListItem","position":3,"name":"Gleichstromsch\u00fctze","item":"https:\/\/www.smpengineeredsolutions.com\/de\/produkte\/gleichstromschuetze\/"},{"@type":"ListItem","position":4,"name":"Weitere Gleichstromsch\u00fctzprodukte"}]},{"@type":"WebSite","@id":"https:\/\/www.smpengineeredsolutions.com\/de\/#website","url":"https:\/\/www.smpengineeredsolutions.com\/de\/","name":"Standard Motor Products, Inc.","description":"","publisher":{"@id":"https:\/\/www.smpengineeredsolutions.com\/de\/#organization"},"potentialAction":[{"@type":"SearchAction","target":{"@type":"EntryPoint","urlTemplate":"https:\/\/www.smpengineeredsolutions.com\/de\/?s={search_term_string}"},"query-input":{"@type":"PropertyValueSpecification","valueRequired":true,"valueName":"search_term_string"}}],"inLanguage":"de"},{"@type":"Organization","@id":"https:\/\/www.smpengineeredsolutions.com\/de\/#organization","name":"SMP\u00ae Engineered Solutions","url":"https:\/\/www.smpengineeredsolutions.com\/de\/","logo":{"@type":"ImageObject","inLanguage":"de","@id":"https:\/\/www.smpengineeredsolutions.com\/de\/#\/schema\/logo\/image\/","url":"https:\/\/www.a.smpengineeredsolutions.com\/wp-content\/uploads\/smp-logo.png","contentUrl":"https:\/\/www.a.smpengineeredsolutions.com\/wp-content\/uploads\/smp-logo.png","width":264,"height":117,"caption":"SMP\u00ae Engineered Solutions"},"image":{"@id":"https:\/\/www.smpengineeredsolutions.com\/de\/#\/schema\/logo\/image\/"},"sameAs":["https:\/\/www.youtube.com\/@StandardMotorProductsInc","https:\/\/www.linkedin.com\/company\/standard-motor-products"]}]}},"_links":{"self":[{"href":"https:\/\/www.smpengineeredsolutions.com\/de\/wp-json\/wp\/v2\/pages\/4700","targetHints":{"allow":["GET"]}}],"collection":[{"href":"https:\/\/www.smpengineeredsolutions.com\/de\/wp-json\/wp\/v2\/pages"}],"about":[{"href":"https:\/\/www.smpengineeredsolutions.com\/de\/wp-json\/wp\/v2\/types\/page"}],"author":[{"embeddable":true,"href":"https:\/\/www.smpengineeredsolutions.com\/de\/wp-json\/wp\/v2\/users\/27"}],"replies":[{"embeddable":true,"href":"https:\/\/www.smpengineeredsolutions.com\/de\/wp-json\/wp\/v2\/comments?post=4700"}],"version-history":[{"count":2,"href":"https:\/\/www.smpengineeredsolutions.com\/de\/wp-json\/wp\/v2\/pages\/4700\/revisions"}],"predecessor-version":[{"id":7321,"href":"https:\/\/www.smpengineeredsolutions.com\/de\/wp-json\/wp\/v2\/pages\/4700\/revisions\/7321"}],"up":[{"embeddable":true,"href":"https:\/\/www.smpengineeredsolutions.com\/de\/wp-json\/wp\/v2\/pages\/4692"}],"wp:attachment":[{"href":"https:\/\/www.smpengineeredsolutions.com\/de\/wp-json\/wp\/v2\/media?parent=4700"}],"curies":[{"name":"wp","href":"https:\/\/api.w.org\/{rel}","templated":true}]}}