{"id":4699,"date":"2023-01-27T10:43:30","date_gmt":"2023-01-27T15:43:30","guid":{"rendered":"https:\/\/smpengineeredsolutions.com\/?page_id=4699"},"modified":"2024-08-14T12:52:50","modified_gmt":"2024-08-14T16:52:50","slug":"halbleiterrelais-baureihe","status":"publish","type":"page","link":"https:\/\/www.smpengineeredsolutions.com\/de\/produkte\/gleichstromschuetze\/weitere-gleichstromschuetzprodukte\/halbleiterrelais-baureihe\/","title":{"rendered":"Halbleiterrelais-Baureihe"},"content":{"rendered":"<div class=\"feature-img-right\"><a class=\"lightbox\" href=\"\/wp-content\/uploads\/SolidStateRelay_125_amp_4002.png\"><img decoding=\"async\" title=\"Halbleiterrelais-Baureihe\" src=\"\/wp-content\/uploads\/SolidStateRelay_125_amp_4002.png\" alt=\"Halbleiterrelais-Baureihe\" width=\"400\" \/><\/a><\/div>\n<p>&nbsp;<\/p>\n<p>Das 125-Ampere-Halbleiterrelais von Trombetta hat keine beweglichen Teile, die verschlei\u00dfen k\u00f6nnten, und bietet eine l\u00e4ngere Lebensdauer als alle anderen Sch\u00fctze seiner Klasse. Das Ger\u00e4t kann in rauen Umgebungen eingesetzt werden; es widersteht Vibrationen, Feuchtigkeit, gro\u00dfen Betriebstemperaturbereichen und Verschmutzung. Die langj\u00e4hrige Erfahrung von Trombetta in Bezug auf die Integration von Leistungsschaltkomponenten in unsere Produkte und unsere F\u00e4higkeit, diese ordnungsgem\u00e4\u00df zu steuern, verschaffen Ihnen Seelenruhe.<\/p>\n","protected":false},"excerpt":{"rendered":"<p>&nbsp; Das 125-Ampere-Halbleiterrelais von Trombetta hat keine beweglichen Teile, die verschlei\u00dfen k\u00f6nnten, und bietet eine l\u00e4ngere Lebensdauer als alle anderen Sch\u00fctze seiner Klasse. Das Ger\u00e4t kann in rauen Umgebungen eingesetzt werden; es widersteht Vibrationen, Feuchtigkeit, gro\u00dfen Betriebstemperaturbereichen und Verschmutzung. Die langj\u00e4hrige Erfahrung von Trombetta in Bezug auf die Integration von Leistungsschaltkomponenten in unsere Produkte und&#8230; [&#8230;]<\/p>\n<p><a class=\"btn btn-secondary understrap-read-more-link\" href=\"https:\/\/www.smpengineeredsolutions.com\/de\/produkte\/gleichstromschuetze\/weitere-gleichstromschuetzprodukte\/halbleiterrelais-baureihe\/\">Weiterlesen&#8230;<\/a><\/p>\n","protected":false},"author":27,"featured_media":0,"parent":4700,"menu_order":0,"comment_status":"closed","ping_status":"closed","template":"page-templates\/destination-content.php","meta":{"_acf_changed":false,"inline_featured_image":false,"footnotes":""},"class_list":["post-4699","page","type-page","status-publish","hentry"],"featured_image_src":null,"acf":[],"yoast_head":"<!-- This site is optimized with the Yoast SEO Premium plugin v27.4 (Yoast SEO v27.4) - https:\/\/yoast.com\/product\/yoast-seo-premium-wordpress\/ -->\n<title>Halbleiterrelaisfamilie | DC-Sch\u00fctze | Trombetta<\/title>\n<meta name=\"description\" content=\"Entdecken Sie das 125-Ampere-Solid-State-Relais von Trombetta. Es bietet eine l\u00e4ngere Lebensdauer als jedes andere Sch\u00fctz in seiner Klasse.\" \/>\n<meta name=\"robots\" content=\"index, follow, max-snippet:-1, max-image-preview:large, max-video-preview:-1\" \/>\n<link rel=\"canonical\" href=\"https:\/\/www.smpengineeredsolutions.com\/de\/produkte\/gleichstromschuetze\/weitere-gleichstromschuetzprodukte\/halbleiterrelais-baureihe\/\" \/>\n<meta property=\"og:locale\" content=\"de_DE\" \/>\n<meta property=\"og:type\" content=\"article\" \/>\n<meta property=\"og:title\" content=\"Halbleiterrelais-Baureihe\" \/>\n<meta property=\"og:description\" content=\"Entdecken Sie das 125-Ampere-Solid-State-Relais von Trombetta. Es bietet eine l\u00e4ngere Lebensdauer als jedes andere Sch\u00fctz in seiner Klasse.\" \/>\n<meta property=\"og:url\" content=\"https:\/\/www.smpengineeredsolutions.com\/de\/produkte\/gleichstromschuetze\/weitere-gleichstromschuetzprodukte\/halbleiterrelais-baureihe\/\" \/>\n<meta property=\"og:site_name\" content=\"Standard Motor Products, Inc.\" \/>\n<meta property=\"article:modified_time\" content=\"2024-08-14T16:52:50+00:00\" \/>\n<meta name=\"twitter:label1\" content=\"Gesch\u00e4tzte Lesezeit\" \/>\n\t<meta name=\"twitter:data1\" content=\"1\u00a0Minute\" \/>\n<script type=\"application\/ld+json\" class=\"yoast-schema-graph\">{\"@context\":\"https:\\\/\\\/schema.org\",\"@graph\":[{\"@type\":\"WebPage\",\"@id\":\"https:\\\/\\\/www.smpengineeredsolutions.com\\\/de\\\/produkte\\\/gleichstromschuetze\\\/weitere-gleichstromschuetzprodukte\\\/halbleiterrelais-baureihe\\\/\",\"url\":\"https:\\\/\\\/www.smpengineeredsolutions.com\\\/de\\\/produkte\\\/gleichstromschuetze\\\/weitere-gleichstromschuetzprodukte\\\/halbleiterrelais-baureihe\\\/\",\"name\":\"Halbleiterrelaisfamilie | DC-Sch\u00fctze | Trombetta\",\"isPartOf\":{\"@id\":\"https:\\\/\\\/www._tcp.smpengineeredsolutions.com\\\/#website\"},\"datePublished\":\"2023-01-27T15:43:30+00:00\",\"dateModified\":\"2024-08-14T16:52:50+00:00\",\"description\":\"Entdecken Sie das 125-Ampere-Solid-State-Relais von Trombetta. Es bietet eine l\u00e4ngere Lebensdauer als jedes andere Sch\u00fctz in seiner Klasse.\",\"breadcrumb\":{\"@id\":\"https:\\\/\\\/www.smpengineeredsolutions.com\\\/de\\\/produkte\\\/gleichstromschuetze\\\/weitere-gleichstromschuetzprodukte\\\/halbleiterrelais-baureihe\\\/#breadcrumb\"},\"inLanguage\":\"de\",\"potentialAction\":[{\"@type\":\"ReadAction\",\"target\":[\"https:\\\/\\\/www.smpengineeredsolutions.com\\\/de\\\/produkte\\\/gleichstromschuetze\\\/weitere-gleichstromschuetzprodukte\\\/halbleiterrelais-baureihe\\\/\"]}]},{\"@type\":\"BreadcrumbList\",\"@id\":\"https:\\\/\\\/www.smpengineeredsolutions.com\\\/de\\\/produkte\\\/gleichstromschuetze\\\/weitere-gleichstromschuetzprodukte\\\/halbleiterrelais-baureihe\\\/#breadcrumb\",\"itemListElement\":[{\"@type\":\"ListItem\",\"position\":1,\"name\":\"Home\",\"item\":\"https:\\\/\\\/www.smpengineeredsolutions.com\\\/de\\\/\"},{\"@type\":\"ListItem\",\"position\":2,\"name\":\"Produkte\",\"item\":\"https:\\\/\\\/www.smpengineeredsolutions.com\\\/de\\\/produkte\\\/\"},{\"@type\":\"ListItem\",\"position\":3,\"name\":\"Gleichstromsch\u00fctze\",\"item\":\"https:\\\/\\\/www.sitemaps.smpengineeredsolutions.com\\\/de\\\/produkte\\\/gleichstromschuetze\\\/\"},{\"@type\":\"ListItem\",\"position\":4,\"name\":\"Weitere Gleichstromsch\u00fctzprodukte\",\"item\":\"https:\\\/\\\/www.sitemaps.smpengineeredsolutions.com\\\/de\\\/produkte\\\/gleichstromschuetze\\\/weitere-gleichstromschuetzprodukte\\\/\"},{\"@type\":\"ListItem\",\"position\":5,\"name\":\"Halbleiterrelais-Baureihe\"}]},{\"@type\":\"WebSite\",\"@id\":\"https:\\\/\\\/www._tcp.smpengineeredsolutions.com\\\/#website\",\"url\":\"https:\\\/\\\/www._tcp.smpengineeredsolutions.com\\\/\",\"name\":\"Standard Motor Products, Inc.\",\"description\":\"\",\"publisher\":{\"@id\":\"https:\\\/\\\/www._tcp.smpengineeredsolutions.com\\\/#organization\"},\"potentialAction\":[{\"@type\":\"SearchAction\",\"target\":{\"@type\":\"EntryPoint\",\"urlTemplate\":\"https:\\\/\\\/www._tcp.smpengineeredsolutions.com\\\/?s={search_term_string}\"},\"query-input\":{\"@type\":\"PropertyValueSpecification\",\"valueRequired\":true,\"valueName\":\"search_term_string\"}}],\"inLanguage\":\"de\"},{\"@type\":\"Organization\",\"@id\":\"https:\\\/\\\/www._tcp.smpengineeredsolutions.com\\\/#organization\",\"name\":\"SMP\u00ae Engineered Solutions\",\"url\":\"https:\\\/\\\/www._tcp.smpengineeredsolutions.com\\\/\",\"logo\":{\"@type\":\"ImageObject\",\"inLanguage\":\"de\",\"@id\":\"https:\\\/\\\/www._tcp.smpengineeredsolutions.com\\\/#\\\/schema\\\/logo\\\/image\\\/\",\"url\":\"https:\\\/\\\/www.a.smpengineeredsolutions.com\\\/wp-content\\\/uploads\\\/smp-logo.png\",\"contentUrl\":\"https:\\\/\\\/www.a.smpengineeredsolutions.com\\\/wp-content\\\/uploads\\\/smp-logo.png\",\"width\":264,\"height\":117,\"caption\":\"SMP\u00ae Engineered Solutions\"},\"image\":{\"@id\":\"https:\\\/\\\/www._tcp.smpengineeredsolutions.com\\\/#\\\/schema\\\/logo\\\/image\\\/\"},\"sameAs\":[\"https:\\\/\\\/www.youtube.com\\\/@StandardMotorProductsInc\",\"https:\\\/\\\/www.linkedin.com\\\/company\\\/standard-motor-products\"]}]}<\/script>\n<!-- \/ Yoast SEO Premium plugin. -->","yoast_head_json":{"title":"Halbleiterrelaisfamilie | DC-Sch\u00fctze | Trombetta","description":"Entdecken Sie das 125-Ampere-Solid-State-Relais von Trombetta. Es bietet eine l\u00e4ngere Lebensdauer als jedes andere Sch\u00fctz in seiner Klasse.","robots":{"index":"index","follow":"follow","max-snippet":"max-snippet:-1","max-image-preview":"max-image-preview:large","max-video-preview":"max-video-preview:-1"},"canonical":"https:\/\/www.smpengineeredsolutions.com\/de\/produkte\/gleichstromschuetze\/weitere-gleichstromschuetzprodukte\/halbleiterrelais-baureihe\/","og_locale":"de_DE","og_type":"article","og_title":"Halbleiterrelais-Baureihe","og_description":"Entdecken Sie das 125-Ampere-Solid-State-Relais von Trombetta. Es bietet eine l\u00e4ngere Lebensdauer als jedes andere Sch\u00fctz in seiner Klasse.","og_url":"https:\/\/www.smpengineeredsolutions.com\/de\/produkte\/gleichstromschuetze\/weitere-gleichstromschuetzprodukte\/halbleiterrelais-baureihe\/","og_site_name":"Standard Motor Products, Inc.","article_modified_time":"2024-08-14T16:52:50+00:00","twitter_misc":{"Gesch\u00e4tzte Lesezeit":"1\u00a0Minute"},"schema":{"@context":"https:\/\/schema.org","@graph":[{"@type":"WebPage","@id":"https:\/\/www.smpengineeredsolutions.com\/de\/produkte\/gleichstromschuetze\/weitere-gleichstromschuetzprodukte\/halbleiterrelais-baureihe\/","url":"https:\/\/www.smpengineeredsolutions.com\/de\/produkte\/gleichstromschuetze\/weitere-gleichstromschuetzprodukte\/halbleiterrelais-baureihe\/","name":"Halbleiterrelaisfamilie | DC-Sch\u00fctze | Trombetta","isPartOf":{"@id":"https:\/\/www._tcp.smpengineeredsolutions.com\/#website"},"datePublished":"2023-01-27T15:43:30+00:00","dateModified":"2024-08-14T16:52:50+00:00","description":"Entdecken Sie das 125-Ampere-Solid-State-Relais von Trombetta. Es bietet eine l\u00e4ngere Lebensdauer als jedes andere Sch\u00fctz in seiner Klasse.","breadcrumb":{"@id":"https:\/\/www.smpengineeredsolutions.com\/de\/produkte\/gleichstromschuetze\/weitere-gleichstromschuetzprodukte\/halbleiterrelais-baureihe\/#breadcrumb"},"inLanguage":"de","potentialAction":[{"@type":"ReadAction","target":["https:\/\/www.smpengineeredsolutions.com\/de\/produkte\/gleichstromschuetze\/weitere-gleichstromschuetzprodukte\/halbleiterrelais-baureihe\/"]}]},{"@type":"BreadcrumbList","@id":"https:\/\/www.smpengineeredsolutions.com\/de\/produkte\/gleichstromschuetze\/weitere-gleichstromschuetzprodukte\/halbleiterrelais-baureihe\/#breadcrumb","itemListElement":[{"@type":"ListItem","position":1,"name":"Home","item":"https:\/\/www.smpengineeredsolutions.com\/de\/"},{"@type":"ListItem","position":2,"name":"Produkte","item":"https:\/\/www.smpengineeredsolutions.com\/de\/produkte\/"},{"@type":"ListItem","position":3,"name":"Gleichstromsch\u00fctze","item":"https:\/\/www.sitemaps.smpengineeredsolutions.com\/de\/produkte\/gleichstromschuetze\/"},{"@type":"ListItem","position":4,"name":"Weitere Gleichstromsch\u00fctzprodukte","item":"https:\/\/www.sitemaps.smpengineeredsolutions.com\/de\/produkte\/gleichstromschuetze\/weitere-gleichstromschuetzprodukte\/"},{"@type":"ListItem","position":5,"name":"Halbleiterrelais-Baureihe"}]},{"@type":"WebSite","@id":"https:\/\/www._tcp.smpengineeredsolutions.com\/#website","url":"https:\/\/www._tcp.smpengineeredsolutions.com\/","name":"Standard Motor Products, Inc.","description":"","publisher":{"@id":"https:\/\/www._tcp.smpengineeredsolutions.com\/#organization"},"potentialAction":[{"@type":"SearchAction","target":{"@type":"EntryPoint","urlTemplate":"https:\/\/www._tcp.smpengineeredsolutions.com\/?s={search_term_string}"},"query-input":{"@type":"PropertyValueSpecification","valueRequired":true,"valueName":"search_term_string"}}],"inLanguage":"de"},{"@type":"Organization","@id":"https:\/\/www._tcp.smpengineeredsolutions.com\/#organization","name":"SMP\u00ae Engineered Solutions","url":"https:\/\/www._tcp.smpengineeredsolutions.com\/","logo":{"@type":"ImageObject","inLanguage":"de","@id":"https:\/\/www._tcp.smpengineeredsolutions.com\/#\/schema\/logo\/image\/","url":"https:\/\/www.a.smpengineeredsolutions.com\/wp-content\/uploads\/smp-logo.png","contentUrl":"https:\/\/www.a.smpengineeredsolutions.com\/wp-content\/uploads\/smp-logo.png","width":264,"height":117,"caption":"SMP\u00ae Engineered Solutions"},"image":{"@id":"https:\/\/www._tcp.smpengineeredsolutions.com\/#\/schema\/logo\/image\/"},"sameAs":["https:\/\/www.youtube.com\/@StandardMotorProductsInc","https:\/\/www.linkedin.com\/company\/standard-motor-products"]}]}},"_links":{"self":[{"href":"https:\/\/www.smpengineeredsolutions.com\/de\/wp-json\/wp\/v2\/pages\/4699","targetHints":{"allow":["GET"]}}],"collection":[{"href":"https:\/\/www.smpengineeredsolutions.com\/de\/wp-json\/wp\/v2\/pages"}],"about":[{"href":"https:\/\/www.smpengineeredsolutions.com\/de\/wp-json\/wp\/v2\/types\/page"}],"author":[{"embeddable":true,"href":"https:\/\/www.smpengineeredsolutions.com\/de\/wp-json\/wp\/v2\/users\/27"}],"replies":[{"embeddable":true,"href":"https:\/\/www.smpengineeredsolutions.com\/de\/wp-json\/wp\/v2\/comments?post=4699"}],"version-history":[{"count":1,"href":"https:\/\/www.smpengineeredsolutions.com\/de\/wp-json\/wp\/v2\/pages\/4699\/revisions"}],"predecessor-version":[{"id":7124,"href":"https:\/\/www.smpengineeredsolutions.com\/de\/wp-json\/wp\/v2\/pages\/4699\/revisions\/7124"}],"up":[{"embeddable":true,"href":"https:\/\/www.smpengineeredsolutions.com\/de\/wp-json\/wp\/v2\/pages\/4700"}],"wp:attachment":[{"href":"https:\/\/www.smpengineeredsolutions.com\/de\/wp-json\/wp\/v2\/media?parent=4699"}],"curies":[{"name":"wp","href":"https:\/\/api.w.org\/{rel}","templated":true}]}}