{"id":4698,"date":"2023-01-09T14:31:16","date_gmt":"2023-01-09T19:31:16","guid":{"rendered":"https:\/\/smpengineeredsolutions.com\/?page_id=4698"},"modified":"2023-09-11T11:08:47","modified_gmt":"2023-09-11T11:08:47","slug":"polaritaetsumkehr-baureihe","status":"publish","type":"page","link":"https:\/\/www.smpengineeredsolutions.com\/de\/produkte\/polaritaetsumkehr-baureihe\/","title":{"rendered":"Polarit\u00e4tsumkehr-Baureihe"},"content":{"rendered":"<div class=\"feature-img-right\"><a class=\"lightbox\" href=\"\/wp-content\/uploads\/reversepolarity-1.png\"><img decoding=\"async\" title=\"Polarit\u00e4tsumkehr-Baureihe\" src=\"\/wp-content\/uploads\/reversepolarity-1.png\" alt=\"Polarit\u00e4tsumkehr-Baureihe\" width=\"300\" \/><\/a><\/div>\n<h2><img loading=\"lazy\" decoding=\"async\" class=\"size-medium wp-image-3074\" title=\"SMP Trombetta Logo\" src=\"https:\/\/www.smpengineeredsolutions.com\/wp-content\/uploads\/SMP-Trombetta-4C-500x75.png\" alt=\"SMP Trombetta Logo\" width=\"500\" height=\"75\" srcset=\"https:\/\/www.smpengineeredsolutions.com\/wp-content\/uploads\/SMP-Trombetta-4C-500x75.png 500w, https:\/\/www.smpengineeredsolutions.com\/wp-content\/uploads\/SMP-Trombetta-4C-1024x154.png 1024w, https:\/\/www.smpengineeredsolutions.com\/wp-content\/uploads\/SMP-Trombetta-4C-768x116.png 768w, https:\/\/www.smpengineeredsolutions.com\/wp-content\/uploads\/SMP-Trombetta-4C-1536x231.png 1536w, https:\/\/www.smpengineeredsolutions.com\/wp-content\/uploads\/SMP-Trombetta-4C-2048x309.png 2048w\" sizes=\"auto, (max-width: 500px) 100vw, 500px\" \/><\/h2>\n<p>&nbsp;<\/p>\n<p>Gleichstromsch\u00fctze mit Polarit\u00e4tsumkehr stellen eine kosteng\u00fcnstige und einfache L\u00f6sung f\u00fcr die Polarit\u00e4tsumkehr von Permanentmagnet-Gleichstrommotoren dar. Durch die Integration von zwei Gleichstromsch\u00fctzen in ein einziges Geh\u00e4use hat SMP Trombetta viele kostspielige Materialien eingespart und die Endmontage des Produkts sowie den Kabelanschluss rationalisiert. Dadurch verk\u00fcrzt sich die Montagezeit, das Problempotenzial sinkt und die Leistung wird zuverl\u00e4ssiger.<\/p>\n<p>&nbsp;<\/p>\n<h2>Umfassende, saubere, effiziente Ergebnisse<\/h2>\n<p>Das Polarit\u00e4tsumkehrsch\u00fctz kann an spezifische Motoren und Lastanforderungen angepasst werden. Das Polarit\u00e4tsumkehrsch\u00fctz ist perfekt f\u00fcr alle Anwendungen, die eine Bewegungsumkehr erfordern:<\/p>\n<ul>\n<li>LKW-Winden<\/li>\n<li>Abdeckplanensysteme<\/li>\n<li>Bootslifte<\/li>\n<li>Wohnmobil-Ausfahrsysteme<\/li>\n<li>Wohnmobil-Nivelliersysteme<\/li>\n<\/ul>\n","protected":false},"excerpt":{"rendered":"<p>&nbsp; Gleichstromsch\u00fctze mit Polarit\u00e4tsumkehr stellen eine kosteng\u00fcnstige und einfache L\u00f6sung f\u00fcr die Polarit\u00e4tsumkehr von Permanentmagnet-Gleichstrommotoren dar. Durch die Integration von zwei Gleichstromsch\u00fctzen in ein einziges Geh\u00e4use hat SMP Trombetta viele kostspielige Materialien eingespart und die Endmontage des Produkts sowie den Kabelanschluss rationalisiert. Dadurch verk\u00fcrzt sich die Montagezeit, das Problempotenzial sinkt und die Leistung wird zuverl\u00e4ssiger&#8230;. [&#8230;]<\/p>\n<p><a class=\"btn btn-secondary understrap-read-more-link\" href=\"https:\/\/www.smpengineeredsolutions.com\/de\/produkte\/polaritaetsumkehr-baureihe\/\">Weiterlesen&#8230;<\/a><\/p>\n","protected":false},"author":27,"featured_media":0,"parent":4643,"menu_order":0,"comment_status":"closed","ping_status":"closed","template":"page-templates\/destination-content.php","meta":{"_acf_changed":false,"inline_featured_image":false,"footnotes":""},"class_list":["post-4698","page","type-page","status-publish","hentry"],"featured_image_src":null,"acf":[],"yoast_head":"<!-- This site is optimized with the Yoast SEO Premium plugin v27.2 (Yoast SEO v27.2) - https:\/\/yoast.com\/product\/yoast-seo-premium-wordpress\/ -->\n<title>Polarit\u00e4tsumkehr-Baureihe - Standard Motor Products, Inc.<\/title>\n<meta name=\"robots\" content=\"index, follow, max-snippet:-1, max-image-preview:large, max-video-preview:-1\" \/>\n<link rel=\"canonical\" href=\"https:\/\/www.smpengineeredsolutions.com\/de\/produkte\/polaritaetsumkehr-baureihe\/\" \/>\n<meta property=\"og:locale\" content=\"de_DE\" \/>\n<meta property=\"og:type\" content=\"article\" \/>\n<meta property=\"og:title\" content=\"Polarit\u00e4tsumkehr-Baureihe\" \/>\n<meta property=\"og:description\" content=\"&nbsp; Gleichstromsch\u00fctze mit Polarit\u00e4tsumkehr stellen eine kosteng\u00fcnstige und einfache L\u00f6sung f\u00fcr die Polarit\u00e4tsumkehr von Permanentmagnet-Gleichstrommotoren dar. Durch die Integration von zwei Gleichstromsch\u00fctzen in ein einziges Geh\u00e4use hat SMP Trombetta viele kostspielige Materialien eingespart und die Endmontage des Produkts sowie den Kabelanschluss rationalisiert. Dadurch verk\u00fcrzt sich die Montagezeit, das Problempotenzial sinkt und die Leistung wird zuverl\u00e4ssiger.... [...]Weiterlesen...\" \/>\n<meta property=\"og:url\" content=\"https:\/\/www.smpengineeredsolutions.com\/de\/produkte\/polaritaetsumkehr-baureihe\/\" \/>\n<meta property=\"og:site_name\" content=\"Standard Motor Products, Inc.\" \/>\n<meta property=\"article:modified_time\" content=\"2023-09-11T11:08:47+00:00\" \/>\n<meta property=\"og:image\" content=\"https:\/\/www.smpengineeredsolutions.com\/wp-content\/uploads\/SMP-Trombetta-4C-500x75.png\" \/>\n<meta name=\"twitter:label1\" content=\"Gesch\u00e4tzte Lesezeit\" \/>\n\t<meta name=\"twitter:data1\" content=\"1\u00a0Minute\" \/>\n<script type=\"application\/ld+json\" class=\"yoast-schema-graph\">{\"@context\":\"https:\/\/schema.org\",\"@graph\":[{\"@type\":\"WebPage\",\"@id\":\"https:\/\/www.smpengineeredsolutions.com\/de\/produkte\/polaritaetsumkehr-baureihe\/\",\"url\":\"https:\/\/www.smpengineeredsolutions.com\/de\/produkte\/polaritaetsumkehr-baureihe\/\",\"name\":\"Polarit\u00e4tsumkehr-Baureihe - Standard Motor Products, Inc.\",\"isPartOf\":{\"@id\":\"https:\/\/www.smpengineeredsolutions.com\/de\/#website\"},\"primaryImageOfPage\":{\"@id\":\"https:\/\/www.smpengineeredsolutions.com\/de\/produkte\/polaritaetsumkehr-baureihe\/#primaryimage\"},\"image\":{\"@id\":\"https:\/\/www.smpengineeredsolutions.com\/de\/produkte\/polaritaetsumkehr-baureihe\/#primaryimage\"},\"thumbnailUrl\":\"https:\/\/www.smpengineeredsolutions.com\/wp-content\/uploads\/SMP-Trombetta-4C-500x75.png\",\"datePublished\":\"2023-01-09T19:31:16+00:00\",\"dateModified\":\"2023-09-11T11:08:47+00:00\",\"breadcrumb\":{\"@id\":\"https:\/\/www.smpengineeredsolutions.com\/de\/produkte\/polaritaetsumkehr-baureihe\/#breadcrumb\"},\"inLanguage\":\"de\",\"potentialAction\":[{\"@type\":\"ReadAction\",\"target\":[\"https:\/\/www.smpengineeredsolutions.com\/de\/produkte\/polaritaetsumkehr-baureihe\/\"]}]},{\"@type\":\"ImageObject\",\"inLanguage\":\"de\",\"@id\":\"https:\/\/www.smpengineeredsolutions.com\/de\/produkte\/polaritaetsumkehr-baureihe\/#primaryimage\",\"url\":\"https:\/\/www.smpengineeredsolutions.com\/wp-content\/uploads\/SMP-Trombetta-4C-500x75.png\",\"contentUrl\":\"https:\/\/www.smpengineeredsolutions.com\/wp-content\/uploads\/SMP-Trombetta-4C-500x75.png\"},{\"@type\":\"BreadcrumbList\",\"@id\":\"https:\/\/www.smpengineeredsolutions.com\/de\/produkte\/polaritaetsumkehr-baureihe\/#breadcrumb\",\"itemListElement\":[{\"@type\":\"ListItem\",\"position\":1,\"name\":\"Home\",\"item\":\"https:\/\/www.smpengineeredsolutions.com\/de\/\"},{\"@type\":\"ListItem\",\"position\":2,\"name\":\"Produkte\",\"item\":\"https:\/\/www.smpengineeredsolutions.com\/de\/produkte\/\"},{\"@type\":\"ListItem\",\"position\":3,\"name\":\"Polarit\u00e4tsumkehr-Baureihe\"}]},{\"@type\":\"WebSite\",\"@id\":\"https:\/\/www.smpengineeredsolutions.com\/de\/#website\",\"url\":\"https:\/\/www.smpengineeredsolutions.com\/de\/\",\"name\":\"Standard Motor Products, Inc.\",\"description\":\"\",\"publisher\":{\"@id\":\"https:\/\/www.smpengineeredsolutions.com\/de\/#organization\"},\"potentialAction\":[{\"@type\":\"SearchAction\",\"target\":{\"@type\":\"EntryPoint\",\"urlTemplate\":\"https:\/\/www.smpengineeredsolutions.com\/de\/?s={search_term_string}\"},\"query-input\":{\"@type\":\"PropertyValueSpecification\",\"valueRequired\":true,\"valueName\":\"search_term_string\"}}],\"inLanguage\":\"de\"},{\"@type\":\"Organization\",\"@id\":\"https:\/\/www.smpengineeredsolutions.com\/de\/#organization\",\"name\":\"SMP\u00ae Engineered Solutions\",\"url\":\"https:\/\/www.smpengineeredsolutions.com\/de\/\",\"logo\":{\"@type\":\"ImageObject\",\"inLanguage\":\"de\",\"@id\":\"https:\/\/www.smpengineeredsolutions.com\/de\/#\/schema\/logo\/image\/\",\"url\":\"https:\/\/www.a.smpengineeredsolutions.com\/wp-content\/uploads\/smp-logo.png\",\"contentUrl\":\"https:\/\/www.a.smpengineeredsolutions.com\/wp-content\/uploads\/smp-logo.png\",\"width\":264,\"height\":117,\"caption\":\"SMP\u00ae Engineered Solutions\"},\"image\":{\"@id\":\"https:\/\/www.smpengineeredsolutions.com\/de\/#\/schema\/logo\/image\/\"},\"sameAs\":[\"https:\/\/www.youtube.com\/@StandardMotorProductsInc\",\"https:\/\/www.linkedin.com\/company\/standard-motor-products\"]}]}<\/script>\n<!-- \/ Yoast SEO Premium plugin. -->","yoast_head_json":{"title":"Polarit\u00e4tsumkehr-Baureihe - Standard Motor Products, Inc.","robots":{"index":"index","follow":"follow","max-snippet":"max-snippet:-1","max-image-preview":"max-image-preview:large","max-video-preview":"max-video-preview:-1"},"canonical":"https:\/\/www.smpengineeredsolutions.com\/de\/produkte\/polaritaetsumkehr-baureihe\/","og_locale":"de_DE","og_type":"article","og_title":"Polarit\u00e4tsumkehr-Baureihe","og_description":"&nbsp; Gleichstromsch\u00fctze mit Polarit\u00e4tsumkehr stellen eine kosteng\u00fcnstige und einfache L\u00f6sung f\u00fcr die Polarit\u00e4tsumkehr von Permanentmagnet-Gleichstrommotoren dar. Durch die Integration von zwei Gleichstromsch\u00fctzen in ein einziges Geh\u00e4use hat SMP Trombetta viele kostspielige Materialien eingespart und die Endmontage des Produkts sowie den Kabelanschluss rationalisiert. Dadurch verk\u00fcrzt sich die Montagezeit, das Problempotenzial sinkt und die Leistung wird zuverl\u00e4ssiger.... [...]Weiterlesen...","og_url":"https:\/\/www.smpengineeredsolutions.com\/de\/produkte\/polaritaetsumkehr-baureihe\/","og_site_name":"Standard Motor Products, Inc.","article_modified_time":"2023-09-11T11:08:47+00:00","og_image":[{"url":"https:\/\/www.smpengineeredsolutions.com\/wp-content\/uploads\/SMP-Trombetta-4C-500x75.png","type":"","width":"","height":""}],"twitter_misc":{"Gesch\u00e4tzte Lesezeit":"1\u00a0Minute"},"schema":{"@context":"https:\/\/schema.org","@graph":[{"@type":"WebPage","@id":"https:\/\/www.smpengineeredsolutions.com\/de\/produkte\/polaritaetsumkehr-baureihe\/","url":"https:\/\/www.smpengineeredsolutions.com\/de\/produkte\/polaritaetsumkehr-baureihe\/","name":"Polarit\u00e4tsumkehr-Baureihe - Standard Motor Products, Inc.","isPartOf":{"@id":"https:\/\/www.smpengineeredsolutions.com\/de\/#website"},"primaryImageOfPage":{"@id":"https:\/\/www.smpengineeredsolutions.com\/de\/produkte\/polaritaetsumkehr-baureihe\/#primaryimage"},"image":{"@id":"https:\/\/www.smpengineeredsolutions.com\/de\/produkte\/polaritaetsumkehr-baureihe\/#primaryimage"},"thumbnailUrl":"https:\/\/www.smpengineeredsolutions.com\/wp-content\/uploads\/SMP-Trombetta-4C-500x75.png","datePublished":"2023-01-09T19:31:16+00:00","dateModified":"2023-09-11T11:08:47+00:00","breadcrumb":{"@id":"https:\/\/www.smpengineeredsolutions.com\/de\/produkte\/polaritaetsumkehr-baureihe\/#breadcrumb"},"inLanguage":"de","potentialAction":[{"@type":"ReadAction","target":["https:\/\/www.smpengineeredsolutions.com\/de\/produkte\/polaritaetsumkehr-baureihe\/"]}]},{"@type":"ImageObject","inLanguage":"de","@id":"https:\/\/www.smpengineeredsolutions.com\/de\/produkte\/polaritaetsumkehr-baureihe\/#primaryimage","url":"https:\/\/www.smpengineeredsolutions.com\/wp-content\/uploads\/SMP-Trombetta-4C-500x75.png","contentUrl":"https:\/\/www.smpengineeredsolutions.com\/wp-content\/uploads\/SMP-Trombetta-4C-500x75.png"},{"@type":"BreadcrumbList","@id":"https:\/\/www.smpengineeredsolutions.com\/de\/produkte\/polaritaetsumkehr-baureihe\/#breadcrumb","itemListElement":[{"@type":"ListItem","position":1,"name":"Home","item":"https:\/\/www.smpengineeredsolutions.com\/de\/"},{"@type":"ListItem","position":2,"name":"Produkte","item":"https:\/\/www.smpengineeredsolutions.com\/de\/produkte\/"},{"@type":"ListItem","position":3,"name":"Polarit\u00e4tsumkehr-Baureihe"}]},{"@type":"WebSite","@id":"https:\/\/www.smpengineeredsolutions.com\/de\/#website","url":"https:\/\/www.smpengineeredsolutions.com\/de\/","name":"Standard Motor Products, Inc.","description":"","publisher":{"@id":"https:\/\/www.smpengineeredsolutions.com\/de\/#organization"},"potentialAction":[{"@type":"SearchAction","target":{"@type":"EntryPoint","urlTemplate":"https:\/\/www.smpengineeredsolutions.com\/de\/?s={search_term_string}"},"query-input":{"@type":"PropertyValueSpecification","valueRequired":true,"valueName":"search_term_string"}}],"inLanguage":"de"},{"@type":"Organization","@id":"https:\/\/www.smpengineeredsolutions.com\/de\/#organization","name":"SMP\u00ae Engineered Solutions","url":"https:\/\/www.smpengineeredsolutions.com\/de\/","logo":{"@type":"ImageObject","inLanguage":"de","@id":"https:\/\/www.smpengineeredsolutions.com\/de\/#\/schema\/logo\/image\/","url":"https:\/\/www.a.smpengineeredsolutions.com\/wp-content\/uploads\/smp-logo.png","contentUrl":"https:\/\/www.a.smpengineeredsolutions.com\/wp-content\/uploads\/smp-logo.png","width":264,"height":117,"caption":"SMP\u00ae Engineered Solutions"},"image":{"@id":"https:\/\/www.smpengineeredsolutions.com\/de\/#\/schema\/logo\/image\/"},"sameAs":["https:\/\/www.youtube.com\/@StandardMotorProductsInc","https:\/\/www.linkedin.com\/company\/standard-motor-products"]}]}},"_links":{"self":[{"href":"https:\/\/www.smpengineeredsolutions.com\/de\/wp-json\/wp\/v2\/pages\/4698","targetHints":{"allow":["GET"]}}],"collection":[{"href":"https:\/\/www.smpengineeredsolutions.com\/de\/wp-json\/wp\/v2\/pages"}],"about":[{"href":"https:\/\/www.smpengineeredsolutions.com\/de\/wp-json\/wp\/v2\/types\/page"}],"author":[{"embeddable":true,"href":"https:\/\/www.smpengineeredsolutions.com\/de\/wp-json\/wp\/v2\/users\/27"}],"replies":[{"embeddable":true,"href":"https:\/\/www.smpengineeredsolutions.com\/de\/wp-json\/wp\/v2\/comments?post=4698"}],"version-history":[{"count":0,"href":"https:\/\/www.smpengineeredsolutions.com\/de\/wp-json\/wp\/v2\/pages\/4698\/revisions"}],"up":[{"embeddable":true,"href":"https:\/\/www.smpengineeredsolutions.com\/de\/wp-json\/wp\/v2\/pages\/4643"}],"wp:attachment":[{"href":"https:\/\/www.smpengineeredsolutions.com\/de\/wp-json\/wp\/v2\/media?parent=4698"}],"curies":[{"name":"wp","href":"https:\/\/api.w.org\/{rel}","templated":true}]}}