{"id":4697,"date":"2023-01-09T14:29:32","date_gmt":"2023-01-09T19:29:32","guid":{"rendered":"https:\/\/smpengineeredsolutions.com\/?page_id=4697"},"modified":"2024-08-14T11:41:16","modified_gmt":"2024-08-14T15:41:16","slug":"schuetze-der-powerseal-baureihe","status":"publish","type":"page","link":"https:\/\/www.smpengineeredsolutions.com\/de\/produkte\/gleichstromschuetze\/schuetze-der-powerseal-baureihe\/","title":{"rendered":"Sch\u00fctze der PowerSeal-Baureihe"},"content":{"rendered":"<div class=\"feature-img-right\"><a class=\"lightbox\" href=\"\/wp-content\/uploads\/powerseal-2.png\"><img decoding=\"async\" title=\"PowerSeal-Baureihe\" src=\"\/wp-content\/uploads\/powerseal-2.png\" alt=\"PowerSeal-Baureihe\" width=\"300\" \/><\/a><\/div>\n<h2><img loading=\"lazy\" decoding=\"async\" class=\"size-medium wp-image-3074\" title=\"SMP Trombetta Logo\" src=\"https:\/\/www.smpengineeredsolutions.com\/wp-content\/uploads\/SMP-Trombetta-4C-500x75.png\" alt=\"SMP Trombetta Logo\" width=\"500\" height=\"75\" srcset=\"https:\/\/www.smpengineeredsolutions.com\/wp-content\/uploads\/SMP-Trombetta-4C-500x75.png 500w, https:\/\/www.smpengineeredsolutions.com\/wp-content\/uploads\/SMP-Trombetta-4C-1024x154.png 1024w, https:\/\/www.smpengineeredsolutions.com\/wp-content\/uploads\/SMP-Trombetta-4C-768x116.png 768w, https:\/\/www.smpengineeredsolutions.com\/wp-content\/uploads\/SMP-Trombetta-4C-1536x231.png 1536w, https:\/\/www.smpengineeredsolutions.com\/wp-content\/uploads\/SMP-Trombetta-4C-2048x309.png 2048w\" sizes=\"auto, (max-width: 500px) 100vw, 500px\" \/><\/h2>\n<p>&nbsp;<\/p>\n<p>Die PowerSeal-Baureihe umfasst die intermittierenden und die Dauerbetriebsversionen dieses Produkts, die jeweils in ihren eigenen separaten Marktbereichen eingesetzt werden. Sowohl die PowerSeals f\u00fcr den intermittierenden als auch f\u00fcr den Dauerbetrieb sind nach RoHS und REACH zertifiziert und frei von Konfliktmineralien.<\/p>\n<h2>Intermittierender Betrieb<\/h2>\n<ul>\n<li>Strombelastbarkeit 150 Ampere, Einschaltstrom 800 Ampere<\/li>\n<li>in 12 oder 24 Volt erh\u00e4ltlich<\/li>\n<\/ul>\n<p>Die Leistung, die Sie f\u00fcr Anwendungen mit hohen Stromst\u00e4rken ben\u00f6tigen, und die abgedichtete Konstruktion geben dem PowerSeal seinen Namen. Die einzigartige Konstruktion des PowerSeal verleiht ihm die n\u00f6tige Langlebigkeit, um auch unter den h\u00e4rtesten Umweltbedingungen eingesetzt werden zu k\u00f6nnen. PowerSeal-Dichtungen f\u00fcr den intermittierenden Betrieb werden f\u00fcr Hydraulikaggregate, Wohnmobile, schwere LKW-Anlasser und Heizgitter sowie f\u00fcr Rasen- und Gartenanwendungen eingesetzt.<\/p>\n<h2>Dauerbetrieb<\/h2>\n<ul>\n<li>Stromst\u00e4rke 150 Ampere, Einschaltstrom 800 Ampere (je nach Spannung und Design)<\/li>\n<li>in 12 Volt, 15 Volt, 24 Volt, 36 Volt und 48 Volt erh\u00e4ltlich<\/li>\n<\/ul>\n<p>Das Dauerbetriebs-PowerSeal ist das erste Sch\u00fctz, das speziell f\u00fcr Elektrofahrzeuge und Anwendungen entwickelt wurde, die eine hohe Widerstandsf\u00e4higkeit gegen raue Umgebungsbedingungen erfordern. Die Umweltdichtung ist das Herzst\u00fcck des optimierten Designs zur Steigerung der Leistung und Senkung der Kosten.<\/p>\n","protected":false},"excerpt":{"rendered":"<p>&nbsp; Die PowerSeal-Baureihe umfasst die intermittierenden und die Dauerbetriebsversionen dieses Produkts, die jeweils in ihren eigenen separaten Marktbereichen eingesetzt werden. Sowohl die PowerSeals f\u00fcr den intermittierenden als auch f\u00fcr den Dauerbetrieb sind nach RoHS und REACH zertifiziert und frei von Konfliktmineralien. Intermittierender Betrieb Strombelastbarkeit 150 Ampere, Einschaltstrom 800 Ampere in 12 oder 24 Volt erh\u00e4ltlich&#8230; [&#8230;]<\/p>\n<p><a class=\"btn btn-secondary understrap-read-more-link\" href=\"https:\/\/www.smpengineeredsolutions.com\/de\/produkte\/gleichstromschuetze\/schuetze-der-powerseal-baureihe\/\">Weiterlesen&#8230;<\/a><\/p>\n","protected":false},"author":27,"featured_media":0,"parent":4692,"menu_order":0,"comment_status":"closed","ping_status":"closed","template":"page-templates\/destination-content.php","meta":{"_acf_changed":false,"inline_featured_image":false,"footnotes":""},"class_list":["post-4697","page","type-page","status-publish","hentry"],"featured_image_src":null,"acf":[],"yoast_head":"<!-- This site is optimized with the Yoast SEO Premium plugin v27.5 (Yoast SEO v27.5) - https:\/\/yoast.com\/product\/yoast-seo-premium-wordpress\/ -->\n<title>PowerSeal-Familie | DC-Sch\u00fctze | Trombetta - Standard Motor Products, Inc.<\/title>\n<meta name=\"description\" content=\"Entdecken Sie unsere Sch\u00fctze der PowerSeal-Familie. Die PowerSeal-Familie umfasst die intermittierende und die Dauerbetriebsversion dieses Produkts. Erfahren Sie mehr!\" \/>\n<meta name=\"robots\" content=\"index, follow, max-snippet:-1, max-image-preview:large, max-video-preview:-1\" \/>\n<link rel=\"canonical\" href=\"https:\/\/www.smpengineeredsolutions.com\/de\/produkte\/gleichstromschuetze\/schuetze-der-powerseal-baureihe\/\" \/>\n<meta property=\"og:locale\" content=\"de_DE\" \/>\n<meta property=\"og:type\" content=\"article\" \/>\n<meta property=\"og:title\" content=\"Sch\u00fctze der PowerSeal-Baureihe\" \/>\n<meta property=\"og:description\" content=\"Entdecken Sie unsere Sch\u00fctze der PowerSeal-Familie. Die PowerSeal-Familie umfasst die intermittierende und die Dauerbetriebsversion dieses Produkts. Erfahren Sie mehr!\" \/>\n<meta property=\"og:url\" content=\"https:\/\/www.smpengineeredsolutions.com\/de\/produkte\/gleichstromschuetze\/schuetze-der-powerseal-baureihe\/\" \/>\n<meta property=\"og:site_name\" content=\"Standard Motor Products, Inc.\" \/>\n<meta property=\"article:modified_time\" content=\"2024-08-14T15:41:16+00:00\" \/>\n<meta property=\"og:image\" content=\"https:\/\/www.smpengineeredsolutions.com\/wp-content\/uploads\/SMP-Trombetta-4C-500x75.png\" \/>\n<meta name=\"twitter:label1\" content=\"Gesch\u00e4tzte Lesezeit\" \/>\n\t<meta name=\"twitter:data1\" content=\"2\u00a0Minuten\" \/>\n<script type=\"application\/ld+json\" class=\"yoast-schema-graph\">{\"@context\":\"https:\\\/\\\/schema.org\",\"@graph\":[{\"@type\":\"WebPage\",\"@id\":\"https:\\\/\\\/www.smpengineeredsolutions.com\\\/de\\\/produkte\\\/gleichstromschuetze\\\/schuetze-der-powerseal-baureihe\\\/\",\"url\":\"https:\\\/\\\/www.smpengineeredsolutions.com\\\/de\\\/produkte\\\/gleichstromschuetze\\\/schuetze-der-powerseal-baureihe\\\/\",\"name\":\"PowerSeal-Familie | DC-Sch\u00fctze | Trombetta - Standard Motor Products, Inc.\",\"isPartOf\":{\"@id\":\"https:\\\/\\\/www.smpengineeredsolutions.com\\\/de\\\/#website\"},\"primaryImageOfPage\":{\"@id\":\"https:\\\/\\\/www.smpengineeredsolutions.com\\\/de\\\/produkte\\\/gleichstromschuetze\\\/schuetze-der-powerseal-baureihe\\\/#primaryimage\"},\"image\":{\"@id\":\"https:\\\/\\\/www.smpengineeredsolutions.com\\\/de\\\/produkte\\\/gleichstromschuetze\\\/schuetze-der-powerseal-baureihe\\\/#primaryimage\"},\"thumbnailUrl\":\"https:\\\/\\\/www.smpengineeredsolutions.com\\\/wp-content\\\/uploads\\\/SMP-Trombetta-4C-500x75.png\",\"datePublished\":\"2023-01-09T19:29:32+00:00\",\"dateModified\":\"2024-08-14T15:41:16+00:00\",\"description\":\"Entdecken Sie unsere Sch\u00fctze der PowerSeal-Familie. Die PowerSeal-Familie umfasst die intermittierende und die Dauerbetriebsversion dieses Produkts. Erfahren Sie mehr!\",\"breadcrumb\":{\"@id\":\"https:\\\/\\\/www.smpengineeredsolutions.com\\\/de\\\/produkte\\\/gleichstromschuetze\\\/schuetze-der-powerseal-baureihe\\\/#breadcrumb\"},\"inLanguage\":\"de\",\"potentialAction\":[{\"@type\":\"ReadAction\",\"target\":[\"https:\\\/\\\/www.smpengineeredsolutions.com\\\/de\\\/produkte\\\/gleichstromschuetze\\\/schuetze-der-powerseal-baureihe\\\/\"]}]},{\"@type\":\"ImageObject\",\"inLanguage\":\"de\",\"@id\":\"https:\\\/\\\/www.smpengineeredsolutions.com\\\/de\\\/produkte\\\/gleichstromschuetze\\\/schuetze-der-powerseal-baureihe\\\/#primaryimage\",\"url\":\"https:\\\/\\\/www.smpengineeredsolutions.com\\\/wp-content\\\/uploads\\\/SMP-Trombetta-4C-500x75.png\",\"contentUrl\":\"https:\\\/\\\/www.smpengineeredsolutions.com\\\/wp-content\\\/uploads\\\/SMP-Trombetta-4C-500x75.png\"},{\"@type\":\"BreadcrumbList\",\"@id\":\"https:\\\/\\\/www.smpengineeredsolutions.com\\\/de\\\/produkte\\\/gleichstromschuetze\\\/schuetze-der-powerseal-baureihe\\\/#breadcrumb\",\"itemListElement\":[{\"@type\":\"ListItem\",\"position\":1,\"name\":\"Home\",\"item\":\"https:\\\/\\\/www.smpengineeredsolutions.com\\\/de\\\/\"},{\"@type\":\"ListItem\",\"position\":2,\"name\":\"Produkte\",\"item\":\"https:\\\/\\\/www.smpengineeredsolutions.com\\\/de\\\/produkte\\\/\"},{\"@type\":\"ListItem\",\"position\":3,\"name\":\"Gleichstromsch\u00fctze\",\"item\":\"https:\\\/\\\/www.c09acdd4-e699-42dd-9234-f3ab3eff54a8.smpengineeredsolutions.com\\\/de\\\/produkte\\\/gleichstromschuetze\\\/\"},{\"@type\":\"ListItem\",\"position\":4,\"name\":\"Sch\u00fctze der PowerSeal-Baureihe\"}]},{\"@type\":\"WebSite\",\"@id\":\"https:\\\/\\\/www.smpengineeredsolutions.com\\\/de\\\/#website\",\"url\":\"https:\\\/\\\/www.smpengineeredsolutions.com\\\/de\\\/\",\"name\":\"Standard Motor Products, Inc.\",\"description\":\"\",\"publisher\":{\"@id\":\"https:\\\/\\\/www.smpengineeredsolutions.com\\\/de\\\/#organization\"},\"potentialAction\":[{\"@type\":\"SearchAction\",\"target\":{\"@type\":\"EntryPoint\",\"urlTemplate\":\"https:\\\/\\\/www.smpengineeredsolutions.com\\\/de\\\/?s={search_term_string}\"},\"query-input\":{\"@type\":\"PropertyValueSpecification\",\"valueRequired\":true,\"valueName\":\"search_term_string\"}}],\"inLanguage\":\"de\"},{\"@type\":\"Organization\",\"@id\":\"https:\\\/\\\/www.smpengineeredsolutions.com\\\/de\\\/#organization\",\"name\":\"SMP\u00ae Engineered Solutions\",\"url\":\"https:\\\/\\\/www.smpengineeredsolutions.com\\\/de\\\/\",\"logo\":{\"@type\":\"ImageObject\",\"inLanguage\":\"de\",\"@id\":\"https:\\\/\\\/www.smpengineeredsolutions.com\\\/de\\\/#\\\/schema\\\/logo\\\/image\\\/\",\"url\":\"https:\\\/\\\/www.a.smpengineeredsolutions.com\\\/wp-content\\\/uploads\\\/smp-logo.png\",\"contentUrl\":\"https:\\\/\\\/www.a.smpengineeredsolutions.com\\\/wp-content\\\/uploads\\\/smp-logo.png\",\"width\":264,\"height\":117,\"caption\":\"SMP\u00ae Engineered Solutions\"},\"image\":{\"@id\":\"https:\\\/\\\/www.smpengineeredsolutions.com\\\/de\\\/#\\\/schema\\\/logo\\\/image\\\/\"},\"sameAs\":[\"https:\\\/\\\/www.youtube.com\\\/@StandardMotorProductsInc\",\"https:\\\/\\\/www.linkedin.com\\\/company\\\/standard-motor-products\"]}]}<\/script>\n<!-- \/ Yoast SEO Premium plugin. -->","yoast_head_json":{"title":"PowerSeal-Familie | DC-Sch\u00fctze | Trombetta - Standard Motor Products, Inc.","description":"Entdecken Sie unsere Sch\u00fctze der PowerSeal-Familie. Die PowerSeal-Familie umfasst die intermittierende und die Dauerbetriebsversion dieses Produkts. Erfahren Sie mehr!","robots":{"index":"index","follow":"follow","max-snippet":"max-snippet:-1","max-image-preview":"max-image-preview:large","max-video-preview":"max-video-preview:-1"},"canonical":"https:\/\/www.smpengineeredsolutions.com\/de\/produkte\/gleichstromschuetze\/schuetze-der-powerseal-baureihe\/","og_locale":"de_DE","og_type":"article","og_title":"Sch\u00fctze der PowerSeal-Baureihe","og_description":"Entdecken Sie unsere Sch\u00fctze der PowerSeal-Familie. Die PowerSeal-Familie umfasst die intermittierende und die Dauerbetriebsversion dieses Produkts. Erfahren Sie mehr!","og_url":"https:\/\/www.smpengineeredsolutions.com\/de\/produkte\/gleichstromschuetze\/schuetze-der-powerseal-baureihe\/","og_site_name":"Standard Motor Products, Inc.","article_modified_time":"2024-08-14T15:41:16+00:00","og_image":[{"url":"https:\/\/www.smpengineeredsolutions.com\/wp-content\/uploads\/SMP-Trombetta-4C-500x75.png","type":"","width":"","height":""}],"twitter_misc":{"Gesch\u00e4tzte Lesezeit":"2\u00a0Minuten"},"schema":{"@context":"https:\/\/schema.org","@graph":[{"@type":"WebPage","@id":"https:\/\/www.smpengineeredsolutions.com\/de\/produkte\/gleichstromschuetze\/schuetze-der-powerseal-baureihe\/","url":"https:\/\/www.smpengineeredsolutions.com\/de\/produkte\/gleichstromschuetze\/schuetze-der-powerseal-baureihe\/","name":"PowerSeal-Familie | DC-Sch\u00fctze | Trombetta - Standard Motor Products, Inc.","isPartOf":{"@id":"https:\/\/www.smpengineeredsolutions.com\/de\/#website"},"primaryImageOfPage":{"@id":"https:\/\/www.smpengineeredsolutions.com\/de\/produkte\/gleichstromschuetze\/schuetze-der-powerseal-baureihe\/#primaryimage"},"image":{"@id":"https:\/\/www.smpengineeredsolutions.com\/de\/produkte\/gleichstromschuetze\/schuetze-der-powerseal-baureihe\/#primaryimage"},"thumbnailUrl":"https:\/\/www.smpengineeredsolutions.com\/wp-content\/uploads\/SMP-Trombetta-4C-500x75.png","datePublished":"2023-01-09T19:29:32+00:00","dateModified":"2024-08-14T15:41:16+00:00","description":"Entdecken Sie unsere Sch\u00fctze der PowerSeal-Familie. Die PowerSeal-Familie umfasst die intermittierende und die Dauerbetriebsversion dieses Produkts. Erfahren Sie mehr!","breadcrumb":{"@id":"https:\/\/www.smpengineeredsolutions.com\/de\/produkte\/gleichstromschuetze\/schuetze-der-powerseal-baureihe\/#breadcrumb"},"inLanguage":"de","potentialAction":[{"@type":"ReadAction","target":["https:\/\/www.smpengineeredsolutions.com\/de\/produkte\/gleichstromschuetze\/schuetze-der-powerseal-baureihe\/"]}]},{"@type":"ImageObject","inLanguage":"de","@id":"https:\/\/www.smpengineeredsolutions.com\/de\/produkte\/gleichstromschuetze\/schuetze-der-powerseal-baureihe\/#primaryimage","url":"https:\/\/www.smpengineeredsolutions.com\/wp-content\/uploads\/SMP-Trombetta-4C-500x75.png","contentUrl":"https:\/\/www.smpengineeredsolutions.com\/wp-content\/uploads\/SMP-Trombetta-4C-500x75.png"},{"@type":"BreadcrumbList","@id":"https:\/\/www.smpengineeredsolutions.com\/de\/produkte\/gleichstromschuetze\/schuetze-der-powerseal-baureihe\/#breadcrumb","itemListElement":[{"@type":"ListItem","position":1,"name":"Home","item":"https:\/\/www.smpengineeredsolutions.com\/de\/"},{"@type":"ListItem","position":2,"name":"Produkte","item":"https:\/\/www.smpengineeredsolutions.com\/de\/produkte\/"},{"@type":"ListItem","position":3,"name":"Gleichstromsch\u00fctze","item":"https:\/\/www.c09acdd4-e699-42dd-9234-f3ab3eff54a8.smpengineeredsolutions.com\/de\/produkte\/gleichstromschuetze\/"},{"@type":"ListItem","position":4,"name":"Sch\u00fctze der PowerSeal-Baureihe"}]},{"@type":"WebSite","@id":"https:\/\/www.smpengineeredsolutions.com\/de\/#website","url":"https:\/\/www.smpengineeredsolutions.com\/de\/","name":"Standard Motor Products, Inc.","description":"","publisher":{"@id":"https:\/\/www.smpengineeredsolutions.com\/de\/#organization"},"potentialAction":[{"@type":"SearchAction","target":{"@type":"EntryPoint","urlTemplate":"https:\/\/www.smpengineeredsolutions.com\/de\/?s={search_term_string}"},"query-input":{"@type":"PropertyValueSpecification","valueRequired":true,"valueName":"search_term_string"}}],"inLanguage":"de"},{"@type":"Organization","@id":"https:\/\/www.smpengineeredsolutions.com\/de\/#organization","name":"SMP\u00ae Engineered Solutions","url":"https:\/\/www.smpengineeredsolutions.com\/de\/","logo":{"@type":"ImageObject","inLanguage":"de","@id":"https:\/\/www.smpengineeredsolutions.com\/de\/#\/schema\/logo\/image\/","url":"https:\/\/www.a.smpengineeredsolutions.com\/wp-content\/uploads\/smp-logo.png","contentUrl":"https:\/\/www.a.smpengineeredsolutions.com\/wp-content\/uploads\/smp-logo.png","width":264,"height":117,"caption":"SMP\u00ae Engineered Solutions"},"image":{"@id":"https:\/\/www.smpengineeredsolutions.com\/de\/#\/schema\/logo\/image\/"},"sameAs":["https:\/\/www.youtube.com\/@StandardMotorProductsInc","https:\/\/www.linkedin.com\/company\/standard-motor-products"]}]}},"_links":{"self":[{"href":"https:\/\/www.smpengineeredsolutions.com\/de\/wp-json\/wp\/v2\/pages\/4697","targetHints":{"allow":["GET"]}}],"collection":[{"href":"https:\/\/www.smpengineeredsolutions.com\/de\/wp-json\/wp\/v2\/pages"}],"about":[{"href":"https:\/\/www.smpengineeredsolutions.com\/de\/wp-json\/wp\/v2\/types\/page"}],"author":[{"embeddable":true,"href":"https:\/\/www.smpengineeredsolutions.com\/de\/wp-json\/wp\/v2\/users\/27"}],"replies":[{"embeddable":true,"href":"https:\/\/www.smpengineeredsolutions.com\/de\/wp-json\/wp\/v2\/comments?post=4697"}],"version-history":[{"count":1,"href":"https:\/\/www.smpengineeredsolutions.com\/de\/wp-json\/wp\/v2\/pages\/4697\/revisions"}],"predecessor-version":[{"id":7106,"href":"https:\/\/www.smpengineeredsolutions.com\/de\/wp-json\/wp\/v2\/pages\/4697\/revisions\/7106"}],"up":[{"embeddable":true,"href":"https:\/\/www.smpengineeredsolutions.com\/de\/wp-json\/wp\/v2\/pages\/4692"}],"wp:attachment":[{"href":"https:\/\/www.smpengineeredsolutions.com\/de\/wp-json\/wp\/v2\/media?parent=4697"}],"curies":[{"name":"wp","href":"https:\/\/api.w.org\/{rel}","templated":true}]}}