{"id":4696,"date":"2023-01-09T14:27:14","date_gmt":"2023-01-09T19:27:14","guid":{"rendered":"https:\/\/smpengineeredsolutions.com\/?page_id=4696"},"modified":"2024-09-11T09:48:39","modified_gmt":"2024-09-11T13:48:39","slug":"schuetze-der-kunststoff-baureihe","status":"publish","type":"page","link":"https:\/\/www.smpengineeredsolutions.com\/de\/produkte\/gleichstromschuetze\/schuetze-der-kunststoff-baureihe\/","title":{"rendered":"Sch\u00fctze der Kunststoff-Baureihe"},"content":{"rendered":"<div class=\"feature-img-right\"><a class=\"lightbox\" href=\"\/wp-content\/uploads\/surestart.png\"><img decoding=\"async\" title=\"Sch\u00fctze der Kunststoff-Baureihe\" src=\"\/wp-content\/uploads\/surestart.png\" alt=\"Sch\u00fctze der Kunststoff-Baureihe\" width=\"300\" \/><\/a><\/div>\n<h2><img loading=\"lazy\" decoding=\"async\" class=\"alignleft size-medium wp-image-3074\" title=\"SMP Trombetta Logo\" src=\"https:\/\/www.smpengineeredsolutions.com\/wp-content\/uploads\/SMP-Trombetta-4C-500x75.png\" alt=\"SMP Trombetta Logo\" width=\"500\" height=\"75\" srcset=\"https:\/\/www.smpengineeredsolutions.com\/wp-content\/uploads\/SMP-Trombetta-4C-500x75.png 500w, https:\/\/www.smpengineeredsolutions.com\/wp-content\/uploads\/SMP-Trombetta-4C-1024x154.png 1024w, https:\/\/www.smpengineeredsolutions.com\/wp-content\/uploads\/SMP-Trombetta-4C-768x116.png 768w, https:\/\/www.smpengineeredsolutions.com\/wp-content\/uploads\/SMP-Trombetta-4C-1536x231.png 1536w, https:\/\/www.smpengineeredsolutions.com\/wp-content\/uploads\/SMP-Trombetta-4C-2048x309.png 2048w\" sizes=\"auto, (max-width: 500px) 100vw, 500px\" \/><\/h2>\n<h2><\/h2>\n<p>&nbsp;<\/p>\n<p>&nbsp;<\/p>\n<p>Die Kunststoff-Baureihe umfasst Standard-, erweiterte und abgedichtete Versionen dieses Produkts. S\u00e4mtliche Kunststoff-Sch\u00fctze werden mit robusten, hochtemperaturbest\u00e4ndigen Geh\u00e4usen gefertigt, was zu hocheffizienten Gleichstromsch\u00fctzen f\u00fchrt. Diese Sch\u00fctze werden in verschiedenen Gr\u00f6\u00dfen und Polkonfigurationen hergestellt und sind f\u00fcr Anwendungen von kleinen Gartentraktoren bis hin zu gro\u00dfen Quads geeignet. Alle Kunststoffsch\u00fctze sind konform mit RoHS, REACH und den Bestimmungen f\u00fcr die Beschaffung von Konfliktmineralien.<\/p>\n<p>&nbsp;<\/p>\n<h3>Standard<\/h3>\n<ul>\n<li>Intermittierender Betrieb \u2013 Strombelastbarkeit 200 Ampere, Einschaltstrom 300 bis 600 Ampere, je nach spezifischem Modell.<\/li>\n<li>Dauerbetrieb \u2013 Strombelastbarkeit 100 Ampere, Einschaltstrom 400 Ampere<\/li>\n<\/ul>\n<p>Die in 12 Volt erh\u00e4ltlichen Standard-Kunststoffsch\u00fctze sind ideal f\u00fcr kostenempfindliche Anwendungen mit hohem Volumen in der Rasen- und Gartenindustrie.<\/p>\n<h3>Erweitert<\/h3>\n<p>Das beste Szenario f\u00fcr den schlimmsten Fall. Unsere leistungsstarken oder verbesserten Kunststoff-Gleichstromsch\u00fctze sind so ausgelegt und gebaut, dass sie den harten Bedingungen in schwereren Anwendungen wie Golfcarts und gro\u00dfen Rasen- und Gartenfahrzeugen standhalten.<\/p>\n<h3>Abgedichtetes SureStart<\/h3>\n<p>Unser SureStart-Kunststoff-Gleichstromsch\u00fctz ist abgedichtet, kompakt und f\u00fcr Anlasser in robusten Fahrzeugen der Powersport-Industrie konzipiert. Dieses 2014 eingef\u00fchrte Startsch\u00fctz ist das erste von SMP Trombetta f\u00fcr Motorr\u00e4der, Quads, ATVs und Schneemobile.<\/p>\n","protected":false},"excerpt":{"rendered":"<p>&nbsp; &nbsp; Die Kunststoff-Baureihe umfasst Standard-, erweiterte und abgedichtete Versionen dieses Produkts. S\u00e4mtliche Kunststoff-Sch\u00fctze werden mit robusten, hochtemperaturbest\u00e4ndigen Geh\u00e4usen gefertigt, was zu hocheffizienten Gleichstromsch\u00fctzen f\u00fchrt. Diese Sch\u00fctze werden in verschiedenen Gr\u00f6\u00dfen und Polkonfigurationen hergestellt und sind f\u00fcr Anwendungen von kleinen Gartentraktoren bis hin zu gro\u00dfen Quads geeignet. Alle Kunststoffsch\u00fctze sind konform mit RoHS, REACH und&#8230; [&#8230;]<\/p>\n<p><a class=\"btn btn-secondary understrap-read-more-link\" href=\"https:\/\/www.smpengineeredsolutions.com\/de\/produkte\/gleichstromschuetze\/schuetze-der-kunststoff-baureihe\/\">Weiterlesen&#8230;<\/a><\/p>\n","protected":false},"author":27,"featured_media":0,"parent":4692,"menu_order":0,"comment_status":"closed","ping_status":"closed","template":"page-templates\/destination-content.php","meta":{"_acf_changed":false,"inline_featured_image":false,"footnotes":""},"class_list":["post-4696","page","type-page","status-publish","hentry"],"featured_image_src":null,"acf":[],"yoast_head":"<!-- This site is optimized with the Yoast SEO Premium plugin v27.2 (Yoast SEO v27.2) - https:\/\/yoast.com\/product\/yoast-seo-premium-wordpress\/ -->\n<title>Sch\u00fctze der Kunststoff-Familie | DC-Sch\u00fctze | Trombetta<\/title>\n<meta name=\"description\" content=\"Entdecken Sie unsere Sch\u00fctze aus der Kunststoff-Familie. Entwickelt und gebaut, um den rauen Bedingungen in schweren Automatisierungsfahrzeugen standzuhalten.\" \/>\n<meta name=\"robots\" content=\"index, follow, max-snippet:-1, max-image-preview:large, max-video-preview:-1\" \/>\n<link rel=\"canonical\" href=\"https:\/\/www.smpengineeredsolutions.com\/de\/produkte\/gleichstromschuetze\/schuetze-der-kunststoff-baureihe\/\" \/>\n<meta property=\"og:locale\" content=\"de_DE\" \/>\n<meta property=\"og:type\" content=\"article\" \/>\n<meta property=\"og:title\" content=\"Sch\u00fctze der Kunststoff-Baureihe\" \/>\n<meta property=\"og:description\" content=\"Entdecken Sie unsere Sch\u00fctze aus der Kunststoff-Familie. Entwickelt und gebaut, um den rauen Bedingungen in schweren Automatisierungsfahrzeugen standzuhalten.\" \/>\n<meta property=\"og:url\" content=\"https:\/\/www.smpengineeredsolutions.com\/de\/produkte\/gleichstromschuetze\/schuetze-der-kunststoff-baureihe\/\" \/>\n<meta property=\"og:site_name\" content=\"Standard Motor Products, Inc.\" \/>\n<meta property=\"article:modified_time\" content=\"2024-09-11T13:48:39+00:00\" \/>\n<meta property=\"og:image\" content=\"https:\/\/www.smpengineeredsolutions.com\/wp-content\/uploads\/SMP-Trombetta-4C-500x75.png\" \/>\n<meta name=\"twitter:label1\" content=\"Gesch\u00e4tzte Lesezeit\" \/>\n\t<meta name=\"twitter:data1\" content=\"2\u00a0Minuten\" \/>\n<script type=\"application\/ld+json\" class=\"yoast-schema-graph\">{\"@context\":\"https:\/\/schema.org\",\"@graph\":[{\"@type\":\"WebPage\",\"@id\":\"https:\/\/www.smpengineeredsolutions.com\/de\/produkte\/gleichstromschuetze\/schuetze-der-kunststoff-baureihe\/\",\"url\":\"https:\/\/www.smpengineeredsolutions.com\/de\/produkte\/gleichstromschuetze\/schuetze-der-kunststoff-baureihe\/\",\"name\":\"Sch\u00fctze der Kunststoff-Familie | DC-Sch\u00fctze | Trombetta\",\"isPartOf\":{\"@id\":\"https:\/\/www.smpengineeredsolutions.com\/de\/#website\"},\"primaryImageOfPage\":{\"@id\":\"https:\/\/www.smpengineeredsolutions.com\/de\/produkte\/gleichstromschuetze\/schuetze-der-kunststoff-baureihe\/#primaryimage\"},\"image\":{\"@id\":\"https:\/\/www.smpengineeredsolutions.com\/de\/produkte\/gleichstromschuetze\/schuetze-der-kunststoff-baureihe\/#primaryimage\"},\"thumbnailUrl\":\"https:\/\/www.smpengineeredsolutions.com\/wp-content\/uploads\/SMP-Trombetta-4C-500x75.png\",\"datePublished\":\"2023-01-09T19:27:14+00:00\",\"dateModified\":\"2024-09-11T13:48:39+00:00\",\"description\":\"Entdecken Sie unsere Sch\u00fctze aus der Kunststoff-Familie. Entwickelt und gebaut, um den rauen Bedingungen in schweren Automatisierungsfahrzeugen standzuhalten.\",\"breadcrumb\":{\"@id\":\"https:\/\/www.smpengineeredsolutions.com\/de\/produkte\/gleichstromschuetze\/schuetze-der-kunststoff-baureihe\/#breadcrumb\"},\"inLanguage\":\"de\",\"potentialAction\":[{\"@type\":\"ReadAction\",\"target\":[\"https:\/\/www.smpengineeredsolutions.com\/de\/produkte\/gleichstromschuetze\/schuetze-der-kunststoff-baureihe\/\"]}]},{\"@type\":\"ImageObject\",\"inLanguage\":\"de\",\"@id\":\"https:\/\/www.smpengineeredsolutions.com\/de\/produkte\/gleichstromschuetze\/schuetze-der-kunststoff-baureihe\/#primaryimage\",\"url\":\"https:\/\/www.smpengineeredsolutions.com\/wp-content\/uploads\/SMP-Trombetta-4C-500x75.png\",\"contentUrl\":\"https:\/\/www.smpengineeredsolutions.com\/wp-content\/uploads\/SMP-Trombetta-4C-500x75.png\"},{\"@type\":\"BreadcrumbList\",\"@id\":\"https:\/\/www.smpengineeredsolutions.com\/de\/produkte\/gleichstromschuetze\/schuetze-der-kunststoff-baureihe\/#breadcrumb\",\"itemListElement\":[{\"@type\":\"ListItem\",\"position\":1,\"name\":\"Home\",\"item\":\"https:\/\/www.smpengineeredsolutions.com\/de\/\"},{\"@type\":\"ListItem\",\"position\":2,\"name\":\"Produkte\",\"item\":\"https:\/\/www.smpengineeredsolutions.com\/de\/produkte\/\"},{\"@type\":\"ListItem\",\"position\":3,\"name\":\"Gleichstromsch\u00fctze\",\"item\":\"https:\/\/www.smpengineeredsolutions.com\/de\/produkte\/gleichstromschuetze\/\"},{\"@type\":\"ListItem\",\"position\":4,\"name\":\"Sch\u00fctze der Kunststoff-Baureihe\"}]},{\"@type\":\"WebSite\",\"@id\":\"https:\/\/www.smpengineeredsolutions.com\/de\/#website\",\"url\":\"https:\/\/www.smpengineeredsolutions.com\/de\/\",\"name\":\"Standard Motor Products, Inc.\",\"description\":\"\",\"publisher\":{\"@id\":\"https:\/\/www.smpengineeredsolutions.com\/de\/#organization\"},\"potentialAction\":[{\"@type\":\"SearchAction\",\"target\":{\"@type\":\"EntryPoint\",\"urlTemplate\":\"https:\/\/www.smpengineeredsolutions.com\/de\/?s={search_term_string}\"},\"query-input\":{\"@type\":\"PropertyValueSpecification\",\"valueRequired\":true,\"valueName\":\"search_term_string\"}}],\"inLanguage\":\"de\"},{\"@type\":\"Organization\",\"@id\":\"https:\/\/www.smpengineeredsolutions.com\/de\/#organization\",\"name\":\"SMP\u00ae Engineered Solutions\",\"url\":\"https:\/\/www.smpengineeredsolutions.com\/de\/\",\"logo\":{\"@type\":\"ImageObject\",\"inLanguage\":\"de\",\"@id\":\"https:\/\/www.smpengineeredsolutions.com\/de\/#\/schema\/logo\/image\/\",\"url\":\"https:\/\/www.a.smpengineeredsolutions.com\/wp-content\/uploads\/smp-logo.png\",\"contentUrl\":\"https:\/\/www.a.smpengineeredsolutions.com\/wp-content\/uploads\/smp-logo.png\",\"width\":264,\"height\":117,\"caption\":\"SMP\u00ae Engineered Solutions\"},\"image\":{\"@id\":\"https:\/\/www.smpengineeredsolutions.com\/de\/#\/schema\/logo\/image\/\"},\"sameAs\":[\"https:\/\/www.youtube.com\/@StandardMotorProductsInc\",\"https:\/\/www.linkedin.com\/company\/standard-motor-products\"]}]}<\/script>\n<!-- \/ Yoast SEO Premium plugin. -->","yoast_head_json":{"title":"Sch\u00fctze der Kunststoff-Familie | DC-Sch\u00fctze | Trombetta","description":"Entdecken Sie unsere Sch\u00fctze aus der Kunststoff-Familie. Entwickelt und gebaut, um den rauen Bedingungen in schweren Automatisierungsfahrzeugen standzuhalten.","robots":{"index":"index","follow":"follow","max-snippet":"max-snippet:-1","max-image-preview":"max-image-preview:large","max-video-preview":"max-video-preview:-1"},"canonical":"https:\/\/www.smpengineeredsolutions.com\/de\/produkte\/gleichstromschuetze\/schuetze-der-kunststoff-baureihe\/","og_locale":"de_DE","og_type":"article","og_title":"Sch\u00fctze der Kunststoff-Baureihe","og_description":"Entdecken Sie unsere Sch\u00fctze aus der Kunststoff-Familie. Entwickelt und gebaut, um den rauen Bedingungen in schweren Automatisierungsfahrzeugen standzuhalten.","og_url":"https:\/\/www.smpengineeredsolutions.com\/de\/produkte\/gleichstromschuetze\/schuetze-der-kunststoff-baureihe\/","og_site_name":"Standard Motor Products, Inc.","article_modified_time":"2024-09-11T13:48:39+00:00","og_image":[{"url":"https:\/\/www.smpengineeredsolutions.com\/wp-content\/uploads\/SMP-Trombetta-4C-500x75.png","type":"","width":"","height":""}],"twitter_misc":{"Gesch\u00e4tzte Lesezeit":"2\u00a0Minuten"},"schema":{"@context":"https:\/\/schema.org","@graph":[{"@type":"WebPage","@id":"https:\/\/www.smpengineeredsolutions.com\/de\/produkte\/gleichstromschuetze\/schuetze-der-kunststoff-baureihe\/","url":"https:\/\/www.smpengineeredsolutions.com\/de\/produkte\/gleichstromschuetze\/schuetze-der-kunststoff-baureihe\/","name":"Sch\u00fctze der Kunststoff-Familie | DC-Sch\u00fctze | Trombetta","isPartOf":{"@id":"https:\/\/www.smpengineeredsolutions.com\/de\/#website"},"primaryImageOfPage":{"@id":"https:\/\/www.smpengineeredsolutions.com\/de\/produkte\/gleichstromschuetze\/schuetze-der-kunststoff-baureihe\/#primaryimage"},"image":{"@id":"https:\/\/www.smpengineeredsolutions.com\/de\/produkte\/gleichstromschuetze\/schuetze-der-kunststoff-baureihe\/#primaryimage"},"thumbnailUrl":"https:\/\/www.smpengineeredsolutions.com\/wp-content\/uploads\/SMP-Trombetta-4C-500x75.png","datePublished":"2023-01-09T19:27:14+00:00","dateModified":"2024-09-11T13:48:39+00:00","description":"Entdecken Sie unsere Sch\u00fctze aus der Kunststoff-Familie. Entwickelt und gebaut, um den rauen Bedingungen in schweren Automatisierungsfahrzeugen standzuhalten.","breadcrumb":{"@id":"https:\/\/www.smpengineeredsolutions.com\/de\/produkte\/gleichstromschuetze\/schuetze-der-kunststoff-baureihe\/#breadcrumb"},"inLanguage":"de","potentialAction":[{"@type":"ReadAction","target":["https:\/\/www.smpengineeredsolutions.com\/de\/produkte\/gleichstromschuetze\/schuetze-der-kunststoff-baureihe\/"]}]},{"@type":"ImageObject","inLanguage":"de","@id":"https:\/\/www.smpengineeredsolutions.com\/de\/produkte\/gleichstromschuetze\/schuetze-der-kunststoff-baureihe\/#primaryimage","url":"https:\/\/www.smpengineeredsolutions.com\/wp-content\/uploads\/SMP-Trombetta-4C-500x75.png","contentUrl":"https:\/\/www.smpengineeredsolutions.com\/wp-content\/uploads\/SMP-Trombetta-4C-500x75.png"},{"@type":"BreadcrumbList","@id":"https:\/\/www.smpengineeredsolutions.com\/de\/produkte\/gleichstromschuetze\/schuetze-der-kunststoff-baureihe\/#breadcrumb","itemListElement":[{"@type":"ListItem","position":1,"name":"Home","item":"https:\/\/www.smpengineeredsolutions.com\/de\/"},{"@type":"ListItem","position":2,"name":"Produkte","item":"https:\/\/www.smpengineeredsolutions.com\/de\/produkte\/"},{"@type":"ListItem","position":3,"name":"Gleichstromsch\u00fctze","item":"https:\/\/www.smpengineeredsolutions.com\/de\/produkte\/gleichstromschuetze\/"},{"@type":"ListItem","position":4,"name":"Sch\u00fctze der Kunststoff-Baureihe"}]},{"@type":"WebSite","@id":"https:\/\/www.smpengineeredsolutions.com\/de\/#website","url":"https:\/\/www.smpengineeredsolutions.com\/de\/","name":"Standard Motor Products, Inc.","description":"","publisher":{"@id":"https:\/\/www.smpengineeredsolutions.com\/de\/#organization"},"potentialAction":[{"@type":"SearchAction","target":{"@type":"EntryPoint","urlTemplate":"https:\/\/www.smpengineeredsolutions.com\/de\/?s={search_term_string}"},"query-input":{"@type":"PropertyValueSpecification","valueRequired":true,"valueName":"search_term_string"}}],"inLanguage":"de"},{"@type":"Organization","@id":"https:\/\/www.smpengineeredsolutions.com\/de\/#organization","name":"SMP\u00ae Engineered Solutions","url":"https:\/\/www.smpengineeredsolutions.com\/de\/","logo":{"@type":"ImageObject","inLanguage":"de","@id":"https:\/\/www.smpengineeredsolutions.com\/de\/#\/schema\/logo\/image\/","url":"https:\/\/www.a.smpengineeredsolutions.com\/wp-content\/uploads\/smp-logo.png","contentUrl":"https:\/\/www.a.smpengineeredsolutions.com\/wp-content\/uploads\/smp-logo.png","width":264,"height":117,"caption":"SMP\u00ae Engineered Solutions"},"image":{"@id":"https:\/\/www.smpengineeredsolutions.com\/de\/#\/schema\/logo\/image\/"},"sameAs":["https:\/\/www.youtube.com\/@StandardMotorProductsInc","https:\/\/www.linkedin.com\/company\/standard-motor-products"]}]}},"_links":{"self":[{"href":"https:\/\/www.smpengineeredsolutions.com\/de\/wp-json\/wp\/v2\/pages\/4696","targetHints":{"allow":["GET"]}}],"collection":[{"href":"https:\/\/www.smpengineeredsolutions.com\/de\/wp-json\/wp\/v2\/pages"}],"about":[{"href":"https:\/\/www.smpengineeredsolutions.com\/de\/wp-json\/wp\/v2\/types\/page"}],"author":[{"embeddable":true,"href":"https:\/\/www.smpengineeredsolutions.com\/de\/wp-json\/wp\/v2\/users\/27"}],"replies":[{"embeddable":true,"href":"https:\/\/www.smpengineeredsolutions.com\/de\/wp-json\/wp\/v2\/comments?post=4696"}],"version-history":[{"count":1,"href":"https:\/\/www.smpengineeredsolutions.com\/de\/wp-json\/wp\/v2\/pages\/4696\/revisions"}],"predecessor-version":[{"id":7318,"href":"https:\/\/www.smpengineeredsolutions.com\/de\/wp-json\/wp\/v2\/pages\/4696\/revisions\/7318"}],"up":[{"embeddable":true,"href":"https:\/\/www.smpengineeredsolutions.com\/de\/wp-json\/wp\/v2\/pages\/4692"}],"wp:attachment":[{"href":"https:\/\/www.smpengineeredsolutions.com\/de\/wp-json\/wp\/v2\/media?parent=4696"}],"curies":[{"name":"wp","href":"https:\/\/api.w.org\/{rel}","templated":true}]}}