{"id":4695,"date":"2023-01-09T14:24:48","date_gmt":"2023-01-09T19:24:48","guid":{"rendered":"https:\/\/smpengineeredsolutions.com\/?page_id=4695"},"modified":"2024-09-11T11:16:47","modified_gmt":"2024-09-11T15:16:47","slug":"metallgehaeusebaureihe","status":"publish","type":"page","link":"https:\/\/www.smpengineeredsolutions.com\/de\/produkte\/gleichstromschuetze\/metallgehaeusebaureihe\/","title":{"rendered":"Metallgeh\u00e4usebaureihe"},"content":{"rendered":"<div class=\"feature-img-right\"><a class=\"lightbox\" href=\"\/wp-content\/uploads\/TR-MetalDCContactor.png\"><img decoding=\"async\" title=\"Metallgeh\u00e4usebaureihe\" src=\"\/wp-content\/uploads\/TR-MetalDCContactor.png\" alt=\"Metallgeh\u00e4usebaureihe\" width=\"300\" \/><\/a><\/div>\n<h2><img loading=\"lazy\" decoding=\"async\" class=\"size-medium wp-image-3074\" title=\"SMP Trombetta Logo\" src=\"https:\/\/www.smpengineeredsolutions.com\/wp-content\/uploads\/SMP-Trombetta-4C-500x75.png\" alt=\"SMP Trombetta Logo\" width=\"500\" height=\"75\" srcset=\"https:\/\/www.smpengineeredsolutions.com\/wp-content\/uploads\/SMP-Trombetta-4C-500x75.png 500w, https:\/\/www.smpengineeredsolutions.com\/wp-content\/uploads\/SMP-Trombetta-4C-1024x154.png 1024w, https:\/\/www.smpengineeredsolutions.com\/wp-content\/uploads\/SMP-Trombetta-4C-768x116.png 768w, https:\/\/www.smpengineeredsolutions.com\/wp-content\/uploads\/SMP-Trombetta-4C-1536x231.png 1536w, https:\/\/www.smpengineeredsolutions.com\/wp-content\/uploads\/SMP-Trombetta-4C-2048x309.png 2048w\" sizes=\"auto, (max-width: 500px) 100vw, 500px\" \/><\/h2>\n<p>&nbsp;<\/p>\n<p>Die Produktbaureihe Metall umfasst sowohl das Standard-Gleichstromsch\u00fctz Metall als auch den einpoligen Wechselschalter Metall. Diese elektromechanischen Ger\u00e4te verwenden ein Metallgeh\u00e4use, das ein Gleichstromsch\u00fctz umgibt, was h\u00f6here Anwendungsnennleistungen erm\u00f6glicht. W\u00e4hrend das Standard-Sch\u00fctz Metall am besten f\u00fcr Hydraulikaggregate und Milit\u00e4rfahrzeuge geeignet ist, wird das einpolige Wechselschalter-Sch\u00fctz f\u00fcr LKW-Winden, Schiffshebewerke und Wohnmobil-Ausfahrsysteme verwendet.<\/p>\n<h2>Standard-Metallgeh\u00e4use-Baureihe<\/h2>\n<p>Die Gleichstromsch\u00fctze von Trombetta im Metallgeh\u00e4use sind f\u00fcr eine Vielzahl von Starteranwendungen und Polkonfigurationen geeignet und k\u00f6nnen in einer Vielzahl von Anwendungen, von Golfcarts bis hin zu station\u00e4ren Maschinen, effektiv eingesetzt werden. Bei kleineren Hydraulikaggregaten ist der konsequente Einsatz des Metall-Gleichstromsch\u00fctzes die beste L\u00f6sung f\u00fcr Ihre technischen Anforderungen. Weitere Anwendungen f\u00fcr die Standard-Metallbaureihe von SMP Trombetta sind Busse, schwere LKWs und Milit\u00e4rfahrzeuge.<\/p>\n<h2>Metallgeh\u00e4use-einpolige-Wechselschalter-Baureihe<\/h2>\n<p>Die einpoligen Wechselschaltersch\u00fctze erm\u00f6glichen den Stromfluss durch einen von zwei Kontaktbolzens\u00e4tzen und eignen sich f\u00fcr den paarweisen Einsatz zur Drehrichtungsumkehr des Motors.<\/p>\n","protected":false},"excerpt":{"rendered":"<p>&nbsp; Die Produktbaureihe Metall umfasst sowohl das Standard-Gleichstromsch\u00fctz Metall als auch den einpoligen Wechselschalter Metall. Diese elektromechanischen Ger\u00e4te verwenden ein Metallgeh\u00e4use, das ein Gleichstromsch\u00fctz umgibt, was h\u00f6here Anwendungsnennleistungen erm\u00f6glicht. W\u00e4hrend das Standard-Sch\u00fctz Metall am besten f\u00fcr Hydraulikaggregate und Milit\u00e4rfahrzeuge geeignet ist, wird das einpolige Wechselschalter-Sch\u00fctz f\u00fcr LKW-Winden, Schiffshebewerke und Wohnmobil-Ausfahrsysteme verwendet. Standard-Metallgeh\u00e4use-Baureihe Die Gleichstromsch\u00fctze von&#8230; [&#8230;]<\/p>\n<p><a class=\"btn btn-secondary understrap-read-more-link\" href=\"https:\/\/www.smpengineeredsolutions.com\/de\/produkte\/gleichstromschuetze\/metallgehaeusebaureihe\/\">Weiterlesen&#8230;<\/a><\/p>\n","protected":false},"author":27,"featured_media":0,"parent":4692,"menu_order":0,"comment_status":"closed","ping_status":"closed","template":"page-templates\/destination-content.php","meta":{"_acf_changed":false,"inline_featured_image":false,"footnotes":""},"class_list":["post-4695","page","type-page","status-publish","hentry"],"featured_image_src":null,"acf":[],"yoast_head":"<!-- This site is optimized with the Yoast SEO Premium plugin v27.4 (Yoast SEO v27.4) - https:\/\/yoast.com\/product\/yoast-seo-premium-wordpress\/ -->\n<title>Metallgeh\u00e4use-Familie | DC-Sch\u00fctze | Trombetta | Standard Motor Products<\/title>\n<meta name=\"description\" content=\"Informieren Sie sich \u00fcber unsere Produktfamilie mit Metallgeh\u00e4use. Die Metallfamilie umfasst sowohl das Standard-DC-Sch\u00fctz aus Metall als auch das SPDT-Metall. Erfahren Sie mehr!\" \/>\n<meta name=\"robots\" content=\"index, follow, max-snippet:-1, max-image-preview:large, max-video-preview:-1\" \/>\n<link rel=\"canonical\" href=\"https:\/\/www.smpengineeredsolutions.com\/de\/produkte\/gleichstromschuetze\/metallgehaeusebaureihe\/\" \/>\n<meta property=\"og:locale\" content=\"de_DE\" \/>\n<meta property=\"og:type\" content=\"article\" \/>\n<meta property=\"og:title\" content=\"Metallgeh\u00e4usebaureihe\" \/>\n<meta property=\"og:description\" content=\"Informieren Sie sich \u00fcber unsere Produktfamilie mit Metallgeh\u00e4use. Die Metallfamilie umfasst sowohl das Standard-DC-Sch\u00fctz aus Metall als auch das SPDT-Metall. Erfahren Sie mehr!\" \/>\n<meta property=\"og:url\" content=\"https:\/\/www.smpengineeredsolutions.com\/de\/produkte\/gleichstromschuetze\/metallgehaeusebaureihe\/\" \/>\n<meta property=\"og:site_name\" content=\"Standard Motor Products, Inc.\" \/>\n<meta property=\"article:modified_time\" content=\"2024-09-11T15:16:47+00:00\" \/>\n<meta property=\"og:image\" content=\"https:\/\/www.smpengineeredsolutions.com\/wp-content\/uploads\/SMP-Trombetta-4C-500x75.png\" \/>\n<meta name=\"twitter:label1\" content=\"Gesch\u00e4tzte Lesezeit\" \/>\n\t<meta name=\"twitter:data1\" content=\"1\u00a0Minute\" \/>\n<script type=\"application\/ld+json\" class=\"yoast-schema-graph\">{\"@context\":\"https:\\\/\\\/schema.org\",\"@graph\":[{\"@type\":\"WebPage\",\"@id\":\"https:\\\/\\\/www.smpengineeredsolutions.com\\\/de\\\/produkte\\\/gleichstromschuetze\\\/metallgehaeusebaureihe\\\/\",\"url\":\"https:\\\/\\\/www.smpengineeredsolutions.com\\\/de\\\/produkte\\\/gleichstromschuetze\\\/metallgehaeusebaureihe\\\/\",\"name\":\"Metallgeh\u00e4use-Familie | DC-Sch\u00fctze | Trombetta | Standard Motor Products\",\"isPartOf\":{\"@id\":\"https:\\\/\\\/www._tcp.smpengineeredsolutions.com\\\/#website\"},\"primaryImageOfPage\":{\"@id\":\"https:\\\/\\\/www.smpengineeredsolutions.com\\\/de\\\/produkte\\\/gleichstromschuetze\\\/metallgehaeusebaureihe\\\/#primaryimage\"},\"image\":{\"@id\":\"https:\\\/\\\/www.smpengineeredsolutions.com\\\/de\\\/produkte\\\/gleichstromschuetze\\\/metallgehaeusebaureihe\\\/#primaryimage\"},\"thumbnailUrl\":\"https:\\\/\\\/www.smpengineeredsolutions.com\\\/wp-content\\\/uploads\\\/SMP-Trombetta-4C-500x75.png\",\"datePublished\":\"2023-01-09T19:24:48+00:00\",\"dateModified\":\"2024-09-11T15:16:47+00:00\",\"description\":\"Informieren Sie sich \u00fcber unsere Produktfamilie mit Metallgeh\u00e4use. Die Metallfamilie umfasst sowohl das Standard-DC-Sch\u00fctz aus Metall als auch das SPDT-Metall. Erfahren Sie mehr!\",\"breadcrumb\":{\"@id\":\"https:\\\/\\\/www.smpengineeredsolutions.com\\\/de\\\/produkte\\\/gleichstromschuetze\\\/metallgehaeusebaureihe\\\/#breadcrumb\"},\"inLanguage\":\"de\",\"potentialAction\":[{\"@type\":\"ReadAction\",\"target\":[\"https:\\\/\\\/www.smpengineeredsolutions.com\\\/de\\\/produkte\\\/gleichstromschuetze\\\/metallgehaeusebaureihe\\\/\"]}]},{\"@type\":\"ImageObject\",\"inLanguage\":\"de\",\"@id\":\"https:\\\/\\\/www.smpengineeredsolutions.com\\\/de\\\/produkte\\\/gleichstromschuetze\\\/metallgehaeusebaureihe\\\/#primaryimage\",\"url\":\"https:\\\/\\\/www.smpengineeredsolutions.com\\\/wp-content\\\/uploads\\\/SMP-Trombetta-4C-500x75.png\",\"contentUrl\":\"https:\\\/\\\/www.smpengineeredsolutions.com\\\/wp-content\\\/uploads\\\/SMP-Trombetta-4C-500x75.png\"},{\"@type\":\"BreadcrumbList\",\"@id\":\"https:\\\/\\\/www.smpengineeredsolutions.com\\\/de\\\/produkte\\\/gleichstromschuetze\\\/metallgehaeusebaureihe\\\/#breadcrumb\",\"itemListElement\":[{\"@type\":\"ListItem\",\"position\":1,\"name\":\"Home\",\"item\":\"https:\\\/\\\/www.smpengineeredsolutions.com\\\/de\\\/\"},{\"@type\":\"ListItem\",\"position\":2,\"name\":\"Produkte\",\"item\":\"https:\\\/\\\/www.smpengineeredsolutions.com\\\/de\\\/produkte\\\/\"},{\"@type\":\"ListItem\",\"position\":3,\"name\":\"Gleichstromsch\u00fctze\",\"item\":\"https:\\\/\\\/www.sitemaps.smpengineeredsolutions.com\\\/de\\\/produkte\\\/gleichstromschuetze\\\/\"},{\"@type\":\"ListItem\",\"position\":4,\"name\":\"Metallgeh\u00e4usebaureihe\"}]},{\"@type\":\"WebSite\",\"@id\":\"https:\\\/\\\/www._tcp.smpengineeredsolutions.com\\\/#website\",\"url\":\"https:\\\/\\\/www._tcp.smpengineeredsolutions.com\\\/\",\"name\":\"Standard Motor Products, Inc.\",\"description\":\"\",\"publisher\":{\"@id\":\"https:\\\/\\\/www._tcp.smpengineeredsolutions.com\\\/#organization\"},\"potentialAction\":[{\"@type\":\"SearchAction\",\"target\":{\"@type\":\"EntryPoint\",\"urlTemplate\":\"https:\\\/\\\/www._tcp.smpengineeredsolutions.com\\\/?s={search_term_string}\"},\"query-input\":{\"@type\":\"PropertyValueSpecification\",\"valueRequired\":true,\"valueName\":\"search_term_string\"}}],\"inLanguage\":\"de\"},{\"@type\":\"Organization\",\"@id\":\"https:\\\/\\\/www._tcp.smpengineeredsolutions.com\\\/#organization\",\"name\":\"SMP\u00ae Engineered Solutions\",\"url\":\"https:\\\/\\\/www._tcp.smpengineeredsolutions.com\\\/\",\"logo\":{\"@type\":\"ImageObject\",\"inLanguage\":\"de\",\"@id\":\"https:\\\/\\\/www._tcp.smpengineeredsolutions.com\\\/#\\\/schema\\\/logo\\\/image\\\/\",\"url\":\"https:\\\/\\\/www.a.smpengineeredsolutions.com\\\/wp-content\\\/uploads\\\/smp-logo.png\",\"contentUrl\":\"https:\\\/\\\/www.a.smpengineeredsolutions.com\\\/wp-content\\\/uploads\\\/smp-logo.png\",\"width\":264,\"height\":117,\"caption\":\"SMP\u00ae Engineered Solutions\"},\"image\":{\"@id\":\"https:\\\/\\\/www._tcp.smpengineeredsolutions.com\\\/#\\\/schema\\\/logo\\\/image\\\/\"},\"sameAs\":[\"https:\\\/\\\/www.youtube.com\\\/@StandardMotorProductsInc\",\"https:\\\/\\\/www.linkedin.com\\\/company\\\/standard-motor-products\"]}]}<\/script>\n<!-- \/ Yoast SEO Premium plugin. -->","yoast_head_json":{"title":"Metallgeh\u00e4use-Familie | DC-Sch\u00fctze | Trombetta | Standard Motor Products","description":"Informieren Sie sich \u00fcber unsere Produktfamilie mit Metallgeh\u00e4use. Die Metallfamilie umfasst sowohl das Standard-DC-Sch\u00fctz aus Metall als auch das SPDT-Metall. Erfahren Sie mehr!","robots":{"index":"index","follow":"follow","max-snippet":"max-snippet:-1","max-image-preview":"max-image-preview:large","max-video-preview":"max-video-preview:-1"},"canonical":"https:\/\/www.smpengineeredsolutions.com\/de\/produkte\/gleichstromschuetze\/metallgehaeusebaureihe\/","og_locale":"de_DE","og_type":"article","og_title":"Metallgeh\u00e4usebaureihe","og_description":"Informieren Sie sich \u00fcber unsere Produktfamilie mit Metallgeh\u00e4use. Die Metallfamilie umfasst sowohl das Standard-DC-Sch\u00fctz aus Metall als auch das SPDT-Metall. Erfahren Sie mehr!","og_url":"https:\/\/www.smpengineeredsolutions.com\/de\/produkte\/gleichstromschuetze\/metallgehaeusebaureihe\/","og_site_name":"Standard Motor Products, Inc.","article_modified_time":"2024-09-11T15:16:47+00:00","og_image":[{"url":"https:\/\/www.smpengineeredsolutions.com\/wp-content\/uploads\/SMP-Trombetta-4C-500x75.png","type":"","width":"","height":""}],"twitter_misc":{"Gesch\u00e4tzte Lesezeit":"1\u00a0Minute"},"schema":{"@context":"https:\/\/schema.org","@graph":[{"@type":"WebPage","@id":"https:\/\/www.smpengineeredsolutions.com\/de\/produkte\/gleichstromschuetze\/metallgehaeusebaureihe\/","url":"https:\/\/www.smpengineeredsolutions.com\/de\/produkte\/gleichstromschuetze\/metallgehaeusebaureihe\/","name":"Metallgeh\u00e4use-Familie | DC-Sch\u00fctze | Trombetta | Standard Motor Products","isPartOf":{"@id":"https:\/\/www._tcp.smpengineeredsolutions.com\/#website"},"primaryImageOfPage":{"@id":"https:\/\/www.smpengineeredsolutions.com\/de\/produkte\/gleichstromschuetze\/metallgehaeusebaureihe\/#primaryimage"},"image":{"@id":"https:\/\/www.smpengineeredsolutions.com\/de\/produkte\/gleichstromschuetze\/metallgehaeusebaureihe\/#primaryimage"},"thumbnailUrl":"https:\/\/www.smpengineeredsolutions.com\/wp-content\/uploads\/SMP-Trombetta-4C-500x75.png","datePublished":"2023-01-09T19:24:48+00:00","dateModified":"2024-09-11T15:16:47+00:00","description":"Informieren Sie sich \u00fcber unsere Produktfamilie mit Metallgeh\u00e4use. Die Metallfamilie umfasst sowohl das Standard-DC-Sch\u00fctz aus Metall als auch das SPDT-Metall. Erfahren Sie mehr!","breadcrumb":{"@id":"https:\/\/www.smpengineeredsolutions.com\/de\/produkte\/gleichstromschuetze\/metallgehaeusebaureihe\/#breadcrumb"},"inLanguage":"de","potentialAction":[{"@type":"ReadAction","target":["https:\/\/www.smpengineeredsolutions.com\/de\/produkte\/gleichstromschuetze\/metallgehaeusebaureihe\/"]}]},{"@type":"ImageObject","inLanguage":"de","@id":"https:\/\/www.smpengineeredsolutions.com\/de\/produkte\/gleichstromschuetze\/metallgehaeusebaureihe\/#primaryimage","url":"https:\/\/www.smpengineeredsolutions.com\/wp-content\/uploads\/SMP-Trombetta-4C-500x75.png","contentUrl":"https:\/\/www.smpengineeredsolutions.com\/wp-content\/uploads\/SMP-Trombetta-4C-500x75.png"},{"@type":"BreadcrumbList","@id":"https:\/\/www.smpengineeredsolutions.com\/de\/produkte\/gleichstromschuetze\/metallgehaeusebaureihe\/#breadcrumb","itemListElement":[{"@type":"ListItem","position":1,"name":"Home","item":"https:\/\/www.smpengineeredsolutions.com\/de\/"},{"@type":"ListItem","position":2,"name":"Produkte","item":"https:\/\/www.smpengineeredsolutions.com\/de\/produkte\/"},{"@type":"ListItem","position":3,"name":"Gleichstromsch\u00fctze","item":"https:\/\/www.sitemaps.smpengineeredsolutions.com\/de\/produkte\/gleichstromschuetze\/"},{"@type":"ListItem","position":4,"name":"Metallgeh\u00e4usebaureihe"}]},{"@type":"WebSite","@id":"https:\/\/www._tcp.smpengineeredsolutions.com\/#website","url":"https:\/\/www._tcp.smpengineeredsolutions.com\/","name":"Standard Motor Products, Inc.","description":"","publisher":{"@id":"https:\/\/www._tcp.smpengineeredsolutions.com\/#organization"},"potentialAction":[{"@type":"SearchAction","target":{"@type":"EntryPoint","urlTemplate":"https:\/\/www._tcp.smpengineeredsolutions.com\/?s={search_term_string}"},"query-input":{"@type":"PropertyValueSpecification","valueRequired":true,"valueName":"search_term_string"}}],"inLanguage":"de"},{"@type":"Organization","@id":"https:\/\/www._tcp.smpengineeredsolutions.com\/#organization","name":"SMP\u00ae Engineered Solutions","url":"https:\/\/www._tcp.smpengineeredsolutions.com\/","logo":{"@type":"ImageObject","inLanguage":"de","@id":"https:\/\/www._tcp.smpengineeredsolutions.com\/#\/schema\/logo\/image\/","url":"https:\/\/www.a.smpengineeredsolutions.com\/wp-content\/uploads\/smp-logo.png","contentUrl":"https:\/\/www.a.smpengineeredsolutions.com\/wp-content\/uploads\/smp-logo.png","width":264,"height":117,"caption":"SMP\u00ae Engineered Solutions"},"image":{"@id":"https:\/\/www._tcp.smpengineeredsolutions.com\/#\/schema\/logo\/image\/"},"sameAs":["https:\/\/www.youtube.com\/@StandardMotorProductsInc","https:\/\/www.linkedin.com\/company\/standard-motor-products"]}]}},"_links":{"self":[{"href":"https:\/\/www.smpengineeredsolutions.com\/de\/wp-json\/wp\/v2\/pages\/4695","targetHints":{"allow":["GET"]}}],"collection":[{"href":"https:\/\/www.smpengineeredsolutions.com\/de\/wp-json\/wp\/v2\/pages"}],"about":[{"href":"https:\/\/www.smpengineeredsolutions.com\/de\/wp-json\/wp\/v2\/types\/page"}],"author":[{"embeddable":true,"href":"https:\/\/www.smpengineeredsolutions.com\/de\/wp-json\/wp\/v2\/users\/27"}],"replies":[{"embeddable":true,"href":"https:\/\/www.smpengineeredsolutions.com\/de\/wp-json\/wp\/v2\/comments?post=4695"}],"version-history":[{"count":1,"href":"https:\/\/www.smpengineeredsolutions.com\/de\/wp-json\/wp\/v2\/pages\/4695\/revisions"}],"predecessor-version":[{"id":7324,"href":"https:\/\/www.smpengineeredsolutions.com\/de\/wp-json\/wp\/v2\/pages\/4695\/revisions\/7324"}],"up":[{"embeddable":true,"href":"https:\/\/www.smpengineeredsolutions.com\/de\/wp-json\/wp\/v2\/pages\/4692"}],"wp:attachment":[{"href":"https:\/\/www.smpengineeredsolutions.com\/de\/wp-json\/wp\/v2\/media?parent=4695"}],"curies":[{"name":"wp","href":"https:\/\/api.w.org\/{rel}","templated":true}]}}