{"id":4693,"date":"2023-01-09T14:03:35","date_gmt":"2023-01-09T19:03:35","guid":{"rendered":"https:\/\/smpengineeredsolutions.com\/?page_id=4693"},"modified":"2025-01-09T11:58:19","modified_gmt":"2025-01-09T16:58:19","slug":"schuetze-der-defender-baureihe","status":"publish","type":"page","link":"https:\/\/www.smpengineeredsolutions.com\/de\/produkte\/gleichstromschuetze\/schuetze-der-defender-baureihe\/","title":{"rendered":"Sch\u00fctze der Defender-Baureihe"},"content":{"rendered":"<div class=\"feature-img-right\"><a class=\"lightbox\" href=\"\/wp-content\/uploads\/TR-Defender.png\"><img loading=\"lazy\" decoding=\"async\" class=\"alignright\" title=\"Defender-Baureihe\" src=\"\/wp-content\/uploads\/TR-Defender.png\" alt=\"Defender-Baureihe\" width=\"380\" height=\"275\" \/><\/a><\/div>\n<p><img loading=\"lazy\" decoding=\"async\" class=\"alignnone size-medium wp-image-3074\" title=\"SMP Trombetta Logo\" src=\"https:\/\/www.smpengineeredsolutions.com\/wp-content\/uploads\/SMP-Trombetta-4C-500x75.png\" alt=\"SMP Trombetta Logo\" width=\"500\" height=\"75\" srcset=\"https:\/\/www.smpengineeredsolutions.com\/wp-content\/uploads\/SMP-Trombetta-4C-500x75.png 500w, https:\/\/www.smpengineeredsolutions.com\/wp-content\/uploads\/SMP-Trombetta-4C-1024x154.png 1024w, https:\/\/www.smpengineeredsolutions.com\/wp-content\/uploads\/SMP-Trombetta-4C-768x116.png 768w, https:\/\/www.smpengineeredsolutions.com\/wp-content\/uploads\/SMP-Trombetta-4C-1536x231.png 1536w, https:\/\/www.smpengineeredsolutions.com\/wp-content\/uploads\/SMP-Trombetta-4C-2048x309.png 2048w\" sizes=\"auto, (max-width: 500px) 100vw, 500px\" \/><\/p>\n<p>&nbsp;<\/p>\n<h2>Sch\u00fctze der Defender-Baureihe<\/h2>\n<p>Die zuverl\u00e4ssigen und robusten Sch\u00fctze der Defender-Baureihe sind Ihre Hauptstromrelaisl\u00f6sung. Mit nur einem Relais-Schaltpunkt ist es mit integrierter Spannungsspitzenunterdr\u00fcckung (TVS) ausgestattet und kann Str\u00f6me von 350 Milliampere bis zu 200 Ampere verarbeiten (siehe Abbildung). So eignet sich Defender perfekt f\u00fcr Anwendungen wie Landwirtschafts- und Baumaschinen sowie Notfall-Einsatzfahrzeuge.<\/p>\n<h3>Der Sch\u00fctz der Defender-Familie ist auf Leistung ausgelegt<\/h3>\n<ul>\n<li>Der Defender ist hermetisch versiegelt, um einen zuverl\u00e4ssigen Startvorgang auch unter h\u00e4rtesten Bedingungen zu gew\u00e4hrleisten<\/li>\n<li>Diese patentierte Konstruktion sorgt nachweislich f\u00fcr ein gleichm\u00e4\u00dfiges Schalten von niedrigen Str\u00f6men auch bei extrem niedrigen Temperaturen.<\/li>\n<li>Langlebig genug, um empfindliche Komponenten in jedem System zu sch\u00fctzen<\/li>\n<li>Sch\u00fctzt die elektrische Widerstandsf\u00e4higkeit<\/li>\n<li>\u00dcbertragungsstrom von nur 350 Milliampere<\/li>\n<li>Hochstrom von 200 Ampere<\/li>\n<li>Eingebaute Transient Volt Suppression (TVS) zum Schutz empfindlicher Komponenten in einem System<\/li>\n<\/ul>\n<h3>Gemeinsame Bewerbung<\/h3>\n<p>Unser Defender ist mit extremer Robustheit gebaut, die f\u00fcr Ihr elektrisches System geeignet ist. Er ist f\u00fcr Off-Road- und Notfallausr\u00fcstung geeignet.<\/p>\n<ul>\n<li>Feuerwehrautos<\/li>\n<li>Erdbewegungsmaschine<\/li>\n<li>Landwirtschaft und Bauwesen<\/li>\n<\/ul>\n<h4>H\u00e4ufig gestellte Fragen<\/h4>\n<p><strong>Was ist ein Defender-Familiensch\u00fctzer?<\/strong><\/p>\n<p>Ein Sch\u00fctz der Defender-Familie ist ein elektrisches Schaltger\u00e4t, das Stromkreise durch Ein- oder Ausschalten steuert.<\/p>\n<p><strong>Wie gro\u00df ist der Betriebstemperaturbereich f\u00fcr das Sch\u00fctz der Defender-Familie?<\/strong><\/p>\n<p>-40\u00b0 C to 85\u00b0 C<\/p>\n<p><strong>Welche Art von Schutzfunktionen bietet der Defender Family Contactor?<\/strong><\/p>\n<p>Das Sch\u00fctz der Defender-Familie verf\u00fcgt \u00fcber eine integrierte Spannungsspitzenunterdr\u00fcckung (TVS) und kann Str\u00f6me von 350 Milliampere bis 200 Ampere verarbeiten.<\/p>\n<p><strong>Wof\u00fcr werden die Sch\u00fctze der Defender-Familie in der Regel verwendet?<\/strong><\/p>\n<p>Sie werden f\u00fcr Gel\u00e4ndewagen und Rettungsfahrzeuge verwendet, z. B. in der Landwirtschaft, im Baugewerbe, f\u00fcr Feuerwehrfahrzeuge usw.<\/p>\n","protected":false},"excerpt":{"rendered":"<p>&nbsp; Sch\u00fctze der Defender-Baureihe Die zuverl\u00e4ssigen und robusten Sch\u00fctze der Defender-Baureihe sind Ihre Hauptstromrelaisl\u00f6sung. Mit nur einem Relais-Schaltpunkt ist es mit integrierter Spannungsspitzenunterdr\u00fcckung (TVS) ausgestattet und kann Str\u00f6me von 350 Milliampere bis zu 200 Ampere verarbeiten (siehe Abbildung). So eignet sich Defender perfekt f\u00fcr Anwendungen wie Landwirtschafts- und Baumaschinen sowie Notfall-Einsatzfahrzeuge. Der Sch\u00fctz der Defender-Familie&#8230; [&#8230;]<\/p>\n<p><a class=\"btn btn-secondary understrap-read-more-link\" href=\"https:\/\/www.smpengineeredsolutions.com\/de\/produkte\/gleichstromschuetze\/schuetze-der-defender-baureihe\/\">Weiterlesen&#8230;<\/a><\/p>\n","protected":false},"author":27,"featured_media":0,"parent":4692,"menu_order":0,"comment_status":"closed","ping_status":"closed","template":"page-templates\/destination-content.php","meta":{"_acf_changed":false,"inline_featured_image":false,"footnotes":""},"class_list":["post-4693","page","type-page","status-publish","hentry"],"featured_image_src":null,"acf":[],"yoast_head":"<!-- This site is optimized with the Yoast SEO Premium plugin v27.4 (Yoast SEO v27.4) - https:\/\/yoast.com\/product\/yoast-seo-premium-wordpress\/ -->\n<title>Sch\u00fctze der Defender-Familie | DC-Sch\u00fctze | Trombetta | Standard Motor Products, Inc<\/title>\n<meta name=\"description\" content=\"Entdecken Sie unsere Sch\u00fctze der Defender-Familie. Die zuverl\u00e4ssigen und robusten Sch\u00fctze der Defender-Serie sind Ihre Hauptstromrelaisl\u00f6sung. Erfahren Sie mehr!\" \/>\n<meta name=\"robots\" content=\"index, follow, max-snippet:-1, max-image-preview:large, max-video-preview:-1\" \/>\n<link rel=\"canonical\" href=\"https:\/\/www.smpengineeredsolutions.com\/de\/produkte\/gleichstromschuetze\/schuetze-der-defender-baureihe\/\" \/>\n<meta property=\"og:locale\" content=\"de_DE\" \/>\n<meta property=\"og:type\" content=\"article\" \/>\n<meta property=\"og:title\" content=\"Sch\u00fctze der Defender-Baureihe\" \/>\n<meta property=\"og:description\" content=\"Entdecken Sie unsere Sch\u00fctze der Defender-Familie. Die zuverl\u00e4ssigen und robusten Sch\u00fctze der Defender-Serie sind Ihre Hauptstromrelaisl\u00f6sung. Erfahren Sie mehr!\" \/>\n<meta property=\"og:url\" content=\"https:\/\/www.smpengineeredsolutions.com\/de\/produkte\/gleichstromschuetze\/schuetze-der-defender-baureihe\/\" \/>\n<meta property=\"og:site_name\" content=\"Standard Motor Products, Inc.\" \/>\n<meta property=\"article:modified_time\" content=\"2025-01-09T16:58:19+00:00\" \/>\n<meta property=\"og:image\" content=\"https:\/\/www.smpengineeredsolutions.com\/wp-content\/uploads\/SMP-Trombetta-4C-500x75.png\" \/>\n<meta name=\"twitter:label1\" content=\"Gesch\u00e4tzte Lesezeit\" \/>\n\t<meta name=\"twitter:data1\" content=\"2\u00a0Minuten\" \/>\n<script type=\"application\/ld+json\" class=\"yoast-schema-graph\">{\"@context\":\"https:\\\/\\\/schema.org\",\"@graph\":[{\"@type\":\"WebPage\",\"@id\":\"https:\\\/\\\/www.smpengineeredsolutions.com\\\/de\\\/produkte\\\/gleichstromschuetze\\\/schuetze-der-defender-baureihe\\\/\",\"url\":\"https:\\\/\\\/www.smpengineeredsolutions.com\\\/de\\\/produkte\\\/gleichstromschuetze\\\/schuetze-der-defender-baureihe\\\/\",\"name\":\"Sch\u00fctze der Defender-Familie | DC-Sch\u00fctze | Trombetta | Standard Motor Products, Inc\",\"isPartOf\":{\"@id\":\"https:\\\/\\\/www.a.smpengineeredsolutions.com\\\/#website\"},\"primaryImageOfPage\":{\"@id\":\"https:\\\/\\\/www.smpengineeredsolutions.com\\\/de\\\/produkte\\\/gleichstromschuetze\\\/schuetze-der-defender-baureihe\\\/#primaryimage\"},\"image\":{\"@id\":\"https:\\\/\\\/www.smpengineeredsolutions.com\\\/de\\\/produkte\\\/gleichstromschuetze\\\/schuetze-der-defender-baureihe\\\/#primaryimage\"},\"thumbnailUrl\":\"https:\\\/\\\/www.smpengineeredsolutions.com\\\/wp-content\\\/uploads\\\/SMP-Trombetta-4C-500x75.png\",\"datePublished\":\"2023-01-09T19:03:35+00:00\",\"dateModified\":\"2025-01-09T16:58:19+00:00\",\"description\":\"Entdecken Sie unsere Sch\u00fctze der Defender-Familie. Die zuverl\u00e4ssigen und robusten Sch\u00fctze der Defender-Serie sind Ihre Hauptstromrelaisl\u00f6sung. Erfahren Sie mehr!\",\"breadcrumb\":{\"@id\":\"https:\\\/\\\/www.smpengineeredsolutions.com\\\/de\\\/produkte\\\/gleichstromschuetze\\\/schuetze-der-defender-baureihe\\\/#breadcrumb\"},\"inLanguage\":\"de\",\"potentialAction\":[{\"@type\":\"ReadAction\",\"target\":[\"https:\\\/\\\/www.smpengineeredsolutions.com\\\/de\\\/produkte\\\/gleichstromschuetze\\\/schuetze-der-defender-baureihe\\\/\"]}]},{\"@type\":\"ImageObject\",\"inLanguage\":\"de\",\"@id\":\"https:\\\/\\\/www.smpengineeredsolutions.com\\\/de\\\/produkte\\\/gleichstromschuetze\\\/schuetze-der-defender-baureihe\\\/#primaryimage\",\"url\":\"https:\\\/\\\/www.smpengineeredsolutions.com\\\/wp-content\\\/uploads\\\/SMP-Trombetta-4C-500x75.png\",\"contentUrl\":\"https:\\\/\\\/www.smpengineeredsolutions.com\\\/wp-content\\\/uploads\\\/SMP-Trombetta-4C-500x75.png\"},{\"@type\":\"BreadcrumbList\",\"@id\":\"https:\\\/\\\/www.smpengineeredsolutions.com\\\/de\\\/produkte\\\/gleichstromschuetze\\\/schuetze-der-defender-baureihe\\\/#breadcrumb\",\"itemListElement\":[{\"@type\":\"ListItem\",\"position\":1,\"name\":\"Home\",\"item\":\"https:\\\/\\\/www.a.smpengineeredsolutions.com\\\/de\\\/\"},{\"@type\":\"ListItem\",\"position\":2,\"name\":\"Produkte\",\"item\":\"https:\\\/\\\/www.96ce9a62-fe5f-4a67-a933-f08256570101.a.smpengineeredsolutions.com\\\/de\\\/produkte\\\/\"},{\"@type\":\"ListItem\",\"position\":3,\"name\":\"Gleichstromsch\u00fctze\",\"item\":\"https:\\\/\\\/www.smpengineeredsolutions.com\\\/de\\\/produkte\\\/gleichstromschuetze\\\/\"},{\"@type\":\"ListItem\",\"position\":4,\"name\":\"Sch\u00fctze der Defender-Baureihe\"}]},{\"@type\":\"WebSite\",\"@id\":\"https:\\\/\\\/www.a.smpengineeredsolutions.com\\\/#website\",\"url\":\"https:\\\/\\\/www.a.smpengineeredsolutions.com\\\/\",\"name\":\"Standard Motor Products, Inc.\",\"description\":\"\",\"publisher\":{\"@id\":\"https:\\\/\\\/www.a.smpengineeredsolutions.com\\\/#organization\"},\"potentialAction\":[{\"@type\":\"SearchAction\",\"target\":{\"@type\":\"EntryPoint\",\"urlTemplate\":\"https:\\\/\\\/www.a.smpengineeredsolutions.com\\\/?s={search_term_string}\"},\"query-input\":{\"@type\":\"PropertyValueSpecification\",\"valueRequired\":true,\"valueName\":\"search_term_string\"}}],\"inLanguage\":\"de\"},{\"@type\":\"Organization\",\"@id\":\"https:\\\/\\\/www.a.smpengineeredsolutions.com\\\/#organization\",\"name\":\"SMP\u00ae Engineered Solutions\",\"url\":\"https:\\\/\\\/www.a.smpengineeredsolutions.com\\\/\",\"logo\":{\"@type\":\"ImageObject\",\"inLanguage\":\"de\",\"@id\":\"https:\\\/\\\/www.a.smpengineeredsolutions.com\\\/#\\\/schema\\\/logo\\\/image\\\/\",\"url\":\"https:\\\/\\\/www.a.smpengineeredsolutions.com\\\/wp-content\\\/uploads\\\/smp-logo.png\",\"contentUrl\":\"https:\\\/\\\/www.a.smpengineeredsolutions.com\\\/wp-content\\\/uploads\\\/smp-logo.png\",\"width\":264,\"height\":117,\"caption\":\"SMP\u00ae Engineered Solutions\"},\"image\":{\"@id\":\"https:\\\/\\\/www.a.smpengineeredsolutions.com\\\/#\\\/schema\\\/logo\\\/image\\\/\"},\"sameAs\":[\"https:\\\/\\\/www.youtube.com\\\/@StandardMotorProductsInc\",\"https:\\\/\\\/www.linkedin.com\\\/company\\\/standard-motor-products\"]}]}<\/script>\n<!-- \/ Yoast SEO Premium plugin. -->","yoast_head_json":{"title":"Sch\u00fctze der Defender-Familie | DC-Sch\u00fctze | Trombetta | Standard Motor Products, Inc","description":"Entdecken Sie unsere Sch\u00fctze der Defender-Familie. Die zuverl\u00e4ssigen und robusten Sch\u00fctze der Defender-Serie sind Ihre Hauptstromrelaisl\u00f6sung. Erfahren Sie mehr!","robots":{"index":"index","follow":"follow","max-snippet":"max-snippet:-1","max-image-preview":"max-image-preview:large","max-video-preview":"max-video-preview:-1"},"canonical":"https:\/\/www.smpengineeredsolutions.com\/de\/produkte\/gleichstromschuetze\/schuetze-der-defender-baureihe\/","og_locale":"de_DE","og_type":"article","og_title":"Sch\u00fctze der Defender-Baureihe","og_description":"Entdecken Sie unsere Sch\u00fctze der Defender-Familie. Die zuverl\u00e4ssigen und robusten Sch\u00fctze der Defender-Serie sind Ihre Hauptstromrelaisl\u00f6sung. Erfahren Sie mehr!","og_url":"https:\/\/www.smpengineeredsolutions.com\/de\/produkte\/gleichstromschuetze\/schuetze-der-defender-baureihe\/","og_site_name":"Standard Motor Products, Inc.","article_modified_time":"2025-01-09T16:58:19+00:00","og_image":[{"url":"https:\/\/www.smpengineeredsolutions.com\/wp-content\/uploads\/SMP-Trombetta-4C-500x75.png","type":"","width":"","height":""}],"twitter_misc":{"Gesch\u00e4tzte Lesezeit":"2\u00a0Minuten"},"schema":{"@context":"https:\/\/schema.org","@graph":[{"@type":"WebPage","@id":"https:\/\/www.smpengineeredsolutions.com\/de\/produkte\/gleichstromschuetze\/schuetze-der-defender-baureihe\/","url":"https:\/\/www.smpengineeredsolutions.com\/de\/produkte\/gleichstromschuetze\/schuetze-der-defender-baureihe\/","name":"Sch\u00fctze der Defender-Familie | DC-Sch\u00fctze | Trombetta | Standard Motor Products, Inc","isPartOf":{"@id":"https:\/\/www.a.smpengineeredsolutions.com\/#website"},"primaryImageOfPage":{"@id":"https:\/\/www.smpengineeredsolutions.com\/de\/produkte\/gleichstromschuetze\/schuetze-der-defender-baureihe\/#primaryimage"},"image":{"@id":"https:\/\/www.smpengineeredsolutions.com\/de\/produkte\/gleichstromschuetze\/schuetze-der-defender-baureihe\/#primaryimage"},"thumbnailUrl":"https:\/\/www.smpengineeredsolutions.com\/wp-content\/uploads\/SMP-Trombetta-4C-500x75.png","datePublished":"2023-01-09T19:03:35+00:00","dateModified":"2025-01-09T16:58:19+00:00","description":"Entdecken Sie unsere Sch\u00fctze der Defender-Familie. Die zuverl\u00e4ssigen und robusten Sch\u00fctze der Defender-Serie sind Ihre Hauptstromrelaisl\u00f6sung. Erfahren Sie mehr!","breadcrumb":{"@id":"https:\/\/www.smpengineeredsolutions.com\/de\/produkte\/gleichstromschuetze\/schuetze-der-defender-baureihe\/#breadcrumb"},"inLanguage":"de","potentialAction":[{"@type":"ReadAction","target":["https:\/\/www.smpengineeredsolutions.com\/de\/produkte\/gleichstromschuetze\/schuetze-der-defender-baureihe\/"]}]},{"@type":"ImageObject","inLanguage":"de","@id":"https:\/\/www.smpengineeredsolutions.com\/de\/produkte\/gleichstromschuetze\/schuetze-der-defender-baureihe\/#primaryimage","url":"https:\/\/www.smpengineeredsolutions.com\/wp-content\/uploads\/SMP-Trombetta-4C-500x75.png","contentUrl":"https:\/\/www.smpengineeredsolutions.com\/wp-content\/uploads\/SMP-Trombetta-4C-500x75.png"},{"@type":"BreadcrumbList","@id":"https:\/\/www.smpengineeredsolutions.com\/de\/produkte\/gleichstromschuetze\/schuetze-der-defender-baureihe\/#breadcrumb","itemListElement":[{"@type":"ListItem","position":1,"name":"Home","item":"https:\/\/www.a.smpengineeredsolutions.com\/de\/"},{"@type":"ListItem","position":2,"name":"Produkte","item":"https:\/\/www.96ce9a62-fe5f-4a67-a933-f08256570101.a.smpengineeredsolutions.com\/de\/produkte\/"},{"@type":"ListItem","position":3,"name":"Gleichstromsch\u00fctze","item":"https:\/\/www.smpengineeredsolutions.com\/de\/produkte\/gleichstromschuetze\/"},{"@type":"ListItem","position":4,"name":"Sch\u00fctze der Defender-Baureihe"}]},{"@type":"WebSite","@id":"https:\/\/www.a.smpengineeredsolutions.com\/#website","url":"https:\/\/www.a.smpengineeredsolutions.com\/","name":"Standard Motor Products, Inc.","description":"","publisher":{"@id":"https:\/\/www.a.smpengineeredsolutions.com\/#organization"},"potentialAction":[{"@type":"SearchAction","target":{"@type":"EntryPoint","urlTemplate":"https:\/\/www.a.smpengineeredsolutions.com\/?s={search_term_string}"},"query-input":{"@type":"PropertyValueSpecification","valueRequired":true,"valueName":"search_term_string"}}],"inLanguage":"de"},{"@type":"Organization","@id":"https:\/\/www.a.smpengineeredsolutions.com\/#organization","name":"SMP\u00ae Engineered Solutions","url":"https:\/\/www.a.smpengineeredsolutions.com\/","logo":{"@type":"ImageObject","inLanguage":"de","@id":"https:\/\/www.a.smpengineeredsolutions.com\/#\/schema\/logo\/image\/","url":"https:\/\/www.a.smpengineeredsolutions.com\/wp-content\/uploads\/smp-logo.png","contentUrl":"https:\/\/www.a.smpengineeredsolutions.com\/wp-content\/uploads\/smp-logo.png","width":264,"height":117,"caption":"SMP\u00ae Engineered Solutions"},"image":{"@id":"https:\/\/www.a.smpengineeredsolutions.com\/#\/schema\/logo\/image\/"},"sameAs":["https:\/\/www.youtube.com\/@StandardMotorProductsInc","https:\/\/www.linkedin.com\/company\/standard-motor-products"]}]}},"_links":{"self":[{"href":"https:\/\/www.smpengineeredsolutions.com\/de\/wp-json\/wp\/v2\/pages\/4693","targetHints":{"allow":["GET"]}}],"collection":[{"href":"https:\/\/www.smpengineeredsolutions.com\/de\/wp-json\/wp\/v2\/pages"}],"about":[{"href":"https:\/\/www.smpengineeredsolutions.com\/de\/wp-json\/wp\/v2\/types\/page"}],"author":[{"embeddable":true,"href":"https:\/\/www.smpengineeredsolutions.com\/de\/wp-json\/wp\/v2\/users\/27"}],"replies":[{"embeddable":true,"href":"https:\/\/www.smpengineeredsolutions.com\/de\/wp-json\/wp\/v2\/comments?post=4693"}],"version-history":[{"count":4,"href":"https:\/\/www.smpengineeredsolutions.com\/de\/wp-json\/wp\/v2\/pages\/4693\/revisions"}],"predecessor-version":[{"id":7651,"href":"https:\/\/www.smpengineeredsolutions.com\/de\/wp-json\/wp\/v2\/pages\/4693\/revisions\/7651"}],"up":[{"embeddable":true,"href":"https:\/\/www.smpengineeredsolutions.com\/de\/wp-json\/wp\/v2\/pages\/4692"}],"wp:attachment":[{"href":"https:\/\/www.smpengineeredsolutions.com\/de\/wp-json\/wp\/v2\/media?parent=4693"}],"curies":[{"name":"wp","href":"https:\/\/api.w.org\/{rel}","templated":true}]}}