{"id":4692,"date":"2023-01-09T14:01:42","date_gmt":"2023-01-09T19:01:42","guid":{"rendered":"https:\/\/smpengineeredsolutions.com\/?page_id=4692"},"modified":"2024-07-24T12:59:20","modified_gmt":"2024-07-24T16:59:20","slug":"gleichstromschuetze","status":"publish","type":"page","link":"https:\/\/www.smpengineeredsolutions.com\/de\/produkte\/gleichstromschuetze\/","title":{"rendered":"Gleichstromsch\u00fctze"},"content":{"rendered":"<h2><img loading=\"lazy\" decoding=\"async\" class=\"wp-image-6875 alignright\" src=\"https:\/\/www.smpengineeredsolutions.com\/wp-content\/uploads\/DC-Contactor-Products-500x361.jpg\" alt=\"\" width=\"406\" height=\"293\" srcset=\"https:\/\/www.smpengineeredsolutions.com\/wp-content\/uploads\/DC-Contactor-Products-500x361.jpg 500w, https:\/\/www.smpengineeredsolutions.com\/wp-content\/uploads\/DC-Contactor-Products-1024x739.jpg 1024w, https:\/\/www.smpengineeredsolutions.com\/wp-content\/uploads\/DC-Contactor-Products-768x554.jpg 768w, https:\/\/www.smpengineeredsolutions.com\/wp-content\/uploads\/DC-Contactor-Products.jpg 1500w\" sizes=\"auto, (max-width: 406px) 100vw, 406px\" \/>Was ist ein Gleichstromsch\u00fctz?<\/h2>\n<p>Ein Gleichstromsch\u00fctz ist ein elektrisches Schaltger\u00e4t, das in der Lage ist, hohe Stromst\u00e4rken zu verarbeiten. Das Sch\u00fctz funktioniert durch Anlegen einer Spannung an die Spule. Dadurch wird ein Magnetfeld erzeugt, das die Kontakte in die geschlossene Position bewegt und den Stromkreis schlie\u00dft. Sobald die Spannung von der Spule genommen wird, \u00f6ffnen sich die Kontakte wieder und unterbrechen den Stromkreis. Die gro\u00dfe Kontaktfl\u00e4che und der hohe Kontaktdruck erm\u00f6glichen es dem Sch\u00fctz, die h\u00f6heren Einschaltstr\u00f6me zu bew\u00e4ltigen, die typischerweise auf dem Markt f\u00fcr mobile Ger\u00e4te auftreten.<\/p>\n<h2>Hauptmerkmale von DC-Sch\u00fctzen<\/h2>\n<table>\n<thead>\n<tr>\n<th>\n<p style=\"text-align: left;\">Vollsilber Powerseal<\/p>\n<ul>\n<li style=\"font-weight: 400; text-align: left;\" aria-level=\"1\">Einzigartig konzipiert f\u00fcr Anwendungen mit hoher Stromaufnahme<\/li>\n<li style=\"font-weight: 400; text-align: left;\" aria-level=\"1\">Widerstandsf\u00e4higkeit gegen\u00fcber schwierigen Umweltbedingungen<\/li>\n<\/ul>\n<p style=\"text-align: left;\">Verteidiger<\/p>\n<ul>\n<li style=\"font-weight: 400; text-align: left;\" aria-level=\"1\">Hermetisch versiegelt, um Schaltfunktionen unter rauen Bedingungen zu gew\u00e4hrleisten<\/li>\n<li style=\"font-weight: 400; text-align: left;\" aria-level=\"1\">Entwickelt f\u00fcr das Schalten mit geringem Strom bei niedrigen Temperaturen<\/li>\n<\/ul>\n<p style=\"text-align: left;\">Umgekehrte Polarit\u00e4t<\/p>\n<ul>\n<li style=\"font-weight: 400; text-align: left;\" aria-level=\"1\">Kosteng\u00fcnstige L\u00f6sung<\/li>\n<li style=\"font-weight: 400; text-align: left;\" aria-level=\"1\">Kompakt und wirtschaftlich gebaut<\/li>\n<\/ul>\n<p style=\"text-align: left;\">B\u00e4r<\/p>\n<ul>\n<li style=\"font-weight: 400; text-align: left;\" aria-level=\"1\">Bietet eine hohe Stromkapazit\u00e4t<\/li>\n<li style=\"font-weight: 400; text-align: left;\" aria-level=\"1\">Bew\u00e4hrte robuste Konstruktion<\/li>\n<\/ul>\n<p style=\"text-align: left;\">Batterietrennschalter 200A mit Verriegelung<\/p>\n<ul>\n<li style=\"font-weight: 400; text-align: left;\" aria-level=\"1\">M\u00f6glichkeit zur \u00dcberwachung der Spannungspegel von zwei Batterien und Anschluss beider Batterien an die Lichtmaschine zum Laden<\/li>\n<li style=\"font-weight: 400; text-align: left;\" aria-level=\"1\">Gebaut, um rauen Bedingungen standzuhalten<\/li>\n<\/ul>\n<\/th>\n<th>\n<p style=\"text-align: left;\">Familie der Kunststoffe<\/p>\n<ul>\n<li style=\"font-weight: 400; text-align: left;\" aria-level=\"1\">Verbesserte versiegelte Optionen<\/li>\n<li style=\"font-weight: 400; text-align: left;\" aria-level=\"1\">Kompakt und wirtschaftlich gebaut<\/li>\n<\/ul>\n<p style=\"text-align: left;\">PowerSeal-Familie<\/p>\n<ul>\n<li style=\"font-weight: 400; text-align: left;\" aria-level=\"1\">Optimiert f\u00fcr hohe Leistung zu einem wettbewerbsf\u00e4higen Preis<\/li>\n<li style=\"font-weight: 400; text-align: left;\" aria-level=\"1\">Enth\u00e4lt eine versiegelte Konstruktion<\/li>\n<\/ul>\n<p style=\"text-align: left;\">Halbleiterrelais<\/p>\n<ul>\n<li style=\"font-weight: 400; text-align: left;\" aria-level=\"1\">Lange Lebensdauer im Vergleich zu anderen Leistungssch\u00fctzen seiner Klasse<\/li>\n<li style=\"font-weight: 400; text-align: left;\" aria-level=\"1\">Vertr\u00e4gt raue Umgebungsbedingungen, einschlie\u00dflich Vibrationen, Feuchtigkeit, Schmutz und einen gro\u00dfen Betriebstemperaturbereich<\/li>\n<\/ul>\n<p style=\"text-align: left;\">Metall-Familie<\/p>\n<ul>\n<li style=\"font-weight: 400; text-align: left;\" aria-level=\"1\">Traditionelles Gleichstromsch\u00fctz, das immer noch in einer Vielzahl von Anwendungen eingesetzt wird<\/li>\n<\/ul>\n<p style=\"text-align: left;\">Intelligentes Sch\u00fctz<\/p>\n<ul>\n<li style=\"font-weight: 400; text-align: left;\" aria-level=\"1\">Programmierbare Leistung<\/li>\n<li style=\"font-weight: 400; text-align: left;\" aria-level=\"1\">Ultraleicht<\/li>\n<li style=\"font-weight: 400; text-align: left;\" aria-level=\"1\"><span style=\"font-weight: 400;\">Verbesserte Zuverl\u00e4ssigkeit <\/span><\/li>\n<li style=\"font-weight: 400; text-align: left;\" aria-level=\"1\">Umweltfreundlich versiegelt<\/li>\n<\/ul>\n<\/th>\n<\/tr>\n<\/thead>\n<\/table>\n<h2>H\u00e4ufigste Anwendung<\/h2>\n<p>DC-Sch\u00fctze eignen sich am besten f\u00fcr Hochstromanwendungen wie z. B.:<\/p>\n<ul>\n<li>Hochbelastbare Heizung<\/li>\n<li>Motor<\/li>\n<li>Energiespeichersysteme<\/li>\n<li>Fahrzeugbatteriesysteme (Landwirtschaft, Baugewerbe, Schwerlastkraftwagen, Rasen- und Gartenger\u00e4te sowie Schiffsausr\u00fcstung)<\/li>\n<\/ul>\n<p>Die DC-Sch\u00fctze von SMP sind <a href=\"https:\/\/www.smpengineeredsolutions.com\/de\/produkte\/leistungsverteiler\/\">robust und kosteneffizient<\/a>. Wir bieten eine breite Auswahl der leistungsst\u00e4rksten Standard-Gleichstromsch\u00fctze an, die an die genauen Spezifikationen des Kunden angepasst werden k\u00f6nnen, einschlie\u00dflich Spulenbetrieb und Montagehalterungskonfiguration. Sie k\u00f6nnen als Komponenten in neuen Systemen oder als OEM-Ersatzteile in bestehenden Systemen verwendet werden.<\/p>\n<p><strong>H\u00e4ufig gestellte Fragen zu unseren DC-Sch\u00fctzen<\/strong><\/p>\n<p>Was sind die Hauptmerkmale der DC-Sch\u00fctze von SMP Trombetta? Unsere langlebigen DC-Sch\u00fctze sind haltbar und so konzipiert, dass sie rauen Umgebungsbedingungen standhalten.<\/p>\n<p>Wie hoch ist die Lebenserwartung eines Gleichstromsch\u00fctzes? Die Lebensdauer variiert je nach Familie, wird aber regelm\u00e4\u00dfig durch Tests ver\u00e4ndert.<\/p>\n<p>Funktioniert das DC-Sch\u00fctz in einer Lithium-Ionen-Batterieanwendung? Ja, aber es ist ein spezieller Eingangsspannungskreis erforderlich. Weitere Informationen finden Sie in unserem intelligenten Sch\u00fctz.<\/p>\n<p>Wenn Sie Preise oder andere Einzelheiten zu einem unserer Produkte erfahren m\u00f6chten, nehmen Sie noch heute <a href=\"https:\/\/www.smpengineeredsolutions.com\/de\/kontakt\/\">Kontakt<\/a> mit uns auf, und sehen Sie sich oben unsere Produktfamilien an.<\/p>\n","protected":false},"excerpt":{"rendered":"<p>Was ist ein Gleichstromsch\u00fctz? Ein Gleichstromsch\u00fctz ist ein elektrisches Schaltger\u00e4t, das in der Lage ist, hohe Stromst\u00e4rken zu verarbeiten. Das Sch\u00fctz funktioniert durch Anlegen einer Spannung an die Spule. Dadurch wird ein Magnetfeld erzeugt, das die Kontakte in die geschlossene Position bewegt und den Stromkreis schlie\u00dft. Sobald die Spannung von der Spule genommen wird, \u00f6ffnen&#8230; [&#8230;]<\/p>\n<p><a class=\"btn btn-secondary understrap-read-more-link\" href=\"https:\/\/www.smpengineeredsolutions.com\/de\/produkte\/gleichstromschuetze\/\">Weiterlesen&#8230;<\/a><\/p>\n","protected":false},"author":27,"featured_media":0,"parent":4643,"menu_order":0,"comment_status":"closed","ping_status":"closed","template":"page-templates\/destination-content.php","meta":{"_acf_changed":false,"inline_featured_image":false,"footnotes":""},"class_list":["post-4692","page","type-page","status-publish","hentry"],"featured_image_src":null,"acf":[],"yoast_head":"<!-- This site is optimized with the Yoast SEO Premium plugin v27.2 (Yoast SEO v27.2) - https:\/\/yoast.com\/product\/yoast-seo-premium-wordpress\/ -->\n<title>Gleichstromsch\u00fctze | Direct Current (DC) Contactor | SMP, Inc.<\/title>\n<meta name=\"description\" content=\"Entdecken Sie unsere robusten Gleichstromsch\u00fctze (DC). Unsere DC-Sch\u00fctze sind f\u00fcr Hochstromanwendungen in verschiedenen Branchen konzipiert.\" \/>\n<meta name=\"robots\" content=\"index, follow, max-snippet:-1, max-image-preview:large, max-video-preview:-1\" \/>\n<link rel=\"canonical\" href=\"https:\/\/www.smpengineeredsolutions.com\/de\/produkte\/gleichstromschuetze\/\" \/>\n<meta property=\"og:locale\" content=\"de_DE\" \/>\n<meta property=\"og:type\" content=\"article\" \/>\n<meta property=\"og:title\" content=\"Gleichstromsch\u00fctze\" \/>\n<meta property=\"og:description\" content=\"Entdecken Sie unsere robusten Gleichstromsch\u00fctze (DC). Unsere DC-Sch\u00fctze sind f\u00fcr Hochstromanwendungen in verschiedenen Branchen konzipiert.\" \/>\n<meta property=\"og:url\" content=\"https:\/\/www.smpengineeredsolutions.com\/de\/produkte\/gleichstromschuetze\/\" \/>\n<meta property=\"og:site_name\" content=\"Standard Motor Products, Inc.\" \/>\n<meta property=\"article:modified_time\" content=\"2024-07-24T16:59:20+00:00\" \/>\n<meta property=\"og:image\" content=\"https:\/\/www.smpengineeredsolutions.com\/wp-content\/uploads\/DC-Contactor-Products-500x361.jpg\" \/>\n<meta name=\"twitter:label1\" content=\"Gesch\u00e4tzte Lesezeit\" \/>\n\t<meta name=\"twitter:data1\" content=\"2\u00a0Minuten\" \/>\n<script type=\"application\/ld+json\" class=\"yoast-schema-graph\">{\"@context\":\"https:\/\/schema.org\",\"@graph\":[{\"@type\":\"WebPage\",\"@id\":\"https:\/\/www.smpengineeredsolutions.com\/de\/produkte\/gleichstromschuetze\/\",\"url\":\"https:\/\/www.smpengineeredsolutions.com\/de\/produkte\/gleichstromschuetze\/\",\"name\":\"Gleichstromsch\u00fctze | Direct Current (DC) Contactor | SMP, Inc.\",\"isPartOf\":{\"@id\":\"https:\/\/www.gmail.smpengineeredsolutions.com\/de\/#website\"},\"primaryImageOfPage\":{\"@id\":\"https:\/\/www.smpengineeredsolutions.com\/de\/produkte\/gleichstromschuetze\/#primaryimage\"},\"image\":{\"@id\":\"https:\/\/www.smpengineeredsolutions.com\/de\/produkte\/gleichstromschuetze\/#primaryimage\"},\"thumbnailUrl\":\"https:\/\/www.smpengineeredsolutions.com\/wp-content\/uploads\/DC-Contactor-Products-500x361.jpg\",\"datePublished\":\"2023-01-09T19:01:42+00:00\",\"dateModified\":\"2024-07-24T16:59:20+00:00\",\"description\":\"Entdecken Sie unsere robusten Gleichstromsch\u00fctze (DC). Unsere DC-Sch\u00fctze sind f\u00fcr Hochstromanwendungen in verschiedenen Branchen konzipiert.\",\"breadcrumb\":{\"@id\":\"https:\/\/www.smpengineeredsolutions.com\/de\/produkte\/gleichstromschuetze\/#breadcrumb\"},\"inLanguage\":\"de\",\"potentialAction\":[{\"@type\":\"ReadAction\",\"target\":[\"https:\/\/www.smpengineeredsolutions.com\/de\/produkte\/gleichstromschuetze\/\"]}]},{\"@type\":\"ImageObject\",\"inLanguage\":\"de\",\"@id\":\"https:\/\/www.smpengineeredsolutions.com\/de\/produkte\/gleichstromschuetze\/#primaryimage\",\"url\":\"https:\/\/www.smpengineeredsolutions.com\/wp-content\/uploads\/DC-Contactor-Products-500x361.jpg\",\"contentUrl\":\"https:\/\/www.smpengineeredsolutions.com\/wp-content\/uploads\/DC-Contactor-Products-500x361.jpg\"},{\"@type\":\"BreadcrumbList\",\"@id\":\"https:\/\/www.smpengineeredsolutions.com\/de\/produkte\/gleichstromschuetze\/#breadcrumb\",\"itemListElement\":[{\"@type\":\"ListItem\",\"position\":1,\"name\":\"Home\",\"item\":\"https:\/\/www._minecraft._tcp.smpengineeredsolutions.com\/de\/\"},{\"@type\":\"ListItem\",\"position\":2,\"name\":\"Produkte\",\"item\":\"https:\/\/www._minecraft._tcp.smpengineeredsolutions.com\/de\/produkte\/\"},{\"@type\":\"ListItem\",\"position\":3,\"name\":\"Gleichstromsch\u00fctze\"}]},{\"@type\":\"WebSite\",\"@id\":\"https:\/\/www.gmail.smpengineeredsolutions.com\/de\/#website\",\"url\":\"https:\/\/www.gmail.smpengineeredsolutions.com\/de\/\",\"name\":\"Standard Motor Products, Inc.\",\"description\":\"\",\"publisher\":{\"@id\":\"https:\/\/www.gmail.smpengineeredsolutions.com\/de\/#organization\"},\"potentialAction\":[{\"@type\":\"SearchAction\",\"target\":{\"@type\":\"EntryPoint\",\"urlTemplate\":\"https:\/\/www.gmail.smpengineeredsolutions.com\/de\/?s={search_term_string}\"},\"query-input\":{\"@type\":\"PropertyValueSpecification\",\"valueRequired\":true,\"valueName\":\"search_term_string\"}}],\"inLanguage\":\"de\"},{\"@type\":\"Organization\",\"@id\":\"https:\/\/www.gmail.smpengineeredsolutions.com\/de\/#organization\",\"name\":\"SMP\u00ae Engineered Solutions\",\"url\":\"https:\/\/www.gmail.smpengineeredsolutions.com\/de\/\",\"logo\":{\"@type\":\"ImageObject\",\"inLanguage\":\"de\",\"@id\":\"https:\/\/www.gmail.smpengineeredsolutions.com\/de\/#\/schema\/logo\/image\/\",\"url\":\"https:\/\/www.a.smpengineeredsolutions.com\/wp-content\/uploads\/smp-logo.png\",\"contentUrl\":\"https:\/\/www.a.smpengineeredsolutions.com\/wp-content\/uploads\/smp-logo.png\",\"width\":264,\"height\":117,\"caption\":\"SMP\u00ae Engineered Solutions\"},\"image\":{\"@id\":\"https:\/\/www.gmail.smpengineeredsolutions.com\/de\/#\/schema\/logo\/image\/\"},\"sameAs\":[\"https:\/\/www.youtube.com\/@StandardMotorProductsInc\",\"https:\/\/www.linkedin.com\/company\/standard-motor-products\"]}]}<\/script>\n<!-- \/ Yoast SEO Premium plugin. -->","yoast_head_json":{"title":"Gleichstromsch\u00fctze | Direct Current (DC) Contactor | SMP, Inc.","description":"Entdecken Sie unsere robusten Gleichstromsch\u00fctze (DC). Unsere DC-Sch\u00fctze sind f\u00fcr Hochstromanwendungen in verschiedenen Branchen konzipiert.","robots":{"index":"index","follow":"follow","max-snippet":"max-snippet:-1","max-image-preview":"max-image-preview:large","max-video-preview":"max-video-preview:-1"},"canonical":"https:\/\/www.smpengineeredsolutions.com\/de\/produkte\/gleichstromschuetze\/","og_locale":"de_DE","og_type":"article","og_title":"Gleichstromsch\u00fctze","og_description":"Entdecken Sie unsere robusten Gleichstromsch\u00fctze (DC). Unsere DC-Sch\u00fctze sind f\u00fcr Hochstromanwendungen in verschiedenen Branchen konzipiert.","og_url":"https:\/\/www.smpengineeredsolutions.com\/de\/produkte\/gleichstromschuetze\/","og_site_name":"Standard Motor Products, Inc.","article_modified_time":"2024-07-24T16:59:20+00:00","og_image":[{"url":"https:\/\/www.smpengineeredsolutions.com\/wp-content\/uploads\/DC-Contactor-Products-500x361.jpg","type":"","width":"","height":""}],"twitter_misc":{"Gesch\u00e4tzte Lesezeit":"2\u00a0Minuten"},"schema":{"@context":"https:\/\/schema.org","@graph":[{"@type":"WebPage","@id":"https:\/\/www.smpengineeredsolutions.com\/de\/produkte\/gleichstromschuetze\/","url":"https:\/\/www.smpengineeredsolutions.com\/de\/produkte\/gleichstromschuetze\/","name":"Gleichstromsch\u00fctze | Direct Current (DC) Contactor | SMP, Inc.","isPartOf":{"@id":"https:\/\/www.gmail.smpengineeredsolutions.com\/de\/#website"},"primaryImageOfPage":{"@id":"https:\/\/www.smpengineeredsolutions.com\/de\/produkte\/gleichstromschuetze\/#primaryimage"},"image":{"@id":"https:\/\/www.smpengineeredsolutions.com\/de\/produkte\/gleichstromschuetze\/#primaryimage"},"thumbnailUrl":"https:\/\/www.smpengineeredsolutions.com\/wp-content\/uploads\/DC-Contactor-Products-500x361.jpg","datePublished":"2023-01-09T19:01:42+00:00","dateModified":"2024-07-24T16:59:20+00:00","description":"Entdecken Sie unsere robusten Gleichstromsch\u00fctze (DC). Unsere DC-Sch\u00fctze sind f\u00fcr Hochstromanwendungen in verschiedenen Branchen konzipiert.","breadcrumb":{"@id":"https:\/\/www.smpengineeredsolutions.com\/de\/produkte\/gleichstromschuetze\/#breadcrumb"},"inLanguage":"de","potentialAction":[{"@type":"ReadAction","target":["https:\/\/www.smpengineeredsolutions.com\/de\/produkte\/gleichstromschuetze\/"]}]},{"@type":"ImageObject","inLanguage":"de","@id":"https:\/\/www.smpengineeredsolutions.com\/de\/produkte\/gleichstromschuetze\/#primaryimage","url":"https:\/\/www.smpengineeredsolutions.com\/wp-content\/uploads\/DC-Contactor-Products-500x361.jpg","contentUrl":"https:\/\/www.smpengineeredsolutions.com\/wp-content\/uploads\/DC-Contactor-Products-500x361.jpg"},{"@type":"BreadcrumbList","@id":"https:\/\/www.smpengineeredsolutions.com\/de\/produkte\/gleichstromschuetze\/#breadcrumb","itemListElement":[{"@type":"ListItem","position":1,"name":"Home","item":"https:\/\/www._minecraft._tcp.smpengineeredsolutions.com\/de\/"},{"@type":"ListItem","position":2,"name":"Produkte","item":"https:\/\/www._minecraft._tcp.smpengineeredsolutions.com\/de\/produkte\/"},{"@type":"ListItem","position":3,"name":"Gleichstromsch\u00fctze"}]},{"@type":"WebSite","@id":"https:\/\/www.gmail.smpengineeredsolutions.com\/de\/#website","url":"https:\/\/www.gmail.smpengineeredsolutions.com\/de\/","name":"Standard Motor Products, Inc.","description":"","publisher":{"@id":"https:\/\/www.gmail.smpengineeredsolutions.com\/de\/#organization"},"potentialAction":[{"@type":"SearchAction","target":{"@type":"EntryPoint","urlTemplate":"https:\/\/www.gmail.smpengineeredsolutions.com\/de\/?s={search_term_string}"},"query-input":{"@type":"PropertyValueSpecification","valueRequired":true,"valueName":"search_term_string"}}],"inLanguage":"de"},{"@type":"Organization","@id":"https:\/\/www.gmail.smpengineeredsolutions.com\/de\/#organization","name":"SMP\u00ae Engineered Solutions","url":"https:\/\/www.gmail.smpengineeredsolutions.com\/de\/","logo":{"@type":"ImageObject","inLanguage":"de","@id":"https:\/\/www.gmail.smpengineeredsolutions.com\/de\/#\/schema\/logo\/image\/","url":"https:\/\/www.a.smpengineeredsolutions.com\/wp-content\/uploads\/smp-logo.png","contentUrl":"https:\/\/www.a.smpengineeredsolutions.com\/wp-content\/uploads\/smp-logo.png","width":264,"height":117,"caption":"SMP\u00ae Engineered Solutions"},"image":{"@id":"https:\/\/www.gmail.smpengineeredsolutions.com\/de\/#\/schema\/logo\/image\/"},"sameAs":["https:\/\/www.youtube.com\/@StandardMotorProductsInc","https:\/\/www.linkedin.com\/company\/standard-motor-products"]}]}},"_links":{"self":[{"href":"https:\/\/www.smpengineeredsolutions.com\/de\/wp-json\/wp\/v2\/pages\/4692","targetHints":{"allow":["GET"]}}],"collection":[{"href":"https:\/\/www.smpengineeredsolutions.com\/de\/wp-json\/wp\/v2\/pages"}],"about":[{"href":"https:\/\/www.smpengineeredsolutions.com\/de\/wp-json\/wp\/v2\/types\/page"}],"author":[{"embeddable":true,"href":"https:\/\/www.smpengineeredsolutions.com\/de\/wp-json\/wp\/v2\/users\/27"}],"replies":[{"embeddable":true,"href":"https:\/\/www.smpengineeredsolutions.com\/de\/wp-json\/wp\/v2\/comments?post=4692"}],"version-history":[{"count":4,"href":"https:\/\/www.smpengineeredsolutions.com\/de\/wp-json\/wp\/v2\/pages\/4692\/revisions"}],"predecessor-version":[{"id":7003,"href":"https:\/\/www.smpengineeredsolutions.com\/de\/wp-json\/wp\/v2\/pages\/4692\/revisions\/7003"}],"up":[{"embeddable":true,"href":"https:\/\/www.smpengineeredsolutions.com\/de\/wp-json\/wp\/v2\/pages\/4643"}],"wp:attachment":[{"href":"https:\/\/www.smpengineeredsolutions.com\/de\/wp-json\/wp\/v2\/media?parent=4692"}],"curies":[{"name":"wp","href":"https:\/\/api.w.org\/{rel}","templated":true}]}}